{"id":9173,"date":"2021-06-09T14:30:35","date_gmt":"2021-06-09T12:30:35","guid":{"rendered":"http:\/\/iguanasmoke.com\/?page_id=9173"},"modified":"2024-11-27T14:28:34","modified_gmt":"2024-11-27T13:28:34","slug":"politicas-de-envio-e-devolucao","status":"publish","type":"page","link":"https:\/\/iguanasmoke.com\/pt\/politicas-de-envios-y-devoluciones\/","title":{"rendered":"Pol\u00edticas de envio e devolu\u00e7\u00e3o"},"content":{"rendered":"<div data-elementor-type=\"wp-page\" data-elementor-id=\"9173\" class=\"elementor elementor-9173\" data-elementor-post-type=\"page\">\n\t\t\t\t<div class=\"elementor-element elementor-element-b71d9f5 e-con-full e-flex e-con e-parent\" data-id=\"b71d9f5\" data-element_type=\"container\" data-e-type=\"container\" data-settings=\"{&quot;background_background&quot;:&quot;classic&quot;}\">\n\t\t\t\t<div class=\"elementor-element elementor-element-eea7bfc elementor-widget elementor-widget-spacer\" data-id=\"eea7bfc\" data-element_type=\"widget\" data-e-type=\"widget\" data-widget_type=\"spacer.default\">\n\t\t\t\t<div class=\"elementor-widget-container\">\n\t\t\t\t\t\t\t<div class=\"elementor-spacer\">\n\t\t\t<div class=\"elementor-spacer-inner\"><\/div>\n\t\t<\/div>\n\t\t\t\t\t\t<\/div>\n\t\t\t\t<\/div>\n\t\t\t\t<div class=\"elementor-element elementor-element-efe1096 elementor-widget elementor-widget-heading\" data-id=\"efe1096\" data-element_type=\"widget\" data-e-type=\"widget\" data-widget_type=\"heading.default\">\n\t\t\t\t<div class=\"elementor-widget-container\">\n\t\t\t\t\t<h2 class=\"elementor-heading-title elementor-size-default\">Pol\u00edtica de envio e devolu\u00e7\u00e3o<\/h2>\t\t\t\t<\/div>\n\t\t\t\t<\/div>\n\t\t\t\t<div class=\"elementor-element elementor-element-1132002 elementor-widget elementor-widget-spacer\" data-id=\"1132002\" data-element_type=\"widget\" data-e-type=\"widget\" data-widget_type=\"spacer.default\">\n\t\t\t\t<div class=\"elementor-widget-container\">\n\t\t\t\t\t\t\t<div class=\"elementor-spacer\">\n\t\t\t<div class=\"elementor-spacer-inner\"><\/div>\n\t\t<\/div>\n\t\t\t\t\t\t<\/div>\n\t\t\t\t<\/div>\n\t\t\t\t<\/div>\n\t\t<div class=\"elementor-element elementor-element-3602dee0 e-flex e-con-boxed e-con e-parent\" data-id=\"3602dee0\" data-element_type=\"container\" data-e-type=\"container\">\n\t\t\t\t\t<div class=\"e-con-inner\">\n\t\t\t\t<div class=\"elementor-element elementor-element-51ea11e5 elementor-widget elementor-widget-text-editor\" data-id=\"51ea11e5\" data-element_type=\"widget\" data-e-type=\"widget\" data-widget_type=\"text-editor.default\">\n\t\t\t\t<div class=\"elementor-widget-container\">\n\t\t\t\t\t\t\t\t\t<p><\/p>\n<p style=\"text-align: justify;\"><strong>Condi\u00e7\u00f5es legais de envio e devolu\u00e7\u00e3o<\/strong><\/p>\n<p style=\"text-align: justify;\">As Condi\u00e7\u00f5es Legais de Envio e Anula\u00e7\u00e3o fazem parte das Condi\u00e7\u00f5es Legais de Contrato (doravante as \u00abCondi\u00e7\u00f5es de Venda\u00bb) que regem as transac\u00e7\u00f5es de venda efectuadas na loja online contida no dom\u00ednio iguanasmoke.com (doravante a \u00abLoja Online\u00bb).<\/p>\n<p style=\"text-align: justify;\">A compra de qualquer um dos produtos oferecidos na Loja Online implica a aceita\u00e7\u00e3o, sem reservas de qualquer tipo, como UTILIZADOR-CLIENTE das Condi\u00e7\u00f5es de Utiliza\u00e7\u00e3o e Venda.<\/p>\n<ol style=\"text-align: justify;\">\n<li><strong> M\u00c9TODOS DE ENVIO<\/strong><\/li>\n<\/ol>\n<p style=\"text-align: justify;\">ENTREGA EM CASA, uma vez verificado o pagamento da encomenda, esta ser\u00e1 enviada para o endere\u00e7o postal fornecido pelo UTILIZADOR-CLIENTE. Enviar-lhe-emos notifica\u00e7\u00f5es por correio eletr\u00f3nico para o informar sobre o estado da sua encomenda num prazo n\u00e3o superior a 24 horas.<\/p>\n<p style=\"text-align: justify;\">ENVIO DA ENCOMENDA<\/p>\n<p style=\"text-align: justify;\">As encomendas recebidas antes das 15:00h ser\u00e3o expedidas em menos de 24h , ap\u00f3s esta hora as encomendas s\u00e3o expedidas no prazo de 24h-48h dias \u00fateis ap\u00f3s a rece\u00e7\u00e3o do pagamento, atrav\u00e9s de empresa de transporte privada com o respetivo n\u00famero de rastreio enviado automaticamente para o mesmo correio onde a encomenda foi efectuada.<\/p>\n<p style=\"text-align: justify;\">A encomenda chegar\u00e1 no prazo de 24\/48 horas \u00fateis ap\u00f3s o envio.<\/p>\n<p style=\"text-align: justify;\">Regra geral, a encomenda ser\u00e1 entregue antes das 19:00 horas para todas as encomendas efectuadas na pen\u00ednsula.<\/p>\n<p style=\"text-align: justify;\">Os portes de envio custam 7,50 euros e s\u00e3o gratuitos a partir de 40 euros no carrinho de compras (sem cup\u00e3o de desconto aplicado).<\/p>\n<p>ILHAS BALEARES<\/p>\n<p>A entrega nas Ilhas Baleares custa 18 euros para todas as encomendas e 10,89 euros para encomendas superiores a 40 euros.<\/p>\n<p style=\"text-align: justify;\">ILHAS CAN\u00c1RIAS (48-72h)<\/p>\n<p style=\"text-align: justify;\">De momento, n\u00e3o \u00e9 poss\u00edvel efetuar entregas nas Ilhas Can\u00e1rias.<\/p>\n<p style=\"text-align: justify;\">CEUTA\/MELILLA- (48-72h)<\/p>\n<p style=\"text-align: justify;\">De momento, n\u00e3o \u00e9 poss\u00edvel efetuar entregas em Ceuta\/Melilha.<\/p>\n<ol style=\"text-align: justify;\" start=\"2\">\n<li><strong> CUSTOS DE ENVIO E PRAZOS DE ENTREGA<\/strong><\/li>\n<\/ol>\n<p style=\"text-align: justify;\">O custo da ENTREGA AO DOMIC\u00cdLIO varia em fun\u00e7\u00e3o da localiza\u00e7\u00e3o e do peso, e os montantes e prazos de entrega est\u00e3o estipulados na oferta de venda de cada produto. Para entregas em Espanha continental, o prazo de entrega \u00e9 de 24-48 horas. Para entregas noutros pa\u00edses europeus, o prazo de entrega \u00e9 de 5-7 dias.<\/p>\n<p style=\"text-align: justify;\">Os envios ser\u00e3o efectuados \u00fanica e exclusivamente pelos Correios ou por empresa de transporte privada e ser\u00e1 o UTILIZADOR-CLIENTE a assumir a totalidade dos custos de envio, exceto quando exceder o valor estabelecido para o envio gratuito ou quando existir uma oferta promocional mais favor\u00e1vel para o UTILIZADOR-CLIENTE.<\/p>\n<ol style=\"text-align: justify;\" start=\"3\">\n<li><strong> CANCELAMENTOS<\/strong><\/li>\n<\/ol>\n<p style=\"text-align: justify;\">A IGUANA SMOKE poder\u00e1 aceitar anula\u00e7\u00f5es de qualquer encomenda desde que a encomenda n\u00e3o tenha sido expedida e, dependendo do estado de prepara\u00e7\u00e3o da encomenda, para o fazer, dever\u00e1 comunic\u00e1-lo atrav\u00e9s do seguinte endere\u00e7o de correio eletr\u00f3nico: contacto@iguanasmoke.com<\/p>\n<p style=\"text-align: justify;\">A IGUANA SMOKE pode anular a encomenda se tiver raz\u00f5es para crer que os meios de pagamento ou a finalidade da compra n\u00e3o s\u00e3o v\u00e1lidos ou legais.<\/p>\n<p style=\"text-align: justify;\">Neste caso, a IGUANA SMOKE entrar\u00e1 em contacto com o UTILIZADOR-CLIENTE e propor\u00e1 uma alternativa para resolver a irregularidade detectada.<\/p>\n<p style=\"text-align: justify;\"><strong>Condi\u00e7\u00f5es legais de devolu\u00e7\u00e3o e reembolso<\/strong><\/p>\n<p style=\"text-align: justify;\">As Condi\u00e7\u00f5es Legais de Devolu\u00e7\u00e3o e Reembolso fazem parte das Condi\u00e7\u00f5es Legais do Contrato (doravante as \u00abCondi\u00e7\u00f5es de Venda\u00bb) que regem as transac\u00e7\u00f5es de venda efectuadas na loja online contida no dom\u00ednio iguanasmoke.com (doravante a \u00abLoja Online\u00bb).<\/p>\n<p style=\"text-align: justify;\">A compra de qualquer um dos produtos oferecidos na Loja Online implica a aceita\u00e7\u00e3o, sem reservas de qualquer tipo, como UTILIZADOR-CLIENTE das Condi\u00e7\u00f5es de Utiliza\u00e7\u00e3o e Venda.<\/p>\n<ol style=\"text-align: justify;\">\n<li><strong> RETORNO<\/strong><\/li>\n<\/ol>\n<p style=\"text-align: justify;\">De acordo com a legisla\u00e7\u00e3o em vigor, o UTILIZADOR-CLIENTE tem o direito de devolver qualquer produto no prazo de catorze (14) dias a contar da data de rece\u00e7\u00e3o do produto.<\/p>\n<p style=\"text-align: justify;\">O produto n\u00e3o deve ser utilizado e deve estar em perfeitas condi\u00e7\u00f5es, incluindo os acess\u00f3rios, a documenta\u00e7\u00e3o e a embalagem original, caso contr\u00e1rio os bens ser\u00e3o depreciados.<\/p>\n<p style=\"text-align: justify;\">O UTILIZADOR-CUSTOMER s\u00f3 ser\u00e1 respons\u00e1vel por qualquer diminui\u00e7\u00e3o do valor dos produtos resultante de um manuseamento que n\u00e3o seja o necess\u00e1rio para determinar a natureza, as carater\u00edsticas e o funcionamento dos bens adquiridos.<\/p>\n<p>Em caso algum ser\u00e1 reembolsado qualquer dinheiro relativo a produtos de flores que tenham sido abertos.<\/p>\n<p style=\"text-align: justify;\">O UTILIZADOR-CLIENTE dever\u00e1 comunicar \u00e0 IGUANA SMOKE a sua inten\u00e7\u00e3o de devolver o produto objeto da compra, para tal, dever\u00e1 contactar-nos atrav\u00e9s do e-mail contacto@iguanasmoke.com ou atrav\u00e9s do bot\u00e3o de chat situado na parte inferior direita do ecr\u00e3.<\/p>\n<ol style=\"text-align: justify;\" start=\"2\">\n<li><strong> REEMBOLSO<\/strong><\/li>\n<\/ol>\n<p style=\"text-align: justify;\">O reembolso do montante ser\u00e1 efectuado de acordo com as condi\u00e7\u00f5es estabelecidas no RDL 1\/2007 e atrav\u00e9s do mesmo meio de pagamento utilizado pelo UTILIZADOR-CLIENTE para efetuar a compra.<\/p>\n<p style=\"text-align: justify;\">Para qualquer tipo de devolu\u00e7\u00e3o, a mercadoria ser\u00e1 verificada nas instala\u00e7\u00f5es da IGUANA SMOKE. Uma vez verificado o seu correto estado, o valor ser\u00e1 reembolsado menos os custos de envio, de acordo com o m\u00e9todo de pagamento efectuado pelo UTILIZADOR-CLIENTE num prazo n\u00e3o superior a 14 dias de calend\u00e1rio a partir da rece\u00e7\u00e3o da mercadoria devolvida.<\/p>\n<p style=\"text-align: justify;\">A IGUANA SMOKE suportar\u00e1 os custos diretos da devolu\u00e7\u00e3o em caso de erro de envio ou defeito de fabrico. Para este efeito, a IGUANA SMOKE encarregar-se-\u00e1 do envio e, depois de verificar a validade do erro ou defeito de fabrico do produto, pagar\u00e1 a quantia equivalente aos custos de envio sujeitos \u00e0 devolu\u00e7\u00e3o do produto para a conta do UTILIZADOR-CLIENTE.<\/p>\n<p style=\"text-align: justify;\">No caso de n\u00e3o existir qualquer defeito de fabrico ou erro de expedi\u00e7\u00e3o, o UTILIZADOR-CLIENTE ser\u00e1 respons\u00e1vel pelos custos de envio da troca ou devolu\u00e7\u00e3o da sua encomenda dentro do per\u00edodo de garantia legal de devolu\u00e7\u00e3o de produtos acima referido, de acordo com a regulamenta\u00e7\u00e3o em vigor.<\/p>\t\t\t\t\t\t\t\t<\/div>\n\t\t\t\t<\/div>\n\t\t\t\t\t<\/div>\n\t\t\t\t<\/div>\n\t\t\t\t<\/div>","protected":false},"excerpt":{"rendered":"<p>Pol\u00edtica de env\u00edo y devoluciones Condiciones Legales de Env\u00edos y Devoluciones Las Condiciones Legales de Env\u00edo y Anulaci\u00f3n forman parte de las Condiciones Legales de Contrataci\u00f3n (en adelante, las \u00abCondiciones de Venta\u00bb) que rigen las operaciones de venta realizadas en la tienda en l\u00ednea contenida en el dominio iguanasmoke.com (en adelante, la \u00abTienda Online\u00bb). La [&hellip;]<\/p>\n","protected":false},"author":1,"featured_media":0,"parent":0,"menu_order":0,"comment_status":"closed","ping_status":"closed","template":"","meta":{"_acf_changed":false,"site-sidebar-layout":"no-sidebar","site-content-layout":"plain-container","ast-site-content-layout":"default","site-content-style":"unboxed","site-sidebar-style":"unboxed","ast-global-header-display":"","ast-banner-title-visibility":"","ast-main-header-display":"","ast-hfb-above-header-display":"","ast-hfb-below-header-display":"","ast-hfb-mobile-header-display":"","site-post-title":"disabled","ast-breadcrumbs-content":"","ast-featured-img":"disabled","footer-sml-layout":"","theme-transparent-header-meta":"","adv-header-id-meta":"","stick-header-meta":"","header-above-stick-meta":"","header-main-stick-meta":"","header-below-stick-meta":"","astra-migrate-meta-layouts":"set","ast-page-background-enabled":"default","ast-page-background-meta":{"desktop":{"background-color":"var(--ast-global-color-4)","background-image":"","background-repeat":"repeat","background-position":"center center","background-size":"auto","background-attachment":"scroll","background-type":"","background-media":"","overlay-type":"","overlay-color":"","overlay-opacity":"","overlay-gradient":""},"tablet":{"background-color":"","background-image":"","background-repeat":"repeat","background-position":"center center","background-size":"auto","background-attachment":"scroll","background-type":"","background-media":"","overlay-type":"","overlay-color":"","overlay-opacity":"","overlay-gradient":""},"mobile":{"background-color":"","background-image":"","background-repeat":"repeat","background-position":"center center","background-size":"auto","background-attachment":"scroll","background-type":"","background-media":"","overlay-type":"","overlay-color":"","overlay-opacity":"","overlay-gradient":""}},"ast-content-background-meta":{"desktop":{"background-color":"var(--ast-global-color-5)","background-image":"","background-repeat":"repeat","background-position":"center center","background-size":"auto","background-attachment":"scroll","background-type":"","background-media":"","overlay-type":"","overlay-color":"","overlay-opacity":"","overlay-gradient":""},"tablet":{"background-color":"var(--ast-global-color-5)","background-image":"","background-repeat":"repeat","background-position":"center center","background-size":"auto","background-attachment":"scroll","background-type":"","background-media":"","overlay-type":"","overlay-color":"","overlay-opacity":"","overlay-gradient":""},"mobile":{"background-color":"var(--ast-global-color-5)","background-image":"","background-repeat":"repeat","background-position":"center center","background-size":"auto","background-attachment":"scroll","background-type":"","background-media":"","overlay-type":"","overlay-color":"","overlay-opacity":"","overlay-gradient":""}},"footnotes":""},"class_list":["post-9173","page","type-page","status-publish","hentry"],"acf":[],"yoast_head":"<!-- This site is optimized with the Yoast SEO Premium plugin v27.3 (Yoast SEO v27.3) - https:\/\/yoast.com\/product\/yoast-seo-premium-wordpress\/ -->\n<title>Pol\u00edticas de env\u00edos y devoluciones | Iguana Smoke<\/title>\n<meta name=\"robots\" content=\"index, follow, max-snippet:-1, max-image-preview:large, max-video-preview:-1\" \/>\n<link rel=\"canonical\" href=\"https:\/\/iguanasmoke.com\/pt\/politicas-de-envio-e-devolucao\/\" \/>\n<meta property=\"og:locale\" content=\"pt_PT\" \/>\n<meta property=\"og:type\" content=\"article\" \/>\n<meta property=\"og:title\" content=\"Pol\u00edticas de env\u00edos y devoluciones\" \/>\n<meta property=\"og:description\" content=\"Pol\u00edtica de env\u00edo y devoluciones Condiciones Legales de Env\u00edos y Devoluciones Las Condiciones Legales de Env\u00edo y Anulaci\u00f3n forman parte de las Condiciones\" \/>\n<meta property=\"og:url\" content=\"https:\/\/iguanasmoke.com\/pt\/politicas-de-envio-e-devolucao\/\" \/>\n<meta property=\"og:site_name\" content=\"Iguana Smoke\" \/>\n<meta property=\"article:publisher\" content=\"https:\/\/www.facebook.com\/iguanasmoke\" \/>\n<meta property=\"article:modified_time\" content=\"2024-11-27T13:28:34+00:00\" \/>\n<meta property=\"og:image\" content=\"https:\/\/iguanasmoke.com\/wp-content\/uploads\/2025\/01\/logo-sauron-iguana-1.png\" \/>\n\t<meta property=\"og:image:width\" content=\"600\" \/>\n\t<meta property=\"og:image:height\" content=\"600\" \/>\n\t<meta property=\"og:image:type\" content=\"image\/png\" \/>\n<meta name=\"twitter:card\" content=\"summary_large_image\" \/>\n<meta name=\"twitter:label1\" content=\"Tempo estimado de leitura\" \/>\n\t<meta name=\"twitter:data1\" content=\"5 minutos\" \/>\n<!-- \/ Yoast SEO Premium plugin. -->","yoast_head_json":{"title":"Pol\u00edtica de envio e devolu\u00e7\u00e3o : Iguana Smoke","robots":{"index":"index","follow":"follow","max-snippet":"max-snippet:-1","max-image-preview":"max-image-preview:large","max-video-preview":"max-video-preview:-1"},"canonical":"https:\/\/iguanasmoke.com\/pt\/politicas-de-envio-e-devolucao\/","og_locale":"pt_PT","og_type":"article","og_title":"Pol\u00edticas de env\u00edos y devoluciones","og_description":"Pol\u00edtica de env\u00edo y devoluciones Condiciones Legales de Env\u00edos y Devoluciones Las Condiciones Legales de Env\u00edo y Anulaci\u00f3n forman parte de las Condiciones","og_url":"https:\/\/iguanasmoke.com\/pt\/politicas-de-envio-e-devolucao\/","og_site_name":"Iguana Smoke","article_publisher":"https:\/\/www.facebook.com\/iguanasmoke","article_modified_time":"2024-11-27T13:28:34+00:00","og_image":[{"width":600,"height":600,"url":"https:\/\/iguanasmoke.com\/wp-content\/uploads\/2025\/01\/logo-sauron-iguana-1.png","type":"image\/png"}],"twitter_card":"summary_large_image","twitter_misc":{"Tempo estimado de leitura":"5 minutos"},"schema":{"@context":"https:\/\/schema.org","@graph":[{"@type":"WebPage","@id":"https:\/\/iguanasmoke.com\/politicas-de-envios-y-devoluciones\/","url":"https:\/\/iguanasmoke.com\/politicas-de-envios-y-devoluciones\/","name":"Pol\u00edtica de envio e devolu\u00e7\u00e3o : Iguana Smoke","isPartOf":{"@id":"https:\/\/iguanasmoke.com\/#website"},"datePublished":"2021-06-09T12:30:35+00:00","dateModified":"2024-11-27T13:28:34+00:00","breadcrumb":{"@id":"https:\/\/iguanasmoke.com\/politicas-de-envios-y-devoluciones\/#breadcrumb"},"inLanguage":"pt-PT","potentialAction":[{"@type":"ReadAction","target":["https:\/\/iguanasmoke.com\/politicas-de-envios-y-devoluciones\/"]}]},{"@type":"BreadcrumbList","@id":"https:\/\/iguanasmoke.com\/politicas-de-envios-y-devoluciones\/#breadcrumb","itemListElement":[{"@type":"ListItem","position":1,"name":"home","item":"https:\/\/iguanasmoke.com\/"},{"@type":"ListItem","position":2,"name":"Pol\u00edticas de env\u00edos y devoluciones"}]},{"@type":"WebSite","@id":"https:\/\/iguanasmoke.com\/#website","url":"https:\/\/iguanasmoke.com\/","name":"Fumo de Iguana","description":"Comprar CBD online ao melhor pre\u00e7o","publisher":{"@id":"https:\/\/iguanasmoke.com\/#organization"},"potentialAction":[{"@type":"SearchAction","target":{"@type":"EntryPoint","urlTemplate":"https:\/\/iguanasmoke.com\/?s={search_term_string}"},"query-input":{"@type":"PropertyValueSpecification","valueRequired":true,"valueName":"search_term_string"}}],"inLanguage":"pt-PT"},{"@type":"Organization","@id":"https:\/\/iguanasmoke.com\/#organization","name":"Fumo de Iguana","url":"https:\/\/iguanasmoke.com\/","logo":{"@type":"ImageObject","inLanguage":"pt-PT","@id":"https:\/\/iguanasmoke.com\/#\/schema\/logo\/image\/","url":"https:\/\/iguanasmoke.com\/wp-content\/uploads\/2025\/01\/logoiguana-favi-1.png","contentUrl":"https:\/\/iguanasmoke.com\/wp-content\/uploads\/2025\/01\/logoiguana-favi-1.png","width":512,"height":512,"caption":"Iguana Smoke"},"image":{"@id":"https:\/\/iguanasmoke.com\/#\/schema\/logo\/image\/"},"sameAs":["https:\/\/www.facebook.com\/iguanasmoke","https:\/\/www.instagram.com\/iguanasmoke\/"]}]}},"_links":{"self":[{"href":"https:\/\/iguanasmoke.com\/pt\/wp-json\/wp\/v2\/pages\/9173","targetHints":{"allow":["GET"]}}],"collection":[{"href":"https:\/\/iguanasmoke.com\/pt\/wp-json\/wp\/v2\/pages"}],"about":[{"href":"https:\/\/iguanasmoke.com\/pt\/wp-json\/wp\/v2\/types\/page"}],"author":[{"embeddable":true,"href":"https:\/\/iguanasmoke.com\/pt\/wp-json\/wp\/v2\/users\/1"}],"replies":[{"embeddable":true,"href":"https:\/\/iguanasmoke.com\/pt\/wp-json\/wp\/v2\/comments?post=9173"}],"version-history":[{"count":18,"href":"https:\/\/iguanasmoke.com\/pt\/wp-json\/wp\/v2\/pages\/9173\/revisions"}],"predecessor-version":[{"id":44221,"href":"https:\/\/iguanasmoke.com\/pt\/wp-json\/wp\/v2\/pages\/9173\/revisions\/44221"}],"wp:attachment":[{"href":"https:\/\/iguanasmoke.com\/pt\/wp-json\/wp\/v2\/media?parent=9173"}],"curies":[{"name":"wp","href":"https:\/\/api.w.org\/{rel}","templated":true}]}}