{"id":9619,"date":"2021-08-14T18:27:50","date_gmt":"2021-08-14T16:27:50","guid":{"rendered":"http:\/\/iguanasmoke.com\/?page_id=9619"},"modified":"2021-08-17T15:23:43","modified_gmt":"2021-08-17T13:23:43","slug":"novo","status":"publish","type":"page","link":"https:\/\/iguanasmoke.com\/pt\/nueva\/","title":{"rendered":"Novo"},"content":{"rendered":"<p>[vc_section][vc_row][vc_column][rev_slider slidertitle=&#8221;home2&#8243; alias=&#8221;home2&#8243;][\/vc_column][\/vc_row][\/vc_section][vc_section full_width=&#8221;stretch_row_content&#8221; content_placement=&#8221;middle&#8221;][vc_row equal_height=&#8221;yes&#8221;][vc_column width=&#8221;1\/3&#8243; bg_color_select=&#8221;theme_color&#8221;][vc_single_image image=&#8221;8534&#8243; img_size=&#8221;75&#215;75&#8243; alignment=&#8221;center&#8221; css=&#8221;.vc_custom_1629031144236{margin-top: 25px !important;margin-bottom: -50px !important;}&#8221;][like_sc_header type=&#8221;h5&#8243; subheader=&#8221;&#8221; header=&#8221;Tienda Online&#8221; style=&#8221;default&#8221; color=&#8221;black&#8221; subcolor=&#8221;main&#8221; align=&#8221;center&#8221; size=&#8221;default&#8221; transform=&#8221;default&#8221; sr=&#8221;default&#8221; href=&#8221;&#8221; icon=&#8221;&#8221; image=&#8221;&#8221; icon_bg=&#8221;transparent&#8221; size_px=&#8221;&#8221; use_theme_fonts=&#8221;yes&#8221; google_fonts=&#8221;&#8221; id=&#8221;&#8221; class=&#8221;&#8221; css=&#8221;&#8221;][vc_column_text]<\/p>\n<p style=\"text-align: center;\">Compra todos nuestros productos<br \/>\nde forma r\u00e1pida y segura<\/p>\n<p>[\/vc_column_text][\/vc_column][vc_column width=&#8221;1\/3&#8243; bg_color_select=&#8221;black&#8221;][vc_single_image image=&#8221;8535&#8243; img_size=&#8221;75&#215;75&#8243; alignment=&#8221;center&#8221; css=&#8221;.vc_custom_1629031285055{margin-top: 25px !important;margin-bottom: -50px !important;}&#8221;][like_sc_header type=&#8221;h5&#8243; subheader=&#8221;&#8221; header=&#8221;Tienda Online&#8221; style=&#8221;default&#8221; color=&#8221;main&#8221; subcolor=&#8221;main&#8221; align=&#8221;center&#8221; size=&#8221;default&#8221; transform=&#8221;default&#8221; sr=&#8221;default&#8221; href=&#8221;&#8221; icon=&#8221;&#8221; image=&#8221;&#8221; icon_bg=&#8221;transparent&#8221; size_px=&#8221;&#8221; use_theme_fonts=&#8221;yes&#8221; google_fonts=&#8221;font_family:Abril%20Fatface%3Aregular|font_style:400%20regular%3A400%3Anormal&#8221; id=&#8221;&#8221; class=&#8221;&#8221; css=&#8221;&#8221;][vc_column_text]<\/p>\n<p style=\"text-align: center;\"><span style=\"color: #ffffff;\">Env\u00edo expr\u00e9s<br \/>\nGratuito<br \/>\n<\/span><\/p>\n<p>[\/vc_column_text][\/vc_column][vc_column width=&#8221;1\/3&#8243; bg_color_select=&#8221;theme_color&#8221;][vc_single_image image=&#8221;8534&#8243; img_size=&#8221;75&#215;75&#8243; alignment=&#8221;center&#8221; css=&#8221;.vc_custom_1629031144236{margin-top: 25px !important;margin-bottom: -50px !important;}&#8221;][like_sc_header type=&#8221;h5&#8243; subheader=&#8221;&#8221; header=&#8221;Tienda Online&#8221; style=&#8221;default&#8221; color=&#8221;black&#8221; subcolor=&#8221;main&#8221; align=&#8221;center&#8221; size=&#8221;default&#8221; transform=&#8221;default&#8221; sr=&#8221;default&#8221; href=&#8221;&#8221; icon=&#8221;&#8221; image=&#8221;&#8221; icon_bg=&#8221;transparent&#8221; size_px=&#8221;&#8221; use_theme_fonts=&#8221;yes&#8221; google_fonts=&#8221;&#8221; id=&#8221;&#8221; class=&#8221;&#8221; css=&#8221;&#8221;][vc_column_text]<\/p>\n<p style=\"text-align: center;\">Calidad superior garantizada<br \/>\npor an\u00e1lisis en laboratorios independientes<\/p>\n<p>[\/vc_column_text][\/vc_column][\/vc_row][\/vc_section][vc_section full_width=&#8221;stretch_row&#8221;][vc_row][vc_column][like_sc_header type=&#8221;h2&#8243; subheader=&#8221;&#8221; header=&#8221;Tienda Online&#8221; style=&#8221;default&#8221; color=&#8221;black&#8221; subcolor=&#8221;main&#8221; align=&#8221;center&#8221; size=&#8221;default&#8221; transform=&#8221;default&#8221; sr=&#8221;default&#8221; href=&#8221;&#8221; icon=&#8221;&#8221; image=&#8221;&#8221; icon_bg=&#8221;transparent&#8221; size_px=&#8221;&#8221; use_theme_fonts=&#8221;yes&#8221; google_fonts=&#8221;&#8221; id=&#8221;&#8221; class=&#8221;&#8221; css=&#8221;&#8221;][vc_empty_space][like_sc_products layout=&#8221;simple&#8221; rate=&#8221;visible&#8221; per_slide=&#8221;4&#8243; cols=&#8221;4&#8243; ids=&#8221;&#8221; btn_text=&#8221;read more&#8221; id=&#8221;&#8221; class=&#8221;&#8221; css=&#8221;&#8221;][vc_empty_space][like_sc_button header=&#8221;m\u00e1s productos&#8221; href=&#8221;&#8221; size=&#8221;default&#8221; align=&#8221;center&#8221; color=&#8221;default&#8221; color_hover=&#8221;default&#8221; inline=&#8221;default&#8221; target=&#8221;self&#8221; id=&#8221;&#8221; class=&#8221;&#8221; css=&#8221;&#8221;][vc_empty_space][\/vc_column][\/vc_row][\/vc_section][vc_section][vc_row][vc_column][like_sc_empty_space height_xl=&#8221;64px&#8221; height_lg=&#8221;&#8221; height_md=&#8221;40px&#8221; height_sm=&#8221;&#8221; height_ms=&#8221;32px&#8221; height_xs=&#8221;&#8221; id=&#8221;&#8221; class=&#8221;&#8221; css=&#8221;&#8221;][vc_column_text]<\/p>\n<h4 style=\"text-align: center;\">El cannabidiol, tambi\u00e9n conocido como <span style=\"color: #000000;\"><strong>CBD<\/strong><\/span>, es el principal componente de la planta de cannabis.<br \/>\nSe le atribuyen numerosas aplicaciones en el \u00e1mbito terap\u00e9utico y en el tratamiento de gran cantidad de s\u00edntomas y enfermedades ya que carece de propiedades psicoactivas, no provoca dependencia ni tiene efectos secundarios.<\/h4>\n<p>[\/vc_column_text][like_sc_empty_space height_xl=&#8221;64px&#8221; height_lg=&#8221;&#8221; height_md=&#8221;40px&#8221; height_sm=&#8221;&#8221; height_ms=&#8221;32px&#8221; height_xs=&#8221;&#8221; id=&#8221;&#8221; class=&#8221;&#8221; css=&#8221;&#8221;][like_sc_block_icon type=&#8221;ltx-icon-ht-right&#8221; header_type=&#8221;6&#8243; icon-type=&#8221;circle&#8221; layout=&#8221;layout-cols3&#8243; align=&#8221;left&#8221; icons=&#8221;%5B%7B%22header%22%3A%22Salud%20Cardiovascular%22%2C%22descr%22%3A%22Es%20un%20gran%20aliado%20para%20tu%20coraz%C3%B3n%20ya%20que%20reduce%20la%20presi%C3%B3n%20arterial%20y%20elimina%20la%20inflamaci%C3%B3n.%22%2C%22icon_fontawesome%22%3A%22fas%20fa-heartbeat%22%7D%2C%7B%22header%22%3A%22Salud%20Mental%22%2C%22descr%22%3A%22Es%20neuroprotector%2C%20ansiol%C3%ADtico%20y%20ayuda%20a%20combatir%20la%20ansiedad.%22%2C%22icon_fontawesome%22%3A%22fas%20fa-brain%22%7D%2C%7B%22header%22%3A%22Efecto%20Antiinflamatorio%22%2C%22descr%22%3A%22El%20aceite%20de%20semillas%20de%20c%C3%A1%C3%B1amo%20y%20el%20CBD%20son%20grandes%20aliados%20para%20calmar%20y%20reducir%20todo%20tipo%20de%20dolores%20musculares.%22%2C%22icon_fontawesome%22%3A%22fas%20fa-spa%22%7D%2C%7B%22header%22%3A%22Regulador%20de%20apetito%22%2C%22descr%22%3A%22Act%C3%BAa%20sobre%20el%20sistema%20endocannabinoide%20el%20cual%20ejerce%20una%20importante%20funci%C3%B3n%20en%20la%20regulaci%C3%B3n%20del%20apetito.%20%22%2C%22icon_fontawesome%22%3A%22fas%20fa-user-clock%22%7D%2C%7B%22header%22%3A%22Dormir%20bien%22%2C%22descr%22%3A%22Regula%20tu%20ciclo%20de%20sue%C3%B1o%20con%20productos%20naturales%20y%20sin%20efectos%20secundarios.%22%2C%22icon_fontawesome%22%3A%22fas%20fa-procedures%22%7D%2C%7B%22header%22%3A%22Salud%20para%20tu%20piel%22%2C%22descr%22%3A%22Tiene%20propiedades%20antiinflamatorias%20y%20promueve%20la%20proliferaci%C3%B3n%20celular%20ayudando%20a%20la%20piel%20a%20recuperarse%20de%20gran%20variedad%20de%20trastornos%20dermatol%C3%B3gicos.%5Cn%22%2C%22icon_fontawesome%22%3A%22fas%20fa-allergies%22%7D%5D&#8221; id=&#8221;&#8221; class=&#8221;&#8221; css=&#8221;&#8221;][like_sc_empty_space height_xl=&#8221;64px&#8221; height_lg=&#8221;&#8221; height_md=&#8221;40px&#8221; height_sm=&#8221;&#8221; height_ms=&#8221;32px&#8221; height_xs=&#8221;&#8221; id=&#8221;&#8221; class=&#8221;&#8221; css=&#8221;&#8221;][\/vc_column][\/vc_row][\/vc_section][vc_section][vc_row][vc_column][like_sc_blog layout=&#8221;posts&#8221; columns=&#8221;4&#8243; excerpt_display=&#8221;hidden&#8221; excerpt=&#8221;&#8221; limit=&#8221;4&#8243; ids=&#8221;&#8221; cat=&#8221;317&#8243; id=&#8221;&#8221; class=&#8221;&#8221; css=&#8221;&#8221;][vc_empty_space][\/vc_column][\/vc_row][\/vc_section][vc_section full_width=&#8221;stretch_row_content&#8221; content_placement=&#8221;middle&#8221; bg_color_select=&#8221;gray&#8221;][vc_row][vc_column][vc_empty_space][vc_column_text]<\/p>\n<h3 style=\"text-align: center;\"><strong>\u00bfNecesitas ayuda?<\/strong><\/h3>\n<p style=\"text-align: center;\">Nuestro equipo de atenci\u00f3n al cliente est\u00e1 disponible para resolver todas tus dudas.<\/p>\n<p>[\/vc_column_text][vc_row_inner][vc_column_inner width=&#8221;1\/3&#8243;][vc_column_text]<\/p>\n<p style=\"text-align: center;\"><strong>LL\u00c1MANOS<\/strong><\/p>\n<p style=\"text-align: center;\"><span style=\"color: #000000;\"><strong>+34 665 665 665<\/strong><\/span><br \/>\nDe Lunes a Viernes de 10 a 19hs.<\/p>\n<p>[\/vc_column_text][vc_icon icon_fontawesome=&#8221;fas fa-phone-alt&#8221; color=&#8221;green&#8221; size=&#8221;sm&#8221; align=&#8221;center&#8221;][\/vc_column_inner][vc_column_inner width=&#8221;1\/3&#8243;][vc_column_text]<\/p>\n<p style=\"text-align: center;\"><strong>ESCR\u00cdBENOS<\/strong><\/p>\n<p style=\"text-align: center;\"><span style=\"color: #000000;\"><a style=\"color: #000000;\" href=\"mailto:contacto@iguanasmoke.com\" target=\"_blanck\" rel=\"noopener\"><strong>contacto@iguanasmoke.com<\/strong><\/a><\/span><br \/>\nTe contestaremos a la mayor brevedad posible.<\/p>\n<p>[\/vc_column_text][vc_icon icon_fontawesome=&#8221;far fa-envelope&#8221; color=&#8221;green&#8221; size=&#8221;sm&#8221; align=&#8221;center&#8221;][\/vc_column_inner][vc_column_inner width=&#8221;1\/3&#8243;][vc_column_text]<\/p>\n<p style=\"text-align: center;\"><strong>CHATEA CON NOSOTROS<\/strong><\/p>\n<p style=\"text-align: center;\"><span style=\"color: #000000;\"><a style=\"color: #000000;\" href=\"https:\/\/api.whatsapp.com\/send?phone=+447342197584\"><strong>Abrir chat<\/strong><\/a><\/span><br \/>\nDe Lunes a Viernes de 10 a 19hs.<\/p>\n<p>[\/vc_column_text][vc_icon icon_fontawesome=&#8221;fab fa-whatsapp&#8221; color=&#8221;green&#8221; size=&#8221;sm&#8221; align=&#8221;center&#8221;][\/vc_column_inner][\/vc_row_inner][\/vc_column][\/vc_row][vc_row][vc_column width=&#8221;1\/6&#8243;][\/vc_column][vc_column width=&#8221;2\/3&#8243;][vc_empty_space][vc_row_inner][vc_column_inner width=&#8221;1\/2&#8243;][vc_column_text]<\/p>\n<h3><strong>Suscr\u00edbete a nuestra newsletter<\/strong><\/h3>\n<p><strong>Al suscribirte a nuestra newsletter podr\u00e1s estar al d\u00eda de todas las novedades, promociones y actualizaciones de The Lyf Labs.<\/strong>[\/vc_column_text][\/vc_column_inner][vc_column_inner width=&#8221;1\/2&#8243;][vc_empty_space height=&#8221;10px&#8221;][vc_column_text][mc4wp_form id=&#8221;806&#8243;][\/vc_column_text][\/vc_column_inner][\/vc_row_inner][\/vc_column][vc_column width=&#8221;1\/6&#8243;][\/vc_column][\/vc_row][\/vc_section]<\/p>\n","protected":false},"excerpt":{"rendered":"<p>[vc_section][vc_row][vc_column][rev_slider slidertitle=&#8221;home2&#8243; alias=&#8221;home2&#8243;][\/vc_column][\/vc_row][\/vc_section][vc_section full_width=&#8221;stretch_row_content&#8221; content_placement=&#8221;middle&#8221;][vc_row equal_height=&#8221;yes&#8221;][vc_column width=&#8221;1\/3&#8243; bg_color_select=&#8221;theme_color&#8221;][vc_single_image image=&#8221;8534&#8243; img_size=&#8221;75&#215;75&#8243; alignment=&#8221;center&#8221; css=&#8221;.vc_custom_1629031144236{margin-top: 25px !important;margin-bottom: -50px !important;}&#8221;][like_sc_header type=&#8221;h5&#8243; subheader=&#8221;&#8221; header=&#8221;Tienda Online&#8221; style=&#8221;default&#8221; color=&#8221;black&#8221; subcolor=&#8221;main&#8221; align=&#8221;center&#8221; size=&#8221;default&#8221; transform=&#8221;default&#8221; sr=&#8221;default&#8221; href=&#8221;&#8221; icon=&#8221;&#8221; image=&#8221;&#8221; icon_bg=&#8221;transparent&#8221; size_px=&#8221;&#8221; use_theme_fonts=&#8221;yes&#8221; google_fonts=&#8221;&#8221; id=&#8221;&#8221; class=&#8221;&#8221; css=&#8221;&#8221;][vc_column_text] Compra todos nuestros productos de forma r\u00e1pida y segura [\/vc_column_text][\/vc_column][vc_column width=&#8221;1\/3&#8243; bg_color_select=&#8221;black&#8221;][vc_single_image image=&#8221;8535&#8243; img_size=&#8221;75&#215;75&#8243; alignment=&#8221;center&#8221; css=&#8221;.vc_custom_1629031285055{margin-top: 25px !important;margin-bottom: [&hellip;]<\/p>\n","protected":false},"author":1,"featured_media":0,"parent":0,"menu_order":0,"comment_status":"closed","ping_status":"closed","template":"page-templates\/full-width.php","meta":{"_acf_changed":false,"site-sidebar-layout":"default","site-content-layout":"","ast-site-content-layout":"default","site-content-style":"default","site-sidebar-style":"default","ast-global-header-display":"","ast-banner-title-visibility":"","ast-main-header-display":"","ast-hfb-above-header-display":"","ast-hfb-below-header-display":"","ast-hfb-mobile-header-display":"","site-post-title":"","ast-breadcrumbs-content":"","ast-featured-img":"","footer-sml-layout":"","theme-transparent-header-meta":"","adv-header-id-meta":"","stick-header-meta":"","header-above-stick-meta":"","header-main-stick-meta":"","header-below-stick-meta":"","astra-migrate-meta-layouts":"default","ast-page-background-enabled":"default","ast-page-background-meta":{"desktop":{"background-color":"var(--ast-global-color-4)","background-image":"","background-repeat":"repeat","background-position":"center center","background-size":"auto","background-attachment":"scroll","background-type":"","background-media":"","overlay-type":"","overlay-color":"","overlay-opacity":"","overlay-gradient":""},"tablet":{"background-color":"","background-image":"","background-repeat":"repeat","background-position":"center center","background-size":"auto","background-attachment":"scroll","background-type":"","background-media":"","overlay-type":"","overlay-color":"","overlay-opacity":"","overlay-gradient":""},"mobile":{"background-color":"","background-image":"","background-repeat":"repeat","background-position":"center center","background-size":"auto","background-attachment":"scroll","background-type":"","background-media":"","overlay-type":"","overlay-color":"","overlay-opacity":"","overlay-gradient":""}},"ast-content-background-meta":{"desktop":{"background-color":"var(--ast-global-color-5)","background-image":"","background-repeat":"repeat","background-position":"center center","background-size":"auto","background-attachment":"scroll","background-type":"","background-media":"","overlay-type":"","overlay-color":"","overlay-opacity":"","overlay-gradient":""},"tablet":{"background-color":"var(--ast-global-color-5)","background-image":"","background-repeat":"repeat","background-position":"center center","background-size":"auto","background-attachment":"scroll","background-type":"","background-media":"","overlay-type":"","overlay-color":"","overlay-opacity":"","overlay-gradient":""},"mobile":{"background-color":"var(--ast-global-color-5)","background-image":"","background-repeat":"repeat","background-position":"center center","background-size":"auto","background-attachment":"scroll","background-type":"","background-media":"","overlay-type":"","overlay-color":"","overlay-opacity":"","overlay-gradient":""}},"footnotes":""},"class_list":["post-9619","page","type-page","status-publish","hentry"],"acf":[],"yoast_head":"<!-- This site is optimized with the Yoast SEO Premium plugin v27.3 (Yoast SEO v27.3) - https:\/\/yoast.com\/product\/yoast-seo-premium-wordpress\/ -->\n<title>Nueva | Iguana Smoke<\/title>\n<meta name=\"robots\" content=\"index, follow, max-snippet:-1, max-image-preview:large, max-video-preview:-1\" \/>\n<link rel=\"canonical\" href=\"https:\/\/iguanasmoke.com\/pt\/novo\/\" \/>\n<meta property=\"og:locale\" content=\"pt_PT\" \/>\n<meta property=\"og:type\" content=\"article\" \/>\n<meta property=\"og:title\" content=\"Nueva\" \/>\n<meta property=\"og:description\" content=\"Compra todos nuestros productos de forma r\u00e1pida y segura Env\u00edo expr\u00e9s Gratuito Calidad superior garantizada por an\u00e1lisis en laboratorios independientes El\" \/>\n<meta property=\"og:url\" content=\"https:\/\/iguanasmoke.com\/pt\/novo\/\" \/>\n<meta property=\"og:site_name\" content=\"Iguana Smoke\" \/>\n<meta property=\"article:publisher\" content=\"https:\/\/www.facebook.com\/iguanasmoke\" \/>\n<meta property=\"article:modified_time\" content=\"2021-08-17T13:23:43+00:00\" \/>\n<meta property=\"og:image\" content=\"https:\/\/iguanasmoke.com\/wp-content\/uploads\/2025\/01\/logo-sauron-iguana-1.png\" \/>\n\t<meta property=\"og:image:width\" content=\"600\" \/>\n\t<meta property=\"og:image:height\" content=\"600\" \/>\n\t<meta property=\"og:image:type\" content=\"image\/png\" \/>\n<meta name=\"twitter:card\" content=\"summary_large_image\" \/>\n<meta name=\"twitter:label1\" content=\"Tempo estimado de leitura\" \/>\n\t<meta name=\"twitter:data1\" content=\"2 minutos\" \/>\n<!-- \/ Yoast SEO Premium plugin. -->","yoast_head_json":{"title":"Novo | Fumo de Iguana","robots":{"index":"index","follow":"follow","max-snippet":"max-snippet:-1","max-image-preview":"max-image-preview:large","max-video-preview":"max-video-preview:-1"},"canonical":"https:\/\/iguanasmoke.com\/pt\/novo\/","og_locale":"pt_PT","og_type":"article","og_title":"Nueva","og_description":"Compra todos nuestros productos de forma r\u00e1pida y segura Env\u00edo expr\u00e9s Gratuito Calidad superior garantizada por an\u00e1lisis en laboratorios independientes El","og_url":"https:\/\/iguanasmoke.com\/pt\/novo\/","og_site_name":"Iguana Smoke","article_publisher":"https:\/\/www.facebook.com\/iguanasmoke","article_modified_time":"2021-08-17T13:23:43+00:00","og_image":[{"width":600,"height":600,"url":"https:\/\/iguanasmoke.com\/wp-content\/uploads\/2025\/01\/logo-sauron-iguana-1.png","type":"image\/png"}],"twitter_card":"summary_large_image","twitter_misc":{"Tempo estimado de leitura":"2 minutos"},"schema":{"@context":"https:\/\/schema.org","@graph":[{"@type":"WebPage","@id":"https:\/\/iguanasmoke.com\/pt\/novo\/","url":"https:\/\/iguanasmoke.com\/pt\/novo\/","name":"Novo | Fumo de Iguana","isPartOf":{"@id":"https:\/\/iguanasmoke.com\/#website"},"datePublished":"2021-08-14T16:27:50+00:00","dateModified":"2021-08-17T13:23:43+00:00","breadcrumb":{"@id":"https:\/\/iguanasmoke.com\/pt\/novo\/#breadcrumb"},"inLanguage":"pt-PT","potentialAction":[{"@type":"ReadAction","target":["https:\/\/iguanasmoke.com\/pt\/novo\/"]}]},{"@type":"BreadcrumbList","@id":"https:\/\/iguanasmoke.com\/pt\/novo\/#breadcrumb","itemListElement":[{"@type":"ListItem","position":1,"name":"home","item":"https:\/\/iguanasmoke.com\/"},{"@type":"ListItem","position":2,"name":"Nueva"}]},{"@type":"WebSite","@id":"https:\/\/iguanasmoke.com\/#website","url":"https:\/\/iguanasmoke.com\/","name":"Fumo de Iguana","description":"Comprar CBD online ao melhor pre\u00e7o","publisher":{"@id":"https:\/\/iguanasmoke.com\/#organization"},"potentialAction":[{"@type":"SearchAction","target":{"@type":"EntryPoint","urlTemplate":"https:\/\/iguanasmoke.com\/?s={search_term_string}"},"query-input":{"@type":"PropertyValueSpecification","valueRequired":true,"valueName":"search_term_string"}}],"inLanguage":"pt-PT"},{"@type":"Organization","@id":"https:\/\/iguanasmoke.com\/#organization","name":"Fumo de Iguana","url":"https:\/\/iguanasmoke.com\/","logo":{"@type":"ImageObject","inLanguage":"pt-PT","@id":"https:\/\/iguanasmoke.com\/#\/schema\/logo\/image\/","url":"https:\/\/iguanasmoke.com\/wp-content\/uploads\/2025\/01\/logoiguana-favi-1.png","contentUrl":"https:\/\/iguanasmoke.com\/wp-content\/uploads\/2025\/01\/logoiguana-favi-1.png","width":512,"height":512,"caption":"Iguana Smoke"},"image":{"@id":"https:\/\/iguanasmoke.com\/#\/schema\/logo\/image\/"},"sameAs":["https:\/\/www.facebook.com\/iguanasmoke","https:\/\/www.instagram.com\/iguanasmoke\/"]}]}},"_links":{"self":[{"href":"https:\/\/iguanasmoke.com\/pt\/wp-json\/wp\/v2\/pages\/9619","targetHints":{"allow":["GET"]}}],"collection":[{"href":"https:\/\/iguanasmoke.com\/pt\/wp-json\/wp\/v2\/pages"}],"about":[{"href":"https:\/\/iguanasmoke.com\/pt\/wp-json\/wp\/v2\/types\/page"}],"author":[{"embeddable":true,"href":"https:\/\/iguanasmoke.com\/pt\/wp-json\/wp\/v2\/users\/1"}],"replies":[{"embeddable":true,"href":"https:\/\/iguanasmoke.com\/pt\/wp-json\/wp\/v2\/comments?post=9619"}],"version-history":[{"count":40,"href":"https:\/\/iguanasmoke.com\/pt\/wp-json\/wp\/v2\/pages\/9619\/revisions"}],"predecessor-version":[{"id":9752,"href":"https:\/\/iguanasmoke.com\/pt\/wp-json\/wp\/v2\/pages\/9619\/revisions\/9752"}],"wp:attachment":[{"href":"https:\/\/iguanasmoke.com\/pt\/wp-json\/wp\/v2\/media?parent=9619"}],"curies":[{"name":"wp","href":"https:\/\/api.w.org\/{rel}","templated":true}]}}