{"id":9624,"date":"2021-08-14T18:47:40","date_gmt":"2021-08-14T16:47:40","guid":{"rendered":"http:\/\/iguanasmoke.com\/terminos-y-condiciones-2\/"},"modified":"2021-08-14T18:47:40","modified_gmt":"2021-08-14T16:47:40","slug":"termos-e-condicoes-2","status":"publish","type":"page","link":"https:\/\/iguanasmoke.com\/pt\/terminos-y-condiciones-2\/","title":{"rendered":"Termos e condi\u00e7\u00f5es"},"content":{"rendered":"<!-- This legal document was generated by Complianz Terms &amp; Conditions https:\/\/wordpress.org\/plugins\/complianz-terms-conditions -->\n<div id=\"cmplz-document\" class=\"cmplz-document cmplz-terms-conditions\"><p><i>Os Termos e Condi\u00e7\u00f5es foram actualizados pela \u00faltima vez em 18\/09\/2022<\/i><\/p><h2>1. introdu\u00e7\u00e3o<\/h2><p>Os presentes Termos e Condi\u00e7\u00f5es aplicam-se a este s\u00edtio e \u00e0s transac\u00e7\u00f5es relacionadas com os nossos produtos e servi\u00e7os. O utilizador pode estar sujeito a acordos adicionais relacionados com as suas rela\u00e7\u00f5es connosco ou com quaisquer produtos ou servi\u00e7os que receba da nossa parte. Se qualquer disposi\u00e7\u00e3o dos acordos adicionais entrar em conflito com qualquer disposi\u00e7\u00e3o dos presentes Termos, as disposi\u00e7\u00f5es desses acordos adicionais prevalecer\u00e3o.<\/p><h2>2. Obriga\u00e7\u00f5es<\/h2><p>Ao registar-se, aceder ou utilizar este s\u00edtio, o utilizador concorda em respeitar os Termos e Condi\u00e7\u00f5es abaixo definidos. A simples utiliza\u00e7\u00e3o deste s\u00edtio implica o conhecimento e a aceita\u00e7\u00e3o dos presentes Termos e Condi\u00e7\u00f5es. Nalguns casos espec\u00edficos, podemos tamb\u00e9m pedir-lhe que aceite explicitamente.<\/p><h2>3. Comunica\u00e7\u00e3o eletr\u00f3nica<\/h2><p>Ao utilizar este s\u00edtio ou ao comunicar connosco por via eletr\u00f3nica, o utilizador concorda e reconhece que podemos comunicar consigo por via eletr\u00f3nica no nosso s\u00edtio ou atrav\u00e9s do envio de uma mensagem de correio eletr\u00f3nico e concorda que todos os acordos, avisos, divulga\u00e7\u00f5es e outras comunica\u00e7\u00f5es que lhe fornecemos por via eletr\u00f3nica satisfazem qualquer requisito legal, incluindo, entre outros, o requisito de que essas comunica\u00e7\u00f5es sejam feitas por escrito.<\/p><h2>4. Propriedade intelectual<\/h2><p>N\u00f3s ou os nossos licenciantes detemos e controlamos todos os direitos de autor e outros direitos de propriedade intelectual do s\u00edtio e dos dados, informa\u00e7\u00f5es e outros recursos apresentados ou acess\u00edveis atrav\u00e9s do s\u00edtio.<\/p><p class=\"cmplz-subtitle\">4.1 Todos os direitos reservados.<\/p><p>Exceto se o conte\u00fado espec\u00edfico determinar o contr\u00e1rio, o utilizador n\u00e3o recebe uma licen\u00e7a ou quaisquer outros direitos ao abrigo de direitos de autor, marcas comerciais, patentes ou outros direitos de propriedade intelectual. Isto significa que n\u00e3o utilizar\u00e1, copiar\u00e1, reproduzir\u00e1, executar\u00e1, exibir\u00e1, distribuir\u00e1, incorporar\u00e1 em qualquer meio eletr\u00f3nico, alterar\u00e1, far\u00e1 engenharia inversa, descompilar\u00e1, transferir\u00e1, descarregar\u00e1, transmitir\u00e1, rentabilizar\u00e1, vender\u00e1, trocar ou comercializar quaisquer recursos deste s\u00edtio sob qualquer forma, sem a nossa autoriza\u00e7\u00e3o pr\u00e9via por escrito, exceto e apenas na medida em que tal esteja estipulado em regulamentos legais obrigat\u00f3rios (como o direito de cita\u00e7\u00e3o).<\/p><h2>5. Boletim informativo<\/h2><p>N\u00e3o obstante o acima exposto, o utilizador pode reenviar a nossa newsletter em formato eletr\u00f3nico a outras pessoas que estejam interessadas em visitar o nosso s\u00edtio.<\/p><h2>6. Propriedade de terceiros<\/h2><p>O nosso s\u00edtio pode incluir hiperliga\u00e7\u00f5es ou outras refer\u00eancias a s\u00edtios de terceiros. N\u00e3o controlamos nem revemos o conte\u00fado dos s\u00edtios de terceiros que est\u00e3o ligados a este s\u00edtio. Os produtos ou servi\u00e7os oferecidos por outros s\u00edtios estar\u00e3o sujeitos aos Termos e Condi\u00e7\u00f5es aplic\u00e1veis desses terceiros. As opini\u00f5es expressas ou o material que aparece nesses s\u00edtios n\u00e3o s\u00e3o necessariamente partilhados ou aprovados por n\u00f3s.<\/p><p>N\u00e3o somos respons\u00e1veis por quaisquer pr\u00e1ticas de privacidade ou conte\u00fado desses s\u00edtios. O utilizador assume todos os riscos associados \u00e0 utiliza\u00e7\u00e3o destes s\u00edtios e de quaisquer servi\u00e7os de terceiros relacionados. N\u00e3o aceitaremos qualquer responsabilidade ou obriga\u00e7\u00e3o por qualquer perda ou dano, de qualquer forma causado pelo utilizador, resultante da divulga\u00e7\u00e3o de informa\u00e7\u00f5es pessoais a terceiros.<\/p><h2>7. Utiliza\u00e7\u00e3o respons\u00e1vel<\/h2><p>Ao visitar o nosso s\u00edtio, o utilizador concorda em utiliz\u00e1-lo apenas para os fins previstos e permitidos pelas presentes Condi\u00e7\u00f5es, por quaisquer acordos adicionais celebrados connosco e pelas leis, regulamentos e pr\u00e1ticas online normalmente aceites e pelas diretrizes do sector. O utilizador n\u00e3o pode utilizar o nosso s\u00edtio ou os nossos servi\u00e7os para utilizar, publicar ou distribuir qualquer material que consista em (ou esteja ligado a) software inform\u00e1tico malicioso; utilizar os dados recolhidos no nosso s\u00edtio para qualquer atividade de marketing direto; ou realizar quaisquer actividades sistem\u00e1ticas ou automatizadas de recolha de dados no nosso s\u00edtio ou em liga\u00e7\u00e3o com o mesmo.<\/p><p>\u00c9 estritamente proibido o envolvimento em qualquer atividade que cause ou possa causar danos ao s\u00edtio ou que interfira com o desempenho, a disponibilidade ou a acessibilidade do s\u00edtio.<\/p><h2>8. Cadastro<\/h2><p>Pode registar-se para obter uma conta no nosso s\u00edtio. Durante este processo, poder\u00e1 ter de escolher uma palavra-passe. O utilizador \u00e9 respons\u00e1vel por manter a confidencialidade das palavras-passe e das informa\u00e7\u00f5es da conta e concorda em n\u00e3o partilhar as suas palavras-passe, informa\u00e7\u00f5es da conta ou acesso seguro ao nosso s\u00edtio ou servi\u00e7os com qualquer outra pessoa. O utilizador n\u00e3o deve permitir que qualquer outra pessoa utilize a sua conta para aceder ao site, uma vez que \u00e9 respons\u00e1vel por todas as actividades que ocorram atrav\u00e9s da utiliza\u00e7\u00e3o das suas palavras-passe ou contas. O utilizador deve notificar-nos imediatamente se tiver conhecimento de qualquer divulga\u00e7\u00e3o da sua palavra-passe.<\/p><p>Depois de encerrar a conta, o utilizador n\u00e3o pode tentar registar uma nova conta sem a nossa autoriza\u00e7\u00e3o.<\/p><h2>9. Apresenta\u00e7\u00e3o de ideias<\/h2><p>N\u00e3o envie ideias, inven\u00e7\u00f5es, trabalhos de autoria ou outras informa\u00e7\u00f5es que possam ser consideradas propriedade intelectual sua e que gostaria de nos enviar, exceto se tivermos celebrado um acordo de propriedade intelectual ou de n\u00e3o divulga\u00e7\u00e3o. Se nos divulgar na aus\u00eancia de tal acordo escrito, concede-nos uma licen\u00e7a mundial, irrevog\u00e1vel, n\u00e3o exclusiva, isenta de royalties e n\u00e3o exclusiva para utilizar, reproduzir, armazenar, adaptar, publicar, traduzir e distribuir o seu conte\u00fado em qualquer suporte existente ou futuro.<\/p><h2>10. Cessa\u00e7\u00e3o da utiliza\u00e7\u00e3o<\/h2><p>Podemos, de acordo com o nosso crit\u00e9rio exclusivo, modificar ou descontinuar em qualquer altura o acesso, tempor\u00e1rio ou permanente, ao s\u00edtio ou a qualquer Servi\u00e7o nele contido. O utilizador concorda que n\u00e3o seremos respons\u00e1veis perante o utilizador ou qualquer terceiro por qualquer modifica\u00e7\u00e3o, suspens\u00e3o ou interrup\u00e7\u00e3o do seu acesso ou utiliza\u00e7\u00e3o do s\u00edtio ou de qualquer conte\u00fado que possa ter partilhado no s\u00edtio. O utilizador n\u00e3o ter\u00e1 direito a qualquer compensa\u00e7\u00e3o ou outro pagamento, mesmo que determinados recursos, defini\u00e7\u00f5es e\/ou qualquer Conte\u00fado para o qual tenha contribu\u00eddo ou no qual tenha confiado se percam permanentemente. O utilizador n\u00e3o deve contornar ou contornar, ou tentar contornar ou contornar, quaisquer medidas de restri\u00e7\u00e3o de acesso no nosso s\u00edtio.<\/p><h2>11. Garantias e responsabilidade<\/h2><p>Nada na presente sec\u00e7\u00e3o limita ou exclui qualquer garantia impl\u00edcita por lei que seria ilegal limitar ou excluir. Este s\u00edtio e todo o seu conte\u00fado s\u00e3o fornecidos \u201ctal como est\u00e3o\u201d e \u201cconforme dispon\u00edveis\u201d e podem incluir imprecis\u00f5es ou erros tipogr\u00e1ficos. Renunciamos expressamente a todas as garantias de qualquer tipo, expressas ou impl\u00edcitas, quanto \u00e0 disponibilidade, exatid\u00e3o ou integridade do Conte\u00fado. N\u00e3o garantimos que:<\/p><p><ul>\n\t\t\t\t<li>este s\u00edtio ou os nossos produtos ou servi\u00e7os ir\u00e3o satisfazer as suas necessidades;<\/li>\n\t\t\t\t<li>este s\u00edtio estar\u00e1 dispon\u00edvel de forma ininterrupta, atempada, segura ou isenta de erros;<\/li>\n\t\t\t\t<li>a qualidade de qualquer produto ou servi\u00e7o comprado ou obtido pelo utilizador atrav\u00e9s deste s\u00edtio corresponder\u00e1 \u00e0s suas expectativas.<\/li>\n\t\t\t<\/ul><\/p><p>Nada neste s\u00edtio constitui, ou pretende constituir, aconselhamento jur\u00eddico, financeiro ou m\u00e9dico de qualquer tipo. Se necessitar de aconselhamento, deve consultar um profissional adequado.<\/p><p>As disposi\u00e7\u00f5es seguintes da presente sec\u00e7\u00e3o aplicam-se na medida m\u00e1xima permitida pela legisla\u00e7\u00e3o aplic\u00e1vel e n\u00e3o limitam nem excluem a nossa responsabilidade relativamente a qualquer quest\u00e3o que seja il\u00edcita ou ilegal limitar ou excluir da nossa responsabilidade. Em caso algum seremos respons\u00e1veis por quaisquer danos diretos ou indirectos (incluindo quaisquer danos por perda de lucros ou receitas, perda ou corrup\u00e7\u00e3o de dados, software ou base de dados, ou perda ou dano de propriedade ou dados) incorridos pelo utilizador ou por terceiros em resultado do seu acesso ou utiliza\u00e7\u00e3o do nosso s\u00edtio.<\/p><p>Exceto na medida em que qualquer contrato adicional estabele\u00e7a expressamente o contr\u00e1rio, a nossa responsabilidade m\u00e1xima perante o utilizador por todos os danos resultantes de ou relacionados com o s\u00edtio ou quaisquer produtos e servi\u00e7os comercializados ou vendidos atrav\u00e9s do s\u00edtio, independentemente da forma de a\u00e7\u00e3o legal que imponha a responsabilidade (seja em contrato, equidade, neglig\u00eancia, m\u00e1 conduta intencional, delito ou outro) ser\u00e1 limitada ao pre\u00e7o total que nos pagou para adquirir tais produtos ou servi\u00e7os ou para utilizar o site. Este limite aplicar-se-\u00e1, de forma agregada, a todas as suas reclama\u00e7\u00f5es, ac\u00e7\u00f5es e causas de a\u00e7\u00e3o de qualquer tipo e natureza.<\/p><h2>12. Privacidade<\/h2><p>Para aceder ao nosso s\u00edtio e\/ou servi\u00e7os, o utilizador poder\u00e1 ter de fornecer algumas informa\u00e7\u00f5es sobre si pr\u00f3prio como parte do processo de registo. O utilizador concorda que todas as informa\u00e7\u00f5es fornecidas ser\u00e3o sempre precisas, corretas e actualizadas.<\/p><p>Mantemos os seus dados pessoais seguros e estamos empenhados em proteger a sua privacidade. N\u00e3o utilizaremos o seu endere\u00e7o de correio eletr\u00f3nico para correspond\u00eancia n\u00e3o solicitada. Todas as mensagens de correio eletr\u00f3nico que lhe enviarmos estar\u00e3o apenas relacionadas com o fornecimento dos produtos ou servi\u00e7os acordados.<\/p><p>Desenvolvemos uma pol\u00edtica para abordar quaisquer preocupa\u00e7\u00f5es de privacidade que possa ter. Para mais informa\u00e7\u00f5es, consulte o nosso <a href=\"http:\/\/iguanasmoke.com\/pt\/politica-de-privacidad\/\">Declara\u00e7\u00e3o de Privacidade<\/a> e a nossa <a href=\"http:\/\/iguanasmoke.com\/pt\/politica-comunitaria-de-cookies\/\">Pol\u00edtica de Cookies<\/a>.<\/p><h2>13. Restri\u00e7\u00f5es de exporta\u00e7\u00e3o \/ Conformidade legal<\/h2><p>\u00c9 proibido o acesso ao s\u00edtio a partir de territ\u00f3rios ou pa\u00edses onde o Conte\u00fado ou a compra de produtos ou Servi\u00e7os vendidos no s\u00edtio sejam ilegais. O utilizador n\u00e3o pode utilizar este s\u00edtio em viola\u00e7\u00e3o das leis e regulamentos de exporta\u00e7\u00e3o espanh\u00f3is.<\/p><h2>14. Marketing de afiliados<\/h2><p>Atrav\u00e9s deste s\u00edtio, podemos participar em ac\u00e7\u00f5es de marketing de afiliados, atrav\u00e9s das quais recebemos uma percentagem ou comiss\u00e3o pela venda de servi\u00e7os ou produtos neste s\u00edtio ou atrav\u00e9s dele. Podemos tamb\u00e9m aceitar patroc\u00ednios ou outras formas de compensa\u00e7\u00e3o publicit\u00e1ria de empresas. Esta divulga\u00e7\u00e3o tem como objetivo cumprir os requisitos legais relativos ao marketing e \u00e0 publicidade que possam ser aplic\u00e1veis, tais como os Regulamentos da Comiss\u00e3o Federal de Com\u00e9rcio dos EUA.<\/p><h2>15. Cess\u00e3o<\/h2><p>O utilizador n\u00e3o pode ceder, transferir ou subcontratar quaisquer dos seus direitos e\/ou obriga\u00e7\u00f5es ao abrigo dos presentes Termos e Condi\u00e7\u00f5es, no todo ou em parte, a terceiros sem o nosso consentimento pr\u00e9vio por escrito. Qualquer alegada cess\u00e3o em viola\u00e7\u00e3o da presente sec\u00e7\u00e3o ser\u00e1 nula e sem efeito.<\/p><h2>16. Viola\u00e7\u00f5es dos presentes Termos e Condi\u00e7\u00f5es<\/h2><p>Sem preju\u00edzo dos nossos outros direitos ao abrigo dos presentes Termos e Condi\u00e7\u00f5es, se o utilizador violar os presentes Termos e Condi\u00e7\u00f5es de alguma forma, poderemos tomar as medidas que considerarmos adequadas para lidar com a viola\u00e7\u00e3o, incluindo a suspens\u00e3o tempor\u00e1ria ou permanente do acesso do utilizador ao s\u00edtio, contactando o seu fornecedor de servi\u00e7os de Internet para solicitar o bloqueio do seu acesso ao s\u00edtio e\/ou iniciar uma a\u00e7\u00e3o judicial contra o utilizador.<\/p><h2>17. For\u00e7a maior<\/h2><p>Exceto no que se refere \u00e0s obriga\u00e7\u00f5es de pagamento nos termos do presente instrumento, nenhum atraso, falha ou omiss\u00e3o de qualquer das partes no cumprimento ou observ\u00e2ncia de qualquer das suas obriga\u00e7\u00f5es nos termos do presente instrumento ser\u00e1 considerado uma viola\u00e7\u00e3o dos presentes Termos e Condi\u00e7\u00f5es se e na medida em que tal atraso, falha ou omiss\u00e3o resultar de qualquer causa fora do controlo razo\u00e1vel dessa parte.<\/p><h2>18. Indeniza\u00e7\u00e3o<\/h2><p>O utilizador concorda em indemnizar, defender e isentar-nos de todas e quaisquer reclama\u00e7\u00f5es, responsabilidades, danos, perdas e despesas relacionadas com a viola\u00e7\u00e3o dos presentes Termos e Condi\u00e7\u00f5es e da legisla\u00e7\u00e3o aplic\u00e1vel, incluindo direitos de propriedade intelectual e direitos de privacidade. O utilizador reembolsar-nos-\u00e1 prontamente pelos nossos danos, perdas, custos e despesas relacionados com ou resultantes de tais reclama\u00e7\u00f5es.<\/p><h2>19. Cancelamento<\/h2><p>O incumprimento de qualquer das disposi\u00e7\u00f5es estabelecidas nas presentes Condi\u00e7\u00f5es Gerais e em qualquer Contrato, ou o n\u00e3o exerc\u00edcio de qualquer op\u00e7\u00e3o de rescis\u00e3o, n\u00e3o deve ser interpretado como uma ren\u00fancia a essas disposi\u00e7\u00f5es e n\u00e3o afecta a validade das presentes Condi\u00e7\u00f5es Gerais ou de qualquer Contrato ou qualquer parte do mesmo ou qualquer direito subsequente de fazer cumprir todas as disposi\u00e7\u00f5es.<\/p><h2>20. l\u00edngua<\/h2><p>As presentes Condi\u00e7\u00f5es Gerais ser\u00e3o interpretadas e interpretadas exclusivamente em castelhano. Todas as notifica\u00e7\u00f5es e correspond\u00eancia devem ser dirigidas exclusivamente nesta l\u00edngua.<\/p><h2>21. Compreens\u00e3o global<\/h2><p>Estes Termos e Condi\u00e7\u00f5es, juntamente com a nossa <a href=\"http:\/\/iguanasmoke.com\/pt\/politica-de-privacidad\/\">Declara\u00e7\u00e3o de privacidade<\/a> e <a href=\"http:\/\/iguanasmoke.com\/pt\/politica-comunitaria-de-cookies\/\">Pol\u00edtica de cookies<\/a>, constituem o acordo integral entre si e a Iguana Smoke no que diz respeito \u00e0 sua utiliza\u00e7\u00e3o deste website.<\/p><h2>22. Atualiza\u00e7\u00e3o dos presentes Termos e Condi\u00e7\u00f5es<\/h2><p>Poderemos atualizar periodicamente os presentes Termos e Condi\u00e7\u00f5es. A data indicada no in\u00edcio dos presentes Termos e Condi\u00e7\u00f5es \u00e9 a data da revis\u00e3o mais recente. Enviar-lhe-emos um aviso por escrito de quaisquer altera\u00e7\u00f5es ou actualiza\u00e7\u00f5es e os Termos e Condi\u00e7\u00f5es revistos entrar\u00e3o em vigor na data em que enviarmos esse aviso. A utiliza\u00e7\u00e3o continuada deste s\u00edtio ap\u00f3s a publica\u00e7\u00e3o de tais altera\u00e7\u00f5es ou actualiza\u00e7\u00f5es ser\u00e1 considerada uma notifica\u00e7\u00e3o do seu acordo em cumprir e ficar vinculado a estes Termos e Condi\u00e7\u00f5es. Para solicitar uma vers\u00e3o anterior dos presentes Termos e Condi\u00e7\u00f5es, contacte-nos.<\/p><h2>23. Legisla\u00e7\u00e3o aplic\u00e1vel e jurisdi\u00e7\u00e3o<\/h2><p>As presentes Condi\u00e7\u00f5es Gerais s\u00e3o regidas pela legisla\u00e7\u00e3o espanhola. Quaisquer lit\u00edgios relacionados com as presentes Condi\u00e7\u00f5es Gerais est\u00e3o sujeitos \u00e0 jurisdi\u00e7\u00e3o dos tribunais de Espanha. Se qualquer parte ou disposi\u00e7\u00e3o dos presentes Termos e Condi\u00e7\u00f5es for considerada por qualquer tribunal ou outra autoridade como inv\u00e1lida e\/ou inaplic\u00e1vel ao abrigo da legisla\u00e7\u00e3o aplic\u00e1vel, essa parte ou disposi\u00e7\u00e3o ser\u00e1 modificada, exclu\u00edda e\/ou aplicada na medida m\u00e1xima permitida, de modo a dar efeito \u00e0 inten\u00e7\u00e3o dos presentes Termos e Condi\u00e7\u00f5es. As restantes disposi\u00e7\u00f5es n\u00e3o ser\u00e3o afectadas.<\/p><h2>24. informa\u00e7\u00f5es de contacto<\/h2><p>Este s\u00edtio \u00e9 propriedade e \u00e9 gerido pela Iguana Smoke.<\/p><p>Pode contactar-nos relativamente aos presentes Termos e Condi\u00e7\u00f5es escrevendo-nos ou enviando-nos um e-mail para o seguinte endere\u00e7o: <br>C\/ Santa Virgilia 16 Madrid, Espanha. <\/p><h2>25. descarregar<\/h2><p>Tamb\u00e9m pode <a href=\"https:\/\/iguanasmoke.com\/wp-content\/plugins\/complianz-terms-conditions\/download.php\">descarregar<\/a> os nossos Termos e Condi\u00e7\u00f5es em formato PDF.<\/p><\/div>","protected":false},"excerpt":{"rendered":"","protected":false},"author":1,"featured_media":0,"parent":0,"menu_order":0,"comment_status":"closed","ping_status":"closed","template":"","meta":{"_acf_changed":false,"site-sidebar-layout":"default","site-content-layout":"","ast-site-content-layout":"default","site-content-style":"default","site-sidebar-style":"default","ast-global-header-display":"","ast-banner-title-visibility":"","ast-main-header-display":"","ast-hfb-above-header-display":"","ast-hfb-below-header-display":"","ast-hfb-mobile-header-display":"","site-post-title":"","ast-breadcrumbs-content":"","ast-featured-img":"","footer-sml-layout":"","theme-transparent-header-meta":"","adv-header-id-meta":"","stick-header-meta":"","header-above-stick-meta":"","header-main-stick-meta":"","header-below-stick-meta":"","astra-migrate-meta-layouts":"default","ast-page-background-enabled":"default","ast-page-background-meta":{"desktop":{"background-color":"var(--ast-global-color-4)","background-image":"","background-repeat":"repeat","background-position":"center center","background-size":"auto","background-attachment":"scroll","background-type":"","background-media":"","overlay-type":"","overlay-color":"","overlay-opacity":"","overlay-gradient":""},"tablet":{"background-color":"","background-image":"","background-repeat":"repeat","background-position":"center center","background-size":"auto","background-attachment":"scroll","background-type":"","background-media":"","overlay-type":"","overlay-color":"","overlay-opacity":"","overlay-gradient":""},"mobile":{"background-color":"","background-image":"","background-repeat":"repeat","background-position":"center center","background-size":"auto","background-attachment":"scroll","background-type":"","background-media":"","overlay-type":"","overlay-color":"","overlay-opacity":"","overlay-gradient":""}},"ast-content-background-meta":{"desktop":{"background-color":"var(--ast-global-color-5)","background-image":"","background-repeat":"repeat","background-position":"center center","background-size":"auto","background-attachment":"scroll","background-type":"","background-media":"","overlay-type":"","overlay-color":"","overlay-opacity":"","overlay-gradient":""},"tablet":{"background-color":"var(--ast-global-color-5)","background-image":"","background-repeat":"repeat","background-position":"center center","background-size":"auto","background-attachment":"scroll","background-type":"","background-media":"","overlay-type":"","overlay-color":"","overlay-opacity":"","overlay-gradient":""},"mobile":{"background-color":"var(--ast-global-color-5)","background-image":"","background-repeat":"repeat","background-position":"center center","background-size":"auto","background-attachment":"scroll","background-type":"","background-media":"","overlay-type":"","overlay-color":"","overlay-opacity":"","overlay-gradient":""}},"footnotes":""},"class_list":["post-9624","page","type-page","status-publish","hentry"],"acf":[],"yoast_head":"<!-- This site is optimized with the Yoast SEO Premium plugin v27.3 (Yoast SEO v27.3) - https:\/\/yoast.com\/product\/yoast-seo-premium-wordpress\/ -->\n<title>T\u00e9rminos y condiciones | Iguana Smoke<\/title>\n<meta name=\"robots\" content=\"index, follow, max-snippet:-1, max-image-preview:large, max-video-preview:-1\" \/>\n<link rel=\"canonical\" href=\"https:\/\/iguanasmoke.com\/pt\/termos-e-condicoes-2\/\" \/>\n<meta property=\"og:locale\" content=\"pt_PT\" \/>\n<meta property=\"og:type\" content=\"article\" \/>\n<meta property=\"og:title\" content=\"T\u00e9rminos y condiciones\" \/>\n<meta property=\"og:url\" content=\"https:\/\/iguanasmoke.com\/pt\/termos-e-condicoes-2\/\" \/>\n<meta property=\"og:site_name\" content=\"Iguana Smoke\" \/>\n<meta property=\"article:publisher\" content=\"https:\/\/www.facebook.com\/iguanasmoke\" \/>\n<meta property=\"og:image\" content=\"https:\/\/iguanasmoke.com\/wp-content\/uploads\/2025\/01\/logo-sauron-iguana-1.png\" \/>\n\t<meta property=\"og:image:width\" content=\"600\" \/>\n\t<meta property=\"og:image:height\" content=\"600\" \/>\n\t<meta property=\"og:image:type\" content=\"image\/png\" \/>\n<meta name=\"twitter:card\" content=\"summary_large_image\" \/>\n<!-- \/ Yoast SEO Premium plugin. -->","yoast_head_json":{"title":"Termos e condi\u00e7\u00f5es : Iguana Smoke","robots":{"index":"index","follow":"follow","max-snippet":"max-snippet:-1","max-image-preview":"max-image-preview:large","max-video-preview":"max-video-preview:-1"},"canonical":"https:\/\/iguanasmoke.com\/pt\/termos-e-condicoes-2\/","og_locale":"pt_PT","og_type":"article","og_title":"T\u00e9rminos y condiciones","og_url":"https:\/\/iguanasmoke.com\/pt\/termos-e-condicoes-2\/","og_site_name":"Iguana Smoke","article_publisher":"https:\/\/www.facebook.com\/iguanasmoke","og_image":[{"width":600,"height":600,"url":"https:\/\/iguanasmoke.com\/wp-content\/uploads\/2025\/01\/logo-sauron-iguana-1.png","type":"image\/png"}],"twitter_card":"summary_large_image","schema":{"@context":"https:\/\/schema.org","@graph":[{"@type":"WebPage","@id":"https:\/\/iguanasmoke.com\/pt\/termos-e-condicoes-2\/","url":"https:\/\/iguanasmoke.com\/pt\/termos-e-condicoes-2\/","name":"Termos e condi\u00e7\u00f5es : Iguana Smoke","isPartOf":{"@id":"https:\/\/iguanasmoke.com\/#website"},"datePublished":"2021-08-14T16:47:40+00:00","breadcrumb":{"@id":"https:\/\/iguanasmoke.com\/pt\/termos-e-condicoes-2\/#breadcrumb"},"inLanguage":"pt-PT","potentialAction":[{"@type":"ReadAction","target":["https:\/\/iguanasmoke.com\/pt\/termos-e-condicoes-2\/"]}]},{"@type":"BreadcrumbList","@id":"https:\/\/iguanasmoke.com\/pt\/termos-e-condicoes-2\/#breadcrumb","itemListElement":[{"@type":"ListItem","position":1,"name":"home","item":"https:\/\/iguanasmoke.com\/"},{"@type":"ListItem","position":2,"name":"T\u00e9rminos y condiciones"}]},{"@type":"WebSite","@id":"https:\/\/iguanasmoke.com\/#website","url":"https:\/\/iguanasmoke.com\/","name":"Fumo de Iguana","description":"Comprar CBD online ao melhor pre\u00e7o","publisher":{"@id":"https:\/\/iguanasmoke.com\/#organization"},"potentialAction":[{"@type":"SearchAction","target":{"@type":"EntryPoint","urlTemplate":"https:\/\/iguanasmoke.com\/?s={search_term_string}"},"query-input":{"@type":"PropertyValueSpecification","valueRequired":true,"valueName":"search_term_string"}}],"inLanguage":"pt-PT"},{"@type":"Organization","@id":"https:\/\/iguanasmoke.com\/#organization","name":"Fumo de Iguana","url":"https:\/\/iguanasmoke.com\/","logo":{"@type":"ImageObject","inLanguage":"pt-PT","@id":"https:\/\/iguanasmoke.com\/#\/schema\/logo\/image\/","url":"https:\/\/iguanasmoke.com\/wp-content\/uploads\/2025\/01\/logoiguana-favi-1.png","contentUrl":"https:\/\/iguanasmoke.com\/wp-content\/uploads\/2025\/01\/logoiguana-favi-1.png","width":512,"height":512,"caption":"Iguana Smoke"},"image":{"@id":"https:\/\/iguanasmoke.com\/#\/schema\/logo\/image\/"},"sameAs":["https:\/\/www.facebook.com\/iguanasmoke","https:\/\/www.instagram.com\/iguanasmoke\/"]}]}},"_links":{"self":[{"href":"https:\/\/iguanasmoke.com\/pt\/wp-json\/wp\/v2\/pages\/9624","targetHints":{"allow":["GET"]}}],"collection":[{"href":"https:\/\/iguanasmoke.com\/pt\/wp-json\/wp\/v2\/pages"}],"about":[{"href":"https:\/\/iguanasmoke.com\/pt\/wp-json\/wp\/v2\/types\/page"}],"author":[{"embeddable":true,"href":"https:\/\/iguanasmoke.com\/pt\/wp-json\/wp\/v2\/users\/1"}],"replies":[{"embeddable":true,"href":"https:\/\/iguanasmoke.com\/pt\/wp-json\/wp\/v2\/comments?post=9624"}],"version-history":[{"count":0,"href":"https:\/\/iguanasmoke.com\/pt\/wp-json\/wp\/v2\/pages\/9624\/revisions"}],"wp:attachment":[{"href":"https:\/\/iguanasmoke.com\/pt\/wp-json\/wp\/v2\/media?parent=9624"}],"curies":[{"name":"wp","href":"https:\/\/api.w.org\/{rel}","templated":true}]}}