{"id":10223,"date":"2022-03-31T09:23:36","date_gmt":"2022-03-31T07:23:36","guid":{"rendered":"https:\/\/iguanasmoke.com\/?post_type=product&#038;p=10223"},"modified":"2026-03-27T11:07:08","modified_gmt":"2026-03-27T10:07:08","slug":"e-liquid-cbd-brownie","status":"publish","type":"product","link":"https:\/\/iguanasmoke.com\/pt\/producto\/e-liquid-cbd-brownie\/","title":{"rendered":"E-Liquid CBD Brownie Vaper Liquid"},"content":{"rendered":"<h1><span style=\"font-weight: 400\">E-Liquid CBD Brownie<\/span><\/h1>\n<p><span style=\"font-weight: 400\">O <strong>E-l\u00edquido CBD Brownie <\/strong>de Iguana Smoke \u00e9 uma excelente escolha para quem procura um <strong>CBD e-liquid sem THC<\/strong> que combina qualidade, seguran\u00e7a e <strong>incr\u00edvel sabor a chocolate. <\/strong>Este l\u00edquido para vape com CBD foi concebido para lhe oferecer um <strong>experi\u00eancia equilibrada<\/strong>, o que o torna a escolha ideal tanto para os utilizadores regulares como para os novatos na vaporiza\u00e7\u00e3o de CBD. <\/span><\/p>\n<p><span style=\"font-weight: 400\">Este <strong>E-l\u00edquido com CBD natural<\/strong> \u00e9 feito de <strong>ingredientes cuidadosamente selecionados<\/strong> e sob um <strong>processo de fabrico controlado<\/strong>, O CBD vape rico em CBD \u00e9 um produto fi\u00e1vel, adequado para vaporizar CBD em cigarros electr\u00f3nicos compat\u00edveis.<\/span><\/p>\n<p>&nbsp;<\/p>\n<h2><strong>E-liquid CBD Brownie sem THC e n\u00e3o psicoativo <\/strong><\/h2>\n<p><span style=\"font-weight: 400\">Todos os l\u00edquidos Iguana Smoke CBD s\u00e3o <strong>n\u00e3o psicoactivas e cont\u00eam 0% de THC<\/strong>, O novo sistema est\u00e1 em conformidade com a regulamenta\u00e7\u00e3o em vigor. Al\u00e9m disso, todos eles s\u00e3o <strong>L\u00edquidos CBD sem nicotina<\/strong>, Concebido para quem procura uma experi\u00eancia mais natural e orientada para o bem-estar. <\/span><\/p>\n<p><span style=\"font-weight: 400\">Todas estas carater\u00edsticas fazem com que os nossos l\u00edquidos vape com CBD <strong>E-liquid CBD legal em Espanha<\/strong>, ideal para desfrutar em seguran\u00e7a do <strong>efeitos relaxantes do CBD<\/strong> sem perturbar a clareza mental.<\/span><\/p>\n<p>&nbsp;<\/p>\n<h2><strong>Sabor a brownie: Doce e pegajoso<\/strong><\/h2>\n<p><span style=\"font-weight: 400\">O sabor do Brownie \u00e9 simplesmente delicioso, tem o sabor daquele bolo de chocolate chamado Brownie e, juntamente com o CBD, d\u00e1-te o relaxamento de que precisas.\u00a0<\/span><\/p>\n<p>&nbsp;<\/p>\n<h3><strong>Diferentes concentra\u00e7\u00f5es no seu l\u00edquido de vapor de CBD<\/strong><\/h3>\n<p><span style=\"font-weight: 400\">O\u00a0<\/span><span style=\"font-weight: 400\"><b> <\/b>est\u00e1 dispon\u00edvel em v\u00e1rias concentra\u00e7\u00f5es para se adaptar a cada tipo de utilizador: <\/span><\/p>\n<ul>\n<li><span style=\"font-weight: 400\">100mg de CBD <\/span><\/li>\n<li><span style=\"font-weight: 400\">300mg de CBD <\/span><\/li>\n<li><span style=\"font-weight: 400\">600mg de CBD <\/span><\/li>\n<\/ul>\n<p><span style=\"font-weight: 400\">Estas op\u00e7\u00f5es permitem-lhe escolher o l\u00edquido para vape com CBD mais adequado ao seu n\u00edvel de experi\u00eancia e \u00e0 intensidade desejada.\u00a0<\/span><\/p>\n<p>&nbsp;<\/p>\n<h2><b>Onde comprar E-liquid CBD online<\/b><b>?<\/b><\/h2>\n<p><span style=\"font-weight: 400\">Se est\u00e1 \u00e0 procura de <strong>comprar CBD e-liquid online<\/strong>, <strong>Iguana<\/strong> <strong>Fumo<\/strong> \u00e9 o lugar certo para si. Oferece-lhe uma forma simples e acess\u00edvel de desfrutar do CBD. Basta escolher o seu sabor preferido, a concentra\u00e7\u00e3o certa para si, e desfrutar. Aqui damos prioridade \u00e0 qualidade e \u00e0 transpar\u00eancia em cada produto.<\/span><\/p>\n<p><span style=\"font-weight: 400\">Este \u00e9 o seu lugar seguro para <strong>comprar E-liquid CBD online em Espanha.<\/strong> Todos os nossos produtos s\u00e3o aprovados pela UE, o que garante a sua legalidade e seguran\u00e7a. Para al\u00e9m disso, se desejar, pode consultar<\/span><strong> <a href=\"https:\/\/iguanasmoke.com\/pt\/analiticas\/\">an\u00e1lises laboratoriais.<\/a>\u00a0<\/strong><\/p>\n<p><span style=\"font-weight: 400\">N\u00e3o se esque\u00e7a de experimentar outros sabores fant\u00e1sticos para al\u00e9m do nosso <strong>E-l\u00edquido CBD Brownie <\/strong>como o <strong><a href=\"https:\/\/iguanasmoke.com\/pt\/produto\/e-liquid-cbd-broad-spectrum-amnesia-1500-2500mg-liquid-vaper\/\">E-Liquid CBD Amnesia Amnesia de largo espetro<\/a><\/strong>, <strong><a href=\"https:\/\/iguanasmoke.com\/pt\/produto\/e-liquid-cbd-broad-spectrum-gorilla-glue-1500-2500mg-vaper-liquid\/\">E-Liquid CBD Gorilla Glue de largo espetro<\/a>\u00a0<\/strong>ou o <strong><a href=\"https:\/\/iguanasmoke.com\/pt\/produto\/e-liquid-cbd-bagas-vermelhas\/\">E-Liquid CBD Bagas Vermelhas<\/a><\/strong>. Se gosta de vaporizar CBD, descubra <\/span><span style=\"font-weight: 400\">outros <strong>Produtos TOP<\/strong> de l\u00edquidos vape com CBD, como o <strong><a href=\"https:\/\/iguanasmoke.com\/pt\/categoria\/cigarro-de-cbd\/cartuchos\/\">Cartuchos CBD, STV, E8H, 10-OH e CBD de espetro total<\/a><\/strong>. <\/span><span style=\"font-weight: 400\">Explore a nossa variedade e surpreenda-se.\u00a0<\/span><\/p>\n<p>Rapidez na entrega, aten\u00e7\u00e3o e uma loja com embalagens discretas e seguras que v\u00e3o em frente, s\u00f3 para si!<\/p>\n<p>&nbsp;<\/p>\n<h3><b>Iguana Smoke \u00e9 a sua loja online de CBD\u00a0<\/b><\/h3>\n<p><span style=\"font-weight: 400\">Em<strong> Fumo de Iguana<\/strong>, Acreditamos que desfrutar do CBD deve ser uma experi\u00eancia segura e agrad\u00e1vel. \u00c9 por isso que temos produtos como este <strong>E-l\u00edquido CBD Brownie<\/strong>, A marca liga-se \u00e0s novas gera\u00e7\u00f5es: pessoas que procuram um bem-estar descomplicado, com marcas aut\u00eanticas e fi\u00e1veis.\u00a0<\/span><\/p>\n<p>A nossa miss\u00e3o \u00e9 clara: trazer-lhe o melhor do mundo dos canabin\u00f3ides a um pre\u00e7o justo. Al\u00e9m disso, damos-lhe a tranquilidade de saber que est\u00e1 a escolher um produto certificado, eficaz e 100% legal. O seu tempo de relaxamento come\u00e7a aqui connosco.<\/p>\n<p>Ainda tem d\u00favidas? Escreva-nos e teremos todo o gosto em ajud\u00e1-lo a encontrar o produto certo para si.<\/p>\n<p>&nbsp;<\/p>\n<p><em><span style=\"font-weight: 400\">*Nota: a sua utiliza\u00e7\u00e3o destina-se a cole\u00e7\u00e3o ou aromaterapia, de acordo com a legisla\u00e7\u00e3o espanhola. <\/span><\/em><\/p>\n<p><em><span style=\"font-weight: 400\">**Todos os nossos produtos s\u00e3o derivados de c\u00e2nhamo industrial certificado. Cont\u00eam menos de 0,3 THC e n\u00e3o cont\u00eam canabin\u00f3ides ilegais como HHC, HHC-P, THCP, THCP-O, H4CBD e os inclu\u00eddos no Anexo I do Decreto Real 2829\/1977, nem subst\u00e2ncias controladas por conven\u00e7\u00f5es internacionais.\u00a0\u00a0<\/span><\/em><\/p>","protected":false},"excerpt":{"rendered":"<p><span style=\"font-weight: 400\">Ingredientes do E-liquid CBD: <\/span><\/p>\n<ul>\n<li><strong>Propilenoglicol 80%<\/strong><\/li>\n<li>Glicerina vegetal 20%<\/li>\n<li>Brownie de chocolate Aroma<\/li>\n<li>Isolado de CBD<\/li>\n<li>THC: 0%<\/li>\n<\/ul>\n<p>O CBD Brownie E-Liquid faz lembrar um bolo de chocolate, que ao mesmo tempo o faz relaxar.<\/p>","protected":false},"featured_media":19299,"comment_status":"open","ping_status":"closed","template":"","meta":{"_acf_changed":false,"site-sidebar-layout":"default","site-content-layout":"default","ast-site-content-layout":"default","site-content-style":"default","site-sidebar-style":"default","ast-global-header-display":"","ast-banner-title-visibility":"","ast-main-header-display":"","ast-hfb-above-header-display":"","ast-hfb-below-header-display":"","ast-hfb-mobile-header-display":"","site-post-title":"","ast-breadcrumbs-content":"","ast-featured-img":"","footer-sml-layout":"","theme-transparent-header-meta":"default","adv-header-id-meta":"","stick-header-meta":"","header-above-stick-meta":"","header-main-stick-meta":"","header-below-stick-meta":"","astra-migrate-meta-layouts":"set","ast-page-background-enabled":"default","ast-page-background-meta":{"desktop":{"background-color":"var(--ast-global-color-4)","background-image":"","background-repeat":"repeat","background-position":"center center","background-size":"auto","background-attachment":"scroll","background-type":"","background-media":"","overlay-type":"","overlay-color":"","overlay-opacity":"","overlay-gradient":""},"tablet":{"background-color":"","background-image":"","background-repeat":"repeat","background-position":"center center","background-size":"auto","background-attachment":"scroll","background-type":"","background-media":"","overlay-type":"","overlay-color":"","overlay-opacity":"","overlay-gradient":""},"mobile":{"background-color":"","background-image":"","background-repeat":"repeat","background-position":"center center","background-size":"auto","background-attachment":"scroll","background-type":"","background-media":"","overlay-type":"","overlay-color":"","overlay-opacity":"","overlay-gradient":""}},"ast-content-background-meta":{"desktop":{"background-color":"var(--ast-global-color-5)","background-image":"","background-repeat":"repeat","background-position":"center center","background-size":"auto","background-attachment":"scroll","background-type":"","background-media":"","overlay-type":"","overlay-color":"","overlay-opacity":"","overlay-gradient":""},"tablet":{"background-color":"var(--ast-global-color-5)","background-image":"","background-repeat":"repeat","background-position":"center center","background-size":"auto","background-attachment":"scroll","background-type":"","background-media":"","overlay-type":"","overlay-color":"","overlay-opacity":"","overlay-gradient":""},"mobile":{"background-color":"var(--ast-global-color-5)","background-image":"","background-repeat":"repeat","background-position":"center center","background-size":"auto","background-attachment":"scroll","background-type":"","background-media":"","overlay-type":"","overlay-color":"","overlay-opacity":"","overlay-gradient":""}}},"product_brand":[],"product_cat":[344,422],"product_tag":[],"class_list":{"0":"post-10223","1":"product","2":"type-product","3":"status-publish","4":"has-post-thumbnail","6":"product_cat-e-liquid-cbd","7":"product_cat-e-liquid-cbd-isolate","8":"desktop-align-center","9":"tablet-align-center","10":"mobile-align-center","12":"first","13":"instock","14":"taxable","15":"shipping-taxable","16":"purchasable","17":"product-type-variable"},"acf":[],"yoast_head":"<!-- This site is optimized with the Yoast SEO Premium plugin v27.3 (Yoast SEO v27.3) - https:\/\/yoast.com\/product\/yoast-seo-premium-wordpress\/ -->\n<title>E-Liquid CBD Brownie | Iguana Smoke<\/title>\n<meta name=\"description\" content=\"Compra el E-Liquid CBD Brownie en Iguana Smoke al mejor precio y con calidad inigualable. Tu e-liquid CBD sin THC con un sabor incre\u00edble a chocolate.\" \/>\n<meta name=\"robots\" content=\"index, follow, max-snippet:-1, max-image-preview:large, max-video-preview:-1\" \/>\n<link rel=\"canonical\" href=\"https:\/\/iguanasmoke.com\/pt\/produto\/e-liquid-cbd-brownie\/\" \/>\n<meta property=\"og:locale\" content=\"pt_PT\" \/>\n<meta property=\"og:type\" content=\"article\" \/>\n<meta property=\"og:title\" content=\"E-Liquid CBD Brownie L\u00edquido Vaper\" \/>\n<meta property=\"og:description\" content=\"Ingredientes del E-liquid CBD:    Propilenglicol 80%  Glicerina Vegetal 20%  Aroma Brownie de chocolate  CBD Isolate  THC: 0%  El E-Liquid CBD Brownie te recordar\u00e1 a un pastel de chocolate, que a la vez te hace relajarte.\" \/>\n<meta property=\"og:url\" content=\"https:\/\/iguanasmoke.com\/pt\/produto\/e-liquid-cbd-brownie\/\" \/>\n<meta property=\"og:site_name\" content=\"Iguana Smoke\" \/>\n<meta property=\"article:publisher\" content=\"https:\/\/www.facebook.com\/iguanasmoke\" \/>\n<meta property=\"article:modified_time\" content=\"2026-03-27T10:07:08+00:00\" \/>\n<meta property=\"og:image\" content=\"https:\/\/iguanasmoke.com\/wp-content\/uploads\/2022\/03\/Brownie-600-webp-1.webp\" \/>\n\t<meta property=\"og:image:width\" content=\"500\" \/>\n\t<meta property=\"og:image:height\" content=\"500\" \/>\n\t<meta property=\"og:image:type\" content=\"image\/webp\" \/>\n<meta name=\"twitter:card\" content=\"summary_large_image\" \/>\n<meta name=\"twitter:label1\" content=\"Disponibilidade\" \/>\n\t<meta name=\"twitter:data1\" content=\"Em stock\" \/>\n<meta property=\"product:brand\" content=\"variable\" \/>\n<meta property=\"og:availability\" content=\"instock\" \/>\n<meta property=\"product:availability\" content=\"instock\" \/>\n<meta property=\"product:condition\" content=\"new\" \/>\n<!-- \/ Yoast SEO Premium plugin. -->","yoast_head_json":{"title":"E-Liquid CBD Brownie | Iguana Smoke","description":"Compre o CBD Brownie E-Liquid na Iguana Smoke ao melhor pre\u00e7o e com uma qualidade imbat\u00edvel. O seu e-l\u00edquido CBD sem THC com um incr\u00edvel sabor a chocolate.","robots":{"index":"index","follow":"follow","max-snippet":"max-snippet:-1","max-image-preview":"max-image-preview:large","max-video-preview":"max-video-preview:-1"},"canonical":"https:\/\/iguanasmoke.com\/pt\/produto\/e-liquid-cbd-brownie\/","og_locale":"pt_PT","og_type":"article","og_title":"E-Liquid CBD Brownie L\u00edquido Vaper","og_description":"Ingredientes del E-liquid CBD:    Propilenglicol 80%  Glicerina Vegetal 20%  Aroma Brownie de chocolate  CBD Isolate  THC: 0%  El E-Liquid CBD Brownie te recordar\u00e1 a un pastel de chocolate, que a la vez te hace relajarte.","og_url":"https:\/\/iguanasmoke.com\/pt\/produto\/e-liquid-cbd-brownie\/","og_site_name":"Iguana Smoke","article_publisher":"https:\/\/www.facebook.com\/iguanasmoke","article_modified_time":"2026-03-27T10:07:08+00:00","og_image":[{"width":500,"height":500,"url":"https:\/\/iguanasmoke.com\/wp-content\/uploads\/2022\/03\/Brownie-600-webp-1.webp","type":"image\/webp"}],"twitter_card":"summary_large_image","twitter_misc":{"Disponibilidade":"Em stock"},"schema":{"@context":"https:\/\/schema.org","@graph":[{"@type":"WebPage","@id":"https:\/\/iguanasmoke.com\/producto\/e-liquid-cbd-brownie\/","url":"https:\/\/iguanasmoke.com\/producto\/e-liquid-cbd-brownie\/","name":"E-Liquid CBD Brownie | Iguana Smoke","isPartOf":{"@id":"https:\/\/iguanasmoke.com\/#website"},"primaryImageOfPage":{"@id":"https:\/\/iguanasmoke.com\/producto\/e-liquid-cbd-brownie\/#primaryimage"},"image":{"@id":"https:\/\/iguanasmoke.com\/producto\/e-liquid-cbd-brownie\/#primaryimage"},"thumbnailUrl":"https:\/\/iguanasmoke.com\/wp-content\/uploads\/2022\/03\/Brownie-600-webp-1.webp","datePublished":"2022-03-31T07:23:36+00:00","dateModified":"2026-03-27T10:07:08+00:00","description":"Compre o CBD Brownie E-Liquid na Iguana Smoke ao melhor pre\u00e7o e com uma qualidade imbat\u00edvel. O seu e-l\u00edquido CBD sem THC com um incr\u00edvel sabor a chocolate.","breadcrumb":{"@id":"https:\/\/iguanasmoke.com\/producto\/e-liquid-cbd-brownie\/#breadcrumb"},"inLanguage":"pt-PT","potentialAction":[{"@type":"ReadAction","target":["https:\/\/iguanasmoke.com\/producto\/e-liquid-cbd-brownie\/"]}]},{"@type":"ImageObject","inLanguage":"pt-PT","@id":"https:\/\/iguanasmoke.com\/producto\/e-liquid-cbd-brownie\/#primaryimage","url":"https:\/\/iguanasmoke.com\/wp-content\/uploads\/2022\/03\/Brownie-600-webp-1.webp","contentUrl":"https:\/\/iguanasmoke.com\/wp-content\/uploads\/2022\/03\/Brownie-600-webp-1.webp","width":500,"height":500,"caption":"E-Liquid cbd para vapear barato"},{"@type":"BreadcrumbList","@id":"https:\/\/iguanasmoke.com\/producto\/e-liquid-cbd-brownie\/#breadcrumb","itemListElement":[{"@type":"ListItem","position":1,"name":"home","item":"https:\/\/iguanasmoke.com\/"},{"@type":"ListItem","position":2,"name":"Tienda","item":"https:\/\/iguanasmoke.com\/tienda\/"},{"@type":"ListItem","position":3,"name":"E-Liquid CBD","item":"https:\/\/iguanasmoke.com\/categoria\/e-liquid-cbd\/"},{"@type":"ListItem","position":4,"name":"E-Liquid CBD Brownie L\u00edquido Vaper"}]},{"@type":"WebSite","@id":"https:\/\/iguanasmoke.com\/#website","url":"https:\/\/iguanasmoke.com\/","name":"Fumo de Iguana","description":"Comprar CBD online ao melhor pre\u00e7o","publisher":{"@id":"https:\/\/iguanasmoke.com\/#organization"},"potentialAction":[{"@type":"SearchAction","target":{"@type":"EntryPoint","urlTemplate":"https:\/\/iguanasmoke.com\/?s={search_term_string}"},"query-input":{"@type":"PropertyValueSpecification","valueRequired":true,"valueName":"search_term_string"}}],"inLanguage":"pt-PT"},{"@type":"Organization","@id":"https:\/\/iguanasmoke.com\/#organization","name":"Fumo de Iguana","url":"https:\/\/iguanasmoke.com\/","logo":{"@type":"ImageObject","inLanguage":"pt-PT","@id":"https:\/\/iguanasmoke.com\/#\/schema\/logo\/image\/","url":"https:\/\/iguanasmoke.com\/wp-content\/uploads\/2025\/01\/logoiguana-favi-1.png","contentUrl":"https:\/\/iguanasmoke.com\/wp-content\/uploads\/2025\/01\/logoiguana-favi-1.png","width":512,"height":512,"caption":"Iguana Smoke"},"image":{"@id":"https:\/\/iguanasmoke.com\/#\/schema\/logo\/image\/"},"sameAs":["https:\/\/www.facebook.com\/iguanasmoke","https:\/\/www.instagram.com\/iguanasmoke\/"]}]},"product_brand":"variable","og_availability":"instock","product_availability":"instock","product_condition":"new"},"_links":{"self":[{"href":"https:\/\/iguanasmoke.com\/pt\/wp-json\/wp\/v2\/product\/10223","targetHints":{"allow":["GET"]}}],"collection":[{"href":"https:\/\/iguanasmoke.com\/pt\/wp-json\/wp\/v2\/product"}],"about":[{"href":"https:\/\/iguanasmoke.com\/pt\/wp-json\/wp\/v2\/types\/product"}],"replies":[{"embeddable":true,"href":"https:\/\/iguanasmoke.com\/pt\/wp-json\/wp\/v2\/comments?post=10223"}],"wp:featuredmedia":[{"embeddable":true,"href":"https:\/\/iguanasmoke.com\/pt\/wp-json\/wp\/v2\/media\/19299"}],"wp:attachment":[{"href":"https:\/\/iguanasmoke.com\/pt\/wp-json\/wp\/v2\/media?parent=10223"}],"wp:term":[{"taxonomy":"product_brand","embeddable":true,"href":"https:\/\/iguanasmoke.com\/pt\/wp-json\/wp\/v2\/product_brand?post=10223"},{"taxonomy":"product_cat","embeddable":true,"href":"https:\/\/iguanasmoke.com\/pt\/wp-json\/wp\/v2\/product_cat?post=10223"},{"taxonomy":"product_tag","embeddable":true,"href":"https:\/\/iguanasmoke.com\/pt\/wp-json\/wp\/v2\/product_tag?post=10223"}],"curies":[{"name":"wp","href":"https:\/\/api.w.org\/{rel}","templated":true}]}}