{"id":10398,"date":"2022-06-30T07:47:37","date_gmt":"2022-06-30T05:47:37","guid":{"rendered":"https:\/\/iguanasmoke.com\/?post_type=product&#038;p=10398"},"modified":"2026-03-26T15:59:29","modified_gmt":"2026-03-26T14:59:29","slug":"aceite-de-cbd-fullspectrum-10ml-para-mascotas","status":"publish","type":"product","link":"https:\/\/iguanasmoke.com\/pt\/producto\/aceite-de-cbd-fullspectrum-10ml-para-mascotas\/","title":{"rendered":"Aceite CBD Mascotas 10ml &#8211; Salm\u00f3n"},"content":{"rendered":"<h1><span style=\"font-weight: 400;\">Aceite de CBD Full Spectrum en 10ml para mascotas con sabor a salm\u00f3n<\/span><\/h1>\n<p><span style=\"font-weight: 400;\">Se est\u00e1 \u00e0 procura de uma solu\u00e7\u00e3o natural para melhorar a qualidade de vida do seu animal de estima\u00e7\u00e3o, <strong>el Aceite de CBD para mascotas en formato 10 ml con sabor a salm\u00f3n,<\/strong> \u00e9 exatamente o que precisa. Foi especialmente concebido para c\u00e3es e gatos e combina eficazmente os benef\u00edcios do canabidiol (CBD) com um delicioso sabor a salm\u00e3o que eles v\u00e3o adorar. <\/span><\/p>\n<p><span style=\"font-weight: 400;\">Descubra agora como este produto pode fazer uma diferen\u00e7a significativa no bem-estar dos seus companheiros de quatro patas.<\/span><\/p>\n<p>&nbsp;<\/p>\n<h2><strong>\u00bfQu\u00e9 es el Aceite de CBD para mascotas? <\/strong><\/h2>\n<p><span style=\"font-weight: 400;\">O \u00f3leo CBD \u00e9 um suplemento natural. <strong>feito de extrato de canabidiol<\/strong>, um composto <strong>n\u00e3o psicoativo<\/strong> encontrado na planta da can\u00e1bis. Este ingrediente ganhou popularidade devido \u00e0 sua<strong> propriedades terap\u00eauticas<\/strong> tanto nos seres humanos como nos animais.<strong> \u00d3leo CBD com sabor a salm\u00e3o para animais de estima\u00e7\u00e3o<\/strong>, foi formulado para responder \u00e0s necessidades espec\u00edficas dos c\u00e3es e gatos, oferecendo um al\u00edvio eficaz e seguro. <\/span><\/p>\n<p><span style=\"font-weight: 400;\">\u00d3leos CBD de <em>Espectro total<\/em>, conhecido como <strong>Espectro total<\/strong>, ofrecen beneficios adicionales al incluir una amplia gama de compuestos naturales de la planta del cannabis, como cannabinoides secundarios, terpenos y flavonoides. Estos, trabajan en sinergia como el llamado &#8220;efecto s\u00e9quito&#8221; para potenciar los efectos terap\u00e9uticos del CBD. Estos aceites est\u00e1n disponibles en dos concentraciones diferentes: 3% si quieres algo m\u00e1s suave y 7% si quieres algo m\u00e1s fuerte.\u00a0<\/span><\/p>\n<p><span style=\"font-weight: 400;\">Ao escolher um<strong> \u00d3leo CBD de espetro total<\/strong>, o seu animal de estima\u00e7\u00e3o poder\u00e1 desfrutar de um <strong>al\u00edvio mais eficaz do stress, da inflama\u00e7\u00e3o e da dor<\/strong>, bem como um <strong>apoio imunit\u00e1rio refor\u00e7ado<\/strong>. Este tipo de \u00f3leo \u00e9 ideal para quem procura uma solu\u00e7\u00e3o natural e completa para melhorar a qualidade de vida dos seus companheiros peludos.<\/span><\/p>\n<p>&nbsp;<\/p>\n<h2><strong>Benef\u00edcios para os animais de estima\u00e7\u00e3o: <\/strong><\/h2>\n<ul>\n<li><span style=\"font-weight: 400;\"><strong>Redu\u00e7\u00e3o da ansiedade e\/ou do stress:<\/strong> Os animais de estima\u00e7\u00e3o podem sofrer de ansiedade devido a v\u00e1rios factores, como separa\u00e7\u00e3o, viagens, visitas ao veterin\u00e1rio ou ru\u00eddos altos (como fogo de artif\u00edcio). O CBD ajuda nestas alturas a acalmar o sistema nervoso, promovendo uma sensa\u00e7\u00e3o de calma para o seu animal de estima\u00e7\u00e3o. <\/span><\/li>\n<li><span style=\"font-weight: 400;\"><strong>Al\u00edvio da dor e da inflama\u00e7\u00e3o:<\/strong> Ideal para animais com problemas nas articula\u00e7\u00f5es ou dores cr\u00f3nicas, bem como dificuldades de mobilidade, o \u00f3leo CBD \u00e9 conhecido pelas suas propriedades anti-inflamat\u00f3rias e analg\u00e9sicas. Ajuda a melhorar a qualidade de vida dos animais de estima\u00e7\u00e3o, mantendo-os mais activos e felizes. <\/span><\/li>\n<li><span style=\"font-weight: 400;\"><strong>Melhoria da sa\u00fade e do pelo\/pele:<\/strong> Os \u00e1cidos gordos \u00f3mega 3 presentes no \u00f3leo, juntamente com o CBD, promovem uma pele saud\u00e1vel e um pelo brilhante. Especialmente \u00fatil para animais de estima\u00e7\u00e3o com problemas dematol\u00f3gicos. <\/span><\/li>\n<li><span style=\"font-weight: 400;\"><strong>Apoio ao sistema imunit\u00e1rio:<\/strong> O CBD tamb\u00e9m actua como um estimulante imunit\u00e1rio, ajudando a manter o seu animal de estima\u00e7\u00e3o saud\u00e1vel contra doen\u00e7as comuns. <\/span><\/li>\n<li><span style=\"font-weight: 400;\"><strong>Controlo das convuls\u00f5es e perturba\u00e7\u00f5es neurol\u00f3gicas:<\/strong> Estudos demonstraram que o CBD pode ser \u00fatil no controlo de epis\u00f3dios de convuls\u00f5es e outras perturba\u00e7\u00f5es neurol\u00f3gicas em animais de companhia, melhorando a sua qualidade de vida. <\/span><\/li>\n<\/ul>\n<p>&nbsp;<\/p>\n<h2><strong>Sabor a salm\u00f3n: un extra irresistible en tu Aceite de CBD para mascotas\u00a0<\/strong><\/h2>\n<p><span style=\"font-weight: 400;\">Sabemos que a aceita\u00e7\u00e3o \u00e9 fundamental quando se trata de suplementos para animais de estima\u00e7\u00e3o. \u00c9 por isso que a <strong>\u00d3leo CBD para animais de estima\u00e7\u00e3o <\/strong>tem um<strong> delicioso sabor a salm\u00e3o<\/strong>, para que o seu animal de estima\u00e7\u00e3o o aprecie. Al\u00e9m disso, este sabor natural n\u00e3o s\u00f3 torna o \u00f3leo mais f\u00e1cil de administrar, como tamb\u00e9m <strong>fornece nutrientes ben\u00e9ficos para melhorar a sa\u00fade geral do seu animal de estima\u00e7\u00e3o<\/strong>.<\/span><\/p>\n<p>&nbsp;<\/p>\n<h2><strong>\u00bfC\u00f3mo administrar el Aceite de CBD para mascotas correctamente a tu mascota?<\/strong><\/h2>\n<p><span style=\"font-weight: 400;\"> La dosis recomendada var\u00eda seg\u00fan el<strong> tama\u00f1o, peso y las necesidades espec\u00edficas de tu mascota.<\/strong> Geralmente, sugere-se que se comece com doses baixas e que se aumente gradualmente at\u00e9 se encontrar o n\u00edvel correto. Tal como acontece com<strong> uso t\u00f3pico<\/strong>, Pode administrar o \u00f3leo diretamente na boca do seu animal (uma vez que vem com um conta-gotas), mistur\u00e1-lo com a comida ou mesmo adicion\u00e1-lo aos seus petiscos favoritos. <\/span><\/p>\n<p><span style=\"font-weight: 400;\">Eis uma sugest\u00e3o de dosagem: <\/span><\/p>\n<ul>\n<li><span style=\"font-weight: 400;\"><strong>pequenos animais de estima\u00e7\u00e3o<\/strong> (&gt;10kg): <strong>1-2 gotas\/dia <\/strong><\/span><\/li>\n<li><span style=\"font-weight: 400;\"><strong>animais de estima\u00e7\u00e3o de tamanho m\u00e9dio<\/strong> (10-20kg):<strong> 3-5 gotas\/dia <\/strong><\/span><\/li>\n<li><span style=\"font-weight: 400;\"><strong>animais de estima\u00e7\u00e3o de grande porte<\/strong> (&gt;20 kg): <strong>6-10 gotas\/dia <\/strong><\/span><\/li>\n<\/ul>\n<p><span style=\"font-weight: 400;\"><strong>Consulte sempre o seu veterin\u00e1rio antes de come\u00e7ar a suplementar os seus animais de estima\u00e7\u00e3o.<\/strong>, Isto garante que s\u00e3o adequados para eles.\u00a0 \u00a0<\/span><\/p>\n<p>&nbsp;<\/p>\n<h3><strong>FAQS del Aceite de Mascotas CBD\u00a0<\/strong><\/h3>\n<ol>\n<li><span style=\"font-weight: 400;\"><strong>O CBD \u00e9 seguro para o meu animal de estima\u00e7\u00e3o?<\/strong> Sim, o CBD \u00e9 seguro para animais de estima\u00e7\u00e3o quando administrado nas doses recomendadas. O nosso \u00f3leo n\u00e3o cont\u00e9m THC, o composto psicoativo da can\u00e1bis, garantindo que o seu animal de estima\u00e7\u00e3o n\u00e3o ter\u00e1 efeitos secund\u00e1rios indesejados. <\/span><\/li>\n<li><span style=\"font-weight: 400;\"><strong>Quando \u00e9 que o meu animal de estima\u00e7\u00e3o come\u00e7a a sentir resultados?<\/strong> Os efeitos podem variar de animal para animal. Alguns podem registar melhorias em poucos dias, enquanto outros animais de estima\u00e7\u00e3o podem necessitar de v\u00e1rias semanas de utiliza\u00e7\u00e3o constante. <\/span><\/li>\n<li><span style=\"font-weight: 400;\"><strong>Posso utilizar o \u00f3leo de CBD para tratar doen\u00e7as espec\u00edficas?<\/strong> O CBD \u00e9 um excelente suplemento para tratar uma variedade de problemas, mas deve sempre consultar o seu veterin\u00e1rio antes de o utilizar como parte de um tratamento. <\/span><span style=\"font-weight: 400;\">\u00a0\u00a0<\/span><\/li>\n<\/ol>\n<h2><\/h2>\n<h2><b>Onde comprar os seus \u00f3leos CBD online<\/b><b>?<\/b><\/h2>\n<p><span style=\"font-weight: 400;\">Naturalmente, em <strong>Fumo de Iguana. <\/strong>Aqui damos prioridade \u00e0 qualidade e \u00e0 transpar\u00eancia em cada produto. Os nossos <strong>Aceite CBD Mascotas 10ml <\/strong>\u00a0baseia-se em <strong>sementes de c\u00e2nhamo.<\/strong><\/span><\/p>\n<p><span style=\"font-weight: 400;\">Este \u00e9 o seu lugar seguro para <strong>comprar \u00f3leos CBD online em Espanha.<\/strong> Todos os nossos produtos s\u00e3o aprovados pela UE, o que garante a sua legalidade e seguran\u00e7a. Para al\u00e9m disso, se desejar, pode consultar<\/span><strong> <a href=\"https:\/\/iguanasmoke.com\/pt\/analiticas\/\">an\u00e1lises laboratoriais.<\/a>\u00a0<\/strong><\/p>\n<h3><\/h3>\n<h3><b>Iguana Smoke \u00e9 a sua loja online de CBD\u00a0<\/b><\/h3>\n<p><span style=\"font-weight: 400;\">Em<strong> Fumo de Iguana<\/strong>, Acreditamos que desfrutar do CBD deve ser uma experi\u00eancia segura e agrad\u00e1vel. \u00c9 por isso que temos produtos como este <strong>Aceite CBD Mascotas 10ml<\/strong> qualidade, que se liga \u00e0s novas gera\u00e7\u00f5es: pessoas que procuram um bem-estar descomplicado, com marcas aut\u00eanticas e fi\u00e1veis.\u00a0<\/span><\/p>\n<p>A nossa miss\u00e3o \u00e9 clara: trazer-lhe o melhor do mundo do CBD a um pre\u00e7o justo. Al\u00e9m disso, damos-lhe a paz de esp\u00edrito que adv\u00e9m do facto de saber que est\u00e1 a escolher um produto certificado, eficaz e legal 100%. O seu momento de relaxamento come\u00e7a aqui connosco.<\/p>\n<p>Ainda tem d\u00favidas? Escreva-nos e teremos todo o gosto em ajud\u00e1-lo a encontrar o produto certo para si.<\/p>","protected":false},"excerpt":{"rendered":"<h3><span style=\"font-weight: 400;\">Carater\u00edsticas do nosso \u00f3leo CBD:\u00a0<\/span><\/h3>\n<ul>\n<li><span style=\"font-weight: 400;\"><strong>Ingredientes naturais:<\/strong> \u00d3leo de sementes de c\u00e2nhamo enriquecido com salm\u00e3o (rico em \u00f3mega 3) e extrato de CBD de espetro total 300 mg<\/span><\/li>\n<li>Sem aditivos, qu\u00edmicos ou conservantes<\/li>\n<li>Disponible en dos concentraciones: 3% y 7%<\/li>\n<li>Concebida para as necessidades dos c\u00e3es e gatos<\/li>\n<li>Consultar o <a style=\"font-size: 16px; background-color: #ffffff;\" href=\"https:\/\/iguanasmoke.com\/wp-content\/uploads\/2018\/02\/Aceite-ISO-5.pdf\">an\u00e1lise da qualidade<\/a><span style=\"font-size: 16px;\">.<\/span><\/li>\n<\/ul>","protected":false},"featured_media":45056,"comment_status":"open","ping_status":"closed","template":"","meta":{"_acf_changed":false,"site-sidebar-layout":"default","site-content-layout":"","ast-site-content-layout":"default","site-content-style":"default","site-sidebar-style":"default","ast-global-header-display":"","ast-banner-title-visibility":"","ast-main-header-display":"","ast-hfb-above-header-display":"","ast-hfb-below-header-display":"","ast-hfb-mobile-header-display":"","site-post-title":"","ast-breadcrumbs-content":"","ast-featured-img":"","footer-sml-layout":"","theme-transparent-header-meta":"default","adv-header-id-meta":"","stick-header-meta":"","header-above-stick-meta":"","header-main-stick-meta":"","header-below-stick-meta":"","astra-migrate-meta-layouts":"set","ast-page-background-enabled":"default","ast-page-background-meta":{"desktop":{"background-color":"var(--ast-global-color-4)","background-image":"","background-repeat":"repeat","background-position":"center center","background-size":"auto","background-attachment":"scroll","background-type":"","background-media":"","overlay-type":"","overlay-color":"","overlay-opacity":"","overlay-gradient":""},"tablet":{"background-color":"","background-image":"","background-repeat":"repeat","background-position":"center center","background-size":"auto","background-attachment":"scroll","background-type":"","background-media":"","overlay-type":"","overlay-color":"","overlay-opacity":"","overlay-gradient":""},"mobile":{"background-color":"","background-image":"","background-repeat":"repeat","background-position":"center center","background-size":"auto","background-attachment":"scroll","background-type":"","background-media":"","overlay-type":"","overlay-color":"","overlay-opacity":"","overlay-gradient":""}},"ast-content-background-meta":{"desktop":{"background-color":"var(--ast-global-color-5)","background-image":"","background-repeat":"repeat","background-position":"center center","background-size":"auto","background-attachment":"scroll","background-type":"","background-media":"","overlay-type":"","overlay-color":"","overlay-opacity":"","overlay-gradient":""},"tablet":{"background-color":"var(--ast-global-color-5)","background-image":"","background-repeat":"repeat","background-position":"center center","background-size":"auto","background-attachment":"scroll","background-type":"","background-media":"","overlay-type":"","overlay-color":"","overlay-opacity":"","overlay-gradient":""},"mobile":{"background-color":"var(--ast-global-color-5)","background-image":"","background-repeat":"repeat","background-position":"center center","background-size":"auto","background-attachment":"scroll","background-type":"","background-media":"","overlay-type":"","overlay-color":"","overlay-opacity":"","overlay-gradient":""}}},"product_brand":[],"product_cat":[309,350],"product_tag":[],"class_list":{"0":"post-10398","1":"product","2":"type-product","3":"status-publish","4":"has-post-thumbnail","6":"product_cat-aceite-de-cbd","7":"product_cat-mascotas","8":"desktop-align-center","9":"tablet-align-center","10":"mobile-align-center","12":"first","13":"instock","14":"taxable","15":"shipping-taxable","16":"purchasable","17":"product-type-variable"},"acf":[],"yoast_head":"<!-- This site is optimized with the Yoast SEO Premium plugin v27.3 (Yoast SEO v27.3) - https:\/\/yoast.com\/product\/yoast-seo-premium-wordpress\/ -->\n<title>Aceite de CBD para mascotas 10ml | Iguana Smoke<\/title>\n<meta name=\"description\" content=\"Este Aceite de CBD para mascotas 3% 10ml est\u00e1 compuesto por ingredientes naturales. El aceite Full Spectrum ayuda a combatir el estr\u00e9s de tus mascotas.\" \/>\n<meta name=\"robots\" content=\"index, follow, max-snippet:-1, max-image-preview:large, max-video-preview:-1\" \/>\n<link rel=\"canonical\" href=\"https:\/\/iguanasmoke.com\/pt\/produto\/aceite-de-cbd-fullspectrum-10ml-para-mascotas\/\" \/>\n<meta property=\"og:locale\" content=\"pt_PT\" \/>\n<meta property=\"og:type\" content=\"article\" \/>\n<meta property=\"og:title\" content=\"Aceite CBD Mascotas 10ml - Salm\u00f3n\" \/>\n<meta property=\"og:description\" content=\"Caracter\u00edsticas de nuestro Aceite CBD:\u00a0   Ingredientes naturales: Aceite de semillas de c\u00e1\u00f1amo enriquecido con salm\u00f3n (rico en Omega3) y extracto CBD Full Spectrum 300mg  Sin aditivos, qu\u00edmicos ni conservantes  Disponible en dos concentraciones: 3% y 7%  Dise\u00f1ado para las necesidades de perros y gatos  Consulta el an\u00e1lisis de calidad.\" \/>\n<meta property=\"og:url\" content=\"https:\/\/iguanasmoke.com\/pt\/produto\/aceite-de-cbd-fullspectrum-10ml-para-mascotas\/\" \/>\n<meta property=\"og:site_name\" content=\"Iguana Smoke\" \/>\n<meta property=\"article:publisher\" content=\"https:\/\/www.facebook.com\/iguanasmoke\" \/>\n<meta property=\"article:modified_time\" content=\"2026-03-26T14:59:29+00:00\" \/>\n<meta property=\"og:image\" content=\"https:\/\/iguanasmoke.com\/wp-content\/uploads\/2022\/06\/caja-y-botella-3-10-ml-der-1.png\" \/>\n\t<meta property=\"og:image:width\" content=\"1000\" \/>\n\t<meta property=\"og:image:height\" content=\"1000\" \/>\n\t<meta property=\"og:image:type\" content=\"image\/png\" \/>\n<meta name=\"twitter:card\" content=\"summary_large_image\" \/>\n<meta name=\"twitter:label1\" content=\"Disponibilidade\" \/>\n\t<meta name=\"twitter:data1\" content=\"Em stock\" \/>\n<meta property=\"product:brand\" content=\"variable\" \/>\n<meta property=\"og:availability\" content=\"instock\" \/>\n<meta property=\"product:availability\" content=\"instock\" \/>\n<meta property=\"product:condition\" content=\"new\" \/>\n<!-- \/ Yoast SEO Premium plugin. -->","yoast_head_json":{"title":"Aceite de CBD para mascotas 10ml | Iguana Smoke","description":"Este \u00f3leo CBD para animais de estima\u00e7\u00e3o 3% 10ml \u00e9 composto por ingredientes naturais. O \u00f3leo Full Spectrum ajuda a combater o stress dos seus animais de estima\u00e7\u00e3o.","robots":{"index":"index","follow":"follow","max-snippet":"max-snippet:-1","max-image-preview":"max-image-preview:large","max-video-preview":"max-video-preview:-1"},"canonical":"https:\/\/iguanasmoke.com\/pt\/produto\/aceite-de-cbd-fullspectrum-10ml-para-mascotas\/","og_locale":"pt_PT","og_type":"article","og_title":"Aceite CBD Mascotas 10ml - Salm\u00f3n","og_description":"Caracter\u00edsticas de nuestro Aceite CBD:\u00a0   Ingredientes naturales: Aceite de semillas de c\u00e1\u00f1amo enriquecido con salm\u00f3n (rico en Omega3) y extracto CBD Full Spectrum 300mg  Sin aditivos, qu\u00edmicos ni conservantes  Disponible en dos concentraciones: 3% y 7%  Dise\u00f1ado para las necesidades de perros y gatos  Consulta el an\u00e1lisis de calidad.","og_url":"https:\/\/iguanasmoke.com\/pt\/produto\/aceite-de-cbd-fullspectrum-10ml-para-mascotas\/","og_site_name":"Iguana Smoke","article_publisher":"https:\/\/www.facebook.com\/iguanasmoke","article_modified_time":"2026-03-26T14:59:29+00:00","og_image":[{"width":1000,"height":1000,"url":"https:\/\/iguanasmoke.com\/wp-content\/uploads\/2022\/06\/caja-y-botella-3-10-ml-der-1.png","type":"image\/png"}],"twitter_card":"summary_large_image","twitter_misc":{"Disponibilidade":"Em stock"},"schema":{"@context":"https:\/\/schema.org","@graph":[{"@type":"WebPage","@id":"https:\/\/iguanasmoke.com\/producto\/aceite-de-cbd-fullspectrum-10ml-para-mascotas\/","url":"https:\/\/iguanasmoke.com\/producto\/aceite-de-cbd-fullspectrum-10ml-para-mascotas\/","name":"Aceite de CBD para mascotas 10ml | Iguana Smoke","isPartOf":{"@id":"https:\/\/iguanasmoke.com\/#website"},"primaryImageOfPage":{"@id":"https:\/\/iguanasmoke.com\/producto\/aceite-de-cbd-fullspectrum-10ml-para-mascotas\/#primaryimage"},"image":{"@id":"https:\/\/iguanasmoke.com\/producto\/aceite-de-cbd-fullspectrum-10ml-para-mascotas\/#primaryimage"},"thumbnailUrl":"https:\/\/iguanasmoke.com\/wp-content\/uploads\/2022\/06\/caja-y-botella-3-10-ml-der-1.png","datePublished":"2022-06-30T05:47:37+00:00","dateModified":"2026-03-26T14:59:29+00:00","description":"Este \u00f3leo CBD para animais de estima\u00e7\u00e3o 3% 10ml \u00e9 composto por ingredientes naturais. O \u00f3leo Full Spectrum ajuda a combater o stress dos seus animais de estima\u00e7\u00e3o.","breadcrumb":{"@id":"https:\/\/iguanasmoke.com\/producto\/aceite-de-cbd-fullspectrum-10ml-para-mascotas\/#breadcrumb"},"inLanguage":"pt-PT","potentialAction":[{"@type":"ReadAction","target":["https:\/\/iguanasmoke.com\/producto\/aceite-de-cbd-fullspectrum-10ml-para-mascotas\/"]}]},{"@type":"ImageObject","inLanguage":"pt-PT","@id":"https:\/\/iguanasmoke.com\/producto\/aceite-de-cbd-fullspectrum-10ml-para-mascotas\/#primaryimage","url":"https:\/\/iguanasmoke.com\/wp-content\/uploads\/2022\/06\/caja-y-botella-3-10-ml-der-1.png","contentUrl":"https:\/\/iguanasmoke.com\/wp-content\/uploads\/2022\/06\/caja-y-botella-3-10-ml-der-1.png","width":1000,"height":1000,"caption":"aceite CBD full spectrum con salm\u00f3n para mascotas en gotas"},{"@type":"BreadcrumbList","@id":"https:\/\/iguanasmoke.com\/producto\/aceite-de-cbd-fullspectrum-10ml-para-mascotas\/#breadcrumb","itemListElement":[{"@type":"ListItem","position":1,"name":"home","item":"https:\/\/iguanasmoke.com\/"},{"@type":"ListItem","position":2,"name":"Tienda","item":"https:\/\/iguanasmoke.com\/tienda\/"},{"@type":"ListItem","position":3,"name":"Mascotas","item":"https:\/\/iguanasmoke.com\/categoria\/mascotas\/"},{"@type":"ListItem","position":4,"name":"Aceite CBD Mascotas 10ml &#8211; Salm\u00f3n"}]},{"@type":"WebSite","@id":"https:\/\/iguanasmoke.com\/#website","url":"https:\/\/iguanasmoke.com\/","name":"Fumo de Iguana","description":"Comprar CBD online ao melhor pre\u00e7o","publisher":{"@id":"https:\/\/iguanasmoke.com\/#organization"},"potentialAction":[{"@type":"SearchAction","target":{"@type":"EntryPoint","urlTemplate":"https:\/\/iguanasmoke.com\/?s={search_term_string}"},"query-input":{"@type":"PropertyValueSpecification","valueRequired":true,"valueName":"search_term_string"}}],"inLanguage":"pt-PT"},{"@type":"Organization","@id":"https:\/\/iguanasmoke.com\/#organization","name":"Fumo de Iguana","url":"https:\/\/iguanasmoke.com\/","logo":{"@type":"ImageObject","inLanguage":"pt-PT","@id":"https:\/\/iguanasmoke.com\/#\/schema\/logo\/image\/","url":"https:\/\/iguanasmoke.com\/wp-content\/uploads\/2025\/01\/logoiguana-favi-1.png","contentUrl":"https:\/\/iguanasmoke.com\/wp-content\/uploads\/2025\/01\/logoiguana-favi-1.png","width":512,"height":512,"caption":"Iguana Smoke"},"image":{"@id":"https:\/\/iguanasmoke.com\/#\/schema\/logo\/image\/"},"sameAs":["https:\/\/www.facebook.com\/iguanasmoke","https:\/\/www.instagram.com\/iguanasmoke\/"]}]},"product_brand":"variable","og_availability":"instock","product_availability":"instock","product_condition":"new"},"_links":{"self":[{"href":"https:\/\/iguanasmoke.com\/pt\/wp-json\/wp\/v2\/product\/10398","targetHints":{"allow":["GET"]}}],"collection":[{"href":"https:\/\/iguanasmoke.com\/pt\/wp-json\/wp\/v2\/product"}],"about":[{"href":"https:\/\/iguanasmoke.com\/pt\/wp-json\/wp\/v2\/types\/product"}],"replies":[{"embeddable":true,"href":"https:\/\/iguanasmoke.com\/pt\/wp-json\/wp\/v2\/comments?post=10398"}],"wp:featuredmedia":[{"embeddable":true,"href":"https:\/\/iguanasmoke.com\/pt\/wp-json\/wp\/v2\/media\/45056"}],"wp:attachment":[{"href":"https:\/\/iguanasmoke.com\/pt\/wp-json\/wp\/v2\/media?parent=10398"}],"wp:term":[{"taxonomy":"product_brand","embeddable":true,"href":"https:\/\/iguanasmoke.com\/pt\/wp-json\/wp\/v2\/product_brand?post=10398"},{"taxonomy":"product_cat","embeddable":true,"href":"https:\/\/iguanasmoke.com\/pt\/wp-json\/wp\/v2\/product_cat?post=10398"},{"taxonomy":"product_tag","embeddable":true,"href":"https:\/\/iguanasmoke.com\/pt\/wp-json\/wp\/v2\/product_tag?post=10398"}],"curies":[{"name":"wp","href":"https:\/\/api.w.org\/{rel}","templated":true}]}}