{"id":11507,"date":"2022-10-02T20:41:04","date_gmt":"2022-10-02T18:41:04","guid":{"rendered":"https:\/\/iguanasmoke.com\/?post_type=product&#038;p=11507"},"modified":"2026-04-22T08:24:32","modified_gmt":"2026-04-22T06:24:32","slug":"iguana-box-cbd-oferta-da-semana","status":"publish","type":"product","link":"https:\/\/iguanasmoke.com\/pt\/producto\/iguana-box-oferta-cbd-de-la-semana\/","title":{"rendered":"Iguana Box CBD Oferta da semana"},"content":{"rendered":"<h1 data-start=\"1609\" data-end=\"1642\"><span style=\"font-weight: 400;\">Iguana Box CBD Oferta da semana<i>: N\u00e3o vos faltar\u00e1 nada<\/i><\/span><\/h1>\n<p data-start=\"273\" data-end=\"578\"><span style=\"font-weight: 400;\">Se gosta de variar, descobrir novos aromas e desfrutar de flores CBD de alta qualidade, ent\u00e3o o <strong>Iguana Box CBD Oferta da semana <\/strong>\u00e9 para si. Cri\u00e1mos este pacote exclusivo para que possa experimentar alguns dos mais populares <strong>gen\u00e9tica mais popular e mais procurada<\/strong>, todos cuidadosamente selecionados e cultivados de acordo com as normas europeias.<\/span><\/p>\n<p data-start=\"273\" data-end=\"578\"><span style=\"font-weight: 400;\">Al\u00e9m disso, esta caixa vem com flores CBD (<strong>10-15% de CBD e menos de 0,3% de THC<\/strong>), totalmente<strong> legal em Espanha<\/strong>, O CBD Pocket CBD Broad Spectrum \u00e9 ideal para quem procura uma experi\u00eancia equilibrada e arom\u00e1tica sem efeitos psicoactivos. Este pacote \u00e9 completado com um Pocket CBD Broad Spectrum, pronto a usar.<\/span><\/p>\n<p>&nbsp;<\/p>\n<h2 data-start=\"273\" data-end=\"578\"><strong>O que \u00e9 que a oferta da semana da Iguana Box CBD inclui? <\/strong><\/h2>\n<p data-start=\"273\" data-end=\"578\"><span style=\"font-weight: 400;\">Em primeiro lugar, neste pacote pode escolher entre desfrutar de <strong>1 x <a href=\"https:\/\/iguanasmoke.com\/pt\/produto\/comprar-cbd-flower-sting-cbd-pronto-a-rolar-15gr\/\">CBD Flower Sting| Pronto para enrolar 15g<\/a><\/strong> o <strong>1 x 2g CBD Flowers Indoor<\/strong> (escolher entre <a href=\"https:\/\/iguanasmoke.com\/pt\/produto\/flor-cbd-amnesia-interior-2\/\"><strong>Amn\u00e9sia Indoor<\/strong><\/a>\/ <a href=\"https:\/\/iguanasmoke.com\/pt\/produto\/flor-cbd-white-widow-indoor\/\"><strong>Vi\u00fava branca Interior<\/strong><\/a>)<\/span><\/p>\n<p data-start=\"273\" data-end=\"578\"><span style=\"font-weight: 400;\">Para continuar, selecione at\u00e9 <strong>2 sacos de 3 gramas das suas flores CBD preferidas<\/strong>, poder\u00e1 escolher entre todas as variedades: <\/span><\/p>\n<ul>\n<li style=\"list-style-type: none;\">\n<ul>\n<li data-start=\"273\" data-end=\"578\"><span style=\"font-weight: 400;\"><strong><a href=\"https:\/\/iguanasmoke.com\/pt\/produto\/comprar-flower-sour-tsunami-cbd-flower-buds-online\/\">Tsunami azedo<\/a>:<\/strong> Fresco, c\u00edtrico, perfeito para quem procura sensa\u00e7\u00f5es suaves e limpas. <\/span><\/li>\n<li data-start=\"273\" data-end=\"578\"><span style=\"font-weight: 400;\"><strong><a href=\"https:\/\/iguanasmoke.com\/pt\/produto\/comprar-flor-gelato-cbd-flower-buds-online-2\/\">Gelado<\/a>:<\/strong> Doce e cremoso, preferido pelo seu aroma intenso. <\/span><\/li>\n<li data-start=\"273\" data-end=\"578\"><span style=\"font-weight: 400;\"><strong><a href=\"https:\/\/iguanasmoke.com\/pt\/produto\/comprar-flower-ak-47-cbd-buds-online\/\">AK-47<\/a>:<\/strong> Poderoso em nuances, com um perfil cl\u00e1ssico e picante.<\/span><\/li>\n<li data-start=\"273\" data-end=\"578\"><span style=\"font-weight: 400;\"><a href=\"https:\/\/iguanasmoke.com\/pt\/produto\/comprar-flower-shelby-cbd-buds-online\/\"><strong>Shelby<\/strong><\/a>Elegante e equilibrado, ideal para qualquer altura do dia. <\/span><\/li>\n<li data-start=\"273\" data-end=\"578\"><span style=\"font-weight: 400;\"><a href=\"https:\/\/iguanasmoke.com\/pt\/produto\/comprar-flower-amnesia-cbd-cbd-buds-online\/\"><strong>Amn\u00e9sia<\/strong><\/a>Inconfund\u00edvel, com fortes notas c\u00edtricas e herb\u00e1ceas. <\/span><\/li>\n<li data-start=\"273\" data-end=\"578\"><span style=\"font-weight: 400;\"><a href=\"https:\/\/iguanasmoke.com\/pt\/produto\/comprar-flower-gorilla-glue-cbd-cbd-buds-online\/\"><strong>Gorila<\/strong> <strong>Cola<\/strong><\/a>Terroso e profundo, com uma presen\u00e7a arom\u00e1tica brutal. <\/span><\/li>\n<li data-start=\"273\" data-end=\"578\"><span style=\"font-weight: 400;\"><a href=\"https:\/\/iguanasmoke.com\/pt\/produto\/comprar-flower-sour-diesel-cbd-flower-buds-online\/\"><strong>Azedo<\/strong> <strong>Gas\u00f3leo<\/strong><\/a>A gen\u00e9tica m\u00edtica, \u00e1cida e penetrante, que nunca falha<\/span><\/li>\n<li data-start=\"273\" data-end=\"578\"><span style=\"font-weight: 400;\"><strong><a href=\"https:\/\/iguanasmoke.com\/pt\/produto\/comprar-botoes-de-cbd-flower-cherry-haze-online-2\/\">Cereja Haze<\/a>:<\/strong> Doce e frutado em partes iguais. <\/span><\/li>\n<li data-start=\"273\" data-end=\"578\"><span style=\"font-weight: 400;\"><strong><a href=\"https:\/\/iguanasmoke.com\/pt\/produto\/comprar-flower-alien-og-cbd-buds-online\/\">Alien\u00edgena OG<\/a>:<\/strong> Intenso, terroso e com um ligeiro cheiro a queijo. <\/span><\/li>\n<li data-start=\"273\" data-end=\"578\"><span style=\"font-weight: 400;\"><a href=\"https:\/\/iguanasmoke.com\/pt\/produto\/comprar-tropical-flower-cookies-cbd-buds-online\/\"><strong>Biscoitos tropicais:<\/strong><\/a> Ex\u00f3tico e gourmand, n\u00e3o desilude. <\/span><\/li>\n<li data-start=\"273\" data-end=\"578\"><span style=\"font-weight: 400;\"><strong><a href=\"https:\/\/iguanasmoke.com\/pt\/produto\/comprar-flower-super-skunk-cbd-cbd-buds-online\/\">Super Skunk<\/a>:<\/strong> Os mais fedorentos e potentes, preparem-se. <\/span><\/li>\n<li data-start=\"273\" data-end=\"578\"><span style=\"font-weight: 400;\"><strong><a href=\"https:\/\/iguanasmoke.com\/pt\/produto\/comprar-flower-iguana-kush-cbd-cbd-buds-online\/\">Iguana Kush<\/a>:<\/strong> O queridinho da casa, o mais \u00fanico: profundo e relaxante.<\/span><\/li>\n<\/ul>\n<\/li>\n<\/ul>\n<p><span style=\"font-weight: 400;\">E tu escolhes como gostas, completa o teu pacote de flores CBD escolhendo entre os diferentes terpenos da <strong>CBD Vaper - C\u00e1psula de bolso Iguana de largo espetro<\/strong>: <\/span><\/p>\n<ul>\n<li style=\"list-style-type: none;\">\n<ul>\n<li style=\"list-style-type: none;\">\n<ul>\n<li><strong>1 x <a href=\"https:\/\/iguanasmoke.com\/pt\/produto\/vape-cbd-iguana-pod-pocket-ak-47-broad-spectrum-750mg\/\">AK-47<\/a> o<\/strong><\/li>\n<li><strong>1 x <a href=\"https:\/\/iguanasmoke.com\/pt\/produto\/capsula-cbd-descartavel-iguana-capsula-iguana-bolso-amnesia-largo-espetro-750mg\/\">Amn\u00e9sia\u00a0<\/a>o<\/strong><\/li>\n<li><strong>1 x <a href=\"https:\/\/iguanasmoke.com\/pt\/produto\/capsula-de-cbd-descartavel-iguana-capsula-de-bolso-lemon-haze-largo-espetro-750mg\/\">Haze de lim\u00e3o<\/a><\/strong><\/li>\n<\/ul>\n<\/li>\n<\/ul>\n<\/li>\n<\/ul>\n<p><span style=\"font-weight: 400;\">Por fim, pode escolher entre<strong> 1 x<\/strong>\u00a0<a href=\"https:\/\/iguanasmoke.com\/pt\/produto\/papeis-de-enrolar-de-canhamo-king-size-com-filtros\/\"><strong>papel de enrolar de c\u00e2nhamo Jap\u00e3o King Size com filtros<\/strong><\/a> o <strong>1 x<\/strong> <a href=\"https:\/\/iguanasmoke.com\/pt\/produto\/comprar-flores-de-cbd-cone-pre-rolamento-cone-king-size-cbd-1gr\/\"><strong>Pre Roll CBD - Cone de CBD de tamanho grande<\/strong><\/a> .<\/span><\/p>\n<p data-start=\"273\" data-end=\"578\"><span style=\"font-weight: 400;\">Tudo foi concebido para que s\u00f3 tenha de abrir a caixa e desfrutar <strong>Iguana Box CBD Oferta da semana<\/strong>.<\/span><\/p>\n<p>&nbsp;<\/p>\n<h2 data-start=\"273\" data-end=\"578\"><strong>Porqu\u00ea escolher a oferta da semana da Iguana Box CBD? <\/strong><\/h2>\n<ul>\n<li data-start=\"273\" data-end=\"578\"><span style=\"font-weight: 400;\">Sele\u00e7\u00e3o variada de flores CBD de primeira qualidade <\/span><\/li>\n<li data-start=\"273\" data-end=\"578\"><span style=\"font-weight: 400;\">Ideal para testar v\u00e1rias gen\u00e9ticas numa \u00fanica embalagem. <\/span><\/li>\n<li data-start=\"273\" data-end=\"578\"><span style=\"font-weight: 400;\">CBD entre 10 e 15% e THC inferior a 0,3% <\/span><\/li>\n<li data-start=\"273\" data-end=\"578\"><span style=\"font-weight: 400;\">Produto legal, seguro e testado <\/span><\/li>\n<li data-start=\"273\" data-end=\"578\"><span style=\"font-weight: 400;\">Perfeito como presente... ou como presente para si pr\u00f3prio. <\/span><\/li>\n<\/ul>\n<p><span style=\"font-weight: 400;\">O <strong>Iguana Box CBD Oferta da semana<\/strong>\u00a0N\u00e3o se trata apenas de um pacote, \u00e9 uma experi\u00eancia completa para quem aprecia CBD de qualidade. Descubra, compare e encontre o seu favorito.<\/span><\/p>\n<p>&nbsp;<\/p>\n<h4 data-start=\"1671\" data-end=\"1708\">\ud83d\ude9a Portes inclu\u00eddos, sem surpresas<\/h4>\n<p data-start=\"1710\" data-end=\"1839\">O pre\u00e7o da Iguana Box inclui <strong data-start=\"1745\" data-end=\"1764\">custos de envio<\/strong>, para que receba o seu pack comodamente em casa, de forma r\u00e1pida e discreta.<\/p>\n<p>&nbsp;<\/p>\n<h3><b>Iguana Smoke \u00e9 a sua loja online de CBD\u00a0<\/b><\/h3>\n<p><span style=\"font-weight: 400;\">Em<strong> Fumo de Iguana<\/strong>, Acreditamos que desfrutar do CBD deve ser uma experi\u00eancia segura. \u00c9 por isso que temos produtos como este <strong>Iguana Box CBD Oferta da semana<\/strong>, A marca liga-se \u00e0s novas gera\u00e7\u00f5es: pessoas que procuram um bem-estar descomplicado, com marcas aut\u00eanticas e fi\u00e1veis.\u00a0<\/span><\/p>\n<p>A nossa miss\u00e3o \u00e9 clara: trazer-lhe o melhor do mundo dos canabin\u00f3ides a um pre\u00e7o justo. Al\u00e9m disso, damos-lhe a paz de esp\u00edrito de saber que est\u00e1 a escolher um produto certificado, eficaz e legal 100%. O seu tempo de relaxamento come\u00e7a aqui connosco com as nossas flores CBD.<\/p>\n<p>Ainda tem d\u00favidas? Escreva-nos e teremos todo o gosto em ajud\u00e1-lo a encontrar o produto certo para si.<\/p>\n<p>&nbsp;<\/p>\n<h6>\u2139\ufe0f<strong> Informa\u00e7\u00e3o jur\u00eddica<\/strong><\/h6>\n<p><em><span style=\"font-weight: 400;\">*Produto destinado a cole\u00e7\u00e3o ou aromaterapia, de acordo com a legisla\u00e7\u00e3o espanhola em vigor. <\/span><\/em><\/p>\n<p><em><span style=\"font-weight: 400;\">**Derivado de c\u00e2nhamo industrial certificado. Cont\u00e9m menos de 0,3 THC e n\u00e3o cont\u00e9m canabin\u00f3ides ilegais como HHC, HHC-P, THCP, THCP-O, H4CBD ou subst\u00e2ncias enumeradas no Anexo I do Decreto Real 2829\/1977, nem subst\u00e2ncias controladas por conven\u00e7\u00f5es internacionais.\u00a0\u00a0<\/span><\/em><\/p>","protected":false},"excerpt":{"rendered":"<p><span style=\"font-weight: 400;\">Prep\u00e1rate porque esta Iguana Box viene llena de flores de CBD (10-15%CBD y &lt;0,3%THC):<\/span><\/p>\n<ul>\n<li>1 x Picadura de Flores CBD- Ready to Roll o 1 x 2 gramos Flor CBD Indoor a elegir<\/li>\n<li>2 bolsas de flores CBD 3g a tu elecci\u00f3n<\/li>\n<li>1 x Papel de Liar de c\u00e1\u00f1amo King Size o 1 x Pre Roll Cono CBD<\/li>\n<li>1 x Vaper CBD &#8211; Iguana Pod Pocket Broad Spectrum 750mg a elecci\u00f3n<\/li>\n<\/ul>\n<p>[Gastos de env\u00edo inclu\u00eddos]<\/p>\n<p><em><span style=\"font-weight: 400;\">Precio sin descuento: 69,90\u20ac | precio pack descuento: 40\u20ac =&gt; <strong>ahorro de 29,90\u20ac con un descuento del 42,8%<\/strong><\/span>\u00a0<\/em><\/p>\n<p><span style=\"font-weight: 400;\">Consulta<strong>\u00a0<a href=\"https:\/\/iguanasmoke.com\/analiticas\/\">el an\u00e1lisis de laboratorio.<\/a><\/strong><\/span><\/p>\n","protected":false},"featured_media":77332,"comment_status":"open","ping_status":"closed","template":"","meta":{"_acf_changed":false,"site-sidebar-layout":"default","site-content-layout":"default","ast-site-content-layout":"default","site-content-style":"default","site-sidebar-style":"default","ast-global-header-display":"","ast-banner-title-visibility":"","ast-main-header-display":"","ast-hfb-above-header-display":"","ast-hfb-below-header-display":"","ast-hfb-mobile-header-display":"","site-post-title":"","ast-breadcrumbs-content":"","ast-featured-img":"","footer-sml-layout":"","theme-transparent-header-meta":"default","adv-header-id-meta":"","stick-header-meta":"","header-above-stick-meta":"","header-main-stick-meta":"","header-below-stick-meta":"","astra-migrate-meta-layouts":"set","ast-page-background-enabled":"default","ast-page-background-meta":{"desktop":{"background-color":"var(--ast-global-color-4)","background-image":"","background-repeat":"repeat","background-position":"center center","background-size":"auto","background-attachment":"scroll","background-type":"","background-media":"","overlay-type":"","overlay-color":"","overlay-opacity":"","overlay-gradient":""},"tablet":{"background-color":"","background-image":"","background-repeat":"repeat","background-position":"center center","background-size":"auto","background-attachment":"scroll","background-type":"","background-media":"","overlay-type":"","overlay-color":"","overlay-opacity":"","overlay-gradient":""},"mobile":{"background-color":"","background-image":"","background-repeat":"repeat","background-position":"center center","background-size":"auto","background-attachment":"scroll","background-type":"","background-media":"","overlay-type":"","overlay-color":"","overlay-opacity":"","overlay-gradient":""}},"ast-content-background-meta":{"desktop":{"background-color":"var(--ast-global-color-5)","background-image":"","background-repeat":"repeat","background-position":"center center","background-size":"auto","background-attachment":"scroll","background-type":"","background-media":"","overlay-type":"","overlay-color":"","overlay-opacity":"","overlay-gradient":""},"tablet":{"background-color":"var(--ast-global-color-5)","background-image":"","background-repeat":"repeat","background-position":"center center","background-size":"auto","background-attachment":"scroll","background-type":"","background-media":"","overlay-type":"","overlay-color":"","overlay-opacity":"","overlay-gradient":""},"mobile":{"background-color":"var(--ast-global-color-5)","background-image":"","background-repeat":"repeat","background-position":"center center","background-size":"auto","background-attachment":"scroll","background-type":"","background-media":"","overlay-type":"","overlay-color":"","overlay-opacity":"","overlay-gradient":""}}},"product_brand":[],"product_cat":[349],"product_tag":[],"class_list":{"0":"post-11507","1":"product","2":"type-product","3":"status-publish","4":"has-post-thumbnail","6":"product_cat-packs-y-ofertas-cbd","7":"desktop-align-center","8":"tablet-align-center","9":"mobile-align-center","11":"first","12":"instock","13":"sale","14":"taxable","15":"shipping-taxable","16":"purchasable","17":"product-type-composite"},"acf":[],"yoast_head":"<!-- This site is optimized with the Yoast SEO Premium plugin v27.3 (Yoast SEO v27.3) - https:\/\/yoast.com\/product\/yoast-seo-premium-wordpress\/ -->\n<title>Iguana Box Oferta CBD de la Semana | Iguana Smoke<\/title>\n<meta name=\"description\" content=\"Descubre la Iguana Box Oferta CBD de la Semana y disfruta de flores CBD de alta calidad. Var\u00eda y prueba gen\u00e9ticas populares, \u00a1no te lo pierdas!\" \/>\n<meta name=\"robots\" content=\"index, follow, max-snippet:-1, max-image-preview:large, max-video-preview:-1\" \/>\n<link rel=\"canonical\" href=\"https:\/\/iguanasmoke.com\/pt\/produto\/iguana-box-cbd-oferta-da-semana\/\" \/>\n<meta property=\"og:locale\" content=\"pt_PT\" \/>\n<meta property=\"og:type\" content=\"article\" \/>\n<meta property=\"og:title\" content=\"Iguana Box Oferta CBD de la Semana\" \/>\n<meta property=\"og:description\" content=\"Prep\u00e1rate porque esta Iguana Box viene llena de flores de CBD (10-15%CBD y &lt;0,3%THC):   1 x Picadura de Flores CBD- Ready to Roll o 1 x 2 gramos Flor CBD Indoor a elegir  2 bolsas de flores CBD 3g a tu elecci\u00f3n  1 x Papel de Liar de c\u00e1\u00f1amo King Size o 1 x Pre Roll Cono CBD  1 x Vaper CBD - Iguana Pod Pocket Broad Spectrum 750mg a elecci\u00f3n    Precio sin descuento: 69,90\u20ac | precio pack descuento: 40\u20ac =&gt; ahorro de 29,90\u20ac con un descuento del 42,8%\u00a0  Consulta\u00a0el an\u00e1lisis de laboratorio.\" \/>\n<meta property=\"og:url\" content=\"https:\/\/iguanasmoke.com\/pt\/produto\/iguana-box-cbd-oferta-da-semana\/\" \/>\n<meta property=\"og:site_name\" content=\"Iguana Smoke\" \/>\n<meta property=\"article:publisher\" content=\"https:\/\/www.facebook.com\/iguanasmoke\" \/>\n<meta property=\"article:modified_time\" content=\"2026-04-22T06:24:32+00:00\" \/>\n<meta property=\"og:image\" content=\"https:\/\/iguanasmoke.com\/wp-content\/uploads\/2022\/10\/Iguana-Oferta-Pack-3.webp\" \/>\n\t<meta property=\"og:image:width\" content=\"1000\" \/>\n\t<meta property=\"og:image:height\" content=\"1000\" \/>\n\t<meta property=\"og:image:type\" content=\"image\/webp\" \/>\n<meta name=\"twitter:card\" content=\"summary_large_image\" \/>\n<meta name=\"twitter:label1\" content=\"pre\u00e7o\" \/>\n\t<meta name=\"twitter:data1\" content=\"40,00&nbsp;&euro;\" \/>\n\t<meta name=\"twitter:label2\" content=\"Disponibilidade\" \/>\n\t<meta name=\"twitter:data2\" content=\"Em stock\" \/>\n<meta property=\"product:brand\" content=\"composite\" \/>\n<meta property=\"product:price:amount\" content=\"40.00\" \/>\n<meta property=\"product:price:currency\" content=\"EUR\" \/>\n<meta property=\"og:availability\" content=\"instock\" \/>\n<meta property=\"product:availability\" content=\"instock\" \/>\n<meta property=\"product:retailer_item_id\" content=\"IS-PACKWEEK\" \/>\n<meta property=\"product:condition\" content=\"new\" \/>\n<!-- \/ Yoast SEO Premium plugin. -->","yoast_head_json":{"title":"Iguana Box CBD Oferta da semana: Iguana Smoke","description":"Descubra a Iguana Box CBD Deal of the Week e desfrute de flores CBD de alta qualidade. Varie e experimente as gen\u00e9ticas populares, n\u00e3o perca!","robots":{"index":"index","follow":"follow","max-snippet":"max-snippet:-1","max-image-preview":"max-image-preview:large","max-video-preview":"max-video-preview:-1"},"canonical":"https:\/\/iguanasmoke.com\/pt\/produto\/iguana-box-cbd-oferta-da-semana\/","og_locale":"pt_PT","og_type":"article","og_title":"Iguana Box Oferta CBD de la Semana","og_description":"Prep\u00e1rate porque esta Iguana Box viene llena de flores de CBD (10-15%CBD y &lt;0,3%THC):   1 x Picadura de Flores CBD- Ready to Roll o 1 x 2 gramos Flor CBD Indoor a elegir  2 bolsas de flores CBD 3g a tu elecci\u00f3n  1 x Papel de Liar de c\u00e1\u00f1amo King Size o 1 x Pre Roll Cono CBD  1 x Vaper CBD - Iguana Pod Pocket Broad Spectrum 750mg a elecci\u00f3n    Precio sin descuento: 69,90\u20ac | precio pack descuento: 40\u20ac =&gt; ahorro de 29,90\u20ac con un descuento del 42,8%\u00a0  Consulta\u00a0el an\u00e1lisis de laboratorio.","og_url":"https:\/\/iguanasmoke.com\/pt\/produto\/iguana-box-cbd-oferta-da-semana\/","og_site_name":"Iguana Smoke","article_publisher":"https:\/\/www.facebook.com\/iguanasmoke","article_modified_time":"2026-04-22T06:24:32+00:00","og_image":[{"width":1000,"height":1000,"url":"https:\/\/iguanasmoke.com\/wp-content\/uploads\/2022\/10\/Iguana-Oferta-Pack-3.webp","type":"image\/webp"}],"twitter_card":"summary_large_image","twitter_misc":{"pre\u00e7o":"40,00&nbsp;&euro;","Disponibilidade":"Em stock"},"schema":{"@context":"https:\/\/schema.org","@graph":[{"@type":"WebPage","@id":"https:\/\/iguanasmoke.com\/producto\/iguana-box-oferta-cbd-de-la-semana\/","url":"https:\/\/iguanasmoke.com\/producto\/iguana-box-oferta-cbd-de-la-semana\/","name":"Iguana Box CBD Oferta da semana: Iguana Smoke","isPartOf":{"@id":"https:\/\/iguanasmoke.com\/#website"},"primaryImageOfPage":{"@id":"https:\/\/iguanasmoke.com\/producto\/iguana-box-oferta-cbd-de-la-semana\/#primaryimage"},"image":{"@id":"https:\/\/iguanasmoke.com\/producto\/iguana-box-oferta-cbd-de-la-semana\/#primaryimage"},"thumbnailUrl":"https:\/\/iguanasmoke.com\/wp-content\/uploads\/2022\/10\/Iguana-Oferta-Pack-3.webp","datePublished":"2022-10-02T18:41:04+00:00","dateModified":"2026-04-22T06:24:32+00:00","description":"Descubra a Iguana Box CBD Deal of the Week e desfrute de flores CBD de alta qualidade. Varie e experimente as gen\u00e9ticas populares, n\u00e3o perca!","breadcrumb":{"@id":"https:\/\/iguanasmoke.com\/producto\/iguana-box-oferta-cbd-de-la-semana\/#breadcrumb"},"inLanguage":"pt-PT","potentialAction":[{"@type":"ReadAction","target":["https:\/\/iguanasmoke.com\/producto\/iguana-box-oferta-cbd-de-la-semana\/"]}]},{"@type":"ImageObject","inLanguage":"pt-PT","@id":"https:\/\/iguanasmoke.com\/producto\/iguana-box-oferta-cbd-de-la-semana\/#primaryimage","url":"https:\/\/iguanasmoke.com\/wp-content\/uploads\/2022\/10\/Iguana-Oferta-Pack-3.webp","contentUrl":"https:\/\/iguanasmoke.com\/wp-content\/uploads\/2022\/10\/Iguana-Oferta-Pack-3.webp","width":1000,"height":1000,"caption":"Iguana Box Oferta CBD de la Semana"},{"@type":"BreadcrumbList","@id":"https:\/\/iguanasmoke.com\/producto\/iguana-box-oferta-cbd-de-la-semana\/#breadcrumb","itemListElement":[{"@type":"ListItem","position":1,"name":"home","item":"https:\/\/iguanasmoke.com\/"},{"@type":"ListItem","position":2,"name":"Tienda","item":"https:\/\/iguanasmoke.com\/tienda\/"},{"@type":"ListItem","position":3,"name":"Packs y Ofertas","item":"https:\/\/iguanasmoke.com\/categoria\/packs-y-ofertas-cbd\/"},{"@type":"ListItem","position":4,"name":"Iguana Box Oferta CBD de la Semana"}]},{"@type":"WebSite","@id":"https:\/\/iguanasmoke.com\/#website","url":"https:\/\/iguanasmoke.com\/","name":"Fumo de Iguana","description":"Comprar CBD online ao melhor pre\u00e7o","publisher":{"@id":"https:\/\/iguanasmoke.com\/#organization"},"potentialAction":[{"@type":"SearchAction","target":{"@type":"EntryPoint","urlTemplate":"https:\/\/iguanasmoke.com\/?s={search_term_string}"},"query-input":{"@type":"PropertyValueSpecification","valueRequired":true,"valueName":"search_term_string"}}],"inLanguage":"pt-PT"},{"@type":"Organization","@id":"https:\/\/iguanasmoke.com\/#organization","name":"Fumo de Iguana","url":"https:\/\/iguanasmoke.com\/","logo":{"@type":"ImageObject","inLanguage":"pt-PT","@id":"https:\/\/iguanasmoke.com\/#\/schema\/logo\/image\/","url":"https:\/\/iguanasmoke.com\/wp-content\/uploads\/2025\/01\/logoiguana-favi-1.png","contentUrl":"https:\/\/iguanasmoke.com\/wp-content\/uploads\/2025\/01\/logoiguana-favi-1.png","width":512,"height":512,"caption":"Iguana Smoke"},"image":{"@id":"https:\/\/iguanasmoke.com\/#\/schema\/logo\/image\/"},"sameAs":["https:\/\/www.facebook.com\/iguanasmoke","https:\/\/www.instagram.com\/iguanasmoke\/"]}]},"product_brand":"composite","product_price_amount":"40.00","product_price_currency":"EUR","og_availability":"instock","product_availability":"instock","product_retailer_item_id":"IS-PACKWEEK","product_condition":"new"},"_links":{"self":[{"href":"https:\/\/iguanasmoke.com\/pt\/wp-json\/wp\/v2\/product\/11507","targetHints":{"allow":["GET"]}}],"collection":[{"href":"https:\/\/iguanasmoke.com\/pt\/wp-json\/wp\/v2\/product"}],"about":[{"href":"https:\/\/iguanasmoke.com\/pt\/wp-json\/wp\/v2\/types\/product"}],"replies":[{"embeddable":true,"href":"https:\/\/iguanasmoke.com\/pt\/wp-json\/wp\/v2\/comments?post=11507"}],"wp:featuredmedia":[{"embeddable":true,"href":"https:\/\/iguanasmoke.com\/pt\/wp-json\/wp\/v2\/media\/77332"}],"wp:attachment":[{"href":"https:\/\/iguanasmoke.com\/pt\/wp-json\/wp\/v2\/media?parent=11507"}],"wp:term":[{"taxonomy":"product_brand","embeddable":true,"href":"https:\/\/iguanasmoke.com\/pt\/wp-json\/wp\/v2\/product_brand?post=11507"},{"taxonomy":"product_cat","embeddable":true,"href":"https:\/\/iguanasmoke.com\/pt\/wp-json\/wp\/v2\/product_cat?post=11507"},{"taxonomy":"product_tag","embeddable":true,"href":"https:\/\/iguanasmoke.com\/pt\/wp-json\/wp\/v2\/product_tag?post=11507"}],"curies":[{"name":"wp","href":"https:\/\/api.w.org\/{rel}","templated":true}]}}