{"id":15478,"date":"2023-04-15T13:18:45","date_gmt":"2023-04-15T11:18:45","guid":{"rendered":"https:\/\/iguanasmoke.com\/?post_type=product&#038;p=15478"},"modified":"2025-12-17T13:49:59","modified_gmt":"2025-12-17T12:49:59","slug":"presente-popcorn-sour-tsunami-cbd-3gr","status":"publish","type":"product","link":"https:\/\/iguanasmoke.com\/pt\/producto\/popcorn-sour-tsunami-cbd-3gr-regalo\/","title":{"rendered":"Popcorn Sour Tsunami CBD 3g Oferta gratuita"},"content":{"rendered":"<h3>Pipocas azedas Tsunami CBD<\/h3>\n<p>A Popcorn Sour Tsunami CBD \u00e9 conhecida pelo seu cheiro carater\u00edstico: doce e a gas\u00f3leo. Alguns podem notar um aroma a chocolate. Na expira\u00e7\u00e3o, pode detetar-se um cheiro azedo ou amargo, da\u00ed o nome. Os bot\u00f5es s\u00e3o verdes, alguns mais claros do que outros, e tingidos de p\u00farpura.<\/p>\n<p style=\"text-align: justify\">As flores Iguana Smoke CBD s\u00e3o colhidas em Espanha de uma forma 100% org\u00e2nica, livre de pesticidas e OGM.<\/p>\n<p style=\"text-align: justify\">Todas as flores da Iguana Smoke s\u00e3o 100% legais, pois s\u00e3o colhidas de plantas de Cannabis Sativa aprovadas pela UE e cont\u00eam menos de 0,2% de THC, pelo que n\u00e3o t\u00eam efeito psicoativo.<\/p>\n<h3>COMPRAR FLORES CBD FUMO DE IGUANA<\/h3>\n<p>Se procura uma forma f\u00e1cil e c\u00f3moda de comprar flores de CBD no Reino Unido, n\u00e3o h\u00e1 melhor op\u00e7\u00e3o do que fazer compras online. Comprar flores de CBD online d\u00e1-lhe acesso a uma grande variedade de produtos de alta qualidade sem ter de sair de casa.<\/p>\n<p>O mercado do CBD tem crescido significativamente nos \u00faltimos anos, o que significa que existem muitas op\u00e7\u00f5es dispon\u00edveis para os consumidores. Ao comprar flores de CBD online, pode facilmente comparar diferentes marcas e produtos para encontrar a melhor op\u00e7\u00e3o para si.<\/p>\n<p>Na Iguana Smoke, o nosso objetivo \u00e9 oferecer a melhor qualidade em todos os nossos produtos. Seleccionamos as nossas flores CBD uma a uma para garantir que obt\u00e9m apenas o melhor. Compre as melhores flores CBD em Espanha na nossa loja online e comprove a grande qualidade da Iguana Smoke.<\/p>\n<h3>C\u00c2NHAMO 100% BIOL\u00d3GICO, SEM PESTICIDAS E SEM OGM<\/h3>\n<p>As flores Iguana Smoke CBD s\u00e3o colhidas de forma sustent\u00e1vel em Espanha, c\u00e2nhamo org\u00e2nico 100%, livre de pesticidas e OGM. Todas as flores Iguana Smoke CBD s\u00e3o extra\u00eddas de plantas de Cannabis Sativa aprovadas pela UE. Cont\u00eam menos de 0,2% THC, pelo que n\u00e3o t\u00eam efeito psicoativo e s\u00e3o 100% legais.<\/p>\n<h3>PORQU\u00ca O FUMO DAS IGUANAS?<\/h3>\n<p>Iguana Smoke \u00e9 sin\u00f3nimo de qualidade; uma marca atractiva que se liga \u00e0s novas gera\u00e7\u00f5es de consumidores de CBD que procuram um produto seguro, fi\u00e1vel e acess\u00edvel que tenha todas as carater\u00edsticas para se posicionar com sucesso no florescente mercado do CBD. Se tiver alguma d\u00favida, contacte-nos e teremos todo o gosto em ajud\u00e1-lo.<\/p>\n<p>Compre flores CBD ao melhor pre\u00e7o no nosso site e descubra toda a nossa linha de produtos derivados do c\u00e2nhamo que temos dispon\u00edveis para si.<\/p>","protected":false},"excerpt":{"rendered":"<ul>\n<li>CBD: 15% \/ THC: &lt; 0,2%<\/li>\n<li>Pequenos bot\u00f5es<\/li>\n<li>Dominante Sativa<\/li>\n<li>Aroma forte com tons doces<\/li>\n<\/ul>\n<p>100% legal na Europa<\/p>\n<p>An\u00e1lise da qualidade: clique <a href=\"https:\/\/iguanasmoke.com\/wp-content\/uploads\/2018\/02\/Flor-Sour-Tsunami.pdf\" target=\"_blank\" rel=\"noopener\">aqui<\/a><\/p>\n<p>A Popcorn Sour Tsunami CBD \u00e9 conhecida pelo seu cheiro carater\u00edstico: doce e a gas\u00f3leo. Alguns podem notar um aroma a chocolate.<\/p>","protected":false},"featured_media":15360,"comment_status":"open","ping_status":"closed","template":"","meta":{"_acf_changed":false,"site-sidebar-layout":"default","site-content-layout":"default","ast-site-content-layout":"default","site-content-style":"default","site-sidebar-style":"default","ast-global-header-display":"","ast-banner-title-visibility":"","ast-main-header-display":"","ast-hfb-above-header-display":"","ast-hfb-below-header-display":"","ast-hfb-mobile-header-display":"","site-post-title":"","ast-breadcrumbs-content":"","ast-featured-img":"","footer-sml-layout":"","theme-transparent-header-meta":"default","adv-header-id-meta":"","stick-header-meta":"","header-above-stick-meta":"","header-main-stick-meta":"","header-below-stick-meta":"","astra-migrate-meta-layouts":"set","ast-page-background-enabled":"default","ast-page-background-meta":{"desktop":{"background-color":"var(--ast-global-color-4)","background-image":"","background-repeat":"repeat","background-position":"center center","background-size":"auto","background-attachment":"scroll","background-type":"","background-media":"","overlay-type":"","overlay-color":"","overlay-opacity":"","overlay-gradient":""},"tablet":{"background-color":"","background-image":"","background-repeat":"repeat","background-position":"center center","background-size":"auto","background-attachment":"scroll","background-type":"","background-media":"","overlay-type":"","overlay-color":"","overlay-opacity":"","overlay-gradient":""},"mobile":{"background-color":"","background-image":"","background-repeat":"repeat","background-position":"center center","background-size":"auto","background-attachment":"scroll","background-type":"","background-media":"","overlay-type":"","overlay-color":"","overlay-opacity":"","overlay-gradient":""}},"ast-content-background-meta":{"desktop":{"background-color":"var(--ast-global-color-5)","background-image":"","background-repeat":"repeat","background-position":"center center","background-size":"auto","background-attachment":"scroll","background-type":"","background-media":"","overlay-type":"","overlay-color":"","overlay-opacity":"","overlay-gradient":""},"tablet":{"background-color":"var(--ast-global-color-5)","background-image":"","background-repeat":"repeat","background-position":"center center","background-size":"auto","background-attachment":"scroll","background-type":"","background-media":"","overlay-type":"","overlay-color":"","overlay-opacity":"","overlay-gradient":""},"mobile":{"background-color":"var(--ast-global-color-5)","background-image":"","background-repeat":"repeat","background-position":"center center","background-size":"auto","background-attachment":"scroll","background-type":"","background-media":"","overlay-type":"","overlay-color":"","overlay-opacity":"","overlay-gradient":""}}},"product_brand":[],"product_cat":[447,209],"product_tag":[],"class_list":{"0":"post-15478","1":"product","2":"type-product","3":"status-publish","4":"has-post-thumbnail","6":"product_cat-pop-corn-cbd-cogollos-pequenos-cbd-mini-buds-cbd","7":"product_cat-uncategorized","8":"desktop-align-center","9":"tablet-align-center","10":"mobile-align-center","12":"first","13":"outofstock","14":"taxable","15":"shipping-taxable","16":"purchasable","17":"product-type-simple"},"acf":[],"yoast_head":"<!-- This site is optimized with the Yoast SEO Premium plugin v27.3 (Yoast SEO v27.3) - https:\/\/yoast.com\/product\/yoast-seo-premium-wordpress\/ -->\n<title>Popcorn Sour Tsunami CBD 3gr Regalo | Iguana Smoke<\/title>\n<meta name=\"description\" content=\"Compra flores Popcorn Sour Tsunami CBD al mejor precio y con una calidad inigualable en Iguana Smoke. Env\u00edo gratuito en Espa\u00f1a y Portugal a partir de 30\u20ac.\" \/>\n<meta name=\"robots\" content=\"index, follow, max-snippet:-1, max-image-preview:large, max-video-preview:-1\" \/>\n<link rel=\"canonical\" href=\"https:\/\/iguanasmoke.com\/pt\/produto\/presente-popcorn-sour-tsunami-cbd-3gr\/\" \/>\n<meta property=\"og:locale\" content=\"pt_PT\" \/>\n<meta property=\"og:type\" content=\"article\" \/>\n<meta property=\"og:title\" content=\"Popcorn Sour Tsunami CBD 3gr Regalo\" \/>\n<meta property=\"og:description\" content=\"CBD: 15% \/ THC: &lt; 0,2%  Cogollos peque\u00f1os  Dominante Sativa  Aroma fuerte con tonos dulces  100% legal en Europa  An\u00e1lisis de calidad: pincha aqu\u00ed  Popcorn Sour Tsunami CBD es conocida por su olor distintivo: dulce y a combustible diesel. Algunos pueden notar un aroma a chocolate.\" \/>\n<meta property=\"og:url\" content=\"https:\/\/iguanasmoke.com\/pt\/produto\/presente-popcorn-sour-tsunami-cbd-3gr\/\" \/>\n<meta property=\"og:site_name\" content=\"Iguana Smoke\" \/>\n<meta property=\"article:publisher\" content=\"https:\/\/www.facebook.com\/iguanasmoke\" \/>\n<meta property=\"article:modified_time\" content=\"2025-12-17T12:49:59+00:00\" \/>\n<meta property=\"og:image\" content=\"https:\/\/i0.wp.com\/iguanasmoke.com\/wp-content\/uploads\/2022\/09\/Pop-con-mockup.webp?fit=500%2C500&ssl=1\" \/>\n\t<meta property=\"og:image:width\" content=\"500\" \/>\n\t<meta property=\"og:image:height\" content=\"500\" \/>\n\t<meta property=\"og:image:type\" content=\"image\/webp\" \/>\n<meta name=\"twitter:card\" content=\"summary_large_image\" \/>\n<meta name=\"twitter:label1\" content=\"pre\u00e7o\" \/>\n\t<meta name=\"twitter:data1\" content=\"5,00&nbsp;&euro;\" \/>\n\t<meta name=\"twitter:label2\" content=\"Disponibilidade\" \/>\n\t<meta name=\"twitter:data2\" content=\"Esgotado\" \/>\n<meta property=\"product:brand\" content=\"simple\" \/>\n<meta property=\"product:price:amount\" content=\"5.00\" \/>\n<meta property=\"product:price:currency\" content=\"EUR\" \/>\n<meta property=\"og:availability\" content=\"out of stock\" \/>\n<meta property=\"product:availability\" content=\"out of stock\" \/>\n<meta property=\"product:retailer_item_id\" content=\"IS-POP-SOURT-3G-1\" \/>\n<meta property=\"product:condition\" content=\"new\" \/>\n<!-- \/ Yoast SEO Premium plugin. -->","yoast_head_json":{"title":"Pipoca Sour Tsunami CBD 3gr Presente : Iguana Smoke","description":"Compre flores Popcorn Sour Tsunami CBD ao melhor pre\u00e7o e com qualidade imbat\u00edvel na Iguana Smoke. Envio gratuito em Espanha e Portugal a partir de 30\u20ac.","robots":{"index":"index","follow":"follow","max-snippet":"max-snippet:-1","max-image-preview":"max-image-preview:large","max-video-preview":"max-video-preview:-1"},"canonical":"https:\/\/iguanasmoke.com\/pt\/produto\/presente-popcorn-sour-tsunami-cbd-3gr\/","og_locale":"pt_PT","og_type":"article","og_title":"Popcorn Sour Tsunami CBD 3gr Regalo","og_description":"CBD: 15% \/ THC: &lt; 0,2%  Cogollos peque\u00f1os  Dominante Sativa  Aroma fuerte con tonos dulces  100% legal en Europa  An\u00e1lisis de calidad: pincha aqu\u00ed  Popcorn Sour Tsunami CBD es conocida por su olor distintivo: dulce y a combustible diesel. Algunos pueden notar un aroma a chocolate.","og_url":"https:\/\/iguanasmoke.com\/pt\/produto\/presente-popcorn-sour-tsunami-cbd-3gr\/","og_site_name":"Iguana Smoke","article_publisher":"https:\/\/www.facebook.com\/iguanasmoke","article_modified_time":"2025-12-17T12:49:59+00:00","og_image":[{"width":500,"height":500,"url":"https:\/\/i0.wp.com\/iguanasmoke.com\/wp-content\/uploads\/2022\/09\/Pop-con-mockup.webp?fit=500%2C500&ssl=1","type":"image\/webp"}],"twitter_card":"summary_large_image","twitter_misc":{"pre\u00e7o":"5,00&nbsp;&euro;","Disponibilidade":"Esgotado"},"schema":{"@context":"https:\/\/schema.org","@graph":[{"@type":"WebPage","@id":"https:\/\/iguanasmoke.com\/producto\/popcorn-sour-tsunami-cbd-3gr-regalo\/","url":"https:\/\/iguanasmoke.com\/producto\/popcorn-sour-tsunami-cbd-3gr-regalo\/","name":"Pipoca Sour Tsunami CBD 3gr Presente : Iguana Smoke","isPartOf":{"@id":"https:\/\/iguanasmoke.com\/#website"},"primaryImageOfPage":{"@id":"https:\/\/iguanasmoke.com\/producto\/popcorn-sour-tsunami-cbd-3gr-regalo\/#primaryimage"},"image":{"@id":"https:\/\/iguanasmoke.com\/producto\/popcorn-sour-tsunami-cbd-3gr-regalo\/#primaryimage"},"thumbnailUrl":"https:\/\/iguanasmoke.com\/wp-content\/uploads\/2022\/09\/Pop-con-mockup.webp","datePublished":"2023-04-15T11:18:45+00:00","dateModified":"2025-12-17T12:49:59+00:00","description":"Compre flores Popcorn Sour Tsunami CBD ao melhor pre\u00e7o e com qualidade imbat\u00edvel na Iguana Smoke. Envio gratuito em Espanha e Portugal a partir de 30\u20ac.","breadcrumb":{"@id":"https:\/\/iguanasmoke.com\/producto\/popcorn-sour-tsunami-cbd-3gr-regalo\/#breadcrumb"},"inLanguage":"pt-PT","potentialAction":[{"@type":"ReadAction","target":["https:\/\/iguanasmoke.com\/producto\/popcorn-sour-tsunami-cbd-3gr-regalo\/"]}]},{"@type":"ImageObject","inLanguage":"pt-PT","@id":"https:\/\/iguanasmoke.com\/producto\/popcorn-sour-tsunami-cbd-3gr-regalo\/#primaryimage","url":"https:\/\/iguanasmoke.com\/wp-content\/uploads\/2022\/09\/Pop-con-mockup.webp","contentUrl":"https:\/\/iguanasmoke.com\/wp-content\/uploads\/2022\/09\/Pop-con-mockup.webp","width":500,"height":500,"caption":"Pop Corn Sour Tsunami CBD comprar flores cogollos maria legal online barato"},{"@type":"BreadcrumbList","@id":"https:\/\/iguanasmoke.com\/producto\/popcorn-sour-tsunami-cbd-3gr-regalo\/#breadcrumb","itemListElement":[{"@type":"ListItem","position":1,"name":"home","item":"https:\/\/iguanasmoke.com\/"},{"@type":"ListItem","position":2,"name":"Tienda","item":"https:\/\/iguanasmoke.com\/tienda\/"},{"@type":"ListItem","position":3,"name":"Uncategorized","item":"https:\/\/iguanasmoke.com\/categoria\/uncategorized\/"},{"@type":"ListItem","position":4,"name":"Popcorn Sour Tsunami CBD 3gr Regalo"}]},{"@type":"WebSite","@id":"https:\/\/iguanasmoke.com\/#website","url":"https:\/\/iguanasmoke.com\/","name":"Fumo de Iguana","description":"Comprar CBD online ao melhor pre\u00e7o","publisher":{"@id":"https:\/\/iguanasmoke.com\/#organization"},"potentialAction":[{"@type":"SearchAction","target":{"@type":"EntryPoint","urlTemplate":"https:\/\/iguanasmoke.com\/?s={search_term_string}"},"query-input":{"@type":"PropertyValueSpecification","valueRequired":true,"valueName":"search_term_string"}}],"inLanguage":"pt-PT"},{"@type":"Organization","@id":"https:\/\/iguanasmoke.com\/#organization","name":"Fumo de Iguana","url":"https:\/\/iguanasmoke.com\/","logo":{"@type":"ImageObject","inLanguage":"pt-PT","@id":"https:\/\/iguanasmoke.com\/#\/schema\/logo\/image\/","url":"https:\/\/iguanasmoke.com\/wp-content\/uploads\/2025\/01\/logoiguana-favi-1.png","contentUrl":"https:\/\/iguanasmoke.com\/wp-content\/uploads\/2025\/01\/logoiguana-favi-1.png","width":512,"height":512,"caption":"Iguana Smoke"},"image":{"@id":"https:\/\/iguanasmoke.com\/#\/schema\/logo\/image\/"},"sameAs":["https:\/\/www.facebook.com\/iguanasmoke","https:\/\/www.instagram.com\/iguanasmoke\/"]}]},"product_brand":"simple","product_price_amount":"5.00","product_price_currency":"EUR","og_availability":"out of stock","product_availability":"out of stock","product_retailer_item_id":"IS-POP-SOURT-3G-1","product_condition":"new"},"_links":{"self":[{"href":"https:\/\/iguanasmoke.com\/pt\/wp-json\/wp\/v2\/product\/15478","targetHints":{"allow":["GET"]}}],"collection":[{"href":"https:\/\/iguanasmoke.com\/pt\/wp-json\/wp\/v2\/product"}],"about":[{"href":"https:\/\/iguanasmoke.com\/pt\/wp-json\/wp\/v2\/types\/product"}],"replies":[{"embeddable":true,"href":"https:\/\/iguanasmoke.com\/pt\/wp-json\/wp\/v2\/comments?post=15478"}],"wp:featuredmedia":[{"embeddable":true,"href":"https:\/\/iguanasmoke.com\/pt\/wp-json\/wp\/v2\/media\/15360"}],"wp:attachment":[{"href":"https:\/\/iguanasmoke.com\/pt\/wp-json\/wp\/v2\/media?parent=15478"}],"wp:term":[{"taxonomy":"product_brand","embeddable":true,"href":"https:\/\/iguanasmoke.com\/pt\/wp-json\/wp\/v2\/product_brand?post=15478"},{"taxonomy":"product_cat","embeddable":true,"href":"https:\/\/iguanasmoke.com\/pt\/wp-json\/wp\/v2\/product_cat?post=15478"},{"taxonomy":"product_tag","embeddable":true,"href":"https:\/\/iguanasmoke.com\/pt\/wp-json\/wp\/v2\/product_tag?post=15478"}],"curies":[{"name":"wp","href":"https:\/\/api.w.org\/{rel}","templated":true}]}}