{"id":16218,"date":"2023-05-10T20:01:39","date_gmt":"2023-05-10T18:01:39","guid":{"rendered":"https:\/\/iguanasmoke.com\/?post_type=product&#038;p=16218"},"modified":"2026-04-06T16:08:24","modified_gmt":"2026-04-06T14:08:24","slug":"papeis-de-enrolar-de-canhamo-1-1-4-com-filtros","status":"publish","type":"product","link":"https:\/\/iguanasmoke.com\/pt\/producto\/papel-de-liar-de-canamo-1-1-4-con-filtros\/","title":{"rendered":"Papel de enrolar de c\u00e2nhamo 1.1\/4 com filtros"},"content":{"rendered":"<h1><span style=\"font-weight: 400\">Papel de enrolar de c\u00e2nhamo 1.1\/4 com filtros<\/span><\/h1>\n<p>Papel de enrolar de c\u00e2nhamo natural, fino e forte, concebido para uma combust\u00e3o uniforme. Este papel \u00e9 ideal para quem procura uma experi\u00eancia mais limpa e sustent\u00e1vel. A qualidade Iguana Smoke: fi\u00e1vel, acess\u00edvel e concebida para as novas gera\u00e7\u00f5es. Cada caderneta inclui <strong data-start=\"297\" data-end=\"322\" data-is-only-node=\"\">32 folhas n\u00e3o branqueadas e 32 filtros<\/strong>.<\/p>\n<p>&nbsp;<\/p>\n<h2><b>Onde comprar os seus pap\u00e9is de enrolar online<\/b><b>?<\/b><\/h2>\n<p><span style=\"font-weight: 400\">Em <strong>Fumo de Iguana<\/strong>, Damos prioridade \u00e0 qualidade e \u00e0 transpar\u00eancia em cada produto.\u00a0<\/span><span style=\"font-weight: 400\">Este \u00e9 o seu lugar seguro para fazer compras <strong>papel de enrolar de c\u00e2nhamo online <\/strong>em Espanha<strong>.<\/strong> Todos os nossos produtos s\u00e3o aprovados pela UE, garantindo a sua legalidade e seguran\u00e7a.\u00a0<\/span><\/p>\n<p><span style=\"font-weight: 400\">N\u00e3o se esque\u00e7a de encher o seu papel de c\u00e2nhamo com as melhores flores, como a nossa nova <strong>Pronto para rolar<\/strong>:<strong> <a href=\"https:\/\/iguanasmoke.com\/pt\/produto\/flores-de-cbd-prontas-a-rolar-super-skunk-15gr\/\">Super Skunk<\/a>, <a href=\"https:\/\/iguanasmoke.com\/pt\/produto\/flores-de-cbd-prontas-a-rolar-zkittlez-15gr\/\">Zkittlez<\/a>, <a href=\"https:\/\/iguanasmoke.com\/pt\/produto\/flores-de-cbd-prontas-a-rolar-lemon-haze-15gr\/\">Haze de lim\u00e3o<\/a>, <a href=\"https:\/\/iguanasmoke.com\/pt\/produto\/flores-de-cbd-prontas-a-rolar-amnesia-15gr\/\">Amn\u00e9sia<\/a><\/strong>. Descubra tamb\u00e9m <\/span><span style=\"font-weight: 400\">outros <strong>Produtos TOP<\/strong> como o <a href=\"https:\/\/iguanasmoke.com\/pt\/produto\/comprar-flor-cbd-pop-corn-sour-tsunami-25gr-cogollos-online\/\"><strong>Milho para pipocas 25g<\/strong><\/a>. <\/span><\/p>\n<p><span style=\"font-weight: 400\">Pode completar o kit com um <a href=\"https:\/\/iguanasmoke.com\/pt\/categoria\/tabuleiros\/\">tabuleiro rolante<\/a> e um <a href=\"https:\/\/iguanasmoke.com\/pt\/categoria\/trituradores\/\">moinho pr\u00e1tico<\/a>, por isso est\u00e1 pronto para come\u00e7ar a desfrutar dos pap\u00e9is de enrolar de c\u00e2nhamo. Explora a nossa gama e encontra j\u00e1 o teu papel de enrolar preferido.<\/span><span style=\"font-weight: 400\">\u00a0<\/span><\/p>\n<p>Rapidez na entrega, aten\u00e7\u00e3o e uma loja com embalagens discretas e seguras que vai \u00e0 frente, s\u00f3 para si!<\/p>\n<p>&nbsp;<\/p>\n<h3><b>Iguana Smoke \u00e9 sin\u00f3nimo de qualidade e fiabilidade.<\/b><\/h3>\n<p><span style=\"font-weight: 400\">Na Iguana Smoke, acreditamos que desfrutar do CBD deve ser uma experi\u00eancia segura, acess\u00edvel e agrad\u00e1vel. \u00c9 por isso que temos produtos de alta qualidade, incluindo pap\u00e9is de enrolar de c\u00e2nhamo, que se ligam \u00e0 nova gera\u00e7\u00e3o: pessoas que procuram um bem-estar descomplicado, com marcas aut\u00eanticas e de confian\u00e7a.\u00a0<\/span><\/p>\n<p>Por outras palavras, a nossa miss\u00e3o \u00e9 clara: levar at\u00e9 si o melhor do CBD a um pre\u00e7o justo, com a tranquilidade de saber que est\u00e1 a escolher um produto certificado, eficaz, de c\u00e2nhamo e legalizado pelo 100%. Estamos na vanguarda dos produtos de CBD. Isto inclui os nossos pap\u00e9is de enrolar de c\u00e2nhamo de alta qualidade.<\/p>\n<p>Tem alguma quest\u00e3o? Escreva-nos e teremos todo o gosto em ajud\u00e1-lo a encontrar o produto certo para si.<\/p>","protected":false},"excerpt":{"rendered":"<ul>\n<li>Papel de mentirinha de c\u00e2nhamo natural<\/li>\n<li>Tamanho 1.1\/4<\/li>\n<li>Queima lenta<\/li>\n<li>32 pap\u00e9is e 32 filtros de cart\u00e3o<\/li>\n<li>Borracha natural<\/li>\n<li>Sem corantes, n\u00e3o branqueado<\/li>\n<\/ul>","protected":false},"featured_media":35748,"comment_status":"open","ping_status":"closed","template":"","meta":{"_acf_changed":false,"site-sidebar-layout":"default","site-content-layout":"default","ast-site-content-layout":"default","site-content-style":"default","site-sidebar-style":"default","ast-global-header-display":"","ast-banner-title-visibility":"","ast-main-header-display":"","ast-hfb-above-header-display":"","ast-hfb-below-header-display":"","ast-hfb-mobile-header-display":"","site-post-title":"","ast-breadcrumbs-content":"","ast-featured-img":"","footer-sml-layout":"","theme-transparent-header-meta":"default","adv-header-id-meta":"","stick-header-meta":"","header-above-stick-meta":"","header-main-stick-meta":"","header-below-stick-meta":"","astra-migrate-meta-layouts":"set","ast-page-background-enabled":"default","ast-page-background-meta":{"desktop":{"background-color":"var(--ast-global-color-4)","background-image":"","background-repeat":"repeat","background-position":"center center","background-size":"auto","background-attachment":"scroll","background-type":"","background-media":"","overlay-type":"","overlay-color":"","overlay-opacity":"","overlay-gradient":""},"tablet":{"background-color":"","background-image":"","background-repeat":"repeat","background-position":"center center","background-size":"auto","background-attachment":"scroll","background-type":"","background-media":"","overlay-type":"","overlay-color":"","overlay-opacity":"","overlay-gradient":""},"mobile":{"background-color":"","background-image":"","background-repeat":"repeat","background-position":"center center","background-size":"auto","background-attachment":"scroll","background-type":"","background-media":"","overlay-type":"","overlay-color":"","overlay-opacity":"","overlay-gradient":""}},"ast-content-background-meta":{"desktop":{"background-color":"var(--ast-global-color-5)","background-image":"","background-repeat":"repeat","background-position":"center center","background-size":"auto","background-attachment":"scroll","background-type":"","background-media":"","overlay-type":"","overlay-color":"","overlay-opacity":"","overlay-gradient":""},"tablet":{"background-color":"var(--ast-global-color-5)","background-image":"","background-repeat":"repeat","background-position":"center center","background-size":"auto","background-attachment":"scroll","background-type":"","background-media":"","overlay-type":"","overlay-color":"","overlay-opacity":"","overlay-gradient":""},"mobile":{"background-color":"var(--ast-global-color-5)","background-image":"","background-repeat":"repeat","background-position":"center center","background-size":"auto","background-attachment":"scroll","background-type":"","background-media":"","overlay-type":"","overlay-color":"","overlay-opacity":"","overlay-gradient":""}}},"product_brand":[],"product_cat":[436,440,405],"product_tag":[],"class_list":{"0":"post-16218","1":"product","2":"type-product","3":"status-publish","4":"has-post-thumbnail","6":"product_cat-merchandise-de-iguana-smoke","7":"product_cat-papel-de-liar","8":"product_cat-ropa-y-accesorios","9":"desktop-align-center","10":"tablet-align-center","11":"mobile-align-center","13":"first","14":"outofstock","15":"taxable","16":"shipping-taxable","17":"purchasable","18":"product-type-simple"},"acf":[],"yoast_head":"<!-- This site is optimized with the Yoast SEO Premium plugin v27.3 (Yoast SEO v27.3) - https:\/\/yoast.com\/product\/yoast-seo-premium-wordpress\/ -->\n<title>Papel de liar de C\u00e1\u00f1amo 1.1\/4 con filtros | Iguana Smoke<\/title>\n<meta name=\"description\" content=\"Compra Papel de liar de c\u00e1\u00f1amo al mejor precio y con una calidad inigualable en Iguana Smoke. Disfruta de una combusti\u00f3n uniforme.\" \/>\n<meta name=\"robots\" content=\"index, follow, max-snippet:-1, max-image-preview:large, max-video-preview:-1\" \/>\n<link rel=\"canonical\" href=\"https:\/\/iguanasmoke.com\/pt\/produto\/papeis-de-enrolar-de-canhamo-1-1-4-com-filtros\/\" \/>\n<meta property=\"og:locale\" content=\"pt_PT\" \/>\n<meta property=\"og:type\" content=\"article\" \/>\n<meta property=\"og:title\" content=\"Papel de liar de C\u00e1\u00f1amo 1.1\/4 con filtros\" \/>\n<meta property=\"og:description\" content=\"Papel de Liar de C\u00e1\u00f1amo Natural  Tama\u00f1o 1.1\/4  Quemado lento  32 papeles y 32 filtros de cart\u00f3n  Goma Natural  Sin colorantes, sin blanquear\" \/>\n<meta property=\"og:url\" content=\"https:\/\/iguanasmoke.com\/pt\/produto\/papeis-de-enrolar-de-canhamo-1-1-4-com-filtros\/\" \/>\n<meta property=\"og:site_name\" content=\"Iguana Smoke\" \/>\n<meta property=\"article:publisher\" content=\"https:\/\/www.facebook.com\/iguanasmoke\" \/>\n<meta property=\"article:modified_time\" content=\"2026-04-06T14:08:24+00:00\" \/>\n<meta property=\"og:image\" content=\"https:\/\/iguanasmoke.com\/wp-content\/uploads\/2024\/06\/papel-de-liar-3-japan-night-webp.webp\" \/>\n\t<meta property=\"og:image:width\" content=\"500\" \/>\n\t<meta property=\"og:image:height\" content=\"500\" \/>\n\t<meta property=\"og:image:type\" content=\"image\/webp\" \/>\n<meta name=\"twitter:card\" content=\"summary_large_image\" \/>\n<meta name=\"twitter:label1\" content=\"pre\u00e7o\" \/>\n\t<meta name=\"twitter:data1\" content=\"1,50&nbsp;&euro;\" \/>\n\t<meta name=\"twitter:label2\" content=\"Disponibilidade\" \/>\n\t<meta name=\"twitter:data2\" content=\"Esgotado\" \/>\n<meta property=\"product:brand\" content=\"simple\" \/>\n<meta property=\"product:price:amount\" content=\"1.50\" \/>\n<meta property=\"product:price:currency\" content=\"EUR\" \/>\n<meta property=\"og:availability\" content=\"out of stock\" \/>\n<meta property=\"product:availability\" content=\"out of stock\" \/>\n<meta property=\"product:retailer_item_id\" content=\"IS-PAPELHEMPTIPS-32\" \/>\n<meta property=\"product:condition\" content=\"new\" \/>\n<!-- \/ Yoast SEO Premium plugin. -->","yoast_head_json":{"title":"Papel de enrolar de c\u00e2nhamo 1.1\/4 com filtros : Iguana Smoke","description":"Compre pap\u00e9is de enrolar de c\u00e2nhamo ao melhor pre\u00e7o e com uma qualidade imbat\u00edvel na Iguana Smoke. Desfrute de uma combust\u00e3o uniforme.","robots":{"index":"index","follow":"follow","max-snippet":"max-snippet:-1","max-image-preview":"max-image-preview:large","max-video-preview":"max-video-preview:-1"},"canonical":"https:\/\/iguanasmoke.com\/pt\/produto\/papeis-de-enrolar-de-canhamo-1-1-4-com-filtros\/","og_locale":"pt_PT","og_type":"article","og_title":"Papel de liar de C\u00e1\u00f1amo 1.1\/4 con filtros","og_description":"Papel de Liar de C\u00e1\u00f1amo Natural  Tama\u00f1o 1.1\/4  Quemado lento  32 papeles y 32 filtros de cart\u00f3n  Goma Natural  Sin colorantes, sin blanquear","og_url":"https:\/\/iguanasmoke.com\/pt\/produto\/papeis-de-enrolar-de-canhamo-1-1-4-com-filtros\/","og_site_name":"Iguana Smoke","article_publisher":"https:\/\/www.facebook.com\/iguanasmoke","article_modified_time":"2026-04-06T14:08:24+00:00","og_image":[{"width":500,"height":500,"url":"https:\/\/iguanasmoke.com\/wp-content\/uploads\/2024\/06\/papel-de-liar-3-japan-night-webp.webp","type":"image\/webp"}],"twitter_card":"summary_large_image","twitter_misc":{"pre\u00e7o":"1,50&nbsp;&euro;","Disponibilidade":"Esgotado"},"schema":{"@context":"https:\/\/schema.org","@graph":[{"@type":"WebPage","@id":"https:\/\/iguanasmoke.com\/producto\/papel-de-liar-de-canamo-1-1-4-con-filtros\/","url":"https:\/\/iguanasmoke.com\/producto\/papel-de-liar-de-canamo-1-1-4-con-filtros\/","name":"Papel de enrolar de c\u00e2nhamo 1.1\/4 com filtros : Iguana Smoke","isPartOf":{"@id":"https:\/\/iguanasmoke.com\/#website"},"primaryImageOfPage":{"@id":"https:\/\/iguanasmoke.com\/producto\/papel-de-liar-de-canamo-1-1-4-con-filtros\/#primaryimage"},"image":{"@id":"https:\/\/iguanasmoke.com\/producto\/papel-de-liar-de-canamo-1-1-4-con-filtros\/#primaryimage"},"thumbnailUrl":"https:\/\/iguanasmoke.com\/wp-content\/uploads\/2024\/06\/papel-de-liar-3-japan-night-webp.webp","datePublished":"2023-05-10T18:01:39+00:00","dateModified":"2026-04-06T14:08:24+00:00","description":"Compre pap\u00e9is de enrolar de c\u00e2nhamo ao melhor pre\u00e7o e com uma qualidade imbat\u00edvel na Iguana Smoke. Desfrute de uma combust\u00e3o uniforme.","breadcrumb":{"@id":"https:\/\/iguanasmoke.com\/producto\/papel-de-liar-de-canamo-1-1-4-con-filtros\/#breadcrumb"},"inLanguage":"pt-PT","potentialAction":[{"@type":"ReadAction","target":["https:\/\/iguanasmoke.com\/producto\/papel-de-liar-de-canamo-1-1-4-con-filtros\/"]}]},{"@type":"ImageObject","inLanguage":"pt-PT","@id":"https:\/\/iguanasmoke.com\/producto\/papel-de-liar-de-canamo-1-1-4-con-filtros\/#primaryimage","url":"https:\/\/iguanasmoke.com\/wp-content\/uploads\/2024\/06\/papel-de-liar-3-japan-night-webp.webp","contentUrl":"https:\/\/iguanasmoke.com\/wp-content\/uploads\/2024\/06\/papel-de-liar-3-japan-night-webp.webp","width":500,"height":500,"caption":"papel de liar de c\u00e1\u00f1amo natural"},{"@type":"BreadcrumbList","@id":"https:\/\/iguanasmoke.com\/producto\/papel-de-liar-de-canamo-1-1-4-con-filtros\/#breadcrumb","itemListElement":[{"@type":"ListItem","position":1,"name":"home","item":"https:\/\/iguanasmoke.com\/"},{"@type":"ListItem","position":2,"name":"Tienda","item":"https:\/\/iguanasmoke.com\/tienda\/"},{"@type":"ListItem","position":3,"name":"Papel de Liar de C\u00e1\u00f1amo","item":"https:\/\/iguanasmoke.com\/categoria\/papel-de-liar\/"},{"@type":"ListItem","position":4,"name":"Papel de liar de C\u00e1\u00f1amo 1.1\/4 con filtros"}]},{"@type":"WebSite","@id":"https:\/\/iguanasmoke.com\/#website","url":"https:\/\/iguanasmoke.com\/","name":"Fumo de Iguana","description":"Comprar CBD online ao melhor pre\u00e7o","publisher":{"@id":"https:\/\/iguanasmoke.com\/#organization"},"potentialAction":[{"@type":"SearchAction","target":{"@type":"EntryPoint","urlTemplate":"https:\/\/iguanasmoke.com\/?s={search_term_string}"},"query-input":{"@type":"PropertyValueSpecification","valueRequired":true,"valueName":"search_term_string"}}],"inLanguage":"pt-PT"},{"@type":"Organization","@id":"https:\/\/iguanasmoke.com\/#organization","name":"Fumo de Iguana","url":"https:\/\/iguanasmoke.com\/","logo":{"@type":"ImageObject","inLanguage":"pt-PT","@id":"https:\/\/iguanasmoke.com\/#\/schema\/logo\/image\/","url":"https:\/\/iguanasmoke.com\/wp-content\/uploads\/2025\/01\/logoiguana-favi-1.png","contentUrl":"https:\/\/iguanasmoke.com\/wp-content\/uploads\/2025\/01\/logoiguana-favi-1.png","width":512,"height":512,"caption":"Iguana Smoke"},"image":{"@id":"https:\/\/iguanasmoke.com\/#\/schema\/logo\/image\/"},"sameAs":["https:\/\/www.facebook.com\/iguanasmoke","https:\/\/www.instagram.com\/iguanasmoke\/"]}]},"product_brand":"simple","product_price_amount":"1.50","product_price_currency":"EUR","og_availability":"out of stock","product_availability":"out of stock","product_retailer_item_id":"IS-PAPELHEMPTIPS-32","product_condition":"new"},"_links":{"self":[{"href":"https:\/\/iguanasmoke.com\/pt\/wp-json\/wp\/v2\/product\/16218","targetHints":{"allow":["GET"]}}],"collection":[{"href":"https:\/\/iguanasmoke.com\/pt\/wp-json\/wp\/v2\/product"}],"about":[{"href":"https:\/\/iguanasmoke.com\/pt\/wp-json\/wp\/v2\/types\/product"}],"replies":[{"embeddable":true,"href":"https:\/\/iguanasmoke.com\/pt\/wp-json\/wp\/v2\/comments?post=16218"}],"wp:featuredmedia":[{"embeddable":true,"href":"https:\/\/iguanasmoke.com\/pt\/wp-json\/wp\/v2\/media\/35748"}],"wp:attachment":[{"href":"https:\/\/iguanasmoke.com\/pt\/wp-json\/wp\/v2\/media?parent=16218"}],"wp:term":[{"taxonomy":"product_brand","embeddable":true,"href":"https:\/\/iguanasmoke.com\/pt\/wp-json\/wp\/v2\/product_brand?post=16218"},{"taxonomy":"product_cat","embeddable":true,"href":"https:\/\/iguanasmoke.com\/pt\/wp-json\/wp\/v2\/product_cat?post=16218"},{"taxonomy":"product_tag","embeddable":true,"href":"https:\/\/iguanasmoke.com\/pt\/wp-json\/wp\/v2\/product_tag?post=16218"}],"curies":[{"name":"wp","href":"https:\/\/api.w.org\/{rel}","templated":true}]}}