{"id":16976,"date":"2023-06-13T14:25:40","date_gmt":"2023-06-13T12:25:40","guid":{"rendered":"https:\/\/iguanasmoke.com\/?post_type=product&#038;p=16976"},"modified":"2026-03-26T11:49:54","modified_gmt":"2026-03-26T10:49:54","slug":"triturador-ecologico-biodegradavel-fumo-de-iguana","status":"publish","type":"product","link":"https:\/\/iguanasmoke.com\/pt\/producto\/grinder-biodegradable-ecologico-iguana-smoke\/","title":{"rendered":"Moinho biodegrad\u00e1vel ecol\u00f3gico Iguana Smoke"},"content":{"rendered":"<h1><span style=\"font-weight: 400\">Moinho biodegrad\u00e1vel ecol\u00f3gico Iguana Smoke\u00a0<\/span><\/h1>\n<p><span style=\"font-weight: 400\">Descobrir o <strong>Moinho biodegrad\u00e1vel ecol\u00f3gico Iguana Smoke<\/strong>, a escolha perfeita para quem procura um equil\u00edbrio entre <strong>desempenho, conce\u00e7\u00e3o e respeito pelo ambiente<\/strong>. Este moinho foi desenvolvido com materiais biodegrad\u00e1veis de alta qualidade, concebidos para reduzir o impacto ambiental sem sacrificar a efici\u00eancia e o conforto da moagem. <\/span><\/p>\n<p><span style=\"font-weight: 400\">O seu design leve e robusto garante uma <strong>tritura\u00e7\u00e3o homog\u00e9nea<\/strong>, O moinho \u00e9 f\u00e1cil de utilizar todos os dias, tanto em casa como em viagem. Gra\u00e7as aos seus dentes bem definidos, o moinho permite-lhe triturar o conte\u00fado de forma r\u00e1pida e uniforme, melhorando a experi\u00eancia em cada utiliza\u00e7\u00e3o. Este moedor ecol\u00f3gico da Iguana Smoke \u00e9 um acess\u00f3rio indispens\u00e1vel para qualquer fumador consciente. <\/span><\/p>\n<p><span style=\"font-weight: 400\">O moinho Iguana Smoke destaca-se n\u00e3o s\u00f3 pela sua funcionalidade, mas tamb\u00e9m pela sua est\u00e9tica moderna e colorida. Est\u00e1 dispon\u00edvel em 6 cores diferentes - preto, vermelho, azul, laranja, amarelo e verde - para que possa escolher a que melhor se adapta ao seu estilo pessoal. <\/span><\/p>\n<p><span style=\"font-weight: 400\">Apostar nisto <strong>Moinho biodegrad\u00e1vel ecol\u00f3gico Iguana Smoke\u00a0<\/strong>\u00e9 uma forma simples de consumir de forma mais respons\u00e1vel, apoiando pr\u00e1ticas sustent\u00e1veis e contribuindo para o cuidado do planeta, sem sacrificar a qualidade ou o design. <\/span><\/p>\n<p><strong>Escolha a sua cor preferida e junte-se \u00e0 mudan\u00e7a verde com Iguana Smoke.\u00a0<\/strong><\/p>\n<h2><b>Onde comprar online o seu <span style=\"font-weight: 400\"><strong>Moinho ecol\u00f3gico biodegrad\u00e1vel<\/strong><\/span><\/b><b>?<\/b><\/h2>\n<p><span style=\"font-weight: 400\">Em <strong>Fumo de Iguana<\/strong>, Damos prioridade \u00e0 qualidade e \u00e0 transpar\u00eancia em cada produto.\u00a0<\/span><span style=\"font-weight: 400\">Este \u00e9 o seu lugar seguro para <strong>comprar o seu<\/strong> <strong>triturador biodegrad\u00e1vel online <\/strong>em Espanha<strong>.<\/strong> Todos os nossos produtos s\u00e3o aprovados pela UE, garantindo a sua legalidade e seguran\u00e7a.\u00a0<\/span><\/p>\n<p><span style=\"font-weight: 400\">Este \u00e9 o seu acess\u00f3rio pr\u00e1tico que n\u00e3o pode faltar juntamente com o seu <strong><a href=\"https:\/\/iguanasmoke.com\/pt\/categoria\/tabuleiros-rolantes\/\">tabuleiros rolantes<\/a><\/strong>, para ter tudo pronto. Descubra tamb\u00e9m <\/span><span style=\"font-weight: 400\">outros <strong>Produtos TOP<\/strong> como o <a href=\"https:\/\/iguanasmoke.com\/pt\/produto\/comprar-flor-cbd-pop-corn-sour-tsunami-25gr-cogollos-online\/\">Pop Corn 25g. <\/a>Aproveite agora para adquirir o moinho ecol\u00f3gico Iguana Smoke e complementar os seus utens\u00edlios para fumar. <\/span><\/p>\n<p><span style=\"font-weight: 400\">Tamb\u00e9m pode completar o kit com o nosso<strong><a href=\"https:\/\/iguanasmoke.com\/pt\/categoria\/papel-de-enrolar\/\"> pap\u00e9is de enrolar de c\u00e2nhamo<\/a><\/strong> e estar\u00e1 pronto para come\u00e7ar a desfrutar do mundo do CBD. Explore a nossa gama e encontre j\u00e1 o seu moinho preferido.<\/span><span style=\"font-weight: 400\">\u00a0<\/span><\/p>\n<p>Rapidez na entrega, aten\u00e7\u00e3o e uma loja com embalagens discretas e seguras que vai \u00e0 frente, s\u00f3 para si!<\/p>\n<p>&nbsp;<\/p>\n<h3><b>Iguana Smoke \u00e9 sin\u00f3nimo de qualidade e fiabilidade.<\/b><\/h3>\n<p><span style=\"font-weight: 400\">Na Iguana Smoke, acreditamos que desfrutar do CBD deve ser uma experi\u00eancia segura, acess\u00edvel e agrad\u00e1vel. \u00c9 por isso que temos produtos de alta qualidade, incluindo os nossos Moedores Biodegrad\u00e1veis, que se ligam \u00e0s novas gera\u00e7\u00f5es: pessoas que procuram um bem-estar descomplicado com marcas aut\u00eanticas e fi\u00e1veis.\u00a0<\/span><\/p>\n<p>Por outras palavras, a nossa miss\u00e3o \u00e9 clara: trazer-lhe o melhor do CBD a um pre\u00e7o justo, com a paz de esp\u00edrito de saber que est\u00e1 a escolher um produto certificado, eficaz, de c\u00e2nhamo e legal 100%. Estamos na vanguarda dos produtos de CBD, incluindo o ecol\u00f3gico Iguana Smoke Grinder.<\/p>\n<p>Tem alguma quest\u00e3o? Escreva-nos e teremos todo o gosto em ajud\u00e1-lo a encontrar o produto certo para si.<\/p>","protected":false},"excerpt":{"rendered":"<ul>\n<li>Feito de fibra vegetal biodegrad\u00e1vel para uma tritura\u00e7\u00e3o eficiente e amiga do ambiente.<\/li>\n<li>Leve, pr\u00e1tico e duradouro<\/li>\n<li>Dispon\u00edvel em 6 cores: preto, vermelho, azul, laranja, vermelho, amarelo e verde.<\/li>\n<\/ul>","protected":false},"featured_media":17008,"comment_status":"open","ping_status":"closed","template":"","meta":{"_acf_changed":false,"site-sidebar-layout":"default","site-content-layout":"default","ast-site-content-layout":"default","site-content-style":"default","site-sidebar-style":"default","ast-global-header-display":"","ast-banner-title-visibility":"","ast-main-header-display":"","ast-hfb-above-header-display":"","ast-hfb-below-header-display":"","ast-hfb-mobile-header-display":"","site-post-title":"","ast-breadcrumbs-content":"","ast-featured-img":"","footer-sml-layout":"","theme-transparent-header-meta":"default","adv-header-id-meta":"","stick-header-meta":"","header-above-stick-meta":"","header-main-stick-meta":"","header-below-stick-meta":"","astra-migrate-meta-layouts":"set","ast-page-background-enabled":"default","ast-page-background-meta":{"desktop":{"background-color":"var(--ast-global-color-4)","background-image":"","background-repeat":"repeat","background-position":"center center","background-size":"auto","background-attachment":"scroll","background-type":"","background-media":"","overlay-type":"","overlay-color":"","overlay-opacity":"","overlay-gradient":""},"tablet":{"background-color":"","background-image":"","background-repeat":"repeat","background-position":"center center","background-size":"auto","background-attachment":"scroll","background-type":"","background-media":"","overlay-type":"","overlay-color":"","overlay-opacity":"","overlay-gradient":""},"mobile":{"background-color":"","background-image":"","background-repeat":"repeat","background-position":"center center","background-size":"auto","background-attachment":"scroll","background-type":"","background-media":"","overlay-type":"","overlay-color":"","overlay-opacity":"","overlay-gradient":""}},"ast-content-background-meta":{"desktop":{"background-color":"var(--ast-global-color-5)","background-image":"","background-repeat":"repeat","background-position":"center center","background-size":"auto","background-attachment":"scroll","background-type":"","background-media":"","overlay-type":"","overlay-color":"","overlay-opacity":"","overlay-gradient":""},"tablet":{"background-color":"var(--ast-global-color-5)","background-image":"","background-repeat":"repeat","background-position":"center center","background-size":"auto","background-attachment":"scroll","background-type":"","background-media":"","overlay-type":"","overlay-color":"","overlay-opacity":"","overlay-gradient":""},"mobile":{"background-color":"var(--ast-global-color-5)","background-image":"","background-repeat":"repeat","background-position":"center center","background-size":"auto","background-attachment":"scroll","background-type":"","background-media":"","overlay-type":"","overlay-color":"","overlay-opacity":"","overlay-gradient":""}}},"product_brand":[],"product_cat":[439,436,405],"product_tag":[],"class_list":{"0":"post-16976","1":"product","2":"type-product","3":"status-publish","4":"has-post-thumbnail","6":"product_cat-grinders","7":"product_cat-merchandise-de-iguana-smoke","8":"product_cat-ropa-y-accesorios","9":"desktop-align-center","10":"tablet-align-center","11":"mobile-align-center","13":"first","14":"outofstock","15":"taxable","16":"shipping-taxable","17":"purchasable","18":"product-type-variable"},"acf":[],"yoast_head":"<!-- This site is optimized with the Yoast SEO Premium plugin v27.3 (Yoast SEO v27.3) - https:\/\/yoast.com\/product\/yoast-seo-premium-wordpress\/ -->\n<title>Grinder Biodegradable Ecol\u00f3gico Iguana Smoke | Iguana Smoke<\/title>\n<meta name=\"description\" content=\"Compra el Grinder Biodegradable Ecol\u00f3gico Iguana Smoke al mejor precio. Fibra ecol\u00f3gica de calidad inigualable para una molienda perfecta.\" \/>\n<meta name=\"robots\" content=\"index, follow, max-snippet:-1, max-image-preview:large, max-video-preview:-1\" \/>\n<link rel=\"canonical\" href=\"https:\/\/iguanasmoke.com\/pt\/produto\/triturador-ecologico-biodegradavel-fumo-de-iguana\/\" \/>\n<meta property=\"og:locale\" content=\"pt_PT\" \/>\n<meta property=\"og:type\" content=\"article\" \/>\n<meta property=\"og:title\" content=\"Grinder Biodegradable Ecol\u00f3gico Iguana Smoke\" \/>\n<meta property=\"og:description\" content=\"Fabricado con fibra vegetal biodegradable para una molienda eficaz y respetuosa con el medio ambiente.  Ligero, pr\u00e1ctico y resistente  Disponible en 6 colores: Negro, Rojo, Azul, Naranja, Amarillo y Verde\" \/>\n<meta property=\"og:url\" content=\"https:\/\/iguanasmoke.com\/pt\/produto\/triturador-ecologico-biodegradavel-fumo-de-iguana\/\" \/>\n<meta property=\"og:site_name\" content=\"Iguana Smoke\" \/>\n<meta property=\"article:publisher\" content=\"https:\/\/www.facebook.com\/iguanasmoke\" \/>\n<meta property=\"article:modified_time\" content=\"2026-03-26T10:49:54+00:00\" \/>\n<meta property=\"og:image\" content=\"https:\/\/iguanasmoke.com\/wp-content\/uploads\/2023\/06\/ALL2.png\" \/>\n\t<meta property=\"og:image:width\" content=\"1000\" \/>\n\t<meta property=\"og:image:height\" content=\"1000\" \/>\n\t<meta property=\"og:image:type\" content=\"image\/png\" \/>\n<meta name=\"twitter:card\" content=\"summary_large_image\" \/>\n<meta name=\"twitter:label1\" content=\"Disponibilidade\" \/>\n\t<meta name=\"twitter:data1\" content=\"Esgotado\" \/>\n<meta property=\"product:brand\" content=\"variable\" \/>\n<meta property=\"og:availability\" content=\"out of stock\" \/>\n<meta property=\"product:availability\" content=\"out of stock\" \/>\n<meta property=\"product:condition\" content=\"new\" \/>\n<!-- \/ Yoast SEO Premium plugin. -->","yoast_head_json":{"title":"Moinho Biodegrad\u00e1vel Ecol\u00f3gico Iguana Smoke | Iguana Smoke","description":"Compre o Moinho Biodegrad\u00e1vel Ecol\u00f3gico Iguana Smoke ao melhor pre\u00e7o. Fibra ecol\u00f3gica de qualidade inigual\u00e1vel para uma moagem perfeita.","robots":{"index":"index","follow":"follow","max-snippet":"max-snippet:-1","max-image-preview":"max-image-preview:large","max-video-preview":"max-video-preview:-1"},"canonical":"https:\/\/iguanasmoke.com\/pt\/produto\/triturador-ecologico-biodegradavel-fumo-de-iguana\/","og_locale":"pt_PT","og_type":"article","og_title":"Grinder Biodegradable Ecol\u00f3gico Iguana Smoke","og_description":"Fabricado con fibra vegetal biodegradable para una molienda eficaz y respetuosa con el medio ambiente.  Ligero, pr\u00e1ctico y resistente  Disponible en 6 colores: Negro, Rojo, Azul, Naranja, Amarillo y Verde","og_url":"https:\/\/iguanasmoke.com\/pt\/produto\/triturador-ecologico-biodegradavel-fumo-de-iguana\/","og_site_name":"Iguana Smoke","article_publisher":"https:\/\/www.facebook.com\/iguanasmoke","article_modified_time":"2026-03-26T10:49:54+00:00","og_image":[{"width":1000,"height":1000,"url":"https:\/\/iguanasmoke.com\/wp-content\/uploads\/2023\/06\/ALL2.png","type":"image\/png"}],"twitter_card":"summary_large_image","twitter_misc":{"Disponibilidade":"Esgotado"},"schema":{"@context":"https:\/\/schema.org","@graph":[{"@type":"WebPage","@id":"https:\/\/iguanasmoke.com\/producto\/grinder-biodegradable-ecologico-iguana-smoke\/","url":"https:\/\/iguanasmoke.com\/producto\/grinder-biodegradable-ecologico-iguana-smoke\/","name":"Moinho Biodegrad\u00e1vel Ecol\u00f3gico Iguana Smoke | Iguana Smoke","isPartOf":{"@id":"https:\/\/iguanasmoke.com\/#website"},"primaryImageOfPage":{"@id":"https:\/\/iguanasmoke.com\/producto\/grinder-biodegradable-ecologico-iguana-smoke\/#primaryimage"},"image":{"@id":"https:\/\/iguanasmoke.com\/producto\/grinder-biodegradable-ecologico-iguana-smoke\/#primaryimage"},"thumbnailUrl":"https:\/\/iguanasmoke.com\/wp-content\/uploads\/2023\/06\/ALL2.png","datePublished":"2023-06-13T12:25:40+00:00","dateModified":"2026-03-26T10:49:54+00:00","description":"Compre o Moinho Biodegrad\u00e1vel Ecol\u00f3gico Iguana Smoke ao melhor pre\u00e7o. Fibra ecol\u00f3gica de qualidade inigual\u00e1vel para uma moagem perfeita.","breadcrumb":{"@id":"https:\/\/iguanasmoke.com\/producto\/grinder-biodegradable-ecologico-iguana-smoke\/#breadcrumb"},"inLanguage":"pt-PT","potentialAction":[{"@type":"ReadAction","target":["https:\/\/iguanasmoke.com\/producto\/grinder-biodegradable-ecologico-iguana-smoke\/"]}]},{"@type":"ImageObject","inLanguage":"pt-PT","@id":"https:\/\/iguanasmoke.com\/producto\/grinder-biodegradable-ecologico-iguana-smoke\/#primaryimage","url":"https:\/\/iguanasmoke.com\/wp-content\/uploads\/2023\/06\/ALL2.png","contentUrl":"https:\/\/iguanasmoke.com\/wp-content\/uploads\/2023\/06\/ALL2.png","width":1000,"height":1000,"caption":"grinder bio"},{"@type":"BreadcrumbList","@id":"https:\/\/iguanasmoke.com\/producto\/grinder-biodegradable-ecologico-iguana-smoke\/#breadcrumb","itemListElement":[{"@type":"ListItem","position":1,"name":"home","item":"https:\/\/iguanasmoke.com\/"},{"@type":"ListItem","position":2,"name":"Tienda","item":"https:\/\/iguanasmoke.com\/tienda\/"},{"@type":"ListItem","position":3,"name":"Grinders","item":"https:\/\/iguanasmoke.com\/categoria\/grinders\/"},{"@type":"ListItem","position":4,"name":"Grinder Biodegradable Ecol\u00f3gico Iguana Smoke"}]},{"@type":"WebSite","@id":"https:\/\/iguanasmoke.com\/#website","url":"https:\/\/iguanasmoke.com\/","name":"Fumo de Iguana","description":"Comprar CBD online ao melhor pre\u00e7o","publisher":{"@id":"https:\/\/iguanasmoke.com\/#organization"},"potentialAction":[{"@type":"SearchAction","target":{"@type":"EntryPoint","urlTemplate":"https:\/\/iguanasmoke.com\/?s={search_term_string}"},"query-input":{"@type":"PropertyValueSpecification","valueRequired":true,"valueName":"search_term_string"}}],"inLanguage":"pt-PT"},{"@type":"Organization","@id":"https:\/\/iguanasmoke.com\/#organization","name":"Fumo de Iguana","url":"https:\/\/iguanasmoke.com\/","logo":{"@type":"ImageObject","inLanguage":"pt-PT","@id":"https:\/\/iguanasmoke.com\/#\/schema\/logo\/image\/","url":"https:\/\/iguanasmoke.com\/wp-content\/uploads\/2025\/01\/logoiguana-favi-1.png","contentUrl":"https:\/\/iguanasmoke.com\/wp-content\/uploads\/2025\/01\/logoiguana-favi-1.png","width":512,"height":512,"caption":"Iguana Smoke"},"image":{"@id":"https:\/\/iguanasmoke.com\/#\/schema\/logo\/image\/"},"sameAs":["https:\/\/www.facebook.com\/iguanasmoke","https:\/\/www.instagram.com\/iguanasmoke\/"]}]},"product_brand":"variable","og_availability":"out of stock","product_availability":"out of stock","product_condition":"new"},"_links":{"self":[{"href":"https:\/\/iguanasmoke.com\/pt\/wp-json\/wp\/v2\/product\/16976","targetHints":{"allow":["GET"]}}],"collection":[{"href":"https:\/\/iguanasmoke.com\/pt\/wp-json\/wp\/v2\/product"}],"about":[{"href":"https:\/\/iguanasmoke.com\/pt\/wp-json\/wp\/v2\/types\/product"}],"replies":[{"embeddable":true,"href":"https:\/\/iguanasmoke.com\/pt\/wp-json\/wp\/v2\/comments?post=16976"}],"wp:featuredmedia":[{"embeddable":true,"href":"https:\/\/iguanasmoke.com\/pt\/wp-json\/wp\/v2\/media\/17008"}],"wp:attachment":[{"href":"https:\/\/iguanasmoke.com\/pt\/wp-json\/wp\/v2\/media?parent=16976"}],"wp:term":[{"taxonomy":"product_brand","embeddable":true,"href":"https:\/\/iguanasmoke.com\/pt\/wp-json\/wp\/v2\/product_brand?post=16976"},{"taxonomy":"product_cat","embeddable":true,"href":"https:\/\/iguanasmoke.com\/pt\/wp-json\/wp\/v2\/product_cat?post=16976"},{"taxonomy":"product_tag","embeddable":true,"href":"https:\/\/iguanasmoke.com\/pt\/wp-json\/wp\/v2\/product_tag?post=16976"}],"curies":[{"name":"wp","href":"https:\/\/api.w.org\/{rel}","templated":true}]}}