{"id":17203,"date":"2023-06-20T12:58:45","date_gmt":"2023-06-20T10:58:45","guid":{"rendered":"https:\/\/iguanasmoke.com\/?post_type=product&#038;p=17203"},"modified":"2026-01-05T11:28:25","modified_gmt":"2026-01-05T10:28:25","slug":"oleo-de-cbd-de-espetro-total-10ml-30","status":"publish","type":"product","link":"https:\/\/iguanasmoke.com\/pt\/producto\/aceite-de-cbd-full-spectrum-10ml-30\/","title":{"rendered":"\u00d3leo CBD de espetro total 30% 10ml"},"content":{"rendered":"<h1><span style=\"font-weight: 400\">\u00d3leo CBD de espetro total 30% 10ml<\/span><\/h1>\n<p><span style=\"font-weight: 400\">Se j\u00e1 \u00e9 um veterano no mundo do canabidiol,\u00a0<strong>\u00d3leo CBD de espetro total 30% 10ml<\/strong> \u00e9 exatamente o que precisa. Concebida para quem precisa de quantidade e qualidade em cada gota, \u00e9 a pureza em 100%.<\/span><\/p>\n<p><span style=\"font-weight: 400\">Trata-se de uma op\u00e7\u00e3o forte e eficaz, <strong>ideal para quem quer experimentar os benef\u00edcios<\/strong> de <strong>CBD<\/strong> rapidamente.<\/span><\/p>\n<p>&nbsp;<\/p>\n<h2 data-start=\"591\" data-end=\"904\"><strong>Porqu\u00ea escolher este \u00f3leo CBD?<\/strong><\/h2>\n<p data-start=\"591\" data-end=\"904\"><span style=\"font-weight: 400\">Este produto cont\u00e9m <strong>3000mg de CBD em frasco de 10ml<\/strong>, tornando-a a op\u00e7\u00e3o mais poderosa.\u00a0<\/span><\/p>\n<p data-start=\"591\" data-end=\"904\"><span style=\"font-weight: 400\">Como se trata de um <strong>\u00d3leo CBD de espetro total (amplo espetro)<\/strong>, O perfil completo do c\u00e2nhamo \u00e9 mantido, incluindo <strong>canabin\u00f3ides, terpenos e flavon\u00f3ides<\/strong>. Desta forma, a conhecida <strong>efeito de comitiva<\/strong>, A a\u00e7\u00e3o combinada de todos os compostos que actuam em sinergia para oferecer um bem-estar mais completo e natural.<\/span><\/p>\n<h2 data-start=\"591\" data-end=\"904\"><strong>Principais carater\u00edsticas deste \u00f3leo CBD:<\/strong><\/h2>\n<ul>\n<li data-start=\"591\" data-end=\"904\">\u00d3leo CBD de espetro total 30% 10ml<\/li>\n<li data-start=\"591\" data-end=\"904\">Efeito poderoso<\/li>\n<li data-start=\"591\" data-end=\"904\">Sem efeitos psicoactivos e sem sensa\u00e7\u00e3o de \u201cpedra\u201d<\/li>\n<li data-start=\"591\" data-end=\"904\"><strong>Com menos de 0,3 % de THC, de acordo com os regulamentos.<\/strong><\/li>\n<li data-start=\"591\" data-end=\"904\">Produto testado em laborat\u00f3rio e em conformidade com as normas europeias<\/li>\n<li data-start=\"591\" data-end=\"904\"><strong data-start=\"2023\" data-end=\"2060\">100% legal e produzido na Europa<\/strong><\/li>\n<li><strong>Para uso t\u00f3pico.<\/strong><\/li>\n<\/ul>\n<p>&nbsp;<\/p>\n<h2 data-start=\"591\" data-end=\"904\"><strong>A quem se destina este \u00f3leo CBD? <\/strong><\/h2>\n<p><span style=\"font-weight: 400\">Este <strong>\u00d3leo CBD de espetro total 30% 10ml<\/strong> \u00e9 perfeito para: <\/span><\/p>\n<ul>\n<li data-start=\"591\" data-end=\"904\"><span style=\"font-weight: 400\">Pessoas que procuram a m\u00e1xima concentra\u00e7\u00e3o e praticidade num \u00fanico pote.<\/span><\/li>\n<li data-start=\"591\" data-end=\"904\">Pessoas que procuram a m\u00e1xima intensidade e pot\u00eancia<\/li>\n<li data-start=\"591\" data-end=\"904\"><span style=\"font-weight: 400\">Os que preferem f\u00f3rmulas completas de \u00f3leo de sementes de c\u00e2nhamo <\/span><\/li>\n<li data-start=\"591\" data-end=\"904\"><span style=\"font-weight: 400\">Os utilizadores que pretendam <strong>comprar \u00f3leo CBD online<\/strong> com seguran\u00e7a.\u00a0<\/span><\/li>\n<\/ul>\n<h2 data-start=\"3142\" data-end=\"3187\"><\/h2>\n<h2><b>Onde comprar os seus \u00f3leos CBD online<\/b><b>?<\/b><\/h2>\n<p><span style=\"font-weight: 400\">Naturalmente, em <strong>Fumo de Iguana. <\/strong>Aqui damos prioridade \u00e0 qualidade e \u00e0 transpar\u00eancia em cada produto. Os nossos <strong>\u00d3leo CBD de espetro total 30% 10ml<\/strong> \u00e9 preparado 100% a partir de <strong>sementes de c\u00e2nhamo.<\/strong><\/span><\/p>\n<p><span style=\"font-weight: 400\">Este \u00e9 o seu lugar seguro para <strong>comprar \u00f3leos CBD online em Espanha.<\/strong> Todos os nossos produtos s\u00e3o aprovados pela UE, o que garante a sua legalidade e seguran\u00e7a. Para al\u00e9m disso, se desejar, pode consultar<\/span><strong> <a href=\"https:\/\/iguanasmoke.com\/pt\/analiticas\/\">an\u00e1lises laboratoriais.<\/a>\u00a0<\/strong><\/p>\n<p><span style=\"font-weight: 400\">Se gosta de flores CBD, informe-se sobre <\/span><span style=\"font-weight: 400\">outros <strong>Produtos TOP<\/strong> como o <a href=\"https:\/\/iguanasmoke.com\/pt\/produto\/comprar-cbd-pop-corn-sour-tsunami-flower-10gr-cbd-small-buds\/\"><strong>Milho para pipocas 10g<\/strong><\/a> ou o <strong><a href=\"https:\/\/iguanasmoke.com\/pt\/categoria\/pronto-para-rolar\/\">Pronto para rolar<\/a><\/strong>. <\/span><span style=\"font-weight: 400\">Explore tamb\u00e9m a nossa vasta gama de <strong><a href=\"https:\/\/iguanasmoke.com\/pt\/categoria\/extractos-de-cbd\/\">Extractos de CBD<\/a><\/strong> y <strong><a href=\"https:\/\/iguanasmoke.com\/pt\/categoria\/haxixe-cbd\/\">Haxixe CBD<\/a>.<\/strong><\/span><\/p>\n<p>Rapidez na entrega, aten\u00e7\u00e3o e uma loja com embalagens discretas e seguras que v\u00e3o em frente, s\u00f3 para si!<\/p>\n<p>&nbsp;<\/p>\n<h3><b>Iguana Smoke \u00e9 a sua loja online de CBD\u00a0<\/b><\/h3>\n<p><span style=\"font-weight: 400\">Em<strong> Fumo de Iguana<\/strong>, Acreditamos que desfrutar do CBD deve ser uma experi\u00eancia segura e agrad\u00e1vel. \u00c9 por isso que temos produtos como este <strong>\u00d3leo CBD de espetro total 30% 10ml <\/strong>qualidade, que se liga \u00e0s novas gera\u00e7\u00f5es: pessoas que procuram um bem-estar descomplicado, com marcas aut\u00eanticas e fi\u00e1veis.\u00a0<\/span><\/p>\n<p>A nossa miss\u00e3o \u00e9 clara: trazer-lhe o melhor do mundo do CBD a um pre\u00e7o justo. Al\u00e9m disso, damos-lhe a paz de esp\u00edrito que adv\u00e9m do facto de saber que est\u00e1 a escolher um produto certificado, eficaz e legal 100%. O seu momento de relaxamento come\u00e7a aqui connosco.<\/p>\n<p>Ainda tem d\u00favidas? Escreva-nos e teremos todo o gosto em ajud\u00e1-lo a encontrar o produto certo para si.<\/p>","protected":false},"excerpt":{"rendered":"<p><span style=\"font-weight: 400\">Este \u00f3leo CBD de espetro total 30% 10ml tem a concentra\u00e7\u00e3o mais elevada da gama para desfrutar dos benef\u00edcios do canabidiol de uma forma potente, sem efeitos psicoactivos.\u00a0<strong>Para uso t\u00f3pico.<\/strong><\/span><\/p>\n<p>Ingredientes:<br \/>\n-Extrato de CBD (espetro total) 3000mg<\/p>","protected":false},"featured_media":26240,"comment_status":"open","ping_status":"closed","template":"","meta":{"_acf_changed":false,"site-sidebar-layout":"default","site-content-layout":"default","ast-site-content-layout":"default","site-content-style":"default","site-sidebar-style":"default","ast-global-header-display":"","ast-banner-title-visibility":"","ast-main-header-display":"","ast-hfb-above-header-display":"","ast-hfb-below-header-display":"","ast-hfb-mobile-header-display":"","site-post-title":"","ast-breadcrumbs-content":"","ast-featured-img":"","footer-sml-layout":"","theme-transparent-header-meta":"default","adv-header-id-meta":"","stick-header-meta":"","header-above-stick-meta":"","header-main-stick-meta":"","header-below-stick-meta":"","astra-migrate-meta-layouts":"set","ast-page-background-enabled":"default","ast-page-background-meta":{"desktop":{"background-color":"var(--ast-global-color-4)","background-image":"","background-repeat":"repeat","background-position":"center center","background-size":"auto","background-attachment":"scroll","background-type":"","background-media":"","overlay-type":"","overlay-color":"","overlay-opacity":"","overlay-gradient":""},"tablet":{"background-color":"","background-image":"","background-repeat":"repeat","background-position":"center center","background-size":"auto","background-attachment":"scroll","background-type":"","background-media":"","overlay-type":"","overlay-color":"","overlay-opacity":"","overlay-gradient":""},"mobile":{"background-color":"","background-image":"","background-repeat":"repeat","background-position":"center center","background-size":"auto","background-attachment":"scroll","background-type":"","background-media":"","overlay-type":"","overlay-color":"","overlay-opacity":"","overlay-gradient":""}},"ast-content-background-meta":{"desktop":{"background-color":"var(--ast-global-color-5)","background-image":"","background-repeat":"repeat","background-position":"center center","background-size":"auto","background-attachment":"scroll","background-type":"","background-media":"","overlay-type":"","overlay-color":"","overlay-opacity":"","overlay-gradient":""},"tablet":{"background-color":"var(--ast-global-color-5)","background-image":"","background-repeat":"repeat","background-position":"center center","background-size":"auto","background-attachment":"scroll","background-type":"","background-media":"","overlay-type":"","overlay-color":"","overlay-opacity":"","overlay-gradient":""},"mobile":{"background-color":"var(--ast-global-color-5)","background-image":"","background-repeat":"repeat","background-position":"center center","background-size":"auto","background-attachment":"scroll","background-type":"","background-media":"","overlay-type":"","overlay-color":"","overlay-opacity":"","overlay-gradient":""}}},"product_brand":[],"product_cat":[309],"product_tag":[],"class_list":{"0":"post-17203","1":"product","2":"type-product","3":"status-publish","4":"has-post-thumbnail","6":"product_cat-aceite-de-cbd","7":"desktop-align-center","8":"tablet-align-center","9":"mobile-align-center","11":"first","12":"instock","13":"taxable","14":"shipping-taxable","15":"purchasable","16":"product-type-simple"},"acf":[],"yoast_head":"<!-- This site is optimized with the Yoast SEO Premium plugin v27.3 (Yoast SEO v27.3) - https:\/\/yoast.com\/product\/yoast-seo-premium-wordpress\/ -->\n<title>Aceite de CBD Full Spectrum 30% 10ml | Iguana Smoke<\/title>\n<meta name=\"description\" content=\"Aceite de CBD Full Spectrum 30% 10ml. Alta concentraci\u00f3n en cada gota. Compra aceite de CBD con potencia y calidad premium en Iguana Smoke.\" \/>\n<meta name=\"robots\" content=\"index, follow, max-snippet:-1, max-image-preview:large, max-video-preview:-1\" \/>\n<link rel=\"canonical\" href=\"https:\/\/iguanasmoke.com\/pt\/produto\/oleo-de-cbd-de-espetro-total-10ml-30\/\" \/>\n<meta property=\"og:locale\" content=\"pt_PT\" \/>\n<meta property=\"og:type\" content=\"article\" \/>\n<meta property=\"og:title\" content=\"Aceite de CBD Full Spectrum 30% 10ml\" \/>\n<meta property=\"og:description\" content=\"Este Aceite de CBD Full Spectrum 30% 10ml tiene la concentraci\u00f3n m\u00e1s alta de la gama para disfrutar de los beneficios del cannabidiol de forma potente, sin efectos psicoactivos.\u00a0De uso t\u00f3pico.  Ingredientes: -Extracto de CBD (Full Spectrum) 3000mg\" \/>\n<meta property=\"og:url\" content=\"https:\/\/iguanasmoke.com\/pt\/produto\/oleo-de-cbd-de-espetro-total-10ml-30\/\" \/>\n<meta property=\"og:site_name\" content=\"Iguana Smoke\" \/>\n<meta property=\"article:publisher\" content=\"https:\/\/www.facebook.com\/iguanasmoke\" \/>\n<meta property=\"article:modified_time\" content=\"2026-01-05T10:28:25+00:00\" \/>\n<meta property=\"og:image\" content=\"https:\/\/iguanasmoke.com\/wp-content\/uploads\/2023\/06\/BOX-y-BTL-FS-10ml-30.webp\" \/>\n\t<meta property=\"og:image:width\" content=\"500\" \/>\n\t<meta property=\"og:image:height\" content=\"500\" \/>\n\t<meta property=\"og:image:type\" content=\"image\/webp\" \/>\n<meta name=\"twitter:card\" content=\"summary_large_image\" \/>\n<meta name=\"twitter:label1\" content=\"pre\u00e7o\" \/>\n\t<meta name=\"twitter:data1\" content=\"64,90&nbsp;&euro;\" \/>\n\t<meta name=\"twitter:label2\" content=\"Disponibilidade\" \/>\n\t<meta name=\"twitter:data2\" content=\"Em stock\" \/>\n<meta property=\"product:brand\" content=\"simple\" \/>\n<meta property=\"product:price:amount\" content=\"64.90\" \/>\n<meta property=\"product:price:currency\" content=\"EUR\" \/>\n<meta property=\"og:availability\" content=\"instock\" \/>\n<meta property=\"product:availability\" content=\"instock\" \/>\n<meta property=\"product:retailer_item_id\" content=\"IS-OIL-FS-10-30\" \/>\n<meta property=\"product:condition\" content=\"new\" \/>\n<!-- \/ Yoast SEO Premium plugin. -->","yoast_head_json":{"title":"\u00d3leo CBD de espetro total 30% 10ml | Fumo de Iguana","description":"\u00d3leo CBD de espetro total 30% 10ml. Alta concentra\u00e7\u00e3o em cada gota. Comprar \u00f3leo CBD com pot\u00eancia e qualidade superior na Iguana Smoke.","robots":{"index":"index","follow":"follow","max-snippet":"max-snippet:-1","max-image-preview":"max-image-preview:large","max-video-preview":"max-video-preview:-1"},"canonical":"https:\/\/iguanasmoke.com\/pt\/produto\/oleo-de-cbd-de-espetro-total-10ml-30\/","og_locale":"pt_PT","og_type":"article","og_title":"Aceite de CBD Full Spectrum 30% 10ml","og_description":"Este Aceite de CBD Full Spectrum 30% 10ml tiene la concentraci\u00f3n m\u00e1s alta de la gama para disfrutar de los beneficios del cannabidiol de forma potente, sin efectos psicoactivos.\u00a0De uso t\u00f3pico.  Ingredientes: -Extracto de CBD (Full Spectrum) 3000mg","og_url":"https:\/\/iguanasmoke.com\/pt\/produto\/oleo-de-cbd-de-espetro-total-10ml-30\/","og_site_name":"Iguana Smoke","article_publisher":"https:\/\/www.facebook.com\/iguanasmoke","article_modified_time":"2026-01-05T10:28:25+00:00","og_image":[{"width":500,"height":500,"url":"https:\/\/iguanasmoke.com\/wp-content\/uploads\/2023\/06\/BOX-y-BTL-FS-10ml-30.webp","type":"image\/webp"}],"twitter_card":"summary_large_image","twitter_misc":{"pre\u00e7o":"64,90&nbsp;&euro;","Disponibilidade":"Em stock"},"schema":{"@context":"https:\/\/schema.org","@graph":[{"@type":"WebPage","@id":"https:\/\/iguanasmoke.com\/producto\/aceite-de-cbd-full-spectrum-10ml-30\/","url":"https:\/\/iguanasmoke.com\/producto\/aceite-de-cbd-full-spectrum-10ml-30\/","name":"\u00d3leo CBD de espetro total 30% 10ml | Fumo de Iguana","isPartOf":{"@id":"https:\/\/iguanasmoke.com\/#website"},"primaryImageOfPage":{"@id":"https:\/\/iguanasmoke.com\/producto\/aceite-de-cbd-full-spectrum-10ml-30\/#primaryimage"},"image":{"@id":"https:\/\/iguanasmoke.com\/producto\/aceite-de-cbd-full-spectrum-10ml-30\/#primaryimage"},"thumbnailUrl":"https:\/\/iguanasmoke.com\/wp-content\/uploads\/2023\/06\/BOX-y-BTL-FS-10ml-30.webp","datePublished":"2023-06-20T10:58:45+00:00","dateModified":"2026-01-05T10:28:25+00:00","description":"\u00d3leo CBD de espetro total 30% 10ml. Alta concentra\u00e7\u00e3o em cada gota. Comprar \u00f3leo CBD com pot\u00eancia e qualidade superior na Iguana Smoke.","breadcrumb":{"@id":"https:\/\/iguanasmoke.com\/producto\/aceite-de-cbd-full-spectrum-10ml-30\/#breadcrumb"},"inLanguage":"pt-PT","potentialAction":[{"@type":"ReadAction","target":["https:\/\/iguanasmoke.com\/producto\/aceite-de-cbd-full-spectrum-10ml-30\/"]}]},{"@type":"ImageObject","inLanguage":"pt-PT","@id":"https:\/\/iguanasmoke.com\/producto\/aceite-de-cbd-full-spectrum-10ml-30\/#primaryimage","url":"https:\/\/iguanasmoke.com\/wp-content\/uploads\/2023\/06\/BOX-y-BTL-FS-10ml-30.webp","contentUrl":"https:\/\/iguanasmoke.com\/wp-content\/uploads\/2023\/06\/BOX-y-BTL-FS-10ml-30.webp","width":500,"height":500,"caption":"Aceite de CBD Full Spectrum 30%"},{"@type":"BreadcrumbList","@id":"https:\/\/iguanasmoke.com\/producto\/aceite-de-cbd-full-spectrum-10ml-30\/#breadcrumb","itemListElement":[{"@type":"ListItem","position":1,"name":"home","item":"https:\/\/iguanasmoke.com\/"},{"@type":"ListItem","position":2,"name":"Tienda","item":"https:\/\/iguanasmoke.com\/tienda\/"},{"@type":"ListItem","position":3,"name":"Aceites de CBD","item":"https:\/\/iguanasmoke.com\/categoria\/aceite-de-cbd\/"},{"@type":"ListItem","position":4,"name":"Aceite de CBD Full Spectrum 30% 10ml"}]},{"@type":"WebSite","@id":"https:\/\/iguanasmoke.com\/#website","url":"https:\/\/iguanasmoke.com\/","name":"Fumo de Iguana","description":"Comprar CBD online ao melhor pre\u00e7o","publisher":{"@id":"https:\/\/iguanasmoke.com\/#organization"},"potentialAction":[{"@type":"SearchAction","target":{"@type":"EntryPoint","urlTemplate":"https:\/\/iguanasmoke.com\/?s={search_term_string}"},"query-input":{"@type":"PropertyValueSpecification","valueRequired":true,"valueName":"search_term_string"}}],"inLanguage":"pt-PT"},{"@type":"Organization","@id":"https:\/\/iguanasmoke.com\/#organization","name":"Fumo de Iguana","url":"https:\/\/iguanasmoke.com\/","logo":{"@type":"ImageObject","inLanguage":"pt-PT","@id":"https:\/\/iguanasmoke.com\/#\/schema\/logo\/image\/","url":"https:\/\/iguanasmoke.com\/wp-content\/uploads\/2025\/01\/logoiguana-favi-1.png","contentUrl":"https:\/\/iguanasmoke.com\/wp-content\/uploads\/2025\/01\/logoiguana-favi-1.png","width":512,"height":512,"caption":"Iguana Smoke"},"image":{"@id":"https:\/\/iguanasmoke.com\/#\/schema\/logo\/image\/"},"sameAs":["https:\/\/www.facebook.com\/iguanasmoke","https:\/\/www.instagram.com\/iguanasmoke\/"]}]},"product_brand":"simple","product_price_amount":"64.90","product_price_currency":"EUR","og_availability":"instock","product_availability":"instock","product_retailer_item_id":"IS-OIL-FS-10-30","product_condition":"new"},"_links":{"self":[{"href":"https:\/\/iguanasmoke.com\/pt\/wp-json\/wp\/v2\/product\/17203","targetHints":{"allow":["GET"]}}],"collection":[{"href":"https:\/\/iguanasmoke.com\/pt\/wp-json\/wp\/v2\/product"}],"about":[{"href":"https:\/\/iguanasmoke.com\/pt\/wp-json\/wp\/v2\/types\/product"}],"replies":[{"embeddable":true,"href":"https:\/\/iguanasmoke.com\/pt\/wp-json\/wp\/v2\/comments?post=17203"}],"wp:featuredmedia":[{"embeddable":true,"href":"https:\/\/iguanasmoke.com\/pt\/wp-json\/wp\/v2\/media\/26240"}],"wp:attachment":[{"href":"https:\/\/iguanasmoke.com\/pt\/wp-json\/wp\/v2\/media?parent=17203"}],"wp:term":[{"taxonomy":"product_brand","embeddable":true,"href":"https:\/\/iguanasmoke.com\/pt\/wp-json\/wp\/v2\/product_brand?post=17203"},{"taxonomy":"product_cat","embeddable":true,"href":"https:\/\/iguanasmoke.com\/pt\/wp-json\/wp\/v2\/product_cat?post=17203"},{"taxonomy":"product_tag","embeddable":true,"href":"https:\/\/iguanasmoke.com\/pt\/wp-json\/wp\/v2\/product_tag?post=17203"}],"curies":[{"name":"wp","href":"https:\/\/api.w.org\/{rel}","templated":true}]}}