{"id":18682,"date":"2023-08-03T19:06:15","date_gmt":"2023-08-03T17:06:15","guid":{"rendered":"https:\/\/iguanasmoke.com\/?post_type=product&#038;p=18682"},"modified":"2026-04-14T13:21:16","modified_gmt":"2026-04-14T11:21:16","slug":"haxixe-cbd-caramelo-50","status":"publish","type":"product","link":"https:\/\/iguanasmoke.com\/pt\/producto\/hash-cbd-caramel-50\/","title":{"rendered":"Hash CBD Caramelo 50%"},"content":{"rendered":"<h1><span style=\"font-weight: 400\">Caramel Hash 50% CBD: um bom come\u00e7o\u00a0\u00a0<\/span><\/h1>\n<p><span style=\"font-weight: 400\">Se pretende mergulhar nas maravilhas do haxixe CBD, o<strong> Caramel Hash CBD 50%<\/strong> \u00e9 uma escolha que n\u00e3o desilude. Este produto combina uma qualidade excecional com um aroma subtil e apelativo, tornando-o uma sele\u00e7\u00e3o ideal para os interessados em desfrutar da sua composi\u00e7\u00e3o 50% CBD.<\/span><span style=\"font-size: 16px;font-weight: 400\">. <\/span><\/p>\n<p><span style=\"font-size: 16px;font-weight: 400\">A sua combina\u00e7\u00e3o de pureza, pot\u00eancia e um aroma deliciosamente apelativo torna-o a escolha perfeita para quem quer<\/span><strong style=\"font-size: 16px\"> comprar haxixe barato online<\/strong><span style=\"font-size: 16px;font-weight: 400\"> com a garantia de obter o melhor. N\u00e3o hesite em comprar Hash CBD Caramel 50%.<\/span><\/p>\n<p>&nbsp;<\/p>\n<h2>Carater\u00edsticas do Caramel Hash 50% CBD:<\/h2>\n<ul>\n<li><span style=\"font-size: 16px;font-weight: 400\"><strong>Aspeto e textura:<\/strong> \u00c0 primeira vista, o Caramel Hash CBD 50% impressiona-nos com a sua <strong>textura \u00fanica, firme e resinosa<\/strong>, que reflecte a qualidade superior do nosso haxixe e o cuidadoso processo de elabora\u00e7\u00e3o. A sua cor e consist\u00eancia destacam-se no mercado da resina CBD, posicionando-a como uma das melhores resinas CBD do mercado. <strong>alternativa de qualidade superior<\/strong> em compara\u00e7\u00e3o com outras op\u00e7\u00f5es.\u00a0<\/span><\/li>\n<li><span style=\"font-size: 16px;font-weight: 400\"><strong>Aroma e sabor:<\/strong> Ao contr\u00e1rio de outros produtos de haxixe, o <strong>Haxixe de caramelo CBD<\/strong> oferece um<strong> perfil olfativo subtil<\/strong> mas agrad\u00e1vel, o que a torna uma das suas carater\u00edsticas mais atractivas, perfeita para quem procura experi\u00eancias sensoriais com <strong>notas mais delicadas.<\/strong><\/span><\/li>\n<li><span style=\"font-size: 16px;font-weight: 400\"><strong>Origem e pureza:<\/strong> \u00c9 proveniente de uma sele\u00e7\u00e3o cuidadosa das melhores mat\u00e9rias-primas, garantindo pureza e resist\u00eancia. Esta aten\u00e7\u00e3o aos pormenores assegura a obten\u00e7\u00e3o de um produto de alta qualidade, crucial para quem procura <strong>CBD barato<\/strong> mas n\u00e3o quer comprometer a qualidade do <strong>Hash CBD Caramelo 50%.<\/strong><\/span><\/li>\n<\/ul>\n<h3><\/h3>\n<p>&nbsp;<\/p>\n<h3><b>Porqu\u00ea comprar haxixe e resina CBD \u00e0 Iguana Smoke?<\/b><\/h3>\n<p><span style=\"font-weight: 400\">Na Iguana Smoke, estamos empenhados na qualidade. Os nossos produtos de haxixe CBD s\u00e3o 100% naturais e org\u00e2nicos, sem qu\u00edmicos ou pesticidas. Isto significa que quando nos compra, est\u00e1 a escolher haxixe e resina CBD puros e seguros. Como \u00e9 o caso do nosso <strong>Hash CBD Caramelo 50%<\/strong>.<\/span><\/p>\n<p><span style=\"font-weight: 400\">Pode ter a certeza de que todos os nossos <strong>Resinas CBD<\/strong> s\u00e3o fabricados com mat\u00e9rias-primas de alta qualidade que s\u00e3o submetidas a controlos laboratoriais, garantindo assim a sua pureza e seguran\u00e7a. J\u00e1 sabe que a Iguana Smoke \u00e9 o seu lugar seguro. <strong>onde comprar CBD, STV e haxixe 10-OH em Espanha: <\/strong>Produtos aprovados pela UE, com menos de 0,3 % THC, para uma experi\u00eancia aut\u00eantica e legal. Pode verificar a an\u00e1lise de qualidade deste haxixe <a href=\"https:\/\/iguanasmoke.com\/pt\/analiticas\/\">aqui<\/a>.\u00a0<\/span><\/p>\n<p><em><span style=\"font-weight: 400\">Lembre-se: a sua utiliza\u00e7\u00e3o destina-se \u00e0 recolha ou \u00e0 aromaterapia, de acordo com a legisla\u00e7\u00e3o espanhola.\u00a0<\/span><\/em><\/p>\n<p><span style=\"font-weight: 400\">Al\u00e9m disso, se gosta das nossas outras resinas CBD, como a <a href=\"https:\/\/iguanasmoke.com\/pt\/produto\/golden-hash-cbd-20\/\" target=\"_blank\" rel=\"noopener\">Haxixe dourado CBD 20%<\/a>, garantimos-lhe que o <strong>Haxixe de caramelo CBD<\/strong> n\u00e3o o deixar\u00e3o insatisfeito. Al\u00e9m disso, n\u00e3o se esque\u00e7a de explorar os nossos produtos mais vendidos, como o <a href=\"https:\/\/iguanasmoke.com\/pt\/categoria\/espetro-completo\/\" target=\"_blank\" rel=\"noopener\">Vaporizadores de CBD de espetro total<\/a> ou o <a href=\"https:\/\/iguanasmoke.com\/pt\/categoria\/comprar-botoes-de-cbd-de-flores-online\/\" target=\"_blank\" rel=\"noopener\">Flores com CBD.<\/a> <\/span><span style=\"font-weight: 400\">Explore a nossa gama hoje e encontre o seu favorito.\u00a0<\/span><\/p>\n<p>&nbsp;<\/p>\n<h3><b>Iguana Smoke \u00e9 sin\u00f3nimo de qualidade e fiabilidade.<\/b><\/h3>\n<p><span style=\"font-weight: 400\">Na Iguana Smoke, acreditamos que desfrutar do CBD deve ser uma experi\u00eancia segura, acess\u00edvel e prazerosa. \u00c9 por isso que temos produtos de alta qualidade que se ligam \u00e0s novas gera\u00e7\u00f5es: pessoas que procuram um bem-estar descomplicado, com marcas aut\u00eanticas e fi\u00e1veis. O Hash CBD Caramel \u00e9 um exemplo claro disso.<\/span><\/p>\n<p>Por outras palavras, a nossa miss\u00e3o \u00e9 clara: trazer-lhe o melhor do CBD a um pre\u00e7o justo, com a tranquilidade de saber que est\u00e1 a escolher um produto certificado, eficaz e 100% legal. Estamos na vanguarda dos produtos de CBD.<\/p>\n<p>Tem alguma quest\u00e3o? Escreva-nos e teremos todo o gosto em ajud\u00e1-lo a encontrar o produto certo para si.<\/p>","protected":false},"excerpt":{"rendered":"<p><span style=\"font-weight: 400\">O Caramel Hash CBD 50% da Iguana Smoke destaca-se pelo seu aroma e textura firmes e resinosos. \u00c9 a escolha perfeita para se iniciar no mundo do haxixe.<\/span><\/p>\n<ul>\n<li>CBD: 50% \/ THC: &lt;0,3%<\/li>\n<li>Aroma forte com tons doces<\/li>\n<li>100% legal na Europa<\/li>\n<\/ul>\n<p>An\u00e1lise da qualidade: clique\u00a0<a href=\"https:\/\/iguanasmoke.com\/pt\/analiticas\/\" target=\"_blank\" rel=\"noopener\">aqui<\/a><\/p>","protected":false},"featured_media":81886,"comment_status":"open","ping_status":"closed","template":"","meta":{"_acf_changed":false,"site-sidebar-layout":"default","site-content-layout":"default","ast-site-content-layout":"default","site-content-style":"default","site-sidebar-style":"default","ast-global-header-display":"","ast-banner-title-visibility":"","ast-main-header-display":"","ast-hfb-above-header-display":"","ast-hfb-below-header-display":"","ast-hfb-mobile-header-display":"","site-post-title":"","ast-breadcrumbs-content":"","ast-featured-img":"","footer-sml-layout":"","theme-transparent-header-meta":"default","adv-header-id-meta":"","stick-header-meta":"","header-above-stick-meta":"","header-main-stick-meta":"","header-below-stick-meta":"","astra-migrate-meta-layouts":"set","ast-page-background-enabled":"default","ast-page-background-meta":{"desktop":{"background-color":"var(--ast-global-color-4)","background-image":"","background-repeat":"repeat","background-position":"center center","background-size":"auto","background-attachment":"scroll","background-type":"","background-media":"","overlay-type":"","overlay-color":"","overlay-opacity":"","overlay-gradient":""},"tablet":{"background-color":"","background-image":"","background-repeat":"repeat","background-position":"center center","background-size":"auto","background-attachment":"scroll","background-type":"","background-media":"","overlay-type":"","overlay-color":"","overlay-opacity":"","overlay-gradient":""},"mobile":{"background-color":"","background-image":"","background-repeat":"repeat","background-position":"center center","background-size":"auto","background-attachment":"scroll","background-type":"","background-media":"","overlay-type":"","overlay-color":"","overlay-opacity":"","overlay-gradient":""}},"ast-content-background-meta":{"desktop":{"background-color":"var(--ast-global-color-5)","background-image":"","background-repeat":"repeat","background-position":"center center","background-size":"auto","background-attachment":"scroll","background-type":"","background-media":"","overlay-type":"","overlay-color":"","overlay-opacity":"","overlay-gradient":""},"tablet":{"background-color":"var(--ast-global-color-5)","background-image":"","background-repeat":"repeat","background-position":"center center","background-size":"auto","background-attachment":"scroll","background-type":"","background-media":"","overlay-type":"","overlay-color":"","overlay-opacity":"","overlay-gradient":""},"mobile":{"background-color":"var(--ast-global-color-5)","background-image":"","background-repeat":"repeat","background-position":"center center","background-size":"auto","background-attachment":"scroll","background-type":"","background-media":"","overlay-type":"","overlay-color":"","overlay-opacity":"","overlay-gradient":""}}},"product_brand":[],"product_cat":[397],"product_tag":[],"class_list":{"0":"post-18682","1":"product","2":"type-product","3":"status-publish","4":"has-post-thumbnail","6":"product_cat-hash-cbd","7":"desktop-align-center","8":"tablet-align-center","9":"mobile-align-center","11":"first","12":"instock","13":"taxable","14":"shipping-taxable","15":"purchasable","16":"product-type-variable"},"acf":[],"yoast_head":"<!-- This site is optimized with the Yoast SEO Premium plugin v27.3 (Yoast SEO v27.3) - https:\/\/yoast.com\/product\/yoast-seo-premium-wordpress\/ -->\n<title>Hash CBD Caramel 50%: Hach\u00eds Atractivo y barato| Iguana Smoke<\/title>\n<meta name=\"description\" content=\"Compra Caramel Hash CBD 50% al mejor precio en Iguana Smoke. Compra hach\u00eds legal. Env\u00edo gratuito en Espa\u00f1a y Portugal a partir de 40\u20ac.\" \/>\n<meta name=\"robots\" content=\"index, follow, max-snippet:-1, max-image-preview:large, max-video-preview:-1\" \/>\n<link rel=\"canonical\" href=\"https:\/\/iguanasmoke.com\/pt\/produto\/haxixe-cbd-caramelo-50\/\" \/>\n<meta property=\"og:locale\" content=\"pt_PT\" \/>\n<meta property=\"og:type\" content=\"article\" \/>\n<meta property=\"og:title\" content=\"Hash CBD Caramel 50%\" \/>\n<meta property=\"og:description\" content=\"El Caramel Hash CBD 50% de Iguana Smoke destaca por su aroma y textura firme y resinosa. Lo convierte en la elecci\u00f3n perfecta para comenzar en el mundo del hash.   CBD: 50% \/ THC: &lt;0,3%  Aroma fuerte con tonos dulces  100% legal en Europa  An\u00e1lisis de calidad: pincha\u00a0aqu\u00ed\" \/>\n<meta property=\"og:url\" content=\"https:\/\/iguanasmoke.com\/pt\/produto\/haxixe-cbd-caramelo-50\/\" \/>\n<meta property=\"og:site_name\" content=\"Iguana Smoke\" \/>\n<meta property=\"article:publisher\" content=\"https:\/\/www.facebook.com\/iguanasmoke\" \/>\n<meta property=\"article:modified_time\" content=\"2026-04-14T11:21:16+00:00\" \/>\n<meta property=\"og:image\" content=\"https:\/\/iguanasmoke.com\/wp-content\/uploads\/2023\/08\/Caramel-2-con-hash.webp\" \/>\n\t<meta property=\"og:image:width\" content=\"1000\" \/>\n\t<meta property=\"og:image:height\" content=\"1000\" \/>\n\t<meta property=\"og:image:type\" content=\"image\/webp\" \/>\n<meta name=\"twitter:card\" content=\"summary_large_image\" \/>\n<meta name=\"twitter:label1\" content=\"Disponibilidade\" \/>\n\t<meta name=\"twitter:data1\" content=\"Em stock\" \/>\n<meta property=\"product:brand\" content=\"variable\" \/>\n<meta property=\"og:availability\" content=\"instock\" \/>\n<meta property=\"product:availability\" content=\"instock\" \/>\n<meta property=\"product:condition\" content=\"new\" \/>\n<!-- \/ Yoast SEO Premium plugin. -->","yoast_head_json":{"title":"Hash CBD Caramel 50%: Haxixe Iguana Smoke atrativo e barato","description":"Compre Caramel Hash CBD 50% ao melhor pre\u00e7o em Iguana Smoke. Comprar haxixe legal. Frete gr\u00e1tis em Espanha e Portugal a partir de 40\u20ac.","robots":{"index":"index","follow":"follow","max-snippet":"max-snippet:-1","max-image-preview":"max-image-preview:large","max-video-preview":"max-video-preview:-1"},"canonical":"https:\/\/iguanasmoke.com\/pt\/produto\/haxixe-cbd-caramelo-50\/","og_locale":"pt_PT","og_type":"article","og_title":"Hash CBD Caramel 50%","og_description":"El Caramel Hash CBD 50% de Iguana Smoke destaca por su aroma y textura firme y resinosa. Lo convierte en la elecci\u00f3n perfecta para comenzar en el mundo del hash.   CBD: 50% \/ THC: &lt;0,3%  Aroma fuerte con tonos dulces  100% legal en Europa  An\u00e1lisis de calidad: pincha\u00a0aqu\u00ed","og_url":"https:\/\/iguanasmoke.com\/pt\/produto\/haxixe-cbd-caramelo-50\/","og_site_name":"Iguana Smoke","article_publisher":"https:\/\/www.facebook.com\/iguanasmoke","article_modified_time":"2026-04-14T11:21:16+00:00","og_image":[{"width":1000,"height":1000,"url":"https:\/\/iguanasmoke.com\/wp-content\/uploads\/2023\/08\/Caramel-2-con-hash.webp","type":"image\/webp"}],"twitter_card":"summary_large_image","twitter_misc":{"Disponibilidade":"Em stock"},"schema":{"@context":"https:\/\/schema.org","@graph":[{"@type":"WebPage","@id":"https:\/\/iguanasmoke.com\/producto\/hash-cbd-caramel-50\/","url":"https:\/\/iguanasmoke.com\/producto\/hash-cbd-caramel-50\/","name":"Hash CBD Caramel 50%: Haxixe Iguana Smoke atrativo e barato","isPartOf":{"@id":"https:\/\/iguanasmoke.com\/#website"},"primaryImageOfPage":{"@id":"https:\/\/iguanasmoke.com\/producto\/hash-cbd-caramel-50\/#primaryimage"},"image":{"@id":"https:\/\/iguanasmoke.com\/producto\/hash-cbd-caramel-50\/#primaryimage"},"thumbnailUrl":"https:\/\/iguanasmoke.com\/wp-content\/uploads\/2023\/08\/Caramel-2-con-hash.webp","datePublished":"2023-08-03T17:06:15+00:00","dateModified":"2026-04-14T11:21:16+00:00","description":"Compre Caramel Hash CBD 50% ao melhor pre\u00e7o em Iguana Smoke. Comprar haxixe legal. Frete gr\u00e1tis em Espanha e Portugal a partir de 40\u20ac.","breadcrumb":{"@id":"https:\/\/iguanasmoke.com\/producto\/hash-cbd-caramel-50\/#breadcrumb"},"inLanguage":"pt-PT","potentialAction":[{"@type":"ReadAction","target":["https:\/\/iguanasmoke.com\/producto\/hash-cbd-caramel-50\/"]}]},{"@type":"ImageObject","inLanguage":"pt-PT","@id":"https:\/\/iguanasmoke.com\/producto\/hash-cbd-caramel-50\/#primaryimage","url":"https:\/\/iguanasmoke.com\/wp-content\/uploads\/2023\/08\/Caramel-2-con-hash.webp","contentUrl":"https:\/\/iguanasmoke.com\/wp-content\/uploads\/2023\/08\/Caramel-2-con-hash.webp","width":1000,"height":1000,"caption":"Hash CBD Caramel 2g"},{"@type":"BreadcrumbList","@id":"https:\/\/iguanasmoke.com\/producto\/hash-cbd-caramel-50\/#breadcrumb","itemListElement":[{"@type":"ListItem","position":1,"name":"home","item":"https:\/\/iguanasmoke.com\/"},{"@type":"ListItem","position":2,"name":"Tienda","item":"https:\/\/iguanasmoke.com\/tienda\/"},{"@type":"ListItem","position":3,"name":"Hash CBD","item":"https:\/\/iguanasmoke.com\/categoria\/hash-cbd\/"},{"@type":"ListItem","position":4,"name":"Hash CBD Caramel 50%"}]},{"@type":"WebSite","@id":"https:\/\/iguanasmoke.com\/#website","url":"https:\/\/iguanasmoke.com\/","name":"Fumo de Iguana","description":"Comprar CBD online ao melhor pre\u00e7o","publisher":{"@id":"https:\/\/iguanasmoke.com\/#organization"},"potentialAction":[{"@type":"SearchAction","target":{"@type":"EntryPoint","urlTemplate":"https:\/\/iguanasmoke.com\/?s={search_term_string}"},"query-input":{"@type":"PropertyValueSpecification","valueRequired":true,"valueName":"search_term_string"}}],"inLanguage":"pt-PT"},{"@type":"Organization","@id":"https:\/\/iguanasmoke.com\/#organization","name":"Fumo de Iguana","url":"https:\/\/iguanasmoke.com\/","logo":{"@type":"ImageObject","inLanguage":"pt-PT","@id":"https:\/\/iguanasmoke.com\/#\/schema\/logo\/image\/","url":"https:\/\/iguanasmoke.com\/wp-content\/uploads\/2025\/01\/logoiguana-favi-1.png","contentUrl":"https:\/\/iguanasmoke.com\/wp-content\/uploads\/2025\/01\/logoiguana-favi-1.png","width":512,"height":512,"caption":"Iguana Smoke"},"image":{"@id":"https:\/\/iguanasmoke.com\/#\/schema\/logo\/image\/"},"sameAs":["https:\/\/www.facebook.com\/iguanasmoke","https:\/\/www.instagram.com\/iguanasmoke\/"]}]},"product_brand":"variable","og_availability":"instock","product_availability":"instock","product_condition":"new"},"_links":{"self":[{"href":"https:\/\/iguanasmoke.com\/pt\/wp-json\/wp\/v2\/product\/18682","targetHints":{"allow":["GET"]}}],"collection":[{"href":"https:\/\/iguanasmoke.com\/pt\/wp-json\/wp\/v2\/product"}],"about":[{"href":"https:\/\/iguanasmoke.com\/pt\/wp-json\/wp\/v2\/types\/product"}],"replies":[{"embeddable":true,"href":"https:\/\/iguanasmoke.com\/pt\/wp-json\/wp\/v2\/comments?post=18682"}],"wp:featuredmedia":[{"embeddable":true,"href":"https:\/\/iguanasmoke.com\/pt\/wp-json\/wp\/v2\/media\/81886"}],"wp:attachment":[{"href":"https:\/\/iguanasmoke.com\/pt\/wp-json\/wp\/v2\/media?parent=18682"}],"wp:term":[{"taxonomy":"product_brand","embeddable":true,"href":"https:\/\/iguanasmoke.com\/pt\/wp-json\/wp\/v2\/product_brand?post=18682"},{"taxonomy":"product_cat","embeddable":true,"href":"https:\/\/iguanasmoke.com\/pt\/wp-json\/wp\/v2\/product_cat?post=18682"},{"taxonomy":"product_tag","embeddable":true,"href":"https:\/\/iguanasmoke.com\/pt\/wp-json\/wp\/v2\/product_tag?post=18682"}],"curies":[{"name":"wp","href":"https:\/\/api.w.org\/{rel}","templated":true}]}}