{"id":19947,"date":"2023-09-07T18:19:44","date_gmt":"2023-09-07T16:19:44","guid":{"rendered":"https:\/\/iguanasmoke.com\/?post_type=product&#038;p=19947"},"modified":"2026-04-06T16:06:14","modified_gmt":"2026-04-06T14:06:14","slug":"papeis-de-enrolar-de-canhamo-king-size-com-filtros","status":"publish","type":"product","link":"https:\/\/iguanasmoke.com\/pt\/producto\/papel-de-liar-de-canamo-king-size-con-filtros\/","title":{"rendered":"Papel de enrolar de c\u00e2nhamo Hemp Japan King Size com filtros"},"content":{"rendered":"<h1><span style=\"font-weight: 400\">Papel de enrolar de c\u00e2nhamo - Japon\u00eas King Size com filtros<\/span><\/h1>\n<p>Papel de enrolar de c\u00e2nhamo Japon King Size, natural, fino e resistente, concebido para uma combust\u00e3o uniforme. Este papel \u00e9 ideal para quem procura uma experi\u00eancia mais limpa e sustent\u00e1vel, com um design Japan by night. Qualidade Iguana Smoke: fi\u00e1vel, acess\u00edvel e concebido para as novas gera\u00e7\u00f5es. Cada caderno inclui <strong data-start=\"297\" data-end=\"322\" data-is-only-node=\"\">32 folhas n\u00e3o branqueadas e 32 filtros<\/strong>.<\/p>\n<p>&nbsp;<\/p>\n<h2><b>Onde comprar online o seu papel de enrolar de c\u00e2nhamo Jap\u00e3o King Size<\/b><b>?<\/b><\/h2>\n<p><span style=\"font-weight: 400\">Em <strong>Fumo de Iguana<\/strong>, Damos prioridade \u00e0 qualidade e \u00e0 transpar\u00eancia em cada produto.\u00a0<\/span><span style=\"font-weight: 400\">Este \u00e9 o seu lugar seguro para fazer compras <strong>papel de enrolar de c\u00e2nhamo online <\/strong>em Espanha<strong>.<\/strong> Todos os nossos produtos s\u00e3o aprovados pela UE, garantindo a sua legalidade e seguran\u00e7a.\u00a0<\/span><\/p>\n<p><span style=\"font-weight: 400\">N\u00e3o se esque\u00e7a de encher o seu papel de c\u00e2nhamo com as melhores flores, como as nossas <strong><a href=\"https:\/\/iguanasmoke.com\/pt\/categoria\/pronto-para-rolar\/\">Pronto para rolar<\/a><\/strong>. Descubra tamb\u00e9m <\/span><span style=\"font-weight: 400\">outros <strong>Produtos TOP<\/strong> como o <a href=\"https:\/\/iguanasmoke.com\/pt\/categoria\/pop-corn-cbd-cbd-pequenos-botoes-cbd-mini-botoes-cbd\/\"><strong>Pop Corn - Pequenos bot\u00f5es CBD<\/strong><\/a>. <\/span><\/p>\n<p><span style=\"font-weight: 400\">Pode completar o kit com um<strong> <a href=\"https:\/\/iguanasmoke.com\/pt\/categoria\/tabuleiros\/\">tabuleiro rolante<\/a><\/strong> e um <strong><a href=\"https:\/\/iguanasmoke.com\/pt\/categoria\/trituradores\/\">moinho pr\u00e1tico<\/a><\/strong>, por isso est\u00e1 pronto para come\u00e7ar a desfrutar dos pap\u00e9is de enrolar de c\u00e2nhamo. Explora a nossa gama e encontra j\u00e1 o teu papel de enrolar preferido.<\/span><span style=\"font-weight: 400\">\u00a0<\/span><\/p>\n<p>Rapidez na entrega, aten\u00e7\u00e3o e uma loja com embalagens discretas e seguras que vai \u00e0 frente, s\u00f3 para si!<\/p>\n<p>&nbsp;<\/p>\n<h3><b>Iguana Smoke \u00e9 sin\u00f3nimo de qualidade e fiabilidade.<\/b><\/h3>\n<p><span style=\"font-weight: 400\">Na Iguana Smoke, acreditamos que desfrutar do CBD deve ser uma experi\u00eancia segura, acess\u00edvel e agrad\u00e1vel. \u00c9 por isso que temos produtos de alta qualidade, incluindo pap\u00e9is de enrolar de c\u00e2nhamo, que se ligam \u00e0 nova gera\u00e7\u00e3o: pessoas que procuram um bem-estar descomplicado, com marcas aut\u00eanticas e de confian\u00e7a.\u00a0<\/span><\/p>\n<p>Por outras palavras, a nossa miss\u00e3o \u00e9 clara: levar at\u00e9 si o melhor do CBD a um pre\u00e7o justo, com a tranquilidade de saber que est\u00e1 a escolher um produto certificado, eficaz, de c\u00e2nhamo e legalizado pelo 100%. Estamos na vanguarda dos produtos de CBD. Isto inclui os nossos pap\u00e9is de enrolar de c\u00e2nhamo de alta qualidade.<\/p>\n<p>Tem alguma quest\u00e3o? Escreva-nos e teremos todo o gosto em ajud\u00e1-lo a encontrar o produto certo para si.<\/p>","protected":false},"excerpt":{"rendered":"<ul>\n<li>Papel de mentirinha de c\u00e2nhamo natural<\/li>\n<li>Tamanho King<\/li>\n<li>Design Japon\u00eas Noite<\/li>\n<li>Queima lenta e uniforme<\/li>\n<li>32 pap\u00e9is e 32 filtros de cart\u00e3o<\/li>\n<li>Borracha natural<\/li>\n<li>Sem corantes, n\u00e3o branqueado<\/li>\n<\/ul>","protected":false},"featured_media":40446,"comment_status":"open","ping_status":"closed","template":"","meta":{"_acf_changed":false,"site-sidebar-layout":"default","site-content-layout":"default","ast-site-content-layout":"default","site-content-style":"default","site-sidebar-style":"default","ast-global-header-display":"","ast-banner-title-visibility":"","ast-main-header-display":"","ast-hfb-above-header-display":"","ast-hfb-below-header-display":"","ast-hfb-mobile-header-display":"","site-post-title":"","ast-breadcrumbs-content":"","ast-featured-img":"","footer-sml-layout":"","theme-transparent-header-meta":"default","adv-header-id-meta":"","stick-header-meta":"","header-above-stick-meta":"","header-main-stick-meta":"","header-below-stick-meta":"","astra-migrate-meta-layouts":"set","ast-page-background-enabled":"default","ast-page-background-meta":{"desktop":{"background-color":"var(--ast-global-color-4)","background-image":"","background-repeat":"repeat","background-position":"center center","background-size":"auto","background-attachment":"scroll","background-type":"","background-media":"","overlay-type":"","overlay-color":"","overlay-opacity":"","overlay-gradient":""},"tablet":{"background-color":"","background-image":"","background-repeat":"repeat","background-position":"center center","background-size":"auto","background-attachment":"scroll","background-type":"","background-media":"","overlay-type":"","overlay-color":"","overlay-opacity":"","overlay-gradient":""},"mobile":{"background-color":"","background-image":"","background-repeat":"repeat","background-position":"center center","background-size":"auto","background-attachment":"scroll","background-type":"","background-media":"","overlay-type":"","overlay-color":"","overlay-opacity":"","overlay-gradient":""}},"ast-content-background-meta":{"desktop":{"background-color":"var(--ast-global-color-5)","background-image":"","background-repeat":"repeat","background-position":"center center","background-size":"auto","background-attachment":"scroll","background-type":"","background-media":"","overlay-type":"","overlay-color":"","overlay-opacity":"","overlay-gradient":""},"tablet":{"background-color":"var(--ast-global-color-5)","background-image":"","background-repeat":"repeat","background-position":"center center","background-size":"auto","background-attachment":"scroll","background-type":"","background-media":"","overlay-type":"","overlay-color":"","overlay-opacity":"","overlay-gradient":""},"mobile":{"background-color":"var(--ast-global-color-5)","background-image":"","background-repeat":"repeat","background-position":"center center","background-size":"auto","background-attachment":"scroll","background-type":"","background-media":"","overlay-type":"","overlay-color":"","overlay-opacity":"","overlay-gradient":""}}},"product_brand":[],"product_cat":[436,440,405],"product_tag":[],"class_list":{"0":"post-19947","1":"product","2":"type-product","3":"status-publish","4":"has-post-thumbnail","6":"product_cat-merchandise-de-iguana-smoke","7":"product_cat-papel-de-liar","8":"product_cat-ropa-y-accesorios","9":"desktop-align-center","10":"tablet-align-center","11":"mobile-align-center","13":"first","14":"instock","15":"taxable","16":"shipping-taxable","17":"purchasable","18":"product-type-simple"},"acf":[],"yoast_head":"<!-- This site is optimized with the Yoast SEO Premium plugin v27.3 (Yoast SEO v27.3) - https:\/\/yoast.com\/product\/yoast-seo-premium-wordpress\/ -->\n<title>Papel de liar de c\u00e1\u00f1amo Japon King Size<\/title>\n<meta name=\"description\" content=\"Compra Papel de liar de c\u00e1\u00f1amo Japon King Size al mejor precio y con una calidad inigualable en Iguana Smoke. Con combusti\u00f3n estable y uniforme.\" \/>\n<meta name=\"robots\" content=\"index, follow, max-snippet:-1, max-image-preview:large, max-video-preview:-1\" \/>\n<link rel=\"canonical\" href=\"https:\/\/iguanasmoke.com\/pt\/produto\/papeis-de-enrolar-de-canhamo-king-size-com-filtros\/\" \/>\n<meta property=\"og:locale\" content=\"pt_PT\" \/>\n<meta property=\"og:type\" content=\"article\" \/>\n<meta property=\"og:title\" content=\"Papel de liar de C\u00e1\u00f1amo Japon King Size con filtros\" \/>\n<meta property=\"og:description\" content=\"Papel de Liar de C\u00e1\u00f1amo Natural  Tama\u00f1o King Size  Dise\u00f1o Japon Night  Quemado lento y uniforme  32 papeles y 32 filtros de cart\u00f3n  Goma Natural  Sin colorantes, sin blanquear\" \/>\n<meta property=\"og:url\" content=\"https:\/\/iguanasmoke.com\/pt\/produto\/papeis-de-enrolar-de-canhamo-king-size-com-filtros\/\" \/>\n<meta property=\"og:site_name\" content=\"Iguana Smoke\" \/>\n<meta property=\"article:publisher\" content=\"https:\/\/www.facebook.com\/iguanasmoke\" \/>\n<meta property=\"article:modified_time\" content=\"2026-04-06T14:06:14+00:00\" \/>\n<meta property=\"og:image\" content=\"https:\/\/iguanasmoke.com\/wp-content\/uploads\/2023\/09\/Pose-2-transparent-1.webp\" \/>\n\t<meta property=\"og:image:width\" content=\"1000\" \/>\n\t<meta property=\"og:image:height\" content=\"1000\" \/>\n\t<meta property=\"og:image:type\" content=\"image\/webp\" \/>\n<meta name=\"twitter:card\" content=\"summary_large_image\" \/>\n<meta name=\"twitter:label1\" content=\"pre\u00e7o\" \/>\n\t<meta name=\"twitter:data1\" content=\"2,00&nbsp;&euro;\" \/>\n\t<meta name=\"twitter:label2\" content=\"Disponibilidade\" \/>\n\t<meta name=\"twitter:data2\" content=\"Em stock\" \/>\n<meta property=\"product:brand\" content=\"simple\" \/>\n<meta property=\"product:price:amount\" content=\"2.00\" \/>\n<meta property=\"product:price:currency\" content=\"EUR\" \/>\n<meta property=\"og:availability\" content=\"instock\" \/>\n<meta property=\"product:availability\" content=\"instock\" \/>\n<meta property=\"product:retailer_item_id\" content=\"IS-PAPELHEMPTIPS-32KS\" \/>\n<meta property=\"product:condition\" content=\"new\" \/>\n<!-- \/ Yoast SEO Premium plugin. -->","yoast_head_json":{"title":"Papel de enrolar de c\u00e2nhamo Japon\u00eas King Size","description":"Comprar Papel de enrolar de c\u00e2nhamo Japon King Size ao melhor pre\u00e7o e com qualidade imbat\u00edvel em Iguana Smoke. Com uma combust\u00e3o est\u00e1vel e uniforme.","robots":{"index":"index","follow":"follow","max-snippet":"max-snippet:-1","max-image-preview":"max-image-preview:large","max-video-preview":"max-video-preview:-1"},"canonical":"https:\/\/iguanasmoke.com\/pt\/produto\/papeis-de-enrolar-de-canhamo-king-size-com-filtros\/","og_locale":"pt_PT","og_type":"article","og_title":"Papel de liar de C\u00e1\u00f1amo Japon King Size con filtros","og_description":"Papel de Liar de C\u00e1\u00f1amo Natural  Tama\u00f1o King Size  Dise\u00f1o Japon Night  Quemado lento y uniforme  32 papeles y 32 filtros de cart\u00f3n  Goma Natural  Sin colorantes, sin blanquear","og_url":"https:\/\/iguanasmoke.com\/pt\/produto\/papeis-de-enrolar-de-canhamo-king-size-com-filtros\/","og_site_name":"Iguana Smoke","article_publisher":"https:\/\/www.facebook.com\/iguanasmoke","article_modified_time":"2026-04-06T14:06:14+00:00","og_image":[{"width":1000,"height":1000,"url":"https:\/\/iguanasmoke.com\/wp-content\/uploads\/2023\/09\/Pose-2-transparent-1.webp","type":"image\/webp"}],"twitter_card":"summary_large_image","twitter_misc":{"pre\u00e7o":"2,00&nbsp;&euro;","Disponibilidade":"Em stock"},"schema":{"@context":"https:\/\/schema.org","@graph":[{"@type":"WebPage","@id":"https:\/\/iguanasmoke.com\/producto\/papel-de-liar-de-canamo-king-size-con-filtros\/","url":"https:\/\/iguanasmoke.com\/producto\/papel-de-liar-de-canamo-king-size-con-filtros\/","name":"Papel de enrolar de c\u00e2nhamo Japon\u00eas King Size","isPartOf":{"@id":"https:\/\/iguanasmoke.com\/#website"},"primaryImageOfPage":{"@id":"https:\/\/iguanasmoke.com\/producto\/papel-de-liar-de-canamo-king-size-con-filtros\/#primaryimage"},"image":{"@id":"https:\/\/iguanasmoke.com\/producto\/papel-de-liar-de-canamo-king-size-con-filtros\/#primaryimage"},"thumbnailUrl":"https:\/\/iguanasmoke.com\/wp-content\/uploads\/2023\/09\/Pose-2-transparent-1.webp","datePublished":"2023-09-07T16:19:44+00:00","dateModified":"2026-04-06T14:06:14+00:00","description":"Comprar Papel de enrolar de c\u00e2nhamo Japon King Size ao melhor pre\u00e7o e com qualidade imbat\u00edvel em Iguana Smoke. Com uma combust\u00e3o est\u00e1vel e uniforme.","breadcrumb":{"@id":"https:\/\/iguanasmoke.com\/producto\/papel-de-liar-de-canamo-king-size-con-filtros\/#breadcrumb"},"inLanguage":"pt-PT","potentialAction":[{"@type":"ReadAction","target":["https:\/\/iguanasmoke.com\/producto\/papel-de-liar-de-canamo-king-size-con-filtros\/"]}]},{"@type":"ImageObject","inLanguage":"pt-PT","@id":"https:\/\/iguanasmoke.com\/producto\/papel-de-liar-de-canamo-king-size-con-filtros\/#primaryimage","url":"https:\/\/iguanasmoke.com\/wp-content\/uploads\/2023\/09\/Pose-2-transparent-1.webp","contentUrl":"https:\/\/iguanasmoke.com\/wp-content\/uploads\/2023\/09\/Pose-2-transparent-1.webp","width":1000,"height":1000,"caption":"papel de liar king size japon iguana"},{"@type":"BreadcrumbList","@id":"https:\/\/iguanasmoke.com\/producto\/papel-de-liar-de-canamo-king-size-con-filtros\/#breadcrumb","itemListElement":[{"@type":"ListItem","position":1,"name":"home","item":"https:\/\/iguanasmoke.com\/"},{"@type":"ListItem","position":2,"name":"Tienda","item":"https:\/\/iguanasmoke.com\/tienda\/"},{"@type":"ListItem","position":3,"name":"Papel de Liar de C\u00e1\u00f1amo","item":"https:\/\/iguanasmoke.com\/categoria\/papel-de-liar\/"},{"@type":"ListItem","position":4,"name":"Papel de liar de C\u00e1\u00f1amo Japon King Size con filtros"}]},{"@type":"WebSite","@id":"https:\/\/iguanasmoke.com\/#website","url":"https:\/\/iguanasmoke.com\/","name":"Fumo de Iguana","description":"Comprar CBD online ao melhor pre\u00e7o","publisher":{"@id":"https:\/\/iguanasmoke.com\/#organization"},"potentialAction":[{"@type":"SearchAction","target":{"@type":"EntryPoint","urlTemplate":"https:\/\/iguanasmoke.com\/?s={search_term_string}"},"query-input":{"@type":"PropertyValueSpecification","valueRequired":true,"valueName":"search_term_string"}}],"inLanguage":"pt-PT"},{"@type":"Organization","@id":"https:\/\/iguanasmoke.com\/#organization","name":"Fumo de Iguana","url":"https:\/\/iguanasmoke.com\/","logo":{"@type":"ImageObject","inLanguage":"pt-PT","@id":"https:\/\/iguanasmoke.com\/#\/schema\/logo\/image\/","url":"https:\/\/iguanasmoke.com\/wp-content\/uploads\/2025\/01\/logoiguana-favi-1.png","contentUrl":"https:\/\/iguanasmoke.com\/wp-content\/uploads\/2025\/01\/logoiguana-favi-1.png","width":512,"height":512,"caption":"Iguana Smoke"},"image":{"@id":"https:\/\/iguanasmoke.com\/#\/schema\/logo\/image\/"},"sameAs":["https:\/\/www.facebook.com\/iguanasmoke","https:\/\/www.instagram.com\/iguanasmoke\/"]}]},"product_brand":"simple","product_price_amount":"2.00","product_price_currency":"EUR","og_availability":"instock","product_availability":"instock","product_retailer_item_id":"IS-PAPELHEMPTIPS-32KS","product_condition":"new"},"_links":{"self":[{"href":"https:\/\/iguanasmoke.com\/pt\/wp-json\/wp\/v2\/product\/19947","targetHints":{"allow":["GET"]}}],"collection":[{"href":"https:\/\/iguanasmoke.com\/pt\/wp-json\/wp\/v2\/product"}],"about":[{"href":"https:\/\/iguanasmoke.com\/pt\/wp-json\/wp\/v2\/types\/product"}],"replies":[{"embeddable":true,"href":"https:\/\/iguanasmoke.com\/pt\/wp-json\/wp\/v2\/comments?post=19947"}],"wp:featuredmedia":[{"embeddable":true,"href":"https:\/\/iguanasmoke.com\/pt\/wp-json\/wp\/v2\/media\/40446"}],"wp:attachment":[{"href":"https:\/\/iguanasmoke.com\/pt\/wp-json\/wp\/v2\/media?parent=19947"}],"wp:term":[{"taxonomy":"product_brand","embeddable":true,"href":"https:\/\/iguanasmoke.com\/pt\/wp-json\/wp\/v2\/product_brand?post=19947"},{"taxonomy":"product_cat","embeddable":true,"href":"https:\/\/iguanasmoke.com\/pt\/wp-json\/wp\/v2\/product_cat?post=19947"},{"taxonomy":"product_tag","embeddable":true,"href":"https:\/\/iguanasmoke.com\/pt\/wp-json\/wp\/v2\/product_tag?post=19947"}],"curies":[{"name":"wp","href":"https:\/\/api.w.org\/{rel}","templated":true}]}}