{"id":20653,"date":"2023-09-21T17:15:07","date_gmt":"2023-09-21T15:15:07","guid":{"rendered":"https:\/\/iguanasmoke.com\/?post_type=product&#038;p=20653"},"modified":"2026-04-08T11:54:31","modified_gmt":"2026-04-08T09:54:31","slug":"vape-cbd-full-spectrum-capsula-de-iguana-cola-de-gorila","status":"publish","type":"product","link":"https:\/\/iguanasmoke.com\/pt\/producto\/vape-cbd-full-spectrum-iguana-pod-gorilla-glue\/","title":{"rendered":"Vaper CBD Full Spectrum - Cola de Gorila"},"content":{"rendered":"<h1><span style=\"font-weight: 400;\">Vaper CBD Full Spectrum: Cola de Gorila<\/span><\/h1>\n<p><span style=\"font-weight: 400;\">Descobrir o <strong>Cola de gorila de espetro total para vapers CBD<\/strong>, uma joia de bem-estar dispon\u00edvel <strong>exclusivamente na Iguana Smoke<\/strong>. <\/span><span style=\"font-weight: 400;\">Concebido para os utilizadores que procuram uma <strong>experi\u00eancia vape completa<\/strong>, <strong>natural e potente<\/strong>, este <strong>Vaporizador de CBD<\/strong> combina a for\u00e7a terap\u00eautica do canabidiol com o aroma inconfund\u00edvel da can\u00e1bis.<\/span><\/p>\n<p><span style=\"font-weight: 400;\">\u00c9 isso mesmo, o nosso <strong>Vaporizador de CBD<\/strong> \u00e9 feito com <strong>Extrato de c\u00e2nhamo org\u00e2nico de espetro total<\/strong>, Cont\u00e9m todos os canabin\u00f3ides e terpenos da planta. Cont\u00e9m tamb\u00e9m\u00a0<strong>300mg\/1ml y<\/strong> <strong>1400mg\/2ml CBD<\/strong> (70% de concentra\u00e7\u00e3o) e fornece-lhe cerca de\u00a0<strong>300-<\/strong><strong>600 puffs<\/strong>. <\/span><\/p>\n<p><span style=\"font-weight: 400;\">Desfrutar de um <strong>al\u00edvio r\u00e1pido e duradouro<\/strong>, ideal para o acompanhar em momentos de stress, ansiedade ou repouso.\u00a0<\/span><\/p>\n<p>&nbsp;<\/p>\n<h2><strong>Carater\u00edsticas principais Vaper CBD Full Spectrum:<\/strong><\/h2>\n<ul>\n<li><span style=\"font-weight: 400;\"><strong>Cont\u00e9m CBD de espetro total de alta qualidade<\/strong>, com um perfil canabin\u00f3ide natural.<\/span><\/li>\n<li><span style=\"font-weight: 400;\"><strong>Extrato de c\u00e2nhamo biol\u00f3gico<\/strong>, sem aditivos e solventes.<\/span><\/li>\n<li><span style=\"font-weight: 400;\">Dispon\u00edvel em<strong> 1ml e 2ml<\/strong>. <\/span><\/li>\n<li>Ideal para utiliza\u00e7\u00e3o quotidiana: <strong>sem combust\u00e3o, sem odor, sem toler\u00e2ncia<\/strong>.<\/li>\n<li><span style=\"font-weight: 400;\">Para <strong>300 &#8211; 600 caladas<\/strong>.<\/span><\/li>\n<li>Bateria recarreg\u00e1vel USB tipo C.<\/li>\n<li><span style=\"font-weight: 400;\"><strong>Sem THC detet\u00e1vel<\/strong>. <\/span><\/li>\n<li><span style=\"font-weight: 400;\"><strong>Qualidade garantida pela Iguana Smoke<\/strong>.<\/span><\/li>\n<\/ul>\n<p><span style=\"font-weight: 400;\">O <strong>Vaporizador de CBD de espetro total <\/strong>\u00e9 a forma mais c\u00f3moda e limpa de usufruir de todos os benef\u00edcios do <strong>benef\u00edcios do canabidiol<\/strong>, sem manuten\u00e7\u00e3o, sem complica\u00e7\u00f5es, sem problemas.\u00a0<\/span><\/p>\n<p>&nbsp;<\/p>\n<h2><strong>O que \u00e9 um vaper descart\u00e1vel?<\/strong><\/h2>\n<p><span style=\"font-weight: 400;\">A <strong>vaper descart\u00e1vel de CBD<\/strong> es un dispositivo tipo &#8220;pen&#8221; de 1ml y 2ml que viene cargado con l\u00edquido de <strong>Espectro total de CBD<\/strong>. A grande diferen\u00e7a em rela\u00e7\u00e3o a outros tipos de vapers \u00e9 que n\u00e3o precisa de ser recarregado ou atestado: <strong>quando se esgota, \u00e9 simplesmente descartado<\/strong>.\u00a0<\/span><\/p>\n<p><span style=\"font-weight: 400;\">Existem tamb\u00e9m <strong><a href=\"https:\/\/iguanasmoke.com\/pt\/categoria\/cigarro-de-cbd\/cartuchos\/?filter_tipo-cartucho=cbd\">Cartuchos descart\u00e1veis de CBD Full Spectrum<\/a><\/strong> que s\u00e3o microc\u00e1psulas que cont\u00eam o l\u00edquido, mas que necessitam de uma bateria externa para serem utilizadas.<\/span><\/p>\n<p>&nbsp;<\/p>\n<h3><b>Onde comprar os seus vapers de CBD de espetro total<\/b><b>?<\/b><\/h3>\n<p><span style=\"font-weight: 400;\">Se est\u00e1 \u00e0 procura de <strong>comprar Full Spectrum CBD vaper<\/strong><strong>, <\/strong>este \u00e9 o seu lugar seguro para <strong>comprar vaper descart\u00e1vel CBD Full Spectrum em Espanha.<\/strong> Todos os nossos produtos s\u00e3o aprovados pela UE, o que garante a sua legalidade e seguran\u00e7a. Para al\u00e9m disso, se desejar, pode consultar<\/span><strong> <a href=\"https:\/\/iguanasmoke.com\/pt\/analiticas\/\">an\u00e1lises laboratoriais.<\/a><\/strong><\/p>\n<p><span style=\"font-weight: 400;\">N\u00e3o se esque\u00e7a de explorar outros <strong>Vaporizador de CBD de espetro total <\/strong>como o <strong><a href=\"https:\/\/iguanasmoke.com\/pt\/produto\/vape-cbd-full-spectrum-iguana-pod-lemon-haze\/\">CBD Full Spectrum Lemon Haze Vaper<\/a>\u00a0<\/strong>u <\/span><span style=\"font-weight: 400;\">outros <strong>Produtos TOP<\/strong> como o <strong><a href=\"https:\/\/iguanasmoke.com\/pt\/produto\/cartucho-de-cbd-de-espetro-total-gorilla-glue\/\">Cartucho CBD Full Spectrum Gorilla Glue CBD<\/a><\/strong> ou o <a href=\"https:\/\/iguanasmoke.com\/pt\/categoria\/extractos-de-cbd\/\"><strong>Extractos de CBD<\/strong><\/a>. <\/span><span style=\"font-weight: 400;\">Em suma, explore a nossa variedade e encontre j\u00e1 os seus favoritos.<\/span><span style=\"font-weight: 400;\">\u00a0<\/span><\/p>\n<p><strong data-start=\"303\" data-end=\"345\">Entrega r\u00e1pida e discreta em toda a Espanha<\/strong>, com <strong data-start=\"351\" data-end=\"387\">aten\u00e7\u00e3o pr\u00f3xima e personalizada<\/strong> para responder a quaisquer perguntas antes e depois da sua compra.<\/p>\n<p>&nbsp;<\/p>\n<h3><b>Iguana Smoke \u00e9 a sua loja online de CBD\u00a0<\/b><\/h3>\n<p><span style=\"font-weight: 400;\">Em<strong> Fumo de Iguana<\/strong>, Acreditamos que desfrutar do CBD deve ser uma experi\u00eancia segura. \u00c9 por isso que temos produtos como este <strong>Cola de gorila de espetro total para vapers CBD<\/strong>, A marca liga-se \u00e0s novas gera\u00e7\u00f5es: pessoas que procuram um bem-estar descomplicado, com marcas aut\u00eanticas e fi\u00e1veis.\u00a0<\/span><\/p>\n<p>A nossa miss\u00e3o \u00e9 clara: trazer-lhe o melhor do mundo dos canabin\u00f3ides a um pre\u00e7o justo. Al\u00e9m disso, damos-lhe a tranquilidade de saber que est\u00e1 a escolher um produto certificado, eficaz e 100% legal. O seu tempo de relaxamento come\u00e7a aqui connosco.<\/p>\n<p>Ainda tem d\u00favidas? Escreva-nos e teremos todo o gosto em ajud\u00e1-lo a encontrar o produto certo para si.<\/p>\n<p>&nbsp;<\/p>\n<h6>\u2139\ufe0f<strong> Informa\u00e7\u00e3o jur\u00eddica<\/strong><\/h6>\n<p><em><span style=\"font-weight: 400;\">*Produto destinado a cole\u00e7\u00e3o ou aromaterapia, de acordo com a legisla\u00e7\u00e3o espanhola em vigor. <\/span><\/em><\/p>\n<p><em><span style=\"font-weight: 400;\">**Derivado de c\u00e2nhamo industrial certificado. Cont\u00e9m menos de 0,3 THC e n\u00e3o cont\u00e9m canabin\u00f3ides ilegais como HHC, HHC-P, THCP, THCP-O, H4CBD ou subst\u00e2ncias enumeradas no Anexo I do Decreto Real 2829\/1977, nem subst\u00e2ncias controladas por conven\u00e7\u00f5es internacionais.\u00a0\u00a0<\/span><\/em><\/p>","protected":false},"excerpt":{"rendered":"<h4>Carater\u00edsticas<\/h4>\n<ul>\n<li style=\"list-style-type: none;\">\n<ul>\n<li>Sabor a cola de Gorila<\/li>\n<li>Capacidade: 1ml e 2ml<\/li>\n<li>Sil\u00eancio: at\u00e9 300-600<\/li>\n<li>Terpenos naturais de alta qualidade<\/li>\n<li>CBD Full Spectrum 70% 300mg\/ 1400mg<\/li>\n<li>THC: 0%, HHC: 0%, THC-P: 0%, Nicotina: 0%<\/li>\n<li>N\u00e3o cont\u00e9m VG, PG, PEG, MCT ou outro agente de corte.<\/li>\n<\/ul>\n<\/li>\n<\/ul>\n<p><span style=\"font-weight: 400;\">Al\u00e9m disso, se quiser, pode consultar<strong> <a href=\"https:\/\/iguanasmoke.com\/pt\/analiticas\/\">an\u00e1lises laboratoriais.<\/a><\/strong><\/span><\/p>","protected":false},"featured_media":83621,"comment_status":"open","ping_status":"closed","template":"","meta":{"_acf_changed":false,"site-sidebar-layout":"default","site-content-layout":"default","ast-site-content-layout":"default","site-content-style":"default","site-sidebar-style":"default","ast-global-header-display":"","ast-banner-title-visibility":"","ast-main-header-display":"","ast-hfb-above-header-display":"","ast-hfb-below-header-display":"","ast-hfb-mobile-header-display":"","site-post-title":"","ast-breadcrumbs-content":"","ast-featured-img":"","footer-sml-layout":"","theme-transparent-header-meta":"default","adv-header-id-meta":"","stick-header-meta":"","header-above-stick-meta":"","header-main-stick-meta":"","header-below-stick-meta":"","astra-migrate-meta-layouts":"set","ast-page-background-enabled":"default","ast-page-background-meta":{"desktop":{"background-color":"var(--ast-global-color-4)","background-image":"","background-repeat":"repeat","background-position":"center center","background-size":"auto","background-attachment":"scroll","background-type":"","background-media":"","overlay-type":"","overlay-color":"","overlay-opacity":"","overlay-gradient":""},"tablet":{"background-color":"","background-image":"","background-repeat":"repeat","background-position":"center center","background-size":"auto","background-attachment":"scroll","background-type":"","background-media":"","overlay-type":"","overlay-color":"","overlay-opacity":"","overlay-gradient":""},"mobile":{"background-color":"","background-image":"","background-repeat":"repeat","background-position":"center center","background-size":"auto","background-attachment":"scroll","background-type":"","background-media":"","overlay-type":"","overlay-color":"","overlay-opacity":"","overlay-gradient":""}},"ast-content-background-meta":{"desktop":{"background-color":"var(--ast-global-color-5)","background-image":"","background-repeat":"repeat","background-position":"center center","background-size":"auto","background-attachment":"scroll","background-type":"","background-media":"","overlay-type":"","overlay-color":"","overlay-opacity":"","overlay-gradient":""},"tablet":{"background-color":"var(--ast-global-color-5)","background-image":"","background-repeat":"repeat","background-position":"center center","background-size":"auto","background-attachment":"scroll","background-type":"","background-media":"","overlay-type":"","overlay-color":"","overlay-opacity":"","overlay-gradient":""},"mobile":{"background-color":"var(--ast-global-color-5)","background-image":"","background-repeat":"repeat","background-position":"center center","background-size":"auto","background-attachment":"scroll","background-type":"","background-media":"","overlay-type":"","overlay-color":"","overlay-opacity":"","overlay-gradient":""}}},"product_brand":[],"product_cat":[981,418,424,513],"product_tag":[343],"class_list":{"0":"post-20653","1":"product","2":"type-product","3":"status-publish","4":"has-post-thumbnail","6":"product_cat-cbd-full-spectrum","7":"product_cat-vaper-cbd","8":"product_cat-vaper-cbd-full-spectrum","9":"product_cat-cbd-vapes","10":"product_tag-destacado","11":"desktop-align-center","12":"tablet-align-center","13":"mobile-align-center","15":"first","16":"instock","17":"taxable","18":"shipping-taxable","19":"purchasable","20":"product-type-variable"},"acf":[],"yoast_head":"<!-- This site is optimized with the Yoast SEO Premium plugin v27.3 (Yoast SEO v27.3) - https:\/\/yoast.com\/product\/yoast-seo-premium-wordpress\/ -->\n<title>Vaper CBD Full Spectrum Gorilla Glue | Iguana Smoke<\/title>\n<meta name=\"description\" content=\"Disfruta del Vaper CBD Full Spectrum Gorilla Glue. 300\/600 caladas y 300mg\/1400mg de CBD. Sin THC ni nicotina. Compra online ahora.\" \/>\n<meta name=\"robots\" content=\"index, follow, max-snippet:-1, max-image-preview:large, max-video-preview:-1\" \/>\n<link rel=\"canonical\" href=\"https:\/\/iguanasmoke.com\/pt\/produto\/vape-cbd-full-spectrum-capsula-de-iguana-cola-de-gorila\/\" \/>\n<meta property=\"og:locale\" content=\"pt_PT\" \/>\n<meta property=\"og:type\" content=\"article\" \/>\n<meta property=\"og:title\" content=\"Vaper CBD Full Spectrum - Gorilla Glue\" \/>\n<meta property=\"og:description\" content=\"Caracter\u00edsticas      Sabor a Gorilla Glue  Capacidad: 1ml y 2ml  Caladas: hasta 300-600  Terpenos naturales de alta calidad  CBD Full Spectrum 70% 300mg\/ 1400mg  THC: 0%, HHC: 0%, THC-P: 0%, Nicotina: 0%  No contiene VG, PG, PEG, MCT u otro agente de corte.    Adem\u00e1s, si quieres puedes consultar el an\u00e1lisis de laboratorio.\" \/>\n<meta property=\"og:url\" content=\"https:\/\/iguanasmoke.com\/pt\/produto\/vape-cbd-full-spectrum-capsula-de-iguana-cola-de-gorila\/\" \/>\n<meta property=\"og:site_name\" content=\"Iguana Smoke\" \/>\n<meta property=\"article:publisher\" content=\"https:\/\/www.facebook.com\/iguanasmoke\" \/>\n<meta property=\"article:modified_time\" content=\"2026-04-08T09:54:31+00:00\" \/>\n<meta property=\"og:image\" content=\"https:\/\/iguanasmoke.com\/wp-content\/uploads\/2026\/04\/Bolsa-Vape-Full-Spectrum-Gorilla-con-vape-1ml.webp\" \/>\n\t<meta property=\"og:image:width\" content=\"1000\" \/>\n\t<meta property=\"og:image:height\" content=\"1000\" \/>\n\t<meta property=\"og:image:type\" content=\"image\/webp\" \/>\n<meta name=\"twitter:card\" content=\"summary_large_image\" \/>\n<meta name=\"twitter:label1\" content=\"Disponibilidade\" \/>\n\t<meta name=\"twitter:data1\" content=\"Em stock\" \/>\n<meta property=\"product:brand\" content=\"variable\" \/>\n<meta property=\"og:availability\" content=\"instock\" \/>\n<meta property=\"product:availability\" content=\"instock\" \/>\n<meta property=\"product:retailer_item_id\" content=\"IS-PODFSGG-600\" \/>\n<meta property=\"product:condition\" content=\"new\" \/>\n<!-- \/ Yoast SEO Premium plugin. -->","yoast_head_json":{"title":"CBD Vaper Cola de Gorila de espetro total - Fumo de Iguana","description":"Disfruta del Vaper CBD Full Spectrum Gorilla Glue. 300\/600 caladas y 300mg\/1400mg de CBD. Sin THC ni nicotina. Compra online ahora.","robots":{"index":"index","follow":"follow","max-snippet":"max-snippet:-1","max-image-preview":"max-image-preview:large","max-video-preview":"max-video-preview:-1"},"canonical":"https:\/\/iguanasmoke.com\/pt\/produto\/vape-cbd-full-spectrum-capsula-de-iguana-cola-de-gorila\/","og_locale":"pt_PT","og_type":"article","og_title":"Vaper CBD Full Spectrum - Gorilla Glue","og_description":"Caracter\u00edsticas      Sabor a Gorilla Glue  Capacidad: 1ml y 2ml  Caladas: hasta 300-600  Terpenos naturales de alta calidad  CBD Full Spectrum 70% 300mg\/ 1400mg  THC: 0%, HHC: 0%, THC-P: 0%, Nicotina: 0%  No contiene VG, PG, PEG, MCT u otro agente de corte.    Adem\u00e1s, si quieres puedes consultar el an\u00e1lisis de laboratorio.","og_url":"https:\/\/iguanasmoke.com\/pt\/produto\/vape-cbd-full-spectrum-capsula-de-iguana-cola-de-gorila\/","og_site_name":"Iguana Smoke","article_publisher":"https:\/\/www.facebook.com\/iguanasmoke","article_modified_time":"2026-04-08T09:54:31+00:00","og_image":[{"width":1000,"height":1000,"url":"https:\/\/iguanasmoke.com\/wp-content\/uploads\/2026\/04\/Bolsa-Vape-Full-Spectrum-Gorilla-con-vape-1ml.webp","type":"image\/webp"}],"twitter_card":"summary_large_image","twitter_misc":{"Disponibilidade":"Em stock"},"schema":{"@context":"https:\/\/schema.org","@graph":[{"@type":"WebPage","@id":"https:\/\/iguanasmoke.com\/producto\/vape-cbd-full-spectrum-iguana-pod-gorilla-glue\/","url":"https:\/\/iguanasmoke.com\/producto\/vape-cbd-full-spectrum-iguana-pod-gorilla-glue\/","name":"CBD Vaper Cola de Gorila de espetro total - Fumo de Iguana","isPartOf":{"@id":"https:\/\/iguanasmoke.com\/#website"},"primaryImageOfPage":{"@id":"https:\/\/iguanasmoke.com\/producto\/vape-cbd-full-spectrum-iguana-pod-gorilla-glue\/#primaryimage"},"image":{"@id":"https:\/\/iguanasmoke.com\/producto\/vape-cbd-full-spectrum-iguana-pod-gorilla-glue\/#primaryimage"},"thumbnailUrl":"https:\/\/iguanasmoke.com\/wp-content\/uploads\/2026\/04\/Bolsa-Vape-Full-Spectrum-Gorilla-con-vape-1ml.webp","datePublished":"2023-09-21T15:15:07+00:00","dateModified":"2026-04-08T09:54:31+00:00","description":"Disfruta del Vaper CBD Full Spectrum Gorilla Glue. 300\/600 caladas y 300mg\/1400mg de CBD. Sin THC ni nicotina. Compra online ahora.","breadcrumb":{"@id":"https:\/\/iguanasmoke.com\/producto\/vape-cbd-full-spectrum-iguana-pod-gorilla-glue\/#breadcrumb"},"inLanguage":"pt-PT","potentialAction":[{"@type":"ReadAction","target":["https:\/\/iguanasmoke.com\/producto\/vape-cbd-full-spectrum-iguana-pod-gorilla-glue\/"]}]},{"@type":"ImageObject","inLanguage":"pt-PT","@id":"https:\/\/iguanasmoke.com\/producto\/vape-cbd-full-spectrum-iguana-pod-gorilla-glue\/#primaryimage","url":"https:\/\/iguanasmoke.com\/wp-content\/uploads\/2026\/04\/Bolsa-Vape-Full-Spectrum-Gorilla-con-vape-1ml.webp","contentUrl":"https:\/\/iguanasmoke.com\/wp-content\/uploads\/2026\/04\/Bolsa-Vape-Full-Spectrum-Gorilla-con-vape-1ml.webp","width":1000,"height":1000,"caption":"vaper cbd full spectrum 1ml gorilla"},{"@type":"BreadcrumbList","@id":"https:\/\/iguanasmoke.com\/producto\/vape-cbd-full-spectrum-iguana-pod-gorilla-glue\/#breadcrumb","itemListElement":[{"@type":"ListItem","position":1,"name":"home","item":"https:\/\/iguanasmoke.com\/"},{"@type":"ListItem","position":2,"name":"Tienda","item":"https:\/\/iguanasmoke.com\/tienda\/"},{"@type":"ListItem","position":3,"name":"Vaper CBD","item":"https:\/\/iguanasmoke.com\/categoria\/vaper-cbd\/"},{"@type":"ListItem","position":4,"name":"Vaper CBD Full Spectrum","item":"https:\/\/iguanasmoke.com\/categoria\/vaper-cbd\/vaper-cbd-full-spectrum\/"},{"@type":"ListItem","position":5,"name":"Vaper CBD Full Spectrum &#8211; Gorilla Glue"}]},{"@type":"WebSite","@id":"https:\/\/iguanasmoke.com\/#website","url":"https:\/\/iguanasmoke.com\/","name":"Fumo de Iguana","description":"Comprar CBD online ao melhor pre\u00e7o","publisher":{"@id":"https:\/\/iguanasmoke.com\/#organization"},"potentialAction":[{"@type":"SearchAction","target":{"@type":"EntryPoint","urlTemplate":"https:\/\/iguanasmoke.com\/?s={search_term_string}"},"query-input":{"@type":"PropertyValueSpecification","valueRequired":true,"valueName":"search_term_string"}}],"inLanguage":"pt-PT"},{"@type":"Organization","@id":"https:\/\/iguanasmoke.com\/#organization","name":"Fumo de Iguana","url":"https:\/\/iguanasmoke.com\/","logo":{"@type":"ImageObject","inLanguage":"pt-PT","@id":"https:\/\/iguanasmoke.com\/#\/schema\/logo\/image\/","url":"https:\/\/iguanasmoke.com\/wp-content\/uploads\/2025\/01\/logoiguana-favi-1.png","contentUrl":"https:\/\/iguanasmoke.com\/wp-content\/uploads\/2025\/01\/logoiguana-favi-1.png","width":512,"height":512,"caption":"Iguana Smoke"},"image":{"@id":"https:\/\/iguanasmoke.com\/#\/schema\/logo\/image\/"},"sameAs":["https:\/\/www.facebook.com\/iguanasmoke","https:\/\/www.instagram.com\/iguanasmoke\/"]}]},"product_brand":"variable","og_availability":"instock","product_availability":"instock","product_retailer_item_id":"IS-PODFSGG-600","product_condition":"new"},"_links":{"self":[{"href":"https:\/\/iguanasmoke.com\/pt\/wp-json\/wp\/v2\/product\/20653","targetHints":{"allow":["GET"]}}],"collection":[{"href":"https:\/\/iguanasmoke.com\/pt\/wp-json\/wp\/v2\/product"}],"about":[{"href":"https:\/\/iguanasmoke.com\/pt\/wp-json\/wp\/v2\/types\/product"}],"replies":[{"embeddable":true,"href":"https:\/\/iguanasmoke.com\/pt\/wp-json\/wp\/v2\/comments?post=20653"}],"wp:featuredmedia":[{"embeddable":true,"href":"https:\/\/iguanasmoke.com\/pt\/wp-json\/wp\/v2\/media\/83621"}],"wp:attachment":[{"href":"https:\/\/iguanasmoke.com\/pt\/wp-json\/wp\/v2\/media?parent=20653"}],"wp:term":[{"taxonomy":"product_brand","embeddable":true,"href":"https:\/\/iguanasmoke.com\/pt\/wp-json\/wp\/v2\/product_brand?post=20653"},{"taxonomy":"product_cat","embeddable":true,"href":"https:\/\/iguanasmoke.com\/pt\/wp-json\/wp\/v2\/product_cat?post=20653"},{"taxonomy":"product_tag","embeddable":true,"href":"https:\/\/iguanasmoke.com\/pt\/wp-json\/wp\/v2\/product_tag?post=20653"}],"curies":[{"name":"wp","href":"https:\/\/api.w.org\/{rel}","templated":true}]}}