{"id":22618,"date":"2023-11-08T19:00:06","date_gmt":"2023-11-08T18:00:06","guid":{"rendered":"https:\/\/iguanasmoke.com\/?post_type=product&#038;p=22618"},"modified":"2026-03-09T16:41:52","modified_gmt":"2026-03-09T15:41:52","slug":"vaper-freddy-boyz-por-kidd-keo","status":"publish","type":"product","link":"https:\/\/iguanasmoke.com\/pt\/producto\/vaper-freddy-boyz-by-kidd-keo\/","title":{"rendered":"Freddy Boyz Vape Pocket CBD por Kidd Keo"},"content":{"rendered":"<h1><span style=\"font-weight: 400;\">Freddy Boyz Vape Pocket CBD por Kidd Keo - Edi\u00e7\u00e3o limitada<\/span><\/h1>\n<h2><span style=\"font-weight: 400;\">O vaper mais selvagem de Kidd Keo. <em>Modo Dracukeo ativado<\/em>. <\/span><\/h2>\n<p><span style=\"font-weight: 400;\">P<\/span><span style=\"font-weight: 400;\">reparar-se a si pr\u00f3prio para subir de n\u00edvel. O <strong>Freddy Boyz Vape Pocket CBD por Kidd Keo<\/strong> - <strong>Edi\u00e7\u00e3o limitada<\/strong> \u00e9 uma colabora\u00e7\u00e3o exclusiva entre Iguana Smoke e Kidd Keo, um dos mais importantes <strong>os \u00edcones mais influentes do rap e do trap espanhol<\/strong>. Um vaporizador de CBD de edi\u00e7\u00e3o limitada que mistura <strong>escurid\u00e3o, atitude e fluxo puro<\/strong>, Concebido para as pessoas que vivem fora do comum. <\/span><\/p>\n<p><span style=\"font-weight: 400;\">Inspirado no cl\u00e1ssico de terror <strong>Freddy Krueger e no universo criativo de Keo.<\/strong>, Este vaper com CBD n\u00e3o \u00e9 apenas um aparelho: <strong>\u00e9 uma declara\u00e7\u00e3o de estilo<\/strong>. Ideal para a \u00e9poca de Halloween ou para qualquer dia em que se queira entrar no modo Halloween. <em>Dracukeo<\/em>.\u00a0<\/span><\/p>\n<p style=\"padding-left: 40px;\"><strong data-start=\"1022\" data-end=\"1042\">\u26a0\ufe0fEdici\u00f3n limited<\/strong>. Quando se esgota, n\u00e3o volta a aparecer.<\/p>\n<p>&nbsp;<\/p>\n<h2><strong>Carater\u00edsticas do Freddy Boyz Vape Pocket CBD <\/strong><\/h2>\n<ul>\n<li><span style=\"font-weight: 400;\">CBD total: <strong>600mg <\/strong><\/span><\/li>\n<li><span style=\"font-weight: 400;\">Capacidade do dep\u00f3sito: <strong>10ml<\/strong><\/span><\/li>\n<li>Vape descart\u00e1vel<\/li>\n<li><span style=\"font-weight: 400;\">Calados: at\u00e9 <strong>3000 baforadas potentes <\/strong><\/span><\/li>\n<li><span style=\"font-weight: 400;\">Aroma: <strong>Dia das Bruxas<\/strong><\/span><\/li>\n<li><span style=\"font-weight: 400;\">Bateria: <strong>USB Type-C recarreg\u00e1vel de 500mAh <\/strong><\/span><\/li>\n<li><span style=\"font-weight: 400;\">Tamanho<strong> 82 x 49 x 22 mm <\/strong><\/span><\/li>\n<li><span style=\"font-weight: 400;\">THC: <strong>0% <\/strong><\/span><\/li>\n<li><span style=\"font-weight: 400;\">Nicotina: <strong>0% <\/strong><\/span><\/li>\n<\/ul>\n<p><span style=\"font-weight: 400;\">A <strong>CBD vape compacto, potente e de longa dura\u00e7\u00e3o CBD de bolso<\/strong> que une <strong>CBD premium<\/strong> com uma est\u00e9tica de rua imposs\u00edvel de ignorar. Este \u00e9 o <strong>Freddy Boyz<\/strong> mais escuro.\u00a0<\/span><\/p>\n<p>&nbsp;<\/p>\n<h2><strong>Porque \u00e9 que toda a gente quer este vaper Kidd Keo CBD? <\/strong><\/h2>\n<p><span style=\"font-weight: 400;\">Porque <strong>n\u00e3o h\u00e1 nada igual<\/strong>. <\/span><\/p>\n<p><span style=\"font-weight: 400;\">O <strong>Freddy Boyz Vape Pocket CBD<\/strong> \u00e9 o resultado de uma colabora\u00e7\u00e3o entre<strong> Kidd Keo x Iguana Smoke<\/strong>, onde o design, a m\u00fasica e o estilo de vida se juntam num \u00fanico produto. <\/span><\/p>\n<p><span style=\"font-weight: 400;\">Gra\u00e7as \u00e0 sua <strong>Tanque XXL de 10 ml e 600 mg de CBD<\/strong>, oferece uma vida \u00fatil muito mais longa do que a m\u00e9dia. Por conseguinte, \u00e9 um dos melhores do mundo.<strong>Os intensificadores de sabor com CBD mais potentes e duradouros do mercado<\/strong>.<\/span><\/p>\n<p><span style=\"font-weight: 400;\"> Al\u00e9m disso, ao <strong>n\u00e3o cont\u00eam THC nem nicotina<\/strong>, Quer pretenda relaxar ou descontrair da sua rotina di\u00e1ria, pode desfrutar do CBD legal em Espanha com toda a tranquilidade. <\/span><\/p>\n<p><span style=\"font-weight: 400;\">Cada baforada \u00e9 <strong>suave, intenso e equilibrado<\/strong>, perfeito para baixar as rota\u00e7\u00f5es <strong>sem perder o lado negro e provocador de Freddy Krueger<\/strong>.<\/span><\/p>\n<p>&nbsp;<\/p>\n<h2><strong>Design exclusivo inspirado no Freddy Krueger <\/strong><\/h2>\n<p><span style=\"font-weight: 400;\">O <strong>Freddy Boyz Vape Pocket CBD<\/strong> pode ser considerada uma pe\u00e7a de cole\u00e7\u00e3o. O seu design combina o mundo imagin\u00e1rio sombrio e cinematogr\u00e1fico de Freddy com a arte urbana e provocadora de Keo, criando um resultado \u00fanico e imediatamente reconhec\u00edvel. <\/span><\/p>\n<p><span style=\"font-weight: 400;\">Se segues a m\u00fasica de Keo, te identificas com a sua est\u00e9tica e gostas de fazer o teu pr\u00f3prio caminho, esta edi\u00e7\u00e3o limitada de CBD vape \u00e9 para ti. \u00a0<\/span><\/p>\n<p>&nbsp;<\/p>\n<h3><strong>Compra j\u00e1 o teu Freddy Boyz Vape Pocket CBD da Kidd Keo! <\/strong><\/h3>\n<p><span style=\"font-weight: 400;\">N\u00e3o fiques de fora. Ponha as suas m\u00e3os nesta edi\u00e7\u00e3o limitada antes que desapare\u00e7a do mapa. <\/span><\/p>\n<p><span style=\"font-weight: 400;\">Escolher <strong>pot\u00eancia<\/strong>. <\/span><\/p>\n<p><span style=\"font-weight: 400;\">Escolher <strong>estilo<\/strong>. <\/span><\/p>\n<p><span style=\"font-weight: 400;\">Escolher <strong>Kidd Keo x Iguana Smoke<\/strong> - Opte por comprar CBD vape com atitude, design e verdadeira autenticidade.<\/span><\/p>\n<p>&nbsp;<\/p>\n<h3><b>Iguana Smoke \u00e9 a sua loja online de CBD\u00a0<\/b><\/h3>\n<p><span style=\"font-weight: 400;\">Em<strong> Fumo de Iguana<\/strong>, Acreditamos que desfrutar do CBD deve ser uma experi\u00eancia segura. \u00c9 por isso que temos produtos como este <strong>Freddy Boyz Vape Pocket CBD por Kidd Keo<\/strong>, A marca liga-se \u00e0s novas gera\u00e7\u00f5es: pessoas que procuram um bem-estar descomplicado, com marcas aut\u00eanticas e fi\u00e1veis.\u00a0<\/span><\/p>\n<p>A nossa miss\u00e3o \u00e9 clara: trazer-lhe o melhor do mundo dos canabin\u00f3ides a um pre\u00e7o justo. Al\u00e9m disso, damos-lhe a tranquilidade de saber que est\u00e1 a escolher um produto certificado, eficaz e 100% legal. O seu tempo de relaxamento come\u00e7a aqui connosco.<\/p>\n<p>Ainda tem d\u00favidas? Escreva-nos e teremos todo o gosto em ajud\u00e1-lo a encontrar o produto certo para si.<\/p>\n<p>&nbsp;<\/p>\n<h6>\u2139\ufe0f<strong> Informa\u00e7\u00e3o jur\u00eddica<\/strong><\/h6>\n<p><em><span style=\"font-weight: 400;\">*Produto destinado a cole\u00e7\u00e3o ou aromaterapia, de acordo com a legisla\u00e7\u00e3o espanhola em vigor. <\/span><\/em><\/p>\n<p><em><span style=\"font-weight: 400;\">**Derivado de c\u00e2nhamo industrial certificado. Cont\u00e9m menos de 0,3 THC e n\u00e3o cont\u00e9m canabin\u00f3ides ilegais como HHC, HHC-P, THCP, THCP-O, H4CBD ou subst\u00e2ncias enumeradas no Anexo I do Decreto Real 2829\/1977, nem subst\u00e2ncias controladas por conven\u00e7\u00f5es internacionais.\u00a0\u00a0<\/span><\/em><\/p>","protected":false},"excerpt":{"rendered":"<p><span style=\"font-weight: 400;\">Carater\u00edsticas do <strong>Freddy Boyz por Kidd Keo x Iguana Smoke: <\/strong><\/span><\/p>\n<ul>\n<li><span style=\"font-weight: 400;\">Vape descart\u00e1vel de CBD<\/span><\/li>\n<li><span style=\"font-weight: 400;\">Dimens\u00f5es: <strong>82 x 49x 22 mm<\/strong>\u00a0<\/span><\/li>\n<li><span style=\"font-weight: 400;\">Bateria: <strong>550 mAh USB-C<\/strong><\/span><\/li>\n<li>Aroma: <strong>Dia das Bruxas<\/strong><\/li>\n<li><span style=\"font-weight: 400;\">Capacidade: <strong>10ml <\/strong><\/span><\/li>\n<li><span style=\"font-weight: 400;\">Caladas: <strong>at\u00e9 3000 <\/strong><\/span><\/li>\n<li><span style=\"font-weight: 400;\">CBD: <strong>600\/10ml <\/strong><\/span><\/li>\n<li><span style=\"font-weight: 400;\">THC: <strong>0% <\/strong><\/span><\/li>\n<li><span style=\"font-weight: 400;\">Nicotina: <strong>0%\u00a0<\/strong>\u00a0<\/span><\/li>\n<\/ul>\n<p><span style=\"font-weight: 400;\">Al\u00e9m disso, se quiser, pode consultar<strong> <a href=\"https:\/\/iguanasmoke.com\/pt\/analiticas\/\">an\u00e1lises laboratoriais.<\/a><\/strong><\/span><\/p>","protected":false},"featured_media":22620,"comment_status":"open","ping_status":"closed","template":"","meta":{"_acf_changed":false,"site-sidebar-layout":"default","site-content-layout":"default","ast-site-content-layout":"default","site-content-style":"default","site-sidebar-style":"default","ast-global-header-display":"","ast-banner-title-visibility":"","ast-main-header-display":"","ast-hfb-above-header-display":"","ast-hfb-below-header-display":"","ast-hfb-mobile-header-display":"","site-post-title":"","ast-breadcrumbs-content":"","ast-featured-img":"","footer-sml-layout":"","theme-transparent-header-meta":"default","adv-header-id-meta":"","stick-header-meta":"","header-above-stick-meta":"","header-main-stick-meta":"","header-below-stick-meta":"","astra-migrate-meta-layouts":"set","ast-page-background-enabled":"default","ast-page-background-meta":{"desktop":{"background-color":"var(--ast-global-color-4)","background-image":"","background-repeat":"repeat","background-position":"center center","background-size":"auto","background-attachment":"scroll","background-type":"","background-media":"","overlay-type":"","overlay-color":"","overlay-opacity":"","overlay-gradient":""},"tablet":{"background-color":"","background-image":"","background-repeat":"repeat","background-position":"center center","background-size":"auto","background-attachment":"scroll","background-type":"","background-media":"","overlay-type":"","overlay-color":"","overlay-opacity":"","overlay-gradient":""},"mobile":{"background-color":"","background-image":"","background-repeat":"repeat","background-position":"center center","background-size":"auto","background-attachment":"scroll","background-type":"","background-media":"","overlay-type":"","overlay-color":"","overlay-opacity":"","overlay-gradient":""}},"ast-content-background-meta":{"desktop":{"background-color":"var(--ast-global-color-5)","background-image":"","background-repeat":"repeat","background-position":"center center","background-size":"auto","background-attachment":"scroll","background-type":"","background-media":"","overlay-type":"","overlay-color":"","overlay-opacity":"","overlay-gradient":""},"tablet":{"background-color":"var(--ast-global-color-5)","background-image":"","background-repeat":"repeat","background-position":"center center","background-size":"auto","background-attachment":"scroll","background-type":"","background-media":"","overlay-type":"","overlay-color":"","overlay-opacity":"","overlay-gradient":""},"mobile":{"background-color":"var(--ast-global-color-5)","background-image":"","background-repeat":"repeat","background-position":"center center","background-size":"auto","background-attachment":"scroll","background-type":"","background-media":"","overlay-type":"","overlay-color":"","overlay-opacity":"","overlay-gradient":""}}},"product_brand":[],"product_cat":[426,420],"product_tag":[],"class_list":{"0":"post-22618","1":"product","2":"type-product","3":"status-publish","4":"has-post-thumbnail","6":"product_cat-pods","7":"product_cat-vaper-pocket-cbd","8":"desktop-align-center","9":"tablet-align-center","10":"mobile-align-center","12":"first","13":"instock","14":"taxable","15":"shipping-taxable","16":"purchasable","17":"product-type-simple"},"acf":[],"yoast_head":"<!-- This site is optimized with the Yoast SEO Premium plugin v27.3 (Yoast SEO v27.3) - https:\/\/yoast.com\/product\/yoast-seo-premium-wordpress\/ -->\n<title>Freddy Boyz Vape Pocket CBD by Kidd Keo \u2013 Edici\u00f3n Limitada | Iguana Smoke<\/title>\n<meta name=\"description\" content=\"Descubre el Freddy Boyz Vape Pocket CBD by Kidd Keo, edici\u00f3n limitada Halloween. 3000 caladas, 600mg CBD, 0% THC. \u00a1Compra tu vaper CBD exclusivo ahora!\" \/>\n<meta name=\"robots\" content=\"index, follow, max-snippet:-1, max-image-preview:large, max-video-preview:-1\" \/>\n<link rel=\"canonical\" href=\"https:\/\/iguanasmoke.com\/pt\/produto\/vaper-freddy-boyz-por-kidd-keo\/\" \/>\n<meta property=\"og:locale\" content=\"pt_PT\" \/>\n<meta property=\"og:type\" content=\"article\" \/>\n<meta property=\"og:title\" content=\"Freddy Boyz Vape Pocket CBD by Kidd Keo\" \/>\n<meta property=\"og:description\" content=\"Caracter\u00edsticas del Freddy Boyz by Kidd Keo x Iguana Smoke:    Vape CBD desechable  Dimensiones: 82 x 49x 22 mm\u00a0  Bater\u00eda: 550 mAh USB-C  Aroma: Halloween  Capacidad: 10ml   Caladas: hasta 3000   CBD: 600\/10ml   THC: 0%   Nicotina: 0%\u00a0\u00a0  Adem\u00e1s, si quieres puedes consultar el an\u00e1lisis de laboratorio.\" \/>\n<meta property=\"og:url\" content=\"https:\/\/iguanasmoke.com\/pt\/produto\/vaper-freddy-boyz-por-kidd-keo\/\" \/>\n<meta property=\"og:site_name\" content=\"Iguana Smoke\" \/>\n<meta property=\"article:publisher\" content=\"https:\/\/www.facebook.com\/iguanasmoke\" \/>\n<meta property=\"article:modified_time\" content=\"2026-03-09T15:41:52+00:00\" \/>\n<meta property=\"og:image\" content=\"https:\/\/iguanasmoke.com\/wp-content\/uploads\/2023\/11\/FBKK-2-webp.webp\" \/>\n\t<meta property=\"og:image:width\" content=\"500\" \/>\n\t<meta property=\"og:image:height\" content=\"500\" \/>\n\t<meta property=\"og:image:type\" content=\"image\/webp\" \/>\n<meta name=\"twitter:card\" content=\"summary_large_image\" \/>\n<meta name=\"twitter:label1\" content=\"pre\u00e7o\" \/>\n\t<meta name=\"twitter:data1\" content=\"29,90&nbsp;&euro;\" \/>\n\t<meta name=\"twitter:label2\" content=\"Disponibilidade\" \/>\n\t<meta name=\"twitter:data2\" content=\"Em stock\" \/>\n<meta property=\"product:brand\" content=\"simple\" \/>\n<meta property=\"product:price:amount\" content=\"29.90\" \/>\n<meta property=\"product:price:currency\" content=\"EUR\" \/>\n<meta property=\"og:availability\" content=\"instock\" \/>\n<meta property=\"product:availability\" content=\"instock\" \/>\n<meta property=\"product:retailer_item_id\" content=\"IS-FREDDY-3000\" \/>\n<meta property=\"product:condition\" content=\"new\" \/>\n<!-- \/ Yoast SEO Premium plugin. -->","yoast_head_json":{"title":"Freddy Boyz Vape Pocket CBD por Kidd Keo - Edi\u00e7\u00e3o Limitada | Iguana Smoke","description":"Descobre o Freddy Boyz Vape Pocket CBD da Kidd Keo, edi\u00e7\u00e3o limitada de Halloween. 3000 baforadas, 600mg CBD, 0% THC. Compra j\u00e1 o teu vaper CBD exclusivo!","robots":{"index":"index","follow":"follow","max-snippet":"max-snippet:-1","max-image-preview":"max-image-preview:large","max-video-preview":"max-video-preview:-1"},"canonical":"https:\/\/iguanasmoke.com\/pt\/produto\/vaper-freddy-boyz-por-kidd-keo\/","og_locale":"pt_PT","og_type":"article","og_title":"Freddy Boyz Vape Pocket CBD by Kidd Keo","og_description":"Caracter\u00edsticas del Freddy Boyz by Kidd Keo x Iguana Smoke:    Vape CBD desechable  Dimensiones: 82 x 49x 22 mm\u00a0  Bater\u00eda: 550 mAh USB-C  Aroma: Halloween  Capacidad: 10ml   Caladas: hasta 3000   CBD: 600\/10ml   THC: 0%   Nicotina: 0%\u00a0\u00a0  Adem\u00e1s, si quieres puedes consultar el an\u00e1lisis de laboratorio.","og_url":"https:\/\/iguanasmoke.com\/pt\/produto\/vaper-freddy-boyz-por-kidd-keo\/","og_site_name":"Iguana Smoke","article_publisher":"https:\/\/www.facebook.com\/iguanasmoke","article_modified_time":"2026-03-09T15:41:52+00:00","og_image":[{"width":500,"height":500,"url":"https:\/\/iguanasmoke.com\/wp-content\/uploads\/2023\/11\/FBKK-2-webp.webp","type":"image\/webp"}],"twitter_card":"summary_large_image","twitter_misc":{"pre\u00e7o":"29,90&nbsp;&euro;","Disponibilidade":"Em stock"},"schema":{"@context":"https:\/\/schema.org","@graph":[{"@type":"WebPage","@id":"https:\/\/iguanasmoke.com\/producto\/vaper-freddy-boyz-by-kidd-keo\/","url":"https:\/\/iguanasmoke.com\/producto\/vaper-freddy-boyz-by-kidd-keo\/","name":"Freddy Boyz Vape Pocket CBD por Kidd Keo - Edi\u00e7\u00e3o Limitada | Iguana Smoke","isPartOf":{"@id":"https:\/\/iguanasmoke.com\/#website"},"primaryImageOfPage":{"@id":"https:\/\/iguanasmoke.com\/producto\/vaper-freddy-boyz-by-kidd-keo\/#primaryimage"},"image":{"@id":"https:\/\/iguanasmoke.com\/producto\/vaper-freddy-boyz-by-kidd-keo\/#primaryimage"},"thumbnailUrl":"https:\/\/iguanasmoke.com\/wp-content\/uploads\/2023\/11\/FBKK-2-webp.webp","datePublished":"2023-11-08T18:00:06+00:00","dateModified":"2026-03-09T15:41:52+00:00","description":"Descobre o Freddy Boyz Vape Pocket CBD da Kidd Keo, edi\u00e7\u00e3o limitada de Halloween. 3000 baforadas, 600mg CBD, 0% THC. Compra j\u00e1 o teu vaper CBD exclusivo!","breadcrumb":{"@id":"https:\/\/iguanasmoke.com\/producto\/vaper-freddy-boyz-by-kidd-keo\/#breadcrumb"},"inLanguage":"pt-PT","potentialAction":[{"@type":"ReadAction","target":["https:\/\/iguanasmoke.com\/producto\/vaper-freddy-boyz-by-kidd-keo\/"]}]},{"@type":"ImageObject","inLanguage":"pt-PT","@id":"https:\/\/iguanasmoke.com\/producto\/vaper-freddy-boyz-by-kidd-keo\/#primaryimage","url":"https:\/\/iguanasmoke.com\/wp-content\/uploads\/2023\/11\/FBKK-2-webp.webp","contentUrl":"https:\/\/iguanasmoke.com\/wp-content\/uploads\/2023\/11\/FBKK-2-webp.webp","width":500,"height":500,"caption":"pod vaper cbd kidd keo"},{"@type":"BreadcrumbList","@id":"https:\/\/iguanasmoke.com\/producto\/vaper-freddy-boyz-by-kidd-keo\/#breadcrumb","itemListElement":[{"@type":"ListItem","position":1,"name":"home","item":"https:\/\/iguanasmoke.com\/"},{"@type":"ListItem","position":2,"name":"Tienda","item":"https:\/\/iguanasmoke.com\/tienda\/"},{"@type":"ListItem","position":3,"name":"Vaper CBD","item":"https:\/\/iguanasmoke.com\/categoria\/vaper-cbd\/"},{"@type":"ListItem","position":4,"name":"Pods","item":"https:\/\/iguanasmoke.com\/categoria\/vaper-cbd\/pods\/"},{"@type":"ListItem","position":5,"name":"Freddy Boyz Vape Pocket CBD by Kidd Keo"}]},{"@type":"WebSite","@id":"https:\/\/iguanasmoke.com\/#website","url":"https:\/\/iguanasmoke.com\/","name":"Fumo de Iguana","description":"Comprar CBD online ao melhor pre\u00e7o","publisher":{"@id":"https:\/\/iguanasmoke.com\/#organization"},"potentialAction":[{"@type":"SearchAction","target":{"@type":"EntryPoint","urlTemplate":"https:\/\/iguanasmoke.com\/?s={search_term_string}"},"query-input":{"@type":"PropertyValueSpecification","valueRequired":true,"valueName":"search_term_string"}}],"inLanguage":"pt-PT"},{"@type":"Organization","@id":"https:\/\/iguanasmoke.com\/#organization","name":"Fumo de Iguana","url":"https:\/\/iguanasmoke.com\/","logo":{"@type":"ImageObject","inLanguage":"pt-PT","@id":"https:\/\/iguanasmoke.com\/#\/schema\/logo\/image\/","url":"https:\/\/iguanasmoke.com\/wp-content\/uploads\/2025\/01\/logoiguana-favi-1.png","contentUrl":"https:\/\/iguanasmoke.com\/wp-content\/uploads\/2025\/01\/logoiguana-favi-1.png","width":512,"height":512,"caption":"Iguana Smoke"},"image":{"@id":"https:\/\/iguanasmoke.com\/#\/schema\/logo\/image\/"},"sameAs":["https:\/\/www.facebook.com\/iguanasmoke","https:\/\/www.instagram.com\/iguanasmoke\/"]}]},"product_brand":"simple","product_price_amount":"29.90","product_price_currency":"EUR","og_availability":"instock","product_availability":"instock","product_retailer_item_id":"IS-FREDDY-3000","product_condition":"new"},"_links":{"self":[{"href":"https:\/\/iguanasmoke.com\/pt\/wp-json\/wp\/v2\/product\/22618","targetHints":{"allow":["GET"]}}],"collection":[{"href":"https:\/\/iguanasmoke.com\/pt\/wp-json\/wp\/v2\/product"}],"about":[{"href":"https:\/\/iguanasmoke.com\/pt\/wp-json\/wp\/v2\/types\/product"}],"replies":[{"embeddable":true,"href":"https:\/\/iguanasmoke.com\/pt\/wp-json\/wp\/v2\/comments?post=22618"}],"wp:featuredmedia":[{"embeddable":true,"href":"https:\/\/iguanasmoke.com\/pt\/wp-json\/wp\/v2\/media\/22620"}],"wp:attachment":[{"href":"https:\/\/iguanasmoke.com\/pt\/wp-json\/wp\/v2\/media?parent=22618"}],"wp:term":[{"taxonomy":"product_brand","embeddable":true,"href":"https:\/\/iguanasmoke.com\/pt\/wp-json\/wp\/v2\/product_brand?post=22618"},{"taxonomy":"product_cat","embeddable":true,"href":"https:\/\/iguanasmoke.com\/pt\/wp-json\/wp\/v2\/product_cat?post=22618"},{"taxonomy":"product_tag","embeddable":true,"href":"https:\/\/iguanasmoke.com\/pt\/wp-json\/wp\/v2\/product_tag?post=22618"}],"curies":[{"name":"wp","href":"https:\/\/api.w.org\/{rel}","templated":true}]}}