{"id":22842,"date":"2023-11-14T07:04:12","date_gmt":"2023-11-14T06:04:12","guid":{"rendered":"https:\/\/iguanasmoke.com\/?post_type=product&#038;p=22842"},"modified":"2025-11-04T14:49:59","modified_gmt":"2025-11-04T13:49:59","slug":"vape-cbd-opium-pod-super-melon-3ml","status":"publish","type":"product","link":"https:\/\/iguanasmoke.com\/pt\/producto\/vape-cbd-opium-pod-super-melon-3ml\/","title":{"rendered":"CBD Vaper - C\u00e1psula de \u00d3pio Super Mel\u00e3o 3ml"},"content":{"rendered":"<h2>Vape CBD - C\u00e1psula de \u00d3pio Super Mel\u00e3o 3ml<\/h2>\n<p>O vape Super Melon CBD alia a eleg\u00e2ncia \u00e0 portabilidade. O seu design ergon\u00f3mico e o acabamento premium fazem dele uma afirma\u00e7\u00e3o de estilo, cabendo perfeitamente no seu bolso ou na sua mala, acompanhando-o em todas as suas aventuras.<\/p>\n<div id=\"product-description-short-5236\" class=\"rte-content product-description\">\n<p>O aroma de Super Melon, vai fazer-te sentir o sabor de um mel\u00e3o doce no seu melhor! Aquela sucul\u00eancia e do\u00e7ura que o torna viciante est\u00e1 presente.<\/p>\n<\/div>\n<p>O seu design atraente e o seu tamanho compacto fazem dele um acess\u00f3rio ideal para levar sempre consigo.<\/p>\n<p>A Iguana Smoke torna cada vez mais f\u00e1cil para si desfrutar dos benef\u00edcios do CBD com produtos n\u00e3o psicoactivos com 0% THC.<\/p>\n<p>Basta escolher o seu sabor preferido, abri-lo e come\u00e7ar a utiliz\u00e1-lo.<\/p>","protected":false},"excerpt":{"rendered":"<h2>Opium Pod Super Melon 3ml<\/h2>\n<p>Carater\u00edsticas:<\/p>\n<ul>\n<li>Dimens\u00f5es: 35 x 6,5 x 65,5 mm<\/li>\n<li>Bateria: 550 mAh<\/li>\n<li>Capacidade: 3 ml<\/li>\n<li>Calados: at\u00e9 900<\/li>\n<li>CBD: 225mg\/3ml<\/li>\n<li>Taxa de CBD: 750mg\/10ml<\/li>\n<li>THC: 0%<\/li>\n<li>Nicotina: 0%<\/li>\n<\/ul>\n<p>An\u00e1lise da qualidade: clique <a href=\"https:\/\/iguanasmoke.com\/wp-content\/uploads\/2018\/02\/Analitica-E-Liquid-Iguana-Smoke-Junio-2022.pdf\" target=\"_blank\" rel=\"noopener\">aqui<\/a><\/p>","protected":false},"featured_media":34527,"comment_status":"open","ping_status":"closed","template":"","meta":{"_acf_changed":false,"site-sidebar-layout":"default","site-content-layout":"default","ast-site-content-layout":"default","site-content-style":"default","site-sidebar-style":"default","ast-global-header-display":"","ast-banner-title-visibility":"","ast-main-header-display":"","ast-hfb-above-header-display":"","ast-hfb-below-header-display":"","ast-hfb-mobile-header-display":"","site-post-title":"","ast-breadcrumbs-content":"","ast-featured-img":"","footer-sml-layout":"","theme-transparent-header-meta":"default","adv-header-id-meta":"","stick-header-meta":"","header-above-stick-meta":"","header-main-stick-meta":"","header-below-stick-meta":"","astra-migrate-meta-layouts":"set","ast-page-background-enabled":"default","ast-page-background-meta":{"desktop":{"background-color":"var(--ast-global-color-4)","background-image":"","background-repeat":"repeat","background-position":"center center","background-size":"auto","background-attachment":"scroll","background-type":"","background-media":"","overlay-type":"","overlay-color":"","overlay-opacity":"","overlay-gradient":""},"tablet":{"background-color":"","background-image":"","background-repeat":"repeat","background-position":"center center","background-size":"auto","background-attachment":"scroll","background-type":"","background-media":"","overlay-type":"","overlay-color":"","overlay-opacity":"","overlay-gradient":""},"mobile":{"background-color":"","background-image":"","background-repeat":"repeat","background-position":"center center","background-size":"auto","background-attachment":"scroll","background-type":"","background-media":"","overlay-type":"","overlay-color":"","overlay-opacity":"","overlay-gradient":""}},"ast-content-background-meta":{"desktop":{"background-color":"var(--ast-global-color-5)","background-image":"","background-repeat":"repeat","background-position":"center center","background-size":"auto","background-attachment":"scroll","background-type":"","background-media":"","overlay-type":"","overlay-color":"","overlay-opacity":"","overlay-gradient":""},"tablet":{"background-color":"var(--ast-global-color-5)","background-image":"","background-repeat":"repeat","background-position":"center center","background-size":"auto","background-attachment":"scroll","background-type":"","background-media":"","overlay-type":"","overlay-color":"","overlay-opacity":"","overlay-gradient":""},"mobile":{"background-color":"var(--ast-global-color-5)","background-image":"","background-repeat":"repeat","background-position":"center center","background-size":"auto","background-attachment":"scroll","background-type":"","background-media":"","overlay-type":"","overlay-color":"","overlay-opacity":"","overlay-gradient":""}}},"product_brand":[],"product_cat":[458],"product_tag":[],"class_list":{"0":"post-22842","1":"product","2":"type-product","3":"status-publish","4":"has-post-thumbnail","6":"product_cat-marios-market","7":"desktop-align-center","8":"tablet-align-center","9":"mobile-align-center","11":"first","12":"instock","13":"taxable","14":"shipping-taxable","15":"purchasable","16":"product-type-simple"},"acf":[],"yoast_head":"<!-- This site is optimized with the Yoast SEO Premium plugin v27.3 (Yoast SEO v27.3) - https:\/\/yoast.com\/product\/yoast-seo-premium-wordpress\/ -->\n<title>Vaper CBD - Opium Pod Super Melon 3ml | Iguana Smoke<\/title>\n<meta name=\"description\" content=\"Consigue tu Opium Pod Super Melon en Iguana Smoke. El Opium Pod tiene 900 caladas y una tasa de 225mg\/3ml de CBD. No contiene THC ni nicotina.\" \/>\n<meta name=\"robots\" content=\"index, follow, max-snippet:-1, max-image-preview:large, max-video-preview:-1\" \/>\n<link rel=\"canonical\" href=\"https:\/\/iguanasmoke.com\/pt\/produto\/vape-cbd-opium-pod-super-melon-3ml\/\" \/>\n<meta property=\"og:locale\" content=\"pt_PT\" \/>\n<meta property=\"og:type\" content=\"article\" \/>\n<meta property=\"og:title\" content=\"Vaper CBD - Opium Pod Super Melon 3ml\" \/>\n<meta property=\"og:description\" content=\"Opium Pod Super Melon 3ml Caracter\u00edsticas:   Dimensiones: 35 x 6.5 x 65.5mm  Bater\u00eda: 550 mAh  Capacidad: 3 ml  Caladas: hasta 900  CBD: 225mg\/3ml  CBD tasa: 750mg\/10ml  THC: 0%  Nicotina: 0%  An\u00e1lisis de calidad: pincha aqu\u00ed\" \/>\n<meta property=\"og:url\" content=\"https:\/\/iguanasmoke.com\/pt\/produto\/vape-cbd-opium-pod-super-melon-3ml\/\" \/>\n<meta property=\"og:site_name\" content=\"Iguana Smoke\" \/>\n<meta property=\"article:publisher\" content=\"https:\/\/www.facebook.com\/iguanasmoke\" \/>\n<meta property=\"article:modified_time\" content=\"2025-11-04T13:49:59+00:00\" \/>\n<meta property=\"og:image\" content=\"https:\/\/iguanasmoke.com\/wp-content\/uploads\/2023\/11\/pod-opium-melon-todo-webp.webp\" \/>\n\t<meta property=\"og:image:width\" content=\"500\" \/>\n\t<meta property=\"og:image:height\" content=\"500\" \/>\n\t<meta property=\"og:image:type\" content=\"image\/webp\" \/>\n<meta name=\"twitter:card\" content=\"summary_large_image\" \/>\n<meta name=\"twitter:label1\" content=\"pre\u00e7o\" \/>\n\t<meta name=\"twitter:data1\" content=\"15,90&nbsp;&euro;\" \/>\n\t<meta name=\"twitter:label2\" content=\"Disponibilidade\" \/>\n\t<meta name=\"twitter:data2\" content=\"Em stock\" \/>\n<meta property=\"product:brand\" content=\"simple\" \/>\n<meta property=\"product:price:amount\" content=\"15.90\" \/>\n<meta property=\"product:price:currency\" content=\"EUR\" \/>\n<meta property=\"og:availability\" content=\"instock\" \/>\n<meta property=\"product:availability\" content=\"instock\" \/>\n<meta property=\"product:retailer_item_id\" content=\"IS-OPVAPMELON-900\" \/>\n<meta property=\"product:condition\" content=\"new\" \/>\n<!-- \/ Yoast SEO Premium plugin. -->","yoast_head_json":{"title":"CBD Vaper - Opium Pod Super Melon 3ml | Iguana Smoke","description":"Compra o teu Opium Pod Super Melon na Iguana Smoke. O Opium Pod tem 900 baforadas e um teor de CBD de 225mg\/3ml. N\u00e3o cont\u00e9m THC nem nicotina.","robots":{"index":"index","follow":"follow","max-snippet":"max-snippet:-1","max-image-preview":"max-image-preview:large","max-video-preview":"max-video-preview:-1"},"canonical":"https:\/\/iguanasmoke.com\/pt\/produto\/vape-cbd-opium-pod-super-melon-3ml\/","og_locale":"pt_PT","og_type":"article","og_title":"Vaper CBD - Opium Pod Super Melon 3ml","og_description":"Opium Pod Super Melon 3ml Caracter\u00edsticas:   Dimensiones: 35 x 6.5 x 65.5mm  Bater\u00eda: 550 mAh  Capacidad: 3 ml  Caladas: hasta 900  CBD: 225mg\/3ml  CBD tasa: 750mg\/10ml  THC: 0%  Nicotina: 0%  An\u00e1lisis de calidad: pincha aqu\u00ed","og_url":"https:\/\/iguanasmoke.com\/pt\/produto\/vape-cbd-opium-pod-super-melon-3ml\/","og_site_name":"Iguana Smoke","article_publisher":"https:\/\/www.facebook.com\/iguanasmoke","article_modified_time":"2025-11-04T13:49:59+00:00","og_image":[{"width":500,"height":500,"url":"https:\/\/iguanasmoke.com\/wp-content\/uploads\/2023\/11\/pod-opium-melon-todo-webp.webp","type":"image\/webp"}],"twitter_card":"summary_large_image","twitter_misc":{"pre\u00e7o":"15,90&nbsp;&euro;","Disponibilidade":"Em stock"},"schema":{"@context":"https:\/\/schema.org","@graph":[{"@type":"WebPage","@id":"https:\/\/iguanasmoke.com\/producto\/vape-cbd-opium-pod-super-melon-3ml\/","url":"https:\/\/iguanasmoke.com\/producto\/vape-cbd-opium-pod-super-melon-3ml\/","name":"CBD Vaper - Opium Pod Super Melon 3ml | Iguana Smoke","isPartOf":{"@id":"https:\/\/iguanasmoke.com\/#website"},"primaryImageOfPage":{"@id":"https:\/\/iguanasmoke.com\/producto\/vape-cbd-opium-pod-super-melon-3ml\/#primaryimage"},"image":{"@id":"https:\/\/iguanasmoke.com\/producto\/vape-cbd-opium-pod-super-melon-3ml\/#primaryimage"},"thumbnailUrl":"https:\/\/iguanasmoke.com\/wp-content\/uploads\/2023\/11\/pod-opium-melon-todo-webp.webp","datePublished":"2023-11-14T06:04:12+00:00","dateModified":"2025-11-04T13:49:59+00:00","description":"Compra o teu Opium Pod Super Melon na Iguana Smoke. O Opium Pod tem 900 baforadas e um teor de CBD de 225mg\/3ml. N\u00e3o cont\u00e9m THC nem nicotina.","breadcrumb":{"@id":"https:\/\/iguanasmoke.com\/producto\/vape-cbd-opium-pod-super-melon-3ml\/#breadcrumb"},"inLanguage":"pt-PT","potentialAction":[{"@type":"ReadAction","target":["https:\/\/iguanasmoke.com\/producto\/vape-cbd-opium-pod-super-melon-3ml\/"]}]},{"@type":"ImageObject","inLanguage":"pt-PT","@id":"https:\/\/iguanasmoke.com\/producto\/vape-cbd-opium-pod-super-melon-3ml\/#primaryimage","url":"https:\/\/iguanasmoke.com\/wp-content\/uploads\/2023\/11\/pod-opium-melon-todo-webp.webp","contentUrl":"https:\/\/iguanasmoke.com\/wp-content\/uploads\/2023\/11\/pod-opium-melon-todo-webp.webp","width":500,"height":500,"caption":"vapeador melon cbd petaca"},{"@type":"BreadcrumbList","@id":"https:\/\/iguanasmoke.com\/producto\/vape-cbd-opium-pod-super-melon-3ml\/#breadcrumb","itemListElement":[{"@type":"ListItem","position":1,"name":"home","item":"https:\/\/iguanasmoke.com\/"},{"@type":"ListItem","position":2,"name":"Tienda","item":"https:\/\/iguanasmoke.com\/tienda\/"},{"@type":"ListItem","position":3,"name":"Mario's Market","item":"https:\/\/iguanasmoke.com\/categoria\/marios-market\/"},{"@type":"ListItem","position":4,"name":"Vaper CBD &#8211; Opium Pod Super Melon 3ml"}]},{"@type":"WebSite","@id":"https:\/\/iguanasmoke.com\/#website","url":"https:\/\/iguanasmoke.com\/","name":"Fumo de Iguana","description":"Comprar CBD online ao melhor pre\u00e7o","publisher":{"@id":"https:\/\/iguanasmoke.com\/#organization"},"potentialAction":[{"@type":"SearchAction","target":{"@type":"EntryPoint","urlTemplate":"https:\/\/iguanasmoke.com\/?s={search_term_string}"},"query-input":{"@type":"PropertyValueSpecification","valueRequired":true,"valueName":"search_term_string"}}],"inLanguage":"pt-PT"},{"@type":"Organization","@id":"https:\/\/iguanasmoke.com\/#organization","name":"Fumo de Iguana","url":"https:\/\/iguanasmoke.com\/","logo":{"@type":"ImageObject","inLanguage":"pt-PT","@id":"https:\/\/iguanasmoke.com\/#\/schema\/logo\/image\/","url":"https:\/\/iguanasmoke.com\/wp-content\/uploads\/2025\/01\/logoiguana-favi-1.png","contentUrl":"https:\/\/iguanasmoke.com\/wp-content\/uploads\/2025\/01\/logoiguana-favi-1.png","width":512,"height":512,"caption":"Iguana Smoke"},"image":{"@id":"https:\/\/iguanasmoke.com\/#\/schema\/logo\/image\/"},"sameAs":["https:\/\/www.facebook.com\/iguanasmoke","https:\/\/www.instagram.com\/iguanasmoke\/"]}]},"product_brand":"simple","product_price_amount":"15.90","product_price_currency":"EUR","og_availability":"instock","product_availability":"instock","product_retailer_item_id":"IS-OPVAPMELON-900","product_condition":"new"},"_links":{"self":[{"href":"https:\/\/iguanasmoke.com\/pt\/wp-json\/wp\/v2\/product\/22842","targetHints":{"allow":["GET"]}}],"collection":[{"href":"https:\/\/iguanasmoke.com\/pt\/wp-json\/wp\/v2\/product"}],"about":[{"href":"https:\/\/iguanasmoke.com\/pt\/wp-json\/wp\/v2\/types\/product"}],"replies":[{"embeddable":true,"href":"https:\/\/iguanasmoke.com\/pt\/wp-json\/wp\/v2\/comments?post=22842"}],"wp:featuredmedia":[{"embeddable":true,"href":"https:\/\/iguanasmoke.com\/pt\/wp-json\/wp\/v2\/media\/34527"}],"wp:attachment":[{"href":"https:\/\/iguanasmoke.com\/pt\/wp-json\/wp\/v2\/media?parent=22842"}],"wp:term":[{"taxonomy":"product_brand","embeddable":true,"href":"https:\/\/iguanasmoke.com\/pt\/wp-json\/wp\/v2\/product_brand?post=22842"},{"taxonomy":"product_cat","embeddable":true,"href":"https:\/\/iguanasmoke.com\/pt\/wp-json\/wp\/v2\/product_cat?post=22842"},{"taxonomy":"product_tag","embeddable":true,"href":"https:\/\/iguanasmoke.com\/pt\/wp-json\/wp\/v2\/product_tag?post=22842"}],"curies":[{"name":"wp","href":"https:\/\/api.w.org\/{rel}","templated":true}]}}