{"id":22922,"date":"2023-11-16T08:48:14","date_gmt":"2023-11-16T07:48:14","guid":{"rendered":"https:\/\/iguanasmoke.com\/?post_type=product&#038;p=22922"},"modified":"2026-02-13T15:33:03","modified_gmt":"2026-02-13T14:33:03","slug":"lanyard-mario-iguana-no-japao","status":"publish","type":"product","link":"https:\/\/iguanasmoke.com\/pt\/producto\/lanyard-mario-iguana-in-japan\/","title":{"rendered":"Lanyard Mario Iguana no Jap\u00e3o"},"content":{"rendered":"<h1><span style=\"font-weight: 400;\">Lanyard Mario Iguana no Jap\u00e3o<\/span><\/h1>\n<p data-start=\"106\" data-end=\"376\">D\u00ea um toque de estilo \u00fanico aos seus pertences com a <strong data-start=\"163\" data-end=\"196\">Lanyard Mario Iguana no Jap\u00e3o<\/strong>, um acess\u00f3rio concebido para quem se preocupa com todos os pormenores. Inspirado na cole\u00e7\u00e3o Iguana in Japan, combina um design exclusivo com a funcionalidade de que necessita no seu dia a dia.<\/p>\n<p data-start=\"378\" data-end=\"649\">Fabricada com materiais resistentes e de alta qualidade, oferece durabilidade sem comprometer o conforto. O seu acabamento leve e suave permite-lhe transport\u00e1-la durante horas com conforto, quer seja para as suas chaves, cart\u00f5es de identifica\u00e7\u00e3o, cart\u00f5es de identifica\u00e7\u00e3o ou pequenos objectos essenciais.<\/p>\n<p data-start=\"651\" data-end=\"919\" data-is-last-node=\"\" data-is-only-node=\"\">Mais do que um simples cord\u00e3o, \u00e9 uma pe\u00e7a que reflecte atitude, criatividade e a identidade urbana da Iguana Smoke. Perfeito para festivais, eventos, trabalho ou uso quotidiano, o <strong data-start=\"823\" data-end=\"856\">Lanyard Mario Iguana no Jap\u00e3o<\/strong> transforma um b\u00e1sico num acess\u00f3rio com personalidade pr\u00f3pria.<\/p>\n<p>&nbsp;<\/p>","protected":false},"excerpt":{"rendered":"<p>Acess\u00f3rios Iguana Smoke<\/p>\n<ul>\n<li>Desenho exclusivo Mario Iguana no Jap\u00e3o<\/li>\n<li>Cord\u00e3o de poli\u00e9ster<\/li>\n<li>Destac\u00e1vel em 2 partes<\/li>\n<li>Gancho met\u00e1lico<\/li>\n<\/ul>","protected":false},"featured_media":22941,"comment_status":"open","ping_status":"closed","template":"","meta":{"_acf_changed":false,"site-sidebar-layout":"default","site-content-layout":"","ast-site-content-layout":"default","site-content-style":"default","site-sidebar-style":"default","ast-global-header-display":"","ast-banner-title-visibility":"","ast-main-header-display":"","ast-hfb-above-header-display":"","ast-hfb-below-header-display":"","ast-hfb-mobile-header-display":"","site-post-title":"","ast-breadcrumbs-content":"","ast-featured-img":"","footer-sml-layout":"","theme-transparent-header-meta":"default","adv-header-id-meta":"","stick-header-meta":"","header-above-stick-meta":"","header-main-stick-meta":"","header-below-stick-meta":"","astra-migrate-meta-layouts":"set","ast-page-background-enabled":"default","ast-page-background-meta":{"desktop":{"background-color":"var(--ast-global-color-4)","background-image":"","background-repeat":"repeat","background-position":"center center","background-size":"auto","background-attachment":"scroll","background-type":"","background-media":"","overlay-type":"","overlay-color":"","overlay-opacity":"","overlay-gradient":""},"tablet":{"background-color":"","background-image":"","background-repeat":"repeat","background-position":"center center","background-size":"auto","background-attachment":"scroll","background-type":"","background-media":"","overlay-type":"","overlay-color":"","overlay-opacity":"","overlay-gradient":""},"mobile":{"background-color":"","background-image":"","background-repeat":"repeat","background-position":"center center","background-size":"auto","background-attachment":"scroll","background-type":"","background-media":"","overlay-type":"","overlay-color":"","overlay-opacity":"","overlay-gradient":""}},"ast-content-background-meta":{"desktop":{"background-color":"var(--ast-global-color-5)","background-image":"","background-repeat":"repeat","background-position":"center center","background-size":"auto","background-attachment":"scroll","background-type":"","background-media":"","overlay-type":"","overlay-color":"","overlay-opacity":"","overlay-gradient":""},"tablet":{"background-color":"var(--ast-global-color-5)","background-image":"","background-repeat":"repeat","background-position":"center center","background-size":"auto","background-attachment":"scroll","background-type":"","background-media":"","overlay-type":"","overlay-color":"","overlay-opacity":"","overlay-gradient":""},"mobile":{"background-color":"var(--ast-global-color-5)","background-image":"","background-repeat":"repeat","background-position":"center center","background-size":"auto","background-attachment":"scroll","background-type":"","background-media":"","overlay-type":"","overlay-color":"","overlay-opacity":"","overlay-gradient":""}}},"product_brand":[],"product_cat":[438,436],"product_tag":[],"class_list":{"0":"post-22922","1":"product","2":"type-product","3":"status-publish","4":"has-post-thumbnail","6":"product_cat-lanyards","7":"product_cat-merchandise-de-iguana-smoke","8":"desktop-align-center","9":"tablet-align-center","10":"mobile-align-center","12":"first","13":"outofstock","14":"taxable","15":"shipping-taxable","16":"purchasable","17":"product-type-simple"},"acf":[],"yoast_head":"<!-- This site is optimized with the Yoast SEO Premium plugin v27.3 (Yoast SEO v27.3) - https:\/\/yoast.com\/product\/yoast-seo-premium-wordpress\/ -->\n<title>Lanyard Mario Iguana in Japan | Iguana Smoke<\/title>\n<meta name=\"description\" content=\"Dale un toque exclusivo a tus pertenencias con el Lanyard Mario Iguana in Japan. \u00a1Experiencia de durabilidad y comodidad a un clic!\" \/>\n<meta name=\"robots\" content=\"index, follow, max-snippet:-1, max-image-preview:large, max-video-preview:-1\" \/>\n<link rel=\"canonical\" href=\"https:\/\/iguanasmoke.com\/pt\/produto\/lanyard-mario-iguana-no-japao\/\" \/>\n<meta property=\"og:locale\" content=\"pt_PT\" \/>\n<meta property=\"og:type\" content=\"article\" \/>\n<meta property=\"og:title\" content=\"Lanyard Mario Iguana in Japan\" \/>\n<meta property=\"og:description\" content=\"Accesorios Iguana Smoke   Dise\u00f1o exclusivo Mario Iguana in Japan  Lanyard de Polyester  Desmontable en 2 partes  Gancho de metal\" \/>\n<meta property=\"og:url\" content=\"https:\/\/iguanasmoke.com\/pt\/produto\/lanyard-mario-iguana-no-japao\/\" \/>\n<meta property=\"og:site_name\" content=\"Iguana Smoke\" \/>\n<meta property=\"article:publisher\" content=\"https:\/\/www.facebook.com\/iguanasmoke\" \/>\n<meta property=\"article:modified_time\" content=\"2026-02-13T14:33:03+00:00\" \/>\n<meta property=\"og:image\" content=\"https:\/\/iguanasmoke.com\/wp-content\/uploads\/2023\/11\/Correa-Iguana-Japonesa-webp.webp\" \/>\n\t<meta property=\"og:image:width\" content=\"500\" \/>\n\t<meta property=\"og:image:height\" content=\"500\" \/>\n\t<meta property=\"og:image:type\" content=\"image\/webp\" \/>\n<meta name=\"twitter:card\" content=\"summary_large_image\" \/>\n<meta name=\"twitter:label1\" content=\"pre\u00e7o\" \/>\n\t<meta name=\"twitter:data1\" content=\"6,00&nbsp;&euro;\" \/>\n\t<meta name=\"twitter:label2\" content=\"Disponibilidade\" \/>\n\t<meta name=\"twitter:data2\" content=\"Esgotado\" \/>\n<meta property=\"product:brand\" content=\"simple\" \/>\n<meta property=\"product:price:amount\" content=\"6.00\" \/>\n<meta property=\"product:price:currency\" content=\"EUR\" \/>\n<meta property=\"og:availability\" content=\"out of stock\" \/>\n<meta property=\"product:availability\" content=\"out of stock\" \/>\n<meta property=\"product:retailer_item_id\" content=\"IS-LAN-JPN\" \/>\n<meta property=\"product:condition\" content=\"new\" \/>\n<!-- \/ Yoast SEO Premium plugin. -->","yoast_head_json":{"title":"Lanyard Mario Iguana no Jap\u00e3o | Iguana Smoke","description":"D\u00ea um toque exclusivo aos seus pertences com o cord\u00e3o de pesco\u00e7o Mario Iguana in Japan, uma experi\u00eancia de durabilidade e comodidade \u00e0 dist\u00e2ncia de um clique!","robots":{"index":"index","follow":"follow","max-snippet":"max-snippet:-1","max-image-preview":"max-image-preview:large","max-video-preview":"max-video-preview:-1"},"canonical":"https:\/\/iguanasmoke.com\/pt\/produto\/lanyard-mario-iguana-no-japao\/","og_locale":"pt_PT","og_type":"article","og_title":"Lanyard Mario Iguana in Japan","og_description":"Accesorios Iguana Smoke   Dise\u00f1o exclusivo Mario Iguana in Japan  Lanyard de Polyester  Desmontable en 2 partes  Gancho de metal","og_url":"https:\/\/iguanasmoke.com\/pt\/produto\/lanyard-mario-iguana-no-japao\/","og_site_name":"Iguana Smoke","article_publisher":"https:\/\/www.facebook.com\/iguanasmoke","article_modified_time":"2026-02-13T14:33:03+00:00","og_image":[{"width":500,"height":500,"url":"https:\/\/iguanasmoke.com\/wp-content\/uploads\/2023\/11\/Correa-Iguana-Japonesa-webp.webp","type":"image\/webp"}],"twitter_card":"summary_large_image","twitter_misc":{"pre\u00e7o":"6,00&nbsp;&euro;","Disponibilidade":"Esgotado"},"schema":{"@context":"https:\/\/schema.org","@graph":[{"@type":"WebPage","@id":"https:\/\/iguanasmoke.com\/producto\/lanyard-mario-iguana-in-japan\/","url":"https:\/\/iguanasmoke.com\/producto\/lanyard-mario-iguana-in-japan\/","name":"Lanyard Mario Iguana no Jap\u00e3o | Iguana Smoke","isPartOf":{"@id":"https:\/\/iguanasmoke.com\/#website"},"primaryImageOfPage":{"@id":"https:\/\/iguanasmoke.com\/producto\/lanyard-mario-iguana-in-japan\/#primaryimage"},"image":{"@id":"https:\/\/iguanasmoke.com\/producto\/lanyard-mario-iguana-in-japan\/#primaryimage"},"thumbnailUrl":"https:\/\/iguanasmoke.com\/wp-content\/uploads\/2023\/11\/Correa-Iguana-Japonesa-webp.webp","datePublished":"2023-11-16T07:48:14+00:00","dateModified":"2026-02-13T14:33:03+00:00","description":"D\u00ea um toque exclusivo aos seus pertences com o cord\u00e3o de pesco\u00e7o Mario Iguana in Japan, uma experi\u00eancia de durabilidade e comodidade \u00e0 dist\u00e2ncia de um clique!","breadcrumb":{"@id":"https:\/\/iguanasmoke.com\/producto\/lanyard-mario-iguana-in-japan\/#breadcrumb"},"inLanguage":"pt-PT","potentialAction":[{"@type":"ReadAction","target":["https:\/\/iguanasmoke.com\/producto\/lanyard-mario-iguana-in-japan\/"]}]},{"@type":"ImageObject","inLanguage":"pt-PT","@id":"https:\/\/iguanasmoke.com\/producto\/lanyard-mario-iguana-in-japan\/#primaryimage","url":"https:\/\/iguanasmoke.com\/wp-content\/uploads\/2023\/11\/Correa-Iguana-Japonesa-webp.webp","contentUrl":"https:\/\/iguanasmoke.com\/wp-content\/uploads\/2023\/11\/Correa-Iguana-Japonesa-webp.webp","width":500,"height":500,"caption":"lanyard dise\u00f1os iguana"},{"@type":"BreadcrumbList","@id":"https:\/\/iguanasmoke.com\/producto\/lanyard-mario-iguana-in-japan\/#breadcrumb","itemListElement":[{"@type":"ListItem","position":1,"name":"home","item":"https:\/\/iguanasmoke.com\/"},{"@type":"ListItem","position":2,"name":"Tienda","item":"https:\/\/iguanasmoke.com\/tienda\/"},{"@type":"ListItem","position":3,"name":"Ropa y Accesorios","item":"https:\/\/iguanasmoke.com\/categoria\/ropa-y-accesorios\/"},{"@type":"ListItem","position":4,"name":"Lanyards","item":"https:\/\/iguanasmoke.com\/categoria\/ropa-y-accesorios\/lanyards\/"},{"@type":"ListItem","position":5,"name":"Lanyard Mario Iguana in Japan"}]},{"@type":"WebSite","@id":"https:\/\/iguanasmoke.com\/#website","url":"https:\/\/iguanasmoke.com\/","name":"Fumo de Iguana","description":"Comprar CBD online ao melhor pre\u00e7o","publisher":{"@id":"https:\/\/iguanasmoke.com\/#organization"},"potentialAction":[{"@type":"SearchAction","target":{"@type":"EntryPoint","urlTemplate":"https:\/\/iguanasmoke.com\/?s={search_term_string}"},"query-input":{"@type":"PropertyValueSpecification","valueRequired":true,"valueName":"search_term_string"}}],"inLanguage":"pt-PT"},{"@type":"Organization","@id":"https:\/\/iguanasmoke.com\/#organization","name":"Fumo de Iguana","url":"https:\/\/iguanasmoke.com\/","logo":{"@type":"ImageObject","inLanguage":"pt-PT","@id":"https:\/\/iguanasmoke.com\/#\/schema\/logo\/image\/","url":"https:\/\/iguanasmoke.com\/wp-content\/uploads\/2025\/01\/logoiguana-favi-1.png","contentUrl":"https:\/\/iguanasmoke.com\/wp-content\/uploads\/2025\/01\/logoiguana-favi-1.png","width":512,"height":512,"caption":"Iguana Smoke"},"image":{"@id":"https:\/\/iguanasmoke.com\/#\/schema\/logo\/image\/"},"sameAs":["https:\/\/www.facebook.com\/iguanasmoke","https:\/\/www.instagram.com\/iguanasmoke\/"]}]},"product_brand":"simple","product_price_amount":"6.00","product_price_currency":"EUR","og_availability":"out of stock","product_availability":"out of stock","product_retailer_item_id":"IS-LAN-JPN","product_condition":"new"},"_links":{"self":[{"href":"https:\/\/iguanasmoke.com\/pt\/wp-json\/wp\/v2\/product\/22922","targetHints":{"allow":["GET"]}}],"collection":[{"href":"https:\/\/iguanasmoke.com\/pt\/wp-json\/wp\/v2\/product"}],"about":[{"href":"https:\/\/iguanasmoke.com\/pt\/wp-json\/wp\/v2\/types\/product"}],"replies":[{"embeddable":true,"href":"https:\/\/iguanasmoke.com\/pt\/wp-json\/wp\/v2\/comments?post=22922"}],"wp:featuredmedia":[{"embeddable":true,"href":"https:\/\/iguanasmoke.com\/pt\/wp-json\/wp\/v2\/media\/22941"}],"wp:attachment":[{"href":"https:\/\/iguanasmoke.com\/pt\/wp-json\/wp\/v2\/media?parent=22922"}],"wp:term":[{"taxonomy":"product_brand","embeddable":true,"href":"https:\/\/iguanasmoke.com\/pt\/wp-json\/wp\/v2\/product_brand?post=22922"},{"taxonomy":"product_cat","embeddable":true,"href":"https:\/\/iguanasmoke.com\/pt\/wp-json\/wp\/v2\/product_cat?post=22922"},{"taxonomy":"product_tag","embeddable":true,"href":"https:\/\/iguanasmoke.com\/pt\/wp-json\/wp\/v2\/product_tag?post=22922"}],"curies":[{"name":"wp","href":"https:\/\/api.w.org\/{rel}","templated":true}]}}