{"id":26261,"date":"2023-12-15T18:55:45","date_gmt":"2023-12-15T17:55:45","guid":{"rendered":"https:\/\/iguanasmoke.com\/?post_type=product&#038;p=26261"},"modified":"2026-03-15T18:53:24","modified_gmt":"2026-03-15T17:53:24","slug":"iguana-power-cartridge-cbd-full-spectrum-kit","status":"publish","type":"product","link":"https:\/\/iguanasmoke.com\/pt\/producto\/kit-iguana-power-cartucho-cbd-full-spectrum\/","title":{"rendered":"Kit Iguana Power + Cartucho CBD de espetro total 70%"},"content":{"rendered":"<h1 data-start=\"1609\" data-end=\"1642\"><span style=\"font-weight: 400;\">Iguana Power + Kit de cartucho CBD de espetro total<\/span><\/h1>\n<p>Este kit completo Iguana Power + Full Spectrum CBD Cartridge 1ml oferece-lhe a combina\u00e7\u00e3o perfeita de pot\u00eancia e uma vasta gama de canabin\u00f3ides. Para come\u00e7ar, funde a vers\u00e1til <a href=\"https:\/\/iguanasmoke.com\/pt\/produto\/bateria-iguana-power-510-para-cartuchos-de-1-ml\/\">Bateria 510 Slim<\/a> com os cartuchos Full Spectrum 70% 1ml CBD para uma experi\u00eancia de vapor de alta qualidade.<\/p>\n<p>&nbsp;<\/p>\n<h2><strong>Carater\u00edsticas:<\/strong><\/h2>\n<ul>\n<li><span style=\"font-weight: 400;\"><strong>Compatibilidade universal:<\/strong> A Bateria 510 Iguana Power 510 funciona com todos os cartuchos e atomizadores do mercado, incluindo o cartucho CBD Full Spectrum de 1 ml.<\/span><\/li>\n<li><span style=\"font-weight: 400;\"><strong>Design compacto e robusto:<\/strong> O seu tamanho torna-o ideal para uma utiliza\u00e7\u00e3o quotidiana e foi constru\u00eddo para durar. <\/span><\/li>\n<li><span style=\"font-weight: 400;\"><strong>Sabores diferentes.<\/strong>\u00a0<\/span><\/li>\n<li>Cartuchos de CBD de espetro total de alta qualidade: <span style=\"font-weight: 400;\"><span style=\"font-weight: 400;\">Mergulhe na riqueza dos canabin\u00f3ides que captam toda a gama de compostos naturais da can\u00e1bis. <\/span><\/span><span style=\"font-weight: 400;\">\u00c9 isso mesmo, o nosso <strong>Cartucho de CBD<\/strong> \u00e9 feito com <strong>Extrato de c\u00e2nhamo org\u00e2nico de espetro total<\/strong>, preservando todos os canabin\u00f3ides e terpenos da planta. <\/span><\/li>\n<li><span style=\"font-weight: 400;\">Cont\u00e9m <strong>700mg de CBD<\/strong> (70% de concentra\u00e7\u00e3o) e fornece-lhe <strong>300<\/strong><strong>\u00a0sopros<\/strong>. <\/span><span style=\"font-weight: 400;\">Desfrutar de um <strong>al\u00edvio r\u00e1pido e duradouro<\/strong>, ideal para o acompanhar em momentos de stress, ansiedade ou repouso.\u00a0<\/span><\/li>\n<li><span style=\"font-weight: 400;\"><strong>Kit completo e pronto a utilizar:<\/strong> inclui 1 bateria Iguana Power Slim + 1 cartucho CBD Full Spectrum de 1 ml no sabor \u00e0 sua escolha. Desfrute da comodidade de um kit tudo-em-um que lhe permite relaxar ao m\u00e1ximo.<\/span><\/li>\n<li>Modo de utiliza\u00e7\u00e3o da bateria:\n<ul>\n<li>Bot\u00e3o de ativa\u00e7\u00e3o com v\u00e1rias fun\u00e7\u00f5es: <span style=\"font-weight: 400;\">o bot\u00e3o de alimenta\u00e7\u00e3o tem 3 utiliza\u00e7\u00f5es diferentes: <strong>premir 5 vezes<\/strong> para <strong>lig\u00e1-lo<\/strong>; <strong>3 vezes<\/strong> alterar o <strong>tens\u00e3o<\/strong> y <strong>2 vezes<\/strong> para <strong>pr\u00e9-aquecer<\/strong>.\u00a0<\/span><\/li>\n<li>Bot\u00e3o regul\u00e1vel para personalizar o vapor: <span style=\"font-weight: 400;\">pode ajustar a pot\u00eancia a seu gosto para desfrutar de grandes nuvens e sabores intensos com apenas alguns cliques.\u00a0<\/span><\/li>\n<\/ul>\n<\/li>\n<\/ul>\n<p>&nbsp;<\/p>\n<h2><strong>O que \u00e9 um cartucho descart\u00e1vel?<\/strong><\/h2>\n<p><span style=\"font-weight: 400;\">A <strong>cartucho descart\u00e1vel<\/strong>, tamb\u00e9m conhecido como c\u00e1psula ou \u201ccarrinho\u201d, \u00e9 um pequeno cilindro com uma <strong>Liga\u00e7\u00e3o 510, 1ml ou 2ml<\/strong> que vem pr\u00e9-cheio com l\u00edquido vape. A grande diferen\u00e7a em rela\u00e7\u00e3o a outros tipos de cartuchos \u00e9 o facto de n\u00e3o necessitarem de ser recarregados ou reabastecidos: <strong>quando se esgota, \u00e9 simplesmente descartado<\/strong>.<\/span><\/p>\n<p>&nbsp;<\/p>\n<h2>Sabores requintados no Iguana Power + Full Spectrum CBD Cartridge Kit:<\/h2>\n<p><span style=\"font-weight: 400;\">Para uma experi\u00eancia vape premium, oferecemos uma variedade de sabores cuidadosamente selecionados:<\/span><\/p>\n<ul>\n<li>Perfis aut\u00eanticos de can\u00e1bis: Amnesia (terroso e picante), Gelato (suave, doce e herb\u00e1ceo) e Gorilla Glue (robusto, com pinho e terroso).<\/li>\n<li>Op\u00e7\u00f5es frutadas e refrescantes: Manga (ex\u00f3tica), Lemon Haze (refrescante e c\u00edtrica), Red Berries (bagas vermelhas doces) e Morango (suave e natural).<\/li>\n<\/ul>\n<p>&nbsp;<\/p>\n<h3><b>Iguana Smoke \u00e9 a sua loja online de confian\u00e7a de CBD<\/b><\/h3>\n<p><span style=\"font-weight: 400;\">Na Iguana Smoke, acreditamos que desfrutar do CBD deve ser uma experi\u00eancia segura e prazerosa. \u00c9 por isso que temos produtos de alta qualidade que se ligam \u00e0s novas gera\u00e7\u00f5es: pessoas que procuram um bem-estar descomplicado, com marcas aut\u00eanticas e fi\u00e1veis.\u00a0<\/span><\/p>\n<p>A nossa miss\u00e3o \u00e9 clara: levar at\u00e9 si o melhor do mundo dos canabin\u00f3ides a um pre\u00e7o justo, com a tranquilidade de saber que est\u00e1 a escolher um produto certificado, eficaz e 100% legal.<\/p>\n<p>Ainda tem d\u00favidas? Escreva-nos e teremos todo o gosto em ajud\u00e1-lo a encontrar o produto certo para si, como o nosso famoso Iguana Power + Full Spectrum CBD Cartridge 1ml Kit.<\/p>\n<p>&nbsp;<\/p>\n<p><em><span style=\"font-weight: 400;\">*Lembrem-se: o vosso <strong>utiliza\u00e7\u00e3o para fins de recolha ou de aromaterapia<\/strong> de acordo com a legisla\u00e7\u00e3o espanhola.<\/span><\/em><\/p>\n<p><em><span style=\"font-weight: 400;\">**Todos os nossos produtos s\u00e3o derivados de c\u00e2nhamo industrial certificado. Cont\u00eam menos de 0,3 THC e n\u00e3o cont\u00eam canabin\u00f3ides ilegais como HHC, HHC-P, THCP, THCP-O, H4CBD e os inclu\u00eddos no Anexo I do Decreto Real 2829\/1977, nem subst\u00e2ncias controladas por conven\u00e7\u00f5es internacionais.\u00a0\u00a0<\/span><\/em><\/p>","protected":false},"excerpt":{"rendered":"<ul>\n<li>Bateria fina: 320 <em>MaH<\/em> para cartuchos de 1 ml<\/li>\n<li>CBD Full Spectrum 70% Cartucho CBD de 1 ml inclu\u00eddo (300 baforadas)<\/li>\n<li>Tens\u00e3o: 2,7v - 3,1v - 3,6v<\/li>\n<li>Fun\u00e7\u00e3o de aquecimento de 15 segundos<\/li>\n<li>Liga\u00e7\u00e3o: USB-C<\/li>\n<\/ul>","protected":false},"featured_media":61442,"comment_status":"open","ping_status":"closed","template":"","meta":{"_acf_changed":false,"site-sidebar-layout":"default","site-content-layout":"default","ast-site-content-layout":"default","site-content-style":"default","site-sidebar-style":"default","ast-global-header-display":"","ast-banner-title-visibility":"","ast-main-header-display":"","ast-hfb-above-header-display":"","ast-hfb-below-header-display":"","ast-hfb-mobile-header-display":"","site-post-title":"","ast-breadcrumbs-content":"","ast-featured-img":"","footer-sml-layout":"","theme-transparent-header-meta":"default","adv-header-id-meta":"","stick-header-meta":"","header-above-stick-meta":"","header-main-stick-meta":"","header-below-stick-meta":"","astra-migrate-meta-layouts":"set","ast-page-background-enabled":"default","ast-page-background-meta":{"desktop":{"background-color":"var(--ast-global-color-4)","background-image":"","background-repeat":"repeat","background-position":"center center","background-size":"auto","background-attachment":"scroll","background-type":"","background-media":"","overlay-type":"","overlay-color":"","overlay-opacity":"","overlay-gradient":""},"tablet":{"background-color":"","background-image":"","background-repeat":"repeat","background-position":"center center","background-size":"auto","background-attachment":"scroll","background-type":"","background-media":"","overlay-type":"","overlay-color":"","overlay-opacity":"","overlay-gradient":""},"mobile":{"background-color":"","background-image":"","background-repeat":"repeat","background-position":"center center","background-size":"auto","background-attachment":"scroll","background-type":"","background-media":"","overlay-type":"","overlay-color":"","overlay-opacity":"","overlay-gradient":""}},"ast-content-background-meta":{"desktop":{"background-color":"var(--ast-global-color-5)","background-image":"","background-repeat":"repeat","background-position":"center center","background-size":"auto","background-attachment":"scroll","background-type":"","background-media":"","overlay-type":"","overlay-color":"","overlay-opacity":"","overlay-gradient":""},"tablet":{"background-color":"var(--ast-global-color-5)","background-image":"","background-repeat":"repeat","background-position":"center center","background-size":"auto","background-attachment":"scroll","background-type":"","background-media":"","overlay-type":"","overlay-color":"","overlay-opacity":"","overlay-gradient":""},"mobile":{"background-color":"var(--ast-global-color-5)","background-image":"","background-repeat":"repeat","background-position":"center center","background-size":"auto","background-attachment":"scroll","background-type":"","background-media":"","overlay-type":"","overlay-color":"","overlay-opacity":"","overlay-gradient":""}}},"product_brand":[],"product_cat":[984,419,981,418],"product_tag":[],"class_list":{"0":"post-26261","1":"product","2":"type-product","3":"status-publish","4":"has-post-thumbnail","6":"product_cat-baterias-y-kits-de-vapeo","7":"product_cat-cartuchos-cbd","8":"product_cat-cbd-full-spectrum","9":"product_cat-vaper-cbd","10":"desktop-align-center","11":"tablet-align-center","12":"mobile-align-center","14":"first","15":"instock","16":"taxable","17":"shipping-taxable","18":"purchasable","19":"product-type-composite"},"acf":[],"yoast_head":"<!-- This site is optimized with the Yoast SEO Premium plugin v27.3 (Yoast SEO v27.3) - https:\/\/yoast.com\/product\/yoast-seo-premium-wordpress\/ -->\n<title>Kit Iguana Power + Cartucho CBD Full | Iguana Smoke<\/title>\n<meta name=\"description\" content=\"Optimiza tu experiencia de vapeo con el Kit Iguana Power + Cartucho CBD Full Spectrum 70%. Perfecto para los amantes del cannabis. \u00a1Pru\u00e9balo ahora!\" \/>\n<meta name=\"robots\" content=\"index, follow, max-snippet:-1, max-image-preview:large, max-video-preview:-1\" \/>\n<link rel=\"canonical\" href=\"https:\/\/iguanasmoke.com\/pt\/produto\/iguana-power-cartridge-cbd-full-spectrum-kit\/\" \/>\n<meta property=\"og:locale\" content=\"pt_PT\" \/>\n<meta property=\"og:type\" content=\"article\" \/>\n<meta property=\"og:title\" content=\"Kit Iguana Power + Cartucho de CBD Full Spectrum 70%\" \/>\n<meta property=\"og:description\" content=\"Bateria Slim: 320 MaH para cartuchos de 1ml  Cartucho de CBD Full Spectrum 70% de 1ml incluido (300 caladas)  Voltaje: 2,7v - 3,1v - 3,6v  Funci\u00f3n precalentamiento de 15 segundos  Conexi\u00f3n: USB-C\" \/>\n<meta property=\"og:url\" content=\"https:\/\/iguanasmoke.com\/pt\/produto\/iguana-power-cartridge-cbd-full-spectrum-kit\/\" \/>\n<meta property=\"og:site_name\" content=\"Iguana Smoke\" \/>\n<meta property=\"article:publisher\" content=\"https:\/\/www.facebook.com\/iguanasmoke\" \/>\n<meta property=\"article:modified_time\" content=\"2026-03-15T17:53:24+00:00\" \/>\n<meta property=\"og:image\" content=\"https:\/\/iguanasmoke.com\/wp-content\/uploads\/2023\/12\/Bateria-slim-Cartucho-CBD-1ml.webp\" \/>\n\t<meta property=\"og:image:width\" content=\"1000\" \/>\n\t<meta property=\"og:image:height\" content=\"1000\" \/>\n\t<meta property=\"og:image:type\" content=\"image\/webp\" \/>\n<meta name=\"twitter:card\" content=\"summary_large_image\" \/>\n<meta name=\"twitter:label1\" content=\"pre\u00e7o\" \/>\n\t<meta name=\"twitter:data1\" content=\"21,90&nbsp;&euro;\" \/>\n\t<meta name=\"twitter:label2\" content=\"Disponibilidade\" \/>\n\t<meta name=\"twitter:data2\" content=\"Em stock\" \/>\n<meta property=\"product:brand\" content=\"composite\" \/>\n<meta property=\"product:price:amount\" content=\"21.90\" \/>\n<meta property=\"product:price:currency\" content=\"EUR\" \/>\n<meta property=\"og:availability\" content=\"instock\" \/>\n<meta property=\"product:availability\" content=\"instock\" \/>\n<meta property=\"product:retailer_item_id\" content=\"IS-BAT510-PENKITFS\" \/>\n<meta property=\"product:condition\" content=\"new\" \/>\n<!-- \/ Yoast SEO Premium plugin. -->","yoast_head_json":{"title":"Kit Iguana Power + CBD Cartucho Completo | Iguana Smoke","description":"Optimize a sua experi\u00eancia de vaporiza\u00e7\u00e3o com o Kit de Cartucho CBD Iguana Power + Full Spectrum 70%. Perfeito para os amantes da can\u00e1bis, experimente-o agora!","robots":{"index":"index","follow":"follow","max-snippet":"max-snippet:-1","max-image-preview":"max-image-preview:large","max-video-preview":"max-video-preview:-1"},"canonical":"https:\/\/iguanasmoke.com\/pt\/produto\/iguana-power-cartridge-cbd-full-spectrum-kit\/","og_locale":"pt_PT","og_type":"article","og_title":"Kit Iguana Power + Cartucho de CBD Full Spectrum 70%","og_description":"Bateria Slim: 320 MaH para cartuchos de 1ml  Cartucho de CBD Full Spectrum 70% de 1ml incluido (300 caladas)  Voltaje: 2,7v - 3,1v - 3,6v  Funci\u00f3n precalentamiento de 15 segundos  Conexi\u00f3n: USB-C","og_url":"https:\/\/iguanasmoke.com\/pt\/produto\/iguana-power-cartridge-cbd-full-spectrum-kit\/","og_site_name":"Iguana Smoke","article_publisher":"https:\/\/www.facebook.com\/iguanasmoke","article_modified_time":"2026-03-15T17:53:24+00:00","og_image":[{"width":1000,"height":1000,"url":"https:\/\/iguanasmoke.com\/wp-content\/uploads\/2023\/12\/Bateria-slim-Cartucho-CBD-1ml.webp","type":"image\/webp"}],"twitter_card":"summary_large_image","twitter_misc":{"pre\u00e7o":"21,90&nbsp;&euro;","Disponibilidade":"Em stock"},"schema":{"@context":"https:\/\/schema.org","@graph":[{"@type":"WebPage","@id":"https:\/\/iguanasmoke.com\/producto\/kit-iguana-power-cartucho-cbd-full-spectrum\/","url":"https:\/\/iguanasmoke.com\/producto\/kit-iguana-power-cartucho-cbd-full-spectrum\/","name":"Kit Iguana Power + CBD Cartucho Completo | Iguana Smoke","isPartOf":{"@id":"https:\/\/iguanasmoke.com\/#website"},"primaryImageOfPage":{"@id":"https:\/\/iguanasmoke.com\/producto\/kit-iguana-power-cartucho-cbd-full-spectrum\/#primaryimage"},"image":{"@id":"https:\/\/iguanasmoke.com\/producto\/kit-iguana-power-cartucho-cbd-full-spectrum\/#primaryimage"},"thumbnailUrl":"https:\/\/iguanasmoke.com\/wp-content\/uploads\/2023\/12\/Bateria-slim-Cartucho-CBD-1ml.webp","datePublished":"2023-12-15T17:55:45+00:00","dateModified":"2026-03-15T17:53:24+00:00","description":"Optimize a sua experi\u00eancia de vaporiza\u00e7\u00e3o com o Kit de Cartucho CBD Iguana Power + Full Spectrum 70%. Perfeito para os amantes da can\u00e1bis, experimente-o agora!","breadcrumb":{"@id":"https:\/\/iguanasmoke.com\/producto\/kit-iguana-power-cartucho-cbd-full-spectrum\/#breadcrumb"},"inLanguage":"pt-PT","potentialAction":[{"@type":"ReadAction","target":["https:\/\/iguanasmoke.com\/producto\/kit-iguana-power-cartucho-cbd-full-spectrum\/"]}]},{"@type":"ImageObject","inLanguage":"pt-PT","@id":"https:\/\/iguanasmoke.com\/producto\/kit-iguana-power-cartucho-cbd-full-spectrum\/#primaryimage","url":"https:\/\/iguanasmoke.com\/wp-content\/uploads\/2023\/12\/Bateria-slim-Cartucho-CBD-1ml.webp","contentUrl":"https:\/\/iguanasmoke.com\/wp-content\/uploads\/2023\/12\/Bateria-slim-Cartucho-CBD-1ml.webp","width":1000,"height":1000,"caption":"kit cartucho 1ml CBD Full + iguana power bateria slim"},{"@type":"BreadcrumbList","@id":"https:\/\/iguanasmoke.com\/producto\/kit-iguana-power-cartucho-cbd-full-spectrum\/#breadcrumb","itemListElement":[{"@type":"ListItem","position":1,"name":"home","item":"https:\/\/iguanasmoke.com\/"},{"@type":"ListItem","position":2,"name":"Tienda","item":"https:\/\/iguanasmoke.com\/tienda\/"},{"@type":"ListItem","position":3,"name":"Vaper CBD","item":"https:\/\/iguanasmoke.com\/categoria\/vaper-cbd\/"},{"@type":"ListItem","position":4,"name":"Cartuchos","item":"https:\/\/iguanasmoke.com\/categoria\/vaper-cbd\/cartuchos-cbd\/"},{"@type":"ListItem","position":5,"name":"Bater\u00edas y Kits de Vapeo","item":"https:\/\/iguanasmoke.com\/categoria\/vaper-cbd\/cartuchos-cbd\/baterias-y-kits-de-vapeo\/"},{"@type":"ListItem","position":6,"name":"Kit Iguana Power + Cartucho de CBD Full Spectrum 70%"}]},{"@type":"WebSite","@id":"https:\/\/iguanasmoke.com\/#website","url":"https:\/\/iguanasmoke.com\/","name":"Fumo de Iguana","description":"Comprar CBD online ao melhor pre\u00e7o","publisher":{"@id":"https:\/\/iguanasmoke.com\/#organization"},"potentialAction":[{"@type":"SearchAction","target":{"@type":"EntryPoint","urlTemplate":"https:\/\/iguanasmoke.com\/?s={search_term_string}"},"query-input":{"@type":"PropertyValueSpecification","valueRequired":true,"valueName":"search_term_string"}}],"inLanguage":"pt-PT"},{"@type":"Organization","@id":"https:\/\/iguanasmoke.com\/#organization","name":"Fumo de Iguana","url":"https:\/\/iguanasmoke.com\/","logo":{"@type":"ImageObject","inLanguage":"pt-PT","@id":"https:\/\/iguanasmoke.com\/#\/schema\/logo\/image\/","url":"https:\/\/iguanasmoke.com\/wp-content\/uploads\/2025\/01\/logoiguana-favi-1.png","contentUrl":"https:\/\/iguanasmoke.com\/wp-content\/uploads\/2025\/01\/logoiguana-favi-1.png","width":512,"height":512,"caption":"Iguana Smoke"},"image":{"@id":"https:\/\/iguanasmoke.com\/#\/schema\/logo\/image\/"},"sameAs":["https:\/\/www.facebook.com\/iguanasmoke","https:\/\/www.instagram.com\/iguanasmoke\/"]}]},"product_brand":"composite","product_price_amount":"21.90","product_price_currency":"EUR","og_availability":"instock","product_availability":"instock","product_retailer_item_id":"IS-BAT510-PENKITFS","product_condition":"new"},"_links":{"self":[{"href":"https:\/\/iguanasmoke.com\/pt\/wp-json\/wp\/v2\/product\/26261","targetHints":{"allow":["GET"]}}],"collection":[{"href":"https:\/\/iguanasmoke.com\/pt\/wp-json\/wp\/v2\/product"}],"about":[{"href":"https:\/\/iguanasmoke.com\/pt\/wp-json\/wp\/v2\/types\/product"}],"replies":[{"embeddable":true,"href":"https:\/\/iguanasmoke.com\/pt\/wp-json\/wp\/v2\/comments?post=26261"}],"wp:featuredmedia":[{"embeddable":true,"href":"https:\/\/iguanasmoke.com\/pt\/wp-json\/wp\/v2\/media\/61442"}],"wp:attachment":[{"href":"https:\/\/iguanasmoke.com\/pt\/wp-json\/wp\/v2\/media?parent=26261"}],"wp:term":[{"taxonomy":"product_brand","embeddable":true,"href":"https:\/\/iguanasmoke.com\/pt\/wp-json\/wp\/v2\/product_brand?post=26261"},{"taxonomy":"product_cat","embeddable":true,"href":"https:\/\/iguanasmoke.com\/pt\/wp-json\/wp\/v2\/product_cat?post=26261"},{"taxonomy":"product_tag","embeddable":true,"href":"https:\/\/iguanasmoke.com\/pt\/wp-json\/wp\/v2\/product_tag?post=26261"}],"curies":[{"name":"wp","href":"https:\/\/api.w.org\/{rel}","templated":true}]}}