{"id":26342,"date":"2023-12-17T01:09:08","date_gmt":"2023-12-17T00:09:08","guid":{"rendered":"https:\/\/iguanasmoke.com\/?post_type=product&#038;p=26342"},"modified":"2026-03-15T17:51:08","modified_gmt":"2026-03-15T16:51:08","slug":"caixa-iguana-personalizada-cbd-vapeo","status":"publish","type":"product","link":"https:\/\/iguanasmoke.com\/pt\/producto\/iguana-box-vapeo-cbd-personalizado\/","title":{"rendered":"Caixa Iguana Vape CBD personalizado"},"content":{"rendered":"<h1 data-start=\"1609\" data-end=\"1642\"><span style=\"font-weight: 400;\">Caixa Iguana Vape CBD personalizado:<i> o melhor do CBD<\/i><\/span><\/h1>\n<p><span style=\"font-weight: 400;\">Se gosta de CBD e de vapers, esta \u00e9 a sua melhor promo\u00e7\u00e3o! Aproveite a oportunidade com esta <strong>Caixa Iguana Vape CBD personalizado<\/strong> onde se pode experimentar CBD em diferentes concentra\u00e7\u00f5es: Full Spectrum, Broad Spectrum e Isolate.\u00a0<\/span><\/p>\n<p>&nbsp;<\/p>\n<h2 data-start=\"273\" data-end=\"578\"><strong>O que est\u00e1 inclu\u00eddo no Iguana Box Custom CBD Vapeo<\/strong><strong>? <\/strong><\/h2>\n<p data-start=\"273\" data-end=\"578\"><span style=\"font-weight: 400;\">Neste pacote, pode escolher entre<\/span><\/p>\n<p data-start=\"273\" data-end=\"578\"><span style=\"font-weight: 400;\">1 x Vaper CBD Full Spectrum no sabor da sua escolha (<strong><a href=\"https:\/\/iguanasmoke.com\/pt\/produto\/vape-cbd-full-spectrum-iguana-pod-lemon-haze\/\">Haze de lim\u00e3o<\/a>, <a href=\"https:\/\/iguanasmoke.com\/pt\/produto\/vape-cbd-full-spectrum-iguana-pod-amnesia\/\">Amn\u00e9sia<\/a>, <a href=\"https:\/\/iguanasmoke.com\/pt\/produto\/vape-cbd-full-spectrum-iguana-pod-gelato\/\">Gelado<\/a>, <a href=\"https:\/\/iguanasmoke.com\/pt\/produto\/cbd-vape-iguana-pod-mango\/\">Pega <\/a>o <a href=\"https:\/\/iguanasmoke.com\/pt\/produto\/vape-cbd-full-spectrum-capsula-de-iguana-cola-de-gorila\/\">Cola de Gorila<\/a><\/strong>)<\/span><\/p>\n<p data-start=\"273\" data-end=\"578\"><span style=\"font-weight: 400;\">1 x Vaper CBD - Iguana Pod Pocket Broad Spectrum no sabor da sua escolha (<a href=\"https:\/\/iguanasmoke.com\/pt\/produto\/capsula-de-cbd-descartavel-iguana-capsula-de-bolso-lemon-haze-largo-espetro-750mg\/\"><strong>Haze de lim\u00e3o<\/strong><\/a>, <a href=\"https:\/\/iguanasmoke.com\/pt\/produto\/capsula-cbd-descartavel-iguana-capsula-iguana-bolso-amnesia-largo-espetro-750mg\/\"><strong>Amn\u00e9sia<\/strong> <\/a>o <strong><a href=\"https:\/\/iguanasmoke.com\/pt\/produto\/vape-cbd-iguana-pod-pocket-ak-47-broad-spectrum-750mg\/\">AK-47<\/a><\/strong>)<\/span><\/p>\n<p data-start=\"273\" data-end=\"578\"><span style=\"font-weight: 400;\">1 x Vaper CBD - Iguana Pod Pocket Isolate no sabor da sua escolha (<a href=\"https:\/\/iguanasmoke.com\/pt\/produto\/vaper-cbd-iguana-pod-pocket-gelato-3ml\/\"><strong>Gelado<\/strong><\/a>, <a href=\"https:\/\/iguanasmoke.com\/pt\/produto\/capsula-descartavel-iguana-cbd-capsula-iguana-punho-de-bolso-3ml\/\"><strong>Pega<\/strong><\/a>, <a href=\"https:\/\/iguanasmoke.com\/pt\/produto\/capsula-de-cbd-descartavel-iguana-capsula-de-bolso-cola-de-gorila-3ml\/\"><strong>Cola de Gorila<\/strong><\/a>, <a href=\"https:\/\/iguanasmoke.com\/pt\/produto\/capsula-de-cbd-descartavel-iguana-pocket-berry-pod-ice-3ml\/\"><strong>Gelo de bagas<\/strong><\/a>, <a href=\"https:\/\/iguanasmoke.com\/pt\/produto\/capsula-de-cbd-descartavel-iguana-capsula-de-bolso-bagas-vermelhas-3ml\/\"><strong>Bagas vermelhas<\/strong><\/a>, <a href=\"https:\/\/iguanasmoke.com\/pt\/produto\/vaper-cbd-iguana-pod-pocket-watermelon-3ml\/\"><strong>Melancia<\/strong><\/a>, <a href=\"https:\/\/iguanasmoke.com\/pt\/produto\/vaper-cbd-iguana-pod-pocket-grape-3ml\/\"><strong>Uva<\/strong> <\/a>o <a href=\"https:\/\/iguanasmoke.com\/pt\/produto\/vaper-cbd-iguana-pod-pocket-melon-mint-3ml\/\"><strong>Mel\u00e3o Menta<\/strong><\/a>)<\/span><\/p>\n<p>&nbsp;<\/p>\n<h2><strong>O que \u00e9 um vaper de CBD descart\u00e1vel?<\/strong><\/h2>\n<p><span style=\"font-weight: 400;\">A <strong>vaper descart\u00e1vel de CBD<\/strong> \u00e9 um dispositivo do tipo \u201ccaneta\u201d ou \u201cPod Pocket\u201d que vem carregado com l\u00edquido CBD. A grande diferen\u00e7a em rela\u00e7\u00e3o a outros tipos de vapers \u00e9 que n\u00e3o precisa de ser recarregado ou reabastecido: <strong>quando se esgota, \u00e9 simplesmente descartado<\/strong>.\u00a0<\/span><\/p>\n<h3><\/h3>\n<p>&nbsp;<\/p>\n<h3><b>Iguana Smoke \u00e9 a sua loja online de CBD\u00a0<\/b><\/h3>\n<p><span style=\"font-weight: 400;\">Em<strong> Fumo de Iguana<\/strong>, Acreditamos que desfrutar do CBD deve ser uma experi\u00eancia segura. \u00c9 por isso que temos produtos como este <strong>Pacote 2 de degusta\u00e7\u00e3o de STV e 10-OH<\/strong>, A marca liga-se \u00e0s novas gera\u00e7\u00f5es: pessoas que procuram um bem-estar descomplicado, com marcas aut\u00eanticas e fi\u00e1veis.\u00a0<\/span><\/p>\n<p>A nossa miss\u00e3o \u00e9 clara: trazer-lhe o melhor do mundo dos canabin\u00f3ides a um pre\u00e7o justo. Al\u00e9m disso, damos-lhe a tranquilidade de saber que est\u00e1 a escolher um produto certificado, eficaz e 100% legal. O seu tempo de relaxamento come\u00e7a aqui connosco.<\/p>\n<p>Ainda tem d\u00favidas? Escreva-nos e teremos todo o gosto em ajud\u00e1-lo a encontrar o produto certo para si.<\/p>\n<p>&nbsp;<\/p>\n<h6>\u2139\ufe0f<strong> Informa\u00e7\u00e3o jur\u00eddica<\/strong><\/h6>\n<p><em><span style=\"font-weight: 400;\">*Produto destinado a cole\u00e7\u00e3o ou aromaterapia, de acordo com a legisla\u00e7\u00e3o espanhola em vigor. <\/span><\/em><\/p>\n<p><em><span style=\"font-weight: 400;\">**Derivado de c\u00e2nhamo industrial certificado. Cont\u00e9m menos de 0,3 THC e n\u00e3o cont\u00e9m canabin\u00f3ides ilegais como HHC, HHC-P, THCP, THCP-O, H4CBD ou subst\u00e2ncias enumeradas no Anexo I do Decreto Real 2829\/1977, nem subst\u00e2ncias controladas por conven\u00e7\u00f5es internacionais.\u00a0\u00a0<\/span><\/em><\/p>","protected":false},"excerpt":{"rendered":"<p><span style=\"font-weight: 400;\">Prepara-te porque este Vape Pack personalizado inclui:<\/span><\/p>\n<ul>\n<li>1 x Vaper CBD Full Spectrum no sabor da sua escolha<\/li>\n<li>1 x Vaper CBD Iguana Pod Pocket Broad Spectrum CBD Vaper da sua escolha de sabor<\/li>\n<li>1 x Vaper CBD Iguana Pod Pocket Isolate no sabor da sua escolha<\/li>\n<\/ul>\n<h6>Carater\u00edsticas<\/h6>\n<ul>\n<li>Terpenos naturais de alta qualidade<\/li>\n<li>THC: 0%, HHC: 0%, THC-P: 0%, Nicotina: 0%<\/li>\n<li>N\u00e3o cont\u00e9m VG, PG, PEG, MCT ou qualquer outro agente de corte.<\/li>\n<\/ul>\n<p><em><span style=\"font-weight: 400;\">Pre\u00e7o sem desconto: 59,70\u20ac | pre\u00e7o do pacote com desconto: 40\u20ac =&gt; <strong>19,70 de poupan\u00e7a com um desconto de 33%<\/strong><\/span>\u00a0<\/em><\/p>\n<p><span style=\"font-weight: 400;\">Consulta<strong>\u00a0<a href=\"https:\/\/iguanasmoke.com\/pt\/analiticas\/\">an\u00e1lises laboratoriais.<\/a><\/strong><\/span><\/p>","protected":false},"featured_media":79026,"comment_status":"open","ping_status":"closed","template":"","meta":{"_acf_changed":false,"site-sidebar-layout":"default","site-content-layout":"","ast-site-content-layout":"default","site-content-style":"default","site-sidebar-style":"default","ast-global-header-display":"","ast-banner-title-visibility":"","ast-main-header-display":"","ast-hfb-above-header-display":"","ast-hfb-below-header-display":"","ast-hfb-mobile-header-display":"","site-post-title":"","ast-breadcrumbs-content":"","ast-featured-img":"","footer-sml-layout":"","theme-transparent-header-meta":"default","adv-header-id-meta":"","stick-header-meta":"","header-above-stick-meta":"","header-main-stick-meta":"","header-below-stick-meta":"","astra-migrate-meta-layouts":"set","ast-page-background-enabled":"default","ast-page-background-meta":{"desktop":{"background-color":"var(--ast-global-color-4)","background-image":"","background-repeat":"repeat","background-position":"center center","background-size":"auto","background-attachment":"scroll","background-type":"","background-media":"","overlay-type":"","overlay-color":"","overlay-opacity":"","overlay-gradient":""},"tablet":{"background-color":"","background-image":"","background-repeat":"repeat","background-position":"center center","background-size":"auto","background-attachment":"scroll","background-type":"","background-media":"","overlay-type":"","overlay-color":"","overlay-opacity":"","overlay-gradient":""},"mobile":{"background-color":"","background-image":"","background-repeat":"repeat","background-position":"center center","background-size":"auto","background-attachment":"scroll","background-type":"","background-media":"","overlay-type":"","overlay-color":"","overlay-opacity":"","overlay-gradient":""}},"ast-content-background-meta":{"desktop":{"background-color":"var(--ast-global-color-5)","background-image":"","background-repeat":"repeat","background-position":"center center","background-size":"auto","background-attachment":"scroll","background-type":"","background-media":"","overlay-type":"","overlay-color":"","overlay-opacity":"","overlay-gradient":""},"tablet":{"background-color":"var(--ast-global-color-5)","background-image":"","background-repeat":"repeat","background-position":"center center","background-size":"auto","background-attachment":"scroll","background-type":"","background-media":"","overlay-type":"","overlay-color":"","overlay-opacity":"","overlay-gradient":""},"mobile":{"background-color":"var(--ast-global-color-5)","background-image":"","background-repeat":"repeat","background-position":"center center","background-size":"auto","background-attachment":"scroll","background-type":"","background-media":"","overlay-type":"","overlay-color":"","overlay-opacity":"","overlay-gradient":""}}},"product_brand":[],"product_cat":[349],"product_tag":[],"class_list":{"0":"post-26342","1":"product","2":"type-product","3":"status-publish","4":"has-post-thumbnail","6":"product_cat-packs-y-ofertas-cbd","7":"desktop-align-center","8":"tablet-align-center","9":"mobile-align-center","11":"first","12":"instock","13":"sale","14":"taxable","15":"shipping-taxable","16":"purchasable","17":"product-type-composite"},"acf":[],"yoast_head":"<!-- This site is optimized with the Yoast SEO Premium plugin v27.3 (Yoast SEO v27.3) - https:\/\/yoast.com\/product\/yoast-seo-premium-wordpress\/ -->\n<title>Iguana Box Vapeo CBD Personalizado | Iguana Smoke<\/title>\n<meta name=\"description\" content=\"Disfruta de un vapeo \u00fanico con el Iguana Box Vapeo CBD Personalizado, que incluye sabores a tu elecci\u00f3n. \u00a1Crea tu experiencia de CBD hoy!\" \/>\n<meta name=\"robots\" content=\"index, follow, max-snippet:-1, max-image-preview:large, max-video-preview:-1\" \/>\n<link rel=\"canonical\" href=\"https:\/\/iguanasmoke.com\/pt\/produto\/caixa-iguana-personalizada-cbd-vapeo\/\" \/>\n<meta property=\"og:locale\" content=\"pt_PT\" \/>\n<meta property=\"og:type\" content=\"article\" \/>\n<meta property=\"og:title\" content=\"Iguana Box Vapeo CBD Personalizado\" \/>\n<meta property=\"og:description\" content=\"Prep\u00e1rate porque este Pack de Vapeo personalizado incluye:   1 x Vaper CBD Full Spectrum del sabor que elijas  1 x Vaper CBD Iguana Pod Pocket Broad Spectrum del sabor que elijas  1 x Vaper CBD Iguana Pod Pocket Isolate del sabor que elijas  Caracter\u00edsticas   Terpenos naturales de alta calidad  THC: 0%,\u00a0HHC: 0%, THC-P: 0%, Nicotina: 0%  No contiene VG, PG, PEG, MCT o cualquier otro agente de corte  Precio sin descuento: 59,70\u20ac | precio pack descuento: 40\u20ac =&gt; ahorro de 19,70\u20ac con un descuento del 33%\u00a0  Consulta\u00a0el an\u00e1lisis de laboratorio.\" \/>\n<meta property=\"og:url\" content=\"https:\/\/iguanasmoke.com\/pt\/produto\/caixa-iguana-personalizada-cbd-vapeo\/\" \/>\n<meta property=\"og:site_name\" content=\"Iguana Smoke\" \/>\n<meta property=\"article:publisher\" content=\"https:\/\/www.facebook.com\/iguanasmoke\" \/>\n<meta property=\"article:modified_time\" content=\"2026-03-15T16:51:08+00:00\" \/>\n<meta property=\"og:image\" content=\"https:\/\/iguanasmoke.com\/wp-content\/uploads\/2023\/12\/Iuana-Oferta-Pack-2.webp\" \/>\n\t<meta property=\"og:image:width\" content=\"1002\" \/>\n\t<meta property=\"og:image:height\" content=\"1000\" \/>\n\t<meta property=\"og:image:type\" content=\"image\/webp\" \/>\n<meta name=\"twitter:card\" content=\"summary_large_image\" \/>\n<meta name=\"twitter:label1\" content=\"pre\u00e7o\" \/>\n\t<meta name=\"twitter:data1\" content=\"40,00&nbsp;&euro;\" \/>\n\t<meta name=\"twitter:label2\" content=\"Disponibilidade\" \/>\n\t<meta name=\"twitter:data2\" content=\"Em stock\" \/>\n<meta property=\"product:brand\" content=\"composite\" \/>\n<meta property=\"product:price:amount\" content=\"40.00\" \/>\n<meta property=\"product:price:currency\" content=\"EUR\" \/>\n<meta property=\"og:availability\" content=\"instock\" \/>\n<meta property=\"product:availability\" content=\"instock\" \/>\n<meta property=\"product:retailer_item_id\" content=\"IS-PACKVAPEO\" \/>\n<meta property=\"product:condition\" content=\"new\" \/>\n<!-- \/ Yoast SEO Premium plugin. -->","yoast_head_json":{"title":"Iguana Box Vapeo CBD Personalizado CBD | Iguana Smoke","description":"Desfrute de um vape \u00fanico com o Iguana Box Custom CBD Vape, que inclui sabores \u00e0 sua escolha. Crie a sua experi\u00eancia CBD hoje mesmo!","robots":{"index":"index","follow":"follow","max-snippet":"max-snippet:-1","max-image-preview":"max-image-preview:large","max-video-preview":"max-video-preview:-1"},"canonical":"https:\/\/iguanasmoke.com\/pt\/produto\/caixa-iguana-personalizada-cbd-vapeo\/","og_locale":"pt_PT","og_type":"article","og_title":"Iguana Box Vapeo CBD Personalizado","og_description":"Prep\u00e1rate porque este Pack de Vapeo personalizado incluye:   1 x Vaper CBD Full Spectrum del sabor que elijas  1 x Vaper CBD Iguana Pod Pocket Broad Spectrum del sabor que elijas  1 x Vaper CBD Iguana Pod Pocket Isolate del sabor que elijas  Caracter\u00edsticas   Terpenos naturales de alta calidad  THC: 0%,\u00a0HHC: 0%, THC-P: 0%, Nicotina: 0%  No contiene VG, PG, PEG, MCT o cualquier otro agente de corte  Precio sin descuento: 59,70\u20ac | precio pack descuento: 40\u20ac =&gt; ahorro de 19,70\u20ac con un descuento del 33%\u00a0  Consulta\u00a0el an\u00e1lisis de laboratorio.","og_url":"https:\/\/iguanasmoke.com\/pt\/produto\/caixa-iguana-personalizada-cbd-vapeo\/","og_site_name":"Iguana Smoke","article_publisher":"https:\/\/www.facebook.com\/iguanasmoke","article_modified_time":"2026-03-15T16:51:08+00:00","og_image":[{"width":1002,"height":1000,"url":"https:\/\/iguanasmoke.com\/wp-content\/uploads\/2023\/12\/Iuana-Oferta-Pack-2.webp","type":"image\/webp"}],"twitter_card":"summary_large_image","twitter_misc":{"pre\u00e7o":"40,00&nbsp;&euro;","Disponibilidade":"Em stock"},"schema":{"@context":"https:\/\/schema.org","@graph":[{"@type":"WebPage","@id":"https:\/\/iguanasmoke.com\/producto\/iguana-box-vapeo-cbd-personalizado\/","url":"https:\/\/iguanasmoke.com\/producto\/iguana-box-vapeo-cbd-personalizado\/","name":"Iguana Box Vapeo CBD Personalizado CBD | Iguana Smoke","isPartOf":{"@id":"https:\/\/iguanasmoke.com\/#website"},"primaryImageOfPage":{"@id":"https:\/\/iguanasmoke.com\/producto\/iguana-box-vapeo-cbd-personalizado\/#primaryimage"},"image":{"@id":"https:\/\/iguanasmoke.com\/producto\/iguana-box-vapeo-cbd-personalizado\/#primaryimage"},"thumbnailUrl":"https:\/\/iguanasmoke.com\/wp-content\/uploads\/2023\/12\/Iuana-Oferta-Pack-2.webp","datePublished":"2023-12-17T00:09:08+00:00","dateModified":"2026-03-15T16:51:08+00:00","description":"Desfrute de um vape \u00fanico com o Iguana Box Custom CBD Vape, que inclui sabores \u00e0 sua escolha. Crie a sua experi\u00eancia CBD hoje mesmo!","breadcrumb":{"@id":"https:\/\/iguanasmoke.com\/producto\/iguana-box-vapeo-cbd-personalizado\/#breadcrumb"},"inLanguage":"pt-PT","potentialAction":[{"@type":"ReadAction","target":["https:\/\/iguanasmoke.com\/producto\/iguana-box-vapeo-cbd-personalizado\/"]}]},{"@type":"ImageObject","inLanguage":"pt-PT","@id":"https:\/\/iguanasmoke.com\/producto\/iguana-box-vapeo-cbd-personalizado\/#primaryimage","url":"https:\/\/iguanasmoke.com\/wp-content\/uploads\/2023\/12\/Iuana-Oferta-Pack-2.webp","contentUrl":"https:\/\/iguanasmoke.com\/wp-content\/uploads\/2023\/12\/Iuana-Oferta-Pack-2.webp","width":1002,"height":1000,"caption":"iguana box vapeo cbd full spectrum isolate y broad"},{"@type":"BreadcrumbList","@id":"https:\/\/iguanasmoke.com\/producto\/iguana-box-vapeo-cbd-personalizado\/#breadcrumb","itemListElement":[{"@type":"ListItem","position":1,"name":"home","item":"https:\/\/iguanasmoke.com\/"},{"@type":"ListItem","position":2,"name":"Tienda","item":"https:\/\/iguanasmoke.com\/tienda\/"},{"@type":"ListItem","position":3,"name":"Packs y Ofertas","item":"https:\/\/iguanasmoke.com\/categoria\/packs-y-ofertas-cbd\/"},{"@type":"ListItem","position":4,"name":"Iguana Box Vapeo CBD Personalizado"}]},{"@type":"WebSite","@id":"https:\/\/iguanasmoke.com\/#website","url":"https:\/\/iguanasmoke.com\/","name":"Fumo de Iguana","description":"Comprar CBD online ao melhor pre\u00e7o","publisher":{"@id":"https:\/\/iguanasmoke.com\/#organization"},"potentialAction":[{"@type":"SearchAction","target":{"@type":"EntryPoint","urlTemplate":"https:\/\/iguanasmoke.com\/?s={search_term_string}"},"query-input":{"@type":"PropertyValueSpecification","valueRequired":true,"valueName":"search_term_string"}}],"inLanguage":"pt-PT"},{"@type":"Organization","@id":"https:\/\/iguanasmoke.com\/#organization","name":"Fumo de Iguana","url":"https:\/\/iguanasmoke.com\/","logo":{"@type":"ImageObject","inLanguage":"pt-PT","@id":"https:\/\/iguanasmoke.com\/#\/schema\/logo\/image\/","url":"https:\/\/iguanasmoke.com\/wp-content\/uploads\/2025\/01\/logoiguana-favi-1.png","contentUrl":"https:\/\/iguanasmoke.com\/wp-content\/uploads\/2025\/01\/logoiguana-favi-1.png","width":512,"height":512,"caption":"Iguana Smoke"},"image":{"@id":"https:\/\/iguanasmoke.com\/#\/schema\/logo\/image\/"},"sameAs":["https:\/\/www.facebook.com\/iguanasmoke","https:\/\/www.instagram.com\/iguanasmoke\/"]}]},"product_brand":"composite","product_price_amount":"40.00","product_price_currency":"EUR","og_availability":"instock","product_availability":"instock","product_retailer_item_id":"IS-PACKVAPEO","product_condition":"new"},"_links":{"self":[{"href":"https:\/\/iguanasmoke.com\/pt\/wp-json\/wp\/v2\/product\/26342","targetHints":{"allow":["GET"]}}],"collection":[{"href":"https:\/\/iguanasmoke.com\/pt\/wp-json\/wp\/v2\/product"}],"about":[{"href":"https:\/\/iguanasmoke.com\/pt\/wp-json\/wp\/v2\/types\/product"}],"replies":[{"embeddable":true,"href":"https:\/\/iguanasmoke.com\/pt\/wp-json\/wp\/v2\/comments?post=26342"}],"wp:featuredmedia":[{"embeddable":true,"href":"https:\/\/iguanasmoke.com\/pt\/wp-json\/wp\/v2\/media\/79026"}],"wp:attachment":[{"href":"https:\/\/iguanasmoke.com\/pt\/wp-json\/wp\/v2\/media?parent=26342"}],"wp:term":[{"taxonomy":"product_brand","embeddable":true,"href":"https:\/\/iguanasmoke.com\/pt\/wp-json\/wp\/v2\/product_brand?post=26342"},{"taxonomy":"product_cat","embeddable":true,"href":"https:\/\/iguanasmoke.com\/pt\/wp-json\/wp\/v2\/product_cat?post=26342"},{"taxonomy":"product_tag","embeddable":true,"href":"https:\/\/iguanasmoke.com\/pt\/wp-json\/wp\/v2\/product_tag?post=26342"}],"curies":[{"name":"wp","href":"https:\/\/api.w.org\/{rel}","templated":true}]}}