{"id":26506,"date":"2023-12-19T17:08:42","date_gmt":"2023-12-19T16:08:42","guid":{"rendered":"https:\/\/iguanasmoke.com\/?post_type=product&#038;p=26506"},"modified":"2025-12-23T16:11:43","modified_gmt":"2025-12-23T15:11:43","slug":"bandeja-de-pedras-para-iguanas","status":"publish","type":"product","link":"https:\/\/iguanasmoke.com\/pt\/producto\/bandeja-iguana-rock\/","title":{"rendered":"Tabuleiro rolante Iguana Rock"},"content":{"rendered":"<h1><span style=\"font-weight: 400;\">Tabuleiro de Rolamento - Iguana Rock<\/span><\/h1>\n<p><span style=\"font-weight: 400;\">Descobrir o<strong> Tabuleiro rolante Iguana Rock<\/strong>, Concebido para aqueles que valorizam a precis\u00e3o, o design e a qualidade em cada sess\u00e3o. Concebido para os amantes da arte de enrolar, este tabuleiro combina funcionalidade e estilo num formato premium que faz a diferen\u00e7a.\u00a0<\/span><\/p>\n<p><span style=\"font-weight: 400;\">Dispon\u00edvel em <strong>quatro desenhos exclusivos,<\/strong> cada tabuleiro destaca-se pela sua pr\u00f3pria identidade, conferindo personalidade e car\u00e1cter ao seu espa\u00e7o.<\/span><\/p>\n<p>&nbsp;<\/p>\n<h3><strong>Qual ser\u00e1 o seu tabuleiro de rolamento preferido?<\/strong><\/h3>\n<ol>\n<li style=\"list-style-type: none;\">\n<ol>\n<li><a href=\"https:\/\/iguanasmoke.com\/pt\/produto\/bandeja-de-pedras-para-iguanas\/\">Tabuleiro rolante Iguana Rock<\/a><\/li>\n<li><a href=\"https:\/\/iguanasmoke.com\/pt\/produto\/tabuleiro-para-iguanas-amnesicas\/\">Tabuleiro rolante Iguana Amnesia<\/a><\/li>\n<li><a href=\"https:\/\/iguanasmoke.com\/pt\/produto\/tabuleiro-iguana-japao\/\">Tabuleiro rolante Iguana Japan<\/a><\/li>\n<li><a href=\"https:\/\/iguanasmoke.com\/pt\/produto\/tabuleiro-de-praia-iguana\/\">Tabuleiro rolante Iguana Beach<\/a><\/li>\n<\/ol>\n<\/li>\n<\/ol>\n<p>&nbsp;<\/p>\n<p><span style=\"font-weight: 400;\">O seu<strong> ilustra\u00e7\u00f5es cuidadosamente selecionadas<\/strong>, que v\u00e3o desde estilos modernos a pormenores mais elaborados, fazem de cada modelo uma pe\u00e7a visualmente apelativa e inspiradora.<\/span><\/p>\n<p><span style=\"font-weight: 400;\">Feito de <strong>materiais resistentes e duradouros,<\/strong> O tabuleiro rolante Iguana Rock foi concebido para uma utiliza\u00e7\u00e3o quotidiana. O seu <strong>superf\u00edcie f\u00e1cil de limpar e tamanho \u00f3timo<\/strong> oferecem o espa\u00e7o ideal para organizar as flores ou os bot\u00f5es cortados, os rolos de papel e os acess\u00f3rios como os moinhos. Tudo isto garantindo uma<strong> processo de agrupamento c\u00f3modo e ordenado<\/strong> e sem distrac\u00e7\u00f5es.<\/span><\/p>\n<p>&nbsp;<\/p>\n<h2><b>Onde comprar online o seu tabuleiro rolante Iguana Rock<\/b><b>?<\/b><\/h2>\n<p><span style=\"font-weight: 400;\">Em <strong>Fumo de Iguana<\/strong>, Damos prioridade \u00e0 qualidade e \u00e0 transpar\u00eancia em cada produto.\u00a0<\/span><span style=\"font-weight: 400;\">Este \u00e9 o seu lugar seguro para <strong>comprar tabuleiro rolante Iguana Rock online <\/strong>em Espanha<strong>.<\/strong> Todos os nossos produtos s\u00e3o aprovados pela UE, garantindo a sua legalidade e seguran\u00e7a.\u00a0<\/span><\/p>\n<p><span style=\"font-weight: 400;\">Este \u00e9 o seu acess\u00f3rio pr\u00e1tico e indispens\u00e1vel para manter tudo limpo e no lugar e tirar o m\u00e1ximo partido de produtos como o nosso novo <strong>Pronto para rolar<\/strong>:<strong> <a href=\"https:\/\/iguanasmoke.com\/pt\/produto\/flores-de-cbd-prontas-a-rolar-super-skunk-15gr\/\">Super Skunk<\/a>, <a href=\"https:\/\/iguanasmoke.com\/pt\/produto\/flores-de-cbd-prontas-a-rolar-zkittlez-15gr\/\">Zkittlez<\/a>, <a href=\"https:\/\/iguanasmoke.com\/pt\/produto\/flores-de-cbd-prontas-a-rolar-lemon-haze-15gr\/\">Haze de lim\u00e3o<\/a>, <a href=\"https:\/\/iguanasmoke.com\/pt\/produto\/flores-de-cbd-prontas-a-rolar-amnesia-15gr\/\">Amn\u00e9sia<\/a><\/strong>. Descubra tamb\u00e9m <\/span><span style=\"font-weight: 400;\">outros <strong>Produtos TOP<\/strong> como o <a href=\"https:\/\/iguanasmoke.com\/pt\/produto\/comprar-flor-cbd-pop-corn-sour-tsunami-25gr-cogollos-online\/\"><strong>Milho para pipocas 25g<\/strong><\/a>. <\/span><\/p>\n<p><span style=\"font-weight: 400;\">Pode completar o kit com o nosso<strong><a href=\"https:\/\/iguanasmoke.com\/pt\/categoria\/papel-de-enrolar\/\"> pap\u00e9is de enrolar de c\u00e2nhamo<\/a><\/strong> e um<strong> <a href=\"https:\/\/iguanasmoke.com\/pt\/categoria\/trituradores\/\">moinho pr\u00e1tico<\/a>,<\/strong> e est\u00e1 tudo pronto para come\u00e7ar a desfrutar do mundo do CBD. Explore a nossa gama e encontre j\u00e1 o seu tabuleiro de enrolar Iguana Rock preferido no seu design preferido.<\/span><span style=\"font-weight: 400;\">\u00a0<\/span><\/p>\n<p>Rapidez na entrega, aten\u00e7\u00e3o e uma loja com embalagens discretas e seguras que vai \u00e0 frente, s\u00f3 para si!<\/p>\n<p>&nbsp;<\/p>\n<h3><b>Iguana Smoke \u00e9 sin\u00f3nimo de qualidade e fiabilidade.<\/b><\/h3>\n<p><span style=\"font-weight: 400;\">Na Iguana Smoke, acreditamos que o consumo de CBD deve ser uma experi\u00eancia segura, acess\u00edvel e agrad\u00e1vel. \u00c9 por isso que temos produtos de alta qualidade, incluindo os nossos tabuleiros de enrolar, que se ligam \u00e0s novas gera\u00e7\u00f5es: pessoas que procuram um bem-estar descomplicado, com marcas aut\u00eanticas e fi\u00e1veis.\u00a0<\/span><\/p>\n<p>Por outras palavras, a nossa miss\u00e3o \u00e9 clara: levar at\u00e9 si o melhor do CBD a um pre\u00e7o justo, com a tranquilidade de saber que est\u00e1 a escolher um produto certificado, eficaz, de c\u00e2nhamo e legalizado pelo 100%. Estamos na vanguarda dos produtos de CBD.<\/p>\n<p>Tem alguma quest\u00e3o? Escreva-nos e teremos todo o gosto em ajud\u00e1-lo a encontrar o produto certo para si.<\/p>","protected":false},"excerpt":{"rendered":"<p><strong data-start=\"60\" data-end=\"84\">Bandeja de pedras de iguana:<\/strong><\/p>\n<ul>\n<li><strong data-start=\"88\" data-end=\"111\">Alum\u00ednio resistente<\/strong>,<\/li>\n<li>Com medidas <strong data-start=\"125\" data-end=\"139\">14 x 18 cm<\/strong>.<\/li>\n<li>Tamanho perfeito para organizar papel, flores e acess\u00f3rios.<\/li>\n<li>Leve, dur\u00e1vel e f\u00e1cil de limpar, ideal para uma desloca\u00e7\u00e3o confort\u00e1vel.<\/li>\n<\/ul>","protected":false},"featured_media":26500,"comment_status":"open","ping_status":"closed","template":"","meta":{"_acf_changed":false,"site-sidebar-layout":"default","site-content-layout":"","ast-site-content-layout":"default","site-content-style":"default","site-sidebar-style":"default","ast-global-header-display":"","ast-banner-title-visibility":"","ast-main-header-display":"","ast-hfb-above-header-display":"","ast-hfb-below-header-display":"","ast-hfb-mobile-header-display":"","site-post-title":"","ast-breadcrumbs-content":"","ast-featured-img":"","footer-sml-layout":"","theme-transparent-header-meta":"default","adv-header-id-meta":"","stick-header-meta":"","header-above-stick-meta":"","header-main-stick-meta":"","header-below-stick-meta":"","astra-migrate-meta-layouts":"set","ast-page-background-enabled":"default","ast-page-background-meta":{"desktop":{"background-color":"var(--ast-global-color-4)","background-image":"","background-repeat":"repeat","background-position":"center center","background-size":"auto","background-attachment":"scroll","background-type":"","background-media":"","overlay-type":"","overlay-color":"","overlay-opacity":"","overlay-gradient":""},"tablet":{"background-color":"","background-image":"","background-repeat":"repeat","background-position":"center center","background-size":"auto","background-attachment":"scroll","background-type":"","background-media":"","overlay-type":"","overlay-color":"","overlay-opacity":"","overlay-gradient":""},"mobile":{"background-color":"","background-image":"","background-repeat":"repeat","background-position":"center center","background-size":"auto","background-attachment":"scroll","background-type":"","background-media":"","overlay-type":"","overlay-color":"","overlay-opacity":"","overlay-gradient":""}},"ast-content-background-meta":{"desktop":{"background-color":"var(--ast-global-color-5)","background-image":"","background-repeat":"repeat","background-position":"center center","background-size":"auto","background-attachment":"scroll","background-type":"","background-media":"","overlay-type":"","overlay-color":"","overlay-opacity":"","overlay-gradient":""},"tablet":{"background-color":"var(--ast-global-color-5)","background-image":"","background-repeat":"repeat","background-position":"center center","background-size":"auto","background-attachment":"scroll","background-type":"","background-media":"","overlay-type":"","overlay-color":"","overlay-opacity":"","overlay-gradient":""},"mobile":{"background-color":"var(--ast-global-color-5)","background-image":"","background-repeat":"repeat","background-position":"center center","background-size":"auto","background-attachment":"scroll","background-type":"","background-media":"","overlay-type":"","overlay-color":"","overlay-opacity":"","overlay-gradient":""}}},"product_brand":[],"product_cat":[437,436,405],"product_tag":[],"class_list":{"0":"post-26506","1":"product","2":"type-product","3":"status-publish","4":"has-post-thumbnail","6":"product_cat-bandejas-de-liar","7":"product_cat-merchandise-de-iguana-smoke","8":"product_cat-ropa-y-accesorios","9":"desktop-align-center","10":"tablet-align-center","11":"mobile-align-center","13":"first","14":"instock","15":"taxable","16":"shipping-taxable","17":"purchasable","18":"product-type-simple"},"acf":[],"yoast_head":"<!-- This site is optimized with the Yoast SEO Premium plugin v27.3 (Yoast SEO v27.3) - https:\/\/yoast.com\/product\/yoast-seo-premium-wordpress\/ -->\n<title>Bandeja de liar Iguana Rock | Iguana Smoke<\/title>\n<meta name=\"description\" content=\"Consigue tu Bandeja de liar Iguana Rock en Iguana Smoke. Fabricada con los mejores matierales en 4 dise\u00f1os distintos. Elige el que mas te guste!\" \/>\n<meta name=\"robots\" content=\"index, follow, max-snippet:-1, max-image-preview:large, max-video-preview:-1\" \/>\n<link rel=\"canonical\" href=\"https:\/\/iguanasmoke.com\/pt\/produto\/bandeja-de-pedras-para-iguanas\/\" \/>\n<meta property=\"og:locale\" content=\"pt_PT\" \/>\n<meta property=\"og:type\" content=\"article\" \/>\n<meta property=\"og:title\" content=\"Bandeja de liar Iguana Rock\" \/>\n<meta property=\"og:description\" content=\"Bandeja Iguana Rock:   Aluminio resistente,  Con medidas 14 x 18 cm.  Tama\u00f1o perfecto para organizar papel, flores y accesorios.  Ligera, duradera y f\u00e1cil de limpiar, ideal para un liado c\u00f3modo.\" \/>\n<meta property=\"og:url\" content=\"https:\/\/iguanasmoke.com\/pt\/produto\/bandeja-de-pedras-para-iguanas\/\" \/>\n<meta property=\"og:site_name\" content=\"Iguana Smoke\" \/>\n<meta property=\"article:publisher\" content=\"https:\/\/www.facebook.com\/iguanasmoke\" \/>\n<meta property=\"article:modified_time\" content=\"2025-12-23T15:11:43+00:00\" \/>\n<meta property=\"og:image\" content=\"https:\/\/iguanasmoke.com\/wp-content\/uploads\/2023\/12\/Bandeja-Iguana-Rock.webp\" \/>\n\t<meta property=\"og:image:width\" content=\"500\" \/>\n\t<meta property=\"og:image:height\" content=\"500\" \/>\n\t<meta property=\"og:image:type\" content=\"image\/webp\" \/>\n<meta name=\"twitter:card\" content=\"summary_large_image\" \/>\n<meta name=\"twitter:label1\" content=\"pre\u00e7o\" \/>\n\t<meta name=\"twitter:data1\" content=\"6,00&nbsp;&euro;\" \/>\n\t<meta name=\"twitter:label2\" content=\"Disponibilidade\" \/>\n\t<meta name=\"twitter:data2\" content=\"Em stock\" \/>\n<meta property=\"product:brand\" content=\"simple\" \/>\n<meta property=\"product:price:amount\" content=\"6.00\" \/>\n<meta property=\"product:price:currency\" content=\"EUR\" \/>\n<meta property=\"og:availability\" content=\"instock\" \/>\n<meta property=\"product:availability\" content=\"instock\" \/>\n<meta property=\"product:retailer_item_id\" content=\"IS-TRAY-ROCK\" \/>\n<meta property=\"product:condition\" content=\"new\" \/>\n<!-- \/ Yoast SEO Premium plugin. -->","yoast_head_json":{"title":"Tabuleiro de enrolar Iguana Rock | Iguana Smoke","description":"Adquira o seu tabuleiro de enrolar Iguana Rock na Iguana Smoke. Fabricado com os melhores materiais em 4 designs diferentes. Escolhe o que mais gostas!","robots":{"index":"index","follow":"follow","max-snippet":"max-snippet:-1","max-image-preview":"max-image-preview:large","max-video-preview":"max-video-preview:-1"},"canonical":"https:\/\/iguanasmoke.com\/pt\/produto\/bandeja-de-pedras-para-iguanas\/","og_locale":"pt_PT","og_type":"article","og_title":"Bandeja de liar Iguana Rock","og_description":"Bandeja Iguana Rock:   Aluminio resistente,  Con medidas 14 x 18 cm.  Tama\u00f1o perfecto para organizar papel, flores y accesorios.  Ligera, duradera y f\u00e1cil de limpiar, ideal para un liado c\u00f3modo.","og_url":"https:\/\/iguanasmoke.com\/pt\/produto\/bandeja-de-pedras-para-iguanas\/","og_site_name":"Iguana Smoke","article_publisher":"https:\/\/www.facebook.com\/iguanasmoke","article_modified_time":"2025-12-23T15:11:43+00:00","og_image":[{"width":500,"height":500,"url":"https:\/\/iguanasmoke.com\/wp-content\/uploads\/2023\/12\/Bandeja-Iguana-Rock.webp","type":"image\/webp"}],"twitter_card":"summary_large_image","twitter_misc":{"pre\u00e7o":"6,00&nbsp;&euro;","Disponibilidade":"Em stock"},"schema":{"@context":"https:\/\/schema.org","@graph":[{"@type":"WebPage","@id":"https:\/\/iguanasmoke.com\/producto\/bandeja-iguana-rock\/","url":"https:\/\/iguanasmoke.com\/producto\/bandeja-iguana-rock\/","name":"Tabuleiro de enrolar Iguana Rock | Iguana Smoke","isPartOf":{"@id":"https:\/\/iguanasmoke.com\/#website"},"primaryImageOfPage":{"@id":"https:\/\/iguanasmoke.com\/producto\/bandeja-iguana-rock\/#primaryimage"},"image":{"@id":"https:\/\/iguanasmoke.com\/producto\/bandeja-iguana-rock\/#primaryimage"},"thumbnailUrl":"https:\/\/iguanasmoke.com\/wp-content\/uploads\/2023\/12\/Bandeja-Iguana-Rock.webp","datePublished":"2023-12-19T16:08:42+00:00","dateModified":"2025-12-23T15:11:43+00:00","description":"Adquira o seu tabuleiro de enrolar Iguana Rock na Iguana Smoke. Fabricado com os melhores materiais em 4 designs diferentes. Escolhe o que mais gostas!","breadcrumb":{"@id":"https:\/\/iguanasmoke.com\/producto\/bandeja-iguana-rock\/#breadcrumb"},"inLanguage":"pt-PT","potentialAction":[{"@type":"ReadAction","target":["https:\/\/iguanasmoke.com\/producto\/bandeja-iguana-rock\/"]}]},{"@type":"ImageObject","inLanguage":"pt-PT","@id":"https:\/\/iguanasmoke.com\/producto\/bandeja-iguana-rock\/#primaryimage","url":"https:\/\/iguanasmoke.com\/wp-content\/uploads\/2023\/12\/Bandeja-Iguana-Rock.webp","contentUrl":"https:\/\/iguanasmoke.com\/wp-content\/uploads\/2023\/12\/Bandeja-Iguana-Rock.webp","width":500,"height":500,"caption":"bandeja para liar iguana y Iguana Box Pack Fumeta CBD"},{"@type":"BreadcrumbList","@id":"https:\/\/iguanasmoke.com\/producto\/bandeja-iguana-rock\/#breadcrumb","itemListElement":[{"@type":"ListItem","position":1,"name":"home","item":"https:\/\/iguanasmoke.com\/"},{"@type":"ListItem","position":2,"name":"Tienda","item":"https:\/\/iguanasmoke.com\/tienda\/"},{"@type":"ListItem","position":3,"name":"Bandejas de liar","item":"https:\/\/iguanasmoke.com\/categoria\/bandejas-de-liar\/"},{"@type":"ListItem","position":4,"name":"Bandeja de liar Iguana Rock"}]},{"@type":"WebSite","@id":"https:\/\/iguanasmoke.com\/#website","url":"https:\/\/iguanasmoke.com\/","name":"Fumo de Iguana","description":"Comprar CBD online ao melhor pre\u00e7o","publisher":{"@id":"https:\/\/iguanasmoke.com\/#organization"},"potentialAction":[{"@type":"SearchAction","target":{"@type":"EntryPoint","urlTemplate":"https:\/\/iguanasmoke.com\/?s={search_term_string}"},"query-input":{"@type":"PropertyValueSpecification","valueRequired":true,"valueName":"search_term_string"}}],"inLanguage":"pt-PT"},{"@type":"Organization","@id":"https:\/\/iguanasmoke.com\/#organization","name":"Fumo de Iguana","url":"https:\/\/iguanasmoke.com\/","logo":{"@type":"ImageObject","inLanguage":"pt-PT","@id":"https:\/\/iguanasmoke.com\/#\/schema\/logo\/image\/","url":"https:\/\/iguanasmoke.com\/wp-content\/uploads\/2025\/01\/logoiguana-favi-1.png","contentUrl":"https:\/\/iguanasmoke.com\/wp-content\/uploads\/2025\/01\/logoiguana-favi-1.png","width":512,"height":512,"caption":"Iguana Smoke"},"image":{"@id":"https:\/\/iguanasmoke.com\/#\/schema\/logo\/image\/"},"sameAs":["https:\/\/www.facebook.com\/iguanasmoke","https:\/\/www.instagram.com\/iguanasmoke\/"]}]},"product_brand":"simple","product_price_amount":"6.00","product_price_currency":"EUR","og_availability":"instock","product_availability":"instock","product_retailer_item_id":"IS-TRAY-ROCK","product_condition":"new"},"_links":{"self":[{"href":"https:\/\/iguanasmoke.com\/pt\/wp-json\/wp\/v2\/product\/26506","targetHints":{"allow":["GET"]}}],"collection":[{"href":"https:\/\/iguanasmoke.com\/pt\/wp-json\/wp\/v2\/product"}],"about":[{"href":"https:\/\/iguanasmoke.com\/pt\/wp-json\/wp\/v2\/types\/product"}],"replies":[{"embeddable":true,"href":"https:\/\/iguanasmoke.com\/pt\/wp-json\/wp\/v2\/comments?post=26506"}],"wp:featuredmedia":[{"embeddable":true,"href":"https:\/\/iguanasmoke.com\/pt\/wp-json\/wp\/v2\/media\/26500"}],"wp:attachment":[{"href":"https:\/\/iguanasmoke.com\/pt\/wp-json\/wp\/v2\/media?parent=26506"}],"wp:term":[{"taxonomy":"product_brand","embeddable":true,"href":"https:\/\/iguanasmoke.com\/pt\/wp-json\/wp\/v2\/product_brand?post=26506"},{"taxonomy":"product_cat","embeddable":true,"href":"https:\/\/iguanasmoke.com\/pt\/wp-json\/wp\/v2\/product_cat?post=26506"},{"taxonomy":"product_tag","embeddable":true,"href":"https:\/\/iguanasmoke.com\/pt\/wp-json\/wp\/v2\/product_tag?post=26506"}],"curies":[{"name":"wp","href":"https:\/\/api.w.org\/{rel}","templated":true}]}}