{"id":26619,"date":"2023-12-26T17:25:22","date_gmt":"2023-12-26T16:25:22","guid":{"rendered":"https:\/\/iguanasmoke.com\/?post_type=product&#038;p=26619"},"modified":"2026-03-15T18:50:18","modified_gmt":"2026-03-15T17:50:18","slug":"moedor-de-fumo-de-iguana","status":"publish","type":"product","link":"https:\/\/iguanasmoke.com\/pt\/producto\/grinder-iguana-smoke\/","title":{"rendered":"Moinho de 3 pe\u00e7as com armazenamento Iguana Smoke"},"content":{"rendered":"<h1><span style=\"font-weight: 400;\">Moinho de 3 pe\u00e7as com armazenamento Iguana Smoke\u00a0<\/span><\/h1>\n<p><span style=\"font-weight: 400;\">Descobrir o <strong>Moinho de 3 pe\u00e7as com armazenamento Iguana Smoke<\/strong>, a escolha perfeita para quem procura um equil\u00edbrio entre <strong>desempenho, conce\u00e7\u00e3o e funcionalidade<\/strong>.\u00a0<\/span><\/p>\n<p><span style=\"font-weight: 400;\">O seu design compacto e robusto garante uma <strong>tritura\u00e7\u00e3o homog\u00e9nea<\/strong>, O moinho \u00e9 f\u00e1cil de utilizar todos os dias, tanto em casa como em viagem. Gra\u00e7as aos seus dentes afiados, o moinho permite-lhe moer o conte\u00fado de forma r\u00e1pida e uniforme, melhorando a experi\u00eancia em cada utiliza\u00e7\u00e3o. Tem tamb\u00e9m uma parte para arruma\u00e7\u00e3o.\u00a0<\/span><\/p>\n<p><span style=\"font-weight: 400;\">O <strong>Moinho de 3 pe\u00e7as com armazenamento Iguana Smoke<\/strong> destaca-se n\u00e3o s\u00f3 pela sua funcionalidade, mas tamb\u00e9m pela sua est\u00e9tica moderna e colorida. Est\u00e1 dispon\u00edvel em 6 cores vibrantes diferentes - preto, vermelho, azul, laranja, branco e verde - para que possa escolher a que melhor se adapta ao seu estilo pessoal. <\/span><\/p>\n<p><strong>Escolha a sua cor preferida e eleve a sua experi\u00eancia com Iguana Smoke.\u00a0<\/strong><\/p>\n<h2><b>Onde comprar online o seu <span style=\"font-weight: 400;\"><strong>Moinho de 3 pe\u00e7as com armazenamento Iguana Smoke<\/strong><\/span><\/b><b>?<\/b><\/h2>\n<p><span style=\"font-weight: 400;\">Em <strong>Fumo de Iguana<\/strong>, Damos prioridade \u00e0 qualidade e \u00e0 transpar\u00eancia em cada produto.\u00a0<\/span><span style=\"font-weight: 400;\">Este \u00e9 o seu lugar seguro para <strong>comprar o seu<\/strong> <strong>Moinho de 3 pe\u00e7as com arruma\u00e7\u00e3o Iguana Smoke online <\/strong>em Espanha<strong>.<\/strong> Todos os nossos produtos s\u00e3o aprovados pela UE, garantindo a sua legalidade e seguran\u00e7a.\u00a0<\/span><\/p>\n<p><span style=\"font-weight: 400;\">Este \u00e9 o seu acess\u00f3rio pr\u00e1tico que n\u00e3o pode faltar juntamente com o seu <strong><a href=\"https:\/\/iguanasmoke.com\/pt\/categoria\/tabuleiros-rolantes\/\">tabuleiros rolantes<\/a><\/strong>, para ter tudo pronto. Descubra tamb\u00e9m <\/span><span style=\"font-weight: 400;\">outros <strong>Produtos TOP<\/strong> como o <strong><a href=\"https:\/\/iguanasmoke.com\/pt\/produto\/comprar-flor-cbd-pop-corn-sour-tsunami-25gr-cogollos-online\/\">Pop Corn 15g. <\/a><\/strong>Aproveite agora para comprar o moinho de 3 partes Iguana Smoke e complemente as suas ferramentas para fumar. <\/span><\/p>\n<p><span style=\"font-weight: 400;\">Tamb\u00e9m pode completar o kit com o nosso<strong><a href=\"https:\/\/iguanasmoke.com\/pt\/categoria\/papel-de-enrolar\/\"> pap\u00e9is de enrolar de c\u00e2nhamo<\/a><\/strong> e estar\u00e1 pronto para come\u00e7ar a desfrutar do mundo do CBD. Explore a nossa gama e encontre j\u00e1 o seu moinho preferido.<\/span><span style=\"font-weight: 400;\">\u00a0<\/span><\/p>\n<p>Rapidez na entrega, aten\u00e7\u00e3o e uma loja com embalagens discretas e seguras que vai \u00e0 frente, s\u00f3 para si!<\/p>\n<p>&nbsp;<\/p>\n<h3><b>Iguana Smoke \u00e9 sin\u00f3nimo de qualidade e fiabilidade.<\/b><\/h3>\n<p><span style=\"font-weight: 400;\">Na Iguana Smoke, acreditamos que desfrutar do CBD deve ser uma experi\u00eancia segura, acess\u00edvel e agrad\u00e1vel. \u00c9 por isso que temos produtos de alta qualidade, incluindo os nossos Moedores Biodegrad\u00e1veis, que se ligam \u00e0s novas gera\u00e7\u00f5es: pessoas que procuram um bem-estar descomplicado com marcas aut\u00eanticas e fi\u00e1veis.\u00a0<\/span><\/p>\n<p>Por outras palavras, a nossa miss\u00e3o \u00e9 clara: trazer-lhe o melhor do CBD a um pre\u00e7o justo, com a tranquilidade de saber que est\u00e1 a escolher um produto certificado, eficaz, de c\u00e2nhamo e legal 100%. Estamos na vanguarda dos produtos de CBD, incluindo o Iguana Smoke 3-Part Grinder.<\/p>\n<p>Tem alguma quest\u00e3o? Escreva-nos e teremos todo o gosto em ajud\u00e1-lo a encontrar o produto certo para si.<\/p>","protected":false},"excerpt":{"rendered":"<ul>\n<li>Tamanho: 60mm<\/li>\n<li>Contentor de armazenamento<\/li>\n<li>Compacto, pr\u00e1tico e robusto<\/li>\n<li>Dispon\u00edvel em 6 cores: preto, vermelho, azul, laranja, branco e verde.<\/li>\n<\/ul>","protected":false},"featured_media":27067,"comment_status":"open","ping_status":"closed","template":"","meta":{"_acf_changed":false,"site-sidebar-layout":"default","site-content-layout":"","ast-site-content-layout":"default","site-content-style":"default","site-sidebar-style":"default","ast-global-header-display":"","ast-banner-title-visibility":"","ast-main-header-display":"","ast-hfb-above-header-display":"","ast-hfb-below-header-display":"","ast-hfb-mobile-header-display":"","site-post-title":"","ast-breadcrumbs-content":"","ast-featured-img":"","footer-sml-layout":"","theme-transparent-header-meta":"default","adv-header-id-meta":"","stick-header-meta":"","header-above-stick-meta":"","header-main-stick-meta":"","header-below-stick-meta":"","astra-migrate-meta-layouts":"set","ast-page-background-enabled":"default","ast-page-background-meta":{"desktop":{"background-color":"var(--ast-global-color-4)","background-image":"","background-repeat":"repeat","background-position":"center center","background-size":"auto","background-attachment":"scroll","background-type":"","background-media":"","overlay-type":"","overlay-color":"","overlay-opacity":"","overlay-gradient":""},"tablet":{"background-color":"","background-image":"","background-repeat":"repeat","background-position":"center center","background-size":"auto","background-attachment":"scroll","background-type":"","background-media":"","overlay-type":"","overlay-color":"","overlay-opacity":"","overlay-gradient":""},"mobile":{"background-color":"","background-image":"","background-repeat":"repeat","background-position":"center center","background-size":"auto","background-attachment":"scroll","background-type":"","background-media":"","overlay-type":"","overlay-color":"","overlay-opacity":"","overlay-gradient":""}},"ast-content-background-meta":{"desktop":{"background-color":"var(--ast-global-color-5)","background-image":"","background-repeat":"repeat","background-position":"center center","background-size":"auto","background-attachment":"scroll","background-type":"","background-media":"","overlay-type":"","overlay-color":"","overlay-opacity":"","overlay-gradient":""},"tablet":{"background-color":"var(--ast-global-color-5)","background-image":"","background-repeat":"repeat","background-position":"center center","background-size":"auto","background-attachment":"scroll","background-type":"","background-media":"","overlay-type":"","overlay-color":"","overlay-opacity":"","overlay-gradient":""},"mobile":{"background-color":"var(--ast-global-color-5)","background-image":"","background-repeat":"repeat","background-position":"center center","background-size":"auto","background-attachment":"scroll","background-type":"","background-media":"","overlay-type":"","overlay-color":"","overlay-opacity":"","overlay-gradient":""}}},"product_brand":[],"product_cat":[439,436,405],"product_tag":[],"class_list":{"0":"post-26619","1":"product","2":"type-product","3":"status-publish","4":"has-post-thumbnail","6":"product_cat-grinders","7":"product_cat-merchandise-de-iguana-smoke","8":"product_cat-ropa-y-accesorios","9":"desktop-align-center","10":"tablet-align-center","11":"mobile-align-center","13":"first","14":"instock","15":"taxable","16":"shipping-taxable","17":"purchasable","18":"product-type-variable"},"acf":[],"yoast_head":"<!-- This site is optimized with the Yoast SEO Premium plugin v27.3 (Yoast SEO v27.3) - https:\/\/yoast.com\/product\/yoast-seo-premium-wordpress\/ -->\n<title>Grinder 3 partes con almacenamiento Iguana Smoke | Iguana Smoke<\/title>\n<meta name=\"description\" content=\"Compra el Grinder 3 partes con almacenamiento Iguana Smoke al mejor precio y con una calidad inigualable, resistente, pr\u00e1ctico y econ\u00f3mico.\" \/>\n<meta name=\"robots\" content=\"index, follow, max-snippet:-1, max-image-preview:large, max-video-preview:-1\" \/>\n<link rel=\"canonical\" href=\"https:\/\/iguanasmoke.com\/pt\/produto\/moedor-de-fumo-de-iguana\/\" \/>\n<meta property=\"og:locale\" content=\"pt_PT\" \/>\n<meta property=\"og:type\" content=\"article\" \/>\n<meta property=\"og:title\" content=\"Grinder 3 Partes con Almacenamiento Iguana Smoke\" \/>\n<meta property=\"og:description\" content=\"Tama\u00f1o: 60mm  Contenedor para guardar  Compacto, pr\u00e1ctico y resistente  Disponible en 6 colores: Negro, Rojo, Azul, Naranja, Blanco y Verde\" \/>\n<meta property=\"og:url\" content=\"https:\/\/iguanasmoke.com\/pt\/produto\/moedor-de-fumo-de-iguana\/\" \/>\n<meta property=\"og:site_name\" content=\"Iguana Smoke\" \/>\n<meta property=\"article:publisher\" content=\"https:\/\/www.facebook.com\/iguanasmoke\" \/>\n<meta property=\"article:modified_time\" content=\"2026-03-15T17:50:18+00:00\" \/>\n<meta property=\"og:image\" content=\"https:\/\/iguanasmoke.com\/wp-content\/uploads\/2023\/12\/Grinders-grande-webp.webp\" \/>\n\t<meta property=\"og:image:width\" content=\"500\" \/>\n\t<meta property=\"og:image:height\" content=\"500\" \/>\n\t<meta property=\"og:image:type\" content=\"image\/webp\" \/>\n<meta name=\"twitter:card\" content=\"summary_large_image\" \/>\n<meta name=\"twitter:label1\" content=\"Disponibilidade\" \/>\n\t<meta name=\"twitter:data1\" content=\"Em stock\" \/>\n<meta property=\"product:brand\" content=\"variable\" \/>\n<meta property=\"og:availability\" content=\"instock\" \/>\n<meta property=\"product:availability\" content=\"instock\" \/>\n<meta property=\"product:condition\" content=\"new\" \/>\n<!-- \/ Yoast SEO Premium plugin. -->","yoast_head_json":{"title":"Moinho de 3 pe\u00e7as com armazenamento Iguana Smoke | Iguana Smoke","description":"Compre o Moinho de 3 pe\u00e7as com arruma\u00e7\u00e3o Iguana Smoke ao melhor pre\u00e7o e com uma qualidade imbat\u00edvel, resistente, pr\u00e1tico e econ\u00f3mico.","robots":{"index":"index","follow":"follow","max-snippet":"max-snippet:-1","max-image-preview":"max-image-preview:large","max-video-preview":"max-video-preview:-1"},"canonical":"https:\/\/iguanasmoke.com\/pt\/produto\/moedor-de-fumo-de-iguana\/","og_locale":"pt_PT","og_type":"article","og_title":"Grinder 3 Partes con Almacenamiento Iguana Smoke","og_description":"Tama\u00f1o: 60mm  Contenedor para guardar  Compacto, pr\u00e1ctico y resistente  Disponible en 6 colores: Negro, Rojo, Azul, Naranja, Blanco y Verde","og_url":"https:\/\/iguanasmoke.com\/pt\/produto\/moedor-de-fumo-de-iguana\/","og_site_name":"Iguana Smoke","article_publisher":"https:\/\/www.facebook.com\/iguanasmoke","article_modified_time":"2026-03-15T17:50:18+00:00","og_image":[{"width":500,"height":500,"url":"https:\/\/iguanasmoke.com\/wp-content\/uploads\/2023\/12\/Grinders-grande-webp.webp","type":"image\/webp"}],"twitter_card":"summary_large_image","twitter_misc":{"Disponibilidade":"Em stock"},"schema":{"@context":"https:\/\/schema.org","@graph":[{"@type":"WebPage","@id":"https:\/\/iguanasmoke.com\/producto\/grinder-iguana-smoke\/","url":"https:\/\/iguanasmoke.com\/producto\/grinder-iguana-smoke\/","name":"Moinho de 3 pe\u00e7as com armazenamento Iguana Smoke | Iguana Smoke","isPartOf":{"@id":"https:\/\/iguanasmoke.com\/#website"},"primaryImageOfPage":{"@id":"https:\/\/iguanasmoke.com\/producto\/grinder-iguana-smoke\/#primaryimage"},"image":{"@id":"https:\/\/iguanasmoke.com\/producto\/grinder-iguana-smoke\/#primaryimage"},"thumbnailUrl":"https:\/\/iguanasmoke.com\/wp-content\/uploads\/2023\/12\/Grinders-grande-webp.webp","datePublished":"2023-12-26T16:25:22+00:00","dateModified":"2026-03-15T17:50:18+00:00","description":"Compre o Moinho de 3 pe\u00e7as com arruma\u00e7\u00e3o Iguana Smoke ao melhor pre\u00e7o e com uma qualidade imbat\u00edvel, resistente, pr\u00e1tico e econ\u00f3mico.","breadcrumb":{"@id":"https:\/\/iguanasmoke.com\/producto\/grinder-iguana-smoke\/#breadcrumb"},"inLanguage":"pt-PT","potentialAction":[{"@type":"ReadAction","target":["https:\/\/iguanasmoke.com\/producto\/grinder-iguana-smoke\/"]}]},{"@type":"ImageObject","inLanguage":"pt-PT","@id":"https:\/\/iguanasmoke.com\/producto\/grinder-iguana-smoke\/#primaryimage","url":"https:\/\/iguanasmoke.com\/wp-content\/uploads\/2023\/12\/Grinders-grande-webp.webp","contentUrl":"https:\/\/iguanasmoke.com\/wp-content\/uploads\/2023\/12\/Grinders-grande-webp.webp","width":500,"height":500,"caption":"Grinders grande iguana moler cannabis Grinder 3 partes con almacenamiento Iguana Smoke"},{"@type":"BreadcrumbList","@id":"https:\/\/iguanasmoke.com\/producto\/grinder-iguana-smoke\/#breadcrumb","itemListElement":[{"@type":"ListItem","position":1,"name":"home","item":"https:\/\/iguanasmoke.com\/"},{"@type":"ListItem","position":2,"name":"Tienda","item":"https:\/\/iguanasmoke.com\/tienda\/"},{"@type":"ListItem","position":3,"name":"Grinders","item":"https:\/\/iguanasmoke.com\/categoria\/grinders\/"},{"@type":"ListItem","position":4,"name":"Grinder 3 Partes con Almacenamiento Iguana Smoke"}]},{"@type":"WebSite","@id":"https:\/\/iguanasmoke.com\/#website","url":"https:\/\/iguanasmoke.com\/","name":"Fumo de Iguana","description":"Comprar CBD online ao melhor pre\u00e7o","publisher":{"@id":"https:\/\/iguanasmoke.com\/#organization"},"potentialAction":[{"@type":"SearchAction","target":{"@type":"EntryPoint","urlTemplate":"https:\/\/iguanasmoke.com\/?s={search_term_string}"},"query-input":{"@type":"PropertyValueSpecification","valueRequired":true,"valueName":"search_term_string"}}],"inLanguage":"pt-PT"},{"@type":"Organization","@id":"https:\/\/iguanasmoke.com\/#organization","name":"Fumo de Iguana","url":"https:\/\/iguanasmoke.com\/","logo":{"@type":"ImageObject","inLanguage":"pt-PT","@id":"https:\/\/iguanasmoke.com\/#\/schema\/logo\/image\/","url":"https:\/\/iguanasmoke.com\/wp-content\/uploads\/2025\/01\/logoiguana-favi-1.png","contentUrl":"https:\/\/iguanasmoke.com\/wp-content\/uploads\/2025\/01\/logoiguana-favi-1.png","width":512,"height":512,"caption":"Iguana Smoke"},"image":{"@id":"https:\/\/iguanasmoke.com\/#\/schema\/logo\/image\/"},"sameAs":["https:\/\/www.facebook.com\/iguanasmoke","https:\/\/www.instagram.com\/iguanasmoke\/"]}]},"product_brand":"variable","og_availability":"instock","product_availability":"instock","product_condition":"new"},"_links":{"self":[{"href":"https:\/\/iguanasmoke.com\/pt\/wp-json\/wp\/v2\/product\/26619","targetHints":{"allow":["GET"]}}],"collection":[{"href":"https:\/\/iguanasmoke.com\/pt\/wp-json\/wp\/v2\/product"}],"about":[{"href":"https:\/\/iguanasmoke.com\/pt\/wp-json\/wp\/v2\/types\/product"}],"replies":[{"embeddable":true,"href":"https:\/\/iguanasmoke.com\/pt\/wp-json\/wp\/v2\/comments?post=26619"}],"wp:featuredmedia":[{"embeddable":true,"href":"https:\/\/iguanasmoke.com\/pt\/wp-json\/wp\/v2\/media\/27067"}],"wp:attachment":[{"href":"https:\/\/iguanasmoke.com\/pt\/wp-json\/wp\/v2\/media?parent=26619"}],"wp:term":[{"taxonomy":"product_brand","embeddable":true,"href":"https:\/\/iguanasmoke.com\/pt\/wp-json\/wp\/v2\/product_brand?post=26619"},{"taxonomy":"product_cat","embeddable":true,"href":"https:\/\/iguanasmoke.com\/pt\/wp-json\/wp\/v2\/product_cat?post=26619"},{"taxonomy":"product_tag","embeddable":true,"href":"https:\/\/iguanasmoke.com\/pt\/wp-json\/wp\/v2\/product_tag?post=26619"}],"curies":[{"name":"wp","href":"https:\/\/api.w.org\/{rel}","templated":true}]}}