{"id":27032,"date":"2023-12-26T15:21:40","date_gmt":"2023-12-26T14:21:40","guid":{"rendered":"https:\/\/iguanasmoke.com\/?post_type=product&#038;p=27032"},"modified":"2026-02-13T15:48:54","modified_gmt":"2026-02-13T14:48:54","slug":"caneca-psicadelica-de-fumo-de-iguana","status":"publish","type":"product","link":"https:\/\/iguanasmoke.com\/pt\/producto\/taza-iguana-smoke-psicodelica\/","title":{"rendered":"Caneca Psicodelica Smoke Iguana"},"content":{"rendered":"<h1><span style=\"font-weight: 400;\">Ch\u00e1vena Iguana Fumo Psicad\u00e9lico<\/span><\/h1>\n<p>Descubra a fus\u00e3o perfeita de estilo e durabilidade inigual\u00e1vel com a caneca de metal psicad\u00e9lica Iguana Smoke. Esta cativante caneca de 12 oz n\u00e3o s\u00f3 apresenta um design psicad\u00e9lico \u00fanico com a imagem de uma iguana, como tamb\u00e9m \u00e9 constru\u00edda com qualidade superior: um n\u00facleo de metal robusto revestido com uma camada de esmalte, garantindo resist\u00eancia e estilo em cada gole.<\/p>\n<p>Carater\u00edsticas de destaque:<\/p>\n<ul>\n<li><strong>Desenho especial Iguana:<\/strong> Deixe-se envolver pela explos\u00e3o art\u00edstica que adorna esta caneca. Cada detalhe capta a ess\u00eancia \u00fanica da Iguana Smoke, tornando-a numa pe\u00e7a de cole\u00e7\u00e3o para os amantes de vape.<\/li>\n<li><strong>Constru\u00e7\u00e3o robusta:<\/strong> Fabricada com um n\u00facleo de metal dur\u00e1vel e revestida com uma camada de esmalte, esta caneca n\u00e3o \u00e9 apenas esteticamente deslumbrante, mas tamb\u00e9m resistente \u00e0s exig\u00eancias do dia a dia. Perfeita para uso quotidiano e concebida para durar.<\/li>\n<li><strong>Tamanho perfeito:<\/strong> Com uma capacidade de 12 oz, esta caneca \u00e9 ideal para a sua bebida favorita, quer seja caf\u00e9, ch\u00e1 ou qualquer outro l\u00edquido que deseje desfrutar. O seu tamanho vers\u00e1til torna-a a companheira perfeita para todas as suas actividades di\u00e1rias.<\/li>\n<\/ul>\n<p>D\u00ea um toque de estilo e robustez aos seus momentos de descontra\u00e7\u00e3o com a caneca de metal psicad\u00e9lica Iguana Smoke. Adquira j\u00e1 a sua e eleve a sua experi\u00eancia de bebida com autenticidade e design \u00fanico!<\/p>","protected":false},"excerpt":{"rendered":"<ul>\n<li>Tamanho: 12 on\u00e7as<\/li>\n<li>Material: Metal<\/li>\n<\/ul>","protected":false},"featured_media":27033,"comment_status":"open","ping_status":"closed","template":"","meta":{"_acf_changed":false,"site-sidebar-layout":"default","site-content-layout":"","ast-site-content-layout":"default","site-content-style":"default","site-sidebar-style":"default","ast-global-header-display":"","ast-banner-title-visibility":"","ast-main-header-display":"","ast-hfb-above-header-display":"","ast-hfb-below-header-display":"","ast-hfb-mobile-header-display":"","site-post-title":"","ast-breadcrumbs-content":"","ast-featured-img":"","footer-sml-layout":"","theme-transparent-header-meta":"default","adv-header-id-meta":"","stick-header-meta":"","header-above-stick-meta":"","header-main-stick-meta":"","header-below-stick-meta":"","astra-migrate-meta-layouts":"set","ast-page-background-enabled":"default","ast-page-background-meta":{"desktop":{"background-color":"var(--ast-global-color-4)","background-image":"","background-repeat":"repeat","background-position":"center center","background-size":"auto","background-attachment":"scroll","background-type":"","background-media":"","overlay-type":"","overlay-color":"","overlay-opacity":"","overlay-gradient":""},"tablet":{"background-color":"","background-image":"","background-repeat":"repeat","background-position":"center center","background-size":"auto","background-attachment":"scroll","background-type":"","background-media":"","overlay-type":"","overlay-color":"","overlay-opacity":"","overlay-gradient":""},"mobile":{"background-color":"","background-image":"","background-repeat":"repeat","background-position":"center center","background-size":"auto","background-attachment":"scroll","background-type":"","background-media":"","overlay-type":"","overlay-color":"","overlay-opacity":"","overlay-gradient":""}},"ast-content-background-meta":{"desktop":{"background-color":"var(--ast-global-color-5)","background-image":"","background-repeat":"repeat","background-position":"center center","background-size":"auto","background-attachment":"scroll","background-type":"","background-media":"","overlay-type":"","overlay-color":"","overlay-opacity":"","overlay-gradient":""},"tablet":{"background-color":"var(--ast-global-color-5)","background-image":"","background-repeat":"repeat","background-position":"center center","background-size":"auto","background-attachment":"scroll","background-type":"","background-media":"","overlay-type":"","overlay-color":"","overlay-opacity":"","overlay-gradient":""},"mobile":{"background-color":"var(--ast-global-color-5)","background-image":"","background-repeat":"repeat","background-position":"center center","background-size":"auto","background-attachment":"scroll","background-type":"","background-media":"","overlay-type":"","overlay-color":"","overlay-opacity":"","overlay-gradient":""}}},"product_brand":[],"product_cat":[436,985],"product_tag":[],"class_list":{"0":"post-27032","1":"product","2":"type-product","3":"status-publish","4":"has-post-thumbnail","6":"product_cat-merchandise-de-iguana-smoke","7":"product_cat-parafernalia","8":"desktop-align-center","9":"tablet-align-center","10":"mobile-align-center","12":"first","13":"outofstock","14":"taxable","15":"shipping-taxable","16":"purchasable","17":"product-type-simple"},"acf":[],"yoast_head":"<!-- This site is optimized with the Yoast SEO Premium plugin v27.3 (Yoast SEO v27.3) - https:\/\/yoast.com\/product\/yoast-seo-premium-wordpress\/ -->\n<title>Taza Iguana Smoke Psicodelica | Iguana Smoke<\/title>\n<meta name=\"description\" content=\"Compra la Taza Psicodelica Iguana al mejor precio y con una calidad inigualable en Iguana Smoke. Env\u00edo gratuito en Espa\u00f1a y Portugal a partir de 35\u20ac.\" \/>\n<meta name=\"robots\" content=\"index, follow, max-snippet:-1, max-image-preview:large, max-video-preview:-1\" \/>\n<link rel=\"canonical\" href=\"https:\/\/iguanasmoke.com\/pt\/produto\/caneca-psicadelica-de-fumo-de-iguana\/\" \/>\n<meta property=\"og:locale\" content=\"pt_PT\" \/>\n<meta property=\"og:type\" content=\"article\" \/>\n<meta property=\"og:title\" content=\"Taza Iguana Smoke Psicodelica\" \/>\n<meta property=\"og:description\" content=\"Tama\u00f1o: 12oz  Material: Metal\" \/>\n<meta property=\"og:url\" content=\"https:\/\/iguanasmoke.com\/pt\/produto\/caneca-psicadelica-de-fumo-de-iguana\/\" \/>\n<meta property=\"og:site_name\" content=\"Iguana Smoke\" \/>\n<meta property=\"article:publisher\" content=\"https:\/\/www.facebook.com\/iguanasmoke\" \/>\n<meta property=\"article:modified_time\" content=\"2026-02-13T14:48:54+00:00\" \/>\n<meta property=\"og:image\" content=\"https:\/\/iguanasmoke.com\/wp-content\/uploads\/2023\/12\/Taza-Esmaltada-Iguana-Smoke.webp\" \/>\n\t<meta property=\"og:image:width\" content=\"500\" \/>\n\t<meta property=\"og:image:height\" content=\"500\" \/>\n\t<meta property=\"og:image:type\" content=\"image\/webp\" \/>\n<meta name=\"twitter:card\" content=\"summary_large_image\" \/>\n<meta name=\"twitter:label1\" content=\"pre\u00e7o\" \/>\n\t<meta name=\"twitter:data1\" content=\"15,00&nbsp;&euro;\" \/>\n\t<meta name=\"twitter:label2\" content=\"Disponibilidade\" \/>\n\t<meta name=\"twitter:data2\" content=\"Esgotado\" \/>\n<meta property=\"product:brand\" content=\"simple\" \/>\n<meta property=\"product:price:amount\" content=\"15.00\" \/>\n<meta property=\"product:price:currency\" content=\"EUR\" \/>\n<meta property=\"og:availability\" content=\"out of stock\" \/>\n<meta property=\"product:availability\" content=\"out of stock\" \/>\n<meta property=\"product:condition\" content=\"new\" \/>\n<!-- \/ Yoast SEO Premium plugin. -->","yoast_head_json":{"title":"Caneca psicad\u00e9lica Iguana Smoke - Iguana Smoke","description":"Compre a Caneca Psicad\u00e9lica Iguana ao melhor pre\u00e7o e com qualidade imbat\u00edvel na Iguana Smoke. Portes gr\u00e1tis em Espanha e Portugal a partir de 35\u20ac.","robots":{"index":"index","follow":"follow","max-snippet":"max-snippet:-1","max-image-preview":"max-image-preview:large","max-video-preview":"max-video-preview:-1"},"canonical":"https:\/\/iguanasmoke.com\/pt\/produto\/caneca-psicadelica-de-fumo-de-iguana\/","og_locale":"pt_PT","og_type":"article","og_title":"Taza Iguana Smoke Psicodelica","og_description":"Tama\u00f1o: 12oz  Material: Metal","og_url":"https:\/\/iguanasmoke.com\/pt\/produto\/caneca-psicadelica-de-fumo-de-iguana\/","og_site_name":"Iguana Smoke","article_publisher":"https:\/\/www.facebook.com\/iguanasmoke","article_modified_time":"2026-02-13T14:48:54+00:00","og_image":[{"width":500,"height":500,"url":"https:\/\/iguanasmoke.com\/wp-content\/uploads\/2023\/12\/Taza-Esmaltada-Iguana-Smoke.webp","type":"image\/webp"}],"twitter_card":"summary_large_image","twitter_misc":{"pre\u00e7o":"15,00&nbsp;&euro;","Disponibilidade":"Esgotado"},"schema":{"@context":"https:\/\/schema.org","@graph":[{"@type":"WebPage","@id":"https:\/\/iguanasmoke.com\/producto\/taza-iguana-smoke-psicodelica\/","url":"https:\/\/iguanasmoke.com\/producto\/taza-iguana-smoke-psicodelica\/","name":"Caneca psicad\u00e9lica Iguana Smoke - Iguana Smoke","isPartOf":{"@id":"https:\/\/iguanasmoke.com\/#website"},"primaryImageOfPage":{"@id":"https:\/\/iguanasmoke.com\/producto\/taza-iguana-smoke-psicodelica\/#primaryimage"},"image":{"@id":"https:\/\/iguanasmoke.com\/producto\/taza-iguana-smoke-psicodelica\/#primaryimage"},"thumbnailUrl":"https:\/\/iguanasmoke.com\/wp-content\/uploads\/2023\/12\/Taza-Esmaltada-Iguana-Smoke.webp","datePublished":"2023-12-26T14:21:40+00:00","dateModified":"2026-02-13T14:48:54+00:00","description":"Compre a Caneca Psicad\u00e9lica Iguana ao melhor pre\u00e7o e com qualidade imbat\u00edvel na Iguana Smoke. Portes gr\u00e1tis em Espanha e Portugal a partir de 35\u20ac.","breadcrumb":{"@id":"https:\/\/iguanasmoke.com\/producto\/taza-iguana-smoke-psicodelica\/#breadcrumb"},"inLanguage":"pt-PT","potentialAction":[{"@type":"ReadAction","target":["https:\/\/iguanasmoke.com\/producto\/taza-iguana-smoke-psicodelica\/"]}]},{"@type":"ImageObject","inLanguage":"pt-PT","@id":"https:\/\/iguanasmoke.com\/producto\/taza-iguana-smoke-psicodelica\/#primaryimage","url":"https:\/\/iguanasmoke.com\/wp-content\/uploads\/2023\/12\/Taza-Esmaltada-Iguana-Smoke.webp","contentUrl":"https:\/\/iguanasmoke.com\/wp-content\/uploads\/2023\/12\/Taza-Esmaltada-Iguana-Smoke.webp","width":500,"height":500,"caption":"taza iguana smoke metal resistente"},{"@type":"BreadcrumbList","@id":"https:\/\/iguanasmoke.com\/producto\/taza-iguana-smoke-psicodelica\/#breadcrumb","itemListElement":[{"@type":"ListItem","position":1,"name":"home","item":"https:\/\/iguanasmoke.com\/"},{"@type":"ListItem","position":2,"name":"Tienda","item":"https:\/\/iguanasmoke.com\/tienda\/"},{"@type":"ListItem","position":3,"name":"Merch","item":"https:\/\/iguanasmoke.com\/categoria\/merchandise-de-iguana-smoke\/"},{"@type":"ListItem","position":4,"name":"Parafernalia","item":"https:\/\/iguanasmoke.com\/categoria\/merchandise-de-iguana-smoke\/parafernalia\/"},{"@type":"ListItem","position":5,"name":"Taza Iguana Smoke Psicodelica"}]},{"@type":"WebSite","@id":"https:\/\/iguanasmoke.com\/#website","url":"https:\/\/iguanasmoke.com\/","name":"Fumo de Iguana","description":"Comprar CBD online ao melhor pre\u00e7o","publisher":{"@id":"https:\/\/iguanasmoke.com\/#organization"},"potentialAction":[{"@type":"SearchAction","target":{"@type":"EntryPoint","urlTemplate":"https:\/\/iguanasmoke.com\/?s={search_term_string}"},"query-input":{"@type":"PropertyValueSpecification","valueRequired":true,"valueName":"search_term_string"}}],"inLanguage":"pt-PT"},{"@type":"Organization","@id":"https:\/\/iguanasmoke.com\/#organization","name":"Fumo de Iguana","url":"https:\/\/iguanasmoke.com\/","logo":{"@type":"ImageObject","inLanguage":"pt-PT","@id":"https:\/\/iguanasmoke.com\/#\/schema\/logo\/image\/","url":"https:\/\/iguanasmoke.com\/wp-content\/uploads\/2025\/01\/logoiguana-favi-1.png","contentUrl":"https:\/\/iguanasmoke.com\/wp-content\/uploads\/2025\/01\/logoiguana-favi-1.png","width":512,"height":512,"caption":"Iguana Smoke"},"image":{"@id":"https:\/\/iguanasmoke.com\/#\/schema\/logo\/image\/"},"sameAs":["https:\/\/www.facebook.com\/iguanasmoke","https:\/\/www.instagram.com\/iguanasmoke\/"]}]},"product_brand":"simple","product_price_amount":"15.00","product_price_currency":"EUR","og_availability":"out of stock","product_availability":"out of stock","product_condition":"new"},"_links":{"self":[{"href":"https:\/\/iguanasmoke.com\/pt\/wp-json\/wp\/v2\/product\/27032","targetHints":{"allow":["GET"]}}],"collection":[{"href":"https:\/\/iguanasmoke.com\/pt\/wp-json\/wp\/v2\/product"}],"about":[{"href":"https:\/\/iguanasmoke.com\/pt\/wp-json\/wp\/v2\/types\/product"}],"replies":[{"embeddable":true,"href":"https:\/\/iguanasmoke.com\/pt\/wp-json\/wp\/v2\/comments?post=27032"}],"wp:featuredmedia":[{"embeddable":true,"href":"https:\/\/iguanasmoke.com\/pt\/wp-json\/wp\/v2\/media\/27033"}],"wp:attachment":[{"href":"https:\/\/iguanasmoke.com\/pt\/wp-json\/wp\/v2\/media?parent=27032"}],"wp:term":[{"taxonomy":"product_brand","embeddable":true,"href":"https:\/\/iguanasmoke.com\/pt\/wp-json\/wp\/v2\/product_brand?post=27032"},{"taxonomy":"product_cat","embeddable":true,"href":"https:\/\/iguanasmoke.com\/pt\/wp-json\/wp\/v2\/product_cat?post=27032"},{"taxonomy":"product_tag","embeddable":true,"href":"https:\/\/iguanasmoke.com\/pt\/wp-json\/wp\/v2\/product_tag?post=27032"}],"curies":[{"name":"wp","href":"https:\/\/api.w.org\/{rel}","templated":true}]}}