{"id":27224,"date":"2023-12-28T16:47:28","date_gmt":"2023-12-28T15:47:28","guid":{"rendered":"https:\/\/iguanasmoke.com\/?post_type=product&#038;p=27224"},"modified":"2026-03-09T16:35:08","modified_gmt":"2026-03-09T15:35:08","slug":"autocolantes-de-iguana-x3-2","status":"publish","type":"product","link":"https:\/\/iguanasmoke.com\/pt\/producto\/stickers-iguana-x3\/","title":{"rendered":"Autocolantes de fumo de iguana x3"},"content":{"rendered":"<h1><span style=\"font-weight: 400;\">Autocolantes de fumo de iguana x3<\/span><\/h1>\n<p><span style=\"font-weight: 400;\">Adicionar um<strong> toque de estilo \u00fanico<\/strong> \u00e0s tuas posses com o pack de <strong>Autocolantes de fumo de iguana x3<\/strong>. Este conjunto exclusivo re\u00fane at\u00e9 <strong>5 designs diferentes de stickers premium<\/strong>, pensados para quem aprecia os pequenos detalhes e a identidade pr\u00f3pria. Cada embalagem inclui um <strong>sele\u00e7\u00e3o aleat\u00f3ria de design<\/strong>, aportando um toque de surpresa em cada unidade. <\/span><\/p>\n<p><span style=\"font-weight: 400;\">Al\u00e9m disso, s\u00e3o fabricados com <strong>materiais de alta qualidade e resist\u00eancia<\/strong> (alguns deles s\u00e3o <strong>hologr\u00e1ficos<\/strong> e <strong>iridescentes<\/strong>, s\u00e3o perfeitos para personalizar o seu ambiente com a est\u00e9tica e o estilo inconfund\u00edveis da Iguana Smoke. <\/span><\/p>\n<p><span style=\"font-weight: 400;\">Por tudo isto, s\u00e3o ideais para quem vive <strong>cultura do vape e express\u00e3o criativa<\/strong> como parte do seu estilo. <\/span><\/p>\n<p><span style=\"font-weight: 400;\">Descobre a variedade, partilha a atitude e leva contigo a ess\u00eancia vibrante da Iguana Smoke em cada <strong>Autocolantes de fumo de iguana x3<\/strong>. <\/span><\/p>\n<p>&nbsp;<\/p>\n<h3><b>Iguana Smoke \u00e9 sin\u00f3nimo de qualidade e fiabilidade.<\/b><\/h3>\n<p><span style=\"font-weight: 400;\">Na Iguana Smoke, acreditamos que desfrutar de CBD deve ser uma experi\u00eancia segura, acess\u00edvel e agrad\u00e1vel. Por isso, temos produtos de alta qualidade, incluindo os <strong>Autocolantes de fumo de iguana x3<\/strong>, que conectam com as novas gera\u00e7\u00f5es: pessoas que procuram bem-estar sem complica\u00e7\u00f5es, com marcas aut\u00eanticas e confi\u00e1veis.\u00a0<\/span><\/p>\n<p>Por outras palavras, a nossa miss\u00e3o \u00e9 clara: levar at\u00e9 si o melhor do CBD a um pre\u00e7o justo, com a tranquilidade de saber que est\u00e1 a escolher um produto certificado, eficaz, de c\u00e2nhamo e legalizado pelo 100%. Estamos na vanguarda dos produtos de CBD.<\/p>\n<p>Tem alguma quest\u00e3o? Escreva-nos e teremos todo o gosto em ajud\u00e1-lo a encontrar o produto certo para si.<\/p>","protected":false},"excerpt":{"rendered":"<ul>\n<li><strong data-start=\"364\" data-end=\"402\">Cole\u00e7\u00e3o de 5 designs exclusivos.<\/strong><br data-start=\"402\" data-end=\"405\" \/>O modelo recebido \u00e9 selecionado aleatoriamente, adicionando um fator surpresa a cada encomenda.<\/li>\n<\/ul>","protected":false},"featured_media":27225,"comment_status":"open","ping_status":"closed","template":"","meta":{"_acf_changed":false,"site-sidebar-layout":"default","site-content-layout":"","ast-site-content-layout":"default","site-content-style":"default","site-sidebar-style":"default","ast-global-header-display":"","ast-banner-title-visibility":"","ast-main-header-display":"","ast-hfb-above-header-display":"","ast-hfb-below-header-display":"","ast-hfb-mobile-header-display":"","site-post-title":"","ast-breadcrumbs-content":"","ast-featured-img":"","footer-sml-layout":"","theme-transparent-header-meta":"default","adv-header-id-meta":"","stick-header-meta":"","header-above-stick-meta":"","header-main-stick-meta":"","header-below-stick-meta":"","astra-migrate-meta-layouts":"set","ast-page-background-enabled":"default","ast-page-background-meta":{"desktop":{"background-color":"var(--ast-global-color-4)","background-image":"","background-repeat":"repeat","background-position":"center center","background-size":"auto","background-attachment":"scroll","background-type":"","background-media":"","overlay-type":"","overlay-color":"","overlay-opacity":"","overlay-gradient":""},"tablet":{"background-color":"","background-image":"","background-repeat":"repeat","background-position":"center center","background-size":"auto","background-attachment":"scroll","background-type":"","background-media":"","overlay-type":"","overlay-color":"","overlay-opacity":"","overlay-gradient":""},"mobile":{"background-color":"","background-image":"","background-repeat":"repeat","background-position":"center center","background-size":"auto","background-attachment":"scroll","background-type":"","background-media":"","overlay-type":"","overlay-color":"","overlay-opacity":"","overlay-gradient":""}},"ast-content-background-meta":{"desktop":{"background-color":"var(--ast-global-color-5)","background-image":"","background-repeat":"repeat","background-position":"center center","background-size":"auto","background-attachment":"scroll","background-type":"","background-media":"","overlay-type":"","overlay-color":"","overlay-opacity":"","overlay-gradient":""},"tablet":{"background-color":"var(--ast-global-color-5)","background-image":"","background-repeat":"repeat","background-position":"center center","background-size":"auto","background-attachment":"scroll","background-type":"","background-media":"","overlay-type":"","overlay-color":"","overlay-opacity":"","overlay-gradient":""},"mobile":{"background-color":"var(--ast-global-color-5)","background-image":"","background-repeat":"repeat","background-position":"center center","background-size":"auto","background-attachment":"scroll","background-type":"","background-media":"","overlay-type":"","overlay-color":"","overlay-opacity":"","overlay-gradient":""}}},"product_brand":[],"product_cat":[436,985],"product_tag":[],"class_list":{"0":"post-27224","1":"product","2":"type-product","3":"status-publish","4":"has-post-thumbnail","6":"product_cat-merchandise-de-iguana-smoke","7":"product_cat-parafernalia","8":"desktop-align-center","9":"tablet-align-center","10":"mobile-align-center","12":"first","13":"instock","14":"taxable","15":"shipping-taxable","16":"purchasable","17":"product-type-simple"},"acf":[],"yoast_head":"<!-- This site is optimized with the Yoast SEO Premium plugin v27.3 (Yoast SEO v27.3) - https:\/\/yoast.com\/product\/yoast-seo-premium-wordpress\/ -->\n<title>Stickers Iguana Smoke x3 | Iguana Smoke<\/title>\n<meta name=\"description\" content=\"Compra Stickers Iguana x3 al mejor precio y con una calidad inigualable en Iguana Smoke. Env\u00edo gratuito en Espa\u00f1a y Portugal a partir de 40\u20ac.\" \/>\n<meta name=\"robots\" content=\"index, follow, max-snippet:-1, max-image-preview:large, max-video-preview:-1\" \/>\n<link rel=\"canonical\" href=\"https:\/\/iguanasmoke.com\/pt\/produto\/autocolantes-de-iguana-x3-2\/\" \/>\n<meta property=\"og:locale\" content=\"pt_PT\" \/>\n<meta property=\"og:type\" content=\"article\" \/>\n<meta property=\"og:title\" content=\"Stickers Iguana Smoke x3\" \/>\n<meta property=\"og:description\" content=\"Colecci\u00f3n de 5 dise\u00f1os exclusivos.El modelo recibido se selecciona de manera aleatoria, a\u00f1adiendo un factor sorpresa a cada pedido.\" \/>\n<meta property=\"og:url\" content=\"https:\/\/iguanasmoke.com\/pt\/produto\/autocolantes-de-iguana-x3-2\/\" \/>\n<meta property=\"og:site_name\" content=\"Iguana Smoke\" \/>\n<meta property=\"article:publisher\" content=\"https:\/\/www.facebook.com\/iguanasmoke\" \/>\n<meta property=\"article:modified_time\" content=\"2026-03-09T15:35:08+00:00\" \/>\n<meta property=\"og:image\" content=\"https:\/\/iguanasmoke.com\/wp-content\/uploads\/2023\/12\/stickers-iguana-webp-1.webp\" \/>\n\t<meta property=\"og:image:width\" content=\"500\" \/>\n\t<meta property=\"og:image:height\" content=\"500\" \/>\n\t<meta property=\"og:image:type\" content=\"image\/webp\" \/>\n<meta name=\"twitter:card\" content=\"summary_large_image\" \/>\n<meta name=\"twitter:label1\" content=\"pre\u00e7o\" \/>\n\t<meta name=\"twitter:data1\" content=\"1,00&nbsp;&euro;\" \/>\n\t<meta name=\"twitter:label2\" content=\"Disponibilidade\" \/>\n\t<meta name=\"twitter:data2\" content=\"Em stock\" \/>\n<meta property=\"product:brand\" content=\"simple\" \/>\n<meta property=\"product:price:amount\" content=\"1.00\" \/>\n<meta property=\"product:price:currency\" content=\"EUR\" \/>\n<meta property=\"og:availability\" content=\"instock\" \/>\n<meta property=\"product:availability\" content=\"instock\" \/>\n<meta property=\"product:retailer_item_id\" content=\"IS-STCKRX3\" \/>\n<meta property=\"product:condition\" content=\"new\" \/>\n<!-- \/ Yoast SEO Premium plugin. -->","yoast_head_json":{"title":"Adesivos Iguana Smoke x3 | Iguana Smoke","description":"Compre Iguana Stickers x3 ao melhor pre\u00e7o e com qualidade imbat\u00edvel na Iguana Smoke. Portes gr\u00e1tis em Espanha e Portugal a partir de 40\u20ac.","robots":{"index":"index","follow":"follow","max-snippet":"max-snippet:-1","max-image-preview":"max-image-preview:large","max-video-preview":"max-video-preview:-1"},"canonical":"https:\/\/iguanasmoke.com\/pt\/produto\/autocolantes-de-iguana-x3-2\/","og_locale":"pt_PT","og_type":"article","og_title":"Stickers Iguana Smoke x3","og_description":"Colecci\u00f3n de 5 dise\u00f1os exclusivos.El modelo recibido se selecciona de manera aleatoria, a\u00f1adiendo un factor sorpresa a cada pedido.","og_url":"https:\/\/iguanasmoke.com\/pt\/produto\/autocolantes-de-iguana-x3-2\/","og_site_name":"Iguana Smoke","article_publisher":"https:\/\/www.facebook.com\/iguanasmoke","article_modified_time":"2026-03-09T15:35:08+00:00","og_image":[{"width":500,"height":500,"url":"https:\/\/iguanasmoke.com\/wp-content\/uploads\/2023\/12\/stickers-iguana-webp-1.webp","type":"image\/webp"}],"twitter_card":"summary_large_image","twitter_misc":{"pre\u00e7o":"1,00&nbsp;&euro;","Disponibilidade":"Em stock"},"schema":{"@context":"https:\/\/schema.org","@graph":[{"@type":"WebPage","@id":"https:\/\/iguanasmoke.com\/producto\/stickers-iguana-x3\/","url":"https:\/\/iguanasmoke.com\/producto\/stickers-iguana-x3\/","name":"Adesivos Iguana Smoke x3 | Iguana Smoke","isPartOf":{"@id":"https:\/\/iguanasmoke.com\/#website"},"primaryImageOfPage":{"@id":"https:\/\/iguanasmoke.com\/producto\/stickers-iguana-x3\/#primaryimage"},"image":{"@id":"https:\/\/iguanasmoke.com\/producto\/stickers-iguana-x3\/#primaryimage"},"thumbnailUrl":"https:\/\/iguanasmoke.com\/wp-content\/uploads\/2023\/12\/stickers-iguana-webp-1.webp","datePublished":"2023-12-28T15:47:28+00:00","dateModified":"2026-03-09T15:35:08+00:00","description":"Compre Iguana Stickers x3 ao melhor pre\u00e7o e com qualidade imbat\u00edvel na Iguana Smoke. Portes gr\u00e1tis em Espanha e Portugal a partir de 40\u20ac.","breadcrumb":{"@id":"https:\/\/iguanasmoke.com\/producto\/stickers-iguana-x3\/#breadcrumb"},"inLanguage":"pt-PT","potentialAction":[{"@type":"ReadAction","target":["https:\/\/iguanasmoke.com\/producto\/stickers-iguana-x3\/"]}]},{"@type":"ImageObject","inLanguage":"pt-PT","@id":"https:\/\/iguanasmoke.com\/producto\/stickers-iguana-x3\/#primaryimage","url":"https:\/\/iguanasmoke.com\/wp-content\/uploads\/2023\/12\/stickers-iguana-webp-1.webp","contentUrl":"https:\/\/iguanasmoke.com\/wp-content\/uploads\/2023\/12\/stickers-iguana-webp-1.webp","width":500,"height":500,"caption":"pack stickers iguana"},{"@type":"BreadcrumbList","@id":"https:\/\/iguanasmoke.com\/producto\/stickers-iguana-x3\/#breadcrumb","itemListElement":[{"@type":"ListItem","position":1,"name":"home","item":"https:\/\/iguanasmoke.com\/"},{"@type":"ListItem","position":2,"name":"Tienda","item":"https:\/\/iguanasmoke.com\/tienda\/"},{"@type":"ListItem","position":3,"name":"Merch","item":"https:\/\/iguanasmoke.com\/categoria\/merchandise-de-iguana-smoke\/"},{"@type":"ListItem","position":4,"name":"Parafernalia","item":"https:\/\/iguanasmoke.com\/categoria\/merchandise-de-iguana-smoke\/parafernalia\/"},{"@type":"ListItem","position":5,"name":"Stickers Iguana Smoke x3"}]},{"@type":"WebSite","@id":"https:\/\/iguanasmoke.com\/#website","url":"https:\/\/iguanasmoke.com\/","name":"Fumo de Iguana","description":"Comprar CBD online ao melhor pre\u00e7o","publisher":{"@id":"https:\/\/iguanasmoke.com\/#organization"},"potentialAction":[{"@type":"SearchAction","target":{"@type":"EntryPoint","urlTemplate":"https:\/\/iguanasmoke.com\/?s={search_term_string}"},"query-input":{"@type":"PropertyValueSpecification","valueRequired":true,"valueName":"search_term_string"}}],"inLanguage":"pt-PT"},{"@type":"Organization","@id":"https:\/\/iguanasmoke.com\/#organization","name":"Fumo de Iguana","url":"https:\/\/iguanasmoke.com\/","logo":{"@type":"ImageObject","inLanguage":"pt-PT","@id":"https:\/\/iguanasmoke.com\/#\/schema\/logo\/image\/","url":"https:\/\/iguanasmoke.com\/wp-content\/uploads\/2025\/01\/logoiguana-favi-1.png","contentUrl":"https:\/\/iguanasmoke.com\/wp-content\/uploads\/2025\/01\/logoiguana-favi-1.png","width":512,"height":512,"caption":"Iguana Smoke"},"image":{"@id":"https:\/\/iguanasmoke.com\/#\/schema\/logo\/image\/"},"sameAs":["https:\/\/www.facebook.com\/iguanasmoke","https:\/\/www.instagram.com\/iguanasmoke\/"]}]},"product_brand":"simple","product_price_amount":"1.00","product_price_currency":"EUR","og_availability":"instock","product_availability":"instock","product_retailer_item_id":"IS-STCKRX3","product_condition":"new"},"_links":{"self":[{"href":"https:\/\/iguanasmoke.com\/pt\/wp-json\/wp\/v2\/product\/27224","targetHints":{"allow":["GET"]}}],"collection":[{"href":"https:\/\/iguanasmoke.com\/pt\/wp-json\/wp\/v2\/product"}],"about":[{"href":"https:\/\/iguanasmoke.com\/pt\/wp-json\/wp\/v2\/types\/product"}],"replies":[{"embeddable":true,"href":"https:\/\/iguanasmoke.com\/pt\/wp-json\/wp\/v2\/comments?post=27224"}],"wp:featuredmedia":[{"embeddable":true,"href":"https:\/\/iguanasmoke.com\/pt\/wp-json\/wp\/v2\/media\/27225"}],"wp:attachment":[{"href":"https:\/\/iguanasmoke.com\/pt\/wp-json\/wp\/v2\/media?parent=27224"}],"wp:term":[{"taxonomy":"product_brand","embeddable":true,"href":"https:\/\/iguanasmoke.com\/pt\/wp-json\/wp\/v2\/product_brand?post=27224"},{"taxonomy":"product_cat","embeddable":true,"href":"https:\/\/iguanasmoke.com\/pt\/wp-json\/wp\/v2\/product_cat?post=27224"},{"taxonomy":"product_tag","embeddable":true,"href":"https:\/\/iguanasmoke.com\/pt\/wp-json\/wp\/v2\/product_tag?post=27224"}],"curies":[{"name":"wp","href":"https:\/\/api.w.org\/{rel}","templated":true}]}}