{"id":29146,"date":"2024-01-29T16:53:35","date_gmt":"2024-01-29T15:53:35","guid":{"rendered":"https:\/\/iguanasmoke.com\/?post_type=product&#038;p=29146"},"modified":"2026-03-15T18:48:05","modified_gmt":"2026-03-15T17:48:05","slug":"suporte-para-pre-rolos","status":"publish","type":"product","link":"https:\/\/iguanasmoke.com\/pt\/producto\/porta-pre-roll\/","title":{"rendered":"Suporte para pr\u00e9-rolos Iguana Smoke"},"content":{"rendered":"<h1><span style=\"font-weight: 400;\">Suporte para pr\u00e9-rolos: <em>Armazenar com estilo<\/em><\/span><\/h1>\n<p><span style=\"font-weight: 400;\">Descobrir o <strong>combina\u00e7\u00e3o<\/strong> <strong>perfeito<\/strong> entre eleg\u00e2ncia, resist\u00eancia e funcionalidade, a nossa <strong>Suporte de pr\u00e9-rolos<\/strong> \u00e9 para aqueles que querem desfrutar de canabidiol de qualidade sem complica\u00e7\u00f5es: abra-o e estar\u00e1 t\u00e3o fresco e pronto como no primeiro dia. Este acess\u00f3rio da <strong>a alta qualidade combina estilo e funcionalidade<\/strong> para lhe oferecer uma experi\u00eancia inigual\u00e1vel.<\/span><\/p>\n<p>&nbsp;<\/p>\n<h2><strong>Design de alta qualidade e m\u00e1xima durabilidade <\/strong><\/h2>\n<p><span style=\"font-weight: 400;\">O <strong>Suporte de pr\u00e9-rolos<\/strong> de Iguana Smoke destaca-se pela sua estrutura <strong>cil\u00edndrico<\/strong> <strong>robusto<\/strong>, Concebido para proteger eficazmente o seu Pre Rolls contra <strong>golpes<\/strong>, <strong>humidade<\/strong> y <strong>factores<\/strong> <strong>externo<\/strong>. Al\u00e9m disso, gra\u00e7as ao seu acabamento <strong>metal<\/strong>, O novo estilo, elegante e discreto, \u00e9 simultaneamente elegante e seguro.<\/span><\/p>\n<p>&nbsp;<\/p>\n<h2><strong>Conserva\u00e7\u00e3o da frescura e controlo dos odores <\/strong><\/h2>\n<p><span style=\"font-weight: 400;\">Gra\u00e7as \u00e0 sua <strong>veda\u00e7\u00e3o herm\u00e9tica com tampa de rosca<\/strong>, este <strong>Suporte de pr\u00e9-rolos<\/strong> garante a <strong>preserva\u00e7\u00e3o do aroma<\/strong>, a <strong>Aroma<\/strong> e o <strong>frescura<\/strong> do conte\u00fado. Por outro lado,<strong> impede a dispers\u00e3o de odores<\/strong>, tornando-o a escolha perfeita para transportar os seus Pre Rolls favoritos, como o <a href=\"https:\/\/iguanasmoke.com\/pt\/produto\/comprar-flores-de-cbd-cone-pre-rolamento-cone-king-size-cbd-1gr\/\"><strong>Pre Roll CBD - Cone de CBD de tamanho grande<\/strong><\/a> ou o <a href=\"https:\/\/iguanasmoke.com\/pt\/produto\/pre-rolo-10-oh-king-size-1-5g\/\"><strong>Pr\u00e9-Rolo 10-OH - Cone King Size<\/strong><\/a>, e at\u00e9 um Pr\u00e9-Rolo do <a href=\"https:\/\/iguanasmoke.com\/pt\/produto\/comprar-cbd-flowers-pack-pre-roll-cbd\/\"><strong>Pacote Pr\u00e9-Rolo CBD - Cones 0,5g<\/strong><\/a>.\u00a0<\/span><\/p>\n<p>&nbsp;<\/p>\n<h3><b>Iguana Smoke \u00e9 a sua loja online de CBD\u00a0<\/b><\/h3>\n<p><span style=\"font-weight: 400;\">Em<strong> Fumo de Iguana<\/strong>, Acreditamos que desfrutar do CBD deve ser uma experi\u00eancia segura e agrad\u00e1vel. \u00c9 por isso que temos produtos como este <strong>Suporte de pr\u00e9-rolos\u00a0<\/strong>qualidade, que se liga \u00e0s novas gera\u00e7\u00f5es: pessoas que procuram um bem-estar descomplicado, com marcas aut\u00eanticas e fi\u00e1veis.<\/span><\/p>\n<p>A nossa miss\u00e3o \u00e9 clara: trazer-lhe o melhor do mundo dos canabin\u00f3ides a um pre\u00e7o justo. Al\u00e9m disso, damos-lhe a tranquilidade de saber que est\u00e1 a escolher um produto certificado, eficaz e 100% legal. O seu tempo de relaxamento come\u00e7a aqui connosco.<\/p>\n<p>Ainda tem d\u00favidas? Escreva-nos e teremos todo o gosto em ajud\u00e1-lo a encontrar o produto certo para si*.<\/p>\n<p>&nbsp;<\/p>\n<p style=\"padding-left: 40px; text-align: center;\"><em><span style=\"font-weight: 400;\">\u26a0\ufe0fRecuerda: a sua utiliza\u00e7\u00e3o destina-se \u00e0 recolha ou \u00e0 aromaterapia, de acordo com a legisla\u00e7\u00e3o espanhola. <\/span><\/em><\/p>\n<p><em><span style=\"font-weight: 400;\">*Todos os nossos produtos s\u00e3o derivados de c\u00e2nhamo industrial certificado. Cont\u00eam menos de 0,3 THC e n\u00e3o cont\u00eam canabin\u00f3ides ilegais como HHC, HHC-P, THCP, THCP-O, H4CBD e os inclu\u00eddos no Anexo I do Decreto Real 2829\/1977, nem subst\u00e2ncias controladas por conven\u00e7\u00f5es internacionais.\u00a0\u00a0<\/span><\/em><\/p>","protected":false},"excerpt":{"rendered":"<ul>\n<li>Suporte de pr\u00e9-rolos em metal 100%<\/li>\n<li>Dur\u00e1vel e resistente<\/li>\n<li>Tampa de rosca<\/li>\n<li>Selo herm\u00e9tico em ambos os lados<\/li>\n<li>Complemento perfeito para o seu <a href=\"https:\/\/iguanasmoke.com\/pt\/categoria\/articulacoes-cbd-pre-enroladas\/\">Pr\u00e9-rolos<\/a> favoritos<\/li>\n<\/ul>","protected":false},"featured_media":29257,"comment_status":"open","ping_status":"closed","template":"","meta":{"_acf_changed":false,"site-sidebar-layout":"default","site-content-layout":"","ast-site-content-layout":"default","site-content-style":"default","site-sidebar-style":"default","ast-global-header-display":"","ast-banner-title-visibility":"","ast-main-header-display":"","ast-hfb-above-header-display":"","ast-hfb-below-header-display":"","ast-hfb-mobile-header-display":"","site-post-title":"","ast-breadcrumbs-content":"","ast-featured-img":"","footer-sml-layout":"","theme-transparent-header-meta":"default","adv-header-id-meta":"","stick-header-meta":"","header-above-stick-meta":"","header-main-stick-meta":"","header-below-stick-meta":"","astra-migrate-meta-layouts":"set","ast-page-background-enabled":"default","ast-page-background-meta":{"desktop":{"background-color":"var(--ast-global-color-4)","background-image":"","background-repeat":"repeat","background-position":"center center","background-size":"auto","background-attachment":"scroll","background-type":"","background-media":"","overlay-type":"","overlay-color":"","overlay-opacity":"","overlay-gradient":""},"tablet":{"background-color":"","background-image":"","background-repeat":"repeat","background-position":"center center","background-size":"auto","background-attachment":"scroll","background-type":"","background-media":"","overlay-type":"","overlay-color":"","overlay-opacity":"","overlay-gradient":""},"mobile":{"background-color":"","background-image":"","background-repeat":"repeat","background-position":"center center","background-size":"auto","background-attachment":"scroll","background-type":"","background-media":"","overlay-type":"","overlay-color":"","overlay-opacity":"","overlay-gradient":""}},"ast-content-background-meta":{"desktop":{"background-color":"var(--ast-global-color-5)","background-image":"","background-repeat":"repeat","background-position":"center center","background-size":"auto","background-attachment":"scroll","background-type":"","background-media":"","overlay-type":"","overlay-color":"","overlay-opacity":"","overlay-gradient":""},"tablet":{"background-color":"var(--ast-global-color-5)","background-image":"","background-repeat":"repeat","background-position":"center center","background-size":"auto","background-attachment":"scroll","background-type":"","background-media":"","overlay-type":"","overlay-color":"","overlay-opacity":"","overlay-gradient":""},"mobile":{"background-color":"var(--ast-global-color-5)","background-image":"","background-repeat":"repeat","background-position":"center center","background-size":"auto","background-attachment":"scroll","background-type":"","background-media":"","overlay-type":"","overlay-color":"","overlay-opacity":"","overlay-gradient":""}}},"product_brand":[],"product_cat":[436,335],"product_tag":[],"class_list":{"0":"post-29146","1":"product","2":"type-product","3":"status-publish","4":"has-post-thumbnail","6":"product_cat-merchandise-de-iguana-smoke","7":"product_cat-pre-roll-porros-cbd","8":"desktop-align-center","9":"tablet-align-center","10":"mobile-align-center","12":"first","13":"instock","14":"taxable","15":"shipping-taxable","16":"purchasable","17":"product-type-simple"},"acf":[],"yoast_head":"<!-- This site is optimized with the Yoast SEO Premium plugin v27.3 (Yoast SEO v27.3) - https:\/\/yoast.com\/product\/yoast-seo-premium-wordpress\/ -->\n<title>Porta Pre Roll: calidad, comodidad y elegancia | Iguana Smoke<\/title>\n<meta name=\"description\" content=\"Disfruta de la frescura y calidad con nuestro Porta Pre Roll. Elegancia y durabilidad se encuentran en este accesorio imprescindible. \u00a1Cons\u00edguelo ya!\" \/>\n<meta name=\"robots\" content=\"index, follow, max-snippet:-1, max-image-preview:large, max-video-preview:-1\" \/>\n<link rel=\"canonical\" href=\"https:\/\/iguanasmoke.com\/pt\/produto\/suporte-para-pre-rolos\/\" \/>\n<meta property=\"og:locale\" content=\"pt_PT\" \/>\n<meta property=\"og:type\" content=\"article\" \/>\n<meta property=\"og:title\" content=\"Porta Pre Roll Iguana Smoke\" \/>\n<meta property=\"og:description\" content=\"Porta Pre Roll hecho de metal 100%  Duradero y resistente  Tapa con rosca  Cierre Herm\u00e9tico por ambos lados  Complemento perfecto para tus Pre Rolls favoritos\" \/>\n<meta property=\"og:url\" content=\"https:\/\/iguanasmoke.com\/pt\/produto\/suporte-para-pre-rolos\/\" \/>\n<meta property=\"og:site_name\" content=\"Iguana Smoke\" \/>\n<meta property=\"article:publisher\" content=\"https:\/\/www.facebook.com\/iguanasmoke\" \/>\n<meta property=\"article:modified_time\" content=\"2026-03-15T17:48:05+00:00\" \/>\n<meta property=\"og:image\" content=\"https:\/\/iguanasmoke.com\/wp-content\/uploads\/2024\/01\/Porta-Pre-Roll-webp-1.webp\" \/>\n\t<meta property=\"og:image:width\" content=\"500\" \/>\n\t<meta property=\"og:image:height\" content=\"500\" \/>\n\t<meta property=\"og:image:type\" content=\"image\/webp\" \/>\n<meta name=\"twitter:card\" content=\"summary_large_image\" \/>\n<meta name=\"twitter:label1\" content=\"pre\u00e7o\" \/>\n\t<meta name=\"twitter:data1\" content=\"6,00&nbsp;&euro;\" \/>\n\t<meta name=\"twitter:label2\" content=\"Disponibilidade\" \/>\n\t<meta name=\"twitter:data2\" content=\"Em stock\" \/>\n<meta property=\"product:brand\" content=\"simple\" \/>\n<meta property=\"product:price:amount\" content=\"6.00\" \/>\n<meta property=\"product:price:currency\" content=\"EUR\" \/>\n<meta property=\"og:availability\" content=\"instock\" \/>\n<meta property=\"product:availability\" content=\"instock\" \/>\n<meta property=\"product:retailer_item_id\" content=\"IS-PORTAROLL\" \/>\n<meta property=\"product:condition\" content=\"new\" \/>\n<!-- \/ Yoast SEO Premium plugin. -->","yoast_head_json":{"title":"Porta-rolos: qualidade, conforto e eleg\u00e2ncia | Iguana Smoke","description":"Desfrute de frescura e qualidade com o nosso suporte para pr\u00e9-rolos. Eleg\u00e2ncia e durabilidade encontram-se neste acess\u00f3rio imprescind\u00edvel - compre-o j\u00e1!","robots":{"index":"index","follow":"follow","max-snippet":"max-snippet:-1","max-image-preview":"max-image-preview:large","max-video-preview":"max-video-preview:-1"},"canonical":"https:\/\/iguanasmoke.com\/pt\/produto\/suporte-para-pre-rolos\/","og_locale":"pt_PT","og_type":"article","og_title":"Porta Pre Roll Iguana Smoke","og_description":"Porta Pre Roll hecho de metal 100%  Duradero y resistente  Tapa con rosca  Cierre Herm\u00e9tico por ambos lados  Complemento perfecto para tus Pre Rolls favoritos","og_url":"https:\/\/iguanasmoke.com\/pt\/produto\/suporte-para-pre-rolos\/","og_site_name":"Iguana Smoke","article_publisher":"https:\/\/www.facebook.com\/iguanasmoke","article_modified_time":"2026-03-15T17:48:05+00:00","og_image":[{"width":500,"height":500,"url":"https:\/\/iguanasmoke.com\/wp-content\/uploads\/2024\/01\/Porta-Pre-Roll-webp-1.webp","type":"image\/webp"}],"twitter_card":"summary_large_image","twitter_misc":{"pre\u00e7o":"6,00&nbsp;&euro;","Disponibilidade":"Em stock"},"schema":{"@context":"https:\/\/schema.org","@graph":[{"@type":"WebPage","@id":"https:\/\/iguanasmoke.com\/producto\/porta-pre-roll\/","url":"https:\/\/iguanasmoke.com\/producto\/porta-pre-roll\/","name":"Porta-rolos: qualidade, conforto e eleg\u00e2ncia | Iguana Smoke","isPartOf":{"@id":"https:\/\/iguanasmoke.com\/#website"},"primaryImageOfPage":{"@id":"https:\/\/iguanasmoke.com\/producto\/porta-pre-roll\/#primaryimage"},"image":{"@id":"https:\/\/iguanasmoke.com\/producto\/porta-pre-roll\/#primaryimage"},"thumbnailUrl":"https:\/\/iguanasmoke.com\/wp-content\/uploads\/2024\/01\/Porta-Pre-Roll-webp-1.webp","datePublished":"2024-01-29T15:53:35+00:00","dateModified":"2026-03-15T17:48:05+00:00","description":"Desfrute de frescura e qualidade com o nosso suporte para pr\u00e9-rolos. Eleg\u00e2ncia e durabilidade encontram-se neste acess\u00f3rio imprescind\u00edvel - compre-o j\u00e1!","breadcrumb":{"@id":"https:\/\/iguanasmoke.com\/producto\/porta-pre-roll\/#breadcrumb"},"inLanguage":"pt-PT","potentialAction":[{"@type":"ReadAction","target":["https:\/\/iguanasmoke.com\/producto\/porta-pre-roll\/"]}]},{"@type":"ImageObject","inLanguage":"pt-PT","@id":"https:\/\/iguanasmoke.com\/producto\/porta-pre-roll\/#primaryimage","url":"https:\/\/iguanasmoke.com\/wp-content\/uploads\/2024\/01\/Porta-Pre-Roll-webp-1.webp","contentUrl":"https:\/\/iguanasmoke.com\/wp-content\/uploads\/2024\/01\/Porta-Pre-Roll-webp-1.webp","width":500,"height":500,"caption":"Porta pre roll"},{"@type":"BreadcrumbList","@id":"https:\/\/iguanasmoke.com\/producto\/porta-pre-roll\/#breadcrumb","itemListElement":[{"@type":"ListItem","position":1,"name":"home","item":"https:\/\/iguanasmoke.com\/"},{"@type":"ListItem","position":2,"name":"Tienda","item":"https:\/\/iguanasmoke.com\/tienda\/"},{"@type":"ListItem","position":3,"name":"Merch","item":"https:\/\/iguanasmoke.com\/categoria\/merchandise-de-iguana-smoke\/"},{"@type":"ListItem","position":4,"name":"Porta Pre Roll Iguana Smoke"}]},{"@type":"WebSite","@id":"https:\/\/iguanasmoke.com\/#website","url":"https:\/\/iguanasmoke.com\/","name":"Fumo de Iguana","description":"Comprar CBD online ao melhor pre\u00e7o","publisher":{"@id":"https:\/\/iguanasmoke.com\/#organization"},"potentialAction":[{"@type":"SearchAction","target":{"@type":"EntryPoint","urlTemplate":"https:\/\/iguanasmoke.com\/?s={search_term_string}"},"query-input":{"@type":"PropertyValueSpecification","valueRequired":true,"valueName":"search_term_string"}}],"inLanguage":"pt-PT"},{"@type":"Organization","@id":"https:\/\/iguanasmoke.com\/#organization","name":"Fumo de Iguana","url":"https:\/\/iguanasmoke.com\/","logo":{"@type":"ImageObject","inLanguage":"pt-PT","@id":"https:\/\/iguanasmoke.com\/#\/schema\/logo\/image\/","url":"https:\/\/iguanasmoke.com\/wp-content\/uploads\/2025\/01\/logoiguana-favi-1.png","contentUrl":"https:\/\/iguanasmoke.com\/wp-content\/uploads\/2025\/01\/logoiguana-favi-1.png","width":512,"height":512,"caption":"Iguana Smoke"},"image":{"@id":"https:\/\/iguanasmoke.com\/#\/schema\/logo\/image\/"},"sameAs":["https:\/\/www.facebook.com\/iguanasmoke","https:\/\/www.instagram.com\/iguanasmoke\/"]}]},"product_brand":"simple","product_price_amount":"6.00","product_price_currency":"EUR","og_availability":"instock","product_availability":"instock","product_retailer_item_id":"IS-PORTAROLL","product_condition":"new"},"_links":{"self":[{"href":"https:\/\/iguanasmoke.com\/pt\/wp-json\/wp\/v2\/product\/29146","targetHints":{"allow":["GET"]}}],"collection":[{"href":"https:\/\/iguanasmoke.com\/pt\/wp-json\/wp\/v2\/product"}],"about":[{"href":"https:\/\/iguanasmoke.com\/pt\/wp-json\/wp\/v2\/types\/product"}],"replies":[{"embeddable":true,"href":"https:\/\/iguanasmoke.com\/pt\/wp-json\/wp\/v2\/comments?post=29146"}],"wp:featuredmedia":[{"embeddable":true,"href":"https:\/\/iguanasmoke.com\/pt\/wp-json\/wp\/v2\/media\/29257"}],"wp:attachment":[{"href":"https:\/\/iguanasmoke.com\/pt\/wp-json\/wp\/v2\/media?parent=29146"}],"wp:term":[{"taxonomy":"product_brand","embeddable":true,"href":"https:\/\/iguanasmoke.com\/pt\/wp-json\/wp\/v2\/product_brand?post=29146"},{"taxonomy":"product_cat","embeddable":true,"href":"https:\/\/iguanasmoke.com\/pt\/wp-json\/wp\/v2\/product_cat?post=29146"},{"taxonomy":"product_tag","embeddable":true,"href":"https:\/\/iguanasmoke.com\/pt\/wp-json\/wp\/v2\/product_tag?post=29146"}],"curies":[{"name":"wp","href":"https:\/\/api.w.org\/{rel}","templated":true}]}}