{"id":31972,"date":"2024-03-27T19:09:04","date_gmt":"2024-03-27T18:09:04","guid":{"rendered":"https:\/\/iguanasmoke.com\/?post_type=product&#038;p=31972"},"modified":"2025-12-26T15:48:43","modified_gmt":"2025-12-26T14:48:43","slug":"calmex-cbd-gel-1500mg-100ml","status":"publish","type":"product","link":"https:\/\/iguanasmoke.com\/pt\/producto\/gel-calmex-cbd-1500mg-100ml\/","title":{"rendered":"Calmex CBD Gel 1500mg 100ml"},"content":{"rendered":"<h1><span style=\"font-weight: 400;\">Calmex 1500mg CBD Gel <\/span><\/h1>\n<p data-start=\"438\" data-end=\"886\"><span style=\"font-weight: 400;\">O <strong>Calmex CBD Gel<\/strong> <strong>1500mg<\/strong> \u00e9 um gel de canabidiol para proporcionar uma <strong>al\u00edvio r\u00e1pido, localizado e eficaz<\/strong> gra\u00e7as \u00e0 sua poderosa <strong>efeito frio<\/strong>. Cont\u00e9m igualmente <strong>1500mg de CBD puro em 100ml<\/strong>, e \u00e9, portanto, a escolha ideal para quem procura um gel profissional de CBD para a <strong>recupera\u00e7\u00e3o muscular<\/strong>, al\u00edvio da dor e bem-estar f\u00edsico quotidiano. <\/span><\/p>\n<p data-start=\"438\" data-end=\"886\"><span style=\"font-weight: 400;\">Concebida para aliviar a tens\u00e3o e adequada para pessoas activas e utilizadores que pretendem uma <strong>alternativa natural e eficaz<\/strong> aos analg\u00e9sicos tradicionais, o <strong>Calmex CBD Gel<\/strong> actua diretamente na zona aplicada, proporcionando uma sensa\u00e7\u00e3o de frescura imediata e duradoura.<\/span><\/p>\n<h2 data-start=\"438\" data-end=\"886\"><strong>Para que serve? <\/strong><\/h2>\n<p data-start=\"438\" data-end=\"886\"><span style=\"font-weight: 400;\">O <strong>Calmex CBD Gel <\/strong>\u00e9 indicado para o al\u00edvio do desconforto muscular e articular, especialmente em situa\u00e7\u00f5es de: <\/span><\/p>\n<ul>\n<li data-start=\"438\" data-end=\"886\"><span style=\"font-weight: 400;\">Sobrecarga muscular <\/span><\/li>\n<li data-start=\"438\" data-end=\"886\"><span style=\"font-weight: 400;\">Inflama\u00e7\u00e3o ligeira <\/span><\/li>\n<li data-start=\"438\" data-end=\"886\"><span style=\"font-weight: 400;\">Tens\u00f5es ap\u00f3s treinos f\u00edsicos intensos <\/span><\/li>\n<\/ul>\n<h2 data-start=\"438\" data-end=\"886\"><strong>Como utilizar Calmex CBD Gel 1500mg:<\/strong><\/h2>\n<p data-start=\"438\" data-end=\"886\"><span style=\"font-weight: 400;\">Aplicar topicamente na zona desejada. <\/span><\/p>\n<p data-start=\"438\" data-end=\"886\"><span style=\"font-weight: 400;\"><strong>Indica\u00e7\u00f5es:<\/strong> <\/span><\/p>\n<ol>\n<li data-start=\"438\" data-end=\"886\"><span style=\"font-weight: 400;\">Aplicar uma pequena quantidade na pele limpa e seca. <\/span><\/li>\n<li data-start=\"438\" data-end=\"886\"><span style=\"font-weight: 400;\">Massajar suavemente at\u00e9 ser completamente absorvido <\/span><\/li>\n<li data-start=\"438\" data-end=\"886\"><span style=\"font-weight: 400;\">Utilizar antes ou depois do treino ou conforme necess\u00e1rio. <\/span><\/li>\n<\/ol>\n<p><span style=\"font-weight: 400;\"><strong>\u00c1reas recomendadas:<\/strong> costas, pesco\u00e7o, ombros, joelhos, cotovelos e pernas. <\/span><\/p>\n<p><span style=\"font-weight: 400;\">\u26a0\ufe0fConsejo: evitar o contacto com os olhos e as mucosas. Apenas para uso externo.<\/span><\/p>\n<p>Para uma concentra\u00e7\u00e3o ainda maior e um efeito fixe, experimente a <strong><a href=\"https:\/\/iguanasmoke.com\/pt\/produto\/calmex-pro-5000mg-cbd-cold-effect-gel-2\/\">Calmex Pro Gel 500 mg CBD<\/a>.<\/strong><\/p>\n<h2 data-start=\"4544\" data-end=\"4574\">Carater\u00edsticas t\u00e9cnicas <span style=\"font-weight: 400;\"><strong>Calmex CBD Gel<\/strong> <strong>1500mg:<\/strong><\/span><\/h2>\n<ul>\n<li><strong>Formato: 10ml<\/strong><\/li>\n<li>Teor de CBD: 1500mg de pureza<\/li>\n<li>Efeito: Frio<\/li>\n<li>Textura: gel ligeiro, n\u00e3o oleoso<\/li>\n<li>Utiliza\u00e7\u00e3o: T\u00f3pica<\/li>\n<li>Absor\u00e7\u00e3o: R\u00e1pida<\/li>\n<li>Adequado para: Todos os tipos de pele<\/li>\n<\/ul>\n<h3><b>Iguana Smoke \u00e9 a sua loja online de confian\u00e7a de CBD<\/b><\/h3>\n<p><span style=\"font-weight: 400;\">Em<strong> Fumo de Iguana<\/strong>, Acreditamos que desfrutar do CBD deve ser uma experi\u00eancia segura e agrad\u00e1vel. \u00c9 por isso que temos produtos que se ligam \u00e0 nova gera\u00e7\u00e3o: pessoas que procuram um bem-estar descomplicado, com marcas aut\u00eanticas e fi\u00e1veis.\u00a0<\/span><\/p>\n<p>A nossa miss\u00e3o \u00e9 clara: trazer-lhe o melhor do mundo dos canabin\u00f3ides a um pre\u00e7o justo. Al\u00e9m disso, damos-lhe a tranquilidade de saber que est\u00e1 a escolher um produto certificado, eficaz e 100% legal. O seu tempo de relaxamento come\u00e7a aqui connosco.<\/p>\n<p>Ainda tem d\u00favidas? Escreva-nos e teremos todo o gosto em ajud\u00e1-lo a encontrar o produto certo para si.<\/p>","protected":false},"excerpt":{"rendered":"<p><span style=\"font-weight: 400;\">O <strong data-start=\"5270\" data-end=\"5302\">Calmex 1500mg CBD Gel <\/strong>\u00e9 um gel de canabidiol com efeito frio, concebido para o al\u00edvio r\u00e1pido das dores musculares e articulares. A sua f\u00f3rmula n\u00e3o oleosa e de absor\u00e7\u00e3o r\u00e1pida actua localmente.\u00a0<\/span><\/p>","protected":false},"featured_media":31978,"comment_status":"open","ping_status":"closed","template":"","meta":{"_acf_changed":false,"site-sidebar-layout":"default","site-content-layout":"","ast-site-content-layout":"default","site-content-style":"default","site-sidebar-style":"default","ast-global-header-display":"","ast-banner-title-visibility":"","ast-main-header-display":"","ast-hfb-above-header-display":"","ast-hfb-below-header-display":"","ast-hfb-mobile-header-display":"","site-post-title":"","ast-breadcrumbs-content":"","ast-featured-img":"","footer-sml-layout":"","theme-transparent-header-meta":"default","adv-header-id-meta":"","stick-header-meta":"","header-above-stick-meta":"","header-main-stick-meta":"","header-below-stick-meta":"","astra-migrate-meta-layouts":"set","ast-page-background-enabled":"default","ast-page-background-meta":{"desktop":{"background-color":"var(--ast-global-color-4)","background-image":"","background-repeat":"repeat","background-position":"center center","background-size":"auto","background-attachment":"scroll","background-type":"","background-media":"","overlay-type":"","overlay-color":"","overlay-opacity":"","overlay-gradient":""},"tablet":{"background-color":"","background-image":"","background-repeat":"repeat","background-position":"center center","background-size":"auto","background-attachment":"scroll","background-type":"","background-media":"","overlay-type":"","overlay-color":"","overlay-opacity":"","overlay-gradient":""},"mobile":{"background-color":"","background-image":"","background-repeat":"repeat","background-position":"center center","background-size":"auto","background-attachment":"scroll","background-type":"","background-media":"","overlay-type":"","overlay-color":"","overlay-opacity":"","overlay-gradient":""}},"ast-content-background-meta":{"desktop":{"background-color":"var(--ast-global-color-5)","background-image":"","background-repeat":"repeat","background-position":"center center","background-size":"auto","background-attachment":"scroll","background-type":"","background-media":"","overlay-type":"","overlay-color":"","overlay-opacity":"","overlay-gradient":""},"tablet":{"background-color":"var(--ast-global-color-5)","background-image":"","background-repeat":"repeat","background-position":"center center","background-size":"auto","background-attachment":"scroll","background-type":"","background-media":"","overlay-type":"","overlay-color":"","overlay-opacity":"","overlay-gradient":""},"mobile":{"background-color":"var(--ast-global-color-5)","background-image":"","background-repeat":"repeat","background-position":"center center","background-size":"auto","background-attachment":"scroll","background-type":"","background-media":"","overlay-type":"","overlay-color":"","overlay-opacity":"","overlay-gradient":""}}},"product_brand":[],"product_cat":[455,456,458],"product_tag":[],"class_list":{"0":"post-31972","1":"product","2":"type-product","3":"status-publish","4":"has-post-thumbnail","6":"product_cat-cosmeticos-cbd","7":"product_cat-lyf","8":"product_cat-marios-market","9":"desktop-align-center","10":"tablet-align-center","11":"mobile-align-center","13":"first","14":"instock","15":"taxable","16":"shipping-taxable","17":"purchasable","18":"product-type-simple"},"acf":[],"yoast_head":"<!-- This site is optimized with the Yoast SEO Premium plugin v27.3 (Yoast SEO v27.3) - https:\/\/yoast.com\/product\/yoast-seo-premium-wordpress\/ -->\n<title>Gel Calmex CBD 1500mg -Alivio natural del dolor | Iguana Smoke<\/title>\n<meta name=\"description\" content=\"Consigue tu Gel Calmex CBD 1500mg en THE LYF LABS. Alivio natural con CBD para molestias musculares. Rutina de cuidado calmante con CBD\" \/>\n<meta name=\"robots\" content=\"index, follow, max-snippet:-1, max-image-preview:large, max-video-preview:-1\" \/>\n<link rel=\"canonical\" href=\"https:\/\/iguanasmoke.com\/pt\/produto\/calmex-cbd-gel-1500mg-100ml\/\" \/>\n<meta property=\"og:locale\" content=\"pt_PT\" \/>\n<meta property=\"og:type\" content=\"article\" \/>\n<meta property=\"og:title\" content=\"Gel Calmex CBD 1500mg 100ml\" \/>\n<meta property=\"og:description\" content=\"El Gel Calmex 1500mg de CBD es un gel de cannabidiol con efecto fr\u00edo, dise\u00f1ado para el alivio r\u00e1pido del dolor muscular y articular. Su f\u00f3rmula de r\u00e1pida absorci\u00f3n, no grasa, act\u00faa de forma localizada.\u00a0\" \/>\n<meta property=\"og:url\" content=\"https:\/\/iguanasmoke.com\/pt\/produto\/calmex-cbd-gel-1500mg-100ml\/\" \/>\n<meta property=\"og:site_name\" content=\"Iguana Smoke\" \/>\n<meta property=\"article:publisher\" content=\"https:\/\/www.facebook.com\/iguanasmoke\" \/>\n<meta property=\"article:modified_time\" content=\"2025-12-26T14:48:43+00:00\" \/>\n<meta property=\"og:image\" content=\"https:\/\/iguanasmoke.com\/wp-content\/uploads\/2024\/03\/Gel-Calmex-webp.webp\" \/>\n\t<meta property=\"og:image:width\" content=\"500\" \/>\n\t<meta property=\"og:image:height\" content=\"500\" \/>\n\t<meta property=\"og:image:type\" content=\"image\/webp\" \/>\n<meta name=\"twitter:card\" content=\"summary_large_image\" \/>\n<meta name=\"twitter:label1\" content=\"pre\u00e7o\" \/>\n\t<meta name=\"twitter:data1\" content=\"25,90&nbsp;&euro;\" \/>\n\t<meta name=\"twitter:label2\" content=\"Disponibilidade\" \/>\n\t<meta name=\"twitter:data2\" content=\"Em stock\" \/>\n<meta property=\"product:brand\" content=\"simple\" \/>\n<meta property=\"product:price:amount\" content=\"25.90\" \/>\n<meta property=\"product:price:currency\" content=\"EUR\" \/>\n<meta property=\"og:availability\" content=\"instock\" \/>\n<meta property=\"product:availability\" content=\"instock\" \/>\n<meta property=\"product:retailer_item_id\" content=\"LYF-CALMEX\" \/>\n<meta property=\"product:condition\" content=\"new\" \/>\n<!-- \/ Yoast SEO Premium plugin. -->","yoast_head_json":{"title":"Calmex CBD Gel 1500mg - Al\u00edvio natural da dor | Iguana Smoke","description":"Compre o seu Calmex CBD Gel 1500mg na THE LYF LABS. Al\u00edvio natural do CBD para o desconforto muscular. Rotina de cuidados calmantes com CBD","robots":{"index":"index","follow":"follow","max-snippet":"max-snippet:-1","max-image-preview":"max-image-preview:large","max-video-preview":"max-video-preview:-1"},"canonical":"https:\/\/iguanasmoke.com\/pt\/produto\/calmex-cbd-gel-1500mg-100ml\/","og_locale":"pt_PT","og_type":"article","og_title":"Gel Calmex CBD 1500mg 100ml","og_description":"El Gel Calmex 1500mg de CBD es un gel de cannabidiol con efecto fr\u00edo, dise\u00f1ado para el alivio r\u00e1pido del dolor muscular y articular. Su f\u00f3rmula de r\u00e1pida absorci\u00f3n, no grasa, act\u00faa de forma localizada.\u00a0","og_url":"https:\/\/iguanasmoke.com\/pt\/produto\/calmex-cbd-gel-1500mg-100ml\/","og_site_name":"Iguana Smoke","article_publisher":"https:\/\/www.facebook.com\/iguanasmoke","article_modified_time":"2025-12-26T14:48:43+00:00","og_image":[{"width":500,"height":500,"url":"https:\/\/iguanasmoke.com\/wp-content\/uploads\/2024\/03\/Gel-Calmex-webp.webp","type":"image\/webp"}],"twitter_card":"summary_large_image","twitter_misc":{"pre\u00e7o":"25,90&nbsp;&euro;","Disponibilidade":"Em stock"},"schema":{"@context":"https:\/\/schema.org","@graph":[{"@type":"WebPage","@id":"https:\/\/iguanasmoke.com\/producto\/gel-calmex-cbd-1500mg-100ml\/","url":"https:\/\/iguanasmoke.com\/producto\/gel-calmex-cbd-1500mg-100ml\/","name":"Calmex CBD Gel 1500mg - Al\u00edvio natural da dor | Iguana Smoke","isPartOf":{"@id":"https:\/\/iguanasmoke.com\/#website"},"primaryImageOfPage":{"@id":"https:\/\/iguanasmoke.com\/producto\/gel-calmex-cbd-1500mg-100ml\/#primaryimage"},"image":{"@id":"https:\/\/iguanasmoke.com\/producto\/gel-calmex-cbd-1500mg-100ml\/#primaryimage"},"thumbnailUrl":"https:\/\/iguanasmoke.com\/wp-content\/uploads\/2024\/03\/Gel-Calmex-webp.webp","datePublished":"2024-03-27T18:09:04+00:00","dateModified":"2025-12-26T14:48:43+00:00","description":"Compre o seu Calmex CBD Gel 1500mg na THE LYF LABS. Al\u00edvio natural do CBD para o desconforto muscular. Rotina de cuidados calmantes com CBD","breadcrumb":{"@id":"https:\/\/iguanasmoke.com\/producto\/gel-calmex-cbd-1500mg-100ml\/#breadcrumb"},"inLanguage":"pt-PT","potentialAction":[{"@type":"ReadAction","target":["https:\/\/iguanasmoke.com\/producto\/gel-calmex-cbd-1500mg-100ml\/"]}]},{"@type":"ImageObject","inLanguage":"pt-PT","@id":"https:\/\/iguanasmoke.com\/producto\/gel-calmex-cbd-1500mg-100ml\/#primaryimage","url":"https:\/\/iguanasmoke.com\/wp-content\/uploads\/2024\/03\/Gel-Calmex-webp.webp","contentUrl":"https:\/\/iguanasmoke.com\/wp-content\/uploads\/2024\/03\/Gel-Calmex-webp.webp","width":500,"height":500,"caption":"gel calmex 1500"},{"@type":"BreadcrumbList","@id":"https:\/\/iguanasmoke.com\/producto\/gel-calmex-cbd-1500mg-100ml\/#breadcrumb","itemListElement":[{"@type":"ListItem","position":1,"name":"home","item":"https:\/\/iguanasmoke.com\/"},{"@type":"ListItem","position":2,"name":"Tienda","item":"https:\/\/iguanasmoke.com\/tienda\/"},{"@type":"ListItem","position":3,"name":"Mario's Market","item":"https:\/\/iguanasmoke.com\/categoria\/marios-market\/"},{"@type":"ListItem","position":4,"name":"Gel Calmex CBD 1500mg 100ml"}]},{"@type":"WebSite","@id":"https:\/\/iguanasmoke.com\/#website","url":"https:\/\/iguanasmoke.com\/","name":"Fumo de Iguana","description":"Comprar CBD online ao melhor pre\u00e7o","publisher":{"@id":"https:\/\/iguanasmoke.com\/#organization"},"potentialAction":[{"@type":"SearchAction","target":{"@type":"EntryPoint","urlTemplate":"https:\/\/iguanasmoke.com\/?s={search_term_string}"},"query-input":{"@type":"PropertyValueSpecification","valueRequired":true,"valueName":"search_term_string"}}],"inLanguage":"pt-PT"},{"@type":"Organization","@id":"https:\/\/iguanasmoke.com\/#organization","name":"Fumo de Iguana","url":"https:\/\/iguanasmoke.com\/","logo":{"@type":"ImageObject","inLanguage":"pt-PT","@id":"https:\/\/iguanasmoke.com\/#\/schema\/logo\/image\/","url":"https:\/\/iguanasmoke.com\/wp-content\/uploads\/2025\/01\/logoiguana-favi-1.png","contentUrl":"https:\/\/iguanasmoke.com\/wp-content\/uploads\/2025\/01\/logoiguana-favi-1.png","width":512,"height":512,"caption":"Iguana Smoke"},"image":{"@id":"https:\/\/iguanasmoke.com\/#\/schema\/logo\/image\/"},"sameAs":["https:\/\/www.facebook.com\/iguanasmoke","https:\/\/www.instagram.com\/iguanasmoke\/"]}]},"product_brand":"simple","product_price_amount":"25.90","product_price_currency":"EUR","og_availability":"instock","product_availability":"instock","product_retailer_item_id":"LYF-CALMEX","product_condition":"new"},"_links":{"self":[{"href":"https:\/\/iguanasmoke.com\/pt\/wp-json\/wp\/v2\/product\/31972","targetHints":{"allow":["GET"]}}],"collection":[{"href":"https:\/\/iguanasmoke.com\/pt\/wp-json\/wp\/v2\/product"}],"about":[{"href":"https:\/\/iguanasmoke.com\/pt\/wp-json\/wp\/v2\/types\/product"}],"replies":[{"embeddable":true,"href":"https:\/\/iguanasmoke.com\/pt\/wp-json\/wp\/v2\/comments?post=31972"}],"wp:featuredmedia":[{"embeddable":true,"href":"https:\/\/iguanasmoke.com\/pt\/wp-json\/wp\/v2\/media\/31978"}],"wp:attachment":[{"href":"https:\/\/iguanasmoke.com\/pt\/wp-json\/wp\/v2\/media?parent=31972"}],"wp:term":[{"taxonomy":"product_brand","embeddable":true,"href":"https:\/\/iguanasmoke.com\/pt\/wp-json\/wp\/v2\/product_brand?post=31972"},{"taxonomy":"product_cat","embeddable":true,"href":"https:\/\/iguanasmoke.com\/pt\/wp-json\/wp\/v2\/product_cat?post=31972"},{"taxonomy":"product_tag","embeddable":true,"href":"https:\/\/iguanasmoke.com\/pt\/wp-json\/wp\/v2\/product_tag?post=31972"}],"curies":[{"name":"wp","href":"https:\/\/api.w.org\/{rel}","templated":true}]}}