{"id":31973,"date":"2024-03-27T19:09:05","date_gmt":"2024-03-27T18:09:05","guid":{"rendered":"https:\/\/iguanasmoke.com\/?post_type=product&#038;p=31973"},"modified":"2025-12-26T15:55:53","modified_gmt":"2025-12-26T14:55:53","slug":"migradol-cbd-90mg-10ml","status":"publish","type":"product","link":"https:\/\/iguanasmoke.com\/pt\/producto\/migradol-cbd-90mg-10ml\/","title":{"rendered":"Migradol CBD 90mg 10ml"},"content":{"rendered":"<h1><span style=\"font-weight: 400;\">Migradol CBD 90mg<\/span><\/h1>\n<p data-start=\"292\" data-end=\"627\"><strong data-start=\"292\" data-end=\"308\">Migradol CBD<\/strong> de <strong data-start=\"312\" data-end=\"328\">OS LABORAT\u00d3RIOS LYF<\/strong> \u00e9 uma solu\u00e7\u00e3o t\u00f3pica inovadora concebida para a <strong data-start=\"380\" data-end=\"446\">al\u00edvio natural das enxaquecas e dores de cabe\u00e7a tensionais<\/strong>. Gra\u00e7as \u00e0 sua f\u00f3rmula avan\u00e7ada com <strong data-start=\"482\" data-end=\"498\">90 mg de CBD<\/strong> e uma mistura cuidadosamente selecionada de \u00f3leos essenciais, actua r\u00e1pida e localmente para o ajudar a recuperar o seu bem-estar di\u00e1rio. De facto, Migradol CBD 90mg \u00e9 popular pela sua efic\u00e1cia.<\/p>\n<p data-start=\"629\" data-end=\"909\">Al\u00e9m disso, o seu car\u00e1cter pr\u00e1tico <strong data-start=\"649\" data-end=\"677\">Formato Roll-On de 10 ml<\/strong> permite uma aplica\u00e7\u00e3o precisa, conveniente e limpa em qualquer altura e em qualquer lugar. Isto faz do Migradol CBD o aliado ideal para quem procura uma alternativa natural, eficaz e sem medicamentos para as enxaquecas. Com Migradol CBD 90mg, a aplica\u00e7\u00e3o \u00e9 simples e eficaz.<\/p>\n<h2 data-start=\"629\" data-end=\"909\"><strong>Como \u00e9 que o Migradol CBD actua contra as enxaquecas?<\/strong><\/h2>\n<p data-start=\"964\" data-end=\"1304\">A efic\u00e1cia da <strong data-start=\"979\" data-end=\"995\">Migradol CBD<\/strong> baseia-se no <strong data-start=\"1010\" data-end=\"1065\">sinergia entre o canabidiol e os extractos naturais<\/strong> cuidadosamente selecionados. Por um lado, o <strong data-start=\"1112\" data-end=\"1119\">CBD<\/strong> ajuda a relaxar e a acalmar a zona aplicada; por outro lado, ingredientes como <strong data-start=\"1194\" data-end=\"1216\">menta e alfazema<\/strong> proporcionam um efeito refrescante e calmante que promove a sensa\u00e7\u00e3o de al\u00edvio imediato. Esta combina\u00e7\u00e3o faz do Migradol CBD 90mg a escolha preferida de muitos.<\/p>\n<p data-start=\"1306\" data-end=\"1335\">Consequentemente, Migradol CBD:<\/p>\n<ul>\n<li data-start=\"1338\" data-end=\"1385\">Ajuda a reduzir a tens\u00e3o nas t\u00eamporas e na cabe\u00e7a<\/li>\n<li data-start=\"1338\" data-end=\"1385\">Proporciona uma sensa\u00e7\u00e3o de frescura e relaxamento<\/li>\n<li data-start=\"1338\" data-end=\"1385\">Contribui para o al\u00edvio progressivo do desconforto associado \u00e0s enxaquecas<\/li>\n<\/ul>\n<h2><strong>Benef\u00edcios do Migradol CBD 90mg<\/strong><\/h2>\n<p data-start=\"1551\" data-end=\"1644\">Gra\u00e7as \u00e0 sua f\u00f3rmula natural e equilibrada, <strong data-start=\"1599\" data-end=\"1615\">Migradol CBD<\/strong> oferece m\u00faltiplas vantagens:<\/p>\n<ul data-start=\"1646\" data-end=\"1945\">\n<li data-start=\"1646\" data-end=\"1704\">\n<p data-start=\"1648\" data-end=\"1704\">\u2714\ufe0f <strong data-start=\"1651\" data-end=\"1681\">Al\u00edvio localizado e r\u00e1pido<\/strong> de enxaquecas e dores de cabe\u00e7a<\/p>\n<\/li>\n<li data-start=\"1705\" data-end=\"1760\">\n<p data-start=\"1707\" data-end=\"1760\">\u2714\ufe0f <strong data-start=\"1710\" data-end=\"1726\">90 mg de CBD<\/strong> para refor\u00e7ar o efeito calmante<\/p>\n<\/li>\n<li data-start=\"1761\" data-end=\"1811\">\n<p data-start=\"1763\" data-end=\"1811\">\u2714\ufe0f <strong data-start=\"1766\" data-end=\"1785\">Formato Roll-On<\/strong>, pr\u00e1tico e f\u00e1cil de utilizar<\/p>\n<\/li>\n<li data-start=\"1812\" data-end=\"1851\">\n<p data-start=\"1814\" data-end=\"1851\">\u2714\ufe0f <strong data-start=\"1817\" data-end=\"1851\">Efeito refrescante e relaxante<\/strong><\/p>\n<\/li>\n<li data-start=\"1852\" data-end=\"1897\">\n<p data-start=\"1854\" data-end=\"1897\">\u2714\ufe0f Preparado com <strong data-start=\"1871\" data-end=\"1897\">ingredientes naturais<\/strong><\/p>\n<\/li>\n<li data-start=\"1898\" data-end=\"1945\">\n<p data-start=\"1900\" data-end=\"1945\">\u2714\ufe0f Ideal para uso di\u00e1rio e em todo o lado.<\/p>\n<\/li>\n<\/ul>\n<h2 data-start=\"1952\" data-end=\"1982\">Como utilizar Migradol CBD 90mg<\/h2>\n<p data-start=\"1984\" data-end=\"2046\">Para obter melhores resultados, siga estas diretrizes:<\/p>\n<ul data-start=\"2048\" data-end=\"2198\">\n<li data-start=\"2048\" data-end=\"2079\">\n<p data-start=\"2050\" data-end=\"2079\">Utiliza\u00e7\u00e3o <strong data-start=\"2054\" data-end=\"2079\">exclusivamente t\u00f3pico<\/strong><\/p>\n<\/li>\n<li data-start=\"2080\" data-end=\"2145\">\n<p data-start=\"2082\" data-end=\"2145\">Aplicar <strong data-start=\"2090\" data-end=\"2117\">1-2 passagens de roll-on<\/strong> em ambos os lados das t\u00eamporas<\/p>\n<\/li>\n<li data-start=\"2146\" data-end=\"2198\">\n<p data-start=\"2148\" data-end=\"2198\">Se desejar, massajar suavemente at\u00e9 ser absorvido.<\/p>\n<\/li>\n<\/ul>\n<h2 data-start=\"2509\" data-end=\"2551\">A quem se destina o Migradol CBD 90mg?<\/h2>\n<p data-start=\"2553\" data-end=\"2584\"><strong data-start=\"2553\" data-end=\"2569\">Migradol CBD<\/strong> \u00e9 ideal para:<\/p>\n<ul>\n<li data-start=\"2587\" data-end=\"2631\">Pessoas que sofrem <strong data-start=\"2607\" data-end=\"2631\">enxaquecas recorrentes<\/strong><\/li>\n<li data-start=\"2587\" data-end=\"2631\">Os utilizadores que procuram um <strong data-start=\"2658\" data-end=\"2681\">alternativa natural<\/strong> \u00e0 utiliza\u00e7\u00e3o de analg\u00e9sicos<\/li>\n<li data-start=\"2587\" data-end=\"2631\">Pessoas com stress ou tens\u00e3o acumulada na zona craniana<\/li>\n<li data-start=\"2587\" data-end=\"2631\">Quem quer um produto <strong data-start=\"2794\" data-end=\"2823\">c\u00f3modo, discreto e eficaz<\/strong><\/li>\n<\/ul>\n<h2 data-start=\"2830\" data-end=\"2861\">Ingredientes do Migradol CBD<\/h2>\n<p data-start=\"2863\" data-end=\"2949\">A f\u00f3rmula para <strong data-start=\"2877\" data-end=\"2893\">Migradol CBD<\/strong> combina \u00f3leos vegetais e essenciais de alta qualidade:<\/p>\n<p data-start=\"2951\" data-end=\"3260\">Triglic\u00e9rido Capr\u00edlico\/C\u00e1prico, \u00d3leo de Prunus Amygdalus Dulcis, \u00d3leo de Mentha Piperita, L-Mentol, <strong data-start=\"3042\" data-end=\"3063\">Canabidiol (CBD)<\/strong> derivado de extrato, tintura ou resina de cannabis, \u00f3leo de Melaleuca Leucadendron Cajaput, \u00f3leo de folhas de Eugenia Caryophyllus, tocoferol, \u00f3leo de sementes de Helianthus Annuus, limoneno, linalol, citral e eugenol. Com todos estes ingredientes, Migradol CBD 90mg oferece m\u00faltiplos benef\u00edcios.<\/p>\n<h3><b>Iguana Smoke \u00e9 a sua loja online de confian\u00e7a de CBD<\/b><\/h3>\n<p><span style=\"font-weight: 400;\">Em<strong> Fumo de Iguana<\/strong>, Acreditamos que desfrutar do CBD deve ser uma experi\u00eancia segura e agrad\u00e1vel. \u00c9 por isso que temos produtos que se ligam \u00e0 nova gera\u00e7\u00e3o: pessoas que procuram um bem-estar descomplicado, com marcas aut\u00eanticas e fi\u00e1veis.\u00a0<\/span><\/p>\n<p>A nossa miss\u00e3o \u00e9 clara: trazer-lhe o melhor do mundo dos canabin\u00f3ides a um pre\u00e7o justo. Al\u00e9m disso, damos-lhe a tranquilidade de saber que est\u00e1 a escolher um produto certificado, eficaz e 100% legal. O seu tempo de relaxamento come\u00e7a aqui connosco.<\/p>\n<p>Ainda tem d\u00favidas? Escreva-nos e teremos todo o gosto em ajud\u00e1-lo a encontrar o produto certo para si.<\/p>","protected":false},"excerpt":{"rendered":"<p><strong data-start=\"159\" data-end=\"175\">Migradol CBD<\/strong> \u00e9 um roll-on t\u00f3pico com <strong data-start=\"201\" data-end=\"225\">90 mg de canabidiol:<\/strong><\/p>\n<ul>\n<li><strong data-start=\"245\" data-end=\"307\" data-is-only-node=\"\">Para um al\u00edvio r\u00e1pido e localizado das enxaquecas e dores de cabe\u00e7a<\/strong><\/li>\n<li>Combina\u00e7\u00e3o de <strong data-start=\"337\" data-end=\"365\">CBD e \u00f3leos essenciais<\/strong><\/li>\n<li>Sensa\u00e7\u00e3o refrescante e calmante<\/li>\n<li><span data-start=\"441\" data-end=\"470\">F<\/span><strong data-start=\"441\" data-end=\"470\">10 ml de ormato compacto<\/strong><\/li>\n<\/ul>","protected":false},"featured_media":34049,"comment_status":"open","ping_status":"closed","template":"","meta":{"_acf_changed":false,"site-sidebar-layout":"default","site-content-layout":"","ast-site-content-layout":"default","site-content-style":"default","site-sidebar-style":"default","ast-global-header-display":"","ast-banner-title-visibility":"","ast-main-header-display":"","ast-hfb-above-header-display":"","ast-hfb-below-header-display":"","ast-hfb-mobile-header-display":"","site-post-title":"","ast-breadcrumbs-content":"","ast-featured-img":"","footer-sml-layout":"","theme-transparent-header-meta":"default","adv-header-id-meta":"","stick-header-meta":"","header-above-stick-meta":"","header-main-stick-meta":"","header-below-stick-meta":"","astra-migrate-meta-layouts":"set","ast-page-background-enabled":"default","ast-page-background-meta":{"desktop":{"background-color":"var(--ast-global-color-4)","background-image":"","background-repeat":"repeat","background-position":"center center","background-size":"auto","background-attachment":"scroll","background-type":"","background-media":"","overlay-type":"","overlay-color":"","overlay-opacity":"","overlay-gradient":""},"tablet":{"background-color":"","background-image":"","background-repeat":"repeat","background-position":"center center","background-size":"auto","background-attachment":"scroll","background-type":"","background-media":"","overlay-type":"","overlay-color":"","overlay-opacity":"","overlay-gradient":""},"mobile":{"background-color":"","background-image":"","background-repeat":"repeat","background-position":"center center","background-size":"auto","background-attachment":"scroll","background-type":"","background-media":"","overlay-type":"","overlay-color":"","overlay-opacity":"","overlay-gradient":""}},"ast-content-background-meta":{"desktop":{"background-color":"var(--ast-global-color-5)","background-image":"","background-repeat":"repeat","background-position":"center center","background-size":"auto","background-attachment":"scroll","background-type":"","background-media":"","overlay-type":"","overlay-color":"","overlay-opacity":"","overlay-gradient":""},"tablet":{"background-color":"var(--ast-global-color-5)","background-image":"","background-repeat":"repeat","background-position":"center center","background-size":"auto","background-attachment":"scroll","background-type":"","background-media":"","overlay-type":"","overlay-color":"","overlay-opacity":"","overlay-gradient":""},"mobile":{"background-color":"var(--ast-global-color-5)","background-image":"","background-repeat":"repeat","background-position":"center center","background-size":"auto","background-attachment":"scroll","background-type":"","background-media":"","overlay-type":"","overlay-color":"","overlay-opacity":"","overlay-gradient":""}}},"product_brand":[],"product_cat":[455,456,458],"product_tag":[],"class_list":{"0":"post-31973","1":"product","2":"type-product","3":"status-publish","4":"has-post-thumbnail","6":"product_cat-cosmeticos-cbd","7":"product_cat-lyf","8":"product_cat-marios-market","9":"desktop-align-center","10":"tablet-align-center","11":"mobile-align-center","13":"first","14":"outofstock","15":"taxable","16":"shipping-taxable","17":"purchasable","18":"product-type-simple"},"acf":[],"yoast_head":"<!-- This site is optimized with the Yoast SEO Premium plugin v27.3 (Yoast SEO v27.3) - https:\/\/yoast.com\/product\/yoast-seo-premium-wordpress\/ -->\n<title>Migradol CBD 90mg | Iguana Smoke<\/title>\n<meta name=\"description\" content=\"Consigue tu Migradol CBD 90mg en THE LYF LABS, un producto natural e innovador para el alivio de las migra\u00f1as en un pr\u00e1ctico formato Roll-On.\" \/>\n<meta name=\"robots\" content=\"index, follow, max-snippet:-1, max-image-preview:large, max-video-preview:-1\" \/>\n<link rel=\"canonical\" href=\"https:\/\/iguanasmoke.com\/pt\/produto\/migradol-cbd-90mg-10ml\/\" \/>\n<meta property=\"og:locale\" content=\"pt_PT\" \/>\n<meta property=\"og:type\" content=\"article\" \/>\n<meta property=\"og:title\" content=\"Migradol CBD 90mg 10ml\" \/>\n<meta property=\"og:description\" content=\"Migradol CBD es un roll-on t\u00f3pico con 90 mg de cannabidiol:   Para el alivio r\u00e1pido y localizado de migra\u00f1as y dolores de cabeza  Combinaci\u00f3n de CBD y aceites esenciales  Sensaci\u00f3n refrescante y calmante  Formato compacto de 10 ml\" \/>\n<meta property=\"og:url\" content=\"https:\/\/iguanasmoke.com\/pt\/produto\/migradol-cbd-90mg-10ml\/\" \/>\n<meta property=\"og:site_name\" content=\"Iguana Smoke\" \/>\n<meta property=\"article:publisher\" content=\"https:\/\/www.facebook.com\/iguanasmoke\" \/>\n<meta property=\"article:modified_time\" content=\"2025-12-26T14:55:53+00:00\" \/>\n<meta property=\"og:image\" content=\"https:\/\/iguanasmoke.com\/wp-content\/uploads\/2024\/03\/migradol.webp\" \/>\n\t<meta property=\"og:image:width\" content=\"500\" \/>\n\t<meta property=\"og:image:height\" content=\"500\" \/>\n\t<meta property=\"og:image:type\" content=\"image\/webp\" \/>\n<meta name=\"twitter:card\" content=\"summary_large_image\" \/>\n<meta name=\"twitter:label1\" content=\"pre\u00e7o\" \/>\n\t<meta name=\"twitter:data1\" content=\"15,90&nbsp;&euro;\" \/>\n\t<meta name=\"twitter:label2\" content=\"Disponibilidade\" \/>\n\t<meta name=\"twitter:data2\" content=\"Esgotado\" \/>\n<meta property=\"product:brand\" content=\"simple\" \/>\n<meta property=\"product:price:amount\" content=\"15.90\" \/>\n<meta property=\"product:price:currency\" content=\"EUR\" \/>\n<meta property=\"og:availability\" content=\"out of stock\" \/>\n<meta property=\"product:availability\" content=\"out of stock\" \/>\n<meta property=\"product:retailer_item_id\" content=\"LYF-MIGRADOL\" \/>\n<meta property=\"product:condition\" content=\"new\" \/>\n<!-- \/ Yoast SEO Premium plugin. -->","yoast_head_json":{"title":"Migradol CBD 90mg | Fumo de Iguana","description":"Obtenha o seu Migradol CBD 90mg na THE LYF LABS, um produto natural e inovador para o al\u00edvio das enxaquecas num pr\u00e1tico formato Roll-On.","robots":{"index":"index","follow":"follow","max-snippet":"max-snippet:-1","max-image-preview":"max-image-preview:large","max-video-preview":"max-video-preview:-1"},"canonical":"https:\/\/iguanasmoke.com\/pt\/produto\/migradol-cbd-90mg-10ml\/","og_locale":"pt_PT","og_type":"article","og_title":"Migradol CBD 90mg 10ml","og_description":"Migradol CBD es un roll-on t\u00f3pico con 90 mg de cannabidiol:   Para el alivio r\u00e1pido y localizado de migra\u00f1as y dolores de cabeza  Combinaci\u00f3n de CBD y aceites esenciales  Sensaci\u00f3n refrescante y calmante  Formato compacto de 10 ml","og_url":"https:\/\/iguanasmoke.com\/pt\/produto\/migradol-cbd-90mg-10ml\/","og_site_name":"Iguana Smoke","article_publisher":"https:\/\/www.facebook.com\/iguanasmoke","article_modified_time":"2025-12-26T14:55:53+00:00","og_image":[{"width":500,"height":500,"url":"https:\/\/iguanasmoke.com\/wp-content\/uploads\/2024\/03\/migradol.webp","type":"image\/webp"}],"twitter_card":"summary_large_image","twitter_misc":{"pre\u00e7o":"15,90&nbsp;&euro;","Disponibilidade":"Esgotado"},"schema":{"@context":"https:\/\/schema.org","@graph":[{"@type":"WebPage","@id":"https:\/\/iguanasmoke.com\/producto\/migradol-cbd-90mg-10ml\/","url":"https:\/\/iguanasmoke.com\/producto\/migradol-cbd-90mg-10ml\/","name":"Migradol CBD 90mg | Fumo de Iguana","isPartOf":{"@id":"https:\/\/iguanasmoke.com\/#website"},"primaryImageOfPage":{"@id":"https:\/\/iguanasmoke.com\/producto\/migradol-cbd-90mg-10ml\/#primaryimage"},"image":{"@id":"https:\/\/iguanasmoke.com\/producto\/migradol-cbd-90mg-10ml\/#primaryimage"},"thumbnailUrl":"https:\/\/iguanasmoke.com\/wp-content\/uploads\/2024\/03\/migradol.webp","datePublished":"2024-03-27T18:09:05+00:00","dateModified":"2025-12-26T14:55:53+00:00","description":"Obtenha o seu Migradol CBD 90mg na THE LYF LABS, um produto natural e inovador para o al\u00edvio das enxaquecas num pr\u00e1tico formato Roll-On.","breadcrumb":{"@id":"https:\/\/iguanasmoke.com\/producto\/migradol-cbd-90mg-10ml\/#breadcrumb"},"inLanguage":"pt-PT","potentialAction":[{"@type":"ReadAction","target":["https:\/\/iguanasmoke.com\/producto\/migradol-cbd-90mg-10ml\/"]}]},{"@type":"ImageObject","inLanguage":"pt-PT","@id":"https:\/\/iguanasmoke.com\/producto\/migradol-cbd-90mg-10ml\/#primaryimage","url":"https:\/\/iguanasmoke.com\/wp-content\/uploads\/2024\/03\/migradol.webp","contentUrl":"https:\/\/iguanasmoke.com\/wp-content\/uploads\/2024\/03\/migradol.webp","width":500,"height":500,"caption":"gel dolor lyf Migradol CBD 90mg"},{"@type":"BreadcrumbList","@id":"https:\/\/iguanasmoke.com\/producto\/migradol-cbd-90mg-10ml\/#breadcrumb","itemListElement":[{"@type":"ListItem","position":1,"name":"home","item":"https:\/\/iguanasmoke.com\/"},{"@type":"ListItem","position":2,"name":"Tienda","item":"https:\/\/iguanasmoke.com\/tienda\/"},{"@type":"ListItem","position":3,"name":"Mario's Market","item":"https:\/\/iguanasmoke.com\/categoria\/marios-market\/"},{"@type":"ListItem","position":4,"name":"Migradol CBD 90mg 10ml"}]},{"@type":"WebSite","@id":"https:\/\/iguanasmoke.com\/#website","url":"https:\/\/iguanasmoke.com\/","name":"Fumo de Iguana","description":"Comprar CBD online ao melhor pre\u00e7o","publisher":{"@id":"https:\/\/iguanasmoke.com\/#organization"},"potentialAction":[{"@type":"SearchAction","target":{"@type":"EntryPoint","urlTemplate":"https:\/\/iguanasmoke.com\/?s={search_term_string}"},"query-input":{"@type":"PropertyValueSpecification","valueRequired":true,"valueName":"search_term_string"}}],"inLanguage":"pt-PT"},{"@type":"Organization","@id":"https:\/\/iguanasmoke.com\/#organization","name":"Fumo de Iguana","url":"https:\/\/iguanasmoke.com\/","logo":{"@type":"ImageObject","inLanguage":"pt-PT","@id":"https:\/\/iguanasmoke.com\/#\/schema\/logo\/image\/","url":"https:\/\/iguanasmoke.com\/wp-content\/uploads\/2025\/01\/logoiguana-favi-1.png","contentUrl":"https:\/\/iguanasmoke.com\/wp-content\/uploads\/2025\/01\/logoiguana-favi-1.png","width":512,"height":512,"caption":"Iguana Smoke"},"image":{"@id":"https:\/\/iguanasmoke.com\/#\/schema\/logo\/image\/"},"sameAs":["https:\/\/www.facebook.com\/iguanasmoke","https:\/\/www.instagram.com\/iguanasmoke\/"]}]},"product_brand":"simple","product_price_amount":"15.90","product_price_currency":"EUR","og_availability":"out of stock","product_availability":"out of stock","product_retailer_item_id":"LYF-MIGRADOL","product_condition":"new"},"_links":{"self":[{"href":"https:\/\/iguanasmoke.com\/pt\/wp-json\/wp\/v2\/product\/31973","targetHints":{"allow":["GET"]}}],"collection":[{"href":"https:\/\/iguanasmoke.com\/pt\/wp-json\/wp\/v2\/product"}],"about":[{"href":"https:\/\/iguanasmoke.com\/pt\/wp-json\/wp\/v2\/types\/product"}],"replies":[{"embeddable":true,"href":"https:\/\/iguanasmoke.com\/pt\/wp-json\/wp\/v2\/comments?post=31973"}],"wp:featuredmedia":[{"embeddable":true,"href":"https:\/\/iguanasmoke.com\/pt\/wp-json\/wp\/v2\/media\/34049"}],"wp:attachment":[{"href":"https:\/\/iguanasmoke.com\/pt\/wp-json\/wp\/v2\/media?parent=31973"}],"wp:term":[{"taxonomy":"product_brand","embeddable":true,"href":"https:\/\/iguanasmoke.com\/pt\/wp-json\/wp\/v2\/product_brand?post=31973"},{"taxonomy":"product_cat","embeddable":true,"href":"https:\/\/iguanasmoke.com\/pt\/wp-json\/wp\/v2\/product_cat?post=31973"},{"taxonomy":"product_tag","embeddable":true,"href":"https:\/\/iguanasmoke.com\/pt\/wp-json\/wp\/v2\/product_tag?post=31973"}],"curies":[{"name":"wp","href":"https:\/\/api.w.org\/{rel}","templated":true}]}}