{"id":37099,"date":"2024-07-10T20:16:00","date_gmt":"2024-07-10T18:16:00","guid":{"rendered":"https:\/\/iguanasmoke.com\/?post_type=product&#038;p=37099"},"modified":"2026-03-15T21:16:02","modified_gmt":"2026-03-15T20:16:02","slug":"vaper-cbd-iguana-pod-pocket-watermelon-3ml","status":"publish","type":"product","link":"https:\/\/iguanasmoke.com\/pt\/producto\/vaper-cbd-iguana-pod-pocket-watermelon-3ml\/","title":{"rendered":"Vaper CBD - C\u00e1psula Iguana Pocket CBD Melancia 3ml"},"content":{"rendered":"<h1><span style=\"font-weight: 400;\">Iguana Pod Pocket CBD Watermelon 3ml - Vaper CBD descart\u00e1vel<\/span><\/h1>\n<p><span style=\"font-weight: 400;\">O <strong>Iguana Pod Pocket CBD Melancia <\/strong>\u00e9 um <strong>bolsa descart\u00e1vel para vape de CBD<\/strong> Concebido para quem procura uma forma c\u00f3moda e discreta de usufruir do CBD na sua vida quotidiana.<\/span><\/p>\n<p><span style=\"font-weight: 400;\">Al\u00e9m disso, este <strong>c\u00e1psula vaper de bolso CBD<\/strong> combina um <strong>design ergon\u00f3mico, leve e compacto<\/strong> com um acabamento de alta qualidade. Por isso, \u00e9 ideal para levar no bolso ou na mala sem comprometer o estilo ou o conforto. <\/span><\/p>\n<p><span style=\"font-weight: 400;\">Al\u00e9m disso, a sua <strong>formato descart\u00e1vel de vaporizador CBD sem necessidade de recargas<\/strong> sem manuten\u00e7\u00e3o. Basta abrir o dispositivo e come\u00e7ar a utiliz\u00e1-lo.<\/span><\/p>\n<p>&nbsp;<\/p>\n<h2><strong>Aroma de melancia: experi\u00eancia refrescante e doce<\/strong><\/h2>\n<p><span style=\"font-weight: 400;\">Esta variedade caracteriza-se pela sua <strong>aroma frutado e vibrante de melancia, com sabor a ver\u00e3o<\/strong>. Tem um <strong>equil\u00edbrio perfeito entre do\u00e7ura e frescura<\/strong>, vai sentir-se como se estivesse a comer um <strong>melancia<\/strong> porque vai deixar-nos com \u00e1gua na boca. Tudo isto se traduz numa sensa\u00e7\u00e3o de frescura e de revitaliza\u00e7\u00e3o.<\/span><\/p>\n<p><span style=\"font-weight: 400;\">Gra\u00e7as a este perfil arom\u00e1tico equilibrado e doce, o <strong>Iguana Pod Pocket CBD Melancia<\/strong>\u00a0\u00e9 uma escolha ideal no mundo dos vapers de bolso com CBD, especialmente para quem procura sabores frescos e leves.<\/span><\/p>\n<p>&nbsp;<\/p>\n<h2><strong>Vaper Pod Pocket CBD: pr\u00e1tico e descomplicado <\/strong><\/h2>\n<p><span style=\"font-weight: 400;\">Gra\u00e7as ao seu formato <strong>Vape Pocket CBD Descart\u00e1vel<\/strong>, Este vape descart\u00e1vel de CBD \u00e9 perfeito tanto para os rec\u00e9m-chegados \u00e0 vaporiza\u00e7\u00e3o de CBD como para os utilizadores regulares que procuram comodidade e rapidez. <\/span><\/p>\n<p><span style=\"font-weight: 400;\">Para al\u00e9m disso, <strong>sem necessidade de bot\u00f5es, defini\u00e7\u00f5es ou recarregamentos<\/strong>. Assim, s\u00f3 tem de escolher o seu sabor preferido, abrir o dispositivo e desfrutar.\u00a0<\/span><\/p>\n<p>&nbsp;<\/p>\n<h2><b>Onde comprar o seu vaper descart\u00e1vel de CBD - <span style=\"font-weight: 400;\"><strong>Bolso de c\u00e1psula de iguana <\/strong><\/span>em linha<\/b><b>?<\/b><\/h2>\n<p><span style=\"font-weight: 400;\">Se est\u00e1 \u00e0 procura de <strong>comprar um pod vaper Pocket CBD<\/strong><strong>, <\/strong>este \u00e9 o seu lugar seguro para <strong>comprar vaper CBD descart\u00e1vel em Espanha.<\/strong> Todos os nossos produtos s\u00e3o aprovados pela UE, o que garante a sua legalidade e seguran\u00e7a. Para al\u00e9m disso, se desejar, pode consultar<\/span><strong> <a href=\"https:\/\/iguanasmoke.com\/pt\/analiticas\/\">an\u00e1lises laboratoriais.<\/a><\/strong><\/p>\n<p><span style=\"font-weight: 400;\">N\u00e3o se esque\u00e7a de experimentar outros sabores fant\u00e1sticos de Pods Pockets<strong>\u00a0<\/strong>como o <strong><a href=\"https:\/\/iguanasmoke.com\/pt\/produto\/capsula-de-cbd-descartavel-iguana-capsula-de-bolso-lemon-haze-largo-espetro-750mg\/\">C\u00e1psula Iguana Pocket CBD Lemon Haze de largo espetro<\/a>,<\/strong> sobre <a href=\"https:\/\/iguanasmoke.com\/pt\/produto\/vaper-cbd-iguana-pod-pocket-melon-mint-3ml\/\"><strong>C\u00e1psula Iguana Pocket CBD Mel\u00e3o Menta<\/strong><\/a> e o <strong><a href=\"https:\/\/iguanasmoke.com\/pt\/produto\/capsula-de-cbd-descartavel-iguana-capsula-de-bolso-bagas-vermelhas-3ml\/\">C\u00e1psula Iguana Pocket CBD Bagas Vermelhas<\/a><\/strong>. Se gosta de vaporizadores de CBD, j\u00e1 experimentou vaporizadores de CBD?<\/span><span style=\"font-weight: 400;\">\u00a0<a href=\"https:\/\/iguanasmoke.com\/pt\/categoria\/cbd\/e-liquid-cbd\/\"><strong>E-Liquids CBD Isolate e CBD Broad Spectrum<\/strong><\/a>? e atrever-se a aventurar-se no mundo dos <a href=\"https:\/\/iguanasmoke.com\/pt\/categoria\/flores-de-cbd-3\/\"><strong>Flores com CBD<\/strong><\/a>. <\/span><span style=\"font-weight: 400;\">Explore a nossa variedade e surpreenda-se.\u00a0<\/span><\/p>\n<p><strong data-start=\"303\" data-end=\"345\">Entrega r\u00e1pida e discreta em toda a Espanha<\/strong>, com <strong data-start=\"351\" data-end=\"387\">aten\u00e7\u00e3o pr\u00f3xima e personalizada<\/strong> para responder a quaisquer perguntas antes e depois da sua compra.<\/p>\n<p>&nbsp;<\/p>\n<h3><b>Iguana Smoke \u00e9 a sua loja online de CBD\u00a0<\/b><\/h3>\n<p><span style=\"font-weight: 400;\">Em<strong> Fumo de Iguana<\/strong>, Acreditamos que desfrutar do CBD deve ser uma experi\u00eancia segura. \u00c9 por isso que temos produtos como este <strong>Iguana Pod Pocket CBD Melancia <\/strong>, A marca liga-se \u00e0s novas gera\u00e7\u00f5es: pessoas que procuram um bem-estar descomplicado, com marcas aut\u00eanticas e fi\u00e1veis.\u00a0<\/span><\/p>\n<p>A nossa miss\u00e3o \u00e9 clara: trazer-lhe o melhor do mundo dos canabin\u00f3ides a um pre\u00e7o justo. Al\u00e9m disso, damos-lhe a tranquilidade de saber que est\u00e1 a escolher um produto certificado, eficaz e 100% legal. O seu tempo de relaxamento come\u00e7a aqui connosco.<\/p>\n<p>Ainda tem d\u00favidas? Escreva-nos e teremos todo o gosto em ajud\u00e1-lo a encontrar o produto certo para si.<\/p>\n<p>&nbsp;<\/p>\n<h6>\u2139\ufe0f<strong> Informa\u00e7\u00e3o jur\u00eddica<\/strong><\/h6>\n<p><em><span style=\"font-weight: 400;\">*Produto destinado a cole\u00e7\u00e3o ou aromaterapia, de acordo com a legisla\u00e7\u00e3o espanhola em vigor. <\/span><\/em><\/p>\n<p><em><span style=\"font-weight: 400;\">**Derivado de c\u00e2nhamo industrial certificado. Cont\u00e9m menos de 0,3 THC e n\u00e3o cont\u00e9m canabin\u00f3ides ilegais como HHC, HHC-P, THCP, THCP-O, H4CBD ou subst\u00e2ncias enumeradas no Anexo I do Decreto Real 2829\/1977, nem subst\u00e2ncias controladas por conven\u00e7\u00f5es internacionais.\u00a0\u00a0<\/span><\/em><\/p>","protected":false},"excerpt":{"rendered":"<p><span style=\"font-weight: 400;\">Carater\u00edsticas t\u00e9cnicas do <strong>Pod Pocket CBD - Vaper descart\u00e1vel de CBD<\/strong>: <\/span><\/p>\n<ul>\n<li><span style=\"font-weight: 400;\">Dimens\u00f5es: <strong>65,5 x 35 x 12 mm<\/strong> (altura x largura x profundidade) <\/span><\/li>\n<li><span style=\"font-weight: 400;\">Bateria: <strong>550 mAh <\/strong><\/span><\/li>\n<li><span style=\"font-weight: 400;\">Capacidade: <strong>3ml <\/strong><\/span><\/li>\n<li><span style=\"font-weight: 400;\">Caladas: <strong>at\u00e9 900 <\/strong><\/span><\/li>\n<li><span style=\"font-weight: 400;\">CBD: <strong>225\/3ml <\/strong><\/span><\/li>\n<li><span style=\"font-weight: 400;\">THC: <strong>0% <\/strong><\/span><\/li>\n<li><span style=\"font-weight: 400;\">Nicotina: <strong>0%\u00a0<\/strong>\u00a0<\/span><\/li>\n<\/ul>\n<p><span style=\"font-weight: 400;\">Al\u00e9m disso, se quiser, pode consultar<strong> <a href=\"https:\/\/iguanasmoke.com\/pt\/analiticas\/\">an\u00e1lises laboratoriais.<\/a><\/strong><\/span><\/p>","protected":false},"featured_media":37068,"comment_status":"open","ping_status":"closed","template":"","meta":{"_acf_changed":false,"site-sidebar-layout":"default","site-content-layout":"default","ast-site-content-layout":"default","site-content-style":"default","site-sidebar-style":"default","ast-global-header-display":"","ast-banner-title-visibility":"","ast-main-header-display":"","ast-hfb-above-header-display":"","ast-hfb-below-header-display":"","ast-hfb-mobile-header-display":"","site-post-title":"","ast-breadcrumbs-content":"","ast-featured-img":"","footer-sml-layout":"","theme-transparent-header-meta":"default","adv-header-id-meta":"","stick-header-meta":"","header-above-stick-meta":"","header-main-stick-meta":"","header-below-stick-meta":"","astra-migrate-meta-layouts":"set","ast-page-background-enabled":"default","ast-page-background-meta":{"desktop":{"background-color":"var(--ast-global-color-4)","background-image":"","background-repeat":"repeat","background-position":"center center","background-size":"auto","background-attachment":"scroll","background-type":"","background-media":"","overlay-type":"","overlay-color":"","overlay-opacity":"","overlay-gradient":""},"tablet":{"background-color":"","background-image":"","background-repeat":"repeat","background-position":"center center","background-size":"auto","background-attachment":"scroll","background-type":"","background-media":"","overlay-type":"","overlay-color":"","overlay-opacity":"","overlay-gradient":""},"mobile":{"background-color":"","background-image":"","background-repeat":"repeat","background-position":"center center","background-size":"auto","background-attachment":"scroll","background-type":"","background-media":"","overlay-type":"","overlay-color":"","overlay-opacity":"","overlay-gradient":""}},"ast-content-background-meta":{"desktop":{"background-color":"var(--ast-global-color-5)","background-image":"","background-repeat":"repeat","background-position":"center center","background-size":"auto","background-attachment":"scroll","background-type":"","background-media":"","overlay-type":"","overlay-color":"","overlay-opacity":"","overlay-gradient":""},"tablet":{"background-color":"var(--ast-global-color-5)","background-image":"","background-repeat":"repeat","background-position":"center center","background-size":"auto","background-attachment":"scroll","background-type":"","background-media":"","overlay-type":"","overlay-color":"","overlay-opacity":"","overlay-gradient":""},"mobile":{"background-color":"var(--ast-global-color-5)","background-image":"","background-repeat":"repeat","background-position":"center center","background-size":"auto","background-attachment":"scroll","background-type":"","background-media":"","overlay-type":"","overlay-color":"","overlay-opacity":"","overlay-gradient":""}}},"product_brand":[],"product_cat":[426,420,418,513],"product_tag":[],"class_list":{"0":"post-37099","1":"product","2":"type-product","3":"status-publish","4":"has-post-thumbnail","6":"product_cat-pods","7":"product_cat-vaper-pocket-cbd","8":"product_cat-vaper-cbd","9":"product_cat-cbd-vapes","10":"desktop-align-center","11":"tablet-align-center","12":"mobile-align-center","14":"first","15":"instock","16":"taxable","17":"shipping-taxable","18":"purchasable","19":"product-type-simple"},"acf":[],"yoast_head":"<!-- This site is optimized with the Yoast SEO Premium plugin v27.3 (Yoast SEO v27.3) - https:\/\/yoast.com\/product\/yoast-seo-premium-wordpress\/ -->\n<title>Iguana Pod Pocket CBD Watermelon - Vape Pocket Desechable| Iguana Smoke<\/title>\n<meta name=\"description\" content=\"Consigue tu Iguana Pod Pocket CBD Watermelon 225mg\/3ml. El Vape Pocket CBD Desechable te ofrece hasta 900 caladas y no contiene THC ni nicotina.\" \/>\n<meta name=\"robots\" content=\"index, follow, max-snippet:-1, max-image-preview:large, max-video-preview:-1\" \/>\n<link rel=\"canonical\" href=\"https:\/\/iguanasmoke.com\/pt\/produto\/vaper-cbd-iguana-pod-pocket-watermelon-3ml\/\" \/>\n<meta property=\"og:locale\" content=\"pt_PT\" \/>\n<meta property=\"og:type\" content=\"article\" \/>\n<meta property=\"og:title\" content=\"Vaper CBD - Iguana Pod Pocket CBD Watermelon 3ml\" \/>\n<meta property=\"og:description\" content=\"Caracter\u00edsticas t\u00e9cnicas del Pod Pocket CBD - Vaper CBD desechable:    Dimensiones: 65,5 x 35 x 12 mm (alto x ancho x profundo)   Bater\u00eda: 550 mAh   Capacidad: 3ml   Caladas: hasta 900   CBD: 225\/3ml   THC: 0%   Nicotina: 0%\u00a0\u00a0  Adem\u00e1s, si quieres puedes consultar el an\u00e1lisis de laboratorio.\" \/>\n<meta property=\"og:url\" content=\"https:\/\/iguanasmoke.com\/pt\/produto\/vaper-cbd-iguana-pod-pocket-watermelon-3ml\/\" \/>\n<meta property=\"og:site_name\" content=\"Iguana Smoke\" \/>\n<meta property=\"article:publisher\" content=\"https:\/\/www.facebook.com\/iguanasmoke\" \/>\n<meta property=\"article:modified_time\" content=\"2026-03-15T20:16:02+00:00\" \/>\n<meta property=\"og:image\" content=\"https:\/\/iguanasmoke.com\/wp-content\/uploads\/2023\/08\/caja-y-vape-watermelon-webp.webp\" \/>\n\t<meta property=\"og:image:width\" content=\"500\" \/>\n\t<meta property=\"og:image:height\" content=\"500\" \/>\n\t<meta property=\"og:image:type\" content=\"image\/webp\" \/>\n<meta name=\"twitter:card\" content=\"summary_large_image\" \/>\n<meta name=\"twitter:label1\" content=\"pre\u00e7o\" \/>\n\t<meta name=\"twitter:data1\" content=\"12,90&nbsp;&euro;\" \/>\n\t<meta name=\"twitter:label2\" content=\"Disponibilidade\" \/>\n\t<meta name=\"twitter:data2\" content=\"Em stock\" \/>\n<meta property=\"product:brand\" content=\"simple\" \/>\n<meta property=\"product:price:amount\" content=\"12.90\" \/>\n<meta property=\"product:price:currency\" content=\"EUR\" \/>\n<meta property=\"og:availability\" content=\"instock\" \/>\n<meta property=\"product:availability\" content=\"instock\" \/>\n<meta property=\"product:retailer_item_id\" content=\"IS-POD-WATERMELONPCKT-900\" \/>\n<meta property=\"product:condition\" content=\"new\" \/>\n<!-- \/ Yoast SEO Premium plugin. -->","yoast_head_json":{"title":"Iguana Pod Pocket CBD Melancia - Vape Pocket Descart\u00e1vel| Iguana Smoke","description":"Obtenha o seu Iguana Pod Pocket CBD Watermelon 225mg\/3ml. O Vape Pocket CBD Disposable Vape Pocket d\u00e1-te at\u00e9 900 baforadas e \u00e9 isento de THC e nicotina.","robots":{"index":"index","follow":"follow","max-snippet":"max-snippet:-1","max-image-preview":"max-image-preview:large","max-video-preview":"max-video-preview:-1"},"canonical":"https:\/\/iguanasmoke.com\/pt\/produto\/vaper-cbd-iguana-pod-pocket-watermelon-3ml\/","og_locale":"pt_PT","og_type":"article","og_title":"Vaper CBD - Iguana Pod Pocket CBD Watermelon 3ml","og_description":"Caracter\u00edsticas t\u00e9cnicas del Pod Pocket CBD - Vaper CBD desechable:    Dimensiones: 65,5 x 35 x 12 mm (alto x ancho x profundo)   Bater\u00eda: 550 mAh   Capacidad: 3ml   Caladas: hasta 900   CBD: 225\/3ml   THC: 0%   Nicotina: 0%\u00a0\u00a0  Adem\u00e1s, si quieres puedes consultar el an\u00e1lisis de laboratorio.","og_url":"https:\/\/iguanasmoke.com\/pt\/produto\/vaper-cbd-iguana-pod-pocket-watermelon-3ml\/","og_site_name":"Iguana Smoke","article_publisher":"https:\/\/www.facebook.com\/iguanasmoke","article_modified_time":"2026-03-15T20:16:02+00:00","og_image":[{"width":500,"height":500,"url":"https:\/\/iguanasmoke.com\/wp-content\/uploads\/2023\/08\/caja-y-vape-watermelon-webp.webp","type":"image\/webp"}],"twitter_card":"summary_large_image","twitter_misc":{"pre\u00e7o":"12,90&nbsp;&euro;","Disponibilidade":"Em stock"},"schema":{"@context":"https:\/\/schema.org","@graph":[{"@type":"WebPage","@id":"https:\/\/iguanasmoke.com\/producto\/vaper-cbd-iguana-pod-pocket-watermelon-3ml\/","url":"https:\/\/iguanasmoke.com\/producto\/vaper-cbd-iguana-pod-pocket-watermelon-3ml\/","name":"Iguana Pod Pocket CBD Melancia - Vape Pocket Descart\u00e1vel| Iguana Smoke","isPartOf":{"@id":"https:\/\/iguanasmoke.com\/#website"},"primaryImageOfPage":{"@id":"https:\/\/iguanasmoke.com\/producto\/vaper-cbd-iguana-pod-pocket-watermelon-3ml\/#primaryimage"},"image":{"@id":"https:\/\/iguanasmoke.com\/producto\/vaper-cbd-iguana-pod-pocket-watermelon-3ml\/#primaryimage"},"thumbnailUrl":"https:\/\/iguanasmoke.com\/wp-content\/uploads\/2023\/08\/caja-y-vape-watermelon-webp.webp","datePublished":"2024-07-10T18:16:00+00:00","dateModified":"2026-03-15T20:16:02+00:00","description":"Obtenha o seu Iguana Pod Pocket CBD Watermelon 225mg\/3ml. O Vape Pocket CBD Disposable Vape Pocket d\u00e1-te at\u00e9 900 baforadas e \u00e9 isento de THC e nicotina.","breadcrumb":{"@id":"https:\/\/iguanasmoke.com\/producto\/vaper-cbd-iguana-pod-pocket-watermelon-3ml\/#breadcrumb"},"inLanguage":"pt-PT","potentialAction":[{"@type":"ReadAction","target":["https:\/\/iguanasmoke.com\/producto\/vaper-cbd-iguana-pod-pocket-watermelon-3ml\/"]}]},{"@type":"ImageObject","inLanguage":"pt-PT","@id":"https:\/\/iguanasmoke.com\/producto\/vaper-cbd-iguana-pod-pocket-watermelon-3ml\/#primaryimage","url":"https:\/\/iguanasmoke.com\/wp-content\/uploads\/2023\/08\/caja-y-vape-watermelon-webp.webp","contentUrl":"https:\/\/iguanasmoke.com\/wp-content\/uploads\/2023\/08\/caja-y-vape-watermelon-webp.webp","width":500,"height":500,"caption":"pod cbd watermelon"},{"@type":"BreadcrumbList","@id":"https:\/\/iguanasmoke.com\/producto\/vaper-cbd-iguana-pod-pocket-watermelon-3ml\/#breadcrumb","itemListElement":[{"@type":"ListItem","position":1,"name":"home","item":"https:\/\/iguanasmoke.com\/"},{"@type":"ListItem","position":2,"name":"Tienda","item":"https:\/\/iguanasmoke.com\/tienda\/"},{"@type":"ListItem","position":3,"name":"Vaper CBD","item":"https:\/\/iguanasmoke.com\/categoria\/vaper-cbd\/"},{"@type":"ListItem","position":4,"name":"Pods","item":"https:\/\/iguanasmoke.com\/categoria\/vaper-cbd\/pods\/"},{"@type":"ListItem","position":5,"name":"Vaper CBD &#8211; Iguana Pod Pocket CBD Watermelon 3ml"}]},{"@type":"WebSite","@id":"https:\/\/iguanasmoke.com\/#website","url":"https:\/\/iguanasmoke.com\/","name":"Fumo de Iguana","description":"Comprar CBD online ao melhor pre\u00e7o","publisher":{"@id":"https:\/\/iguanasmoke.com\/#organization"},"potentialAction":[{"@type":"SearchAction","target":{"@type":"EntryPoint","urlTemplate":"https:\/\/iguanasmoke.com\/?s={search_term_string}"},"query-input":{"@type":"PropertyValueSpecification","valueRequired":true,"valueName":"search_term_string"}}],"inLanguage":"pt-PT"},{"@type":"Organization","@id":"https:\/\/iguanasmoke.com\/#organization","name":"Fumo de Iguana","url":"https:\/\/iguanasmoke.com\/","logo":{"@type":"ImageObject","inLanguage":"pt-PT","@id":"https:\/\/iguanasmoke.com\/#\/schema\/logo\/image\/","url":"https:\/\/iguanasmoke.com\/wp-content\/uploads\/2025\/01\/logoiguana-favi-1.png","contentUrl":"https:\/\/iguanasmoke.com\/wp-content\/uploads\/2025\/01\/logoiguana-favi-1.png","width":512,"height":512,"caption":"Iguana Smoke"},"image":{"@id":"https:\/\/iguanasmoke.com\/#\/schema\/logo\/image\/"},"sameAs":["https:\/\/www.facebook.com\/iguanasmoke","https:\/\/www.instagram.com\/iguanasmoke\/"]}]},"product_brand":"simple","product_price_amount":"12.90","product_price_currency":"EUR","og_availability":"instock","product_availability":"instock","product_retailer_item_id":"IS-POD-WATERMELONPCKT-900","product_condition":"new"},"_links":{"self":[{"href":"https:\/\/iguanasmoke.com\/pt\/wp-json\/wp\/v2\/product\/37099","targetHints":{"allow":["GET"]}}],"collection":[{"href":"https:\/\/iguanasmoke.com\/pt\/wp-json\/wp\/v2\/product"}],"about":[{"href":"https:\/\/iguanasmoke.com\/pt\/wp-json\/wp\/v2\/types\/product"}],"replies":[{"embeddable":true,"href":"https:\/\/iguanasmoke.com\/pt\/wp-json\/wp\/v2\/comments?post=37099"}],"wp:featuredmedia":[{"embeddable":true,"href":"https:\/\/iguanasmoke.com\/pt\/wp-json\/wp\/v2\/media\/37068"}],"wp:attachment":[{"href":"https:\/\/iguanasmoke.com\/pt\/wp-json\/wp\/v2\/media?parent=37099"}],"wp:term":[{"taxonomy":"product_brand","embeddable":true,"href":"https:\/\/iguanasmoke.com\/pt\/wp-json\/wp\/v2\/product_brand?post=37099"},{"taxonomy":"product_cat","embeddable":true,"href":"https:\/\/iguanasmoke.com\/pt\/wp-json\/wp\/v2\/product_cat?post=37099"},{"taxonomy":"product_tag","embeddable":true,"href":"https:\/\/iguanasmoke.com\/pt\/wp-json\/wp\/v2\/product_tag?post=37099"}],"curies":[{"name":"wp","href":"https:\/\/api.w.org\/{rel}","templated":true}]}}