{"id":38257,"date":"2024-07-31T14:58:00","date_gmt":"2024-07-31T12:58:00","guid":{"rendered":"https:\/\/iguanasmoke.com\/?post_type=product&#038;p=38257"},"modified":"2025-08-28T15:56:58","modified_gmt":"2025-08-28T13:56:58","slug":"sementes-de-canhamo-lyf-descascadas-sabor-original-250g","status":"publish","type":"product","link":"https:\/\/iguanasmoke.com\/pt\/producto\/semillas-de-canamo-peladas-lyf-sabor-original-250g\/","title":{"rendered":"LYF Sementes de C\u00e2nhamo Descascadas - Sabor Original (250g)"},"content":{"rendered":"<h3>LYF Sementes de C\u00e2nhamo Descascadas - Sabor Original (250g)<\/h3>\n<p>Descubra o poder nutricional das sementes de c\u00e2nhamo descascadas da LYF! Cultivadas organicamente, estas sementes de c\u00e2nhamo s\u00e3o uma joia da natureza, repletas de benef\u00edcios para a sa\u00fade.<\/p>\n<p><strong>Benef\u00edcios excepcionais:<\/strong><\/p>\n<ul>\n<li><strong>Agricultura biol\u00f3gica:<\/strong> Provenientes de um cultivo sustent\u00e1vel, as nossas sementes de c\u00e2nhamo respeitam o ambiente e preservam a pureza dos nutrientes.<\/li>\n<li><strong>Rico em \u00d3mega 3 e 6:<\/strong> Mantenha um cora\u00e7\u00e3o saud\u00e1vel e equilibre a sua dieta com estes \u00e1cidos gordos essenciais, conhecidos pelas suas propriedades anti-inflamat\u00f3rias e pelo apoio \u00e0 sa\u00fade cardiovascular.<\/li>\n<li><strong>Elevado teor proteico:<\/strong> Ideais para atletas e pessoas activas, estas sementes s\u00e3o uma excelente fonte de prote\u00ednas vegetais, perfeitas para fortalecer os m\u00fasculos e os tecidos.<\/li>\n<\/ul>\n<p><strong>Sabor Original:<\/strong> Desfrute do aut\u00eantico sabor natural das nossas sementes, que s\u00e3o f\u00e1ceis de integrar em qualquer dieta. S\u00e3o perfeitas para adicionar a batidos, saladas, iogurtes ou simplesmente como um snack saud\u00e1vel.<\/p>\n<p><strong>Apresenta\u00e7\u00e3o:<\/strong> Saco de 250g, f\u00e1cil de transportar e armazenar, mantendo sempre a frescura e a qualidade do produto.<\/p>\n<p>Em <strong>Fumo de Iguana<\/strong>, Temos orgulho em oferecer produtos que n\u00e3o s\u00f3 sabem bem, como tamb\u00e9m s\u00e3o bons para si. Adicione sementes de c\u00e2nhamo \u00e0 sua rotina di\u00e1ria e sinta a diferen\u00e7a na sua sa\u00fade e bem-estar.<\/p>\n<p>&nbsp;<\/p>\n<h1><strong>Sementes de c\u00e2nhamo descascadas: Propriedades e benef\u00edcios <\/strong><\/h1>\n<p>O <strong>sementes de c\u00e2nhamo descascadas<\/strong> tornaram-se um alimento popular entre aqueles que procuram uma dieta equilibrada e rica em nutrientes. Estas pequenas sementes n\u00e3o s\u00f3 s\u00e3o um superalimento, como tamb\u00e9m oferecem m\u00faltiplos benef\u00edcios para a sa\u00fade. A seguir, vamos explorar em pormenor as propriedades das sementes de c\u00e2nhamo descascadas, os seus benef\u00edcios e a forma como as pode incorporar na sua dieta di\u00e1ria.<\/p>\n<h2><strong>O que s\u00e3o sementes de c\u00e2nhamo descascadas?<\/strong><\/h2>\n<p>As sementes de c\u00e2nhamo, tamb\u00e9m conhecidas como cora\u00e7\u00f5es de c\u00e2nhamo, prov\u00eam da planta do c\u00e2nhamo. <em>Cannabis sativa<\/em>. Embora a planta do c\u00e2nhamo esteja relacionada com a marijuana, as sementes de c\u00e2nhamo n\u00e3o cont\u00eam tetrahidrocanabinol (THC), o composto psicoativo da marijuana. Por conseguinte, a sua utiliza\u00e7\u00e3o \u00e9 totalmente segura e legal.<\/p>\n<p>As sementes de c\u00e2nhamo descascadas s\u00e3o obtidas atrav\u00e9s da remo\u00e7\u00e3o da casca exterior dura, expondo o interior macio e nutritivo. Estas sementes s\u00e3o ricas em nutrientes essenciais e t\u00eam sido utilizadas durante s\u00e9culos como fonte de alimento em v\u00e1rias culturas.<\/p>\n<h2><strong>Propriedades nutricionais das sementes de c\u00e2nhamo descascadas<\/strong><\/h2>\n<p>O <strong>sementes de c\u00e2nhamo<\/strong>\u00a0s\u00e3o um verdadeiro superalimento gra\u00e7as ao seu impressionante perfil nutricional. Estas sementes s\u00e3o ricas em prote\u00ednas, gorduras saud\u00e1veis, fibras, vitaminas e minerais. Vejamos algumas das suas principais propriedades nutricionais:<\/p>\n<ol>\n<li>\n<h3><strong> Fonte de prote\u00edna completa<\/strong><\/h3>\n<\/li>\n<\/ol>\n<p>Uma das carater\u00edsticas mais not\u00e1veis das sementes de c\u00e2nhamo descascadas \u00e9 o facto de serem uma fonte completa de prote\u00ednas. Isto significa que cont\u00eam todos os amino\u00e1cidos essenciais de que o corpo necessita para funcionar corretamente. As sementes de c\u00e2nhamo descascadas fornecem aproximadamente 10 gramas de prote\u00edna por cada 30 gramas, o que as torna uma excelente escolha para vegans e vegetarianos que procuram fontes alternativas de prote\u00edna.<\/p>\n<ol start=\"2\">\n<li>\n<h3><strong> Rico em \u00e1cidos gordos \u00f3mega 3 e \u00f3mega 6<\/strong><\/h3>\n<\/li>\n<\/ol>\n<p>Rico em \u00e1cidos gordos essenciais, nomeadamente \u00f3mega 3 e \u00f3mega 6. Estes \u00e1cidos gordos s\u00e3o cruciais para a sa\u00fade do cora\u00e7\u00e3o, do c\u00e9rebro e do sistema imunit\u00e1rio. Al\u00e9m disso, a propor\u00e7\u00e3o de \u00f3mega-6 para \u00f3mega-3 nas sementes de c\u00e2nhamo descascadas \u00e9 ideal para o corpo humano, o que ajuda a reduzir a inflama\u00e7\u00e3o e promove um equil\u00edbrio saud\u00e1vel de gorduras na dieta.<\/p>\n<ol start=\"3\">\n<li>\n<h3><strong> Alto teor de fibras<\/strong><\/h3>\n<\/li>\n<\/ol>\n<p>Embora as sementes de c\u00e2nhamo descascadas tenham menos fibras do que as sementes de c\u00e2nhamo inteiras, continuam a ser uma boa fonte de fibras alimentares. A fibra \u00e9 essencial para a sa\u00fade digestiva, pois ajuda a manter o tr\u00e2nsito intestinal regular e evita a obstipa\u00e7\u00e3o. Tamb\u00e9m desempenha um papel na regula\u00e7\u00e3o dos n\u00edveis de a\u00e7\u00facar no sangue e no controlo do apetite.<\/p>\n<ol start=\"4\">\n<li>\n<h3><strong> Abund\u00e2ncia de vitaminas e minerais<\/strong><\/h3>\n<\/li>\n<\/ol>\n<p>Rico em v\u00e1rias vitaminas e minerais essenciais. S\u00e3o uma excelente fonte de vitamina E, um poderoso antioxidante que protege as c\u00e9lulas dos danos oxidativos. Cont\u00eam tamb\u00e9m minerais importantes como o magn\u00e9sio, crucial para a sa\u00fade dos ossos, e o zinco, essencial para a fun\u00e7\u00e3o imunit\u00e1ria.<\/p>\n<h2><strong>Benef\u00edcios do consumo de sementes de c\u00e2nhamo descascadas<\/strong><\/h2>\n<p>Consumo regular de <strong>sementes de c\u00e2nhamo descascadas<\/strong> pode oferecer in\u00fameros benef\u00edcios para a sa\u00fade. Eis alguns dos benef\u00edcios mais significativos:<\/p>\n<ol>\n<li>\n<h3><strong> Promo\u00e7\u00e3o da sa\u00fade cardiovascular<\/strong><\/h3>\n<\/li>\n<\/ol>\n<p>Gra\u00e7as ao seu elevado teor de \u00e1cidos gordos \u00f3mega 3 e \u00f3mega 6, as sementes de c\u00e2nhamo descascadas s\u00e3o ben\u00e9ficas para a sa\u00fade cardiovascular. Estes \u00e1cidos gordos ajudam a reduzir os n\u00edveis de colesterol mau (LDL) e a aumentar o colesterol bom (HDL). Podem tamb\u00e9m baixar a tens\u00e3o arterial e melhorar a circula\u00e7\u00e3o sangu\u00ednea, o que reduz o risco de doen\u00e7as card\u00edacas.<\/p>\n<ol start=\"2\">\n<li>\n<h3><strong> Apoiar a sa\u00fade do c\u00e9rebro<\/strong><\/h3>\n<\/li>\n<\/ol>\n<p>Os \u00e1cidos gordos \u00f3mega 3 presentes nas sementes de c\u00e2nhamo descascadas s\u00e3o tamb\u00e9m essenciais para a sa\u00fade do c\u00e9rebro. Estes nutrientes ajudam a manter a estrutura das membranas celulares no c\u00e9rebro, o que pode melhorar a fun\u00e7\u00e3o cognitiva e reduzir o risco de doen\u00e7as neurodegenerativas, como a doen\u00e7a de Alzheimer.<\/p>\n<ol start=\"3\">\n<li>\n<h3><strong> Beneficia o sistema imunit\u00e1rio<\/strong><\/h3>\n<\/li>\n<\/ol>\n<p>O zinco e outros nutrientes presentes nas sementes de c\u00e2nhamo descascadas s\u00e3o essenciais para um sistema imunit\u00e1rio saud\u00e1vel. O consumo de sementes de c\u00e2nhamo pode ajudar a refor\u00e7ar as defesas do organismo, tornando-o mais resistente a infec\u00e7\u00f5es e doen\u00e7as.<\/p>\n<ol start=\"4\">\n<li>\n<h3><strong> Contribuem para a sa\u00fade digestiva<\/strong><\/h3>\n<\/li>\n<\/ol>\n<p>A fibra alimentar presente nas sementes de c\u00e2nhamo descascadas ajuda a manter um sistema digestivo saud\u00e1vel. A fibra sol\u00favel presente nestas sementes actua como um prebi\u00f3tico, promovendo o crescimento de bact\u00e9rias ben\u00e9ficas no intestino. Isto n\u00e3o s\u00f3 melhora a digest\u00e3o, como tamb\u00e9m apoia a sa\u00fade intestinal em geral.<\/p>\n<ol start=\"5\">\n<li>\n<h3><strong> Ajuda na perda de peso<\/strong><\/h3>\n<\/li>\n<\/ol>\n<p>Gra\u00e7as ao seu teor de prote\u00ednas e fibras, estas sementes podem ajudar a aumentar a saciedade, reduzindo a vontade de comer em excesso. Al\u00e9m disso, as gorduras saud\u00e1veis das sementes de c\u00e2nhamo fornecem uma fonte de energia sustentada, que pode ajudar a reduzir o desejo de comer alimentos n\u00e3o saud\u00e1veis.<\/p>\n<ol start=\"6\">\n<li>\n<h3><strong> Melhorar a sa\u00fade da pele<\/strong><\/h3>\n<\/li>\n<\/ol>\n<p>O consumo regular pode melhorar a sa\u00fade da pele. Os \u00e1cidos gordos \u00f3mega 3 e \u00f3mega 6 ajudam a manter a pele hidratada e podem reduzir a inflama\u00e7\u00e3o, o que \u00e9 ben\u00e9fico para doen\u00e7as como o acne e a dermatite. Al\u00e9m disso, a vitamina E presente nestas sementes actua como um antioxidante, protegendo a pele dos danos causados pelos radicais livres.<\/p>\n<ol start=\"7\">\n<li>\n<h3><strong> Refor\u00e7ar a sa\u00fade dos ossos<\/strong><\/h3>\n<\/li>\n<\/ol>\n<p>O magn\u00e9sio e o c\u00e1lcio presentes nas sementes de c\u00e2nhamo descascadas s\u00e3o essenciais para ossos fortes e saud\u00e1veis. Estes minerais ajudam na forma\u00e7\u00e3o \u00f3ssea e na preven\u00e7\u00e3o de doen\u00e7as como a osteoporose.<\/p>\n<h2><strong>Como incorporar as sementes de c\u00e2nhamo descascadas na sua dieta<\/strong><\/h2>\n<p>Estas sementes t\u00eam um sabor suave e ligeiramente a noz, o que as torna f\u00e1ceis de combinar com uma variedade de pratos. Eis algumas ideias para tirar partido dos seus benef\u00edcios:<\/p>\n<ul>\n<li><strong>Adicione-os a batidos<\/strong>Pode adicionar uma colher de sopa de sementes de c\u00e2nhamo descascadas aos seus batidos matinais para obter um aumento extra de prote\u00ednas e gorduras saud\u00e1veis.<\/li>\n<li><strong>Salpique-os nas saladas.<\/strong>As sementes de c\u00e2nhamo descascadas s\u00e3o um excelente tempero para saladas, proporcionando um toque crocante e nutritivo.<\/li>\n<li><strong>Utilize-os em iogurtes e cereais<\/strong>Polvilhe sementes de c\u00e2nhamo no iogurte, nas papas de aveia ou nos cereais para aumentar o conte\u00fado nutricional do seu pequeno-almo\u00e7o.<\/li>\n<li><strong>Incorpor\u00e1-los em receitas de pastelaria.<\/strong>Pode adicionar sementes de c\u00e2nhamo a p\u00e3es, muffins e biscoitos para aumentar o seu valor nutricional.<\/li>\n<li><strong>Preparar barras energ\u00e9ticas caseiras<\/strong>As sementes de c\u00e2nhamo descascadas s\u00e3o um ingrediente perfeito para barras energ\u00e9ticas, combinadas com outros superalimentos, como nozes e frutos secos.<\/li>\n<\/ul>\n<h2><strong>Conclus\u00e3o<\/strong><\/h2>\n<p>O <strong>sementes de c\u00e2nhamo descascadas<\/strong> s\u00e3o um superalimento que n\u00e3o s\u00f3 \u00e9 delicioso, como tamb\u00e9m est\u00e1 repleto de nutrientes essenciais que beneficiam a sua sa\u00fade de v\u00e1rias formas. Desde a melhoria da sa\u00fade do cora\u00e7\u00e3o at\u00e9 ao aumento da fun\u00e7\u00e3o cerebral, estas pequenas sementes podem ter um grande impacto no seu bem-estar geral. Incorpor\u00e1-las na sua dieta \u00e9 f\u00e1cil e permitir-lhe-\u00e1 desfrutar de todos os seus benef\u00edcios. Se est\u00e1 \u00e0 procura de uma forma natural e eficaz de melhorar a sua sa\u00fade, considere adicionar sementes de c\u00e2nhamo descascadas \u00e0 sua dieta di\u00e1ria. Experimente as nossas sementes de c\u00e2nhamo descascadas LYF em dois sabores, Chocolate e Original. Visite o Mario's Market onde pode encontrar as sementes LYF.<\/p>","protected":false},"excerpt":{"rendered":"<h3>\u00a0Melhore a sua sa\u00fade com as sementes de c\u00e2nhamo descascadas da LYF! Cultivadas organicamente, estas sementes s\u00e3o ricas em \u00f3mega 3 e 6 e t\u00eam um elevado teor de prote\u00ednas.<\/h3>\n<p><strong>Benef\u00edcios:<\/strong><\/p>\n<ul>\n<li>Agricultura biol\u00f3gica<\/li>\n<li>Rico em \u00f3mega 3 e 6<\/li>\n<li>Elevado teor proteico<\/li>\n<li>Sabor original e natural<\/li>\n<\/ul>\n<p><strong>Utiliza\u00e7\u00f5es:<\/strong><\/p>\n<ul>\n<li>Adicionar a batidos<\/li>\n<li>Saladas<\/li>\n<li>Iogurtes<\/li>\n<li>Lanches<\/li>\n<\/ul>","protected":false},"featured_media":38266,"comment_status":"open","ping_status":"closed","template":"","meta":{"_acf_changed":false,"site-sidebar-layout":"default","site-content-layout":"","ast-site-content-layout":"default","site-content-style":"default","site-sidebar-style":"default","ast-global-header-display":"","ast-banner-title-visibility":"","ast-main-header-display":"","ast-hfb-above-header-display":"","ast-hfb-below-header-display":"","ast-hfb-mobile-header-display":"","site-post-title":"","ast-breadcrumbs-content":"","ast-featured-img":"","footer-sml-layout":"","theme-transparent-header-meta":"default","adv-header-id-meta":"","stick-header-meta":"","header-above-stick-meta":"","header-main-stick-meta":"","header-below-stick-meta":"","astra-migrate-meta-layouts":"set","ast-page-background-enabled":"default","ast-page-background-meta":{"desktop":{"background-color":"var(--ast-global-color-4)","background-image":"","background-repeat":"repeat","background-position":"center center","background-size":"auto","background-attachment":"scroll","background-type":"","background-media":"","overlay-type":"","overlay-color":"","overlay-opacity":"","overlay-gradient":""},"tablet":{"background-color":"","background-image":"","background-repeat":"repeat","background-position":"center center","background-size":"auto","background-attachment":"scroll","background-type":"","background-media":"","overlay-type":"","overlay-color":"","overlay-opacity":"","overlay-gradient":""},"mobile":{"background-color":"","background-image":"","background-repeat":"repeat","background-position":"center center","background-size":"auto","background-attachment":"scroll","background-type":"","background-media":"","overlay-type":"","overlay-color":"","overlay-opacity":"","overlay-gradient":""}},"ast-content-background-meta":{"desktop":{"background-color":"var(--ast-global-color-5)","background-image":"","background-repeat":"repeat","background-position":"center center","background-size":"auto","background-attachment":"scroll","background-type":"","background-media":"","overlay-type":"","overlay-color":"","overlay-opacity":"","overlay-gradient":""},"tablet":{"background-color":"var(--ast-global-color-5)","background-image":"","background-repeat":"repeat","background-position":"center center","background-size":"auto","background-attachment":"scroll","background-type":"","background-media":"","overlay-type":"","overlay-color":"","overlay-opacity":"","overlay-gradient":""},"mobile":{"background-color":"var(--ast-global-color-5)","background-image":"","background-repeat":"repeat","background-position":"center center","background-size":"auto","background-attachment":"scroll","background-type":"","background-media":"","overlay-type":"","overlay-color":"","overlay-opacity":"","overlay-gradient":""}}},"product_brand":[],"product_cat":[456,458],"product_tag":[],"class_list":{"0":"post-38257","1":"product","2":"type-product","3":"status-publish","4":"has-post-thumbnail","6":"product_cat-lyf","7":"product_cat-marios-market","8":"desktop-align-center","9":"tablet-align-center","10":"mobile-align-center","12":"first","13":"instock","14":"taxable","15":"shipping-taxable","16":"purchasable","17":"product-type-simple"},"acf":[],"yoast_head":"<!-- This site is optimized with the Yoast SEO Premium plugin v27.3 (Yoast SEO v27.3) - https:\/\/yoast.com\/product\/yoast-seo-premium-wordpress\/ -->\n<title>Semillas de C\u00e1\u00f1amo Peladas LYF - Sabor Original (250g) |Iguana Smoke<\/title>\n<meta name=\"description\" content=\"Semillas de c\u00e1\u00f1amo peladas listas para consumir, un snack natural que cuida tu salud. Disfruta de env\u00edo gratuito en Espa\u00f1a y Portugal en pedidos desde 40\u20ac.\" \/>\n<meta name=\"robots\" content=\"index, follow, max-snippet:-1, max-image-preview:large, max-video-preview:-1\" \/>\n<link rel=\"canonical\" href=\"https:\/\/iguanasmoke.com\/pt\/produto\/sementes-de-canhamo-lyf-descascadas-sabor-original-250g\/\" \/>\n<meta property=\"og:locale\" content=\"pt_PT\" \/>\n<meta property=\"og:type\" content=\"article\" \/>\n<meta property=\"og:title\" content=\"Semillas de C\u00e1\u00f1amo Peladas LYF - Sabor Original (250g)\" \/>\n<meta property=\"og:description\" content=\"\u00a0\u00a1Mejora tu salud con las semillas de c\u00e1\u00f1amo peladas de LYF! Cultivadas ecol\u00f3gicamente, estas semillas son ricas en omega 3 y 6 y tienen un alto contenido en prote\u00ednas. Beneficios:   Cultivo ecol\u00f3gico  Ricas en omega 3 y 6  Alto contenido en prote\u00ednas  Sabor original y natural  Usos:   A\u00f1adir a batidos  Ensaladas  Yogures  Snacks\" \/>\n<meta property=\"og:url\" content=\"https:\/\/iguanasmoke.com\/pt\/produto\/sementes-de-canhamo-lyf-descascadas-sabor-original-250g\/\" \/>\n<meta property=\"og:site_name\" content=\"Iguana Smoke\" \/>\n<meta property=\"article:publisher\" content=\"https:\/\/www.facebook.com\/iguanasmoke\" \/>\n<meta property=\"article:modified_time\" content=\"2025-08-28T13:56:58+00:00\" \/>\n<meta property=\"og:image\" content=\"https:\/\/i0.wp.com\/iguanasmoke.com\/wp-content\/uploads\/2024\/07\/Bolsas-doble-Original-frontal.webp?fit=1000%2C1000&ssl=1\" \/>\n\t<meta property=\"og:image:width\" content=\"1000\" \/>\n\t<meta property=\"og:image:height\" content=\"1000\" \/>\n\t<meta property=\"og:image:type\" content=\"image\/webp\" \/>\n<meta name=\"twitter:card\" content=\"summary_large_image\" \/>\n<meta name=\"twitter:label1\" content=\"pre\u00e7o\" \/>\n\t<meta name=\"twitter:data1\" content=\"8,99&nbsp;&euro;\" \/>\n\t<meta name=\"twitter:label2\" content=\"Disponibilidade\" \/>\n\t<meta name=\"twitter:data2\" content=\"Em stock\" \/>\n<meta property=\"product:brand\" content=\"simple\" \/>\n<meta property=\"product:price:amount\" content=\"8.99\" \/>\n<meta property=\"product:price:currency\" content=\"EUR\" \/>\n<meta property=\"og:availability\" content=\"instock\" \/>\n<meta property=\"product:availability\" content=\"instock\" \/>\n<meta property=\"product:retailer_item_id\" content=\"LYF-SEMILLASPELADAS-CLASICAS\" \/>\n<meta property=\"product:condition\" content=\"new\" \/>\n<!-- \/ Yoast SEO Premium plugin. -->","yoast_head_json":{"title":"LYF Sementes de C\u00e2nhamo Descascadas - Sabor Original (250g) : Iguana Smoke","description":"Sementes de c\u00e2nhamo descascadas prontas para comer, um lanche natural que cuida da sua sa\u00fade. Desfrute de frete gr\u00e1tis em Espanha e Portugal em pedidos a partir de \u20ac 40.","robots":{"index":"index","follow":"follow","max-snippet":"max-snippet:-1","max-image-preview":"max-image-preview:large","max-video-preview":"max-video-preview:-1"},"canonical":"https:\/\/iguanasmoke.com\/pt\/produto\/sementes-de-canhamo-lyf-descascadas-sabor-original-250g\/","og_locale":"pt_PT","og_type":"article","og_title":"Semillas de C\u00e1\u00f1amo Peladas LYF - Sabor Original (250g)","og_description":"\u00a0\u00a1Mejora tu salud con las semillas de c\u00e1\u00f1amo peladas de LYF! Cultivadas ecol\u00f3gicamente, estas semillas son ricas en omega 3 y 6 y tienen un alto contenido en prote\u00ednas. Beneficios:   Cultivo ecol\u00f3gico  Ricas en omega 3 y 6  Alto contenido en prote\u00ednas  Sabor original y natural  Usos:   A\u00f1adir a batidos  Ensaladas  Yogures  Snacks","og_url":"https:\/\/iguanasmoke.com\/pt\/produto\/sementes-de-canhamo-lyf-descascadas-sabor-original-250g\/","og_site_name":"Iguana Smoke","article_publisher":"https:\/\/www.facebook.com\/iguanasmoke","article_modified_time":"2025-08-28T13:56:58+00:00","og_image":[{"width":1000,"height":1000,"url":"https:\/\/i0.wp.com\/iguanasmoke.com\/wp-content\/uploads\/2024\/07\/Bolsas-doble-Original-frontal.webp?fit=1000%2C1000&ssl=1","type":"image\/webp"}],"twitter_card":"summary_large_image","twitter_misc":{"pre\u00e7o":"8,99&nbsp;&euro;","Disponibilidade":"Em stock"},"schema":{"@context":"https:\/\/schema.org","@graph":[{"@type":"WebPage","@id":"https:\/\/iguanasmoke.com\/producto\/semillas-de-canamo-peladas-lyf-sabor-original-250g\/","url":"https:\/\/iguanasmoke.com\/producto\/semillas-de-canamo-peladas-lyf-sabor-original-250g\/","name":"LYF Sementes de C\u00e2nhamo Descascadas - Sabor Original (250g) : Iguana Smoke","isPartOf":{"@id":"https:\/\/iguanasmoke.com\/#website"},"primaryImageOfPage":{"@id":"https:\/\/iguanasmoke.com\/producto\/semillas-de-canamo-peladas-lyf-sabor-original-250g\/#primaryimage"},"image":{"@id":"https:\/\/iguanasmoke.com\/producto\/semillas-de-canamo-peladas-lyf-sabor-original-250g\/#primaryimage"},"thumbnailUrl":"https:\/\/iguanasmoke.com\/wp-content\/uploads\/2024\/07\/Bolsas-doble-Original-frontal.webp","datePublished":"2024-07-31T12:58:00+00:00","dateModified":"2025-08-28T13:56:58+00:00","description":"Sementes de c\u00e2nhamo descascadas prontas para comer, um lanche natural que cuida da sua sa\u00fade. Desfrute de frete gr\u00e1tis em Espanha e Portugal em pedidos a partir de \u20ac 40.","breadcrumb":{"@id":"https:\/\/iguanasmoke.com\/producto\/semillas-de-canamo-peladas-lyf-sabor-original-250g\/#breadcrumb"},"inLanguage":"pt-PT","potentialAction":[{"@type":"ReadAction","target":["https:\/\/iguanasmoke.com\/producto\/semillas-de-canamo-peladas-lyf-sabor-original-250g\/"]}]},{"@type":"ImageObject","inLanguage":"pt-PT","@id":"https:\/\/iguanasmoke.com\/producto\/semillas-de-canamo-peladas-lyf-sabor-original-250g\/#primaryimage","url":"https:\/\/iguanasmoke.com\/wp-content\/uploads\/2024\/07\/Bolsas-doble-Original-frontal.webp","contentUrl":"https:\/\/iguanasmoke.com\/wp-content\/uploads\/2024\/07\/Bolsas-doble-Original-frontal.webp","width":1000,"height":1000,"caption":"semillas de ca\u00f1amo sabor natural"},{"@type":"BreadcrumbList","@id":"https:\/\/iguanasmoke.com\/producto\/semillas-de-canamo-peladas-lyf-sabor-original-250g\/#breadcrumb","itemListElement":[{"@type":"ListItem","position":1,"name":"home","item":"https:\/\/iguanasmoke.com\/"},{"@type":"ListItem","position":2,"name":"Tienda","item":"https:\/\/iguanasmoke.com\/tienda\/"},{"@type":"ListItem","position":3,"name":"LYF","item":"https:\/\/iguanasmoke.com\/categoria\/lyf\/"},{"@type":"ListItem","position":4,"name":"Semillas de C\u00e1\u00f1amo Peladas LYF &#8211; Sabor Original (250g)"}]},{"@type":"WebSite","@id":"https:\/\/iguanasmoke.com\/#website","url":"https:\/\/iguanasmoke.com\/","name":"Fumo de Iguana","description":"Comprar CBD online ao melhor pre\u00e7o","publisher":{"@id":"https:\/\/iguanasmoke.com\/#organization"},"potentialAction":[{"@type":"SearchAction","target":{"@type":"EntryPoint","urlTemplate":"https:\/\/iguanasmoke.com\/?s={search_term_string}"},"query-input":{"@type":"PropertyValueSpecification","valueRequired":true,"valueName":"search_term_string"}}],"inLanguage":"pt-PT"},{"@type":"Organization","@id":"https:\/\/iguanasmoke.com\/#organization","name":"Fumo de Iguana","url":"https:\/\/iguanasmoke.com\/","logo":{"@type":"ImageObject","inLanguage":"pt-PT","@id":"https:\/\/iguanasmoke.com\/#\/schema\/logo\/image\/","url":"https:\/\/iguanasmoke.com\/wp-content\/uploads\/2025\/01\/logoiguana-favi-1.png","contentUrl":"https:\/\/iguanasmoke.com\/wp-content\/uploads\/2025\/01\/logoiguana-favi-1.png","width":512,"height":512,"caption":"Iguana Smoke"},"image":{"@id":"https:\/\/iguanasmoke.com\/#\/schema\/logo\/image\/"},"sameAs":["https:\/\/www.facebook.com\/iguanasmoke","https:\/\/www.instagram.com\/iguanasmoke\/"]}]},"product_brand":"simple","product_price_amount":"8.99","product_price_currency":"EUR","og_availability":"instock","product_availability":"instock","product_retailer_item_id":"LYF-SEMILLASPELADAS-CLASICAS","product_condition":"new"},"_links":{"self":[{"href":"https:\/\/iguanasmoke.com\/pt\/wp-json\/wp\/v2\/product\/38257","targetHints":{"allow":["GET"]}}],"collection":[{"href":"https:\/\/iguanasmoke.com\/pt\/wp-json\/wp\/v2\/product"}],"about":[{"href":"https:\/\/iguanasmoke.com\/pt\/wp-json\/wp\/v2\/types\/product"}],"replies":[{"embeddable":true,"href":"https:\/\/iguanasmoke.com\/pt\/wp-json\/wp\/v2\/comments?post=38257"}],"wp:featuredmedia":[{"embeddable":true,"href":"https:\/\/iguanasmoke.com\/pt\/wp-json\/wp\/v2\/media\/38266"}],"wp:attachment":[{"href":"https:\/\/iguanasmoke.com\/pt\/wp-json\/wp\/v2\/media?parent=38257"}],"wp:term":[{"taxonomy":"product_brand","embeddable":true,"href":"https:\/\/iguanasmoke.com\/pt\/wp-json\/wp\/v2\/product_brand?post=38257"},{"taxonomy":"product_cat","embeddable":true,"href":"https:\/\/iguanasmoke.com\/pt\/wp-json\/wp\/v2\/product_cat?post=38257"},{"taxonomy":"product_tag","embeddable":true,"href":"https:\/\/iguanasmoke.com\/pt\/wp-json\/wp\/v2\/product_tag?post=38257"}],"curies":[{"name":"wp","href":"https:\/\/api.w.org\/{rel}","templated":true}]}}