{"id":38788,"date":"2024-08-09T13:38:52","date_gmt":"2024-08-09T11:38:52","guid":{"rendered":"https:\/\/iguanasmoke.com\/?post_type=product&#038;p=38788"},"modified":"2026-03-15T22:53:27","modified_gmt":"2026-03-15T21:53:27","slug":"iguana-power-battery-510-pocket-cartbox-para-cartuchos-1ml-2ml","status":"publish","type":"product","link":"https:\/\/iguanasmoke.com\/pt\/producto\/iguana-power-bateria-510-pocket-cartbox-para-cartuchos-1ml-2ml\/","title":{"rendered":"Bateria 510 Iguana Power Pocket Caixa de cart\u00e3o de bolso"},"content":{"rendered":"<h1><span style=\"font-weight: 400\">Bateria 510 Iguana Power Pocket Pocket Cartbox - 650 <em>mAh<\/em><\/span><\/h1>\n<p>&nbsp;<\/p>\n<p><span style=\"font-weight: 400\">Descubra a incr\u00edvel pot\u00eancia e versatilidade do <strong>Bateria 510 Iguana Power Pocket Cartbox<\/strong> de<strong> Fumo de Iguana<\/strong> especial para o <strong>cartuchos<\/strong> <strong>510<\/strong>. Concebido para satisfazer os mais entusiastas do <strong>vaporiza\u00e7\u00e3o<\/strong>, este <strong>aparelho de \u00faltima gera\u00e7\u00e3o<\/strong> permite-lhe esconder completamente o cartucho dentro da bateria, tornando-a elegante e compacta.<\/span><\/p>\n<p><span style=\"font-weight: 400\">Tamb\u00e9m oferece um<strong> desempenho fi\u00e1vel<\/strong> e uma experi\u00eancia incompar\u00e1vel. Gra\u00e7as a s<\/span><span style=\"font-weight: 400\">O seu tamanho compacto e discreto facilita o seu transporte, o que o torna ideal<\/span><span style=\"font-weight: 400\">\u00a0para a vida quotidiana. <\/span><\/p>\n<p><span style=\"font-weight: 400\">O seu <strong>a pot\u00eancia est\u00e1 perfeitamente calibrada<\/strong> para extrair todo o perfil arom\u00e1tico dos vapores sem sobreaquecer o l\u00edquido. Com o 510 Iguana Power Pocket Cartbox Battery 510 compre agora o seu <a href=\"https:\/\/iguanasmoke.com\/pt\/categoria\/cigarro-de-cbd\/cartuchos-de-vapeo\/\"><strong>cartuchos<\/strong>\u00a0<\/a> e come\u00e7ar a vaporizar. <em>Tem uma pot\u00eancia de 650 mAh<\/em>.\u00a0<\/span><\/p>\n<p>&nbsp;<\/p>\n<h2><strong>Carater\u00edsticas da caixa de cart\u00e3o 510 Iguana Power Pocket:<\/strong><\/h2>\n<ul>\n<li><span style=\"font-weight: 400\"><strong>Compatibilidade universal:<\/strong> A Iguana Power Pocket Cartbox \u00e9 compat\u00edvel com uma vasta gama de cartuchos e atomizadores, dando-lhe a liberdade de escolher os seus acess\u00f3rios preferidos. Pode ser utilizada com o<strong> <a href=\"https:\/\/iguanasmoke.com\/pt\/categoria\/cigarro-de-cbd\/cartuchos-de-vapeo\/\">Cartuchos de 1 ml e 2 ml<\/a><\/strong> de <strong>Fumo de Iguana<\/strong>, Isto alarga o leque de op\u00e7\u00f5es de utiliza\u00e7\u00e3o.<\/span><\/li>\n<li>Ecr\u00e3 digital: <span style=\"font-weight: 400\">Inclui um ecr\u00e3 digital que mostra informa\u00e7\u00f5es essenciais, como a dura\u00e7\u00e3o da bateria e as defini\u00e7\u00f5es de tens\u00e3o.\u00a0<\/span><\/li>\n<li><span style=\"font-weight: 400\"><strong>Portabilidade e durabilidade<\/strong>Fabricado com materiais de alta qualidade. Leve-a consigo com confian\u00e7a, sabendo que foi constru\u00edda para resistir a uma utiliza\u00e7\u00e3o constante. Ideal para quem valoriza a sua Bateria 510 Iguana Power Pocket Cartbox 510 <\/span><\/li>\n<li>Tens\u00e3o ajust\u00e1vel: Permite que a tens\u00e3o seja ajustada de acordo com a prefer\u00eancia do utilizador, <span style=\"font-weight: 400\">proporcionando um controlo total sobre a intensidade do vapor.\u00a0<\/span><\/li>\n<li><span style=\"font-weight: 400\"><strong>Carregamento USB-C<\/strong>Equipado com uma porta de carregamento USB, garante um recarregamento r\u00e1pido e f\u00e1cil.<\/span><\/li>\n<li>Indicadores LED: <span style=\"font-weight: 400\">Luz LED que indica o estado da bateria e o processo de carregamento.\u00a0<\/span><\/li>\n<li>Bateria com capacidade suficiente para v\u00e1rias sess\u00f5es de vaporiza\u00e7\u00e3o antes de precisar de ser recarregada.<\/li>\n<\/ul>\n<p>&nbsp;<\/p>\n<h2><strong>A Bateria 510 Iguana Power Pocket Cartbox 510 Iguana Power Pocket Cartbox i<\/strong>Inclui:<\/h2>\n<ul>\n<li>1 Bateria Iguana Smoke CartBox 510<\/li>\n<li>1 cabo de carregamento USB-C<\/li>\n<li>Manual do utilizador<\/li>\n<\/ul>\n<p>&nbsp;<\/p>\n<h2><strong>O que \u00e9 um cartucho descart\u00e1vel?<\/strong><\/h2>\n<p><span style=\"font-weight: 400\">A <strong>cartucho descart\u00e1vel<\/strong> \u00e9 um pequeno cilindro com <strong>Liga\u00e7\u00e3o 510, 1ml ou 2ml<\/strong> que est\u00e1 cheio de l\u00edquido. A grande diferen\u00e7a em rela\u00e7\u00e3o a outros tipos de cartuchos \u00e9 que n\u00e3o precisa de ser recarregado ou reabastecido: <strong>quando se esgota, \u00e9 simplesmente descartado<\/strong>. O 510 Iguana Power Pocket Cartbox \u00e9 compat\u00edvel com cartuchos de 1 ml e 2 ml, oferecendo uma grande versatilidade.<\/span><\/p>\n<p><span style=\"font-weight: 400\">Existem tamb\u00e9m\u00a0<strong><a href=\"https:\/\/iguanasmoke.com\/pt\/categoria\/cigarro-de-cbd\/\">Vapers descart\u00e1veis<\/a> <\/strong>(tudo-em-um) com bateria e cartucho integrados, pronto a utilizar logo que sai da caixa.\u00a0<\/span><\/p>\n<p>&nbsp;<\/p>\n<div class=\"ewd-ufaq-faq-body\">\n<h3><b>Iguana Smoke \u00e9 a sua loja online de confian\u00e7a de CBD<\/b><\/h3>\n<p><span style=\"font-weight: 400\">Na Iguana Smoke, acreditamos que desfrutar do CBD deve ser uma experi\u00eancia segura e prazerosa. \u00c9 por isso que temos produtos de alta qualidade que se conectam com as novas gera\u00e7\u00f5es: pessoas que procuram um bem-estar descomplicado, com marcas aut\u00eanticas e confi\u00e1veis. Adquira j\u00e1 a Bateria Iguana Power Pocket Cartbox 510.<\/span><\/p>\n<p>A nossa miss\u00e3o \u00e9 clara: trazer-lhe o melhor do mundo dos canabin\u00f3ides a um pre\u00e7o justo, com a tranquilidade de saber que est\u00e1 a escolher um produto certificado, eficaz e 100% legal. Estamos na vanguarda dos produtos CBD.<\/p>\n<p>Ainda tem d\u00favidas? Escreva-nos e teremos todo o gosto em ajud\u00e1-lo a encontrar o produto certo para si.<\/p>\n<\/div>\n<p>&nbsp;<\/p>\n<p><em><span style=\"font-weight: 400\">*Nota: a sua utiliza\u00e7\u00e3o destina-se a cole\u00e7\u00e3o ou aromaterapia, de acordo com a legisla\u00e7\u00e3o espanhola.<\/span><\/em><\/p>\n<p><em><span style=\"font-weight: 400\">**Todos os nossos produtos s\u00e3o derivados de c\u00e2nhamo industrial certificado. Cont\u00eam menos de 0,3 THC e n\u00e3o cont\u00eam canabin\u00f3ides ilegais como HHC, HHC-P, THCP, THCP-O, H4CBD e os inclu\u00eddos no Anexo I do Decreto Real 2829\/1977, nem subst\u00e2ncias controladas por conven\u00e7\u00f5es internacionais.\u00a0<\/span><\/em><\/p>","protected":false},"excerpt":{"rendered":"<ul>\n<li>Bateria 510 para cartuchos largos de 1ml, 2ml ou mais: : 650 MaH<\/li>\n<li>Ecr\u00e3 digital<\/li>\n<li>Tens\u00e3o: 2,8v - 3,4v - 3,8v<\/li>\n<li>Fun\u00e7\u00e3o de aquecimento de 15 segundos<\/li>\n<li>Liga\u00e7\u00e3o standard compat\u00edvel com todos os cartuchos 510<\/li>\n<li>Liga\u00e7\u00e3o: USB-C<\/li>\n<li>1 Cabo de carregamento UCB-C<\/li>\n<\/ul>","protected":false},"featured_media":39092,"comment_status":"open","ping_status":"closed","template":"","meta":{"_acf_changed":false,"site-sidebar-layout":"default","site-content-layout":"","ast-site-content-layout":"default","site-content-style":"default","site-sidebar-style":"default","ast-global-header-display":"","ast-banner-title-visibility":"","ast-main-header-display":"","ast-hfb-above-header-display":"","ast-hfb-below-header-display":"","ast-hfb-mobile-header-display":"","site-post-title":"","ast-breadcrumbs-content":"","ast-featured-img":"","footer-sml-layout":"","theme-transparent-header-meta":"default","adv-header-id-meta":"","stick-header-meta":"","header-above-stick-meta":"","header-main-stick-meta":"","header-below-stick-meta":"","astra-migrate-meta-layouts":"set","ast-page-background-enabled":"default","ast-page-background-meta":{"desktop":{"background-color":"var(--ast-global-color-4)","background-image":"","background-repeat":"repeat","background-position":"center center","background-size":"auto","background-attachment":"scroll","background-type":"","background-media":"","overlay-type":"","overlay-color":"","overlay-opacity":"","overlay-gradient":""},"tablet":{"background-color":"","background-image":"","background-repeat":"repeat","background-position":"center center","background-size":"auto","background-attachment":"scroll","background-type":"","background-media":"","overlay-type":"","overlay-color":"","overlay-opacity":"","overlay-gradient":""},"mobile":{"background-color":"","background-image":"","background-repeat":"repeat","background-position":"center center","background-size":"auto","background-attachment":"scroll","background-type":"","background-media":"","overlay-type":"","overlay-color":"","overlay-opacity":"","overlay-gradient":""}},"ast-content-background-meta":{"desktop":{"background-color":"var(--ast-global-color-5)","background-image":"","background-repeat":"repeat","background-position":"center center","background-size":"auto","background-attachment":"scroll","background-type":"","background-media":"","overlay-type":"","overlay-color":"","overlay-opacity":"","overlay-gradient":""},"tablet":{"background-color":"var(--ast-global-color-5)","background-image":"","background-repeat":"repeat","background-position":"center center","background-size":"auto","background-attachment":"scroll","background-type":"","background-media":"","overlay-type":"","overlay-color":"","overlay-opacity":"","overlay-gradient":""},"mobile":{"background-color":"var(--ast-global-color-5)","background-image":"","background-repeat":"repeat","background-position":"center center","background-size":"auto","background-attachment":"scroll","background-type":"","background-media":"","overlay-type":"","overlay-color":"","overlay-opacity":"","overlay-gradient":""}}},"product_brand":[],"product_cat":[984,419,981,418],"product_tag":[],"class_list":{"0":"post-38788","1":"product","2":"type-product","3":"status-publish","4":"has-post-thumbnail","6":"product_cat-baterias-y-kits-de-vapeo","7":"product_cat-cartuchos-cbd","8":"product_cat-cbd-full-spectrum","9":"product_cat-vaper-cbd","10":"desktop-align-center","11":"tablet-align-center","12":"mobile-align-center","14":"first","15":"instock","16":"taxable","17":"shipping-taxable","18":"purchasable","19":"product-type-simple"},"acf":[],"yoast_head":"<!-- This site is optimized with the Yoast SEO Premium plugin v27.3 (Yoast SEO v27.3) - https:\/\/yoast.com\/product\/yoast-seo-premium-wordpress\/ -->\n<title>Bater\u00eda 510 Iguana Power Pocket Cartbox | Iguana Smoke<\/title>\n<meta name=\"description\" content=\"Mejora tu experiencia de vapeo con la Bater\u00eda 510 Iguana Power Pocket Cartbox, que oculta el cartucho de manera elegante. \u00a1Compra ahora y sorpr\u00e9ndete!\" \/>\n<meta name=\"robots\" content=\"index, follow, max-snippet:-1, max-image-preview:large, max-video-preview:-1\" \/>\n<link rel=\"canonical\" href=\"https:\/\/iguanasmoke.com\/pt\/produto\/iguana-power-battery-510-pocket-cartbox-para-cartuchos-1ml-2ml\/\" \/>\n<meta property=\"og:locale\" content=\"pt_PT\" \/>\n<meta property=\"og:type\" content=\"article\" \/>\n<meta property=\"og:title\" content=\"Bateria 510 Iguana Power Pocket Cartbox\" \/>\n<meta property=\"og:description\" content=\"Bater\u00eda 510 para cartuchos anchos de 1ml, 2ml o m\u00e1s: : 650 MaH  Pantalla digital  Voltaje: 2,8v - 3,4v - 3,8v  Funci\u00f3n precalentamiento de 15 segundos  Conexi\u00f3n standard compatible con todos los cartuchos 510  Conexi\u00f3n: USB-C  1 Cable carga UCB-C\" \/>\n<meta property=\"og:url\" content=\"https:\/\/iguanasmoke.com\/pt\/produto\/iguana-power-battery-510-pocket-cartbox-para-cartuchos-1ml-2ml\/\" \/>\n<meta property=\"og:site_name\" content=\"Iguana Smoke\" \/>\n<meta property=\"article:publisher\" content=\"https:\/\/www.facebook.com\/iguanasmoke\" \/>\n<meta property=\"article:modified_time\" content=\"2026-03-15T21:53:27+00:00\" \/>\n<meta property=\"og:image\" content=\"https:\/\/iguanasmoke.com\/wp-content\/uploads\/2024\/08\/Mockup-3.png\" \/>\n\t<meta property=\"og:image:width\" content=\"1000\" \/>\n\t<meta property=\"og:image:height\" content=\"1000\" \/>\n\t<meta property=\"og:image:type\" content=\"image\/png\" \/>\n<meta name=\"twitter:card\" content=\"summary_large_image\" \/>\n<meta name=\"twitter:label1\" content=\"pre\u00e7o\" \/>\n\t<meta name=\"twitter:data1\" content=\"19,90&nbsp;&euro;\" \/>\n\t<meta name=\"twitter:label2\" content=\"Disponibilidade\" \/>\n\t<meta name=\"twitter:data2\" content=\"Em stock\" \/>\n<meta property=\"product:brand\" content=\"simple\" \/>\n<meta property=\"product:price:amount\" content=\"19.90\" \/>\n<meta property=\"product:price:currency\" content=\"EUR\" \/>\n<meta property=\"og:availability\" content=\"instock\" \/>\n<meta property=\"product:availability\" content=\"instock\" \/>\n<meta property=\"product:retailer_item_id\" content=\"IS-BAT510-CARTBOX\" \/>\n<meta property=\"product:condition\" content=\"new\" \/>\n<!-- \/ Yoast SEO Premium plugin. -->","yoast_head_json":{"title":"Bateria 510 Iguana Power Pocket Pocket Cartbox | Iguana Smoke","description":"Melhore a sua experi\u00eancia de vaporiza\u00e7\u00e3o com a 510 Iguana Power Pocket Cartbox, que esconde elegantemente o cartucho - compre agora e surpreenda-se!","robots":{"index":"index","follow":"follow","max-snippet":"max-snippet:-1","max-image-preview":"max-image-preview:large","max-video-preview":"max-video-preview:-1"},"canonical":"https:\/\/iguanasmoke.com\/pt\/produto\/iguana-power-battery-510-pocket-cartbox-para-cartuchos-1ml-2ml\/","og_locale":"pt_PT","og_type":"article","og_title":"Bateria 510 Iguana Power Pocket Cartbox","og_description":"Bater\u00eda 510 para cartuchos anchos de 1ml, 2ml o m\u00e1s: : 650 MaH  Pantalla digital  Voltaje: 2,8v - 3,4v - 3,8v  Funci\u00f3n precalentamiento de 15 segundos  Conexi\u00f3n standard compatible con todos los cartuchos 510  Conexi\u00f3n: USB-C  1 Cable carga UCB-C","og_url":"https:\/\/iguanasmoke.com\/pt\/produto\/iguana-power-battery-510-pocket-cartbox-para-cartuchos-1ml-2ml\/","og_site_name":"Iguana Smoke","article_publisher":"https:\/\/www.facebook.com\/iguanasmoke","article_modified_time":"2026-03-15T21:53:27+00:00","og_image":[{"width":1000,"height":1000,"url":"https:\/\/iguanasmoke.com\/wp-content\/uploads\/2024\/08\/Mockup-3.png","type":"image\/png"}],"twitter_card":"summary_large_image","twitter_misc":{"pre\u00e7o":"19,90&nbsp;&euro;","Disponibilidade":"Em stock"},"schema":{"@context":"https:\/\/schema.org","@graph":[{"@type":"WebPage","@id":"https:\/\/iguanasmoke.com\/producto\/iguana-power-bateria-510-pocket-cartbox-para-cartuchos-1ml-2ml\/","url":"https:\/\/iguanasmoke.com\/producto\/iguana-power-bateria-510-pocket-cartbox-para-cartuchos-1ml-2ml\/","name":"Bateria 510 Iguana Power Pocket Pocket Cartbox | Iguana Smoke","isPartOf":{"@id":"https:\/\/iguanasmoke.com\/#website"},"primaryImageOfPage":{"@id":"https:\/\/iguanasmoke.com\/producto\/iguana-power-bateria-510-pocket-cartbox-para-cartuchos-1ml-2ml\/#primaryimage"},"image":{"@id":"https:\/\/iguanasmoke.com\/producto\/iguana-power-bateria-510-pocket-cartbox-para-cartuchos-1ml-2ml\/#primaryimage"},"thumbnailUrl":"https:\/\/iguanasmoke.com\/wp-content\/uploads\/2024\/08\/Mockup-3.png","datePublished":"2024-08-09T11:38:52+00:00","dateModified":"2026-03-15T21:53:27+00:00","description":"Melhore a sua experi\u00eancia de vaporiza\u00e7\u00e3o com a 510 Iguana Power Pocket Cartbox, que esconde elegantemente o cartucho - compre agora e surpreenda-se!","breadcrumb":{"@id":"https:\/\/iguanasmoke.com\/producto\/iguana-power-bateria-510-pocket-cartbox-para-cartuchos-1ml-2ml\/#breadcrumb"},"inLanguage":"pt-PT","potentialAction":[{"@type":"ReadAction","target":["https:\/\/iguanasmoke.com\/producto\/iguana-power-bateria-510-pocket-cartbox-para-cartuchos-1ml-2ml\/"]}]},{"@type":"ImageObject","inLanguage":"pt-PT","@id":"https:\/\/iguanasmoke.com\/producto\/iguana-power-bateria-510-pocket-cartbox-para-cartuchos-1ml-2ml\/#primaryimage","url":"https:\/\/iguanasmoke.com\/wp-content\/uploads\/2024\/08\/Mockup-3.png","contentUrl":"https:\/\/iguanasmoke.com\/wp-content\/uploads\/2024\/08\/Mockup-3.png","width":1000,"height":1000,"caption":"Bateria Iguana Power Cartbox Pocket 650 mAh para 1 y 2 ml"},{"@type":"BreadcrumbList","@id":"https:\/\/iguanasmoke.com\/producto\/iguana-power-bateria-510-pocket-cartbox-para-cartuchos-1ml-2ml\/#breadcrumb","itemListElement":[{"@type":"ListItem","position":1,"name":"home","item":"https:\/\/iguanasmoke.com\/"},{"@type":"ListItem","position":2,"name":"Tienda","item":"https:\/\/iguanasmoke.com\/tienda\/"},{"@type":"ListItem","position":3,"name":"Vaper CBD","item":"https:\/\/iguanasmoke.com\/categoria\/vaper-cbd\/"},{"@type":"ListItem","position":4,"name":"Cartuchos","item":"https:\/\/iguanasmoke.com\/categoria\/vaper-cbd\/cartuchos-cbd\/"},{"@type":"ListItem","position":5,"name":"Bater\u00edas y Kits de Vapeo","item":"https:\/\/iguanasmoke.com\/categoria\/vaper-cbd\/cartuchos-cbd\/baterias-y-kits-de-vapeo\/"},{"@type":"ListItem","position":6,"name":"Bateria 510 Iguana Power Pocket Cartbox"}]},{"@type":"WebSite","@id":"https:\/\/iguanasmoke.com\/#website","url":"https:\/\/iguanasmoke.com\/","name":"Fumo de Iguana","description":"Comprar CBD online ao melhor pre\u00e7o","publisher":{"@id":"https:\/\/iguanasmoke.com\/#organization"},"potentialAction":[{"@type":"SearchAction","target":{"@type":"EntryPoint","urlTemplate":"https:\/\/iguanasmoke.com\/?s={search_term_string}"},"query-input":{"@type":"PropertyValueSpecification","valueRequired":true,"valueName":"search_term_string"}}],"inLanguage":"pt-PT"},{"@type":"Organization","@id":"https:\/\/iguanasmoke.com\/#organization","name":"Fumo de Iguana","url":"https:\/\/iguanasmoke.com\/","logo":{"@type":"ImageObject","inLanguage":"pt-PT","@id":"https:\/\/iguanasmoke.com\/#\/schema\/logo\/image\/","url":"https:\/\/iguanasmoke.com\/wp-content\/uploads\/2025\/01\/logoiguana-favi-1.png","contentUrl":"https:\/\/iguanasmoke.com\/wp-content\/uploads\/2025\/01\/logoiguana-favi-1.png","width":512,"height":512,"caption":"Iguana Smoke"},"image":{"@id":"https:\/\/iguanasmoke.com\/#\/schema\/logo\/image\/"},"sameAs":["https:\/\/www.facebook.com\/iguanasmoke","https:\/\/www.instagram.com\/iguanasmoke\/"]}]},"product_brand":"simple","product_price_amount":"19.90","product_price_currency":"EUR","og_availability":"instock","product_availability":"instock","product_retailer_item_id":"IS-BAT510-CARTBOX","product_condition":"new"},"_links":{"self":[{"href":"https:\/\/iguanasmoke.com\/pt\/wp-json\/wp\/v2\/product\/38788","targetHints":{"allow":["GET"]}}],"collection":[{"href":"https:\/\/iguanasmoke.com\/pt\/wp-json\/wp\/v2\/product"}],"about":[{"href":"https:\/\/iguanasmoke.com\/pt\/wp-json\/wp\/v2\/types\/product"}],"replies":[{"embeddable":true,"href":"https:\/\/iguanasmoke.com\/pt\/wp-json\/wp\/v2\/comments?post=38788"}],"wp:featuredmedia":[{"embeddable":true,"href":"https:\/\/iguanasmoke.com\/pt\/wp-json\/wp\/v2\/media\/39092"}],"wp:attachment":[{"href":"https:\/\/iguanasmoke.com\/pt\/wp-json\/wp\/v2\/media?parent=38788"}],"wp:term":[{"taxonomy":"product_brand","embeddable":true,"href":"https:\/\/iguanasmoke.com\/pt\/wp-json\/wp\/v2\/product_brand?post=38788"},{"taxonomy":"product_cat","embeddable":true,"href":"https:\/\/iguanasmoke.com\/pt\/wp-json\/wp\/v2\/product_cat?post=38788"},{"taxonomy":"product_tag","embeddable":true,"href":"https:\/\/iguanasmoke.com\/pt\/wp-json\/wp\/v2\/product_tag?post=38788"}],"curies":[{"name":"wp","href":"https:\/\/api.w.org\/{rel}","templated":true}]}}