{"id":46413,"date":"2024-12-28T13:33:13","date_gmt":"2024-12-28T12:33:13","guid":{"rendered":"https:\/\/iguanasmoke.com\/?post_type=product&#038;p=46413"},"modified":"2025-09-15T17:22:36","modified_gmt":"2025-09-15T15:22:36","slug":"extrato-de-cogumelos-para-dormir-2","status":"publish","type":"product","link":"https:\/\/iguanasmoke.com\/pt\/producto\/extracto-de-hongos-sleep\/","title":{"rendered":"Extrato de Cogumelo do Sono"},"content":{"rendered":"<h2>Extrato de Cogumelo do Sono<\/h2>\n<p>A falta de sono pode afetar significativamente a nossa sa\u00fade e bem-estar, uma vez que dormir o suficiente \u00e9 crucial para o funcionamento, energia e recupera\u00e7\u00e3o. Os estudos mostram que uma boa noite de sono, embora completamente necess\u00e1ria e natural, \u00e9 dif\u00edcil de conseguir para um ter\u00e7o da popula\u00e7\u00e3o.<\/p>\n<p>O\u00a0<strong>Tintura para dormir<\/strong>\u00a0\u00e9 uma mistura dos melhores extractos de cogumelos adaptog\u00e9nicos e de rem\u00e9dios \u00e0 base de plantas, concebida para o ajudar a adormecer e, mais importante ainda, a manter uma noite de sono repousante.<\/p>\n<h3>Ingredientes activos:<\/h3>\n<h4><strong>Cogumelos adaptog\u00e9nicos:<\/strong><\/h4>\n<ul>\n<li><strong>Reishi:<\/strong> O super-her\u00f3i do sono n\u00e3o-REM que prolonga o tempo nesta fase crucial, resultando num sono de qualidade.<\/li>\n<li><strong>Cordyceps:<\/strong>\u00a0Regula o ritmo circadiano e pode aumentar os n\u00edveis de serotonina e melatonina, ambos essenciais para o processo de sono.<\/li>\n<li><strong>Juba de le\u00e3o:<\/strong>\u00a0Favorece o aumento natural do BDNF, cuja car\u00eancia est\u00e1 associada a problemas de sono, segundo os estudos.<\/li>\n<li><strong>Chaga:<\/strong> Regula o sistema de resposta ao stress e, ao mesmo tempo, reduz a inflama\u00e7\u00e3o, o colesterol e os n\u00edveis de a\u00e7\u00facar no sangue.<\/li>\n<\/ul>\n<h4><strong>Rem\u00e9dios florais:<\/strong><\/h4>\n<ul>\n<li><strong>Rio de Agua del Este:<\/strong>\u00a0Ajuda a libertar sentimentos e emo\u00e7\u00f5es antigas.<\/li>\n<li><strong>Sininho:<\/strong>\u00a0Facilita o desvendar de pensamentos complexos.<\/li>\n<li><strong>Carvalho:<\/strong>\u00a0Favorece a quietude e o repouso.<\/li>\n<li><strong>Ver\u00f3nica:<\/strong>\u00a0Favorece a desacelera\u00e7\u00e3o mental.<\/li>\n<li><strong>Alho selvagem:<\/strong>\u00a0Proporciona um apoio universal e ajuda a libertar os medos.<\/li>\n<li><strong>Castanha vermelha:<\/strong>\u00a0Ajuda a libertar as preocupa\u00e7\u00f5es com os outros e com o que n\u00e3o se pode mudar.<\/li>\n<li><strong>Castanha branca:<\/strong>\u00a0Facilita a liberta\u00e7\u00e3o de pensamentos indesejados.<\/li>\n<\/ul>\n<p>O\u00a0<strong>B\u00fassola de sonho<\/strong> ajuda a relaxar o corpo e a mente, preparando-o para o sono, e acompanha-o durante toda a noite para que possa manter um sono profundo e repousante.<\/p>\n<h3>Avisos:<\/h3>\n<ul>\n<li>Manter afastado dos olhos.<\/li>\n<li>Consultar um profissional se estiver gr\u00e1vida ou a amamentar.<\/li>\n<li>Manter fora do alcance das crian\u00e7as.<\/li>\n<\/ul>","protected":false},"excerpt":{"rendered":"<p><strong>A b\u00fassola para encontrar a calma numa mente inquieta e parar o ciclo irritante de pensamentos repetitivos: encontrar o sono desejado.<\/strong><\/p>\n<p><strong>Tamanho:<\/strong>\u00a050 ml<br \/>\n<strong>Por\u00e7\u00f5es:<\/strong>\u00a030 (5-6 pulveriza\u00e7\u00f5es por dia)<\/p>","protected":false},"featured_media":46426,"comment_status":"open","ping_status":"closed","template":"","meta":{"_acf_changed":false,"site-sidebar-layout":"default","site-content-layout":"","ast-site-content-layout":"default","site-content-style":"default","site-sidebar-style":"default","ast-global-header-display":"","ast-banner-title-visibility":"","ast-main-header-display":"","ast-hfb-above-header-display":"","ast-hfb-below-header-display":"","ast-hfb-mobile-header-display":"","site-post-title":"","ast-breadcrumbs-content":"","ast-featured-img":"","footer-sml-layout":"","theme-transparent-header-meta":"default","adv-header-id-meta":"","stick-header-meta":"","header-above-stick-meta":"","header-main-stick-meta":"","header-below-stick-meta":"","astra-migrate-meta-layouts":"set","ast-page-background-enabled":"default","ast-page-background-meta":{"desktop":{"background-color":"var(--ast-global-color-4)","background-image":"","background-repeat":"repeat","background-position":"center center","background-size":"auto","background-attachment":"scroll","background-type":"","background-media":"","overlay-type":"","overlay-color":"","overlay-opacity":"","overlay-gradient":""},"tablet":{"background-color":"","background-image":"","background-repeat":"repeat","background-position":"center center","background-size":"auto","background-attachment":"scroll","background-type":"","background-media":"","overlay-type":"","overlay-color":"","overlay-opacity":"","overlay-gradient":""},"mobile":{"background-color":"","background-image":"","background-repeat":"repeat","background-position":"center center","background-size":"auto","background-attachment":"scroll","background-type":"","background-media":"","overlay-type":"","overlay-color":"","overlay-opacity":"","overlay-gradient":""}},"ast-content-background-meta":{"desktop":{"background-color":"var(--ast-global-color-5)","background-image":"","background-repeat":"repeat","background-position":"center center","background-size":"auto","background-attachment":"scroll","background-type":"","background-media":"","overlay-type":"","overlay-color":"","overlay-opacity":"","overlay-gradient":""},"tablet":{"background-color":"var(--ast-global-color-5)","background-image":"","background-repeat":"repeat","background-position":"center center","background-size":"auto","background-attachment":"scroll","background-type":"","background-media":"","overlay-type":"","overlay-color":"","overlay-opacity":"","overlay-gradient":""},"mobile":{"background-color":"var(--ast-global-color-5)","background-image":"","background-repeat":"repeat","background-position":"center center","background-size":"auto","background-attachment":"scroll","background-type":"","background-media":"","overlay-type":"","overlay-color":"","overlay-opacity":"","overlay-gradient":""}}},"product_brand":[],"product_cat":[458],"product_tag":[],"class_list":{"0":"post-46413","1":"product","2":"type-product","3":"status-publish","4":"has-post-thumbnail","6":"product_cat-marios-market","7":"desktop-align-center","8":"tablet-align-center","9":"mobile-align-center","11":"first","12":"outofstock","13":"taxable","14":"shipping-taxable","15":"purchasable","16":"product-type-simple"},"acf":[],"yoast_head":"<!-- This site is optimized with the Yoast SEO Premium plugin v27.3 (Yoast SEO v27.3) - https:\/\/yoast.com\/product\/yoast-seo-premium-wordpress\/ -->\n<title>Extracto de Hongos Sleep | Suplemento para Dormir | Iguana Smoke<\/title>\n<meta name=\"description\" content=\"Mejora tu descanso con el extracto org\u00e1nico de hongo Sleep. Formulado con hongos adapt\u00f3genos para ayudarte a conciliar el sue\u00f1o y mantener un descanso profundo. \u00a1Compra ahora y disfruta de noches reparadoras!\" \/>\n<meta name=\"robots\" content=\"index, follow, max-snippet:-1, max-image-preview:large, max-video-preview:-1\" \/>\n<link rel=\"canonical\" href=\"https:\/\/iguanasmoke.com\/pt\/produto\/extrato-de-cogumelos-para-dormir-2\/\" \/>\n<meta property=\"og:locale\" content=\"pt_PT\" \/>\n<meta property=\"og:type\" content=\"article\" \/>\n<meta property=\"og:title\" content=\"Extracto de Hongos Sleep\" \/>\n<meta property=\"og:description\" content=\"La br\u00fajula para encontrar la calma en una mente inquieta y detener el molesto ciclo de pensamientos repetitivos: encuentra el deseado sue\u00f1o.  Tama\u00f1o:\u00a050 ml Porciones:\u00a030 (5\u20136 sprays al d\u00eda)\" \/>\n<meta property=\"og:url\" content=\"https:\/\/iguanasmoke.com\/pt\/produto\/extrato-de-cogumelos-para-dormir-2\/\" \/>\n<meta property=\"og:site_name\" content=\"Iguana Smoke\" \/>\n<meta property=\"article:publisher\" content=\"https:\/\/www.facebook.com\/iguanasmoke\" \/>\n<meta property=\"article:modified_time\" content=\"2025-09-15T15:22:36+00:00\" \/>\n<meta property=\"og:image\" content=\"https:\/\/i0.wp.com\/iguanasmoke.com\/wp-content\/uploads\/2024\/12\/5-1.webp?fit=1409%2C2000&ssl=1\" \/>\n\t<meta property=\"og:image:width\" content=\"1409\" \/>\n\t<meta property=\"og:image:height\" content=\"2000\" \/>\n\t<meta property=\"og:image:type\" content=\"image\/webp\" \/>\n<meta name=\"twitter:card\" content=\"summary_large_image\" \/>\n<meta name=\"twitter:label1\" content=\"pre\u00e7o\" \/>\n\t<meta name=\"twitter:data1\" content=\"34,90&nbsp;&euro;\" \/>\n\t<meta name=\"twitter:label2\" content=\"Disponibilidade\" \/>\n\t<meta name=\"twitter:data2\" content=\"Esgotado\" \/>\n<meta property=\"product:brand\" content=\"simple\" \/>\n<meta property=\"product:price:amount\" content=\"34.90\" \/>\n<meta property=\"product:price:currency\" content=\"EUR\" \/>\n<meta property=\"og:availability\" content=\"out of stock\" \/>\n<meta property=\"product:availability\" content=\"out of stock\" \/>\n<meta property=\"product:retailer_item_id\" content=\"LYF-SPRAY-SLP\" \/>\n<meta property=\"product:condition\" content=\"new\" \/>\n<!-- \/ Yoast SEO Premium plugin. -->","yoast_head_json":{"title":"Extrato de Cogumelo do Sono - Iguana Smoke - Suplemento para dormir","description":"Melhore o seu sono com Sleep Organic Mushroom Extract. Formulado com cogumelos adaptog\u00e9nicos para o ajudar a adormecer e a manter um descanso profundo, compre agora e desfrute de noites descansadas!","robots":{"index":"index","follow":"follow","max-snippet":"max-snippet:-1","max-image-preview":"max-image-preview:large","max-video-preview":"max-video-preview:-1"},"canonical":"https:\/\/iguanasmoke.com\/pt\/produto\/extrato-de-cogumelos-para-dormir-2\/","og_locale":"pt_PT","og_type":"article","og_title":"Extracto de Hongos Sleep","og_description":"La br\u00fajula para encontrar la calma en una mente inquieta y detener el molesto ciclo de pensamientos repetitivos: encuentra el deseado sue\u00f1o.  Tama\u00f1o:\u00a050 ml Porciones:\u00a030 (5\u20136 sprays al d\u00eda)","og_url":"https:\/\/iguanasmoke.com\/pt\/produto\/extrato-de-cogumelos-para-dormir-2\/","og_site_name":"Iguana Smoke","article_publisher":"https:\/\/www.facebook.com\/iguanasmoke","article_modified_time":"2025-09-15T15:22:36+00:00","og_image":[{"width":1409,"height":2000,"url":"https:\/\/i0.wp.com\/iguanasmoke.com\/wp-content\/uploads\/2024\/12\/5-1.webp?fit=1409%2C2000&ssl=1","type":"image\/webp"}],"twitter_card":"summary_large_image","twitter_misc":{"pre\u00e7o":"34,90&nbsp;&euro;","Disponibilidade":"Esgotado"},"schema":{"@context":"https:\/\/schema.org","@graph":[{"@type":"WebPage","@id":"https:\/\/iguanasmoke.com\/producto\/extracto-de-hongos-sleep\/","url":"https:\/\/iguanasmoke.com\/producto\/extracto-de-hongos-sleep\/","name":"Extrato de Cogumelo do Sono - Iguana Smoke - Suplemento para dormir","isPartOf":{"@id":"https:\/\/iguanasmoke.com\/#website"},"primaryImageOfPage":{"@id":"https:\/\/iguanasmoke.com\/producto\/extracto-de-hongos-sleep\/#primaryimage"},"image":{"@id":"https:\/\/iguanasmoke.com\/producto\/extracto-de-hongos-sleep\/#primaryimage"},"thumbnailUrl":"https:\/\/iguanasmoke.com\/wp-content\/uploads\/2024\/12\/5-1.webp","datePublished":"2024-12-28T12:33:13+00:00","dateModified":"2025-09-15T15:22:36+00:00","description":"Melhore o seu sono com Sleep Organic Mushroom Extract. Formulado com cogumelos adaptog\u00e9nicos para o ajudar a adormecer e a manter um descanso profundo, compre agora e desfrute de noites descansadas!","breadcrumb":{"@id":"https:\/\/iguanasmoke.com\/producto\/extracto-de-hongos-sleep\/#breadcrumb"},"inLanguage":"pt-PT","potentialAction":[{"@type":"ReadAction","target":["https:\/\/iguanasmoke.com\/producto\/extracto-de-hongos-sleep\/"]}]},{"@type":"ImageObject","inLanguage":"pt-PT","@id":"https:\/\/iguanasmoke.com\/producto\/extracto-de-hongos-sleep\/#primaryimage","url":"https:\/\/iguanasmoke.com\/wp-content\/uploads\/2024\/12\/5-1.webp","contentUrl":"https:\/\/iguanasmoke.com\/wp-content\/uploads\/2024\/12\/5-1.webp","width":1409,"height":2000},{"@type":"BreadcrumbList","@id":"https:\/\/iguanasmoke.com\/producto\/extracto-de-hongos-sleep\/#breadcrumb","itemListElement":[{"@type":"ListItem","position":1,"name":"home","item":"https:\/\/iguanasmoke.com\/"},{"@type":"ListItem","position":2,"name":"Tienda","item":"https:\/\/iguanasmoke.com\/tienda\/"},{"@type":"ListItem","position":3,"name":"Mario's Market","item":"https:\/\/iguanasmoke.com\/categoria\/marios-market\/"},{"@type":"ListItem","position":4,"name":"Extracto de Hongos Sleep"}]},{"@type":"WebSite","@id":"https:\/\/iguanasmoke.com\/#website","url":"https:\/\/iguanasmoke.com\/","name":"Fumo de Iguana","description":"Comprar CBD online ao melhor pre\u00e7o","publisher":{"@id":"https:\/\/iguanasmoke.com\/#organization"},"potentialAction":[{"@type":"SearchAction","target":{"@type":"EntryPoint","urlTemplate":"https:\/\/iguanasmoke.com\/?s={search_term_string}"},"query-input":{"@type":"PropertyValueSpecification","valueRequired":true,"valueName":"search_term_string"}}],"inLanguage":"pt-PT"},{"@type":"Organization","@id":"https:\/\/iguanasmoke.com\/#organization","name":"Fumo de Iguana","url":"https:\/\/iguanasmoke.com\/","logo":{"@type":"ImageObject","inLanguage":"pt-PT","@id":"https:\/\/iguanasmoke.com\/#\/schema\/logo\/image\/","url":"https:\/\/iguanasmoke.com\/wp-content\/uploads\/2025\/01\/logoiguana-favi-1.png","contentUrl":"https:\/\/iguanasmoke.com\/wp-content\/uploads\/2025\/01\/logoiguana-favi-1.png","width":512,"height":512,"caption":"Iguana Smoke"},"image":{"@id":"https:\/\/iguanasmoke.com\/#\/schema\/logo\/image\/"},"sameAs":["https:\/\/www.facebook.com\/iguanasmoke","https:\/\/www.instagram.com\/iguanasmoke\/"]}]},"product_brand":"simple","product_price_amount":"34.90","product_price_currency":"EUR","og_availability":"out of stock","product_availability":"out of stock","product_retailer_item_id":"LYF-SPRAY-SLP","product_condition":"new"},"_links":{"self":[{"href":"https:\/\/iguanasmoke.com\/pt\/wp-json\/wp\/v2\/product\/46413","targetHints":{"allow":["GET"]}}],"collection":[{"href":"https:\/\/iguanasmoke.com\/pt\/wp-json\/wp\/v2\/product"}],"about":[{"href":"https:\/\/iguanasmoke.com\/pt\/wp-json\/wp\/v2\/types\/product"}],"replies":[{"embeddable":true,"href":"https:\/\/iguanasmoke.com\/pt\/wp-json\/wp\/v2\/comments?post=46413"}],"wp:featuredmedia":[{"embeddable":true,"href":"https:\/\/iguanasmoke.com\/pt\/wp-json\/wp\/v2\/media\/46426"}],"wp:attachment":[{"href":"https:\/\/iguanasmoke.com\/pt\/wp-json\/wp\/v2\/media?parent=46413"}],"wp:term":[{"taxonomy":"product_brand","embeddable":true,"href":"https:\/\/iguanasmoke.com\/pt\/wp-json\/wp\/v2\/product_brand?post=46413"},{"taxonomy":"product_cat","embeddable":true,"href":"https:\/\/iguanasmoke.com\/pt\/wp-json\/wp\/v2\/product_cat?post=46413"},{"taxonomy":"product_tag","embeddable":true,"href":"https:\/\/iguanasmoke.com\/pt\/wp-json\/wp\/v2\/product_tag?post=46413"}],"curies":[{"name":"wp","href":"https:\/\/api.w.org\/{rel}","templated":true}]}}