{"id":46431,"date":"2024-12-28T13:35:55","date_gmt":"2024-12-28T12:35:55","guid":{"rendered":"https:\/\/iguanasmoke.com\/?post_type=product&#038;p=46431"},"modified":"2025-09-15T17:22:23","modified_gmt":"2025-09-15T15:22:23","slug":"extrato-organico-de-reishi","status":"publish","type":"product","link":"https:\/\/iguanasmoke.com\/pt\/producto\/extracto-organico-de-reishi\/","title":{"rendered":"Extrato org\u00e2nico de Reishi"},"content":{"rendered":"<h2><strong>Extrato de Reishi Org\u00e2nico (Extrato Duplo)<\/strong><\/h2>\n<p>O\u00a0<em>extrato org\u00e2nico de Reishi<\/em> \u00e9 um suplemento alimentar puro e concentrado, fabricado nos EUA, concebido para proporcionar m\u00faltiplos benef\u00edcios para a sa\u00fade.<\/p>\n<ul>\n<li><strong>Poderoso extrato duplo 20:1<\/strong><\/li>\n<li>1 frasco cont\u00e9m o equivalente a 150 g de Reishi cru, seco e org\u00e2nico certificado.<\/li>\n<\/ul>\n<h3>Benef\u00edcios do extrato de Reishi<\/h3>\n<ol>\n<li><strong>Refor\u00e7ar o sistema imunit\u00e1rio<\/strong>O Reishi refor\u00e7a as defesas do organismo, aumentando assim a resist\u00eancia \u00e0s infec\u00e7\u00f5es e \u00e0s doen\u00e7as.<\/li>\n<li><strong>Propriedades anti-inflamat\u00f3rias<\/strong>Ajuda a reduzir a inflama\u00e7\u00e3o e \u00e9 \u00fatil para doen\u00e7as como a artrite.<\/li>\n<li><strong>Redu\u00e7\u00e3o do stress e da ansiedade<\/strong>Promove o relaxamento, melhora o sono e reduz o stress.<\/li>\n<li><strong>Melhorar a sa\u00fade cardiovascular<\/strong>Ajuda a baixar a tens\u00e3o arterial e o colesterol, melhorando a sa\u00fade do cora\u00e7\u00e3o.<\/li>\n<li><strong>Propriedades antioxidantes<\/strong>Protege contra o envelhecimento prematuro e as doen\u00e7as cr\u00f3nicas, combatendo os radicais livres.<\/li>\n<li><strong>Apoio \u00e0 sa\u00fade do f\u00edgado<\/strong>Tamb\u00e9m apoia a fun\u00e7\u00e3o hep\u00e1tica, ajudando a desintoxicar o corpo.<\/li>\n<li><strong>Potencial anti-cancer\u00edgeno<\/strong>A investiga\u00e7\u00e3o sugere que pode inibir o crescimento de c\u00e9lulas cancer\u00edgenas.<\/li>\n<li><strong>Regula\u00e7\u00e3o do a\u00e7\u00facar no sangue<\/strong>Ajuda a manter n\u00edveis saud\u00e1veis de glucose.<\/li>\n<li><strong>Benef\u00edcios para a pele<\/strong>Melhora a sa\u00fade da pele, combatendo assim o acne e as inflama\u00e7\u00f5es.<\/li>\n<li><strong>Aumento da energia e da resist\u00eancia<\/strong>Melhora o desempenho f\u00edsico e a vitalidade.<\/li>\n<\/ol>\n<p>Este extrato de Reishi proporciona um apoio abrangente ao bem-estar, apoiado pela ci\u00eancia e pela agricultura biol\u00f3gica certificada.<\/p>\n<p>&nbsp;<\/p>","protected":false},"excerpt":{"rendered":"<h3>CARACTER\u00cdSTICAS DO EXTRACTO DE REISHI BIOL\u00d3GICO<\/h3>\n<ul>\n<li>Frasco conta-gotas de vidro violeta de 50 ml de alta qualidade.<\/li>\n<li>F\u00e1cil de utilizar: Adicionar tr\u00eas conta-gotas a um copo de \u00e1gua ou diretamente sob a l\u00edngua.<\/li>\n<li>Extra\u00eddo com \u00e1gua quente e \u00e1lcool (extrato duplo) de Reishi biol\u00f3gico colhido de forma sustent\u00e1vel.<\/li>\n<li>Cont\u00e9m aproximadamente 25% de \u00e1lcool.<\/li>\n<li>Cont\u00e9m compostos sol\u00faveis e n\u00e3o sol\u00faveis em \u00e1gua.<\/li>\n<li>Fabricado com\u00a0<strong>extrato &gt;30% Beta-glucanos 1,3\/1,6<\/strong>.<\/li>\n<li>Sem adi\u00e7\u00e3o de amido, cereais ou outros produtos de enchimento.<\/li>\n<li>Certificado como biol\u00f3gico pela UE.<\/li>\n<li>Sem gl\u00faten, n\u00e3o OGM, vegan.<\/li>\n<li>Qualidade superior: testado em laborat\u00f3rios acreditados por terceiros.<\/li>\n<li>Sem mic\u00e9lio, apenas s\u00e3o utilizados corpos de frutifica\u00e7\u00e3o org\u00e2nicos.<\/li>\n<li>Engarrafado em vidro biopot\u00f3nico Miron.<\/li>\n<\/ul>","protected":false},"featured_media":46423,"comment_status":"open","ping_status":"closed","template":"","meta":{"_acf_changed":false,"site-sidebar-layout":"default","site-content-layout":"","ast-site-content-layout":"default","site-content-style":"default","site-sidebar-style":"default","ast-global-header-display":"","ast-banner-title-visibility":"","ast-main-header-display":"","ast-hfb-above-header-display":"","ast-hfb-below-header-display":"","ast-hfb-mobile-header-display":"","site-post-title":"","ast-breadcrumbs-content":"","ast-featured-img":"","footer-sml-layout":"","theme-transparent-header-meta":"default","adv-header-id-meta":"","stick-header-meta":"","header-above-stick-meta":"","header-main-stick-meta":"","header-below-stick-meta":"","astra-migrate-meta-layouts":"set","ast-page-background-enabled":"default","ast-page-background-meta":{"desktop":{"background-color":"var(--ast-global-color-4)","background-image":"","background-repeat":"repeat","background-position":"center center","background-size":"auto","background-attachment":"scroll","background-type":"","background-media":"","overlay-type":"","overlay-color":"","overlay-opacity":"","overlay-gradient":""},"tablet":{"background-color":"","background-image":"","background-repeat":"repeat","background-position":"center center","background-size":"auto","background-attachment":"scroll","background-type":"","background-media":"","overlay-type":"","overlay-color":"","overlay-opacity":"","overlay-gradient":""},"mobile":{"background-color":"","background-image":"","background-repeat":"repeat","background-position":"center center","background-size":"auto","background-attachment":"scroll","background-type":"","background-media":"","overlay-type":"","overlay-color":"","overlay-opacity":"","overlay-gradient":""}},"ast-content-background-meta":{"desktop":{"background-color":"var(--ast-global-color-5)","background-image":"","background-repeat":"repeat","background-position":"center center","background-size":"auto","background-attachment":"scroll","background-type":"","background-media":"","overlay-type":"","overlay-color":"","overlay-opacity":"","overlay-gradient":""},"tablet":{"background-color":"var(--ast-global-color-5)","background-image":"","background-repeat":"repeat","background-position":"center center","background-size":"auto","background-attachment":"scroll","background-type":"","background-media":"","overlay-type":"","overlay-color":"","overlay-opacity":"","overlay-gradient":""},"mobile":{"background-color":"var(--ast-global-color-5)","background-image":"","background-repeat":"repeat","background-position":"center center","background-size":"auto","background-attachment":"scroll","background-type":"","background-media":"","overlay-type":"","overlay-color":"","overlay-opacity":"","overlay-gradient":""}}},"product_brand":[],"product_cat":[458],"product_tag":[],"class_list":{"0":"post-46431","1":"product","2":"type-product","3":"status-publish","4":"has-post-thumbnail","6":"product_cat-marios-market","7":"desktop-align-center","8":"tablet-align-center","9":"mobile-align-center","11":"first","12":"outofstock","13":"taxable","14":"shipping-taxable","15":"purchasable","16":"product-type-simple"},"acf":[],"yoast_head":"<!-- This site is optimized with the Yoast SEO Premium plugin v27.3 (Yoast SEO v27.3) - https:\/\/yoast.com\/product\/yoast-seo-premium-wordpress\/ -->\n<title>Extracto Org\u00e1nico de Reishi | Suplemento Natural | Iguana Smoke<\/title>\n<meta name=\"description\" content=\"Compra extracto org\u00e1nico de Reishi. Potente suplemento con propiedades antioxidantes y antiinflamatorias que fortalece el sistema inmunol\u00f3gico. Sin gluten, vegano y certificado.\" \/>\n<meta name=\"robots\" content=\"index, follow, max-snippet:-1, max-image-preview:large, max-video-preview:-1\" \/>\n<link rel=\"canonical\" href=\"https:\/\/iguanasmoke.com\/pt\/produto\/extrato-organico-de-reishi\/\" \/>\n<meta property=\"og:locale\" content=\"pt_PT\" \/>\n<meta property=\"og:type\" content=\"article\" \/>\n<meta property=\"og:title\" content=\"Extracto Org\u00e1nico de Reishi\" \/>\n<meta property=\"og:description\" content=\"CARACTER\u00cdSTICAS DEL EXTRACTO ORG\u00c1NICO DE REISHI   Botella cuentagotas de vidrio violeta de 50 ml de alta calidad.  F\u00e1cil de usar: A\u00f1ade tres goteros a un vaso de agua o directamente debajo de la lengua.  Extra\u00eddo con agua caliente y alcohol (extracto dual) de Reishi org\u00e1nico cosechado de forma sostenible.  Contiene aproximadamente un 25% de alcohol.  Contiene compuestos solubles y no solubles en agua.  Elaborado con\u00a0extracto &gt;30% Beta-glucanos 1,3\/1,6.  Sin almid\u00f3n a\u00f1adido, sin cereales ni otros rellenos.  Certificado org\u00e1nico por la UE.  Sin gluten, no modificado gen\u00e9ticamente (non-GMO), vegano.  Calidad premium: Probado en laboratorios acreditados de terceros.  Sin micelio, solo se utilizan cuerpos fruct\u00edferos org\u00e1nicos.  Embotellado en vidrio biopot\u00f3nico Miron.\" \/>\n<meta property=\"og:url\" content=\"https:\/\/iguanasmoke.com\/pt\/produto\/extrato-organico-de-reishi\/\" \/>\n<meta property=\"og:site_name\" content=\"Iguana Smoke\" \/>\n<meta property=\"article:publisher\" content=\"https:\/\/www.facebook.com\/iguanasmoke\" \/>\n<meta property=\"article:modified_time\" content=\"2025-09-15T15:22:23+00:00\" \/>\n<meta property=\"og:image\" content=\"https:\/\/i0.wp.com\/iguanasmoke.com\/wp-content\/uploads\/2024\/12\/6-1.webp?fit=1409%2C2000&ssl=1\" \/>\n\t<meta property=\"og:image:width\" content=\"1409\" \/>\n\t<meta property=\"og:image:height\" content=\"2000\" \/>\n\t<meta property=\"og:image:type\" content=\"image\/webp\" \/>\n<meta name=\"twitter:card\" content=\"summary_large_image\" \/>\n<meta name=\"twitter:label1\" content=\"pre\u00e7o\" \/>\n\t<meta name=\"twitter:data1\" content=\"29,90&nbsp;&euro;\" \/>\n\t<meta name=\"twitter:label2\" content=\"Disponibilidade\" \/>\n\t<meta name=\"twitter:data2\" content=\"Esgotado\" \/>\n<meta property=\"product:brand\" content=\"simple\" \/>\n<meta property=\"product:price:amount\" content=\"29.90\" \/>\n<meta property=\"product:price:currency\" content=\"EUR\" \/>\n<meta property=\"og:availability\" content=\"out of stock\" \/>\n<meta property=\"product:availability\" content=\"out of stock\" \/>\n<meta property=\"product:retailer_item_id\" content=\"LYF-SPRAY-RSH\" \/>\n<meta property=\"product:condition\" content=\"new\" \/>\n<!-- \/ Yoast SEO Premium plugin. -->","yoast_head_json":{"title":"Extrato Org\u00e2nico de Reishi : Suplemento Natural : Iguana Smoke","description":"Comprar extrato de Reishi biol\u00f3gico. Poderoso suplemento com propriedades antioxidantes e anti-inflamat\u00f3rias que fortalece o sistema imunit\u00e1rio. Sem gl\u00faten, vegan e certificado.","robots":{"index":"index","follow":"follow","max-snippet":"max-snippet:-1","max-image-preview":"max-image-preview:large","max-video-preview":"max-video-preview:-1"},"canonical":"https:\/\/iguanasmoke.com\/pt\/produto\/extrato-organico-de-reishi\/","og_locale":"pt_PT","og_type":"article","og_title":"Extracto Org\u00e1nico de Reishi","og_description":"CARACTER\u00cdSTICAS DEL EXTRACTO ORG\u00c1NICO DE REISHI   Botella cuentagotas de vidrio violeta de 50 ml de alta calidad.  F\u00e1cil de usar: A\u00f1ade tres goteros a un vaso de agua o directamente debajo de la lengua.  Extra\u00eddo con agua caliente y alcohol (extracto dual) de Reishi org\u00e1nico cosechado de forma sostenible.  Contiene aproximadamente un 25% de alcohol.  Contiene compuestos solubles y no solubles en agua.  Elaborado con\u00a0extracto &gt;30% Beta-glucanos 1,3\/1,6.  Sin almid\u00f3n a\u00f1adido, sin cereales ni otros rellenos.  Certificado org\u00e1nico por la UE.  Sin gluten, no modificado gen\u00e9ticamente (non-GMO), vegano.  Calidad premium: Probado en laboratorios acreditados de terceros.  Sin micelio, solo se utilizan cuerpos fruct\u00edferos org\u00e1nicos.  Embotellado en vidrio biopot\u00f3nico Miron.","og_url":"https:\/\/iguanasmoke.com\/pt\/produto\/extrato-organico-de-reishi\/","og_site_name":"Iguana Smoke","article_publisher":"https:\/\/www.facebook.com\/iguanasmoke","article_modified_time":"2025-09-15T15:22:23+00:00","og_image":[{"width":1409,"height":2000,"url":"https:\/\/i0.wp.com\/iguanasmoke.com\/wp-content\/uploads\/2024\/12\/6-1.webp?fit=1409%2C2000&ssl=1","type":"image\/webp"}],"twitter_card":"summary_large_image","twitter_misc":{"pre\u00e7o":"29,90&nbsp;&euro;","Disponibilidade":"Esgotado"},"schema":{"@context":"https:\/\/schema.org","@graph":[{"@type":"WebPage","@id":"https:\/\/iguanasmoke.com\/producto\/extracto-organico-de-reishi\/","url":"https:\/\/iguanasmoke.com\/producto\/extracto-organico-de-reishi\/","name":"Extrato Org\u00e2nico de Reishi : Suplemento Natural : Iguana Smoke","isPartOf":{"@id":"https:\/\/iguanasmoke.com\/#website"},"primaryImageOfPage":{"@id":"https:\/\/iguanasmoke.com\/producto\/extracto-organico-de-reishi\/#primaryimage"},"image":{"@id":"https:\/\/iguanasmoke.com\/producto\/extracto-organico-de-reishi\/#primaryimage"},"thumbnailUrl":"https:\/\/iguanasmoke.com\/wp-content\/uploads\/2024\/12\/6-1.webp","datePublished":"2024-12-28T12:35:55+00:00","dateModified":"2025-09-15T15:22:23+00:00","description":"Comprar extrato de Reishi biol\u00f3gico. Poderoso suplemento com propriedades antioxidantes e anti-inflamat\u00f3rias que fortalece o sistema imunit\u00e1rio. Sem gl\u00faten, vegan e certificado.","breadcrumb":{"@id":"https:\/\/iguanasmoke.com\/producto\/extracto-organico-de-reishi\/#breadcrumb"},"inLanguage":"pt-PT","potentialAction":[{"@type":"ReadAction","target":["https:\/\/iguanasmoke.com\/producto\/extracto-organico-de-reishi\/"]}]},{"@type":"ImageObject","inLanguage":"pt-PT","@id":"https:\/\/iguanasmoke.com\/producto\/extracto-organico-de-reishi\/#primaryimage","url":"https:\/\/iguanasmoke.com\/wp-content\/uploads\/2024\/12\/6-1.webp","contentUrl":"https:\/\/iguanasmoke.com\/wp-content\/uploads\/2024\/12\/6-1.webp","width":1409,"height":2000},{"@type":"BreadcrumbList","@id":"https:\/\/iguanasmoke.com\/producto\/extracto-organico-de-reishi\/#breadcrumb","itemListElement":[{"@type":"ListItem","position":1,"name":"home","item":"https:\/\/iguanasmoke.com\/"},{"@type":"ListItem","position":2,"name":"Tienda","item":"https:\/\/iguanasmoke.com\/tienda\/"},{"@type":"ListItem","position":3,"name":"Mario's Market","item":"https:\/\/iguanasmoke.com\/categoria\/marios-market\/"},{"@type":"ListItem","position":4,"name":"Extracto Org\u00e1nico de Reishi"}]},{"@type":"WebSite","@id":"https:\/\/iguanasmoke.com\/#website","url":"https:\/\/iguanasmoke.com\/","name":"Fumo de Iguana","description":"Comprar CBD online ao melhor pre\u00e7o","publisher":{"@id":"https:\/\/iguanasmoke.com\/#organization"},"potentialAction":[{"@type":"SearchAction","target":{"@type":"EntryPoint","urlTemplate":"https:\/\/iguanasmoke.com\/?s={search_term_string}"},"query-input":{"@type":"PropertyValueSpecification","valueRequired":true,"valueName":"search_term_string"}}],"inLanguage":"pt-PT"},{"@type":"Organization","@id":"https:\/\/iguanasmoke.com\/#organization","name":"Fumo de Iguana","url":"https:\/\/iguanasmoke.com\/","logo":{"@type":"ImageObject","inLanguage":"pt-PT","@id":"https:\/\/iguanasmoke.com\/#\/schema\/logo\/image\/","url":"https:\/\/iguanasmoke.com\/wp-content\/uploads\/2025\/01\/logoiguana-favi-1.png","contentUrl":"https:\/\/iguanasmoke.com\/wp-content\/uploads\/2025\/01\/logoiguana-favi-1.png","width":512,"height":512,"caption":"Iguana Smoke"},"image":{"@id":"https:\/\/iguanasmoke.com\/#\/schema\/logo\/image\/"},"sameAs":["https:\/\/www.facebook.com\/iguanasmoke","https:\/\/www.instagram.com\/iguanasmoke\/"]}]},"product_brand":"simple","product_price_amount":"29.90","product_price_currency":"EUR","og_availability":"out of stock","product_availability":"out of stock","product_retailer_item_id":"LYF-SPRAY-RSH","product_condition":"new"},"_links":{"self":[{"href":"https:\/\/iguanasmoke.com\/pt\/wp-json\/wp\/v2\/product\/46431","targetHints":{"allow":["GET"]}}],"collection":[{"href":"https:\/\/iguanasmoke.com\/pt\/wp-json\/wp\/v2\/product"}],"about":[{"href":"https:\/\/iguanasmoke.com\/pt\/wp-json\/wp\/v2\/types\/product"}],"replies":[{"embeddable":true,"href":"https:\/\/iguanasmoke.com\/pt\/wp-json\/wp\/v2\/comments?post=46431"}],"wp:featuredmedia":[{"embeddable":true,"href":"https:\/\/iguanasmoke.com\/pt\/wp-json\/wp\/v2\/media\/46423"}],"wp:attachment":[{"href":"https:\/\/iguanasmoke.com\/pt\/wp-json\/wp\/v2\/media?parent=46431"}],"wp:term":[{"taxonomy":"product_brand","embeddable":true,"href":"https:\/\/iguanasmoke.com\/pt\/wp-json\/wp\/v2\/product_brand?post=46431"},{"taxonomy":"product_cat","embeddable":true,"href":"https:\/\/iguanasmoke.com\/pt\/wp-json\/wp\/v2\/product_cat?post=46431"},{"taxonomy":"product_tag","embeddable":true,"href":"https:\/\/iguanasmoke.com\/pt\/wp-json\/wp\/v2\/product_tag?post=46431"}],"curies":[{"name":"wp","href":"https:\/\/api.w.org\/{rel}","templated":true}]}}