{"id":46433,"date":"2024-12-28T13:39:24","date_gmt":"2024-12-28T12:39:24","guid":{"rendered":"https:\/\/iguanasmoke.com\/?post_type=product&#038;p=46433"},"modified":"2025-09-15T17:22:11","modified_gmt":"2025-09-15T15:22:11","slug":"extrato-organico-de-juba-de-leao","status":"publish","type":"product","link":"https:\/\/iguanasmoke.com\/pt\/producto\/extracto-organico-de-melena-de-leon\/","title":{"rendered":"Extrato org\u00e2nico de juba de le\u00e3o"},"content":{"rendered":"<h2>Extrato org\u00e2nico de juba de le\u00e3o<\/h2>\n<p>O nosso <strong>extrato org\u00e2nico de juba de le\u00e3o<\/strong> \u00e9 um suplemento alimentar concentrado de cogumelos feito com extra\u00e7\u00e3o dupla (\u00e1gua quente e \u00e1lcool) para maximizar os seus benef\u00edcios, e fabricado na UE de acordo com os mais elevados padr\u00f5es de qualidade.<\/p>\n<h3>Benef\u00edcios do extrato de Lion's Mane<\/h3>\n<p>O <strong>Crina de Le\u00e3o<\/strong> O Hericium erinaceus (Hericium erinaceus) \u00e9 um cogumelo conhecido pelos seus in\u00fameros benef\u00edcios para a sa\u00fade, apoiados pela medicina tradicional oriental. Os extractos duplos, como este, s\u00e3o particularmente eficazes na extra\u00e7\u00e3o de todos os compostos activos do cogumelo.<\/p>\n<h4>Principais vantagens:<\/h4>\n<ul>\n<li><strong>Melhoria da fun\u00e7\u00e3o cognitiva<\/strong>Lion's Mane estimula a s\u00edntese do Fator de Crescimento Nervoso (NGF), ajudando a regenera\u00e7\u00e3o neuronal, melhorando a mem\u00f3ria, a concentra\u00e7\u00e3o e a clareza mental.<\/li>\n<li><strong>Apoio ao sistema nervoso<\/strong>Ajuda a reparar os nervos danificados e \u00e9 \u00fatil para melhorar a sa\u00fade neurol\u00f3gica e ajudar na recupera\u00e7\u00e3o de les\u00f5es.<\/li>\n<li><strong>Redu\u00e7\u00e3o da ansiedade e da depress\u00e3o<\/strong>Estudos sugerem que a Lion's Mane pode reduzir os sintomas de ansiedade e depress\u00e3o actuando no sistema nervoso central.<\/li>\n<li><strong>Propriedades anti-inflamat\u00f3rias e antioxidantes<\/strong>Os antioxidantes e os compostos anti-inflamat\u00f3rios protegem as c\u00e9lulas dos danos causados pelo stress oxidativo.<\/li>\n<li><strong>Melhoria da sa\u00fade digestiva<\/strong>Este cogumelo tem sido tradicionalmente utilizado para aliviar problemas gastrointestinais, como \u00falceras e inflama\u00e7\u00f5es.<\/li>\n<li><strong>Potencial anti-cancer\u00edgeno<\/strong>Estudos preliminares indicam que o extrato de juba de le\u00e3o pode inibir o crescimento das c\u00e9lulas cancerosas.<\/li>\n<li><strong>Refor\u00e7ar o sistema imunit\u00e1rio<\/strong>Os beta-glucanos da juba de le\u00e3o estimulam o sistema imunit\u00e1rio, ajudando o organismo a combater as infec\u00e7\u00f5es.<\/li>\n<\/ul>\n<p>Estes benef\u00edcios est\u00e3o ligados \u00e0 qualidade do extrato e \u00e0 sua utiliza\u00e7\u00e3o constante. O extrato <strong>extrato de juba de le\u00e3o<\/strong> dual, que utiliza \u00e1gua e \u00e1lcool no seu processo de extra\u00e7\u00e3o, garante uma maior concentra\u00e7\u00e3o de compostos activos, maximizando a sua efic\u00e1cia.<\/p>","protected":false},"excerpt":{"rendered":"<h4>Carater\u00edsticas do extrato de Lion's Mane:<\/h4>\n<ul>\n<li>Frasco conta-gotas de vidro violeta Miron de 50 ml ou vidro castanho farmac\u00eautico.<\/li>\n<li>F\u00e1cil de utilizar: adicionar duas doses a um copo de \u00e1gua ou diretamente sob a l\u00edngua.<\/li>\n<li>Cont\u00e9m aproximadamente 25% de \u00e1lcool.<\/li>\n<li><strong>Extra\u00e7\u00e3o dupla<\/strong> com \u00e1gua quente e \u00e1lcool para extrair compostos sol\u00faveis e n\u00e3o sol\u00faveis em \u00e1gua.<\/li>\n<li>Elaborado a partir de um extrato que cont\u00e9m mais de 20% de Beta glucanos 1,3\/1,6.<\/li>\n<li>Sem adi\u00e7\u00e3o de amido, cereais ou outros produtos de enchimento.<\/li>\n<li>Apenas corpos de frutifica\u00e7\u00e3o org\u00e2nicos, sem mic\u00e9lio.<\/li>\n<li>Sem gl\u00faten, n\u00e3o OGM e adequado para veganos.<\/li>\n<li>Qualidade superior, testada em laborat\u00f3rios acreditados por terceiros.<\/li>\n<\/ul>","protected":false},"featured_media":46421,"comment_status":"open","ping_status":"closed","template":"","meta":{"_acf_changed":false,"site-sidebar-layout":"default","site-content-layout":"","ast-site-content-layout":"default","site-content-style":"default","site-sidebar-style":"default","ast-global-header-display":"","ast-banner-title-visibility":"","ast-main-header-display":"","ast-hfb-above-header-display":"","ast-hfb-below-header-display":"","ast-hfb-mobile-header-display":"","site-post-title":"","ast-breadcrumbs-content":"","ast-featured-img":"","footer-sml-layout":"","theme-transparent-header-meta":"default","adv-header-id-meta":"","stick-header-meta":"","header-above-stick-meta":"","header-main-stick-meta":"","header-below-stick-meta":"","astra-migrate-meta-layouts":"set","ast-page-background-enabled":"default","ast-page-background-meta":{"desktop":{"background-color":"var(--ast-global-color-4)","background-image":"","background-repeat":"repeat","background-position":"center center","background-size":"auto","background-attachment":"scroll","background-type":"","background-media":"","overlay-type":"","overlay-color":"","overlay-opacity":"","overlay-gradient":""},"tablet":{"background-color":"","background-image":"","background-repeat":"repeat","background-position":"center center","background-size":"auto","background-attachment":"scroll","background-type":"","background-media":"","overlay-type":"","overlay-color":"","overlay-opacity":"","overlay-gradient":""},"mobile":{"background-color":"","background-image":"","background-repeat":"repeat","background-position":"center center","background-size":"auto","background-attachment":"scroll","background-type":"","background-media":"","overlay-type":"","overlay-color":"","overlay-opacity":"","overlay-gradient":""}},"ast-content-background-meta":{"desktop":{"background-color":"var(--ast-global-color-5)","background-image":"","background-repeat":"repeat","background-position":"center center","background-size":"auto","background-attachment":"scroll","background-type":"","background-media":"","overlay-type":"","overlay-color":"","overlay-opacity":"","overlay-gradient":""},"tablet":{"background-color":"var(--ast-global-color-5)","background-image":"","background-repeat":"repeat","background-position":"center center","background-size":"auto","background-attachment":"scroll","background-type":"","background-media":"","overlay-type":"","overlay-color":"","overlay-opacity":"","overlay-gradient":""},"mobile":{"background-color":"var(--ast-global-color-5)","background-image":"","background-repeat":"repeat","background-position":"center center","background-size":"auto","background-attachment":"scroll","background-type":"","background-media":"","overlay-type":"","overlay-color":"","overlay-opacity":"","overlay-gradient":""}}},"product_brand":[],"product_cat":[458],"product_tag":[],"class_list":{"0":"post-46433","1":"product","2":"type-product","3":"status-publish","4":"has-post-thumbnail","6":"product_cat-marios-market","7":"desktop-align-center","8":"tablet-align-center","9":"mobile-align-center","11":"first","12":"outofstock","13":"taxable","14":"shipping-taxable","15":"purchasable","16":"product-type-simple"},"acf":[],"yoast_head":"<!-- This site is optimized with the Yoast SEO Premium plugin v27.3 (Yoast SEO v27.3) - https:\/\/yoast.com\/product\/yoast-seo-premium-wordpress\/ -->\n<title>Extracto Org\u00e1nico de Melena de Le\u00f3n | Iguana Smoke<\/title>\n<meta name=\"description\" content=\"Compra extracto org\u00e1nico de melena de le\u00f3n. Suplemento natural para mejorar la funci\u00f3n cognitiva, apoyar el sistema nervioso y reforzar el sistema inmunol\u00f3gico. Certificado, sin gluten y vegano.\" \/>\n<meta name=\"robots\" content=\"index, follow, max-snippet:-1, max-image-preview:large, max-video-preview:-1\" \/>\n<link rel=\"canonical\" href=\"https:\/\/iguanasmoke.com\/pt\/produto\/extrato-organico-de-juba-de-leao\/\" \/>\n<meta property=\"og:locale\" content=\"pt_PT\" \/>\n<meta property=\"og:type\" content=\"article\" \/>\n<meta property=\"og:title\" content=\"Extracto Org\u00e1nico de Melena de Le\u00f3n\" \/>\n<meta property=\"og:description\" content=\"Caracter\u00edsticas del Extracto de Melena de Le\u00f3n:   Botella cuentagotas de vidrio Miron violeta de 50 ml o vidrio marr\u00f3n farmac\u00e9utico.  F\u00e1cil de usar: a\u00f1ade dos dosis a un vaso de agua o directamente debajo de la lengua.  Contiene aproximadamente un 25% de alcohol.  Extracto dual con agua caliente y alcohol para extraer compuestos solubles y no solubles en agua.  Elaborado con extracto que contiene m\u00e1s del 20% de Beta glucanos 1,3\/1,6.  Sin almid\u00f3n, cereales u otros rellenos a\u00f1adidos.  Solo cuerpos fruct\u00edferos org\u00e1nicos, sin micelio.  Sin gluten, no modificado gen\u00e9ticamente (non-GMO) y apto para veganos.  Calidad premium, probado en laboratorios acreditados de terceros.\" \/>\n<meta property=\"og:url\" content=\"https:\/\/iguanasmoke.com\/pt\/produto\/extrato-organico-de-juba-de-leao\/\" \/>\n<meta property=\"og:site_name\" content=\"Iguana Smoke\" \/>\n<meta property=\"article:publisher\" content=\"https:\/\/www.facebook.com\/iguanasmoke\" \/>\n<meta property=\"article:modified_time\" content=\"2025-09-15T15:22:11+00:00\" \/>\n<meta property=\"og:image\" content=\"https:\/\/i0.wp.com\/iguanasmoke.com\/wp-content\/uploads\/2024\/12\/8-1.webp?fit=1409%2C2000&ssl=1\" \/>\n\t<meta property=\"og:image:width\" content=\"1409\" \/>\n\t<meta property=\"og:image:height\" content=\"2000\" \/>\n\t<meta property=\"og:image:type\" content=\"image\/webp\" \/>\n<meta name=\"twitter:card\" content=\"summary_large_image\" \/>\n<meta name=\"twitter:label1\" content=\"pre\u00e7o\" \/>\n\t<meta name=\"twitter:data1\" content=\"29,90&nbsp;&euro;\" \/>\n\t<meta name=\"twitter:label2\" content=\"Disponibilidade\" \/>\n\t<meta name=\"twitter:data2\" content=\"Esgotado\" \/>\n<meta property=\"product:brand\" content=\"simple\" \/>\n<meta property=\"product:price:amount\" content=\"29.90\" \/>\n<meta property=\"product:price:currency\" content=\"EUR\" \/>\n<meta property=\"og:availability\" content=\"out of stock\" \/>\n<meta property=\"product:availability\" content=\"out of stock\" \/>\n<meta property=\"product:retailer_item_id\" content=\"LYF-SPRAY-MLN\" \/>\n<meta property=\"product:condition\" content=\"new\" \/>\n<!-- \/ Yoast SEO Premium plugin. -->","yoast_head_json":{"title":"Extrato Org\u00e2nico de Lion's Mane | Fumo de Iguana","description":"Comprar extrato org\u00e2nico de juba de le\u00e3o. Suplemento natural para melhorar a fun\u00e7\u00e3o cognitiva, apoiar o sistema nervoso e refor\u00e7ar o sistema imunit\u00e1rio. Certificado sem gl\u00faten e vegan.","robots":{"index":"index","follow":"follow","max-snippet":"max-snippet:-1","max-image-preview":"max-image-preview:large","max-video-preview":"max-video-preview:-1"},"canonical":"https:\/\/iguanasmoke.com\/pt\/produto\/extrato-organico-de-juba-de-leao\/","og_locale":"pt_PT","og_type":"article","og_title":"Extracto Org\u00e1nico de Melena de Le\u00f3n","og_description":"Caracter\u00edsticas del Extracto de Melena de Le\u00f3n:   Botella cuentagotas de vidrio Miron violeta de 50 ml o vidrio marr\u00f3n farmac\u00e9utico.  F\u00e1cil de usar: a\u00f1ade dos dosis a un vaso de agua o directamente debajo de la lengua.  Contiene aproximadamente un 25% de alcohol.  Extracto dual con agua caliente y alcohol para extraer compuestos solubles y no solubles en agua.  Elaborado con extracto que contiene m\u00e1s del 20% de Beta glucanos 1,3\/1,6.  Sin almid\u00f3n, cereales u otros rellenos a\u00f1adidos.  Solo cuerpos fruct\u00edferos org\u00e1nicos, sin micelio.  Sin gluten, no modificado gen\u00e9ticamente (non-GMO) y apto para veganos.  Calidad premium, probado en laboratorios acreditados de terceros.","og_url":"https:\/\/iguanasmoke.com\/pt\/produto\/extrato-organico-de-juba-de-leao\/","og_site_name":"Iguana Smoke","article_publisher":"https:\/\/www.facebook.com\/iguanasmoke","article_modified_time":"2025-09-15T15:22:11+00:00","og_image":[{"width":1409,"height":2000,"url":"https:\/\/i0.wp.com\/iguanasmoke.com\/wp-content\/uploads\/2024\/12\/8-1.webp?fit=1409%2C2000&ssl=1","type":"image\/webp"}],"twitter_card":"summary_large_image","twitter_misc":{"pre\u00e7o":"29,90&nbsp;&euro;","Disponibilidade":"Esgotado"},"schema":{"@context":"https:\/\/schema.org","@graph":[{"@type":"WebPage","@id":"https:\/\/iguanasmoke.com\/it\/prodotto\/extracto-organico-de-melena-de-leon\/","url":"https:\/\/iguanasmoke.com\/it\/prodotto\/extracto-organico-de-melena-de-leon\/","name":"Extrato Org\u00e2nico de Lion's Mane | Fumo de Iguana","isPartOf":{"@id":"https:\/\/iguanasmoke.com\/#website"},"primaryImageOfPage":{"@id":"https:\/\/iguanasmoke.com\/it\/prodotto\/extracto-organico-de-melena-de-leon\/#primaryimage"},"image":{"@id":"https:\/\/iguanasmoke.com\/it\/prodotto\/extracto-organico-de-melena-de-leon\/#primaryimage"},"thumbnailUrl":"https:\/\/iguanasmoke.com\/wp-content\/uploads\/2024\/12\/8-1.webp","datePublished":"2024-12-28T12:39:24+00:00","dateModified":"2025-09-15T15:22:11+00:00","description":"Comprar extrato org\u00e2nico de juba de le\u00e3o. Suplemento natural para melhorar a fun\u00e7\u00e3o cognitiva, apoiar o sistema nervoso e refor\u00e7ar o sistema imunit\u00e1rio. Certificado sem gl\u00faten e vegan.","breadcrumb":{"@id":"https:\/\/iguanasmoke.com\/it\/prodotto\/extracto-organico-de-melena-de-leon\/#breadcrumb"},"inLanguage":"pt-PT","potentialAction":[{"@type":"ReadAction","target":["https:\/\/iguanasmoke.com\/it\/prodotto\/extracto-organico-de-melena-de-leon\/"]}]},{"@type":"ImageObject","inLanguage":"pt-PT","@id":"https:\/\/iguanasmoke.com\/it\/prodotto\/extracto-organico-de-melena-de-leon\/#primaryimage","url":"https:\/\/iguanasmoke.com\/wp-content\/uploads\/2024\/12\/8-1.webp","contentUrl":"https:\/\/iguanasmoke.com\/wp-content\/uploads\/2024\/12\/8-1.webp","width":1409,"height":2000},{"@type":"BreadcrumbList","@id":"https:\/\/iguanasmoke.com\/it\/prodotto\/extracto-organico-de-melena-de-leon\/#breadcrumb","itemListElement":[{"@type":"ListItem","position":1,"name":"home","item":"https:\/\/iguanasmoke.com\/"},{"@type":"ListItem","position":2,"name":"Tienda","item":"https:\/\/iguanasmoke.com\/tienda\/"},{"@type":"ListItem","position":3,"name":"Mario's Market","item":"https:\/\/iguanasmoke.com\/categoria\/marios-market\/"},{"@type":"ListItem","position":4,"name":"Extracto Org\u00e1nico de Melena de Le\u00f3n"}]},{"@type":"WebSite","@id":"https:\/\/iguanasmoke.com\/#website","url":"https:\/\/iguanasmoke.com\/","name":"Fumo de Iguana","description":"Comprar CBD online ao melhor pre\u00e7o","publisher":{"@id":"https:\/\/iguanasmoke.com\/#organization"},"potentialAction":[{"@type":"SearchAction","target":{"@type":"EntryPoint","urlTemplate":"https:\/\/iguanasmoke.com\/?s={search_term_string}"},"query-input":{"@type":"PropertyValueSpecification","valueRequired":true,"valueName":"search_term_string"}}],"inLanguage":"pt-PT"},{"@type":"Organization","@id":"https:\/\/iguanasmoke.com\/#organization","name":"Fumo de Iguana","url":"https:\/\/iguanasmoke.com\/","logo":{"@type":"ImageObject","inLanguage":"pt-PT","@id":"https:\/\/iguanasmoke.com\/#\/schema\/logo\/image\/","url":"https:\/\/iguanasmoke.com\/wp-content\/uploads\/2025\/01\/logoiguana-favi-1.png","contentUrl":"https:\/\/iguanasmoke.com\/wp-content\/uploads\/2025\/01\/logoiguana-favi-1.png","width":512,"height":512,"caption":"Iguana Smoke"},"image":{"@id":"https:\/\/iguanasmoke.com\/#\/schema\/logo\/image\/"},"sameAs":["https:\/\/www.facebook.com\/iguanasmoke","https:\/\/www.instagram.com\/iguanasmoke\/"]}]},"product_brand":"simple","product_price_amount":"29.90","product_price_currency":"EUR","og_availability":"out of stock","product_availability":"out of stock","product_retailer_item_id":"LYF-SPRAY-MLN","product_condition":"new"},"_links":{"self":[{"href":"https:\/\/iguanasmoke.com\/pt\/wp-json\/wp\/v2\/product\/46433","targetHints":{"allow":["GET"]}}],"collection":[{"href":"https:\/\/iguanasmoke.com\/pt\/wp-json\/wp\/v2\/product"}],"about":[{"href":"https:\/\/iguanasmoke.com\/pt\/wp-json\/wp\/v2\/types\/product"}],"replies":[{"embeddable":true,"href":"https:\/\/iguanasmoke.com\/pt\/wp-json\/wp\/v2\/comments?post=46433"}],"wp:featuredmedia":[{"embeddable":true,"href":"https:\/\/iguanasmoke.com\/pt\/wp-json\/wp\/v2\/media\/46421"}],"wp:attachment":[{"href":"https:\/\/iguanasmoke.com\/pt\/wp-json\/wp\/v2\/media?parent=46433"}],"wp:term":[{"taxonomy":"product_brand","embeddable":true,"href":"https:\/\/iguanasmoke.com\/pt\/wp-json\/wp\/v2\/product_brand?post=46433"},{"taxonomy":"product_cat","embeddable":true,"href":"https:\/\/iguanasmoke.com\/pt\/wp-json\/wp\/v2\/product_cat?post=46433"},{"taxonomy":"product_tag","embeddable":true,"href":"https:\/\/iguanasmoke.com\/pt\/wp-json\/wp\/v2\/product_tag?post=46433"}],"curies":[{"name":"wp","href":"https:\/\/api.w.org\/{rel}","templated":true}]}}