{"id":46435,"date":"2024-12-28T13:43:49","date_gmt":"2024-12-28T12:43:49","guid":{"rendered":"https:\/\/iguanasmoke.com\/?post_type=product&#038;p=46435"},"modified":"2025-09-15T17:21:52","modified_gmt":"2025-09-15T15:21:52","slug":"extrato-organico-de-cogumelos-chilli-2","status":"publish","type":"product","link":"https:\/\/iguanasmoke.com\/pt\/producto\/extracto-organico-de-hongos-chill\/","title":{"rendered":"Extrato org\u00e2nico de cogumelo Chilli"},"content":{"rendered":"<h3><strong>Extrato org\u00e2nico de cogumelo Chilli<\/strong><\/h3>\n<p>A sua b\u00fassola pessoal para navegar no stress di\u00e1rio. Se n\u00e3o for tratada, a ansiedade pode diminuir a sua qualidade de vida, afectando as suas intera\u00e7\u00f5es sociais, o sono e a produtividade. O extrato de Chill \u00e9 uma mistura poderosa de 4 cogumelos adaptog\u00e9nicos e 6 rem\u00e9dios florais equilibrantes, <strong>Concebido para o ajudar a manter-se calmo quando a vida se torna opressiva<\/strong>.<\/p>\n<h6><strong>Ingredientes activos do extrato de cogumelos:<\/strong><\/h6>\n<ul>\n<li><strong>Reishi:<\/strong> Conhecido como o super-her\u00f3i do sono n\u00e3o-REM, ajuda a melhorar a qualidade do sono profundo.<\/li>\n<li><strong>Cordyceps:<\/strong> Regula o ritmo circadiano e aumenta os n\u00edveis de serotonina e melatonina, essenciais para um bom sono.<\/li>\n<li><strong>Juba de le\u00e3o:<\/strong> Estimula o BDNF, uma prote\u00edna associada \u00e0 melhoria do sono e das fun\u00e7\u00f5es cognitivas.<\/li>\n<li><strong>Chaga:<\/strong> Reduz o stress e a inflama\u00e7\u00e3o, regula o colesterol e o a\u00e7\u00facar no sangue e refor\u00e7a o sistema imunit\u00e1rio.<\/li>\n<\/ul>\n<p><strong>Avisos:<\/strong> Consulte o seu m\u00e9dico se estiver a tomar medicamentos imunossupressores, pois estes podem ter contra-indica\u00e7\u00f5es com o uso de cogumelos funcionais.<\/p>\n<p>Este extrato de cogumelo \u00e9 ideal para quem procura apoio natural para reduzir a ansiedade e melhorar o bem-estar geral.<\/p>","protected":false},"excerpt":{"rendered":"<p><strong>Carater\u00edsticas Chill Mushroom Extract<\/strong><\/p>\n<ul>\n<li><strong>Noz:<\/strong> Prote\u00e7\u00e3o durante as mudan\u00e7as.<\/li>\n<li><strong>Ran\u00fanculo:<\/strong> Refor\u00e7a a auto-confian\u00e7a.<\/li>\n<li><strong>Alho selvagem:<\/strong> Apoio universal.<\/li>\n<li><strong>A rosa das rochas:<\/strong> Reduz o medo e o p\u00e2nico.<\/li>\n<li><strong>Borragem:<\/strong> Promove a coragem.<\/li>\n<li><strong>Ameixa de cereja:<\/strong> Traz calma.<\/li>\n<\/ul>","protected":false},"featured_media":46416,"comment_status":"open","ping_status":"closed","template":"","meta":{"_acf_changed":false,"site-sidebar-layout":"default","site-content-layout":"","ast-site-content-layout":"default","site-content-style":"default","site-sidebar-style":"default","ast-global-header-display":"","ast-banner-title-visibility":"","ast-main-header-display":"","ast-hfb-above-header-display":"","ast-hfb-below-header-display":"","ast-hfb-mobile-header-display":"","site-post-title":"","ast-breadcrumbs-content":"","ast-featured-img":"","footer-sml-layout":"","theme-transparent-header-meta":"default","adv-header-id-meta":"","stick-header-meta":"","header-above-stick-meta":"","header-main-stick-meta":"","header-below-stick-meta":"","astra-migrate-meta-layouts":"set","ast-page-background-enabled":"default","ast-page-background-meta":{"desktop":{"background-color":"var(--ast-global-color-4)","background-image":"","background-repeat":"repeat","background-position":"center center","background-size":"auto","background-attachment":"scroll","background-type":"","background-media":"","overlay-type":"","overlay-color":"","overlay-opacity":"","overlay-gradient":""},"tablet":{"background-color":"","background-image":"","background-repeat":"repeat","background-position":"center center","background-size":"auto","background-attachment":"scroll","background-type":"","background-media":"","overlay-type":"","overlay-color":"","overlay-opacity":"","overlay-gradient":""},"mobile":{"background-color":"","background-image":"","background-repeat":"repeat","background-position":"center center","background-size":"auto","background-attachment":"scroll","background-type":"","background-media":"","overlay-type":"","overlay-color":"","overlay-opacity":"","overlay-gradient":""}},"ast-content-background-meta":{"desktop":{"background-color":"var(--ast-global-color-5)","background-image":"","background-repeat":"repeat","background-position":"center center","background-size":"auto","background-attachment":"scroll","background-type":"","background-media":"","overlay-type":"","overlay-color":"","overlay-opacity":"","overlay-gradient":""},"tablet":{"background-color":"var(--ast-global-color-5)","background-image":"","background-repeat":"repeat","background-position":"center center","background-size":"auto","background-attachment":"scroll","background-type":"","background-media":"","overlay-type":"","overlay-color":"","overlay-opacity":"","overlay-gradient":""},"mobile":{"background-color":"var(--ast-global-color-5)","background-image":"","background-repeat":"repeat","background-position":"center center","background-size":"auto","background-attachment":"scroll","background-type":"","background-media":"","overlay-type":"","overlay-color":"","overlay-opacity":"","overlay-gradient":""}}},"product_brand":[],"product_cat":[458],"product_tag":[],"class_list":{"0":"post-46435","1":"product","2":"type-product","3":"status-publish","4":"has-post-thumbnail","6":"product_cat-marios-market","7":"desktop-align-center","8":"tablet-align-center","9":"mobile-align-center","11":"first","12":"outofstock","13":"taxable","14":"shipping-taxable","15":"purchasable","16":"product-type-simple"},"acf":[],"yoast_head":"<!-- This site is optimized with the Yoast SEO Premium plugin v27.3 (Yoast SEO v27.3) - https:\/\/yoast.com\/product\/yoast-seo-premium-wordpress\/ -->\n<title>Extracto Org\u00e1nico de Hongos Chill | Suplemento natural | Iguana Smoke<\/title>\n<meta name=\"description\" content=\"Compra extracto org\u00e1nico de hongos de alta calidad. Potente suplemento que ayuda a reducir el estr\u00e9s y calmar la ansiedad. Sin gluten, vegano y certificado.\" \/>\n<meta name=\"robots\" content=\"index, follow, max-snippet:-1, max-image-preview:large, max-video-preview:-1\" \/>\n<link rel=\"canonical\" href=\"https:\/\/iguanasmoke.com\/pt\/produto\/extrato-organico-de-cogumelos-chilli-2\/\" \/>\n<meta property=\"og:locale\" content=\"pt_PT\" \/>\n<meta property=\"og:type\" content=\"article\" \/>\n<meta property=\"og:title\" content=\"Extracto Org\u00e1nico de Hongos Chill\" \/>\n<meta property=\"og:description\" content=\"Caracter\u00edsticas Extracto de Hongos Chill   Nuez: Protecci\u00f3n durante los cambios.  Ran\u00fanculo: Refuerza la confianza en uno mismo.  Ajo silvestre: Apoyo universal.  Rosa de roca: Reduce el miedo y el p\u00e1nico.  Borraja: Promueve el coraje.  Ciruela cereza: Aporta calma.\" \/>\n<meta property=\"og:url\" content=\"https:\/\/iguanasmoke.com\/pt\/produto\/extrato-organico-de-cogumelos-chilli-2\/\" \/>\n<meta property=\"og:site_name\" content=\"Iguana Smoke\" \/>\n<meta property=\"article:publisher\" content=\"https:\/\/www.facebook.com\/iguanasmoke\" \/>\n<meta property=\"article:modified_time\" content=\"2025-09-15T15:21:52+00:00\" \/>\n<meta property=\"og:image\" content=\"https:\/\/i0.wp.com\/iguanasmoke.com\/wp-content\/uploads\/2024\/12\/2-1.webp?fit=1409%2C2000&ssl=1\" \/>\n\t<meta property=\"og:image:width\" content=\"1409\" \/>\n\t<meta property=\"og:image:height\" content=\"2000\" \/>\n\t<meta property=\"og:image:type\" content=\"image\/webp\" \/>\n<meta name=\"twitter:card\" content=\"summary_large_image\" \/>\n<meta name=\"twitter:label1\" content=\"pre\u00e7o\" \/>\n\t<meta name=\"twitter:data1\" content=\"34,90&nbsp;&euro;\" \/>\n\t<meta name=\"twitter:label2\" content=\"Disponibilidade\" \/>\n\t<meta name=\"twitter:data2\" content=\"Esgotado\" \/>\n<meta property=\"product:brand\" content=\"simple\" \/>\n<meta property=\"product:price:amount\" content=\"34.90\" \/>\n<meta property=\"product:price:currency\" content=\"EUR\" \/>\n<meta property=\"og:availability\" content=\"out of stock\" \/>\n<meta property=\"product:availability\" content=\"out of stock\" \/>\n<meta property=\"product:retailer_item_id\" content=\"LYF-SPRAY-CHLL\" \/>\n<meta property=\"product:condition\" content=\"new\" \/>\n<!-- \/ Yoast SEO Premium plugin. -->","yoast_head_json":{"title":"Extrato Org\u00e2nico de Cogumelo Chilli - Suplemento Natural - Iguana Smoke","description":"Comprar extrato de cogumelo org\u00e2nico de alta qualidade. Suplemento poderoso para ajudar a reduzir o stress e acalmar a ansiedade. Sem gl\u00faten, vegan e certificado.","robots":{"index":"index","follow":"follow","max-snippet":"max-snippet:-1","max-image-preview":"max-image-preview:large","max-video-preview":"max-video-preview:-1"},"canonical":"https:\/\/iguanasmoke.com\/pt\/produto\/extrato-organico-de-cogumelos-chilli-2\/","og_locale":"pt_PT","og_type":"article","og_title":"Extracto Org\u00e1nico de Hongos Chill","og_description":"Caracter\u00edsticas Extracto de Hongos Chill   Nuez: Protecci\u00f3n durante los cambios.  Ran\u00fanculo: Refuerza la confianza en uno mismo.  Ajo silvestre: Apoyo universal.  Rosa de roca: Reduce el miedo y el p\u00e1nico.  Borraja: Promueve el coraje.  Ciruela cereza: Aporta calma.","og_url":"https:\/\/iguanasmoke.com\/pt\/produto\/extrato-organico-de-cogumelos-chilli-2\/","og_site_name":"Iguana Smoke","article_publisher":"https:\/\/www.facebook.com\/iguanasmoke","article_modified_time":"2025-09-15T15:21:52+00:00","og_image":[{"width":1409,"height":2000,"url":"https:\/\/i0.wp.com\/iguanasmoke.com\/wp-content\/uploads\/2024\/12\/2-1.webp?fit=1409%2C2000&ssl=1","type":"image\/webp"}],"twitter_card":"summary_large_image","twitter_misc":{"pre\u00e7o":"34,90&nbsp;&euro;","Disponibilidade":"Esgotado"},"schema":{"@context":"https:\/\/schema.org","@graph":[{"@type":"WebPage","@id":"https:\/\/iguanasmoke.com\/producto\/extracto-organico-de-hongos-chill\/","url":"https:\/\/iguanasmoke.com\/producto\/extracto-organico-de-hongos-chill\/","name":"Extrato Org\u00e2nico de Cogumelo Chilli - Suplemento Natural - Iguana Smoke","isPartOf":{"@id":"https:\/\/iguanasmoke.com\/#website"},"primaryImageOfPage":{"@id":"https:\/\/iguanasmoke.com\/producto\/extracto-organico-de-hongos-chill\/#primaryimage"},"image":{"@id":"https:\/\/iguanasmoke.com\/producto\/extracto-organico-de-hongos-chill\/#primaryimage"},"thumbnailUrl":"https:\/\/iguanasmoke.com\/wp-content\/uploads\/2024\/12\/2-1.webp","datePublished":"2024-12-28T12:43:49+00:00","dateModified":"2025-09-15T15:21:52+00:00","description":"Comprar extrato de cogumelo org\u00e2nico de alta qualidade. Suplemento poderoso para ajudar a reduzir o stress e acalmar a ansiedade. Sem gl\u00faten, vegan e certificado.","breadcrumb":{"@id":"https:\/\/iguanasmoke.com\/producto\/extracto-organico-de-hongos-chill\/#breadcrumb"},"inLanguage":"pt-PT","potentialAction":[{"@type":"ReadAction","target":["https:\/\/iguanasmoke.com\/producto\/extracto-organico-de-hongos-chill\/"]}]},{"@type":"ImageObject","inLanguage":"pt-PT","@id":"https:\/\/iguanasmoke.com\/producto\/extracto-organico-de-hongos-chill\/#primaryimage","url":"https:\/\/iguanasmoke.com\/wp-content\/uploads\/2024\/12\/2-1.webp","contentUrl":"https:\/\/iguanasmoke.com\/wp-content\/uploads\/2024\/12\/2-1.webp","width":1409,"height":2000},{"@type":"BreadcrumbList","@id":"https:\/\/iguanasmoke.com\/producto\/extracto-organico-de-hongos-chill\/#breadcrumb","itemListElement":[{"@type":"ListItem","position":1,"name":"home","item":"https:\/\/iguanasmoke.com\/"},{"@type":"ListItem","position":2,"name":"Tienda","item":"https:\/\/iguanasmoke.com\/tienda\/"},{"@type":"ListItem","position":3,"name":"Mario's Market","item":"https:\/\/iguanasmoke.com\/categoria\/marios-market\/"},{"@type":"ListItem","position":4,"name":"Extracto Org\u00e1nico de Hongos Chill"}]},{"@type":"WebSite","@id":"https:\/\/iguanasmoke.com\/#website","url":"https:\/\/iguanasmoke.com\/","name":"Fumo de Iguana","description":"Comprar CBD online ao melhor pre\u00e7o","publisher":{"@id":"https:\/\/iguanasmoke.com\/#organization"},"potentialAction":[{"@type":"SearchAction","target":{"@type":"EntryPoint","urlTemplate":"https:\/\/iguanasmoke.com\/?s={search_term_string}"},"query-input":{"@type":"PropertyValueSpecification","valueRequired":true,"valueName":"search_term_string"}}],"inLanguage":"pt-PT"},{"@type":"Organization","@id":"https:\/\/iguanasmoke.com\/#organization","name":"Fumo de Iguana","url":"https:\/\/iguanasmoke.com\/","logo":{"@type":"ImageObject","inLanguage":"pt-PT","@id":"https:\/\/iguanasmoke.com\/#\/schema\/logo\/image\/","url":"https:\/\/iguanasmoke.com\/wp-content\/uploads\/2025\/01\/logoiguana-favi-1.png","contentUrl":"https:\/\/iguanasmoke.com\/wp-content\/uploads\/2025\/01\/logoiguana-favi-1.png","width":512,"height":512,"caption":"Iguana Smoke"},"image":{"@id":"https:\/\/iguanasmoke.com\/#\/schema\/logo\/image\/"},"sameAs":["https:\/\/www.facebook.com\/iguanasmoke","https:\/\/www.instagram.com\/iguanasmoke\/"]}]},"product_brand":"simple","product_price_amount":"34.90","product_price_currency":"EUR","og_availability":"out of stock","product_availability":"out of stock","product_retailer_item_id":"LYF-SPRAY-CHLL","product_condition":"new"},"_links":{"self":[{"href":"https:\/\/iguanasmoke.com\/pt\/wp-json\/wp\/v2\/product\/46435","targetHints":{"allow":["GET"]}}],"collection":[{"href":"https:\/\/iguanasmoke.com\/pt\/wp-json\/wp\/v2\/product"}],"about":[{"href":"https:\/\/iguanasmoke.com\/pt\/wp-json\/wp\/v2\/types\/product"}],"replies":[{"embeddable":true,"href":"https:\/\/iguanasmoke.com\/pt\/wp-json\/wp\/v2\/comments?post=46435"}],"wp:featuredmedia":[{"embeddable":true,"href":"https:\/\/iguanasmoke.com\/pt\/wp-json\/wp\/v2\/media\/46416"}],"wp:attachment":[{"href":"https:\/\/iguanasmoke.com\/pt\/wp-json\/wp\/v2\/media?parent=46435"}],"wp:term":[{"taxonomy":"product_brand","embeddable":true,"href":"https:\/\/iguanasmoke.com\/pt\/wp-json\/wp\/v2\/product_brand?post=46435"},{"taxonomy":"product_cat","embeddable":true,"href":"https:\/\/iguanasmoke.com\/pt\/wp-json\/wp\/v2\/product_cat?post=46435"},{"taxonomy":"product_tag","embeddable":true,"href":"https:\/\/iguanasmoke.com\/pt\/wp-json\/wp\/v2\/product_tag?post=46435"}],"curies":[{"name":"wp","href":"https:\/\/api.w.org\/{rel}","templated":true}]}}