{"id":46438,"date":"2024-12-28T13:47:14","date_gmt":"2024-12-28T12:47:14","guid":{"rendered":"https:\/\/iguanasmoke.com\/?post_type=product&#038;p=46438"},"modified":"2025-09-15T17:21:42","modified_gmt":"2025-09-15T15:21:42","slug":"extrato-de-chaga-biologico","status":"publish","type":"product","link":"https:\/\/iguanasmoke.com\/pt\/producto\/extracto-organico-de-chaga\/","title":{"rendered":"Extrato de chaga org\u00e2nico"},"content":{"rendered":"<h3>Extrato de chaga org\u00e2nico: Suplemento alimentar puro e concentrado<\/h3>\n<p>O\u00a0<strong>extrato de chaga<\/strong> Organic \u00e9 um suplemento alimentar puro, concentrado e sem \u00e1lcool. Este potente extrato duplo 15:1 oferece uma elevada concentra\u00e7\u00e3o de nutrientes essenciais. Cada frasco cont\u00e9m o equivalente a 120 g de chaga org\u00e2nica certificada, crua e seca, o que d\u00e1 33 doses di\u00e1rias.<\/p>\n<h4>Carater\u00edsticas do extrato l\u00edquido de chaga<\/h4>\n<ul>\n<li>Extra\u00eddo por um processo duplo (\u00e1gua quente e \u00e1lcool) de\u00a0<strong>chaga biol\u00f3gica<\/strong>\u00a0colhidos de forma sustent\u00e1vel.<\/li>\n<li>Cont\u00e9m compostos hidrossol\u00faveis e lipossol\u00faveis, o que maximiza a sua biodisponibilidade.<\/li>\n<li>Elaborado com mais de 20% de 1,3\/1,6 beta-glucanos, conhecidos pelas suas propriedades imunomoduladoras.<\/li>\n<li>Puro sabor a cogumelos, sem aditivos nem aromas artificiais.<\/li>\n<li>Sem adi\u00e7\u00e3o de amido, cereais ou enchimentos.<\/li>\n<li>Certificado como biol\u00f3gico pela Uni\u00e3o Europeia (UE).<\/li>\n<li>Sem gl\u00faten, n\u00e3o OGM e adequado para veganos.<\/li>\n<li>Qualidade superior, testada em laborat\u00f3rios acreditados por terceiros.<\/li>\n<li>Sem mic\u00e9lio, utilizando apenas corpos de frutifica\u00e7\u00e3o org\u00e2nicos.<\/li>\n<li>Engarrafado em vidro biopot\u00f3nico Miron para uma melhor conserva\u00e7\u00e3o.<\/li>\n<li>Prazo de validade de 12 meses a partir da data de fabrico.<\/li>\n<\/ul>\n<h3>Benef\u00edcios do extrato de chaga<\/h3>\n<p>O\u00a0<strong>Chaga (Inonotus obliquus)<\/strong>\u00a0\u00e9 um cogumelo medicinal que cresce principalmente nas b\u00e9tulas e \u00e9 utilizado h\u00e1 s\u00e9culos na medicina tradicional da R\u00fassia e da \u00c1sia. As suas propriedades tornaram-no um \u00absuperalimento\u00bb com in\u00fameros benef\u00edcios para a sa\u00fade. Eis os principais:<\/p>\n<h6 style=\"padding-left: 40px;\"><strong>1. poderoso antioxidante<\/strong><\/h6>\n<p style=\"padding-left: 40px;\">O\u00a0<strong>extrato de chaga<\/strong> \u00e9 um dos cogumelos com maior concentra\u00e7\u00e3o de antioxidantes, pelo que combate os radicais livres que danificam as c\u00e9lulas, ajudando a retardar o envelhecimento e protegendo contra o stress oxidativo.<\/p>\n<h6 style=\"padding-left: 40px;\"><strong>2. refor\u00e7o do sistema imunit\u00e1rio<\/strong><\/h6>\n<p style=\"padding-left: 40px;\">Rico em beta-glucanos, o chaga modula o sistema imunit\u00e1rio, melhorando a capacidade do organismo para se defender contra as infec\u00e7\u00f5es e as doen\u00e7as, ao mesmo tempo que previne reac\u00e7\u00f5es imunit\u00e1rias excessivas.<\/p>\n<h6 style=\"padding-left: 40px;\"><strong>3. Propriedades anti-inflamat\u00f3rias<\/strong><\/h6>\n<p style=\"padding-left: 40px;\">Os compostos activos do chaga podem reduzir a inflama\u00e7\u00e3o, tornando-o \u00fatil para pessoas com doen\u00e7as inflamat\u00f3rias cr\u00f3nicas, como a artrite ou doen\u00e7as auto-imunes.<\/p>\n<h6 style=\"padding-left: 40px;\"><strong>4. Controlo do a\u00e7\u00facar no sangue<\/strong><\/h6>\n<p style=\"padding-left: 40px;\">Alguns estudos sugerem que o\u00a0<strong>extrato de chaga<\/strong> ajuda a baixar os n\u00edveis de a\u00e7\u00facar no sangue, o que o torna ben\u00e9fico para as pessoas com diabetes ou para as que desejam manter n\u00edveis saud\u00e1veis de glucose.<\/p>\n<h6 style=\"padding-left: 40px;\"><strong>5. Apoio \u00e0 sa\u00fade digestiva<\/strong><\/h6>\n<p style=\"padding-left: 40px;\">O chaga contribui para a manuten\u00e7\u00e3o de uma boa sa\u00fade digestiva, aliviando problemas como as \u00falceras g\u00e1stricas e a inflama\u00e7\u00e3o intestinal e protegendo o revestimento do est\u00f4mago.<\/p>\n<h6 style=\"padding-left: 40px;\"><strong>6. Propriedades anti-cancer\u00edgenas<\/strong><\/h6>\n<p style=\"padding-left: 40px;\">Estudos preliminares mostraram que o chaga pode inibir o crescimento das c\u00e9lulas cancerosas e promover a apoptose (morte celular) nas c\u00e9lulas malignas. No entanto, s\u00e3o necess\u00e1rios mais estudos em humanos.<\/p>\n<h6 style=\"padding-left: 40px;\"><strong>7. Melhora a sa\u00fade cardiovascular<\/strong><\/h6>\n<p style=\"padding-left: 40px;\">Os antioxidantes e os compostos de betulina do chaga podem ajudar a reduzir o colesterol LDL e a regular a tens\u00e3o arterial, promovendo a sa\u00fade do cora\u00e7\u00e3o.<\/p>\n<h6 style=\"padding-left: 40px;\"><strong>8. Propriedades antivirais e antibacterianas<\/strong><\/h6>\n<p style=\"padding-left: 40px;\">O\u00a0<strong>extrato de chaga<\/strong>\u00a0demonstrou ter propriedades antivirais e antibacterianas, ajudando o corpo a combater infec\u00e7\u00f5es como a gripe e o herpes.<\/p>\n<h6 style=\"padding-left: 40px;\"><strong>9. Desintoxica\u00e7\u00e3o do organismo<\/strong><\/h6>\n<p style=\"padding-left: 40px;\">Por ser rico em nutrientes, o chaga apoia a elimina\u00e7\u00e3o de toxinas e promove uma fun\u00e7\u00e3o hep\u00e1tica saud\u00e1vel.<\/p>\n<h6 style=\"padding-left: 40px;\"><strong>10. Melhora a sa\u00fade da pele<\/strong><\/h6>\n<p style=\"padding-left: 40px;\">Gra\u00e7as aos seus elevados n\u00edveis de melanina e antioxidantes, o chaga ajuda a melhorar o aspeto da pele, combatendo os sinais de envelhecimento e protegendo-a dos danos causados pelo sol.<\/p>\n<p>&nbsp;<\/p>\n<h3>Porqu\u00ea escolher o extrato de chaga org\u00e2nico?<\/h3>\n<p>Para maximizar os benef\u00edcios do\u00a0<strong>extrato de chaga<\/strong>, Para garantir a concentra\u00e7\u00e3o m\u00e1xima dos seus compostos bioactivos, \u00e9 essencial escolher um produto biol\u00f3gico certificado de alta qualidade, com um processo de extra\u00e7\u00e3o duplo (\u00e1gua e \u00e1lcool) para garantir a concentra\u00e7\u00e3o m\u00e1xima dos seus compostos bioactivos.<\/p>","protected":false},"excerpt":{"rendered":"<h4>Carater\u00edsticas do extrato org\u00e2nico de chaga<\/h4>\n<ul>\n<li>Frasco conta-gotas de vidro violeta de 50 ml de alta qualidade.<\/li>\n<li>F\u00e1cil de utilizar: adicionar dois conta-gotas a um copo de \u00e1gua ou diretamente sob a l\u00edngua.<\/li>\n<li>Processo de extra\u00e7\u00e3o duplo com \u00e1gua quente e \u00e1lcool de <strong>chaga selvagem<\/strong> org\u00e2nico.<\/li>\n<li>Cont\u00e9m aproximadamente 25% de \u00e1lcool.<\/li>\n<li>Elevada concentra\u00e7\u00e3o de compostos sol\u00faveis em \u00e1gua e gordura.<\/li>\n<li>Elaborado com mais de 20% de 1,3\/1,6 beta-glucanos.<\/li>\n<li>Sem adi\u00e7\u00e3o de amido, cereais ou outros produtos de enchimento.<\/li>\n<li>Certifica\u00e7\u00e3o biol\u00f3gica da UE.<\/li>\n<li>Sem gl\u00faten, n\u00e3o OGM, adequado para veganos.<\/li>\n<li>Qualidade superior, testada em laborat\u00f3rios acreditados por terceiros.<\/li>\n<li>Engarrafado em vidro biopot\u00f3nico Miron para uma melhor prote\u00e7\u00e3o.<\/li>\n<\/ul>","protected":false},"featured_media":46418,"comment_status":"open","ping_status":"closed","template":"","meta":{"_acf_changed":false,"site-sidebar-layout":"default","site-content-layout":"","ast-site-content-layout":"default","site-content-style":"default","site-sidebar-style":"default","ast-global-header-display":"","ast-banner-title-visibility":"","ast-main-header-display":"","ast-hfb-above-header-display":"","ast-hfb-below-header-display":"","ast-hfb-mobile-header-display":"","site-post-title":"","ast-breadcrumbs-content":"","ast-featured-img":"","footer-sml-layout":"","theme-transparent-header-meta":"default","adv-header-id-meta":"","stick-header-meta":"","header-above-stick-meta":"","header-main-stick-meta":"","header-below-stick-meta":"","astra-migrate-meta-layouts":"set","ast-page-background-enabled":"default","ast-page-background-meta":{"desktop":{"background-color":"var(--ast-global-color-4)","background-image":"","background-repeat":"repeat","background-position":"center center","background-size":"auto","background-attachment":"scroll","background-type":"","background-media":"","overlay-type":"","overlay-color":"","overlay-opacity":"","overlay-gradient":""},"tablet":{"background-color":"","background-image":"","background-repeat":"repeat","background-position":"center center","background-size":"auto","background-attachment":"scroll","background-type":"","background-media":"","overlay-type":"","overlay-color":"","overlay-opacity":"","overlay-gradient":""},"mobile":{"background-color":"","background-image":"","background-repeat":"repeat","background-position":"center center","background-size":"auto","background-attachment":"scroll","background-type":"","background-media":"","overlay-type":"","overlay-color":"","overlay-opacity":"","overlay-gradient":""}},"ast-content-background-meta":{"desktop":{"background-color":"var(--ast-global-color-5)","background-image":"","background-repeat":"repeat","background-position":"center center","background-size":"auto","background-attachment":"scroll","background-type":"","background-media":"","overlay-type":"","overlay-color":"","overlay-opacity":"","overlay-gradient":""},"tablet":{"background-color":"var(--ast-global-color-5)","background-image":"","background-repeat":"repeat","background-position":"center center","background-size":"auto","background-attachment":"scroll","background-type":"","background-media":"","overlay-type":"","overlay-color":"","overlay-opacity":"","overlay-gradient":""},"mobile":{"background-color":"var(--ast-global-color-5)","background-image":"","background-repeat":"repeat","background-position":"center center","background-size":"auto","background-attachment":"scroll","background-type":"","background-media":"","overlay-type":"","overlay-color":"","overlay-opacity":"","overlay-gradient":""}}},"product_brand":[],"product_cat":[458],"product_tag":[],"class_list":{"0":"post-46438","1":"product","2":"type-product","3":"status-publish","4":"has-post-thumbnail","6":"product_cat-marios-market","7":"desktop-align-center","8":"tablet-align-center","9":"mobile-align-center","11":"first","12":"outofstock","13":"taxable","14":"shipping-taxable","15":"purchasable","16":"product-type-simple"},"acf":[],"yoast_head":"<!-- This site is optimized with the Yoast SEO Premium plugin v27.3 (Yoast SEO v27.3) - https:\/\/yoast.com\/product\/yoast-seo-premium-wordpress\/ -->\n<title>Extracto Org\u00e1nico de Chaga | Suplemento Natural Antioxidante | Iguana Smoke<\/title>\n<meta name=\"description\" content=\"Compra extracto de chaga org\u00e1nico de alta calidad. Potente suplemento antioxidante que refuerza el sistema inmunol\u00f3gico. Descubre sus m\u00faltiples beneficios.\" \/>\n<meta name=\"robots\" content=\"index, follow, max-snippet:-1, max-image-preview:large, max-video-preview:-1\" \/>\n<link rel=\"canonical\" href=\"https:\/\/iguanasmoke.com\/pt\/produto\/extrato-de-chaga-biologico\/\" \/>\n<meta property=\"og:locale\" content=\"pt_PT\" \/>\n<meta property=\"og:type\" content=\"article\" \/>\n<meta property=\"og:title\" content=\"Extracto Org\u00e1nico de Chaga\" \/>\n<meta property=\"og:description\" content=\"Caracter\u00edsticas del Extracto Org\u00e1nico de Chaga   Botella cuentagotas de vidrio violeta de 50 ml de alta calidad.  F\u00e1cil de usar: a\u00f1ade dos goteros a un vaso de agua o directamente debajo de la lengua.  Proceso de extracci\u00f3n dual con agua caliente y alcohol de chaga salvaje org\u00e1nica.  Contiene aproximadamente un 25% de alcohol.  Alta concentraci\u00f3n de compuestos solubles en agua y grasas.  Elaborado con m\u00e1s del 20% de beta-glucanos 1,3\/1,6.  Sin almid\u00f3n, cereales ni otros rellenos a\u00f1adidos.  Certificaci\u00f3n org\u00e1nica de la UE.  Libre de gluten, no modificado gen\u00e9ticamente (non-GMO), apto para veganos.  Calidad superior, probado en laboratorios acreditados de terceros.  Embotellado en vidrio biopot\u00f3nico Miron para mayor protecci\u00f3n.\" \/>\n<meta property=\"og:url\" content=\"https:\/\/iguanasmoke.com\/pt\/produto\/extrato-de-chaga-biologico\/\" \/>\n<meta property=\"og:site_name\" content=\"Iguana Smoke\" \/>\n<meta property=\"article:publisher\" content=\"https:\/\/www.facebook.com\/iguanasmoke\" \/>\n<meta property=\"article:modified_time\" content=\"2025-09-15T15:21:42+00:00\" \/>\n<meta property=\"og:image\" content=\"https:\/\/i0.wp.com\/iguanasmoke.com\/wp-content\/uploads\/2024\/12\/1-1.webp?fit=1409%2C2000&ssl=1\" \/>\n\t<meta property=\"og:image:width\" content=\"1409\" \/>\n\t<meta property=\"og:image:height\" content=\"2000\" \/>\n\t<meta property=\"og:image:type\" content=\"image\/webp\" \/>\n<meta name=\"twitter:card\" content=\"summary_large_image\" \/>\n<meta name=\"twitter:label1\" content=\"pre\u00e7o\" \/>\n\t<meta name=\"twitter:data1\" content=\"29,90&nbsp;&euro;\" \/>\n\t<meta name=\"twitter:label2\" content=\"Disponibilidade\" \/>\n\t<meta name=\"twitter:data2\" content=\"Esgotado\" \/>\n<meta property=\"product:brand\" content=\"simple\" \/>\n<meta property=\"product:price:amount\" content=\"29.90\" \/>\n<meta property=\"product:price:currency\" content=\"EUR\" \/>\n<meta property=\"og:availability\" content=\"out of stock\" \/>\n<meta property=\"product:availability\" content=\"out of stock\" \/>\n<meta property=\"product:retailer_item_id\" content=\"LYF-SPRAY-CHG\" \/>\n<meta property=\"product:condition\" content=\"new\" \/>\n<!-- \/ Yoast SEO Premium plugin. -->","yoast_head_json":{"title":"Extrato de Chaga Org\u00e2nico: Suplemento Antioxidante Natural: Fumo de Iguana","description":"Comprar extrato de chaga biol\u00f3gico de alta qualidade. Poderoso suplemento antioxidante que refor\u00e7a o sistema imunit\u00e1rio. Descubra os seus in\u00fameros benef\u00edcios.","robots":{"index":"index","follow":"follow","max-snippet":"max-snippet:-1","max-image-preview":"max-image-preview:large","max-video-preview":"max-video-preview:-1"},"canonical":"https:\/\/iguanasmoke.com\/pt\/produto\/extrato-de-chaga-biologico\/","og_locale":"pt_PT","og_type":"article","og_title":"Extracto Org\u00e1nico de Chaga","og_description":"Caracter\u00edsticas del Extracto Org\u00e1nico de Chaga   Botella cuentagotas de vidrio violeta de 50 ml de alta calidad.  F\u00e1cil de usar: a\u00f1ade dos goteros a un vaso de agua o directamente debajo de la lengua.  Proceso de extracci\u00f3n dual con agua caliente y alcohol de chaga salvaje org\u00e1nica.  Contiene aproximadamente un 25% de alcohol.  Alta concentraci\u00f3n de compuestos solubles en agua y grasas.  Elaborado con m\u00e1s del 20% de beta-glucanos 1,3\/1,6.  Sin almid\u00f3n, cereales ni otros rellenos a\u00f1adidos.  Certificaci\u00f3n org\u00e1nica de la UE.  Libre de gluten, no modificado gen\u00e9ticamente (non-GMO), apto para veganos.  Calidad superior, probado en laboratorios acreditados de terceros.  Embotellado en vidrio biopot\u00f3nico Miron para mayor protecci\u00f3n.","og_url":"https:\/\/iguanasmoke.com\/pt\/produto\/extrato-de-chaga-biologico\/","og_site_name":"Iguana Smoke","article_publisher":"https:\/\/www.facebook.com\/iguanasmoke","article_modified_time":"2025-09-15T15:21:42+00:00","og_image":[{"width":1409,"height":2000,"url":"https:\/\/i0.wp.com\/iguanasmoke.com\/wp-content\/uploads\/2024\/12\/1-1.webp?fit=1409%2C2000&ssl=1","type":"image\/webp"}],"twitter_card":"summary_large_image","twitter_misc":{"pre\u00e7o":"29,90&nbsp;&euro;","Disponibilidade":"Esgotado"},"schema":{"@context":"https:\/\/schema.org","@graph":[{"@type":"WebPage","@id":"https:\/\/iguanasmoke.com\/producto\/extracto-organico-de-chaga\/","url":"https:\/\/iguanasmoke.com\/producto\/extracto-organico-de-chaga\/","name":"Extrato de Chaga Org\u00e2nico: Suplemento Antioxidante Natural: Fumo de Iguana","isPartOf":{"@id":"https:\/\/iguanasmoke.com\/#website"},"primaryImageOfPage":{"@id":"https:\/\/iguanasmoke.com\/producto\/extracto-organico-de-chaga\/#primaryimage"},"image":{"@id":"https:\/\/iguanasmoke.com\/producto\/extracto-organico-de-chaga\/#primaryimage"},"thumbnailUrl":"https:\/\/iguanasmoke.com\/wp-content\/uploads\/2024\/12\/1-1.webp","datePublished":"2024-12-28T12:47:14+00:00","dateModified":"2025-09-15T15:21:42+00:00","description":"Comprar extrato de chaga biol\u00f3gico de alta qualidade. Poderoso suplemento antioxidante que refor\u00e7a o sistema imunit\u00e1rio. Descubra os seus in\u00fameros benef\u00edcios.","breadcrumb":{"@id":"https:\/\/iguanasmoke.com\/producto\/extracto-organico-de-chaga\/#breadcrumb"},"inLanguage":"pt-PT","potentialAction":[{"@type":"ReadAction","target":["https:\/\/iguanasmoke.com\/producto\/extracto-organico-de-chaga\/"]}]},{"@type":"ImageObject","inLanguage":"pt-PT","@id":"https:\/\/iguanasmoke.com\/producto\/extracto-organico-de-chaga\/#primaryimage","url":"https:\/\/iguanasmoke.com\/wp-content\/uploads\/2024\/12\/1-1.webp","contentUrl":"https:\/\/iguanasmoke.com\/wp-content\/uploads\/2024\/12\/1-1.webp","width":1409,"height":2000},{"@type":"BreadcrumbList","@id":"https:\/\/iguanasmoke.com\/producto\/extracto-organico-de-chaga\/#breadcrumb","itemListElement":[{"@type":"ListItem","position":1,"name":"home","item":"https:\/\/iguanasmoke.com\/"},{"@type":"ListItem","position":2,"name":"Tienda","item":"https:\/\/iguanasmoke.com\/tienda\/"},{"@type":"ListItem","position":3,"name":"Mario's Market","item":"https:\/\/iguanasmoke.com\/categoria\/marios-market\/"},{"@type":"ListItem","position":4,"name":"Extracto Org\u00e1nico de Chaga"}]},{"@type":"WebSite","@id":"https:\/\/iguanasmoke.com\/#website","url":"https:\/\/iguanasmoke.com\/","name":"Fumo de Iguana","description":"Comprar CBD online ao melhor pre\u00e7o","publisher":{"@id":"https:\/\/iguanasmoke.com\/#organization"},"potentialAction":[{"@type":"SearchAction","target":{"@type":"EntryPoint","urlTemplate":"https:\/\/iguanasmoke.com\/?s={search_term_string}"},"query-input":{"@type":"PropertyValueSpecification","valueRequired":true,"valueName":"search_term_string"}}],"inLanguage":"pt-PT"},{"@type":"Organization","@id":"https:\/\/iguanasmoke.com\/#organization","name":"Fumo de Iguana","url":"https:\/\/iguanasmoke.com\/","logo":{"@type":"ImageObject","inLanguage":"pt-PT","@id":"https:\/\/iguanasmoke.com\/#\/schema\/logo\/image\/","url":"https:\/\/iguanasmoke.com\/wp-content\/uploads\/2025\/01\/logoiguana-favi-1.png","contentUrl":"https:\/\/iguanasmoke.com\/wp-content\/uploads\/2025\/01\/logoiguana-favi-1.png","width":512,"height":512,"caption":"Iguana Smoke"},"image":{"@id":"https:\/\/iguanasmoke.com\/#\/schema\/logo\/image\/"},"sameAs":["https:\/\/www.facebook.com\/iguanasmoke","https:\/\/www.instagram.com\/iguanasmoke\/"]}]},"product_brand":"simple","product_price_amount":"29.90","product_price_currency":"EUR","og_availability":"out of stock","product_availability":"out of stock","product_retailer_item_id":"LYF-SPRAY-CHG","product_condition":"new"},"_links":{"self":[{"href":"https:\/\/iguanasmoke.com\/pt\/wp-json\/wp\/v2\/product\/46438","targetHints":{"allow":["GET"]}}],"collection":[{"href":"https:\/\/iguanasmoke.com\/pt\/wp-json\/wp\/v2\/product"}],"about":[{"href":"https:\/\/iguanasmoke.com\/pt\/wp-json\/wp\/v2\/types\/product"}],"replies":[{"embeddable":true,"href":"https:\/\/iguanasmoke.com\/pt\/wp-json\/wp\/v2\/comments?post=46438"}],"wp:featuredmedia":[{"embeddable":true,"href":"https:\/\/iguanasmoke.com\/pt\/wp-json\/wp\/v2\/media\/46418"}],"wp:attachment":[{"href":"https:\/\/iguanasmoke.com\/pt\/wp-json\/wp\/v2\/media?parent=46438"}],"wp:term":[{"taxonomy":"product_brand","embeddable":true,"href":"https:\/\/iguanasmoke.com\/pt\/wp-json\/wp\/v2\/product_brand?post=46438"},{"taxonomy":"product_cat","embeddable":true,"href":"https:\/\/iguanasmoke.com\/pt\/wp-json\/wp\/v2\/product_cat?post=46438"},{"taxonomy":"product_tag","embeddable":true,"href":"https:\/\/iguanasmoke.com\/pt\/wp-json\/wp\/v2\/product_tag?post=46438"}],"curies":[{"name":"wp","href":"https:\/\/api.w.org\/{rel}","templated":true}]}}