{"id":46439,"date":"2024-12-28T13:50:10","date_gmt":"2024-12-28T12:50:10","guid":{"rendered":"https:\/\/iguanasmoke.com\/?post_type=product&#038;p=46439"},"modified":"2025-09-15T17:21:31","modified_gmt":"2025-09-15T15:21:31","slug":"extrato-organico-de-cordyceps","status":"publish","type":"product","link":"https:\/\/iguanasmoke.com\/pt\/producto\/extracto-organico-de-cordyceps\/","title":{"rendered":"Extrato org\u00e2nico de Cordyceps"},"content":{"rendered":"<h3>Extrato de Cordyceps Sinensis: Energizante e Suplemento Natural<\/h3>\n<p>O <strong>Extrato de Cordyceps Sinensis<\/strong> \u00e9 um suplemento alimentar puro, concentrado e sem \u00e1lcool, concebido para aumentar naturalmente a sua vitalidade. Com uma f\u00f3rmula potente num formato l\u00edquido de f\u00e1cil absor\u00e7\u00e3o, este extrato maximiza os benef\u00edcios do Cordyceps.<\/p>\n<h3>Descobrir o Cordyceps<\/h3>\n<p>O <strong>Cordyceps<\/strong> \u00e9 um g\u00e9nero fascinante de fungos que inclui cerca de 400 esp\u00e9cies. Conhecido pela sua capacidade parasit\u00e1ria, este fungo cresce em insectos como as lagartas, o que lhe deu o nome de \u201cfungo da lagarta\u201d. O Cordyceps desenvolve-se em climas tropicais e h\u00famidos, especialmente nas regi\u00f5es montanhosas do Nepal, Tibete, Jap\u00e3o, Coreia, Vietname e China.<\/p>\n<p>Durante s\u00e9culos, o Cordyceps foi utilizado na medicina tradicional chinesa e tibetana devido \u00e0s suas propriedades energ\u00e9ticas e medicinais. Acredita-se que melhora a energia e a resist\u00eancia, aumenta a libido, fortalece o sistema imunit\u00e1rio e combate a fadiga. Al\u00e9m disso, tem sido utilizado como tratamento para doen\u00e7as respirat\u00f3rias como a bronquite, bem como para problemas renais, hep\u00e1ticos e de colesterol. Estudos sugerem tamb\u00e9m que <strong>Extrato de Cordyceps<\/strong> podem ter propriedades anti-tumorais.<\/p>\n<h3>Benef\u00edcios do extrato de Cordyceps<\/h3>\n<ol>\n<li><strong>Luta contra o cancro<\/strong>Estudos realizados na Universidade Polit\u00e9cnica de Hong Kong mostraram que a <strong>Extrato de mic\u00e9lio de Cordyceps Sinensis<\/strong> pode inibir o crescimento das c\u00e9lulas cancerosas, reduzindo a massa tumoral em 60% em certos tipos de cancro, como o melanoma.<\/li>\n<li><strong>Prote\u00e7\u00e3o dos rins<\/strong>O Cordyceps Sinensis demonstrou resultados promissores na prote\u00e7\u00e3o dos rins, ajudando a reduzir os n\u00edveis de creatinina s\u00e9rica em pessoas com doen\u00e7a renal cr\u00f3nica, melhorando assim a fun\u00e7\u00e3o renal.<\/li>\n<li><strong>Aumento da energia e da resist\u00eancia<\/strong>O Cordyceps ganhou notoriedade nos Jogos Ol\u00edmpicos de 1993, quando atletas chineses que consumiram o fungo bateram v\u00e1rios recordes. Estudos posteriores mostraram que o <strong>Extrato de Cordyceps<\/strong> aumenta o n\u00edvel de energia, melhora a resist\u00eancia e combate a fadiga.<\/li>\n<li><strong>Apoio imunit\u00e1rio<\/strong>Gra\u00e7as \u00e0 sua capacidade de modular o sistema imunit\u00e1rio, o Cordyceps pode ajudar a refor\u00e7ar as defesas do organismo, melhorando a sua capacidade de lutar contra as infec\u00e7\u00f5es e as doen\u00e7as.<\/li>\n<\/ol>\n<h3>Maravilhas do extrato de Cordyceps<\/h3>\n<p>O <strong>Extrato de Cordyceps<\/strong> \u00e9 uma escolha natural para quem procura aumentar a energia, a resist\u00eancia e o bem-estar geral. Para al\u00e9m dos seus benef\u00edcios energ\u00e9ticos, este extrato pode ser um aliado precioso no tratamento de doen\u00e7as cr\u00f3nicas e na melhoria da sa\u00fade renal e cardiovascular.<\/p>","protected":false},"excerpt":{"rendered":"<h4>Carater\u00edsticas do extrato de Cordyceps:<\/h4>\n<ul>\n<li>Frasco pulverizador de vidro de 50 ml.<\/li>\n<li>Poderoso extrato duplo 15:1.<\/li>\n<li>Cada frasco cont\u00e9m o equivalente a 150 g de Cordyceps Sinensis cru e seco.<\/li>\n<li>1 frasco = 33 doses por dia.<\/li>\n<li>Dose recomendada: 5 pulveriza\u00e7\u00f5es di\u00e1rias sob a l\u00edngua.<\/li>\n<\/ul>","protected":false},"featured_media":46419,"comment_status":"open","ping_status":"closed","template":"","meta":{"_acf_changed":false,"site-sidebar-layout":"default","site-content-layout":"","ast-site-content-layout":"default","site-content-style":"default","site-sidebar-style":"default","ast-global-header-display":"","ast-banner-title-visibility":"","ast-main-header-display":"","ast-hfb-above-header-display":"","ast-hfb-below-header-display":"","ast-hfb-mobile-header-display":"","site-post-title":"","ast-breadcrumbs-content":"","ast-featured-img":"","footer-sml-layout":"","theme-transparent-header-meta":"default","adv-header-id-meta":"","stick-header-meta":"","header-above-stick-meta":"","header-main-stick-meta":"","header-below-stick-meta":"","astra-migrate-meta-layouts":"set","ast-page-background-enabled":"default","ast-page-background-meta":{"desktop":{"background-color":"var(--ast-global-color-4)","background-image":"","background-repeat":"repeat","background-position":"center center","background-size":"auto","background-attachment":"scroll","background-type":"","background-media":"","overlay-type":"","overlay-color":"","overlay-opacity":"","overlay-gradient":""},"tablet":{"background-color":"","background-image":"","background-repeat":"repeat","background-position":"center center","background-size":"auto","background-attachment":"scroll","background-type":"","background-media":"","overlay-type":"","overlay-color":"","overlay-opacity":"","overlay-gradient":""},"mobile":{"background-color":"","background-image":"","background-repeat":"repeat","background-position":"center center","background-size":"auto","background-attachment":"scroll","background-type":"","background-media":"","overlay-type":"","overlay-color":"","overlay-opacity":"","overlay-gradient":""}},"ast-content-background-meta":{"desktop":{"background-color":"var(--ast-global-color-5)","background-image":"","background-repeat":"repeat","background-position":"center center","background-size":"auto","background-attachment":"scroll","background-type":"","background-media":"","overlay-type":"","overlay-color":"","overlay-opacity":"","overlay-gradient":""},"tablet":{"background-color":"var(--ast-global-color-5)","background-image":"","background-repeat":"repeat","background-position":"center center","background-size":"auto","background-attachment":"scroll","background-type":"","background-media":"","overlay-type":"","overlay-color":"","overlay-opacity":"","overlay-gradient":""},"mobile":{"background-color":"var(--ast-global-color-5)","background-image":"","background-repeat":"repeat","background-position":"center center","background-size":"auto","background-attachment":"scroll","background-type":"","background-media":"","overlay-type":"","overlay-color":"","overlay-opacity":"","overlay-gradient":""}}},"product_brand":[],"product_cat":[458],"product_tag":[],"class_list":{"0":"post-46439","1":"product","2":"type-product","3":"status-publish","4":"has-post-thumbnail","6":"product_cat-marios-market","7":"desktop-align-center","8":"tablet-align-center","9":"mobile-align-center","11":"first","12":"outofstock","13":"taxable","14":"shipping-taxable","15":"purchasable","16":"product-type-simple"},"acf":[],"yoast_head":"<!-- This site is optimized with the Yoast SEO Premium plugin v27.3 (Yoast SEO v27.3) - https:\/\/yoast.com\/product\/yoast-seo-premium-wordpress\/ -->\n<title>Extracto Org\u00e1nico de Cordyceps | Iguana Smoke<\/title>\n<meta name=\"description\" content=\"Compra extracto de Cordyceps org\u00e1nico de alta calidad en Iguana Smoke Suplemento natural para aumentar energ\u00eda, mejorar la resistencia y fortalecer el sistema inmunol\u00f3gico. Certificado org\u00e1nico, sin gluten, vegano y probado en laboratorios\" \/>\n<meta name=\"robots\" content=\"index, follow, max-snippet:-1, max-image-preview:large, max-video-preview:-1\" \/>\n<link rel=\"canonical\" href=\"https:\/\/iguanasmoke.com\/pt\/produto\/extrato-organico-de-cordyceps\/\" \/>\n<meta property=\"og:locale\" content=\"pt_PT\" \/>\n<meta property=\"og:type\" content=\"article\" \/>\n<meta property=\"og:title\" content=\"Extracto Org\u00e1nico de Cordyceps\" \/>\n<meta property=\"og:description\" content=\"Caracter\u00edsticas del Extracto de Cordyceps:   Botella de vidrio con spray de 50 ml.  Potente extracto dual 15:1.  Cada botella contiene el equivalente a 150 g de Cordyceps Sinensis crudo y seco.  1 botella = 33 dosis diarias.  Dosis recomendada: 5 sprays bajo la lengua diariamente.\" \/>\n<meta property=\"og:url\" content=\"https:\/\/iguanasmoke.com\/pt\/produto\/extrato-organico-de-cordyceps\/\" \/>\n<meta property=\"og:site_name\" content=\"Iguana Smoke\" \/>\n<meta property=\"article:publisher\" content=\"https:\/\/www.facebook.com\/iguanasmoke\" \/>\n<meta property=\"article:modified_time\" content=\"2025-09-15T15:21:31+00:00\" \/>\n<meta property=\"og:image\" content=\"https:\/\/i0.wp.com\/iguanasmoke.com\/wp-content\/uploads\/2024\/12\/7-1.webp?fit=1409%2C2000&ssl=1\" \/>\n\t<meta property=\"og:image:width\" content=\"1409\" \/>\n\t<meta property=\"og:image:height\" content=\"2000\" \/>\n\t<meta property=\"og:image:type\" content=\"image\/webp\" \/>\n<meta name=\"twitter:card\" content=\"summary_large_image\" \/>\n<meta name=\"twitter:label1\" content=\"pre\u00e7o\" \/>\n\t<meta name=\"twitter:data1\" content=\"29,90&nbsp;&euro;\" \/>\n\t<meta name=\"twitter:label2\" content=\"Disponibilidade\" \/>\n\t<meta name=\"twitter:data2\" content=\"Esgotado\" \/>\n<meta property=\"product:brand\" content=\"simple\" \/>\n<meta property=\"product:price:amount\" content=\"29.90\" \/>\n<meta property=\"product:price:currency\" content=\"EUR\" \/>\n<meta property=\"og:availability\" content=\"out of stock\" \/>\n<meta property=\"product:availability\" content=\"out of stock\" \/>\n<meta property=\"product:retailer_item_id\" content=\"LYF-SPRAY-CRD\" \/>\n<meta property=\"product:condition\" content=\"new\" \/>\n<!-- \/ Yoast SEO Premium plugin. -->","yoast_head_json":{"title":"Extrato Org\u00e2nico de Cordyceps: Fumo de Iguana","description":"Comprar extrato de Cordyceps org\u00e2nico de alta qualidade da Iguana Smoke Suplemento natural para aumentar a energia, melhorar a resist\u00eancia e fortalecer o sistema imunit\u00e1rio. Certificado como org\u00e2nico, sem gl\u00faten, vegan e testado em laborat\u00f3rio.","robots":{"index":"index","follow":"follow","max-snippet":"max-snippet:-1","max-image-preview":"max-image-preview:large","max-video-preview":"max-video-preview:-1"},"canonical":"https:\/\/iguanasmoke.com\/pt\/produto\/extrato-organico-de-cordyceps\/","og_locale":"pt_PT","og_type":"article","og_title":"Extracto Org\u00e1nico de Cordyceps","og_description":"Caracter\u00edsticas del Extracto de Cordyceps:   Botella de vidrio con spray de 50 ml.  Potente extracto dual 15:1.  Cada botella contiene el equivalente a 150 g de Cordyceps Sinensis crudo y seco.  1 botella = 33 dosis diarias.  Dosis recomendada: 5 sprays bajo la lengua diariamente.","og_url":"https:\/\/iguanasmoke.com\/pt\/produto\/extrato-organico-de-cordyceps\/","og_site_name":"Iguana Smoke","article_publisher":"https:\/\/www.facebook.com\/iguanasmoke","article_modified_time":"2025-09-15T15:21:31+00:00","og_image":[{"width":1409,"height":2000,"url":"https:\/\/i0.wp.com\/iguanasmoke.com\/wp-content\/uploads\/2024\/12\/7-1.webp?fit=1409%2C2000&ssl=1","type":"image\/webp"}],"twitter_card":"summary_large_image","twitter_misc":{"pre\u00e7o":"29,90&nbsp;&euro;","Disponibilidade":"Esgotado"},"schema":{"@context":"https:\/\/schema.org","@graph":[{"@type":"WebPage","@id":"https:\/\/iguanasmoke.com\/producto\/extracto-organico-de-cordyceps\/","url":"https:\/\/iguanasmoke.com\/producto\/extracto-organico-de-cordyceps\/","name":"Extrato Org\u00e2nico de Cordyceps: Fumo de Iguana","isPartOf":{"@id":"https:\/\/iguanasmoke.com\/#website"},"primaryImageOfPage":{"@id":"https:\/\/iguanasmoke.com\/producto\/extracto-organico-de-cordyceps\/#primaryimage"},"image":{"@id":"https:\/\/iguanasmoke.com\/producto\/extracto-organico-de-cordyceps\/#primaryimage"},"thumbnailUrl":"https:\/\/iguanasmoke.com\/wp-content\/uploads\/2024\/12\/7-1.webp","datePublished":"2024-12-28T12:50:10+00:00","dateModified":"2025-09-15T15:21:31+00:00","description":"Comprar extrato de Cordyceps org\u00e2nico de alta qualidade da Iguana Smoke Suplemento natural para aumentar a energia, melhorar a resist\u00eancia e fortalecer o sistema imunit\u00e1rio. Certificado como org\u00e2nico, sem gl\u00faten, vegan e testado em laborat\u00f3rio.","breadcrumb":{"@id":"https:\/\/iguanasmoke.com\/producto\/extracto-organico-de-cordyceps\/#breadcrumb"},"inLanguage":"pt-PT","potentialAction":[{"@type":"ReadAction","target":["https:\/\/iguanasmoke.com\/producto\/extracto-organico-de-cordyceps\/"]}]},{"@type":"ImageObject","inLanguage":"pt-PT","@id":"https:\/\/iguanasmoke.com\/producto\/extracto-organico-de-cordyceps\/#primaryimage","url":"https:\/\/iguanasmoke.com\/wp-content\/uploads\/2024\/12\/7-1.webp","contentUrl":"https:\/\/iguanasmoke.com\/wp-content\/uploads\/2024\/12\/7-1.webp","width":1409,"height":2000},{"@type":"BreadcrumbList","@id":"https:\/\/iguanasmoke.com\/producto\/extracto-organico-de-cordyceps\/#breadcrumb","itemListElement":[{"@type":"ListItem","position":1,"name":"home","item":"https:\/\/iguanasmoke.com\/"},{"@type":"ListItem","position":2,"name":"Tienda","item":"https:\/\/iguanasmoke.com\/tienda\/"},{"@type":"ListItem","position":3,"name":"Mario's Market","item":"https:\/\/iguanasmoke.com\/categoria\/marios-market\/"},{"@type":"ListItem","position":4,"name":"Extracto Org\u00e1nico de Cordyceps"}]},{"@type":"WebSite","@id":"https:\/\/iguanasmoke.com\/#website","url":"https:\/\/iguanasmoke.com\/","name":"Fumo de Iguana","description":"Comprar CBD online ao melhor pre\u00e7o","publisher":{"@id":"https:\/\/iguanasmoke.com\/#organization"},"potentialAction":[{"@type":"SearchAction","target":{"@type":"EntryPoint","urlTemplate":"https:\/\/iguanasmoke.com\/?s={search_term_string}"},"query-input":{"@type":"PropertyValueSpecification","valueRequired":true,"valueName":"search_term_string"}}],"inLanguage":"pt-PT"},{"@type":"Organization","@id":"https:\/\/iguanasmoke.com\/#organization","name":"Fumo de Iguana","url":"https:\/\/iguanasmoke.com\/","logo":{"@type":"ImageObject","inLanguage":"pt-PT","@id":"https:\/\/iguanasmoke.com\/#\/schema\/logo\/image\/","url":"https:\/\/iguanasmoke.com\/wp-content\/uploads\/2025\/01\/logoiguana-favi-1.png","contentUrl":"https:\/\/iguanasmoke.com\/wp-content\/uploads\/2025\/01\/logoiguana-favi-1.png","width":512,"height":512,"caption":"Iguana Smoke"},"image":{"@id":"https:\/\/iguanasmoke.com\/#\/schema\/logo\/image\/"},"sameAs":["https:\/\/www.facebook.com\/iguanasmoke","https:\/\/www.instagram.com\/iguanasmoke\/"]}]},"product_brand":"simple","product_price_amount":"29.90","product_price_currency":"EUR","og_availability":"out of stock","product_availability":"out of stock","product_retailer_item_id":"LYF-SPRAY-CRD","product_condition":"new"},"_links":{"self":[{"href":"https:\/\/iguanasmoke.com\/pt\/wp-json\/wp\/v2\/product\/46439","targetHints":{"allow":["GET"]}}],"collection":[{"href":"https:\/\/iguanasmoke.com\/pt\/wp-json\/wp\/v2\/product"}],"about":[{"href":"https:\/\/iguanasmoke.com\/pt\/wp-json\/wp\/v2\/types\/product"}],"replies":[{"embeddable":true,"href":"https:\/\/iguanasmoke.com\/pt\/wp-json\/wp\/v2\/comments?post=46439"}],"wp:featuredmedia":[{"embeddable":true,"href":"https:\/\/iguanasmoke.com\/pt\/wp-json\/wp\/v2\/media\/46419"}],"wp:attachment":[{"href":"https:\/\/iguanasmoke.com\/pt\/wp-json\/wp\/v2\/media?parent=46439"}],"wp:term":[{"taxonomy":"product_brand","embeddable":true,"href":"https:\/\/iguanasmoke.com\/pt\/wp-json\/wp\/v2\/product_brand?post=46439"},{"taxonomy":"product_cat","embeddable":true,"href":"https:\/\/iguanasmoke.com\/pt\/wp-json\/wp\/v2\/product_cat?post=46439"},{"taxonomy":"product_tag","embeddable":true,"href":"https:\/\/iguanasmoke.com\/pt\/wp-json\/wp\/v2\/product_tag?post=46439"}],"curies":[{"name":"wp","href":"https:\/\/api.w.org\/{rel}","templated":true}]}}