{"id":47836,"date":"2025-01-14T21:03:09","date_gmt":"2025-01-14T20:03:09","guid":{"rendered":"https:\/\/iguanasmoke.com\/?post_type=product&#038;p=47836"},"modified":"2026-04-15T10:37:27","modified_gmt":"2026-04-15T08:37:27","slug":"hash-cbd-piatella-40","status":"publish","type":"product","link":"https:\/\/iguanasmoke.com\/pt\/producto\/hash-cbd-piatella-40\/","title":{"rendered":"Hash CBD Piatella 40%"},"content":{"rendered":"<h1><span style=\"font-weight: 400\">Piatella Hash CBD 40% CBD: O haxixe de que estava \u00e0 espera<\/span><\/h1>\n<p><span style=\"font-weight: 400\">Na Iguana Smoke gostamos de lhe oferecer o melhor do mundo do CBD, e o <strong>Hash CBD Piatella 40%<\/strong> \u00e9 um dos nossos TOP: <strong>o mais potente haxixe sem THC<\/strong> e um dos mais premium do mercado. Com um <strong>concentra\u00e7\u00e3o muito elevada de canabidiol<\/strong> (40%) e menos de 0,3% de THC, este produto \u00e9 <strong>legal em Espanha e na Europa<\/strong>. \u00c9 muito mais do que um simples haxixe - \u00e9 uma declara\u00e7\u00e3o de qualidade, estilo e compromisso para com os amantes do CBD. Explore a sua textura, saboreie os seus aromas e descubra porque \u00e9 que o CBD \u00e9 t\u00e3o popular no mundo do haxixe. <strong>Hash CBD Piatella 40% \u00e9 o produto que procurava.<\/strong>!<\/span><\/p>\n<p>&nbsp;<\/p>\n<h2>Carater\u00edsticas do Hash CBD Piatella 40%:<\/h2>\n<ul>\n<li><b>Aspeto e textura: <\/b>\u00e9 visualmente impressionante devido \u00e0 sua t<strong>extura male\u00e1vel<\/strong> que derrete facilmente, convidando a uma experi\u00eancia t\u00e1til t\u00e3o agrad\u00e1vel como o seu efeito. Este haxixe CBD \u00e9 fabricado com <strong>malhas<\/strong> alta precis\u00e3o para separar o <strong>gl\u00e2ndulas de resina de material vegetal<\/strong>, alcan\u00e7ar a perfei\u00e7\u00e3o.<\/li>\n<li><span style=\"font-size: 16px;font-weight: 400\"><strong>Aroma e sabor:<\/strong> intenso, com um perfil rico em terpen\u00f3ides que combina <strong>notas terrosas, doces e picantes<\/strong>. \u00a0<\/span><\/li>\n<li><strong>Origem e pureza:<\/strong> <span style=\"font-size: 16px;font-weight: 400\">esta resina prov\u00e9m de fontes fi\u00e1veis que garantem a<strong> pureza e qualidade<\/strong>. Ao contr\u00e1rio de outros produtos, este haxixe mant\u00e9m toda a sua <strong>terpenos naturais<\/strong>, Isto garante uma experi\u00eancia olfactiva e gustativa excecional.<\/span><span style=\"font-size: 16px;font-weight: 400\">, crucial para quem procura <strong>CBD barato<\/strong> mas n\u00e3o quer comprometer a qualidade do <strong>Haxixe CBD Piatella 40%<\/strong>.<\/span><\/li>\n<\/ul>\n<h3><\/h3>\n<h3><b>Porqu\u00ea comprar haxixe CBD Piatella 40% na Iguana Smoke?<\/b><\/h3>\n<p><span style=\"font-weight: 400\">Na Iguana Smoke, estamos empenhados na qualidade. Os nossos produtos de haxixe CBD s\u00e3o 100% naturais e org\u00e2nicos, sem qu\u00edmicos ou pesticidas. Isto significa que quando nos compra, est\u00e1 a escolher haxixe e resina CBD puros e seguros. Como \u00e9 o caso do nosso <span style=\"font-size: 16px;font-weight: 400\"><strong>Haxixe CBD Piatella 40%<\/strong><\/span><strong>.<\/strong><\/span><\/p>\n<p><span style=\"font-weight: 400\">Sem d\u00favida, este \u00e9 o lugar seguro <strong>onde comprar haxixe CBD online em Espanha<\/strong> uma vez que todos os nossos produtos s\u00e3o aprovados pela Uni\u00e3o Europeia, garantindo a sua legalidade e seguran\u00e7a. Com menos de 0,3 % de THC, o nosso haxixe e a nossa resina CBD permitem-lhe desfrutar dos numerosos benef\u00edcios do CBD sem os efeitos psicoactivos, pois trata-se de um <strong>Haxixe sem THC.<\/strong> P<\/span><span style=\"font-weight: 400\">pode consultar a an\u00e1lise da qualidade deste haxixe <a href=\"https:\/\/iguanasmoke.com\/pt\/analiticas\/\">aqui<\/a>.\u00a0<\/span><\/p>\n<p><em><span style=\"font-weight: 400\">*Nota: a sua utiliza\u00e7\u00e3o destina-se a cole\u00e7\u00e3o ou aromaterapia, de acordo com a legisla\u00e7\u00e3o espanhola.\u00a0<\/span><\/em><\/p>\n<p><span style=\"font-weight: 400\">Al\u00e9m disso, se gosta das nossas resinas CBD mais tradicionais, como a <a href=\"https:\/\/iguanasmoke.com\/pt\/produto\/hash-cbd-amnesia\/\">hash amn\u00e9sia cbd<\/a> ou o <a href=\"https:\/\/iguanasmoke.com\/pt\/produto\/hash-cbn-40\/\">hash da CBN<\/a>,tu <\/span><span style=\"font-weight: 400\">garantimos que o <strong>Hash CBD Piatella 40%<\/strong> vai-se apaixonar por ele. Al\u00e9m disso, n\u00e3o se esque\u00e7a de experimentar outros <strong>Produtos TOP<\/strong> como o <a href=\"https:\/\/iguanasmoke.com\/pt\/produto\/iguana-power-cartridge-cbd-full-spectrum-kit\/\">Cartuchos de CBD Full Spectrum<\/a> e o <a href=\"https:\/\/iguanasmoke.com\/pt\/cigarro-de-cbd-2\/\">Vapores de CBD<\/a>. <\/span><span style=\"font-weight: 400\">Em suma, explore a nossa variedade e encontre j\u00e1 os seus favoritos.\u00a0<\/span><\/p>\n<p>&nbsp;<\/p>\n<h3><b>Iguana Smoke \u00e9 sin\u00f3nimo de qualidade e fiabilidade.<\/b><\/h3>\n<p><span style=\"font-weight: 400\">Na Iguana Smoke, acreditamos que desfrutar do CBD deve ser uma experi\u00eancia segura e prazerosa. Por isso, temos produtos de alta qualidade que se conectam com as novas gera\u00e7\u00f5es: pessoas que buscam um bem-estar descomplicado, com marcas aut\u00eanticas e confi\u00e1veis. Lembre-se que todos os nossos produtos s\u00e3o <strong>Haxixe sem THC com elevado teor de CBD<\/strong>, como o <strong>Hash CBD Piatella 40%\u00a0<\/strong>que vai levar para casa.<\/span><\/p>\n<p>A nossa miss\u00e3o \u00e9 clara: trazer-lhe o melhor do mundo dos canabin\u00f3ides a um pre\u00e7o justo, com a tranquilidade de saber que est\u00e1 a escolher um produto certificado, eficaz e 100% legal. Estamos na vanguarda dos produtos CBD.<\/p>\n<p>Ainda tem d\u00favidas? Escreva-nos e teremos todo o gosto em ajud\u00e1-lo a encontrar o produto certo para si.<\/p>","protected":false},"excerpt":{"rendered":"<p><span style=\"font-weight: 400\">\u00a0Experimente a Piatella Hash 40% CBD, perfeita para quem quer desfrutar de um aroma doce e frutado.<\/span><\/p>\n<ul>\n<li><strong>CBD<\/strong>40%, garantindo uma intensidade elevada.<\/li>\n<li><strong>Aroma <\/strong>com um toque picante que lembra as resinas tradicionais.<\/li>\n<li>100% legal na Europa - menos de 0,3% THC.<\/li>\n<\/ul>\n<p>An\u00e1lise da qualidade: clique\u00a0<a href=\"https:\/\/iguanasmoke.com\/pt\/analiticas\/\" target=\"_blank\" rel=\"noopener\">aqui<\/a><\/p>","protected":false},"featured_media":81844,"comment_status":"open","ping_status":"closed","template":"","meta":{"_acf_changed":false,"site-sidebar-layout":"default","site-content-layout":"default","ast-site-content-layout":"default","site-content-style":"default","site-sidebar-style":"default","ast-global-header-display":"","ast-banner-title-visibility":"","ast-main-header-display":"","ast-hfb-above-header-display":"","ast-hfb-below-header-display":"","ast-hfb-mobile-header-display":"","site-post-title":"","ast-breadcrumbs-content":"","ast-featured-img":"","footer-sml-layout":"","theme-transparent-header-meta":"default","adv-header-id-meta":"","stick-header-meta":"","header-above-stick-meta":"","header-main-stick-meta":"","header-below-stick-meta":"","astra-migrate-meta-layouts":"set","ast-page-background-enabled":"default","ast-page-background-meta":{"desktop":{"background-color":"var(--ast-global-color-4)","background-image":"","background-repeat":"repeat","background-position":"center center","background-size":"auto","background-attachment":"scroll","background-type":"","background-media":"","overlay-type":"","overlay-color":"","overlay-opacity":"","overlay-gradient":""},"tablet":{"background-color":"","background-image":"","background-repeat":"repeat","background-position":"center center","background-size":"auto","background-attachment":"scroll","background-type":"","background-media":"","overlay-type":"","overlay-color":"","overlay-opacity":"","overlay-gradient":""},"mobile":{"background-color":"","background-image":"","background-repeat":"repeat","background-position":"center center","background-size":"auto","background-attachment":"scroll","background-type":"","background-media":"","overlay-type":"","overlay-color":"","overlay-opacity":"","overlay-gradient":""}},"ast-content-background-meta":{"desktop":{"background-color":"var(--ast-global-color-5)","background-image":"","background-repeat":"repeat","background-position":"center center","background-size":"auto","background-attachment":"scroll","background-type":"","background-media":"","overlay-type":"","overlay-color":"","overlay-opacity":"","overlay-gradient":""},"tablet":{"background-color":"var(--ast-global-color-5)","background-image":"","background-repeat":"repeat","background-position":"center center","background-size":"auto","background-attachment":"scroll","background-type":"","background-media":"","overlay-type":"","overlay-color":"","overlay-opacity":"","overlay-gradient":""},"mobile":{"background-color":"var(--ast-global-color-5)","background-image":"","background-repeat":"repeat","background-position":"center center","background-size":"auto","background-attachment":"scroll","background-type":"","background-media":"","overlay-type":"","overlay-color":"","overlay-opacity":"","overlay-gradient":""}}},"product_brand":[],"product_cat":[397],"product_tag":[],"class_list":{"0":"post-47836","1":"product","2":"type-product","3":"status-publish","4":"has-post-thumbnail","6":"product_cat-hash-cbd","7":"desktop-align-center","8":"tablet-align-center","9":"mobile-align-center","11":"first","12":"outofstock","13":"taxable","14":"shipping-taxable","15":"purchasable","16":"product-type-variable"},"acf":[],"yoast_head":"<!-- This site is optimized with the Yoast SEO Premium plugin v27.3 (Yoast SEO v27.3) - https:\/\/yoast.com\/product\/yoast-seo-premium-wordpress\/ -->\n<title>Hash CBD Piatella 40%: Hach\u00eds Premium Legal en Espa\u00f1a | Iguana Smoke<\/title>\n<meta name=\"description\" content=\"Eleva tu experiencia al comprar hach\u00eds CBD online: nuestro Hash CBD Piatella 40%, uno de los m\u00e1s premium del mercado, tu hash sin THC. \u00a1No esperes m\u00e1s!\" \/>\n<meta name=\"robots\" content=\"index, follow, max-snippet:-1, max-image-preview:large, max-video-preview:-1\" \/>\n<link rel=\"canonical\" href=\"https:\/\/iguanasmoke.com\/pt\/produto\/hash-cbd-piatella-40\/\" \/>\n<meta property=\"og:locale\" content=\"pt_PT\" \/>\n<meta property=\"og:type\" content=\"article\" \/>\n<meta property=\"og:title\" content=\"Hash CBD Piatella 40%\" \/>\n<meta property=\"og:description\" content=\"\u00a0Prueba el Piatella Hash 40% CBD, perfecta para quienes quieren disfrutar de un aroma dulce y frutal.   CBD: 40%, garantizando una alta intensidad.  Aroma con un toque especiado que recuerda a las resinas tradicionales.  100% legal en Europa - menos del 0,3% THC.  An\u00e1lisis de calidad: pincha\u00a0aqu\u00ed\" \/>\n<meta property=\"og:url\" content=\"https:\/\/iguanasmoke.com\/pt\/produto\/hash-cbd-piatella-40\/\" \/>\n<meta property=\"og:site_name\" content=\"Iguana Smoke\" \/>\n<meta property=\"article:publisher\" content=\"https:\/\/www.facebook.com\/iguanasmoke\" \/>\n<meta property=\"article:modified_time\" content=\"2026-04-15T08:37:27+00:00\" \/>\n<meta property=\"og:image\" content=\"https:\/\/iguanasmoke.com\/wp-content\/uploads\/2025\/01\/Piatella-2g-con-hash.webp\" \/>\n\t<meta property=\"og:image:width\" content=\"1000\" \/>\n\t<meta property=\"og:image:height\" content=\"1000\" \/>\n\t<meta property=\"og:image:type\" content=\"image\/webp\" \/>\n<meta name=\"twitter:card\" content=\"summary_large_image\" \/>\n<meta name=\"twitter:label1\" content=\"Disponibilidade\" \/>\n\t<meta name=\"twitter:data1\" content=\"Esgotado\" \/>\n<meta property=\"product:brand\" content=\"variable\" \/>\n<meta property=\"og:availability\" content=\"out of stock\" \/>\n<meta property=\"product:availability\" content=\"out of stock\" \/>\n<meta property=\"product:condition\" content=\"new\" \/>\n<!-- \/ Yoast SEO Premium plugin. -->","yoast_head_json":{"title":"Hash CBD Piatella 40%: Haxixe Premium Legal em Espanha : Iguana Smoke","description":"Eleve a sua experi\u00eancia ao comprar haxixe CBD online: o nosso CBD Hash Piatella 40%, um dos haxixes CBD mais premium do mercado, o seu haxixe sem THC. N\u00e3o espere mais!","robots":{"index":"index","follow":"follow","max-snippet":"max-snippet:-1","max-image-preview":"max-image-preview:large","max-video-preview":"max-video-preview:-1"},"canonical":"https:\/\/iguanasmoke.com\/pt\/produto\/hash-cbd-piatella-40\/","og_locale":"pt_PT","og_type":"article","og_title":"Hash CBD Piatella 40%","og_description":"\u00a0Prueba el Piatella Hash 40% CBD, perfecta para quienes quieren disfrutar de un aroma dulce y frutal.   CBD: 40%, garantizando una alta intensidad.  Aroma con un toque especiado que recuerda a las resinas tradicionales.  100% legal en Europa - menos del 0,3% THC.  An\u00e1lisis de calidad: pincha\u00a0aqu\u00ed","og_url":"https:\/\/iguanasmoke.com\/pt\/produto\/hash-cbd-piatella-40\/","og_site_name":"Iguana Smoke","article_publisher":"https:\/\/www.facebook.com\/iguanasmoke","article_modified_time":"2026-04-15T08:37:27+00:00","og_image":[{"width":1000,"height":1000,"url":"https:\/\/iguanasmoke.com\/wp-content\/uploads\/2025\/01\/Piatella-2g-con-hash.webp","type":"image\/webp"}],"twitter_card":"summary_large_image","twitter_misc":{"Disponibilidade":"Esgotado"},"schema":{"@context":"https:\/\/schema.org","@graph":[{"@type":"WebPage","@id":"https:\/\/iguanasmoke.com\/producto\/hash-cbd-piatella-40\/","url":"https:\/\/iguanasmoke.com\/producto\/hash-cbd-piatella-40\/","name":"Hash CBD Piatella 40%: Haxixe Premium Legal em Espanha : Iguana Smoke","isPartOf":{"@id":"https:\/\/iguanasmoke.com\/#website"},"primaryImageOfPage":{"@id":"https:\/\/iguanasmoke.com\/producto\/hash-cbd-piatella-40\/#primaryimage"},"image":{"@id":"https:\/\/iguanasmoke.com\/producto\/hash-cbd-piatella-40\/#primaryimage"},"thumbnailUrl":"https:\/\/iguanasmoke.com\/wp-content\/uploads\/2025\/01\/Piatella-2g-con-hash.webp","datePublished":"2025-01-14T20:03:09+00:00","dateModified":"2026-04-15T08:37:27+00:00","description":"Eleve a sua experi\u00eancia ao comprar haxixe CBD online: o nosso CBD Hash Piatella 40%, um dos haxixes CBD mais premium do mercado, o seu haxixe sem THC. N\u00e3o espere mais!","breadcrumb":{"@id":"https:\/\/iguanasmoke.com\/producto\/hash-cbd-piatella-40\/#breadcrumb"},"inLanguage":"pt-PT","potentialAction":[{"@type":"ReadAction","target":["https:\/\/iguanasmoke.com\/producto\/hash-cbd-piatella-40\/"]}]},{"@type":"ImageObject","inLanguage":"pt-PT","@id":"https:\/\/iguanasmoke.com\/producto\/hash-cbd-piatella-40\/#primaryimage","url":"https:\/\/iguanasmoke.com\/wp-content\/uploads\/2025\/01\/Piatella-2g-con-hash.webp","contentUrl":"https:\/\/iguanasmoke.com\/wp-content\/uploads\/2025\/01\/Piatella-2g-con-hash.webp","width":1000,"height":1000,"caption":"Hash CBD Piatella 2g"},{"@type":"BreadcrumbList","@id":"https:\/\/iguanasmoke.com\/producto\/hash-cbd-piatella-40\/#breadcrumb","itemListElement":[{"@type":"ListItem","position":1,"name":"home","item":"https:\/\/iguanasmoke.com\/"},{"@type":"ListItem","position":2,"name":"Tienda","item":"https:\/\/iguanasmoke.com\/tienda\/"},{"@type":"ListItem","position":3,"name":"Hash CBD","item":"https:\/\/iguanasmoke.com\/categoria\/hash-cbd\/"},{"@type":"ListItem","position":4,"name":"Hash CBD Piatella 40%"}]},{"@type":"WebSite","@id":"https:\/\/iguanasmoke.com\/#website","url":"https:\/\/iguanasmoke.com\/","name":"Fumo de Iguana","description":"Comprar CBD online ao melhor pre\u00e7o","publisher":{"@id":"https:\/\/iguanasmoke.com\/#organization"},"potentialAction":[{"@type":"SearchAction","target":{"@type":"EntryPoint","urlTemplate":"https:\/\/iguanasmoke.com\/?s={search_term_string}"},"query-input":{"@type":"PropertyValueSpecification","valueRequired":true,"valueName":"search_term_string"}}],"inLanguage":"pt-PT"},{"@type":"Organization","@id":"https:\/\/iguanasmoke.com\/#organization","name":"Fumo de Iguana","url":"https:\/\/iguanasmoke.com\/","logo":{"@type":"ImageObject","inLanguage":"pt-PT","@id":"https:\/\/iguanasmoke.com\/#\/schema\/logo\/image\/","url":"https:\/\/iguanasmoke.com\/wp-content\/uploads\/2025\/01\/logoiguana-favi-1.png","contentUrl":"https:\/\/iguanasmoke.com\/wp-content\/uploads\/2025\/01\/logoiguana-favi-1.png","width":512,"height":512,"caption":"Iguana Smoke"},"image":{"@id":"https:\/\/iguanasmoke.com\/#\/schema\/logo\/image\/"},"sameAs":["https:\/\/www.facebook.com\/iguanasmoke","https:\/\/www.instagram.com\/iguanasmoke\/"]}]},"product_brand":"variable","og_availability":"out of stock","product_availability":"out of stock","product_condition":"new"},"_links":{"self":[{"href":"https:\/\/iguanasmoke.com\/pt\/wp-json\/wp\/v2\/product\/47836","targetHints":{"allow":["GET"]}}],"collection":[{"href":"https:\/\/iguanasmoke.com\/pt\/wp-json\/wp\/v2\/product"}],"about":[{"href":"https:\/\/iguanasmoke.com\/pt\/wp-json\/wp\/v2\/types\/product"}],"replies":[{"embeddable":true,"href":"https:\/\/iguanasmoke.com\/pt\/wp-json\/wp\/v2\/comments?post=47836"}],"wp:featuredmedia":[{"embeddable":true,"href":"https:\/\/iguanasmoke.com\/pt\/wp-json\/wp\/v2\/media\/81844"}],"wp:attachment":[{"href":"https:\/\/iguanasmoke.com\/pt\/wp-json\/wp\/v2\/media?parent=47836"}],"wp:term":[{"taxonomy":"product_brand","embeddable":true,"href":"https:\/\/iguanasmoke.com\/pt\/wp-json\/wp\/v2\/product_brand?post=47836"},{"taxonomy":"product_cat","embeddable":true,"href":"https:\/\/iguanasmoke.com\/pt\/wp-json\/wp\/v2\/product_cat?post=47836"},{"taxonomy":"product_tag","embeddable":true,"href":"https:\/\/iguanasmoke.com\/pt\/wp-json\/wp\/v2\/product_tag?post=47836"}],"curies":[{"name":"wp","href":"https:\/\/api.w.org\/{rel}","templated":true}]}}