{"id":47847,"date":"2025-01-14T21:18:17","date_gmt":"2025-01-14T20:18:17","guid":{"rendered":"https:\/\/iguanasmoke.com\/?post_type=product&#038;p=47847"},"modified":"2026-03-20T11:39:23","modified_gmt":"2026-03-20T10:39:23","slug":"haxixe-cbd-ice-60","status":"publish","type":"product","link":"https:\/\/iguanasmoke.com\/pt\/producto\/hash-cbd-ice-60\/","title":{"rendered":"Hash CBD Ice 90\u00b5 60%"},"content":{"rendered":"<h1><span style=\"font-weight: 400;\">Haxixe CBD Ice90 <\/span>\u00b5 <span style=\"font-weight: 400;\">60%: Qualidade pura e artesanal<\/span><\/h1>\n<p><span style=\"font-weight: 400;\">Este haxixe \u00e9 perfeito para aqueles que valorizam a qualidade artesanal e querem um produto que combine pot\u00eancia, aroma e sabor. O <strong>Haxixe com CBD <\/strong><strong>Gelo90 \u00b5<\/strong> \u00e9 ideal tanto para coleccionadores como para amantes do CBD que procuram algo mais seletivo. <\/span>Criado para revolucionar a sua experi\u00eancia, este <span style=\"font-weight: 400;\"><strong>Haxixe de CBD <\/strong><strong>Gelo90 \u00b5<\/strong><\/span> \u00e9 feito com uma malha de 90 microns, um m\u00e9todo de extra\u00e7\u00e3o meticuloso que seleciona os melhores tricomas, oferecendo assim um produto rico em terpenos naturais e sem aditivos ou qu\u00edmicos.<\/p>\n<p><span style=\"font-weight: 400;\">O seu tom castanho suave, que se torna dourado com o calor, faz dele o produto perfeito em termos de qualidade e est\u00e9tica.<\/span>O resultado \u00e9 um haxixe limpo e concentrado, carater\u00edsticas aperfei\u00e7oadas no Ice90 CBD Hash.<\/p>\n<p><span style=\"font-weight: 400;\">Este <strong>Haxixe com CBD <\/strong><strong>Ice90 \u00b5 60%<\/strong> oferece-lhe um perfil arom\u00e1tico \u00fanico e, devido \u00e0 sua elevada concentra\u00e7\u00e3o de CBD, \u00e9 uma escolha essencial para quem procura <strong>haxixe CBD barato<\/strong> mas de primeira classe.\u00a0<\/span><span style=\"font-weight: 400;\">Tamb\u00e9m tem menos de 0,3% de THC, por isso este haxixe \u00e9 <strong>legal em Espanha e na Europa<\/strong>. <\/span><\/p>\n<p><span style=\"font-weight: 400;\">Explore a sua textura e saboreie os seus aromas, experimente o verdadeiro luxo do CBD ao comprar haxixe CBD online como a <strong>Haxixe de CBD <\/strong><strong>Gelo 90\u00b5<\/strong>!<\/span><\/p>\n<p>&nbsp;<\/p>\n<h2>Carater\u00edsticas do Hash CBD Ice90 \u00b5:<\/h2>\n<ul>\n<li><b>Aspeto e textura: <span style=\"font-size: 16px; font-weight: 400;\">apreciar a sua textura <strong>\u00fanico e suave <\/strong>nos teus dedos. Vai notar a <strong>cristais de resina<\/strong>, Este facto faz com que se destaque no mercado e real\u00e7a as qualidades do Hash CBD Ice90.<\/span><\/b><\/li>\n<li><span style=\"font-size: 16px; font-weight: 400;\"><strong>Aroma e sabor:<\/strong> requintado, real\u00e7ando <strong>notas terrosas<\/strong> com um <strong>toque fresco<\/strong> e subtilmente doce, que s\u00f3 se obt\u00e9m quando se utiliza c\u00e2nhamo da melhor qualidade.\u00a0<\/span><\/li>\n<li><strong>Origem e pureza:<\/strong><span style=\"font-size: 16px; font-weight: 400;\"> \u00e9 produzido atrav\u00e9s de um processo avan\u00e7ado de extra\u00e7\u00e3o de flores de c\u00e2nhamo: <strong>utilizando uma rede de 90 m\u00edcrones e \u00e1gua gelada<\/strong>, Isto garante que apenas as cabe\u00e7as de tricomas mais puras fazem parte do produto final, deixando para tr\u00e1s o material vegetal e outros detritos indesejados.\u00a0<\/span><\/li>\n<\/ul>\n<h3><\/h3>\n<p>&nbsp;<\/p>\n<h3><b>Porqu\u00ea comprar <\/b>Hash CBD Ice 90\u00b5 <b>em Fumo de Iguana?<\/b><\/h3>\n<p><span style=\"font-weight: 400;\">Na Iguana Smoke, estamos empenhados na qualidade. Os nossos produtos de haxixe CBD s\u00e3o 100% naturais e org\u00e2nicos, sem qu\u00edmicos ou pesticidas. Isto significa que quando nos compra, est\u00e1 a escolher <strong>resina e haxixe CBD puros e seguros<\/strong>. Como \u00e9 o caso do nosso <strong>Haxixe com CBD <\/strong><strong>Ice90 \u00b5 60%<\/strong><strong>, <\/strong>j\u00e1 conhecido por ser uma das melhores escolhas em Hash CBD.<\/span><\/p>\n<p><span style=\"font-weight: 400;\">Este \u00e9 o local seguro para <strong>comprar haxixe CBD online em Espanha.<\/strong> Todos os nossos produtos s\u00e3o aprovados pela UE, garantindo a sua legalidade e seguran\u00e7a. Com menos de 0,3 % de THC, pode desfrutar dos muitos benef\u00edcios do CBD sem os efeitos psicoactivos. Os nossos <strong>Haxixe de CBD sem THC com elevado teor de CBD<\/strong> cumpre as normas de qualidade, cuja an\u00e1lise pode ser consultada em<\/span><span style=\"font-weight: 400;\">\u00a0<a href=\"https:\/\/iguanasmoke.com\/pt\/analiticas\/\">aqui<\/a>.\u00a0<\/span><\/p>\n<p><em><span style=\"font-weight: 400;\">*Nota: a sua utiliza\u00e7\u00e3o destina-se a cole\u00e7\u00e3o ou aromaterapia, de acordo com a legisla\u00e7\u00e3o espanhola.\u00a0<\/span><\/em><\/p>\n<p><span style=\"font-weight: 400;\">Al\u00e9m disso, se gosta das nossas resinas CBD mais tradicionais, como a <a href=\"https:\/\/iguanasmoke.com\/pt\/produto\/dry-sift-hash-cbd-15\/\">hash CBD Dry Sift<\/a> ou o <a href=\"https:\/\/iguanasmoke.com\/pt\/produto\/blonde-hash-cbd-20\/\">hash CBD Blonde<\/a>, tu, tu <\/span><span style=\"font-weight: 400;\">garantimos que o <strong>Haxixe CBD <\/strong><strong>Ice90 \u00b5 60%<\/strong> vai adorar. Al\u00e9m disso, n\u00e3o se esque\u00e7a de experimentar outros <strong>Produtos TOP<\/strong> como <a href=\"https:\/\/iguanasmoke.com\/pt\/produto\/vape-space-vape-e8h-red-berries\/\">o Vape E8H 90%<\/a> ou o <a href=\"https:\/\/iguanasmoke.com\/pt\/produto\/vaper-cbd-iguana-pod-pocket-gelato-3ml\/\">CBD Gelato vape<\/a>. <\/span><span style=\"font-weight: 400;\">Resumindo, explora a nossa variedade e encontra as tuas favoritas agora, incluindo a fant\u00e1stica Hash CBD Ice90.<\/span><\/p>\n<p>&nbsp;<\/p>\n<h3><b>Iguana Smoke \u00e9 sin\u00f3nimo de qualidade e fiabilidade.<\/b><\/h3>\n<p><span style=\"font-weight: 400;\">Na Iguana Smoke, acreditamos que desfrutar do CBD deve ser uma experi\u00eancia segura e prazerosa. Por isso, temos produtos de alta qualidade que se conectam com as novas gera\u00e7\u00f5es: pessoas que buscam um bem-estar descomplicado, com marcas aut\u00eanticas e confi\u00e1veis. Lembre-se que todos os nossos produtos s\u00e3o <strong>Haxixe de CBD sem THC<\/strong>, como o <strong>Haxixe CBD <\/strong><strong>Ice90 \u00b5 60%.<\/strong><\/span><\/p>\n<p>A nossa miss\u00e3o \u00e9 clara: trazer-lhe o melhor do mundo dos canabin\u00f3ides a um pre\u00e7o justo, com a tranquilidade de saber que est\u00e1 a escolher um produto certificado, eficaz e 100% legal. Estamos na vanguarda dos produtos CBD.<\/p>\n<p>Ainda tem d\u00favidas? Escreva-nos e teremos todo o gosto em ajud\u00e1-lo a encontrar o produto certo para si.<\/p>\n<p>&nbsp;<\/p>","protected":false},"excerpt":{"rendered":"<p>O <strong>Hash CBD Ice 90\u00b5<\/strong> destaca-se pelo seu perfil arom\u00e1tico sofisticado, proporcionando uma experi\u00eancia suave mas intensa, ideal para quem procura algo mais:<\/p>\n<ul>\n<li><strong>Haxixe de CBD puro<\/strong>60% de CBD e menos de 0,3 THC.<\/li>\n<li><strong>Agricultura biol\u00f3gica.<\/strong><\/li>\n<li>100% legal em Espanha<\/li>\n<\/ul>\n<p>An\u00e1lise da qualidade: clique\u00a0<a href=\"https:\/\/iguanasmoke.com\/pt\/analiticas\/\" target=\"_blank\" rel=\"noopener\">aqui<\/a><\/p>","protected":false},"featured_media":81838,"comment_status":"open","ping_status":"closed","template":"","meta":{"_acf_changed":false,"site-sidebar-layout":"default","site-content-layout":"default","ast-site-content-layout":"default","site-content-style":"default","site-sidebar-style":"default","ast-global-header-display":"","ast-banner-title-visibility":"","ast-main-header-display":"","ast-hfb-above-header-display":"","ast-hfb-below-header-display":"","ast-hfb-mobile-header-display":"","site-post-title":"","ast-breadcrumbs-content":"","ast-featured-img":"","footer-sml-layout":"","theme-transparent-header-meta":"default","adv-header-id-meta":"","stick-header-meta":"","header-above-stick-meta":"","header-main-stick-meta":"","header-below-stick-meta":"","astra-migrate-meta-layouts":"set","ast-page-background-enabled":"default","ast-page-background-meta":{"desktop":{"background-color":"var(--ast-global-color-4)","background-image":"","background-repeat":"repeat","background-position":"center center","background-size":"auto","background-attachment":"scroll","background-type":"","background-media":"","overlay-type":"","overlay-color":"","overlay-opacity":"","overlay-gradient":""},"tablet":{"background-color":"","background-image":"","background-repeat":"repeat","background-position":"center center","background-size":"auto","background-attachment":"scroll","background-type":"","background-media":"","overlay-type":"","overlay-color":"","overlay-opacity":"","overlay-gradient":""},"mobile":{"background-color":"","background-image":"","background-repeat":"repeat","background-position":"center center","background-size":"auto","background-attachment":"scroll","background-type":"","background-media":"","overlay-type":"","overlay-color":"","overlay-opacity":"","overlay-gradient":""}},"ast-content-background-meta":{"desktop":{"background-color":"var(--ast-global-color-5)","background-image":"","background-repeat":"repeat","background-position":"center center","background-size":"auto","background-attachment":"scroll","background-type":"","background-media":"","overlay-type":"","overlay-color":"","overlay-opacity":"","overlay-gradient":""},"tablet":{"background-color":"var(--ast-global-color-5)","background-image":"","background-repeat":"repeat","background-position":"center center","background-size":"auto","background-attachment":"scroll","background-type":"","background-media":"","overlay-type":"","overlay-color":"","overlay-opacity":"","overlay-gradient":""},"mobile":{"background-color":"var(--ast-global-color-5)","background-image":"","background-repeat":"repeat","background-position":"center center","background-size":"auto","background-attachment":"scroll","background-type":"","background-media":"","overlay-type":"","overlay-color":"","overlay-opacity":"","overlay-gradient":""}}},"product_brand":[],"product_cat":[397],"product_tag":[],"class_list":{"0":"post-47847","1":"product","2":"type-product","3":"status-publish","4":"has-post-thumbnail","6":"product_cat-hash-cbd","7":"desktop-align-center","8":"tablet-align-center","9":"mobile-align-center","11":"first","12":"instock","13":"taxable","14":"shipping-taxable","15":"purchasable","16":"product-type-variable"},"acf":[],"yoast_head":"<!-- This site is optimized with the Yoast SEO Premium plugin v27.3 (Yoast SEO v27.3) - https:\/\/yoast.com\/product\/yoast-seo-premium-wordpress\/ -->\n<title>Hash CBD Ice90 \u00b5 60%: meloso y potente | Iguana Smoke<\/title>\n<meta name=\"description\" content=\"Compra Hash CBD Ice90 60%, la mejor calidad al mejor precio en Iguana Smoke. Compra hach\u00eds CBD online ahora y experimenta la relajaci\u00f3n que te ofrece.\" \/>\n<meta name=\"robots\" content=\"index, follow, max-snippet:-1, max-image-preview:large, max-video-preview:-1\" \/>\n<link rel=\"canonical\" href=\"https:\/\/iguanasmoke.com\/pt\/produto\/haxixe-cbd-ice-60\/\" \/>\n<meta property=\"og:locale\" content=\"pt_PT\" \/>\n<meta property=\"og:type\" content=\"article\" \/>\n<meta property=\"og:title\" content=\"Hash CBD Ice 90\u00b5 60%\" \/>\n<meta property=\"og:description\" content=\"El Hash CBD Ice 90\u00b5 destaca por su perfil arom\u00e1tico sofisticado, proporcionando una experiencia suave pero intensa, ideal para quienes buscan algo m\u00e1s:   Hash de CBD puro: 60% de CBD y menos del 0,3 THC.  Cultivo org\u00e1nico.  100% legal en Espa\u00f1a  An\u00e1lisis de calidad: pincha\u00a0aqu\u00ed\" \/>\n<meta property=\"og:url\" content=\"https:\/\/iguanasmoke.com\/pt\/produto\/haxixe-cbd-ice-60\/\" \/>\n<meta property=\"og:site_name\" content=\"Iguana Smoke\" \/>\n<meta property=\"article:publisher\" content=\"https:\/\/www.facebook.com\/iguanasmoke\" \/>\n<meta property=\"article:modified_time\" content=\"2026-03-20T10:39:23+00:00\" \/>\n<meta property=\"og:image\" content=\"https:\/\/iguanasmoke.com\/wp-content\/uploads\/2025\/01\/Ice-90-2g-con-hash.webp\" \/>\n\t<meta property=\"og:image:width\" content=\"1000\" \/>\n\t<meta property=\"og:image:height\" content=\"1000\" \/>\n\t<meta property=\"og:image:type\" content=\"image\/webp\" \/>\n<meta name=\"twitter:card\" content=\"summary_large_image\" \/>\n<meta name=\"twitter:label1\" content=\"Disponibilidade\" \/>\n\t<meta name=\"twitter:data1\" content=\"Em stock\" \/>\n<meta property=\"product:brand\" content=\"variable\" \/>\n<meta property=\"og:availability\" content=\"instock\" \/>\n<meta property=\"product:availability\" content=\"instock\" \/>\n<meta property=\"product:condition\" content=\"new\" \/>\n<!-- \/ Yoast SEO Premium plugin. -->","yoast_head_json":{"title":"Hash CBD Ice90 \u00b5 60%: suave e potente : Iguana Smoke","description":"Comprar Hash CBD Ice90 60%, a melhor qualidade ao melhor pre\u00e7o na Iguana Smoke. Compre agora hash CBD online e experimente o relaxamento que ele oferece.","robots":{"index":"index","follow":"follow","max-snippet":"max-snippet:-1","max-image-preview":"max-image-preview:large","max-video-preview":"max-video-preview:-1"},"canonical":"https:\/\/iguanasmoke.com\/pt\/produto\/haxixe-cbd-ice-60\/","og_locale":"pt_PT","og_type":"article","og_title":"Hash CBD Ice 90\u00b5 60%","og_description":"El Hash CBD Ice 90\u00b5 destaca por su perfil arom\u00e1tico sofisticado, proporcionando una experiencia suave pero intensa, ideal para quienes buscan algo m\u00e1s:   Hash de CBD puro: 60% de CBD y menos del 0,3 THC.  Cultivo org\u00e1nico.  100% legal en Espa\u00f1a  An\u00e1lisis de calidad: pincha\u00a0aqu\u00ed","og_url":"https:\/\/iguanasmoke.com\/pt\/produto\/haxixe-cbd-ice-60\/","og_site_name":"Iguana Smoke","article_publisher":"https:\/\/www.facebook.com\/iguanasmoke","article_modified_time":"2026-03-20T10:39:23+00:00","og_image":[{"width":1000,"height":1000,"url":"https:\/\/iguanasmoke.com\/wp-content\/uploads\/2025\/01\/Ice-90-2g-con-hash.webp","type":"image\/webp"}],"twitter_card":"summary_large_image","twitter_misc":{"Disponibilidade":"Em stock"},"schema":{"@context":"https:\/\/schema.org","@graph":[{"@type":"WebPage","@id":"https:\/\/iguanasmoke.com\/producto\/hash-cbd-ice-60\/","url":"https:\/\/iguanasmoke.com\/producto\/hash-cbd-ice-60\/","name":"Hash CBD Ice90 \u00b5 60%: suave e potente : Iguana Smoke","isPartOf":{"@id":"https:\/\/iguanasmoke.com\/#website"},"primaryImageOfPage":{"@id":"https:\/\/iguanasmoke.com\/producto\/hash-cbd-ice-60\/#primaryimage"},"image":{"@id":"https:\/\/iguanasmoke.com\/producto\/hash-cbd-ice-60\/#primaryimage"},"thumbnailUrl":"https:\/\/iguanasmoke.com\/wp-content\/uploads\/2025\/01\/Ice-90-2g-con-hash.webp","datePublished":"2025-01-14T20:18:17+00:00","dateModified":"2026-03-20T10:39:23+00:00","description":"Comprar Hash CBD Ice90 60%, a melhor qualidade ao melhor pre\u00e7o na Iguana Smoke. Compre agora hash CBD online e experimente o relaxamento que ele oferece.","breadcrumb":{"@id":"https:\/\/iguanasmoke.com\/producto\/hash-cbd-ice-60\/#breadcrumb"},"inLanguage":"pt-PT","potentialAction":[{"@type":"ReadAction","target":["https:\/\/iguanasmoke.com\/producto\/hash-cbd-ice-60\/"]}]},{"@type":"ImageObject","inLanguage":"pt-PT","@id":"https:\/\/iguanasmoke.com\/producto\/hash-cbd-ice-60\/#primaryimage","url":"https:\/\/iguanasmoke.com\/wp-content\/uploads\/2025\/01\/Ice-90-2g-con-hash.webp","contentUrl":"https:\/\/iguanasmoke.com\/wp-content\/uploads\/2025\/01\/Ice-90-2g-con-hash.webp","width":1000,"height":1000,"caption":"Hash CBD Ice90 2g"},{"@type":"BreadcrumbList","@id":"https:\/\/iguanasmoke.com\/producto\/hash-cbd-ice-60\/#breadcrumb","itemListElement":[{"@type":"ListItem","position":1,"name":"home","item":"https:\/\/iguanasmoke.com\/"},{"@type":"ListItem","position":2,"name":"Tienda","item":"https:\/\/iguanasmoke.com\/tienda\/"},{"@type":"ListItem","position":3,"name":"Hash CBD","item":"https:\/\/iguanasmoke.com\/categoria\/hash-cbd\/"},{"@type":"ListItem","position":4,"name":"Hash CBD Ice 90\u00b5 60%"}]},{"@type":"WebSite","@id":"https:\/\/iguanasmoke.com\/#website","url":"https:\/\/iguanasmoke.com\/","name":"Fumo de Iguana","description":"Comprar CBD online ao melhor pre\u00e7o","publisher":{"@id":"https:\/\/iguanasmoke.com\/#organization"},"potentialAction":[{"@type":"SearchAction","target":{"@type":"EntryPoint","urlTemplate":"https:\/\/iguanasmoke.com\/?s={search_term_string}"},"query-input":{"@type":"PropertyValueSpecification","valueRequired":true,"valueName":"search_term_string"}}],"inLanguage":"pt-PT"},{"@type":"Organization","@id":"https:\/\/iguanasmoke.com\/#organization","name":"Fumo de Iguana","url":"https:\/\/iguanasmoke.com\/","logo":{"@type":"ImageObject","inLanguage":"pt-PT","@id":"https:\/\/iguanasmoke.com\/#\/schema\/logo\/image\/","url":"https:\/\/iguanasmoke.com\/wp-content\/uploads\/2025\/01\/logoiguana-favi-1.png","contentUrl":"https:\/\/iguanasmoke.com\/wp-content\/uploads\/2025\/01\/logoiguana-favi-1.png","width":512,"height":512,"caption":"Iguana Smoke"},"image":{"@id":"https:\/\/iguanasmoke.com\/#\/schema\/logo\/image\/"},"sameAs":["https:\/\/www.facebook.com\/iguanasmoke","https:\/\/www.instagram.com\/iguanasmoke\/"]}]},"product_brand":"variable","og_availability":"instock","product_availability":"instock","product_condition":"new"},"_links":{"self":[{"href":"https:\/\/iguanasmoke.com\/pt\/wp-json\/wp\/v2\/product\/47847","targetHints":{"allow":["GET"]}}],"collection":[{"href":"https:\/\/iguanasmoke.com\/pt\/wp-json\/wp\/v2\/product"}],"about":[{"href":"https:\/\/iguanasmoke.com\/pt\/wp-json\/wp\/v2\/types\/product"}],"replies":[{"embeddable":true,"href":"https:\/\/iguanasmoke.com\/pt\/wp-json\/wp\/v2\/comments?post=47847"}],"wp:featuredmedia":[{"embeddable":true,"href":"https:\/\/iguanasmoke.com\/pt\/wp-json\/wp\/v2\/media\/81838"}],"wp:attachment":[{"href":"https:\/\/iguanasmoke.com\/pt\/wp-json\/wp\/v2\/media?parent=47847"}],"wp:term":[{"taxonomy":"product_brand","embeddable":true,"href":"https:\/\/iguanasmoke.com\/pt\/wp-json\/wp\/v2\/product_brand?post=47847"},{"taxonomy":"product_cat","embeddable":true,"href":"https:\/\/iguanasmoke.com\/pt\/wp-json\/wp\/v2\/product_cat?post=47847"},{"taxonomy":"product_tag","embeddable":true,"href":"https:\/\/iguanasmoke.com\/pt\/wp-json\/wp\/v2\/product_tag?post=47847"}],"curies":[{"name":"wp","href":"https:\/\/api.w.org\/{rel}","templated":true}]}}