{"id":47853,"date":"2025-01-14T21:29:23","date_gmt":"2025-01-14T20:29:23","guid":{"rendered":"https:\/\/iguanasmoke.com\/?post_type=product&#038;p=47853"},"modified":"2026-03-20T11:31:49","modified_gmt":"2026-03-20T10:31:49","slug":"haxixe-cbd-seco-peneirado-15","status":"publish","type":"product","link":"https:\/\/iguanasmoke.com\/pt\/producto\/hash-cbd-dry-sift-15\/","title":{"rendered":"Hash CBD Dry Sift 15%"},"content":{"rendered":"<h1><span style=\"font-weight: 400;\">Hash CBD Dry Sift 15%: o haxixe CBD artesanal que merece<\/span><\/h1>\n<p><span style=\"font-weight: 400;\">Concebida para os utilizadores mais exigentes <strong>Hash CBD Dry Sift 15% <\/strong> \u00e9 muito mais do que um simples haxixe. \u00c9 uma obra-prima de extra\u00e7\u00e3o artesanal, concebida para oferecer uma experi\u00eancia aut\u00eantica e enriquecedora. Este haxixe oferece-lhe uma combina\u00e7\u00e3o \u00fanica de propriedades relaxantes com um aroma excecional: tem uma <strong>acabamento artesanal<\/strong> digno dos paladares mais experientes.<\/span><\/p>\n<p>\u00c9 ideal para quem procura autenticidade e procura benef\u00edcios terap\u00eauticos gra\u00e7as ao seu sabor e \u00e0 sua perfeita e <strong>concentra\u00e7\u00e3o equilibrada de CBD<\/strong>. <span style=\"font-weight: 400;\">Tamb\u00e9m tem menos de 0,3% de THC, por isso este haxixe \u00e9 <strong>legal em Espanha e na Europa<\/strong>.<\/span><\/p>\n<p>\u00c9 muito mais do que um simples haxixe de CBD. \u00c9 uma obra de artesanato que combina qualidade, pureza e um aroma inigual\u00e1vel; uma escolha excecional no mercado. <span style=\"font-weight: 400;\"> Explore a sua textura e saboreie os seus aromas! Descubra porque \u00e9 que o <strong>haxixe CBD Dry Sift 15% <\/strong>\u00e9 uma das resinas mais aut\u00eanticas e de melhor qualidade que encontrar\u00e1 se quiser <strong>haxixe CBD barato<\/strong> mas de pr\u00e9mio.<\/span><\/p>\n<p>&nbsp;<\/p>\n<h2>Carater\u00edsticas do Hash CBD Dry Sift:<\/h2>\n<ul>\n<li><b>Aspeto e textura: <span style=\"font-size: 16px; font-weight: 400;\">destaca-se pela sua <strong>textura suave e sedosa<\/strong>. De cor dourada clara, este haxixe tem um sabor muito agrad\u00e1vel.<strong>onsist\u00eancia no desmoronamento<\/strong> que facilita uma utiliza\u00e7\u00e3o agrad\u00e1vel, reflectindo o cuidado e a precis\u00e3o do seu trabalho artesanal. Nele <span style=\"font-weight: 400;\">pode ver o <strong>pequenos cristais de resina<\/strong>, um sinal de que est\u00e1 cheio de canabin\u00f3ides e terpenos de alta qualidade.<\/span><\/span><\/b><\/li>\n<li><span style=\"font-size: 16px; font-weight: 400;\"><strong>Aroma e sabor:<\/strong> profundo e natural; com toques de <strong>aromas terrosos e c\u00edtricos<\/strong>.<\/span><\/li>\n<li><strong>Origem e pureza:<\/strong><span style=\"font-size: 16px; font-weight: 400;\"> <strong><span style=\"font-weight: 400;\">Tudo come\u00e7a com o m\u00e9todo de extra\u00e7\u00e3o do haxixe, que \u00e9 feito a partir de um <strong>crivagem a seco<\/strong> chamado \u201cDry-Sift\u201d. Trata-se de uma forma artesanal de <strong>separar os cristais mais puros<\/strong> da planta do c\u00e2nhamo. As malhas finas s\u00e3o utilizadas para obter uma resina com uma textura suave, um aroma intenso e uma pureza inigual\u00e1vel.<\/span><\/strong><\/span><\/li>\n<\/ul>\n<p>&nbsp;<\/p>\n<h3><b>Porqu\u00ea comprar haxixe CBD Dry Sift da Iguana Smoke?<\/b><\/h3>\n<p><span style=\"font-weight: 400;\">Na Iguana Smoke, estamos comprometidos com a qualidade. As nossas resinas de haxixe CBD s\u00e3o 100% naturais e org\u00e2nicas, sem qu\u00edmicos ou pesticidas. Isto significa que quando nos compra, est\u00e1 a escolher <strong>resina e haxixe CBD puros e seguros<\/strong>. Como \u00e9 o caso do nosso <strong>haxixe CBD Dry Sift 15%<\/strong><strong>.<\/strong><\/span><\/p>\n<p><span style=\"font-weight: 400;\">Este \u00e9 o local seguro para <strong>comprar haxixe CBD online em Espanha.<\/strong> Todos os nossos produtos s\u00e3o aprovados pela UE, garantindo a sua legalidade e seguran\u00e7a. Com menos de 0,3 % de THC, pode desfrutar dos muitos benef\u00edcios do CBD sem os efeitos psicoactivos. Os nossos <strong>Haxixe de CBD sem THC com elevado teor de CBD<\/strong> cumpre as normas de qualidade, cuja an\u00e1lise pode ser consultada em<\/span><span style=\"font-weight: 400;\">\u00a0<a href=\"https:\/\/iguanasmoke.com\/pt\/analiticas\/\">aqui<\/a>.\u00a0<\/span><\/p>\n<p><em><span style=\"font-weight: 400;\">*Nota: a sua utiliza\u00e7\u00e3o destina-se a cole\u00e7\u00e3o ou aromaterapia, de acordo com a legisla\u00e7\u00e3o espanhola.\u00a0<\/span><\/em><\/p>\n<p><span style=\"font-weight: 400;\">Al\u00e9m disso, se gosta das nossas resinas CBD mais tradicionais, como a <a href=\"https:\/\/iguanasmoke.com\/pt\/produto\/golden-hash-cbd-20\/\">hash CBD Blonde<\/a> ou o <a href=\"https:\/\/iguanasmoke.com\/pt\/produto\/haxixe-de-cbd-com-filtragem-tripla\/\">hash CBD Triple Filtered<\/a>, tu, tu <\/span><span style=\"font-weight: 400;\">garantimos que o <strong>Hash CBD Peneirado a seco<\/strong> far\u00e1 com que se divirta. Al\u00e9m disso, n\u00e3o se esque\u00e7a de experimentar outros <strong>Produtos TOP<\/strong> como o <a href=\"https:\/\/iguanasmoke.com\/pt\/produto\/diamantes-cbd-98-live-terpenos\/\">Extrato de diamantes<\/a> ou o <a href=\"https:\/\/iguanasmoke.com\/pt\/produto\/vaper-cbd-iguana-pod-pocket-watermelon-3ml\/\">Melancia Vaper CBD<\/a>. <\/span><span style=\"font-weight: 400;\">Em suma, explore a nossa variedade e encontre j\u00e1 os seus favoritos.\u00a0<\/span><\/p>\n<p>&nbsp;<\/p>\n<h3><b>Iguana Smoke \u00e9 sin\u00f3nimo de qualidade e fiabilidade.<\/b><\/h3>\n<p><span style=\"font-weight: 400;\">Na Iguana Smoke, acreditamos que desfrutar do CBD deve ser uma experi\u00eancia segura e prazerosa. Por isso, temos produtos de alta qualidade que se conectam com as novas gera\u00e7\u00f5es: pessoas que buscam um bem-estar descomplicado, com marcas aut\u00eanticas e confi\u00e1veis. Lembre-se que todos os nossos produtos s\u00e3o <strong>Haxixe de CBD sem THC<\/strong>, como o <strong>Hash CBD Dry Sift 15%<\/strong><strong>\u00a0<\/strong>vai tentar.<\/span><\/p>\n<p>A nossa miss\u00e3o \u00e9 clara: trazer-lhe o melhor do mundo dos canabin\u00f3ides a um pre\u00e7o justo, com a tranquilidade de saber que est\u00e1 a escolher um produto certificado, eficaz e 100% legal. Estamos na vanguarda dos produtos CBD.<\/p>\n<p>Ainda tem d\u00favidas? Escreva-nos e teremos todo o gosto em ajud\u00e1-lo a encontrar o produto certo para si.<\/p>","protected":false},"excerpt":{"rendered":"<p>Experimenta agora a Dry Sift Hash 15% CBD, uma resina CBD \u00fanica com um aroma especial.<\/p>\n<ul>\n<li><strong>Pureza m\u00e1xima: <\/strong>Concentra\u00e7\u00e3o de CBD 15% e THC &lt;0,3%.<\/li>\n<li>100% legal na Europa<\/li>\n<\/ul>\n<p>An\u00e1lise da qualidade: clique\u00a0<a href=\"https:\/\/iguanasmoke.com\/pt\/analiticas\/\" target=\"_blank\" rel=\"noopener\">aqui<\/a><\/p>","protected":false},"featured_media":81831,"comment_status":"open","ping_status":"closed","template":"","meta":{"_acf_changed":false,"site-sidebar-layout":"default","site-content-layout":"default","ast-site-content-layout":"default","site-content-style":"default","site-sidebar-style":"default","ast-global-header-display":"","ast-banner-title-visibility":"","ast-main-header-display":"","ast-hfb-above-header-display":"","ast-hfb-below-header-display":"","ast-hfb-mobile-header-display":"","site-post-title":"","ast-breadcrumbs-content":"","ast-featured-img":"","footer-sml-layout":"","theme-transparent-header-meta":"default","adv-header-id-meta":"","stick-header-meta":"","header-above-stick-meta":"","header-main-stick-meta":"","header-below-stick-meta":"","astra-migrate-meta-layouts":"set","ast-page-background-enabled":"default","ast-page-background-meta":{"desktop":{"background-color":"var(--ast-global-color-4)","background-image":"","background-repeat":"repeat","background-position":"center center","background-size":"auto","background-attachment":"scroll","background-type":"","background-media":"","overlay-type":"","overlay-color":"","overlay-opacity":"","overlay-gradient":""},"tablet":{"background-color":"","background-image":"","background-repeat":"repeat","background-position":"center center","background-size":"auto","background-attachment":"scroll","background-type":"","background-media":"","overlay-type":"","overlay-color":"","overlay-opacity":"","overlay-gradient":""},"mobile":{"background-color":"","background-image":"","background-repeat":"repeat","background-position":"center center","background-size":"auto","background-attachment":"scroll","background-type":"","background-media":"","overlay-type":"","overlay-color":"","overlay-opacity":"","overlay-gradient":""}},"ast-content-background-meta":{"desktop":{"background-color":"var(--ast-global-color-5)","background-image":"","background-repeat":"repeat","background-position":"center center","background-size":"auto","background-attachment":"scroll","background-type":"","background-media":"","overlay-type":"","overlay-color":"","overlay-opacity":"","overlay-gradient":""},"tablet":{"background-color":"var(--ast-global-color-5)","background-image":"","background-repeat":"repeat","background-position":"center center","background-size":"auto","background-attachment":"scroll","background-type":"","background-media":"","overlay-type":"","overlay-color":"","overlay-opacity":"","overlay-gradient":""},"mobile":{"background-color":"var(--ast-global-color-5)","background-image":"","background-repeat":"repeat","background-position":"center center","background-size":"auto","background-attachment":"scroll","background-type":"","background-media":"","overlay-type":"","overlay-color":"","overlay-opacity":"","overlay-gradient":""}}},"product_brand":[],"product_cat":[397],"product_tag":[],"class_list":{"0":"post-47853","1":"product","2":"type-product","3":"status-publish","4":"has-post-thumbnail","6":"product_cat-hash-cbd","7":"desktop-align-center","8":"tablet-align-center","9":"mobile-align-center","11":"first","12":"instock","13":"taxable","14":"shipping-taxable","15":"purchasable","16":"product-type-variable"},"acf":[],"yoast_head":"<!-- This site is optimized with the Yoast SEO Premium plugin v27.3 (Yoast SEO v27.3) - https:\/\/yoast.com\/product\/yoast-seo-premium-wordpress\/ -->\n<title>Hash CBD Dry Sift 15%: obra maestra artesanal | Iguana Smoke<\/title>\n<meta name=\"description\" content=\"Obt\u00e9n el aut\u00e9ntico sabor del Hash CBD Dry Sift 15%, rico en terpenos naturales y sin impurezas. Opta por la calidad y compra hach\u00eds CBD barato online ahora.\" \/>\n<meta name=\"robots\" content=\"index, follow, max-snippet:-1, max-image-preview:large, max-video-preview:-1\" \/>\n<link rel=\"canonical\" href=\"https:\/\/iguanasmoke.com\/pt\/produto\/haxixe-cbd-seco-peneirado-15\/\" \/>\n<meta property=\"og:locale\" content=\"pt_PT\" \/>\n<meta property=\"og:type\" content=\"article\" \/>\n<meta property=\"og:title\" content=\"Hash CBD Dry Sift 15%\" \/>\n<meta property=\"og:description\" content=\"Prueba ahora el Dry Sift Hash 15% CBD, una resina CBD \u00fanica con un aroma especial.   Pureza m\u00e1xima: concentraci\u00f3n CBD 15% y THC &lt;0,3%.  100% legal en Europa  An\u00e1lisis de calidad: pincha\u00a0aqu\u00ed\" \/>\n<meta property=\"og:url\" content=\"https:\/\/iguanasmoke.com\/pt\/produto\/haxixe-cbd-seco-peneirado-15\/\" \/>\n<meta property=\"og:site_name\" content=\"Iguana Smoke\" \/>\n<meta property=\"article:publisher\" content=\"https:\/\/www.facebook.com\/iguanasmoke\" \/>\n<meta property=\"article:modified_time\" content=\"2026-03-20T10:31:49+00:00\" \/>\n<meta property=\"og:image\" content=\"https:\/\/iguanasmoke.com\/wp-content\/uploads\/2025\/01\/Dry-sift-2g-con-hash.webp\" \/>\n\t<meta property=\"og:image:width\" content=\"1000\" \/>\n\t<meta property=\"og:image:height\" content=\"1000\" \/>\n\t<meta property=\"og:image:type\" content=\"image\/webp\" \/>\n<meta name=\"twitter:card\" content=\"summary_large_image\" \/>\n<meta name=\"twitter:label1\" content=\"Disponibilidade\" \/>\n\t<meta name=\"twitter:data1\" content=\"Em stock\" \/>\n<meta property=\"product:brand\" content=\"variable\" \/>\n<meta property=\"og:availability\" content=\"instock\" \/>\n<meta property=\"product:availability\" content=\"instock\" \/>\n<meta property=\"product:condition\" content=\"new\" \/>\n<!-- \/ Yoast SEO Premium plugin. -->","yoast_head_json":{"title":"Hash CBD Dry Sift 15%: obra-prima artesanal : Iguana Smoke","description":"Obtenha o sabor aut\u00eantico do Dry Sift 15% CBD Hash, rico em terpenos naturais e livre de impurezas. Opte pela qualidade e compre agora haxixe CBD barato online.","robots":{"index":"index","follow":"follow","max-snippet":"max-snippet:-1","max-image-preview":"max-image-preview:large","max-video-preview":"max-video-preview:-1"},"canonical":"https:\/\/iguanasmoke.com\/pt\/produto\/haxixe-cbd-seco-peneirado-15\/","og_locale":"pt_PT","og_type":"article","og_title":"Hash CBD Dry Sift 15%","og_description":"Prueba ahora el Dry Sift Hash 15% CBD, una resina CBD \u00fanica con un aroma especial.   Pureza m\u00e1xima: concentraci\u00f3n CBD 15% y THC &lt;0,3%.  100% legal en Europa  An\u00e1lisis de calidad: pincha\u00a0aqu\u00ed","og_url":"https:\/\/iguanasmoke.com\/pt\/produto\/haxixe-cbd-seco-peneirado-15\/","og_site_name":"Iguana Smoke","article_publisher":"https:\/\/www.facebook.com\/iguanasmoke","article_modified_time":"2026-03-20T10:31:49+00:00","og_image":[{"width":1000,"height":1000,"url":"https:\/\/iguanasmoke.com\/wp-content\/uploads\/2025\/01\/Dry-sift-2g-con-hash.webp","type":"image\/webp"}],"twitter_card":"summary_large_image","twitter_misc":{"Disponibilidade":"Em stock"},"schema":{"@context":"https:\/\/schema.org","@graph":[{"@type":"WebPage","@id":"https:\/\/iguanasmoke.com\/producto\/hash-cbd-dry-sift-15\/","url":"https:\/\/iguanasmoke.com\/producto\/hash-cbd-dry-sift-15\/","name":"Hash CBD Dry Sift 15%: obra-prima artesanal : Iguana Smoke","isPartOf":{"@id":"https:\/\/iguanasmoke.com\/#website"},"primaryImageOfPage":{"@id":"https:\/\/iguanasmoke.com\/producto\/hash-cbd-dry-sift-15\/#primaryimage"},"image":{"@id":"https:\/\/iguanasmoke.com\/producto\/hash-cbd-dry-sift-15\/#primaryimage"},"thumbnailUrl":"https:\/\/iguanasmoke.com\/wp-content\/uploads\/2025\/01\/Dry-sift-2g-con-hash.webp","datePublished":"2025-01-14T20:29:23+00:00","dateModified":"2026-03-20T10:31:49+00:00","description":"Obtenha o sabor aut\u00eantico do Dry Sift 15% CBD Hash, rico em terpenos naturais e livre de impurezas. Opte pela qualidade e compre agora haxixe CBD barato online.","breadcrumb":{"@id":"https:\/\/iguanasmoke.com\/producto\/hash-cbd-dry-sift-15\/#breadcrumb"},"inLanguage":"pt-PT","potentialAction":[{"@type":"ReadAction","target":["https:\/\/iguanasmoke.com\/producto\/hash-cbd-dry-sift-15\/"]}]},{"@type":"ImageObject","inLanguage":"pt-PT","@id":"https:\/\/iguanasmoke.com\/producto\/hash-cbd-dry-sift-15\/#primaryimage","url":"https:\/\/iguanasmoke.com\/wp-content\/uploads\/2025\/01\/Dry-sift-2g-con-hash.webp","contentUrl":"https:\/\/iguanasmoke.com\/wp-content\/uploads\/2025\/01\/Dry-sift-2g-con-hash.webp","width":1000,"height":1000,"caption":"Hash CBD Dry Sift 2g"},{"@type":"BreadcrumbList","@id":"https:\/\/iguanasmoke.com\/producto\/hash-cbd-dry-sift-15\/#breadcrumb","itemListElement":[{"@type":"ListItem","position":1,"name":"home","item":"https:\/\/iguanasmoke.com\/"},{"@type":"ListItem","position":2,"name":"Tienda","item":"https:\/\/iguanasmoke.com\/tienda\/"},{"@type":"ListItem","position":3,"name":"Hash CBD","item":"https:\/\/iguanasmoke.com\/categoria\/hash-cbd\/"},{"@type":"ListItem","position":4,"name":"Hash CBD Dry Sift 15%"}]},{"@type":"WebSite","@id":"https:\/\/iguanasmoke.com\/#website","url":"https:\/\/iguanasmoke.com\/","name":"Fumo de Iguana","description":"Comprar CBD online ao melhor pre\u00e7o","publisher":{"@id":"https:\/\/iguanasmoke.com\/#organization"},"potentialAction":[{"@type":"SearchAction","target":{"@type":"EntryPoint","urlTemplate":"https:\/\/iguanasmoke.com\/?s={search_term_string}"},"query-input":{"@type":"PropertyValueSpecification","valueRequired":true,"valueName":"search_term_string"}}],"inLanguage":"pt-PT"},{"@type":"Organization","@id":"https:\/\/iguanasmoke.com\/#organization","name":"Fumo de Iguana","url":"https:\/\/iguanasmoke.com\/","logo":{"@type":"ImageObject","inLanguage":"pt-PT","@id":"https:\/\/iguanasmoke.com\/#\/schema\/logo\/image\/","url":"https:\/\/iguanasmoke.com\/wp-content\/uploads\/2025\/01\/logoiguana-favi-1.png","contentUrl":"https:\/\/iguanasmoke.com\/wp-content\/uploads\/2025\/01\/logoiguana-favi-1.png","width":512,"height":512,"caption":"Iguana Smoke"},"image":{"@id":"https:\/\/iguanasmoke.com\/#\/schema\/logo\/image\/"},"sameAs":["https:\/\/www.facebook.com\/iguanasmoke","https:\/\/www.instagram.com\/iguanasmoke\/"]}]},"product_brand":"variable","og_availability":"instock","product_availability":"instock","product_condition":"new"},"_links":{"self":[{"href":"https:\/\/iguanasmoke.com\/pt\/wp-json\/wp\/v2\/product\/47853","targetHints":{"allow":["GET"]}}],"collection":[{"href":"https:\/\/iguanasmoke.com\/pt\/wp-json\/wp\/v2\/product"}],"about":[{"href":"https:\/\/iguanasmoke.com\/pt\/wp-json\/wp\/v2\/types\/product"}],"replies":[{"embeddable":true,"href":"https:\/\/iguanasmoke.com\/pt\/wp-json\/wp\/v2\/comments?post=47853"}],"wp:featuredmedia":[{"embeddable":true,"href":"https:\/\/iguanasmoke.com\/pt\/wp-json\/wp\/v2\/media\/81831"}],"wp:attachment":[{"href":"https:\/\/iguanasmoke.com\/pt\/wp-json\/wp\/v2\/media?parent=47853"}],"wp:term":[{"taxonomy":"product_brand","embeddable":true,"href":"https:\/\/iguanasmoke.com\/pt\/wp-json\/wp\/v2\/product_brand?post=47853"},{"taxonomy":"product_cat","embeddable":true,"href":"https:\/\/iguanasmoke.com\/pt\/wp-json\/wp\/v2\/product_cat?post=47853"},{"taxonomy":"product_tag","embeddable":true,"href":"https:\/\/iguanasmoke.com\/pt\/wp-json\/wp\/v2\/product_tag?post=47853"}],"curies":[{"name":"wp","href":"https:\/\/api.w.org\/{rel}","templated":true}]}}