{"id":48313,"date":"2025-01-21T23:37:06","date_gmt":"2025-01-21T22:37:06","guid":{"rendered":"https:\/\/iguanasmoke.com\/?post_type=product&#038;p=48313"},"modified":"2026-03-01T21:12:52","modified_gmt":"2026-03-01T20:12:52","slug":"bateria-iguana-power-510-para-cartuchos-de-2-ml","status":"publish","type":"product","link":"https:\/\/iguanasmoke.com\/pt\/producto\/iguana-power-bateria-510-para-cartuchos-de-2ml\/","title":{"rendered":"Bateria Iguana Power Wide 510 2ml"},"content":{"rendered":"<h1><span style=\"font-weight: 400;\">Bateria 510 Iguana Power Wide 2ml - <em>400 mAh<\/em><\/span><\/h1>\n<h4><\/h4>\n<p><span style=\"font-weight: 400;\">Descubra o m\u00e1ximo em pot\u00eancia e versatilidade com o <strong>Bateria 510 Iguana Power Wide da Iguana Smoke<\/strong> especial para o <strong>cartuchos<\/strong> de <strong>2ml<\/strong>. Concebido para satisfazer os mais entusiastas do <strong>vaporiza\u00e7\u00e3o<\/strong>, este <strong>aparelho de \u00faltima gera\u00e7\u00e3o<\/strong> oferece um desempenho fi\u00e1vel e uma experi\u00eancia inigual\u00e1vel. <\/span><\/p>\n<p><span style=\"font-weight: 400;\">Oferecem uma autonomia superior, concebida para os utilizadores que gostam de sess\u00f5es mais longas ou que preferem mudar os cartuchos com menos frequ\u00eancia. Garantem <strong>pot\u00eancia est\u00e1vel e desempenho constante<\/strong>, A pureza e os terpenos do extrato s\u00e3o mantidos. Com a bateria Iguana Power Wide 510 pode comprar agora o seu <a href=\"https:\/\/iguanasmoke.com\/pt\/categoria\/cigarro-de-cbd\/cartuchos-de-vapeo\/\">cartuchos\u00a0<\/a> e come\u00e7ar a vaporizar. <em>Tem uma pot\u00eancia de 400 mAh<\/em>.\u00a0<\/span><\/p>\n<p>&nbsp;<\/p>\n<h2><strong>Carater\u00edsticas principais da bateria 510 Iguana Power Wide:<\/strong><\/h2>\n<ul>\n<li><span style=\"font-weight: 400;\"><strong>Compatibilidade universal:<\/strong> O Iguana Power Wide \u00e9 compat\u00edvel com uma vasta gama de cartuchos e atomizadores, dando-lhe a liberdade de escolher os seus acess\u00f3rios preferidos. Pode utilizar o <a href=\"https:\/\/iguanasmoke.com\/pt\/categoria\/cigarro-de-cbd\/cartuchos-de-vapeo\/\">Cartuchos de 1 ml e 2 ml<\/a> de <strong>Fumo de Iguana<\/strong> com esta bateria.<\/span><\/li>\n<li>Ecr\u00e3 com indica\u00e7\u00e3o da quantidade de pilhas.<\/li>\n<li><span style=\"font-weight: 400;\"><strong>Portabilidade e durabilidade<\/strong>O design compacto e duradouro torna-a a companheira ideal para as suas aventuras di\u00e1rias. Leve-a consigo com confian\u00e7a, sabendo que foi constru\u00edda para resistir a uma utiliza\u00e7\u00e3o constante. Ideal para aqueles que valorizam a sua Bateria 510 Iguana Power Wide.<\/span><\/li>\n<li>Bot\u00e3o de ativa\u00e7\u00e3o: O bot\u00e3o de ativa\u00e7\u00e3o tem 3 utilidades diferentes, dependendo do n\u00famero de vezes que \u00e9 premido:\n<ul>\n<li style=\"list-style-type: none;\">\n<ul>\n<li>5 vezes: acende-se.<\/li>\n<li>3 vezes: muda a tens\u00e3o e a pot\u00eancia.<\/li>\n<li>2 vezes: pr\u00e9-aquecer (15 segundos).<\/li>\n<\/ul>\n<\/li>\n<\/ul>\n<\/li>\n<\/ul>\n<p>&nbsp;<\/p>\n<h2><strong>O que \u00e9 um cartucho descart\u00e1vel?<\/strong><\/h2>\n<p><span style=\"font-weight: 400;\">A <strong>cartucho descart\u00e1vel<\/strong> \u00e9 um pequeno cilindro com <strong>Liga\u00e7\u00e3o 510, 1ml ou 2ml<\/strong> que est\u00e1 cheio de l\u00edquido. A grande diferen\u00e7a em rela\u00e7\u00e3o a outros tipos de cartuchos \u00e9 que n\u00e3o precisa de ser recarregado ou reabastecido: <strong>quando se esgota, \u00e9 simplesmente descartado<\/strong>. A bateria 510 Iguana Power Wide \u00e9 compat\u00edvel com estas, oferecendo uma grande versatilidade.<\/span><\/p>\n<p><span style=\"font-weight: 400;\">Existem tamb\u00e9m <a href=\"https:\/\/iguanasmoke.com\/pt\/categoria\/cigarro-de-cbd\/\">Vapers descart\u00e1veis<\/a> (tudo-em-um) com bateria e cartucho integrados, pronto a utilizar logo que sai da caixa.\u00a0<\/span><\/p>\n<p>&nbsp;<\/p>\n<div class=\"ewd-ufaq-faq-body\">\n<h3><b>Iguana Smoke \u00e9 a sua loja online de confian\u00e7a de CBD<\/b><\/h3>\n<p><span style=\"font-weight: 400;\">Na Iguana Smoke, acreditamos que desfrutar do CBD deve ser uma experi\u00eancia segura e prazerosa. \u00c9 por isso que temos produtos de alta qualidade que se conectam com as novas gera\u00e7\u00f5es: pessoas que procuram um bem-estar descomplicado, com marcas aut\u00eanticas e confi\u00e1veis. Adquira j\u00e1 a Bateria Iguana Power Wide 510.<\/span><\/p>\n<p>A nossa miss\u00e3o \u00e9 clara: trazer-lhe o melhor do mundo dos canabin\u00f3ides a um pre\u00e7o justo, com a tranquilidade de saber que est\u00e1 a escolher um produto certificado, eficaz e 100% legal. Estamos na vanguarda dos produtos CBD.<\/p>\n<p>Ainda tem d\u00favidas? Escreva-nos e teremos todo o gosto em ajud\u00e1-lo a encontrar o produto certo para si.<\/p>\n<\/div>\n<p>&nbsp;<\/p>\n<p><em><span style=\"font-weight: 400;\">*Nota: a sua utiliza\u00e7\u00e3o destina-se a cole\u00e7\u00e3o ou aromaterapia, de acordo com a legisla\u00e7\u00e3o espanhola.<\/span><\/em><\/p>\n<p><em><span style=\"font-weight: 400;\">**Todos os nossos produtos s\u00e3o derivados de c\u00e2nhamo industrial certificado. Cont\u00eam menos de 0,3 THC e n\u00e3o cont\u00eam canabin\u00f3ides ilegais como HHC, HHC-P, THCP, THCP-O, H4CBD e os inclu\u00eddos no Anexo I do Decreto Real 2829\/1977, nem subst\u00e2ncias controladas por conven\u00e7\u00f5es internacionais.\u00a0<\/span><\/em><\/p>","protected":false},"excerpt":{"rendered":"<ul>\n<li>Bateria 510 para cartuchos largos de 1ml, 2ml ou mais: <em>400 MaH<\/em><\/li>\n<li>Ecr\u00e3 com indica\u00e7\u00e3o da quantidade de pilhas<\/li>\n<li>Tens\u00e3o: 1,8v a 4,2v<\/li>\n<li>Fun\u00e7\u00e3o de aquecimento de 15 segundos<\/li>\n<li>Liga\u00e7\u00e3o standard compat\u00edvel com todos os cartuchos 510<\/li>\n<li>Liga\u00e7\u00e3o: USB-C<\/li>\n<\/ul>","protected":false},"featured_media":53874,"comment_status":"open","ping_status":"closed","template":"","meta":{"_acf_changed":false,"site-sidebar-layout":"default","site-content-layout":"default","ast-site-content-layout":"default","site-content-style":"default","site-sidebar-style":"default","ast-global-header-display":"","ast-banner-title-visibility":"","ast-main-header-display":"","ast-hfb-above-header-display":"","ast-hfb-below-header-display":"","ast-hfb-mobile-header-display":"","site-post-title":"","ast-breadcrumbs-content":"","ast-featured-img":"","footer-sml-layout":"","theme-transparent-header-meta":"default","adv-header-id-meta":"","stick-header-meta":"","header-above-stick-meta":"","header-main-stick-meta":"","header-below-stick-meta":"","astra-migrate-meta-layouts":"set","ast-page-background-enabled":"default","ast-page-background-meta":{"desktop":{"background-color":"var(--ast-global-color-4)","background-image":"","background-repeat":"repeat","background-position":"center center","background-size":"auto","background-attachment":"scroll","background-type":"","background-media":"","overlay-type":"","overlay-color":"","overlay-opacity":"","overlay-gradient":""},"tablet":{"background-color":"","background-image":"","background-repeat":"repeat","background-position":"center center","background-size":"auto","background-attachment":"scroll","background-type":"","background-media":"","overlay-type":"","overlay-color":"","overlay-opacity":"","overlay-gradient":""},"mobile":{"background-color":"","background-image":"","background-repeat":"repeat","background-position":"center center","background-size":"auto","background-attachment":"scroll","background-type":"","background-media":"","overlay-type":"","overlay-color":"","overlay-opacity":"","overlay-gradient":""}},"ast-content-background-meta":{"desktop":{"background-color":"var(--ast-global-color-5)","background-image":"","background-repeat":"repeat","background-position":"center center","background-size":"auto","background-attachment":"scroll","background-type":"","background-media":"","overlay-type":"","overlay-color":"","overlay-opacity":"","overlay-gradient":""},"tablet":{"background-color":"var(--ast-global-color-5)","background-image":"","background-repeat":"repeat","background-position":"center center","background-size":"auto","background-attachment":"scroll","background-type":"","background-media":"","overlay-type":"","overlay-color":"","overlay-opacity":"","overlay-gradient":""},"mobile":{"background-color":"var(--ast-global-color-5)","background-image":"","background-repeat":"repeat","background-position":"center center","background-size":"auto","background-attachment":"scroll","background-type":"","background-media":"","overlay-type":"","overlay-color":"","overlay-opacity":"","overlay-gradient":""}}},"product_brand":[],"product_cat":[984,419,981,418],"product_tag":[],"class_list":{"0":"post-48313","1":"product","2":"type-product","3":"status-publish","4":"has-post-thumbnail","6":"product_cat-baterias-y-kits-de-vapeo","7":"product_cat-cartuchos-cbd","8":"product_cat-cbd-full-spectrum","9":"product_cat-vaper-cbd","10":"desktop-align-center","11":"tablet-align-center","12":"mobile-align-center","14":"first","15":"outofstock","16":"taxable","17":"shipping-taxable","18":"purchasable","19":"product-type-simple"},"acf":[],"yoast_head":"<!-- This site is optimized with the Yoast SEO Premium plugin v27.3 (Yoast SEO v27.3) - https:\/\/yoast.com\/product\/yoast-seo-premium-wordpress\/ -->\n<title>Bateria 510 Iguana Power Wide | Iguana Smoke<\/title>\n<meta name=\"description\" content=\"Descubre la versatilidad de la Bater\u00eda 510 Iguana Power Wide para un vapeo prolongado. Satisfacer\u00e1 tus deseos m\u00e1s exigentes, \u00a1pru\u00e9bala ya!\" \/>\n<meta name=\"robots\" content=\"index, follow, max-snippet:-1, max-image-preview:large, max-video-preview:-1\" \/>\n<link rel=\"canonical\" href=\"https:\/\/iguanasmoke.com\/pt\/produto\/bateria-iguana-power-510-para-cartuchos-de-2-ml\/\" \/>\n<meta property=\"og:locale\" content=\"pt_PT\" \/>\n<meta property=\"og:type\" content=\"article\" \/>\n<meta property=\"og:title\" content=\"Bateria 510 Iguana Power Wide 2ml\" \/>\n<meta property=\"og:description\" content=\"Bateria 510 para cartuchos anchos de 1ml, 2ml o m\u00e1s: 400 MaH  Pantalla con indicaci\u00f3n de cantidad de bater\u00eda  Voltaje: 1,8v a\u00a0 4,2v  Funci\u00f3n precalentamiento de 15 segundos  Conexi\u00f3n standard compatible con todos los cartuchos 510  Conexi\u00f3n: USB-C\" \/>\n<meta property=\"og:url\" content=\"https:\/\/iguanasmoke.com\/pt\/produto\/bateria-iguana-power-510-para-cartuchos-de-2-ml\/\" \/>\n<meta property=\"og:site_name\" content=\"Iguana Smoke\" \/>\n<meta property=\"article:publisher\" content=\"https:\/\/www.facebook.com\/iguanasmoke\" \/>\n<meta property=\"article:modified_time\" content=\"2026-03-01T20:12:52+00:00\" \/>\n<meta property=\"og:image\" content=\"https:\/\/iguanasmoke.com\/wp-content\/uploads\/2025\/01\/Pen-Battery-Wide.webp\" \/>\n\t<meta property=\"og:image:width\" content=\"1000\" \/>\n\t<meta property=\"og:image:height\" content=\"1000\" \/>\n\t<meta property=\"og:image:type\" content=\"image\/webp\" \/>\n<meta name=\"twitter:card\" content=\"summary_large_image\" \/>\n<meta name=\"twitter:label1\" content=\"pre\u00e7o\" \/>\n\t<meta name=\"twitter:data1\" content=\"14,90&nbsp;&euro;\" \/>\n\t<meta name=\"twitter:label2\" content=\"Disponibilidade\" \/>\n\t<meta name=\"twitter:data2\" content=\"Esgotado\" \/>\n<meta property=\"product:brand\" content=\"simple\" \/>\n<meta property=\"product:price:amount\" content=\"14.90\" \/>\n<meta property=\"product:price:currency\" content=\"EUR\" \/>\n<meta property=\"og:availability\" content=\"out of stock\" \/>\n<meta property=\"product:availability\" content=\"out of stock\" \/>\n<meta property=\"product:retailer_item_id\" content=\"IS-BAT510-PENBLACK2\" \/>\n<meta property=\"product:condition\" content=\"new\" \/>\n<!-- \/ Yoast SEO Premium plugin. -->","yoast_head_json":{"title":"Bateria 510 Iguana Power Wide | Iguana Smoke","description":"Descubra a versatilidade da bateria Iguana Power Wide 510 para uma vaporiza\u00e7\u00e3o prolongada. Satisfar\u00e1 os teus desejos mais exigentes, experimenta-o j\u00e1!","robots":{"index":"index","follow":"follow","max-snippet":"max-snippet:-1","max-image-preview":"max-image-preview:large","max-video-preview":"max-video-preview:-1"},"canonical":"https:\/\/iguanasmoke.com\/pt\/produto\/bateria-iguana-power-510-para-cartuchos-de-2-ml\/","og_locale":"pt_PT","og_type":"article","og_title":"Bateria 510 Iguana Power Wide 2ml","og_description":"Bateria 510 para cartuchos anchos de 1ml, 2ml o m\u00e1s: 400 MaH  Pantalla con indicaci\u00f3n de cantidad de bater\u00eda  Voltaje: 1,8v a\u00a0 4,2v  Funci\u00f3n precalentamiento de 15 segundos  Conexi\u00f3n standard compatible con todos los cartuchos 510  Conexi\u00f3n: USB-C","og_url":"https:\/\/iguanasmoke.com\/pt\/produto\/bateria-iguana-power-510-para-cartuchos-de-2-ml\/","og_site_name":"Iguana Smoke","article_publisher":"https:\/\/www.facebook.com\/iguanasmoke","article_modified_time":"2026-03-01T20:12:52+00:00","og_image":[{"width":1000,"height":1000,"url":"https:\/\/iguanasmoke.com\/wp-content\/uploads\/2025\/01\/Pen-Battery-Wide.webp","type":"image\/webp"}],"twitter_card":"summary_large_image","twitter_misc":{"pre\u00e7o":"14,90&nbsp;&euro;","Disponibilidade":"Esgotado"},"schema":{"@context":"https:\/\/schema.org","@graph":[{"@type":"WebPage","@id":"https:\/\/iguanasmoke.com\/producto\/iguana-power-bateria-510-para-cartuchos-de-2ml\/","url":"https:\/\/iguanasmoke.com\/producto\/iguana-power-bateria-510-para-cartuchos-de-2ml\/","name":"Bateria 510 Iguana Power Wide | Iguana Smoke","isPartOf":{"@id":"https:\/\/iguanasmoke.com\/#website"},"primaryImageOfPage":{"@id":"https:\/\/iguanasmoke.com\/producto\/iguana-power-bateria-510-para-cartuchos-de-2ml\/#primaryimage"},"image":{"@id":"https:\/\/iguanasmoke.com\/producto\/iguana-power-bateria-510-para-cartuchos-de-2ml\/#primaryimage"},"thumbnailUrl":"https:\/\/iguanasmoke.com\/wp-content\/uploads\/2025\/01\/Pen-Battery-Wide.webp","datePublished":"2025-01-21T22:37:06+00:00","dateModified":"2026-03-01T20:12:52+00:00","description":"Descubra a versatilidade da bateria Iguana Power Wide 510 para uma vaporiza\u00e7\u00e3o prolongada. Satisfar\u00e1 os teus desejos mais exigentes, experimenta-o j\u00e1!","breadcrumb":{"@id":"https:\/\/iguanasmoke.com\/producto\/iguana-power-bateria-510-para-cartuchos-de-2ml\/#breadcrumb"},"inLanguage":"pt-PT","potentialAction":[{"@type":"ReadAction","target":["https:\/\/iguanasmoke.com\/producto\/iguana-power-bateria-510-para-cartuchos-de-2ml\/"]}]},{"@type":"ImageObject","inLanguage":"pt-PT","@id":"https:\/\/iguanasmoke.com\/producto\/iguana-power-bateria-510-para-cartuchos-de-2ml\/#primaryimage","url":"https:\/\/iguanasmoke.com\/wp-content\/uploads\/2025\/01\/Pen-Battery-Wide.webp","contentUrl":"https:\/\/iguanasmoke.com\/wp-content\/uploads\/2025\/01\/Pen-Battery-Wide.webp","width":1000,"height":1000,"caption":"bateria 510 iguana power wide vaper cartucho"},{"@type":"BreadcrumbList","@id":"https:\/\/iguanasmoke.com\/producto\/iguana-power-bateria-510-para-cartuchos-de-2ml\/#breadcrumb","itemListElement":[{"@type":"ListItem","position":1,"name":"home","item":"https:\/\/iguanasmoke.com\/"},{"@type":"ListItem","position":2,"name":"Tienda","item":"https:\/\/iguanasmoke.com\/tienda\/"},{"@type":"ListItem","position":3,"name":"Vaper CBD","item":"https:\/\/iguanasmoke.com\/categoria\/vaper-cbd\/"},{"@type":"ListItem","position":4,"name":"Cartuchos","item":"https:\/\/iguanasmoke.com\/categoria\/vaper-cbd\/cartuchos-cbd\/"},{"@type":"ListItem","position":5,"name":"Bater\u00edas y Kits de Vapeo","item":"https:\/\/iguanasmoke.com\/categoria\/vaper-cbd\/cartuchos-cbd\/baterias-y-kits-de-vapeo\/"},{"@type":"ListItem","position":6,"name":"Bateria 510 Iguana Power Wide 2ml"}]},{"@type":"WebSite","@id":"https:\/\/iguanasmoke.com\/#website","url":"https:\/\/iguanasmoke.com\/","name":"Fumo de Iguana","description":"Comprar CBD online ao melhor pre\u00e7o","publisher":{"@id":"https:\/\/iguanasmoke.com\/#organization"},"potentialAction":[{"@type":"SearchAction","target":{"@type":"EntryPoint","urlTemplate":"https:\/\/iguanasmoke.com\/?s={search_term_string}"},"query-input":{"@type":"PropertyValueSpecification","valueRequired":true,"valueName":"search_term_string"}}],"inLanguage":"pt-PT"},{"@type":"Organization","@id":"https:\/\/iguanasmoke.com\/#organization","name":"Fumo de Iguana","url":"https:\/\/iguanasmoke.com\/","logo":{"@type":"ImageObject","inLanguage":"pt-PT","@id":"https:\/\/iguanasmoke.com\/#\/schema\/logo\/image\/","url":"https:\/\/iguanasmoke.com\/wp-content\/uploads\/2025\/01\/logoiguana-favi-1.png","contentUrl":"https:\/\/iguanasmoke.com\/wp-content\/uploads\/2025\/01\/logoiguana-favi-1.png","width":512,"height":512,"caption":"Iguana Smoke"},"image":{"@id":"https:\/\/iguanasmoke.com\/#\/schema\/logo\/image\/"},"sameAs":["https:\/\/www.facebook.com\/iguanasmoke","https:\/\/www.instagram.com\/iguanasmoke\/"]}]},"product_brand":"simple","product_price_amount":"14.90","product_price_currency":"EUR","og_availability":"out of stock","product_availability":"out of stock","product_retailer_item_id":"IS-BAT510-PENBLACK2","product_condition":"new"},"_links":{"self":[{"href":"https:\/\/iguanasmoke.com\/pt\/wp-json\/wp\/v2\/product\/48313","targetHints":{"allow":["GET"]}}],"collection":[{"href":"https:\/\/iguanasmoke.com\/pt\/wp-json\/wp\/v2\/product"}],"about":[{"href":"https:\/\/iguanasmoke.com\/pt\/wp-json\/wp\/v2\/types\/product"}],"replies":[{"embeddable":true,"href":"https:\/\/iguanasmoke.com\/pt\/wp-json\/wp\/v2\/comments?post=48313"}],"wp:featuredmedia":[{"embeddable":true,"href":"https:\/\/iguanasmoke.com\/pt\/wp-json\/wp\/v2\/media\/53874"}],"wp:attachment":[{"href":"https:\/\/iguanasmoke.com\/pt\/wp-json\/wp\/v2\/media?parent=48313"}],"wp:term":[{"taxonomy":"product_brand","embeddable":true,"href":"https:\/\/iguanasmoke.com\/pt\/wp-json\/wp\/v2\/product_brand?post=48313"},{"taxonomy":"product_cat","embeddable":true,"href":"https:\/\/iguanasmoke.com\/pt\/wp-json\/wp\/v2\/product_cat?post=48313"},{"taxonomy":"product_tag","embeddable":true,"href":"https:\/\/iguanasmoke.com\/pt\/wp-json\/wp\/v2\/product_tag?post=48313"}],"curies":[{"name":"wp","href":"https:\/\/api.w.org\/{rel}","templated":true}]}}