{"id":55648,"date":"2025-04-25T19:13:54","date_gmt":"2025-04-25T17:13:54","guid":{"rendered":"https:\/\/iguanasmoke.com\/?post_type=product&#038;p=55648"},"modified":"2026-03-09T17:02:30","modified_gmt":"2026-03-09T16:02:30","slug":"vaper-sativanol-space-vape-space-vape-amnesia","status":"publish","type":"product","link":"https:\/\/iguanasmoke.com\/pt\/producto\/vaper-sativanol-space-vape-amnesia\/","title":{"rendered":"Vaper Sativanol - Amn\u00e9sia de Vape Espacial"},"content":{"rendered":"<h1 data-start=\"1609\" data-end=\"1642\"><span style=\"font-weight: 400;\">Vaper <\/span><span style=\"font-weight: 400;\">Sativanol <\/span><span style=\"font-weight: 400;\">STV <\/span><span style=\"font-weight: 400;\">Space Vape Amnesia:\u00a0<\/span><\/h1>\n<p><span style=\"font-weight: 400;\">Se procura um vaper Sativanol que o leve a navegar pelo espa\u00e7o da Iguana Smoke, o <strong>Space Vape Amnesia Sativanol Vaper<\/strong><\/span><span style=\"font-weight: 400;\"><strong>\u00a0<\/strong>\u00e9 aquilo de que tem estado \u00e0 espera. <\/span><span style=\"font-weight: 400;\">Concebido para os utilizadores que procuram uma <strong>experi\u00eancia vape potente e eficaz.<\/strong><\/span><\/p>\n<p><span style=\"font-weight: 400;\">Combina a for\u00e7a do Sativanol, uma das mais recentes mol\u00e9culas do mercado, concebida para fornecer energia e concentra\u00e7\u00e3o sem o peso do THC. Juntamente com a pot\u00eancia da can\u00e1bis da variedade Amnesia. <\/span><span style=\"font-weight: 400;\">A f\u00f3rmula \u00e9 completada por <strong>isento de agentes de corte, nicotina e HHC<\/strong>, para que possa desfrutar de um produto limpo, legal e de qualidade.\u00a0<\/span><\/p>\n<p><span style=\"font-weight: 400;\">Explorar o <strong>Novas mol\u00e9culas<\/strong> que sucedem e substituem os nossos famosos <em>HHC Space Vape<\/em>. Comprar <strong>vaporizador<\/strong><\/span><span style=\"font-weight: 400;\"><strong> Sativanol <\/strong>significa ter no bolso a tecnologia de can\u00e1bis do futuro. <strong>Sem THC<\/strong>, <strong>mas h\u00e1 um efeito<\/strong>; <strong>sem fumo<\/strong>, <strong>mas h\u00e1 nuvens<\/strong>; N\u00e3o h\u00e1 d\u00favida, porque <strong>este Sativanol Amnesia vaper \u00e9 puro fogo.<\/strong><\/span><\/p>\n<p>&nbsp;<\/p>\n<h2><strong>O que \u00e9 o STV ou Sativanol?<\/strong><\/h2>\n<p><span style=\"font-weight: 400;\">O <strong>Sativanol<\/strong>, <strong>STV<\/strong> o <strong>Super Sativa<\/strong> \u00e9 uma mol\u00e9cula de \u00faltima gera\u00e7\u00e3o derivada do c\u00e2nhamo que n\u00e3o cont\u00e9m THC ou os seus derivados (HHC, THCP...), mas o seu efeito \u00e9 compar\u00e1vel ao de um <strong>Sativa potente<\/strong>proporciona clareza mental, euforia suave e bem-estar, sem nebulosidade ou baixos.\u00a0\u00a0<\/span><\/p>\n<p>A f\u00f3rmula STV \u00e9 ideal para quem precisa de ser ativo, criativo ou simplesmente quer desfrutar de um momento de clareza mental sem se desligar.<\/p>\n<p>&nbsp;<\/p>\n<h2>Perfil de terpenos da Amn\u00e9sia:<\/h2>\n<p>A variedade Amnesia \u00e9 uma das variedades mais reconhecidas no mundo da can\u00e1bis pelo seu aroma c\u00edtrico, fresco e ligeiramente picante, com um efeito cerebral e cintilante de Sativa. A sua combina\u00e7\u00e3o de terpenos cria uma experi\u00eancia arom\u00e1tica \u00fanica e explosiva:<\/p>\n<ul>\n<li>Limoneno: c\u00edtrico, energizante e anti-stress.<\/li>\n<li>Myrcene: herb\u00e1ceo, com um efeito calmante.<\/li>\n<li>Terpinoleno: floral e complexo, com um toque de menta.<\/li>\n<\/ul>\n<p>&nbsp;<\/p>\n<h2><strong>Carater\u00edsticas principais do Space Vape Amnesia Sativanol Vaper<\/strong><strong>:<\/strong><\/h2>\n<ul>\n<li><span style=\"font-weight: 400;\"><strong>Cont\u00e9m Sativanol de alta qualidade<\/strong>, com um perfil canabin\u00f3ide natural.<\/span><\/li>\n<li><span style=\"font-weight: 400;\"><strong>Extrato de c\u00e2nhamo biol\u00f3gico<\/strong>, sem aditivos e solventes.<\/span><\/li>\n<li><span style=\"font-weight: 400;\">Dispon\u00edvel em <strong>1ml e 2ml<\/strong>. <\/span><\/li>\n<li><span style=\"font-weight: 400;\">Sabor intenso a cannabis<\/span><span style=\"font-weight: 400;\">.<\/span><\/li>\n<li><strong>CBD: 40% e CBG: 30%<\/strong><\/li>\n<li>Ideal para utiliza\u00e7\u00e3o quotidiana: <strong>sem combust\u00e3o, sem odor, sem toler\u00e2ncia<\/strong>.<\/li>\n<li><span style=\"font-weight: 400;\"><strong>Efeito poderoso <\/strong>sem sentir quaisquer efeitos <strong>psicoactivos<\/strong> indesej\u00e1vel<strong>: dura\u00e7\u00e3o<\/strong> <strong>longo<\/strong> (<strong>3-4 horas<\/strong>)<\/span><\/li>\n<li>Experi\u00eancia <strong>sensorial<\/strong> Vais adorar!<\/li>\n<li><span style=\"font-weight: 400;\">Para <strong>300 puffs <\/strong>(1 ml) e<strong> 600 puffs <\/strong>(2ml).<\/span><\/li>\n<li>Bateria recarreg\u00e1vel USB tipo C.<\/li>\n<li><span style=\"font-weight: 400;\"><strong>Sem THC detet\u00e1vel<\/strong>. <\/span><\/li>\n<li><span style=\"font-weight: 400;\"><strong>Qualidade garantida pela Iguana Smoke<\/strong>.<\/span><\/li>\n<\/ul>\n<p><span style=\"font-weight: 400;\">O <strong>vaper Sativanol <\/strong>\u00e9 a forma mais c\u00f3moda e limpa de usufruir de todos os benef\u00edcios do <strong>benef\u00edcios do Sativanol<\/strong>, sem manuten\u00e7\u00e3o, sem complica\u00e7\u00f5es, sem problemas.\u00a0<\/span><\/p>\n<p>&nbsp;<\/p>\n<h2><strong>O que \u00e9 um vaper descart\u00e1vel?<\/strong><\/h2>\n<p><span style=\"font-weight: 400;\">A <strong>vaper STV descart\u00e1vel<\/strong> \u00e9 um dispositivo do tipo caneta\u201c <strong>de 1ml ou 2ml<\/strong> que vem carregado com o l\u00edquido Sativanol. A grande diferen\u00e7a em rela\u00e7\u00e3o a outros tipos de vapers \u00e9 que n\u00e3o precisa de ser recarregado ou atestado: <strong>quando se esgota, \u00e9 simplesmente descartado<\/strong>.\u00a0<\/span><\/p>\n<p><span style=\"font-weight: 400;\">Existem tamb\u00e9m <strong><a href=\"https:\/\/iguanasmoke.com\/pt\/categoria\/cigarro-de-cbd\/cartuchos\/?filter_tipo-cartucho=sativanol\">cartuchos STV descart\u00e1veis<\/a><\/strong> que s\u00e3o microc\u00e1psulas que cont\u00eam o l\u00edquido, mas que necessitam de uma bateria externa para serem utilizadas.<\/span><\/p>\n<p>&nbsp;<\/p>\n<h3><b>Onde comprar o seu <span style=\"font-weight: 400;\"><strong>Space Vape Amnesia Sativanol Vaper<\/strong><\/span><\/b><b>?<\/b><\/h3>\n<p><span style=\"font-weight: 400;\">Se est\u00e1 \u00e0 procura de <strong>comprar um vaper STV<\/strong><strong>, <\/strong>este \u00e9 o seu lugar seguro para <strong>comprar STV vaper descart\u00e1vel em Espanha.<\/strong> Todos os nossos produtos s\u00e3o aprovados pela UE, o que garante a sua legalidade e seguran\u00e7a. Para al\u00e9m disso, se desejar, pode consultar<\/span><strong> <a href=\"https:\/\/iguanasmoke.com\/pt\/analiticas\/\">an\u00e1lises laboratoriais.<\/a><\/strong><\/p>\n<p><span style=\"font-weight: 400;\">N\u00e3o se esque\u00e7a de explorar outros <strong>vaper Sativanol <\/strong>como o <strong><a href=\"https:\/\/iguanasmoke.com\/pt\/produto\/vaper-stv-space-vape-lemon-haze-sativanol\/\">Vaper STV Space Vape Lemon Haze<\/a>\u00a0<\/strong>u <\/span><span style=\"font-weight: 400;\">outros <strong>Produtos TOP<\/strong> como o <strong><a href=\"https:\/\/iguanasmoke.com\/pt\/produto\/stv-sativanol-amnesia-stv-cartucho\/\">Cartucho STV Amnesia<\/a><\/strong> ou o <a href=\"https:\/\/iguanasmoke.com\/pt\/categoria\/haxixe-cbd\/\"><strong>Haxixe CBD<\/strong><\/a>. <\/span><span style=\"font-weight: 400;\">Em suma, explore a nossa variedade e encontre j\u00e1 os seus favoritos.<\/span><span style=\"font-weight: 400;\">\u00a0<\/span><\/p>\n<p><strong data-start=\"303\" data-end=\"345\">Entrega r\u00e1pida e discreta em toda a Espanha<\/strong>, com <strong data-start=\"351\" data-end=\"387\">aten\u00e7\u00e3o pr\u00f3xima e personalizada<\/strong> para responder a quaisquer perguntas antes e depois da sua compra.<\/p>\n<p>&nbsp;<\/p>\n<h3><b>Iguana Smoke \u00e9 a sua loja online de CBD\u00a0<\/b><\/h3>\n<p><span style=\"font-weight: 400;\">Em<strong> Fumo de Iguana<\/strong>, Acreditamos que desfrutar do CBD deve ser uma experi\u00eancia segura. \u00c9 por isso que temos produtos como este <strong>Space Vape Amnesia Sativanol Vaper<\/strong>, A marca liga-se \u00e0s novas gera\u00e7\u00f5es: pessoas que procuram um bem-estar descomplicado, com marcas aut\u00eanticas e fi\u00e1veis.\u00a0<\/span><\/p>\n<p>A nossa miss\u00e3o \u00e9 clara: trazer-lhe o melhor do mundo dos canabin\u00f3ides a um pre\u00e7o justo. Al\u00e9m disso, damos-lhe a tranquilidade de saber que est\u00e1 a escolher um produto certificado, eficaz e 100% legal. O seu tempo de relaxamento come\u00e7a aqui connosco.<\/p>\n<p>Ainda tem d\u00favidas? Escreva-nos e teremos todo o gosto em ajud\u00e1-lo a encontrar o produto certo para si.<\/p>\n<p>&nbsp;<\/p>\n<h6>\u2139\ufe0f<strong> Informa\u00e7\u00e3o jur\u00eddica<\/strong><\/h6>\n<p><em><span style=\"font-weight: 400;\">*Produto destinado a cole\u00e7\u00e3o ou aromaterapia, de acordo com a legisla\u00e7\u00e3o espanhola em vigor. <\/span><\/em><\/p>\n<p><em><span style=\"font-weight: 400;\">**Derivado de c\u00e2nhamo industrial certificado. Cont\u00e9m menos de 0,3 THC e n\u00e3o cont\u00e9m canabin\u00f3ides ilegais como HHC, HHC-P, THCP, THCP-O, H4CBD ou subst\u00e2ncias enumeradas no Anexo I do Decreto Real 2829\/1977, nem subst\u00e2ncias controladas por conven\u00e7\u00f5es internacionais.\u00a0\u00a0<\/span><\/em><\/p>\n<p>&nbsp;<\/p>\n<h2><strong>FAQS Sativanol Space Vape: <\/strong><\/h2>\n<h4><span style=\"font-weight: 400;\">O espa\u00e7o Vape Amnesia Sativanol Vaper? <\/span><\/h4>\n<p><span style=\"font-weight: 400;\">O <\/span><span style=\"font-weight: 400;\"><b>Sativanol <\/b>pode oferecer um\u00a0<strong style=\"font-weight: 400;\" data-start=\"4736\" data-end=\"4775\">euforia ligeira ou relaxamento intenso<\/strong>, sem os efeitos fortes do THC.<\/span><\/p>\n<h4><span style=\"font-weight: 400;\">Que efeito posso esperar e quanto tempo demora?\u00a0<\/span><\/h4>\n<p><span style=\"font-weight: 400;\">Lembre-se que cada pessoa \u00e9 \u00fanica e que o <strong>os efeitos podem variar<\/strong> dependendo da concentra\u00e7\u00e3o, do utilizador, da toler\u00e2ncia e da frequ\u00eancia de utiliza\u00e7\u00e3o. Poder\u00e1 come\u00e7ar a not\u00e1-lo em breve. <strong>O efeito \u00e9 poderoso e dura cerca de 3-4 horas<\/strong>.<\/span><\/p>\n<h4><span style=\"font-weight: 400;\">O VTS \u00e9 legal em Espanha?\u00a0<\/span><\/h4>\n<p><span style=\"font-weight: 400;\"><strong>Sim<\/strong>, o STV <strong>pode ser comercializado legalmente em Espanha<\/strong> desde que esteja em conformidade com a regulamenta\u00e7\u00e3o europeia relativa ao c\u00e2nhamo industrial e disponha de an\u00e1lises laboratoriais independentes e de rastreabilidade. <\/span><\/p>\n<p><span style=\"font-weight: 400;\">Al\u00e9m disso, \u00e9 fundamental que <strong>n\u00e3o excede os limites legais de THC<\/strong>, que corresponde a uma percentagem <strong>menos de 0,3% THC.<\/strong> Naturalmente, em <strong>Fumo de Iguana<\/strong> Levamos isto muito a s\u00e9rio e todos os nossos produtos cumprem as normas e padr\u00f5es actuais.\u00a0<\/span><\/p>\n<h4><span style=\"font-weight: 400;\">O Sativanol \u00e9 mais potente do que o CBD?\u00a0<\/span><\/h4>\n<p><span style=\"font-weight: 400;\">Muitos utilizadores consideram que o <strong>Sativanol<\/strong> <\/span><span style=\"font-weight: 400;\">tem efeitos mais acentuados do que o\u00a0<a style=\"font-weight: 400;\" href=\"https:\/\/iguanasmoke.com\/pt\/o-poder-curativo-do-cbd-tudo-o-que-precisa-de-saber-sobre-os-produtos-cbd\/\"><b>CBD<\/b><\/a>, nomeadamente em termos de clareza mental e de alerta.<\/span><\/p>","protected":false},"excerpt":{"rendered":"<h4>Carater\u00edsticas<\/h4>\n<ul>\n<li style=\"list-style-type: none;\">\n<ul>\n<li>Sabor a can\u00e1bis: a variedade Amnesia<\/li>\n<li>Capacidade: 1 ml \/ 2 ml<\/li>\n<li>Cursos: at\u00e9 300 \/ 600<\/li>\n<li>Terpenos naturais de alta qualidade<\/li>\n<li>Sativanol<\/li>\n<li>CBD: 40% e CBG: 30%<\/li>\n<li>THC: 0%, HHC: 0%, THC-P: 0%, Nicotina: 0%<\/li>\n<li>N\u00e3o cont\u00e9m VG, PG, PEG, MCT ou outro agente de corte.<\/li>\n<\/ul>\n<\/li>\n<\/ul>\n<p><span style=\"font-weight: 400;\">Al\u00e9m disso, se quiser, pode consultar<strong> <a href=\"https:\/\/iguanasmoke.com\/pt\/analiticas\/\">an\u00e1lises laboratoriais.<\/a><\/strong><\/span><\/p>","protected":false},"featured_media":74739,"comment_status":"open","ping_status":"closed","template":"","meta":{"_acf_changed":false,"site-sidebar-layout":"default","site-content-layout":"","ast-site-content-layout":"default","site-content-style":"default","site-sidebar-style":"default","ast-global-header-display":"","ast-banner-title-visibility":"","ast-main-header-display":"","ast-hfb-above-header-display":"","ast-hfb-below-header-display":"","ast-hfb-mobile-header-display":"","site-post-title":"","ast-breadcrumbs-content":"","ast-featured-img":"","footer-sml-layout":"","theme-transparent-header-meta":"default","adv-header-id-meta":"","stick-header-meta":"","header-above-stick-meta":"","header-main-stick-meta":"","header-below-stick-meta":"","astra-migrate-meta-layouts":"set","ast-page-background-enabled":"default","ast-page-background-meta":{"desktop":{"background-color":"var(--ast-global-color-4)","background-image":"","background-repeat":"repeat","background-position":"center center","background-size":"auto","background-attachment":"scroll","background-type":"","background-media":"","overlay-type":"","overlay-color":"","overlay-opacity":"","overlay-gradient":""},"tablet":{"background-color":"","background-image":"","background-repeat":"repeat","background-position":"center center","background-size":"auto","background-attachment":"scroll","background-type":"","background-media":"","overlay-type":"","overlay-color":"","overlay-opacity":"","overlay-gradient":""},"mobile":{"background-color":"","background-image":"","background-repeat":"repeat","background-position":"center center","background-size":"auto","background-attachment":"scroll","background-type":"","background-media":"","overlay-type":"","overlay-color":"","overlay-opacity":"","overlay-gradient":""}},"ast-content-background-meta":{"desktop":{"background-color":"var(--ast-global-color-5)","background-image":"","background-repeat":"repeat","background-position":"center center","background-size":"auto","background-attachment":"scroll","background-type":"","background-media":"","overlay-type":"","overlay-color":"","overlay-opacity":"","overlay-gradient":""},"tablet":{"background-color":"var(--ast-global-color-5)","background-image":"","background-repeat":"repeat","background-position":"center center","background-size":"auto","background-attachment":"scroll","background-type":"","background-media":"","overlay-type":"","overlay-color":"","overlay-opacity":"","overlay-gradient":""},"mobile":{"background-color":"var(--ast-global-color-5)","background-image":"","background-repeat":"repeat","background-position":"center center","background-size":"auto","background-attachment":"scroll","background-type":"","background-media":"","overlay-type":"","overlay-color":"","overlay-opacity":"","overlay-gradient":""}}},"product_brand":[],"product_cat":[549,418],"product_tag":[],"class_list":{"0":"post-55648","1":"product","2":"type-product","3":"status-publish","4":"has-post-thumbnail","6":"product_cat-sativanol","7":"product_cat-vaper-cbd","8":"desktop-align-center","9":"tablet-align-center","10":"mobile-align-center","12":"first","13":"instock","14":"taxable","15":"shipping-taxable","16":"purchasable","17":"product-type-variable"},"acf":[],"yoast_head":"<!-- This site is optimized with the Yoast SEO Premium plugin v27.3 (Yoast SEO v27.3) - https:\/\/yoast.com\/product\/yoast-seo-premium-wordpress\/ -->\n<title>Vaper Sativanol - Space Vape Amnesia | Iguana Smoke<\/title>\n<meta name=\"description\" content=\"Vaper Sativanol Space Vape Amnesia y terpenos naturales. Sin nicotina, sin THC ni agentes de corte. Env\u00edos gratis a partir de 40\u20ac.\" \/>\n<meta name=\"robots\" content=\"index, follow, max-snippet:-1, max-image-preview:large, max-video-preview:-1\" \/>\n<link rel=\"canonical\" href=\"https:\/\/iguanasmoke.com\/pt\/produto\/vaper-sativanol-space-vape-space-vape-amnesia\/\" \/>\n<meta property=\"og:locale\" content=\"pt_PT\" \/>\n<meta property=\"og:type\" content=\"article\" \/>\n<meta property=\"og:title\" content=\"Vaper Sativanol - Space Vape Amnesia\" \/>\n<meta property=\"og:description\" content=\"Caracter\u00edsticas      Sabor cann\u00e1bico: a la cepa Amnesia  Capacidad: 1 ml \/ 2 ml  Caladas: hasta 300 \/ 600  Terpenos naturales de alta calidad  Sativanol  CBD: 40% y CBG: 30%  THC: 0%, HHC: 0%, THC-P: 0%, Nicotina: 0%  No contiene VG, PG, PEG, MCT u otro agente de corte.    Adem\u00e1s, si quieres puedes consultar el an\u00e1lisis de laboratorio.\" \/>\n<meta property=\"og:url\" content=\"https:\/\/iguanasmoke.com\/pt\/produto\/vaper-sativanol-space-vape-space-vape-amnesia\/\" \/>\n<meta property=\"og:site_name\" content=\"Iguana Smoke\" \/>\n<meta property=\"article:publisher\" content=\"https:\/\/www.facebook.com\/iguanasmoke\" \/>\n<meta property=\"article:modified_time\" content=\"2026-03-09T16:02:30+00:00\" \/>\n<meta property=\"og:image\" content=\"https:\/\/iguanasmoke.com\/wp-content\/uploads\/2025\/04\/Mockup-Amnesia-der-pod-1.webp\" \/>\n\t<meta property=\"og:image:width\" content=\"1000\" \/>\n\t<meta property=\"og:image:height\" content=\"1000\" \/>\n\t<meta property=\"og:image:type\" content=\"image\/webp\" \/>\n<meta name=\"twitter:card\" content=\"summary_large_image\" \/>\n<meta name=\"twitter:label1\" content=\"Disponibilidade\" \/>\n\t<meta name=\"twitter:data1\" content=\"Em stock\" \/>\n<meta property=\"product:brand\" content=\"variable\" \/>\n<meta property=\"og:availability\" content=\"instock\" \/>\n<meta property=\"product:availability\" content=\"instock\" \/>\n<meta property=\"product:condition\" content=\"new\" \/>\n<!-- \/ Yoast SEO Premium plugin. -->","yoast_head_json":{"title":"Vaper Sativanol - Amn\u00e9sia do Vape Espacial | Fuma\u00e7a de Iguana","description":"Vaper Sativanol Space Vape Amnesia e terpenos naturais. Sem nicotina, sem THC e sem agentes de corte. Envio gratuito a partir de 40\u20ac.","robots":{"index":"index","follow":"follow","max-snippet":"max-snippet:-1","max-image-preview":"max-image-preview:large","max-video-preview":"max-video-preview:-1"},"canonical":"https:\/\/iguanasmoke.com\/pt\/produto\/vaper-sativanol-space-vape-space-vape-amnesia\/","og_locale":"pt_PT","og_type":"article","og_title":"Vaper Sativanol - Space Vape Amnesia","og_description":"Caracter\u00edsticas      Sabor cann\u00e1bico: a la cepa Amnesia  Capacidad: 1 ml \/ 2 ml  Caladas: hasta 300 \/ 600  Terpenos naturales de alta calidad  Sativanol  CBD: 40% y CBG: 30%  THC: 0%, HHC: 0%, THC-P: 0%, Nicotina: 0%  No contiene VG, PG, PEG, MCT u otro agente de corte.    Adem\u00e1s, si quieres puedes consultar el an\u00e1lisis de laboratorio.","og_url":"https:\/\/iguanasmoke.com\/pt\/produto\/vaper-sativanol-space-vape-space-vape-amnesia\/","og_site_name":"Iguana Smoke","article_publisher":"https:\/\/www.facebook.com\/iguanasmoke","article_modified_time":"2026-03-09T16:02:30+00:00","og_image":[{"width":1000,"height":1000,"url":"https:\/\/iguanasmoke.com\/wp-content\/uploads\/2025\/04\/Mockup-Amnesia-der-pod-1.webp","type":"image\/webp"}],"twitter_card":"summary_large_image","twitter_misc":{"Disponibilidade":"Em stock"},"schema":{"@context":"https:\/\/schema.org","@graph":[{"@type":"WebPage","@id":"https:\/\/iguanasmoke.com\/producto\/vaper-sativanol-space-vape-amnesia\/","url":"https:\/\/iguanasmoke.com\/producto\/vaper-sativanol-space-vape-amnesia\/","name":"Vaper Sativanol - Amn\u00e9sia do Vape Espacial | Fuma\u00e7a de Iguana","isPartOf":{"@id":"https:\/\/iguanasmoke.com\/#website"},"primaryImageOfPage":{"@id":"https:\/\/iguanasmoke.com\/producto\/vaper-sativanol-space-vape-amnesia\/#primaryimage"},"image":{"@id":"https:\/\/iguanasmoke.com\/producto\/vaper-sativanol-space-vape-amnesia\/#primaryimage"},"thumbnailUrl":"https:\/\/iguanasmoke.com\/wp-content\/uploads\/2025\/04\/Mockup-Amnesia-der-pod-1.webp","datePublished":"2025-04-25T17:13:54+00:00","dateModified":"2026-03-09T16:02:30+00:00","description":"Vaper Sativanol Space Vape Amnesia e terpenos naturais. Sem nicotina, sem THC e sem agentes de corte. Envio gratuito a partir de 40\u20ac.","breadcrumb":{"@id":"https:\/\/iguanasmoke.com\/producto\/vaper-sativanol-space-vape-amnesia\/#breadcrumb"},"inLanguage":"pt-PT","potentialAction":[{"@type":"ReadAction","target":["https:\/\/iguanasmoke.com\/producto\/vaper-sativanol-space-vape-amnesia\/"]}]},{"@type":"ImageObject","inLanguage":"pt-PT","@id":"https:\/\/iguanasmoke.com\/producto\/vaper-sativanol-space-vape-amnesia\/#primaryimage","url":"https:\/\/iguanasmoke.com\/wp-content\/uploads\/2025\/04\/Mockup-Amnesia-der-pod-1.webp","contentUrl":"https:\/\/iguanasmoke.com\/wp-content\/uploads\/2025\/04\/Mockup-Amnesia-der-pod-1.webp","width":1000,"height":1000,"caption":"Caja m\u00e1s vaper naranja Amnesia STV 2ml dcha"},{"@type":"BreadcrumbList","@id":"https:\/\/iguanasmoke.com\/producto\/vaper-sativanol-space-vape-amnesia\/#breadcrumb","itemListElement":[{"@type":"ListItem","position":1,"name":"home","item":"https:\/\/iguanasmoke.com\/"},{"@type":"ListItem","position":2,"name":"Tienda","item":"https:\/\/iguanasmoke.com\/tienda\/"},{"@type":"ListItem","position":3,"name":"Vaper CBD","item":"https:\/\/iguanasmoke.com\/categoria\/vaper-cbd\/"},{"@type":"ListItem","position":4,"name":"Vaper Sativanol &#8211; Space Vape Amnesia"}]},{"@type":"WebSite","@id":"https:\/\/iguanasmoke.com\/#website","url":"https:\/\/iguanasmoke.com\/","name":"Fumo de Iguana","description":"Comprar CBD online ao melhor pre\u00e7o","publisher":{"@id":"https:\/\/iguanasmoke.com\/#organization"},"potentialAction":[{"@type":"SearchAction","target":{"@type":"EntryPoint","urlTemplate":"https:\/\/iguanasmoke.com\/?s={search_term_string}"},"query-input":{"@type":"PropertyValueSpecification","valueRequired":true,"valueName":"search_term_string"}}],"inLanguage":"pt-PT"},{"@type":"Organization","@id":"https:\/\/iguanasmoke.com\/#organization","name":"Fumo de Iguana","url":"https:\/\/iguanasmoke.com\/","logo":{"@type":"ImageObject","inLanguage":"pt-PT","@id":"https:\/\/iguanasmoke.com\/#\/schema\/logo\/image\/","url":"https:\/\/iguanasmoke.com\/wp-content\/uploads\/2025\/01\/logoiguana-favi-1.png","contentUrl":"https:\/\/iguanasmoke.com\/wp-content\/uploads\/2025\/01\/logoiguana-favi-1.png","width":512,"height":512,"caption":"Iguana Smoke"},"image":{"@id":"https:\/\/iguanasmoke.com\/#\/schema\/logo\/image\/"},"sameAs":["https:\/\/www.facebook.com\/iguanasmoke","https:\/\/www.instagram.com\/iguanasmoke\/"]}]},"product_brand":"variable","og_availability":"instock","product_availability":"instock","product_condition":"new"},"_links":{"self":[{"href":"https:\/\/iguanasmoke.com\/pt\/wp-json\/wp\/v2\/product\/55648","targetHints":{"allow":["GET"]}}],"collection":[{"href":"https:\/\/iguanasmoke.com\/pt\/wp-json\/wp\/v2\/product"}],"about":[{"href":"https:\/\/iguanasmoke.com\/pt\/wp-json\/wp\/v2\/types\/product"}],"replies":[{"embeddable":true,"href":"https:\/\/iguanasmoke.com\/pt\/wp-json\/wp\/v2\/comments?post=55648"}],"wp:featuredmedia":[{"embeddable":true,"href":"https:\/\/iguanasmoke.com\/pt\/wp-json\/wp\/v2\/media\/74739"}],"wp:attachment":[{"href":"https:\/\/iguanasmoke.com\/pt\/wp-json\/wp\/v2\/media?parent=55648"}],"wp:term":[{"taxonomy":"product_brand","embeddable":true,"href":"https:\/\/iguanasmoke.com\/pt\/wp-json\/wp\/v2\/product_brand?post=55648"},{"taxonomy":"product_cat","embeddable":true,"href":"https:\/\/iguanasmoke.com\/pt\/wp-json\/wp\/v2\/product_cat?post=55648"},{"taxonomy":"product_tag","embeddable":true,"href":"https:\/\/iguanasmoke.com\/pt\/wp-json\/wp\/v2\/product_tag?post=55648"}],"curies":[{"name":"wp","href":"https:\/\/api.w.org\/{rel}","templated":true}]}}