{"id":56370,"date":"2025-05-05T19:04:38","date_gmt":"2025-05-05T17:04:38","guid":{"rendered":"https:\/\/iguanasmoke.com\/?post_type=product&#038;p=56370"},"modified":"2026-03-30T12:39:32","modified_gmt":"2026-03-30T10:39:32","slug":"cartucho-sativanol-amnesia","status":"publish","type":"product","link":"https:\/\/iguanasmoke.com\/pt\/producto\/cartucho-sativanol-amnesia\/","title":{"rendered":"Sativanol Space Cartridge - Amn\u00e9sia"},"content":{"rendered":"<h1 data-start=\"1609\" data-end=\"1642\"><span style=\"font-weight: 400\">Sativanol Space Cartridge - Amn\u00e9sia<\/span><\/h1>\n<p><span style=\"font-weight: 400\">O<\/span><span style=\"font-weight: 400\">\u00a0<strong>cartucho Sativanol Amnesia<\/strong>, lev\u00e1-lo-\u00e1 a navegar pelo espa\u00e7o de <strong>Fumo de Iguana<\/strong>. <\/span><span style=\"font-weight: 400\">Concebido para os utilizadores que procuram uma <strong>experi\u00eancia vape completa e poderosa<\/strong>, este <strong>vaper Sativanol <\/strong>combina a for\u00e7a do Sativanol com a pot\u00eancia da can\u00e1bis. A f\u00f3rmula \u00e9 completada por <strong>isento de agentes de corte, nicotina e HHC<\/strong>, para que possa desfrutar de um produto limpo, legal e de qualidade.\u00a0<\/span><\/p>\n<p><span style=\"font-weight: 400\">Explorar o <strong>Novas mol\u00e9culas<\/strong> que se sucedem e substituem os antigos <em>HHC Space Vape<\/em>. Comprar <strong>vaporizador<\/strong><\/span><span style=\"font-weight: 400\"><strong> Sativanol <\/strong>significa ter no bolso a tecnologia de can\u00e1bis do futuro. <strong>Sem THC<\/strong>, <strong>mas h\u00e1 um efeito<\/strong>; <strong>sem fumo<\/strong>, <strong>mas h\u00e1 nuvens<\/strong>; N\u00e3o h\u00e1 d\u00favida, porque <strong>este cartucho Sativanol Amnesia \u00e9 puro fogo<\/strong>.<\/span><\/p>\n<p>&nbsp;<\/p>\n<h2><strong>O que \u00e9 o STV ou Sativanol?<\/strong><\/h2>\n<p><span style=\"font-weight: 400\">O <strong>Sativanol<\/strong>, <strong>STV<\/strong> o <strong>Super Sativa<\/strong> \u00e9 uma mol\u00e9cula de \u00faltima gera\u00e7\u00e3o derivada do c\u00e2nhamo que n\u00e3o cont\u00e9m THC ou os seus derivados (HHC, THCP...), mas o seu efeito \u00e9 compar\u00e1vel ao de um <strong>Sativa potente<\/strong>proporciona clareza mental, euforia suave e bem-estar, sem nebulosidade ou baixos.\u00a0\u00a0<\/span><\/p>\n<p>&nbsp;<\/p>\n<h2>Perfil de terpenos da Amn\u00e9sia:<\/h2>\n<p>A variedade Amnesia \u00e9 uma das variedades mais reconhecidas no mundo da can\u00e1bis pelo seu aroma c\u00edtrico, fresco e ligeiramente picante, com um efeito cerebral e cintilante de Sativa. A sua combina\u00e7\u00e3o de terpenos cria uma experi\u00eancia arom\u00e1tica \u00fanica e explosiva:<\/p>\n<ul>\n<li>Limoneno: c\u00edtrico, energizante e anti-stress.<\/li>\n<li>Myrcene: herb\u00e1ceo, com um efeito calmante.<\/li>\n<li>Terpinoleno: floral e complexo, com um toque de menta.<\/li>\n<\/ul>\n<p>&nbsp;<\/p>\n<h2><strong>Caracter\u00edsticas principais do cartucho Sativanol Amnesia:<\/strong><\/h2>\n<ul>\n<li><span style=\"font-weight: 400\"><strong>Sativanol de alta qualidade<\/strong>, com um perfil canabin\u00f3ide natural.<\/span><\/li>\n<li><span style=\"font-weight: 400\"><strong>Extrato de c\u00e2nhamo biol\u00f3gico<\/strong>, isento de aditivos e solventes <\/span><\/li>\n<li><span style=\"font-weight: 400\">Dispon\u00edvel em <strong>1ml e 2ml<\/strong>. <\/span><\/li>\n<li><span style=\"font-weight: 400\">Para <strong>300 puffs (1ml) e 600 puffs (2ml)<\/strong>.<\/span><\/li>\n<li><span style=\"font-weight: 400\"><strong>Sem THC detet\u00e1vel<\/strong>. <\/span><\/li>\n<li><span style=\"font-weight: 400\"><strong>Qualidade garantida pela Iguana Smoke<\/strong>.<\/span><\/li>\n<\/ul>\n<p>&nbsp;<\/p>\n<h2><strong>Benef\u00edcios:<\/strong><\/h2>\n<ul>\n<li><span style=\"font-weight: 400\">Cont\u00e9m <b>Sativanol: <\/b>um canabin\u00f3ide legal, sem THC.<\/span><\/li>\n<li><span style=\"font-weight: 400\">Promove a euforia <\/span><span style=\"font-weight: 400\">concentrado sem paranoia.<\/span><\/li>\n<li><span style=\"font-weight: 400\"><strong>Efeito potente sem <\/strong>sentir os efeitos<strong> psicoactivos n\u00e3o desejados: dura\u00e7\u00e3o<\/strong> longo (<strong>3-4 horas<\/strong>)<\/span><\/li>\n<li><span style=\"font-weight: 400\">Ideal para <strong>utiliza\u00e7\u00e3o di\u00e1ria:<\/strong>\u00a0<strong>sem odor, sem combust\u00e3o, sem toler\u00e2ncia<\/strong>.<\/span><\/li>\n<li>Sabor c\u00edtrico brutal da variedade Amnesia, apenas com canabin\u00f3ides funcionais.<\/li>\n<li>Experi\u00eancia mental e sensorial TOP - vai adorar!<\/li>\n<\/ul>\n<p><span style=\"font-weight: 400\">O <strong>vaper Sativanol <\/strong>\u00e9 a forma mais c\u00f3moda e limpa de usufruir de todos os benef\u00edcios do <strong>benef\u00edcios do Sativanol <\/strong>, sem manuten\u00e7\u00e3o, sem complica\u00e7\u00f5es, sem problemas.\u00a0<\/span><\/p>\n<p>&nbsp;<\/p>\n<h2><strong>O que \u00e9 um cartucho STV descart\u00e1vel?<\/strong><\/h2>\n<p><span style=\"font-weight: 400\">A <strong>cartucho descart\u00e1vel de Sativanol<\/strong> \u00e9 um pequeno cilindro com <strong>Liga\u00e7\u00e3o 510, 1ml ou 2ml<\/strong> que vem carregado com o l\u00edquido Sativanol. A grande diferen\u00e7a em rela\u00e7\u00e3o a outros tipos de cartuchos \u00e9 que n\u00e3o precisa de ser recarregado ou reabastecido: <strong>quando se esgota, \u00e9 simplesmente descartado<\/strong>.\u00a0<\/span><\/p>\n<p><span style=\"font-weight: 400\">Existem tamb\u00e9m <a href=\"https:\/\/iguanasmoke.com\/pt\/categoria\/novas-moleculas\/sativanol\/\">Vapers descart\u00e1veis de Sativanol<\/a> (tudo-em-um) com bateria e cartucho integrados, pronto a utilizar logo que sai da caixa.\u00a0<\/span><\/p>\n<p>&nbsp;<\/p>\n<h2><span style=\"font-weight: 400\"><strong>Baterias para o seu cartucho Sativanol Amnesia<\/strong>:<\/span><\/h2>\n<p><span style=\"font-weight: 400\">N\u00e3o se esque\u00e7a de comprar um <strong>pilha 510<\/strong> <strong>fi\u00e1vel<\/strong>, <strong>duradouro<\/strong>. \u00c9 por isso que em <strong>Fumo de Iguana<\/strong> oferecemos-lhe diferentes modelos concebidos para garantir uma <strong>n\u00e9voa uniforme<\/strong>, <strong>sabor limpo<\/strong> e um <strong>experi\u00eancia de vaporiza\u00e7\u00e3o confort\u00e1vel e segura<\/strong>.<\/span><\/p>\n<ul>\n<li><span style=\"font-weight: 400\"><a href=\"https:\/\/iguanasmoke.com\/pt\/produto\/bateria-iguana-power-510-para-cartuchos-de-1-ml\/\"><strong>Bateria 510 com rosca para cartuchos de 1 ml<\/strong><\/a>O seu tamanho compacto, discreto e f\u00e1cil de transportar, e a sua pot\u00eancia est\u00e3o perfeitamente calibrados para extrair todo o perfil arom\u00e1tico do Sativanol sem sobreaquecer o l\u00edquido. <em>Tem uma pot\u00eancia de 320 mAh.<\/em><\/span><\/li>\n<li><span style=\"font-weight: 400\"><a href=\"https:\/\/iguanasmoke.com\/pt\/produto\/bateria-iguana-power-510-para-cartuchos-de-2-ml\/\"><strong>Bateria 510 com rosca para cartuchos de 2 ml<\/strong><\/a>Cartuchos Sativanol: Oferecem uma maior autonomia, concebidos para os utilizadores que gostam de sess\u00f5es mais longas ou que preferem mudar os cartuchos Sativanol com menos frequ\u00eancia. Garantem <strong>pot\u00eancia est\u00e1vel e desempenho constante<\/strong>. <em>Tem uma pot\u00eancia de 400 mAh<\/em>.\u00a0<\/span><\/li>\n<li><a href=\"https:\/\/iguanasmoke.com\/pt\/produto\/bateria-iguana-power-cartbox-bateria-510-para-cartuchos\/\">Bateria de bolso Cartbox com rosca 510<\/a>; Compatibilidade 2 em 1: <strong><span style=\"font-weight: 400\">E se procura versatilidade, este modelo \u00e9 compat\u00edvel com cartuchos de 1ml e 2ml, combinando autonomia, discri\u00e7\u00e3o e pot\u00eancia ajust\u00e1vel. Ideal para quem quer um \u00fanico dispositivo que se adapte a tudo. <em>Tem uma pot\u00eancia de 650 mAh<\/em>.\u00a0<\/span><\/strong><\/li>\n<\/ul>\n<h3><\/h3>\n<h3><b>Porqu\u00ea comprar cartuchos <span style=\"font-weight: 400\"><strong>Sativanol <\/strong><\/span><\/b><b>Fumo de Iguana?<\/b><\/h3>\n<p><span style=\"font-weight: 400\">Em <strong>Fumo de Iguana<\/strong>, Damos prioridade \u00e0 qualidade e \u00e0 transpar\u00eancia. Os nossos <strong>cartuchos <\/strong><strong>Sativanol<\/strong> s\u00e3o fabricados a partir de extractos naturais e ecol\u00f3gicos, oferecendo produtos <\/span><span style=\"font-weight: 400\"><strong>seguro e potente <\/strong>que ret\u00eam todos os canabin\u00f3ides e terpenos. Tal como acontece com as nossas <strong>cartucho Sativanol Amnesia<\/strong>, que se destaca pelo seu intenso sabor a can\u00e1bis.<\/span><\/p>\n<p><span style=\"font-weight: 400\">Este \u00e9 o seu lugar seguro para <strong>comprar STV vaper online no Reino Unido.<\/strong> Todos os nossos produtos s\u00e3o aprovados pela UE, o que garante a sua legalidade e seguran\u00e7a. Para al\u00e9m disso, se desejar, pode consultar<\/span><span style=\"font-weight: 400\"> <a href=\"https:\/\/iguanasmoke.com\/pt\/analiticas\/\">aqui a an\u00e1lise laboratorial.<\/a>\u00a0<\/span><\/p>\n<p><span style=\"font-weight: 400\">N\u00e3o se esque\u00e7a de explorar outros <strong>vapers Sativanol <\/strong>como o <a href=\"https:\/\/iguanasmoke.com\/pt\/produto\/vaper-stv-space-vape-space-vape-amnesia-sativanol\/\">Space Vape Amnesia Sativanol Vaper<\/a> u <\/span><span style=\"font-weight: 400\">outros <strong>Produtos TOP<\/strong> como o <a href=\"https:\/\/iguanasmoke.com\/pt\/produto\/vaper-10-oh-90-space-vape-bagas-vermelhas\/\">Vaper 10-OH Space Vape<\/a> ou o <a href=\"https:\/\/iguanasmoke.com\/pt\/produto\/flor-amnesia-stv-20\/\">Flor STV Amn\u00e9sia 20%<\/a>. <\/span><span style=\"font-weight: 400\">Em suma, explore a nossa variedade e encontre j\u00e1 os seus favoritos.<\/span><span style=\"font-weight: 400\">\u00a0<\/span><\/p>\n<p>&nbsp;<\/p>\n<h3><b>Iguana Smoke \u00e9 a sua loja online de confian\u00e7a de CBD<\/b><\/h3>\n<p><span style=\"font-weight: 400\">Na Iguana Smoke, acreditamos que desfrutar do CBD deve ser uma experi\u00eancia segura e prazerosa. \u00c9 por isso que temos produtos de alta qualidade que se ligam \u00e0s novas gera\u00e7\u00f5es: pessoas que procuram um bem-estar descomplicado, com marcas aut\u00eanticas e fi\u00e1veis.\u00a0<\/span><\/p>\n<p>A nossa miss\u00e3o \u00e9 clara: levar at\u00e9 si o melhor do mundo dos canabin\u00f3ides a um pre\u00e7o justo, com a tranquilidade de saber que est\u00e1 a escolher um produto certificado, eficaz e 100% legal.<\/p>\n<p>Ainda tem d\u00favidas? Escreva-nos e teremos todo o gosto em ajud\u00e1-lo a encontrar o produto certo para si.<\/p>\n<p>&nbsp;<\/p>\n<p><em><span style=\"font-weight: 400\">*Nota: a sua utiliza\u00e7\u00e3o destina-se a cole\u00e7\u00e3o ou aromaterapia, de acordo com a legisla\u00e7\u00e3o espanhola. <\/span><\/em><\/p>\n<p><em><span style=\"font-weight: 400\">**Todos os nossos produtos s\u00e3o derivados de c\u00e2nhamo industrial certificado. Cont\u00eam menos de 0,3 THC e n\u00e3o cont\u00eam canabin\u00f3ides ilegais como HHC, HHC-P, THCP, THCP-O, H4CBD e os inclu\u00eddos no Anexo I do Decreto Real 2829\/1977, nem subst\u00e2ncias controladas por conven\u00e7\u00f5es internacionais.\u00a0\u00a0<\/span><\/em><\/p>","protected":false},"excerpt":{"rendered":"<p>Deixe-se levar pela verdadeira Amn\u00e9sia:<\/p>\n<ul>\n<li>Liga\u00e7\u00e3o: tipo 510<\/li>\n<li>Capacidade: <span style=\"font-size: 16px\">1 ml (300 puffs)\/ 2 ml (600 puffs)<\/span><\/li>\n<li>Sativanol em 90%<\/li>\n<li>Terpenos naturais com sabor a can\u00e1bis<\/li>\n<li>THC: 0%, HHC: 0%<\/li>\n<li>THC-P: 0%, Nicotina: 0%<\/li>\n<li>N\u00e3o cont\u00e9m VG, PG, PEG, MCT ou qualquer outro agente de corte.<\/li>\n<\/ul>\n<p><span style=\"font-weight: 400\">Al\u00e9m disso, consultar<strong>\u00a0<a href=\"https:\/\/iguanasmoke.com\/pt\/analiticas\/\">an\u00e1lises laboratoriais.<\/a><\/strong><\/span><\/p>","protected":false},"featured_media":56361,"comment_status":"open","ping_status":"closed","template":"","meta":{"_acf_changed":false,"site-sidebar-layout":"default","site-content-layout":"default","ast-site-content-layout":"default","site-content-style":"default","site-sidebar-style":"default","ast-global-header-display":"","ast-banner-title-visibility":"","ast-main-header-display":"","ast-hfb-above-header-display":"","ast-hfb-below-header-display":"","ast-hfb-mobile-header-display":"","site-post-title":"","ast-breadcrumbs-content":"","ast-featured-img":"","footer-sml-layout":"","theme-transparent-header-meta":"default","adv-header-id-meta":"","stick-header-meta":"","header-above-stick-meta":"","header-main-stick-meta":"","header-below-stick-meta":"","astra-migrate-meta-layouts":"set","ast-page-background-enabled":"default","ast-page-background-meta":{"desktop":{"background-color":"var(--ast-global-color-4)","background-image":"","background-repeat":"repeat","background-position":"center center","background-size":"auto","background-attachment":"scroll","background-type":"","background-media":"","overlay-type":"","overlay-color":"","overlay-opacity":"","overlay-gradient":""},"tablet":{"background-color":"","background-image":"","background-repeat":"repeat","background-position":"center center","background-size":"auto","background-attachment":"scroll","background-type":"","background-media":"","overlay-type":"","overlay-color":"","overlay-opacity":"","overlay-gradient":""},"mobile":{"background-color":"","background-image":"","background-repeat":"repeat","background-position":"center center","background-size":"auto","background-attachment":"scroll","background-type":"","background-media":"","overlay-type":"","overlay-color":"","overlay-opacity":"","overlay-gradient":""}},"ast-content-background-meta":{"desktop":{"background-color":"var(--ast-global-color-5)","background-image":"","background-repeat":"repeat","background-position":"center center","background-size":"auto","background-attachment":"scroll","background-type":"","background-media":"","overlay-type":"","overlay-color":"","overlay-opacity":"","overlay-gradient":""},"tablet":{"background-color":"var(--ast-global-color-5)","background-image":"","background-repeat":"repeat","background-position":"center center","background-size":"auto","background-attachment":"scroll","background-type":"","background-media":"","overlay-type":"","overlay-color":"","overlay-opacity":"","overlay-gradient":""},"mobile":{"background-color":"var(--ast-global-color-5)","background-image":"","background-repeat":"repeat","background-position":"center center","background-size":"auto","background-attachment":"scroll","background-type":"","background-media":"","overlay-type":"","overlay-color":"","overlay-opacity":"","overlay-gradient":""}}},"product_brand":[],"product_cat":[419,549,418],"product_tag":[],"class_list":{"0":"post-56370","1":"product","2":"type-product","3":"status-publish","4":"has-post-thumbnail","6":"product_cat-cartuchos-cbd","7":"product_cat-sativanol","8":"product_cat-vaper-cbd","9":"desktop-align-center","10":"tablet-align-center","11":"mobile-align-center","13":"first","14":"instock","15":"taxable","16":"shipping-taxable","17":"purchasable","18":"product-type-variable"},"acf":[],"yoast_head":"<!-- This site is optimized with the Yoast SEO Premium plugin v27.3 (Yoast SEO v27.3) - https:\/\/yoast.com\/product\/yoast-seo-premium-wordpress\/ -->\n<title>Cartucho Sativanol Amnesia | Iguana Smoke<\/title>\n<meta name=\"description\" content=\"Compra el Cartucho Sativanol Amnesia para tener claridad mental, energ\u00eda c\u00edtrica y cero THC. \u00a1Activa tu mente y tu estilo con tu vaper STV potente!\" \/>\n<meta name=\"robots\" content=\"index, follow, max-snippet:-1, max-image-preview:large, max-video-preview:-1\" \/>\n<link rel=\"canonical\" href=\"https:\/\/iguanasmoke.com\/pt\/produto\/cartucho-sativanol-amnesia\/\" \/>\n<meta property=\"og:locale\" content=\"pt_PT\" \/>\n<meta property=\"og:type\" content=\"article\" \/>\n<meta property=\"og:title\" content=\"Cartucho Sativanol Space - Amnesia\" \/>\n<meta property=\"og:description\" content=\"D\u00e9jate llevar por la aut\u00e9ntica Amnesia:   Conexi\u00f3n: tipo 510  Capacidad: 1 ml (300 caladas)\/ 2 ml (600 caladas)  Sativanol al 90%  Terpenos naturales sabor cannabis  THC: 0%, HHC: 0%  THC-P: 0%, Nicotina: 0%  No contiene VG, PG, PEG, MCT o cualquier otro agente de corte  Adem\u00e1s, consulta\u00a0el an\u00e1lisis de laboratorio.\" \/>\n<meta property=\"og:url\" content=\"https:\/\/iguanasmoke.com\/pt\/produto\/cartucho-sativanol-amnesia\/\" \/>\n<meta property=\"og:site_name\" content=\"Iguana Smoke\" \/>\n<meta property=\"article:publisher\" content=\"https:\/\/www.facebook.com\/iguanasmoke\" \/>\n<meta property=\"article:modified_time\" content=\"2026-03-30T10:39:32+00:00\" \/>\n<meta property=\"og:image\" content=\"https:\/\/iguanasmoke.com\/wp-content\/uploads\/2025\/05\/Bolsa-Cart-HHC-Amnesia-bolsa-2025-1.webp\" \/>\n\t<meta property=\"og:image:width\" content=\"1000\" \/>\n\t<meta property=\"og:image:height\" content=\"1000\" \/>\n\t<meta property=\"og:image:type\" content=\"image\/webp\" \/>\n<meta name=\"twitter:card\" content=\"summary_large_image\" \/>\n<meta name=\"twitter:label1\" content=\"Disponibilidade\" \/>\n\t<meta name=\"twitter:data1\" content=\"Em stock\" \/>\n<meta property=\"product:brand\" content=\"variable\" \/>\n<meta property=\"og:availability\" content=\"instock\" \/>\n<meta property=\"product:availability\" content=\"instock\" \/>\n<meta property=\"product:condition\" content=\"new\" \/>\n<!-- \/ Yoast SEO Premium plugin. -->","yoast_head_json":{"title":"Cartucho Sativanol Amnesia | Iguana Smoke","description":"Compre o Cartucho Sativanol Amnesia para ter clareza mental, energia c\u00edtrica e zero THC. Ative a sua mente e o seu estilo com o seu vaper STV potente!","robots":{"index":"index","follow":"follow","max-snippet":"max-snippet:-1","max-image-preview":"max-image-preview:large","max-video-preview":"max-video-preview:-1"},"canonical":"https:\/\/iguanasmoke.com\/pt\/produto\/cartucho-sativanol-amnesia\/","og_locale":"pt_PT","og_type":"article","og_title":"Cartucho Sativanol Space - Amnesia","og_description":"D\u00e9jate llevar por la aut\u00e9ntica Amnesia:   Conexi\u00f3n: tipo 510  Capacidad: 1 ml (300 caladas)\/ 2 ml (600 caladas)  Sativanol al 90%  Terpenos naturales sabor cannabis  THC: 0%, HHC: 0%  THC-P: 0%, Nicotina: 0%  No contiene VG, PG, PEG, MCT o cualquier otro agente de corte  Adem\u00e1s, consulta\u00a0el an\u00e1lisis de laboratorio.","og_url":"https:\/\/iguanasmoke.com\/pt\/produto\/cartucho-sativanol-amnesia\/","og_site_name":"Iguana Smoke","article_publisher":"https:\/\/www.facebook.com\/iguanasmoke","article_modified_time":"2026-03-30T10:39:32+00:00","og_image":[{"width":1000,"height":1000,"url":"https:\/\/iguanasmoke.com\/wp-content\/uploads\/2025\/05\/Bolsa-Cart-HHC-Amnesia-bolsa-2025-1.webp","type":"image\/webp"}],"twitter_card":"summary_large_image","twitter_misc":{"Disponibilidade":"Em stock"},"schema":{"@context":"https:\/\/schema.org","@graph":[{"@type":"WebPage","@id":"https:\/\/iguanasmoke.com\/producto\/cartucho-sativanol-amnesia\/","url":"https:\/\/iguanasmoke.com\/producto\/cartucho-sativanol-amnesia\/","name":"Cartucho Sativanol Amnesia | Iguana Smoke","isPartOf":{"@id":"https:\/\/iguanasmoke.com\/#website"},"primaryImageOfPage":{"@id":"https:\/\/iguanasmoke.com\/producto\/cartucho-sativanol-amnesia\/#primaryimage"},"image":{"@id":"https:\/\/iguanasmoke.com\/producto\/cartucho-sativanol-amnesia\/#primaryimage"},"thumbnailUrl":"https:\/\/iguanasmoke.com\/wp-content\/uploads\/2025\/05\/Bolsa-Cart-HHC-Amnesia-bolsa-2025-1.webp","datePublished":"2025-05-05T17:04:38+00:00","dateModified":"2026-03-30T10:39:32+00:00","description":"Compre o Cartucho Sativanol Amnesia para ter clareza mental, energia c\u00edtrica e zero THC. Ative a sua mente e o seu estilo com o seu vaper STV potente!","breadcrumb":{"@id":"https:\/\/iguanasmoke.com\/producto\/cartucho-sativanol-amnesia\/#breadcrumb"},"inLanguage":"pt-PT","potentialAction":[{"@type":"ReadAction","target":["https:\/\/iguanasmoke.com\/producto\/cartucho-sativanol-amnesia\/"]}]},{"@type":"ImageObject","inLanguage":"pt-PT","@id":"https:\/\/iguanasmoke.com\/producto\/cartucho-sativanol-amnesia\/#primaryimage","url":"https:\/\/iguanasmoke.com\/wp-content\/uploads\/2025\/05\/Bolsa-Cart-HHC-Amnesia-bolsa-2025-1.webp","contentUrl":"https:\/\/iguanasmoke.com\/wp-content\/uploads\/2025\/05\/Bolsa-Cart-HHC-Amnesia-bolsa-2025-1.webp","width":1000,"height":1000,"caption":"Bolsa y cartucho STV Amnesia de Iguana Smoke, vaper con Sativanol legal"},{"@type":"BreadcrumbList","@id":"https:\/\/iguanasmoke.com\/producto\/cartucho-sativanol-amnesia\/#breadcrumb","itemListElement":[{"@type":"ListItem","position":1,"name":"home","item":"https:\/\/iguanasmoke.com\/"},{"@type":"ListItem","position":2,"name":"Tienda","item":"https:\/\/iguanasmoke.com\/tienda\/"},{"@type":"ListItem","position":3,"name":"Vaper CBD","item":"https:\/\/iguanasmoke.com\/categoria\/vaper-cbd\/"},{"@type":"ListItem","position":4,"name":"Cartuchos","item":"https:\/\/iguanasmoke.com\/categoria\/vaper-cbd\/cartuchos-cbd\/"},{"@type":"ListItem","position":5,"name":"Cartucho Sativanol Space &#8211; Amnesia"}]},{"@type":"WebSite","@id":"https:\/\/iguanasmoke.com\/#website","url":"https:\/\/iguanasmoke.com\/","name":"Fumo de Iguana","description":"Comprar CBD online ao melhor pre\u00e7o","publisher":{"@id":"https:\/\/iguanasmoke.com\/#organization"},"potentialAction":[{"@type":"SearchAction","target":{"@type":"EntryPoint","urlTemplate":"https:\/\/iguanasmoke.com\/?s={search_term_string}"},"query-input":{"@type":"PropertyValueSpecification","valueRequired":true,"valueName":"search_term_string"}}],"inLanguage":"pt-PT"},{"@type":"Organization","@id":"https:\/\/iguanasmoke.com\/#organization","name":"Fumo de Iguana","url":"https:\/\/iguanasmoke.com\/","logo":{"@type":"ImageObject","inLanguage":"pt-PT","@id":"https:\/\/iguanasmoke.com\/#\/schema\/logo\/image\/","url":"https:\/\/iguanasmoke.com\/wp-content\/uploads\/2025\/01\/logoiguana-favi-1.png","contentUrl":"https:\/\/iguanasmoke.com\/wp-content\/uploads\/2025\/01\/logoiguana-favi-1.png","width":512,"height":512,"caption":"Iguana Smoke"},"image":{"@id":"https:\/\/iguanasmoke.com\/#\/schema\/logo\/image\/"},"sameAs":["https:\/\/www.facebook.com\/iguanasmoke","https:\/\/www.instagram.com\/iguanasmoke\/"]}]},"product_brand":"variable","og_availability":"instock","product_availability":"instock","product_condition":"new"},"_links":{"self":[{"href":"https:\/\/iguanasmoke.com\/pt\/wp-json\/wp\/v2\/product\/56370","targetHints":{"allow":["GET"]}}],"collection":[{"href":"https:\/\/iguanasmoke.com\/pt\/wp-json\/wp\/v2\/product"}],"about":[{"href":"https:\/\/iguanasmoke.com\/pt\/wp-json\/wp\/v2\/types\/product"}],"replies":[{"embeddable":true,"href":"https:\/\/iguanasmoke.com\/pt\/wp-json\/wp\/v2\/comments?post=56370"}],"wp:featuredmedia":[{"embeddable":true,"href":"https:\/\/iguanasmoke.com\/pt\/wp-json\/wp\/v2\/media\/56361"}],"wp:attachment":[{"href":"https:\/\/iguanasmoke.com\/pt\/wp-json\/wp\/v2\/media?parent=56370"}],"wp:term":[{"taxonomy":"product_brand","embeddable":true,"href":"https:\/\/iguanasmoke.com\/pt\/wp-json\/wp\/v2\/product_brand?post=56370"},{"taxonomy":"product_cat","embeddable":true,"href":"https:\/\/iguanasmoke.com\/pt\/wp-json\/wp\/v2\/product_cat?post=56370"},{"taxonomy":"product_tag","embeddable":true,"href":"https:\/\/iguanasmoke.com\/pt\/wp-json\/wp\/v2\/product_tag?post=56370"}],"curies":[{"name":"wp","href":"https:\/\/api.w.org\/{rel}","templated":true}]}}