{"id":57563,"date":"2025-05-22T19:08:41","date_gmt":"2025-05-22T17:08:41","guid":{"rendered":"https:\/\/iguanasmoke.com\/?post_type=product&#038;p=57563"},"modified":"2026-03-20T10:39:09","modified_gmt":"2026-03-20T09:39:09","slug":"hash-cbn-40","status":"publish","type":"product","link":"https:\/\/iguanasmoke.com\/pt\/producto\/hash-cbn-40\/","title":{"rendered":"Hash CBN 40%"},"content":{"rendered":"<h1><span style=\"font-weight: 400;\">Hash CBN 40%: O nosso \u00fanico e inigual\u00e1vel<\/span><\/h1>\n<p><span style=\"font-weight: 400;\">Este hash \u00e9 t\u00e3o especial quanto \u00fanico, o <strong>Hash CBN 40%<\/strong> \u00e9 o \u00fanico do seu g\u00e9nero: com 40% de CBN (canabinol) na sua composi\u00e7\u00e3o e menos de 0,3% de THC, o que o torna o haxixe ideal para ser apreciado sozinho.<\/span><span style=\"font-weight: 400;\">\u00a0Saiba por que raz\u00e3o o <strong>haxixe CBN 40%<\/strong><strong>\u00a0<\/strong>\u00e9 uma das resinas mais fortes e de maior qualidade que pode encontrar se quiser <strong>comprar haxixe CBN barato<\/strong> mas de pr\u00e9mio.<\/span><\/p>\n<p><span style=\"font-weight: 400;\">Explore a sua textura e saboreie os seus aromas!<\/span><\/p>\n<p>&nbsp;<\/p>\n<h2><strong>O que \u00e9 a CBN?<\/strong><\/h2>\n<p><span style=\"font-weight: 400;\">O <strong>CBN<\/strong> (canabinol) \u00e9 um <strong>canabin\u00f3ide natural<\/strong> que est\u00e1 localizado no <strong>PLANTA DE CANNABIS<\/strong>, embora em pequenas propor\u00e7\u00f5es. Forma-se naturalmente quando o <strong>O THC oxida-se ou envelhece<\/strong>, Encontra-se, portanto, frequentemente em flores ou extractos antigos. A sua presen\u00e7a \u00e9 vital para a nossa <strong>Hash CBN 40%<\/strong> \u00fanico.<\/span><\/p>\n<p><span style=\"font-weight: 400;\"><strong>N\u00e3o \u00e9 uma subst\u00e2ncia psicoactiva<\/strong> tal como o CBD, n\u00e3o tem efeitos psicoactivos. \u00c9 frequentemente utilizado para melhorar o sono devido \u00e0 sua <strong>efeito relaxante e sedativo<\/strong>; Tamb\u00e9m pode ajudar a reduzir a ansiedade, a dor e a inflama\u00e7\u00e3o. Em combina\u00e7\u00e3o com o CBD, pode aumentar os efeitos calmantes sem alterar a mente.\u00a0<\/span><\/p>\n<p>&nbsp;<\/p>\n<h2>Carater\u00edsticas do CBN Hash:<\/h2>\n<ul>\n<li><b>Aspeto e textura: <span style=\"font-size: 16px; font-weight: 400;\">distingue-se pela sua cor tostada, <strong>textura cremosa e male\u00e1vel<\/strong> com a presen\u00e7a marcada de um 40% de CBN.\u00a0<\/span><\/b><\/li>\n<li><span style=\"font-size: 16px; font-weight: 400;\"><strong>Aroma e sabor:<\/strong> intenso com tons de <strong>doces<\/strong>.<\/span><\/li>\n<li><strong>Origem e pureza:<\/strong><span style=\"font-size: 16px; font-weight: 400;\"> Fabricado com <strong>flores de c\u00e2nhamo que se degradam<\/strong> progressivamente com o tempo ou com a exposi\u00e7\u00e3o ao ar e \u00e0 luz.\u00a0<\/span><\/li>\n<\/ul>\n<p>&nbsp;<\/p>\n<h3><b>Porqu\u00ea comprar haxixe CBN na Iguana Smoke?<\/b><\/h3>\n<p><span style=\"font-weight: 400;\">Na Iguana Smoke, estamos empenhados na qualidade. Os nossos produtos de haxixe CBD s\u00e3o 100% naturais e org\u00e2nicos, sem qu\u00edmicos ou pesticidas. Isto significa que quando nos compra, est\u00e1 a escolher <strong>haxixe e resina CBN puros e seguros<\/strong>. Como \u00e9 o caso do nosso <strong>haxixe CBN 40%<\/strong><strong>.<\/strong><\/span><\/p>\n<p><span style=\"font-weight: 400;\">Este \u00e9 o local seguro para <strong>comprar haxixe CBN barato online em Espanha.<\/strong> Todos os nossos produtos s\u00e3o aprovados pela UE, garantindo a sua legalidade e seguran\u00e7a. Com menos de 0,3 % de THC, pode desfrutar dos muitos benef\u00edcios do CBD sem os efeitos psicoactivos. Os nossos <strong>40% O haxixe CBN sem THC tem um elevado teor de CBN. <\/strong> e respeita as normas de qualidade, cuja an\u00e1lise pode ser consultada em<\/span><span style=\"font-weight: 400;\">\u00a0<a href=\"https:\/\/iguanasmoke.com\/pt\/analiticas\/\">aqui<\/a>.\u00a0<\/span><\/p>\n<p><em><span style=\"font-weight: 400;\">*Nota: a sua utiliza\u00e7\u00e3o destina-se a cole\u00e7\u00e3o ou aromaterapia, de acordo com a legisla\u00e7\u00e3o espanhola.\u00a0<\/span><\/em><\/p>\n<p><span style=\"font-weight: 400;\">Al\u00e9m disso, se gosta das nossas resinas CBD mais tradicionais, como a <a href=\"https:\/\/iguanasmoke.com\/pt\/produto\/lemon-haze-hash-cbd-20\/\">haxixe CBD Lemon Haze<\/a> ou o <a href=\"https:\/\/iguanasmoke.com\/pt\/produto\/nepal-cream-hash-cbd-20\/\">haxixe CBD Nepal<\/a>,tu <\/span><span style=\"font-weight: 400;\">garantimos que o <strong>Hash CBN<\/strong> vai faz\u00ea-lo relaxar. Al\u00e9m disso, n\u00e3o se esque\u00e7a de experimentar outros <strong>Produtos TOP<\/strong> como o <a href=\"https:\/\/iguanasmoke.com\/pt\/produto\/live-resin-cbd-84-con-live-terpenes\/\">extractos naturais<\/a> ou o <a href=\"https:\/\/iguanasmoke.com\/pt\/produto\/vaper-10-oh-90-space-vape-morango\/\">Vaper 10-OH Space Vape<\/a>. <\/span><span style=\"font-weight: 400;\">Em suma, explore a nossa variedade e encontre j\u00e1 os seus favoritos.\u00a0<\/span><\/p>\n<p>&nbsp;<\/p>\n<h3><b>Iguana Smoke \u00e9 sin\u00f3nimo de qualidade e fiabilidade.<\/b><\/h3>\n<p><span style=\"font-weight: 400;\">Na Iguana Smoke, acreditamos que desfrutar do CBD deve ser uma experi\u00eancia segura e prazerosa. Por isso, temos produtos de alta qualidade que se conectam com as novas gera\u00e7\u00f5es: pessoas que buscam um bem-estar descomplicado, com marcas aut\u00eanticas e confi\u00e1veis. Lembre-se que todos os nossos produtos s\u00e3o <strong>Haxixe de canabin\u00f3ides sem THC<\/strong>, como o <strong>Hash CBN 40% <\/strong>vai tentar.<\/span><\/p>\n<p>A nossa miss\u00e3o \u00e9 clara: levar at\u00e9 si o melhor do mundo dos canabin\u00f3ides a um pre\u00e7o justo, com a tranquilidade de saber que est\u00e1 a escolher um produto certificado, eficaz e 100% legal. Estamos na vanguarda dos produtos da <span style=\"font-weight: 400;\">can\u00e1bis<\/span> como o not\u00e1vel <strong>Hash CBN 40%<\/strong>.<\/p>\n<p>Ainda tem d\u00favidas? Escreva-nos e teremos todo o gosto em ajud\u00e1-lo a encontrar o produto certo para si.<\/p>","protected":false},"excerpt":{"rendered":"<p><span style=\"font-weight: 400;\">O CBN Hash 40% destaca-se pelo seu aroma intenso e tons doces, oferecendo uma textura cremosa e male\u00e1vel. Este haxixe \u00e9 ideal para os entusiastas que procuram uma experi\u00eancia aut\u00eantica e querem comprar CBD online.<\/span><\/p>\n<ul>\n<li>CBN: 40% \/ THC: &lt;0,3%<\/li>\n<li>100% legal na Europa<\/li>\n<\/ul>\n<p>An\u00e1lise da qualidade: clique\u00a0<a href=\"https:\/\/iguanasmoke.com\/pt\/analiticas\/\" target=\"_blank\" rel=\"noopener\">aqui<\/a><\/p>","protected":false},"featured_media":81815,"comment_status":"open","ping_status":"closed","template":"","meta":{"_acf_changed":false,"site-sidebar-layout":"default","site-content-layout":"default","ast-site-content-layout":"default","site-content-style":"default","site-sidebar-style":"default","ast-global-header-display":"","ast-banner-title-visibility":"","ast-main-header-display":"","ast-hfb-above-header-display":"","ast-hfb-below-header-display":"","ast-hfb-mobile-header-display":"","site-post-title":"","ast-breadcrumbs-content":"","ast-featured-img":"","footer-sml-layout":"","theme-transparent-header-meta":"default","adv-header-id-meta":"","stick-header-meta":"","header-above-stick-meta":"","header-main-stick-meta":"","header-below-stick-meta":"","astra-migrate-meta-layouts":"set","ast-page-background-enabled":"default","ast-page-background-meta":{"desktop":{"background-color":"var(--ast-global-color-4)","background-image":"","background-repeat":"repeat","background-position":"center center","background-size":"auto","background-attachment":"scroll","background-type":"","background-media":"","overlay-type":"","overlay-color":"","overlay-opacity":"","overlay-gradient":""},"tablet":{"background-color":"","background-image":"","background-repeat":"repeat","background-position":"center center","background-size":"auto","background-attachment":"scroll","background-type":"","background-media":"","overlay-type":"","overlay-color":"","overlay-opacity":"","overlay-gradient":""},"mobile":{"background-color":"","background-image":"","background-repeat":"repeat","background-position":"center center","background-size":"auto","background-attachment":"scroll","background-type":"","background-media":"","overlay-type":"","overlay-color":"","overlay-opacity":"","overlay-gradient":""}},"ast-content-background-meta":{"desktop":{"background-color":"var(--ast-global-color-5)","background-image":"","background-repeat":"repeat","background-position":"center center","background-size":"auto","background-attachment":"scroll","background-type":"","background-media":"","overlay-type":"","overlay-color":"","overlay-opacity":"","overlay-gradient":""},"tablet":{"background-color":"var(--ast-global-color-5)","background-image":"","background-repeat":"repeat","background-position":"center center","background-size":"auto","background-attachment":"scroll","background-type":"","background-media":"","overlay-type":"","overlay-color":"","overlay-opacity":"","overlay-gradient":""},"mobile":{"background-color":"var(--ast-global-color-5)","background-image":"","background-repeat":"repeat","background-position":"center center","background-size":"auto","background-attachment":"scroll","background-type":"","background-media":"","overlay-type":"","overlay-color":"","overlay-opacity":"","overlay-gradient":""}}},"product_brand":[],"product_cat":[397],"product_tag":[],"class_list":{"0":"post-57563","1":"product","2":"type-product","3":"status-publish","4":"has-post-thumbnail","6":"product_cat-hash-cbd","7":"desktop-align-center","8":"tablet-align-center","9":"mobile-align-center","11":"first","12":"outofstock","13":"taxable","14":"shipping-taxable","15":"purchasable","16":"product-type-variable"},"acf":[],"yoast_head":"<!-- This site is optimized with the Yoast SEO Premium plugin v27.3 (Yoast SEO v27.3) - https:\/\/yoast.com\/product\/yoast-seo-premium-wordpress\/ -->\n<title>Hash CBN 40%: el original | Iguana Smoke<\/title>\n<meta name=\"description\" content=\"Disfruta del exclusivo Hash CBN 40%, lleno de aromas y con menos del 0.3% de THC. \u00a1Ideal para aquellos que buscan lo especial, compra hach\u00eds CBN 40%!\" \/>\n<meta name=\"robots\" content=\"index, follow, max-snippet:-1, max-image-preview:large, max-video-preview:-1\" \/>\n<link rel=\"canonical\" href=\"https:\/\/iguanasmoke.com\/pt\/produto\/hash-cbn-40\/\" \/>\n<meta property=\"og:locale\" content=\"pt_PT\" \/>\n<meta property=\"og:type\" content=\"article\" \/>\n<meta property=\"og:title\" content=\"Hash CBN 40%\" \/>\n<meta property=\"og:description\" content=\"El CBN Hash 40% destaca por su aroma intenso y tonos dulces, ofreciendo una textura cremosa y maleable. Este hash es ideal para los aficionados que buscan una experiencia aut\u00e9ntica y quieren comprar CBD online.   CBN: 40% \/ THC: &lt;0,3%  100% legal en Europa  An\u00e1lisis de calidad: pincha\u00a0aqu\u00ed\" \/>\n<meta property=\"og:url\" content=\"https:\/\/iguanasmoke.com\/pt\/produto\/hash-cbn-40\/\" \/>\n<meta property=\"og:site_name\" content=\"Iguana Smoke\" \/>\n<meta property=\"article:publisher\" content=\"https:\/\/www.facebook.com\/iguanasmoke\" \/>\n<meta property=\"article:modified_time\" content=\"2026-03-20T09:39:09+00:00\" \/>\n<meta property=\"og:image\" content=\"https:\/\/iguanasmoke.com\/wp-content\/uploads\/2025\/05\/CBN-2g-con-hash.webp\" \/>\n\t<meta property=\"og:image:width\" content=\"1000\" \/>\n\t<meta property=\"og:image:height\" content=\"1000\" \/>\n\t<meta property=\"og:image:type\" content=\"image\/webp\" \/>\n<meta name=\"twitter:card\" content=\"summary_large_image\" \/>\n<meta name=\"twitter:label1\" content=\"Disponibilidade\" \/>\n\t<meta name=\"twitter:data1\" content=\"Esgotado\" \/>\n<meta property=\"product:brand\" content=\"variable\" \/>\n<meta property=\"og:availability\" content=\"out of stock\" \/>\n<meta property=\"product:availability\" content=\"out of stock\" \/>\n<meta property=\"product:condition\" content=\"new\" \/>\n<!-- \/ Yoast SEO Premium plugin. -->","yoast_head_json":{"title":"Hash CBN 40%: o original : Iguana Smoke","description":"Desfruta do exclusivo CBN 40% Hash, cheio de aromas e com menos de 0,3% THC. Ideal para quem procura algo especial, compra o haxixe CBN 40%!","robots":{"index":"index","follow":"follow","max-snippet":"max-snippet:-1","max-image-preview":"max-image-preview:large","max-video-preview":"max-video-preview:-1"},"canonical":"https:\/\/iguanasmoke.com\/pt\/produto\/hash-cbn-40\/","og_locale":"pt_PT","og_type":"article","og_title":"Hash CBN 40%","og_description":"El CBN Hash 40% destaca por su aroma intenso y tonos dulces, ofreciendo una textura cremosa y maleable. Este hash es ideal para los aficionados que buscan una experiencia aut\u00e9ntica y quieren comprar CBD online.   CBN: 40% \/ THC: &lt;0,3%  100% legal en Europa  An\u00e1lisis de calidad: pincha\u00a0aqu\u00ed","og_url":"https:\/\/iguanasmoke.com\/pt\/produto\/hash-cbn-40\/","og_site_name":"Iguana Smoke","article_publisher":"https:\/\/www.facebook.com\/iguanasmoke","article_modified_time":"2026-03-20T09:39:09+00:00","og_image":[{"width":1000,"height":1000,"url":"https:\/\/iguanasmoke.com\/wp-content\/uploads\/2025\/05\/CBN-2g-con-hash.webp","type":"image\/webp"}],"twitter_card":"summary_large_image","twitter_misc":{"Disponibilidade":"Esgotado"},"schema":{"@context":"https:\/\/schema.org","@graph":[{"@type":"WebPage","@id":"https:\/\/iguanasmoke.com\/producto\/hash-cbn-40\/","url":"https:\/\/iguanasmoke.com\/producto\/hash-cbn-40\/","name":"Hash CBN 40%: o original : Iguana Smoke","isPartOf":{"@id":"https:\/\/iguanasmoke.com\/#website"},"primaryImageOfPage":{"@id":"https:\/\/iguanasmoke.com\/producto\/hash-cbn-40\/#primaryimage"},"image":{"@id":"https:\/\/iguanasmoke.com\/producto\/hash-cbn-40\/#primaryimage"},"thumbnailUrl":"https:\/\/iguanasmoke.com\/wp-content\/uploads\/2025\/05\/CBN-2g-con-hash.webp","datePublished":"2025-05-22T17:08:41+00:00","dateModified":"2026-03-20T09:39:09+00:00","description":"Desfruta do exclusivo CBN 40% Hash, cheio de aromas e com menos de 0,3% THC. Ideal para quem procura algo especial, compra o haxixe CBN 40%!","breadcrumb":{"@id":"https:\/\/iguanasmoke.com\/producto\/hash-cbn-40\/#breadcrumb"},"inLanguage":"pt-PT","potentialAction":[{"@type":"ReadAction","target":["https:\/\/iguanasmoke.com\/producto\/hash-cbn-40\/"]}]},{"@type":"ImageObject","inLanguage":"pt-PT","@id":"https:\/\/iguanasmoke.com\/producto\/hash-cbn-40\/#primaryimage","url":"https:\/\/iguanasmoke.com\/wp-content\/uploads\/2025\/05\/CBN-2g-con-hash.webp","contentUrl":"https:\/\/iguanasmoke.com\/wp-content\/uploads\/2025\/05\/CBN-2g-con-hash.webp","width":1000,"height":1000,"caption":"Hash CBN 2g"},{"@type":"BreadcrumbList","@id":"https:\/\/iguanasmoke.com\/producto\/hash-cbn-40\/#breadcrumb","itemListElement":[{"@type":"ListItem","position":1,"name":"home","item":"https:\/\/iguanasmoke.com\/"},{"@type":"ListItem","position":2,"name":"Tienda","item":"https:\/\/iguanasmoke.com\/tienda\/"},{"@type":"ListItem","position":3,"name":"Hash CBD","item":"https:\/\/iguanasmoke.com\/categoria\/hash-cbd\/"},{"@type":"ListItem","position":4,"name":"Hash CBN 40%"}]},{"@type":"WebSite","@id":"https:\/\/iguanasmoke.com\/#website","url":"https:\/\/iguanasmoke.com\/","name":"Fumo de Iguana","description":"Comprar CBD online ao melhor pre\u00e7o","publisher":{"@id":"https:\/\/iguanasmoke.com\/#organization"},"potentialAction":[{"@type":"SearchAction","target":{"@type":"EntryPoint","urlTemplate":"https:\/\/iguanasmoke.com\/?s={search_term_string}"},"query-input":{"@type":"PropertyValueSpecification","valueRequired":true,"valueName":"search_term_string"}}],"inLanguage":"pt-PT"},{"@type":"Organization","@id":"https:\/\/iguanasmoke.com\/#organization","name":"Fumo de Iguana","url":"https:\/\/iguanasmoke.com\/","logo":{"@type":"ImageObject","inLanguage":"pt-PT","@id":"https:\/\/iguanasmoke.com\/#\/schema\/logo\/image\/","url":"https:\/\/iguanasmoke.com\/wp-content\/uploads\/2025\/01\/logoiguana-favi-1.png","contentUrl":"https:\/\/iguanasmoke.com\/wp-content\/uploads\/2025\/01\/logoiguana-favi-1.png","width":512,"height":512,"caption":"Iguana Smoke"},"image":{"@id":"https:\/\/iguanasmoke.com\/#\/schema\/logo\/image\/"},"sameAs":["https:\/\/www.facebook.com\/iguanasmoke","https:\/\/www.instagram.com\/iguanasmoke\/"]}]},"product_brand":"variable","og_availability":"out of stock","product_availability":"out of stock","product_condition":"new"},"_links":{"self":[{"href":"https:\/\/iguanasmoke.com\/pt\/wp-json\/wp\/v2\/product\/57563","targetHints":{"allow":["GET"]}}],"collection":[{"href":"https:\/\/iguanasmoke.com\/pt\/wp-json\/wp\/v2\/product"}],"about":[{"href":"https:\/\/iguanasmoke.com\/pt\/wp-json\/wp\/v2\/types\/product"}],"replies":[{"embeddable":true,"href":"https:\/\/iguanasmoke.com\/pt\/wp-json\/wp\/v2\/comments?post=57563"}],"wp:featuredmedia":[{"embeddable":true,"href":"https:\/\/iguanasmoke.com\/pt\/wp-json\/wp\/v2\/media\/81815"}],"wp:attachment":[{"href":"https:\/\/iguanasmoke.com\/pt\/wp-json\/wp\/v2\/media?parent=57563"}],"wp:term":[{"taxonomy":"product_brand","embeddable":true,"href":"https:\/\/iguanasmoke.com\/pt\/wp-json\/wp\/v2\/product_brand?post=57563"},{"taxonomy":"product_cat","embeddable":true,"href":"https:\/\/iguanasmoke.com\/pt\/wp-json\/wp\/v2\/product_cat?post=57563"},{"taxonomy":"product_tag","embeddable":true,"href":"https:\/\/iguanasmoke.com\/pt\/wp-json\/wp\/v2\/product_tag?post=57563"}],"curies":[{"name":"wp","href":"https:\/\/api.w.org\/{rel}","templated":true}]}}