{"id":57888,"date":"2025-05-29T01:18:10","date_gmt":"2025-05-28T23:18:10","guid":{"rendered":"https:\/\/iguanasmoke.com\/?post_type=product&#038;p=57888"},"modified":"2026-03-24T13:46:03","modified_gmt":"2026-03-24T12:46:03","slug":"space-hash-moroccan-stv-sativanol","status":"publish","type":"product","link":"https:\/\/iguanasmoke.com\/pt\/producto\/space-hash-moroccan-stv-sativanol\/","title":{"rendered":"Espa\u00e7o Hash STV marroquino (Sativanol)"},"content":{"rendered":"<section class=\"product-description\"><\/section>\n<section class=\"stv-description\"><\/section>\n<h1><span style=\"font-weight: 400;\">Espa\u00e7o Hash STV marroquina: as novas mol\u00e9culas<\/span><\/h1>\n<p><span style=\"font-weight: 400;\">O Space Hash Moroccan STV \u00e9 uma joia para aqueles que procuram uma <strong>Haxixe sem THC<\/strong> que combina o melhor do haxixe tradicional marroquino com a pot\u00eancia do <strong>Super Sativa<\/strong>A textura \u00e9 flex\u00edvel e o acabamento \u00e9 feito \u00e0 m\u00e3o, para quem procura algo diferente sem perder a ess\u00eancia do aut\u00eantico haxixe de primeira qualidade:<\/span><\/p>\n<ul>\n<li>\u00c9 um produto seguro que cumpre as normas legais, com menos de 0,3% de THC.<\/li>\n<li>Al\u00e9m disso, n\u00e3o cont\u00e9m produtos qu\u00edmicos ou aditivos artificiais.<\/li>\n<li>Ideal para consumidores exigentes e amantes de haxixe de primeira qualidade.<\/li>\n<li>Qualidade testada por laborat\u00f3rios independentes <a href=\"https:\/\/iguanasmoke.com\/pt\/analiticas\/\">aqui<\/a>.<\/li>\n<\/ul>\n<h2><strong>O que \u00e9 o STV? <\/strong><\/h2>\n<p><span style=\"font-weight: 400;\">A STV (Super Sativa - Sativanol) \u00e9 uma <strong>canabin\u00f3ide semi-sint\u00e9tico<\/strong> que \u00e9 derivado do c\u00e2nhamo. Foi concebido para oferecer <strong>efeitos estimulantes, sensa\u00e7\u00f5es de euforia e momentos de clareza mental<\/strong>, todos isentos de THC, HHC, THCP e an\u00e1logos psicoactivos. <\/span><\/p>\n<p><span style=\"font-weight: 400;\">A vantagem desta mol\u00e9cula \u00e9 que n\u00e3o \u00e9 conhecida por criar toler\u00e2ncia, o que significa que pode desfrutar do seu efeito durante mais tempo. Pode experimentar o Space Hash Moroccan STV com um <strong>in\u00edcio moderado<\/strong> (10-30 minutos) e um <strong>dura\u00e7\u00e3o 3-4 horas<\/strong>, que n\u00e3o provoca sonol\u00eancia no final.\u00a0<\/span><\/p>\n<p><span style=\"font-weight: 400;\">O melhor de tudo \u00e9 que o STV representa um <strong>nova era dos canabin\u00f3ides funcionais<\/strong>, ideal para quem procura experi\u00eancias <strong>Tipo Sativa sem sofrer os efeitos negativos<\/strong>. \u00c9 simplesmente perfeito.\u00a0\u00a0<\/span><\/p>\n<p>Se quiser saber mais sobre o STV, n\u00e3o se esque\u00e7a de visitar <a href=\"https:\/\/iguanasmoke.com\/pt\/nuevos-nuestro blog: Guia de &lt;yoastmark class=\/\">canabin\u00f3ides legais em Espanha.<\/a><\/p>\n<p><span style=\"font-weight: 400;\">\u00a0\u00a0<\/span><\/p>\n<h2>Carater\u00edsticas do STV marroquino do Space Hash:<\/h2>\n<ul>\n<li><span style=\"font-size: 16px; font-weight: 400;\"><strong>Aroma e sabor:<\/strong> Emite uma <strong>aroma subtil e picante<\/strong> que lembra os cl\u00e1ssicos do Norte de \u00c1frica. Um sabor encorpado desde o in\u00edcio, sem ser enjoativo.\u00a0<\/span><\/li>\n<li><strong>Origem e pureza:<\/strong> <span style=\"font-size: 16px; font-weight: 400;\">Extra\u00eddo de <strong>c\u00e2nhamo europeu selecionado<\/strong> em pormenor e seguindo o <strong>m\u00e9todos tradicionais marroquinos que, juntamente com o STV<\/strong> fazem com que este canabin\u00f3ide moderno lhe ofere\u00e7a uma experi\u00eancia alternativa, sem efeitos psicoactivos e totalmente legal.\u00a0<\/span><\/li>\n<li><span style=\"font-size: 16px; font-weight: 400;\"><strong>Aspeto e textura:<\/strong>\u00a0 A sua cor loura clara e o seu aspeto compacto tornam-no um haxixe atraente para quem valoriza a qualidade visual. \u00c9 f\u00e1cil de manusear e \u00e9 perfeito para desfrutar sozinho ou com outras pessoas.\u00a0<\/span><\/li>\n<\/ul>\n<p>&nbsp;<\/p>\n<h3><b>Porqu\u00ea comprar haxixe e resina STV \u00e0 Iguana Smoke?<\/b><\/h3>\n<p><span style=\"font-weight: 400;\">Na Iguana Smoke, estamos empenhados na qualidade. Os nossos produtos STV (Sativanol) combinam os dois mundos do c\u00e2nhamo natural 100% e os canabin\u00f3ides mais inovadores, oferecendo uma alternativa segura e legal, sem efeitos psicoactivos. <\/span><strong>A Space Hash Moroccan STV destaca-se realmente no mundo dos canabin\u00f3ides.<\/strong><\/p>\n<p>Pode ter a certeza de que cada unidade do nosso haxixe STV \u00e9 feita a partir de mat\u00e9rias-primas org\u00e2nicas e \u00e9 submetida a testes laboratoriais para garantir a pureza e a seguran\u00e7a.<span style=\"font-weight: 400;\"> Lembrem-se que a Iguana Smoke \u00e9 o vosso lugar seguro. <strong>onde comprar haxixe CBD e STV em Espanha: <\/strong>Produtos aprovados pela UE, com menos de 0,3 % de THC, para uma experi\u00eancia aut\u00eantica e legal.\u00a0<\/span><\/p>\n<p><span style=\"font-weight: 400;\">Pode consultar a an\u00e1lise da qualidade deste haxixe <a href=\"https:\/\/iguanasmoke.com\/pt\/analiticas\/\">aqui<\/a>.\u00a0<\/span><\/p>\n<p>&nbsp;<\/p>\n<p><span style=\"font-weight: 400;\">Al\u00e9m disso, se gosta das nossas resinas CBD mais tradicionais, como a <a href=\"https:\/\/iguanasmoke.com\/pt\/produto\/hash-cbd-amnesia\/\">hash amn\u00e9sia cbd<\/a> tu <\/span><span style=\"font-weight: 400;\">garantimos que o <strong>Espa\u00e7o Hash marroquino STV<\/strong> ir\u00e1 limpar os seus sentidos. Al\u00e9m disso, n\u00e3o se esque\u00e7a de experimentar outros produtos TOP, como o <a href=\"https:\/\/iguanasmoke.com\/pt\/produto\/flor-gelato-stv-20\/\">Flores STV 20%<\/a> e o <a href=\"https:\/\/iguanasmoke.com\/pt\/space-vape-stv-um-vaper-revolucionario\/\">Vapores Espaciais STV<\/a>. <\/span><\/p>\n<p><span style=\"font-weight: 400;\">Em suma, explore a nossa variedade e encontre j\u00e1 os seus favoritos.\u00a0<\/span><\/p>\n<p>&nbsp;<\/p>\n<h3><b>Iguana Smoke \u00e9 sin\u00f3nimo de qualidade e fiabilidade.<\/b><\/h3>\n<p><span style=\"font-weight: 400;\">Na Iguana Smoke, acreditamos que desfrutar da STV deve ser uma experi\u00eancia segura e agrad\u00e1vel. Por isso, temos produtos de alta qualidade que se conectam com as novas gera\u00e7\u00f5es: pessoas que procuram bem-estar sem complica\u00e7\u00f5es, com marcas aut\u00eanticas e fi\u00e1veis. Lembra-te que todos os nossos produtos s\u00e3o haxixe<strong>\u00a0Sem THC, HHC e THCP<\/strong>, como o <strong>Espa\u00e7o Hash marroquino STV <\/strong>que vai levar para casa.<\/span><\/p>\n<p>A nossa miss\u00e3o \u00e9 clara: trazer-lhe o melhor do mundo dos canabin\u00f3ides a um pre\u00e7o justo, com a tranquilidade de saber que est\u00e1 a escolher um produto certificado, eficaz e 100% legal. Estamos na vanguarda dos produtos CBD.<\/p>\n<p>Ainda tem d\u00favidas? Escreva-nos e teremos todo o gosto em ajud\u00e1-lo a encontrar o produto certo para si.<\/p>\n<p>&nbsp;<\/p>\n<p>*<em><span style=\"font-weight: 400;\">Lembre-se: a sua utiliza\u00e7\u00e3o destina-se \u00e0 recolha ou \u00e0 aromaterapia, de acordo com a legisla\u00e7\u00e3o espanhola.\u00a0<\/span><\/em><\/p>","protected":false},"excerpt":{"rendered":"<p><span style=\"font-weight: 400;\">Space Hash Moroccan STV com uma textura firme e um aroma picante. Enriquecido com STV (Sativanol), proporciona clareza e uma leve euforia.\u00a0<\/span><\/p>\n<ul>\n<li><strong style=\"font-size: 16px; font-style: normal;\">Cor loura clara <\/strong>- Perfeito para uma experi\u00eancia aut\u00eantica<\/li>\n<li><strong>Menos de 0,3% THC - 100% legal em toda a Europa<\/strong><\/li>\n<li><strong>Produ\u00e7\u00e3o natural<\/strong>- Sem pesticidas ou produtos qu\u00edmicos artificiais<\/li>\n<\/ul>\n<p>An\u00e1lise da qualidade: clique\u00a0<a href=\"https:\/\/iguanasmoke.com\/pt\/analiticas\/\" target=\"_blank\" rel=\"noopener\">aqui<\/a><\/p>","protected":false},"featured_media":57946,"comment_status":"open","ping_status":"closed","template":"","meta":{"_acf_changed":false,"site-sidebar-layout":"default","site-content-layout":"","ast-site-content-layout":"default","site-content-style":"default","site-sidebar-style":"default","ast-global-header-display":"","ast-banner-title-visibility":"","ast-main-header-display":"","ast-hfb-above-header-display":"","ast-hfb-below-header-display":"","ast-hfb-mobile-header-display":"","site-post-title":"","ast-breadcrumbs-content":"","ast-featured-img":"","footer-sml-layout":"","theme-transparent-header-meta":"default","adv-header-id-meta":"","stick-header-meta":"","header-above-stick-meta":"","header-main-stick-meta":"","header-below-stick-meta":"","astra-migrate-meta-layouts":"set","ast-page-background-enabled":"default","ast-page-background-meta":{"desktop":{"background-color":"var(--ast-global-color-4)","background-image":"","background-repeat":"repeat","background-position":"center center","background-size":"auto","background-attachment":"scroll","background-type":"","background-media":"","overlay-type":"","overlay-color":"","overlay-opacity":"","overlay-gradient":""},"tablet":{"background-color":"","background-image":"","background-repeat":"repeat","background-position":"center center","background-size":"auto","background-attachment":"scroll","background-type":"","background-media":"","overlay-type":"","overlay-color":"","overlay-opacity":"","overlay-gradient":""},"mobile":{"background-color":"","background-image":"","background-repeat":"repeat","background-position":"center center","background-size":"auto","background-attachment":"scroll","background-type":"","background-media":"","overlay-type":"","overlay-color":"","overlay-opacity":"","overlay-gradient":""}},"ast-content-background-meta":{"desktop":{"background-color":"var(--ast-global-color-5)","background-image":"","background-repeat":"repeat","background-position":"center center","background-size":"auto","background-attachment":"scroll","background-type":"","background-media":"","overlay-type":"","overlay-color":"","overlay-opacity":"","overlay-gradient":""},"tablet":{"background-color":"var(--ast-global-color-5)","background-image":"","background-repeat":"repeat","background-position":"center center","background-size":"auto","background-attachment":"scroll","background-type":"","background-media":"","overlay-type":"","overlay-color":"","overlay-opacity":"","overlay-gradient":""},"mobile":{"background-color":"var(--ast-global-color-5)","background-image":"","background-repeat":"repeat","background-position":"center center","background-size":"auto","background-attachment":"scroll","background-type":"","background-media":"","overlay-type":"","overlay-color":"","overlay-opacity":"","overlay-gradient":""}}},"product_brand":[],"product_cat":[397,549],"product_tag":[],"class_list":{"0":"post-57888","1":"product","2":"type-product","3":"status-publish","4":"has-post-thumbnail","6":"product_cat-hash-cbd","7":"product_cat-sativanol","8":"desktop-align-center","9":"tablet-align-center","10":"mobile-align-center","12":"first","13":"instock","14":"taxable","15":"shipping-taxable","16":"purchasable","17":"product-type-variable"},"acf":[],"yoast_head":"<!-- This site is optimized with the Yoast SEO Premium plugin v27.3 (Yoast SEO v27.3) - https:\/\/yoast.com\/product\/yoast-seo-premium-wordpress\/ -->\n<title>Space Hash Moroccan STV: hach\u00eds sin THC | Iguana Smoke<\/title>\n<meta name=\"description\" content=\"Descubre el nuevo Space Hash Moroccan STV en Iguana Smoke. Ven a comprar hach\u00eds legal con Sativanol y CBD, sin THC psicoactivo. Tu hash con calidad premium.\" \/>\n<meta name=\"robots\" content=\"index, follow, max-snippet:-1, max-image-preview:large, max-video-preview:-1\" \/>\n<link rel=\"canonical\" href=\"https:\/\/iguanasmoke.com\/pt\/produto\/space-hash-moroccan-stv-sativanol\/\" \/>\n<meta property=\"og:locale\" content=\"pt_PT\" \/>\n<meta property=\"og:type\" content=\"article\" \/>\n<meta property=\"og:title\" content=\"Space Hash Moroccan STV (Sativanol)\" \/>\n<meta property=\"og:description\" content=\"El Space Hash Moroccan STV de textura firme y aroma especiado. Enriquecido con STV(Sativanol), aporta claridad y euforia ligera.\u00a0   Color rubio claro \u2013 Perfecta para una experiencia aut\u00e9ntica  Menos de 0,3% de THC \u2013 100% legal en toda Europa  Producci\u00f3n natural\u2013 Sin pesticidas ni qu\u00edmicos artificiales  An\u00e1lisis de calidad: pincha\u00a0aqu\u00ed\" \/>\n<meta property=\"og:url\" content=\"https:\/\/iguanasmoke.com\/pt\/produto\/space-hash-moroccan-stv-sativanol\/\" \/>\n<meta property=\"og:site_name\" content=\"Iguana Smoke\" \/>\n<meta property=\"article:publisher\" content=\"https:\/\/www.facebook.com\/iguanasmoke\" \/>\n<meta property=\"article:modified_time\" content=\"2026-03-24T12:46:03+00:00\" \/>\n<meta property=\"og:image\" content=\"https:\/\/iguanasmoke.com\/wp-content\/uploads\/2025\/05\/mockup-Blonde-5g.png\" \/>\n\t<meta property=\"og:image:width\" content=\"1000\" \/>\n\t<meta property=\"og:image:height\" content=\"1000\" \/>\n\t<meta property=\"og:image:type\" content=\"image\/png\" \/>\n<meta name=\"twitter:card\" content=\"summary_large_image\" \/>\n<meta name=\"twitter:label1\" content=\"Disponibilidade\" \/>\n\t<meta name=\"twitter:data1\" content=\"Em stock\" \/>\n<meta property=\"product:brand\" content=\"variable\" \/>\n<meta property=\"og:availability\" content=\"instock\" \/>\n<meta property=\"product:availability\" content=\"instock\" \/>\n<meta property=\"product:condition\" content=\"new\" \/>\n<!-- \/ Yoast SEO Premium plugin. -->","yoast_head_json":{"title":"Space Hash Moroccan STV: Haxixe sem THC : Iguana Smoke","description":"Descubra o novo Space Hash Moroccan STV na Iguana Smoke. Venha comprar haxixe legal com Sativanol e CBD, sem THC psicoativo. O seu haxixe de qualidade superior.","robots":{"index":"index","follow":"follow","max-snippet":"max-snippet:-1","max-image-preview":"max-image-preview:large","max-video-preview":"max-video-preview:-1"},"canonical":"https:\/\/iguanasmoke.com\/pt\/produto\/space-hash-moroccan-stv-sativanol\/","og_locale":"pt_PT","og_type":"article","og_title":"Space Hash Moroccan STV (Sativanol)","og_description":"El Space Hash Moroccan STV de textura firme y aroma especiado. Enriquecido con STV(Sativanol), aporta claridad y euforia ligera.\u00a0   Color rubio claro \u2013 Perfecta para una experiencia aut\u00e9ntica  Menos de 0,3% de THC \u2013 100% legal en toda Europa  Producci\u00f3n natural\u2013 Sin pesticidas ni qu\u00edmicos artificiales  An\u00e1lisis de calidad: pincha\u00a0aqu\u00ed","og_url":"https:\/\/iguanasmoke.com\/pt\/produto\/space-hash-moroccan-stv-sativanol\/","og_site_name":"Iguana Smoke","article_publisher":"https:\/\/www.facebook.com\/iguanasmoke","article_modified_time":"2026-03-24T12:46:03+00:00","og_image":[{"width":1000,"height":1000,"url":"https:\/\/iguanasmoke.com\/wp-content\/uploads\/2025\/05\/mockup-Blonde-5g.png","type":"image\/png"}],"twitter_card":"summary_large_image","twitter_misc":{"Disponibilidade":"Em stock"},"schema":{"@context":"https:\/\/schema.org","@graph":[{"@type":"WebPage","@id":"https:\/\/iguanasmoke.com\/producto\/space-hash-moroccan-stv-sativanol\/","url":"https:\/\/iguanasmoke.com\/producto\/space-hash-moroccan-stv-sativanol\/","name":"Space Hash Moroccan STV: Haxixe sem THC : Iguana Smoke","isPartOf":{"@id":"https:\/\/iguanasmoke.com\/#website"},"primaryImageOfPage":{"@id":"https:\/\/iguanasmoke.com\/producto\/space-hash-moroccan-stv-sativanol\/#primaryimage"},"image":{"@id":"https:\/\/iguanasmoke.com\/producto\/space-hash-moroccan-stv-sativanol\/#primaryimage"},"thumbnailUrl":"https:\/\/iguanasmoke.com\/wp-content\/uploads\/2025\/05\/mockup-Blonde-5g.png","datePublished":"2025-05-28T23:18:10+00:00","dateModified":"2026-03-24T12:46:03+00:00","description":"Descubra o novo Space Hash Moroccan STV na Iguana Smoke. Venha comprar haxixe legal com Sativanol e CBD, sem THC psicoativo. O seu haxixe de qualidade superior.","breadcrumb":{"@id":"https:\/\/iguanasmoke.com\/producto\/space-hash-moroccan-stv-sativanol\/#breadcrumb"},"inLanguage":"pt-PT","potentialAction":[{"@type":"ReadAction","target":["https:\/\/iguanasmoke.com\/producto\/space-hash-moroccan-stv-sativanol\/"]}]},{"@type":"ImageObject","inLanguage":"pt-PT","@id":"https:\/\/iguanasmoke.com\/producto\/space-hash-moroccan-stv-sativanol\/#primaryimage","url":"https:\/\/iguanasmoke.com\/wp-content\/uploads\/2025\/05\/mockup-Blonde-5g.png","contentUrl":"https:\/\/iguanasmoke.com\/wp-content\/uploads\/2025\/05\/mockup-Blonde-5g.png","width":1000,"height":1000,"caption":"dos piedras de hash rubio STV moroccan con bote negro y pegatina morada"},{"@type":"BreadcrumbList","@id":"https:\/\/iguanasmoke.com\/producto\/space-hash-moroccan-stv-sativanol\/#breadcrumb","itemListElement":[{"@type":"ListItem","position":1,"name":"home","item":"https:\/\/iguanasmoke.com\/"},{"@type":"ListItem","position":2,"name":"Tienda","item":"https:\/\/iguanasmoke.com\/tienda\/"},{"@type":"ListItem","position":3,"name":"Nuevas Mol\u00e9culas","item":"https:\/\/iguanasmoke.com\/categoria\/nuevas-moleculas\/"},{"@type":"ListItem","position":4,"name":"Sativanol - STV","item":"https:\/\/iguanasmoke.com\/categoria\/nuevas-moleculas\/sativanol\/"},{"@type":"ListItem","position":5,"name":"Space Hash Moroccan STV (Sativanol)"}]},{"@type":"WebSite","@id":"https:\/\/iguanasmoke.com\/#website","url":"https:\/\/iguanasmoke.com\/","name":"Fumo de Iguana","description":"Comprar CBD online ao melhor pre\u00e7o","publisher":{"@id":"https:\/\/iguanasmoke.com\/#organization"},"potentialAction":[{"@type":"SearchAction","target":{"@type":"EntryPoint","urlTemplate":"https:\/\/iguanasmoke.com\/?s={search_term_string}"},"query-input":{"@type":"PropertyValueSpecification","valueRequired":true,"valueName":"search_term_string"}}],"inLanguage":"pt-PT"},{"@type":"Organization","@id":"https:\/\/iguanasmoke.com\/#organization","name":"Fumo de Iguana","url":"https:\/\/iguanasmoke.com\/","logo":{"@type":"ImageObject","inLanguage":"pt-PT","@id":"https:\/\/iguanasmoke.com\/#\/schema\/logo\/image\/","url":"https:\/\/iguanasmoke.com\/wp-content\/uploads\/2025\/01\/logoiguana-favi-1.png","contentUrl":"https:\/\/iguanasmoke.com\/wp-content\/uploads\/2025\/01\/logoiguana-favi-1.png","width":512,"height":512,"caption":"Iguana Smoke"},"image":{"@id":"https:\/\/iguanasmoke.com\/#\/schema\/logo\/image\/"},"sameAs":["https:\/\/www.facebook.com\/iguanasmoke","https:\/\/www.instagram.com\/iguanasmoke\/"]}]},"product_brand":"variable","og_availability":"instock","product_availability":"instock","product_condition":"new"},"_links":{"self":[{"href":"https:\/\/iguanasmoke.com\/pt\/wp-json\/wp\/v2\/product\/57888","targetHints":{"allow":["GET"]}}],"collection":[{"href":"https:\/\/iguanasmoke.com\/pt\/wp-json\/wp\/v2\/product"}],"about":[{"href":"https:\/\/iguanasmoke.com\/pt\/wp-json\/wp\/v2\/types\/product"}],"replies":[{"embeddable":true,"href":"https:\/\/iguanasmoke.com\/pt\/wp-json\/wp\/v2\/comments?post=57888"}],"wp:featuredmedia":[{"embeddable":true,"href":"https:\/\/iguanasmoke.com\/pt\/wp-json\/wp\/v2\/media\/57946"}],"wp:attachment":[{"href":"https:\/\/iguanasmoke.com\/pt\/wp-json\/wp\/v2\/media?parent=57888"}],"wp:term":[{"taxonomy":"product_brand","embeddable":true,"href":"https:\/\/iguanasmoke.com\/pt\/wp-json\/wp\/v2\/product_brand?post=57888"},{"taxonomy":"product_cat","embeddable":true,"href":"https:\/\/iguanasmoke.com\/pt\/wp-json\/wp\/v2\/product_cat?post=57888"},{"taxonomy":"product_tag","embeddable":true,"href":"https:\/\/iguanasmoke.com\/pt\/wp-json\/wp\/v2\/product_tag?post=57888"}],"curies":[{"name":"wp","href":"https:\/\/api.w.org\/{rel}","templated":true}]}}