{"id":57901,"date":"2025-09-30T12:43:46","date_gmt":"2025-09-30T10:43:46","guid":{"rendered":"https:\/\/iguanasmoke.com\/?post_type=product&#038;p=57901"},"modified":"2026-04-13T08:56:39","modified_gmt":"2026-04-13T06:56:39","slug":"espaco-hash-dry-sift-10-oh","status":"publish","type":"product","link":"https:\/\/iguanasmoke.com\/pt\/producto\/space-hash-dry-sift-10-oh\/","title":{"rendered":"Espa\u00e7o Hash Dry Sift 10-OH"},"content":{"rendered":"<section class=\"space-hash-dry-sift-10oh-description\">\n<h1><span style=\"font-weight: 400;\">Space Hash Dry Sift 10-OH: a fus\u00e3o entre o cl\u00e1ssico e o novo<\/span><\/h1>\n<\/section>\n<section class=\"space-hash-dry-sift-10oh-description\"><span style=\"font-weight: 400;\">Procura algo diferente? Descubra o nosso <strong>Espa\u00e7o Hash Dry Sift 10-OH<\/strong>, um haxixe 10-OH que combina a forma tradicional de fazer haxixe com a <strong>haxixe com uma nova mol\u00e9cula<\/strong> que o vai deixar boquiaberto. Criamo-lo a partir de c\u00e2nhamo da melhor qualidade e adicionamos o nosso pr\u00f3prio <strong>canabin\u00f3ide especial: 10-OH<\/strong>. O resultado \u00e9 um <strong>experi\u00eancia de outro planeta<\/strong>, e, evidentemente, est\u00e1 em conformidade com a lei, porque \u00e9 a sua <strong>Haxixe sem THC<\/strong>. Gostaria de experimentar? <\/span>\u00a0<\/section>\n<section><\/section>\n<section><\/section>\n<h2><\/h2>\n<p>&nbsp;<\/p>\n<h2><em>Space Hash: Uma viagem ao outro lado<\/em><\/h2>\n<p><span style=\"font-weight: 400;\">O termo \u201cEspa\u00e7o\u201d n\u00e3o \u00e9 um acaso. O nosso <strong>Space Hash s\u00e3o resinas de elevada pureza<\/strong>, <strong>enriquecido com mol\u00e9culas extra<\/strong> que o convidam para um <strong>viagem sensorial \u00fanica<\/strong>. Descubra uma experi\u00eancia fora do comum que combina o <strong>tradi\u00e7\u00e3o artesanal do haxixe<\/strong> com o <strong>inova\u00e7\u00e3o<\/strong> mais vanguardista do mundo da <strong>CBD<\/strong>.\u00a0<\/span><\/p>\n<p>&nbsp;<\/p>\n<section class=\"space-hash-dry-sift-10oh-description\">\n<h2><strong>O que \u00e9 o 10-OH Hash Dry Sift: compreender o 10-OH<\/strong><\/h2>\n<p><span style=\"font-weight: 400;\">Tudo come\u00e7a com o m\u00e9todo de extra\u00e7\u00e3o do haxixe, que \u00e9 feito a partir de um <strong>peneira\u00e7\u00e3o a seco denominada \u201cDry-Sift\u201d.\u201d<\/strong>. Esta \u00e9 uma forma artesanal de <strong>separar os cristais mais puros<\/strong> da planta do c\u00e2nhamo. Para o efeito, s\u00e3o utilizadas malhas finas para obter uma resina com um <strong>textura suave, aroma intenso e pureza inigual\u00e1vel<\/strong>. <\/span><\/p>\n<p><span style=\"font-weight: 400;\">E para o tornar ainda mais especial, juntamos ao haxixe <strong>10-OH<\/strong>, que lhe d\u00e1 uma sensa\u00e7\u00e3o \u00fanica sem comprometer a legalidade. <\/span><\/p>\n<p><span style=\"font-weight: 400;\">O <strong>10-Hidroxi (10-OH)<\/strong> \u00e9 um <strong>mol\u00e9cula<\/strong> que proporciona uma experi\u00eancia mais leve e extrassensorial do que o THC. Ao contr\u00e1rio do CBD, o 10-OH <strong>altera a perce\u00e7\u00e3o de uma forma ligeira<\/strong>. Al\u00e9m disso, trata-se de um novo composto no mercado que cumpre, como todos os nossos produtos, a legisla\u00e7\u00e3o europeia, contendo sempre menos de 0,3% THC.<\/span><\/p>\n<p>&nbsp;<\/p>\n<\/section>\n<h2><strong>Carater\u00edsticas do Space Hash Dry Sift 10-OH:<\/strong><\/h2>\n<ul>\n<li><span style=\"font-weight: 400;\"><strong>Aroma e sabor:<\/strong> O seu aroma \u00e9 profundo, com notas de <strong>terra<\/strong> e para <strong>ervas<\/strong>. \u00c9 o tipo de haxixe que faz com que cada utiliza\u00e7\u00e3o seja um pequeno prazer.\u00a0<\/span><\/li>\n<li><span style=\"font-weight: 400;\"><strong>Origem e pureza:<\/strong> Isto \u00e9 feito utilizando o <strong>m\u00e9todo de peneira\u00e7\u00e3o a seco<\/strong>. Cada lote do nosso <strong>Espa\u00e7o Hash Dry Sift 10-OH<\/strong> \u00e9 fabricado \u00e0 m\u00e3o com grande cuidado, utilizando sempre o melhor c\u00e2nhamo europeu.\u00a0<\/span><\/li>\n<li><span style=\"font-weight: 400;\"><strong>Aspeto e textura:<\/strong> Com um <strong>textura sedosa<\/strong>, pode ver o <strong>pequenos cristais de resina<\/strong>, um sinal de que est\u00e1 cheio de canabin\u00f3ides e terpenos de alta qualidade.<\/span><\/li>\n<\/ul>\n<p>&nbsp;<\/p>\n<h3><b>Porqu\u00ea comprar resina e haxixe 10-OH na Iguana Smoke?<\/b><\/h3>\n<p><span style=\"font-weight: 400;\">Na Iguana Smoke, estamos empenhados na qualidade. Os nossos produtos 10-OH combinam o melhor de dois mundos: o c\u00e2nhamo natural 100% e os canabin\u00f3ides mais inovadores, oferecendo uma alternativa segura e legal, sem efeitos psicoactivos. <strong>Espa\u00e7o Hash Dry Sift 10-OH <\/strong><\/span>destaca-se realmente no <strong>mundo dos canabin\u00f3ides.<\/strong><\/p>\n<p><span style=\"font-weight: 400;\">J\u00e1 sabes que a Iguana Smoke \u00e9 o teu lugar seguro. <strong>onde comprar haxixe 10-OH, CBD e STV barato em Espanha: <\/strong>Produtos aprovados pela UE, com menos de 0,3 % THC, para uma experi\u00eancia aut\u00eantica e legal. Al\u00e9m disso, o p<\/span><span style=\"font-weight: 400;\">pode consultar o <a href=\"https:\/\/iguanasmoke.com\/pt\/analiticas\/\"><strong>an\u00e1lise da qualidade deste hash<\/strong><\/a>.\u00a0<\/span><\/p>\n<p><em><span style=\"font-weight: 400;\">Lembre-se: a sua utiliza\u00e7\u00e3o destina-se \u00e0 recolha ou \u00e0 aromaterapia, de acordo com a legisla\u00e7\u00e3o espanhola.\u00a0<\/span><\/em><\/p>\n<p><span style=\"font-weight: 400;\">Te <\/span><span style=\"font-weight: 400;\">garantimos que o <strong>Espa\u00e7o Hash Dry Sift 10-OH<\/strong> vai limpar os vossos sentidos, mas gostar\u00edamos de vos convidar a experimentar o <strong><a href=\"https:\/\/iguanasmoke.com\/pt\/produto\/space-hash-moroccan-stv-sativanol\/\">Espa\u00e7o Hash marroquino STV<\/a><\/strong> ou o <a href=\"https:\/\/iguanasmoke.com\/pt\/produto\/space-hash-piatella-stv-sativanol\/\"><strong>Piatella STV<\/strong><\/a> enriquecido com Sativanol e o<a href=\"https:\/\/iguanasmoke.com\/pt\/produto\/espaco-hash-bubblegum-e8h\/\"><strong> Pastilha el\u00e1stica de espa\u00e7o E8H<\/strong><\/a> enriquecido com a mol\u00e9cula E8H, outra das nossas novas mol\u00e9culas. Al\u00e9m disso, n\u00e3o se esque\u00e7a de experimentar todas as nossas <a href=\"https:\/\/iguanasmoke.com\/pt\/categoria\/novas-moleculas\/10oh\/\"><strong>Produtos 10-OH<\/strong>.<\/a><\/span><\/p>\n<p>&nbsp;<\/p>\n<h3><b>Iguana Smoke \u00e9 sin\u00f3nimo de qualidade e fiabilidade.<\/b><\/h3>\n<p><span style=\"font-weight: 400;\">Na Iguana Smoke, acreditamos que desfrutar do 10-OH deve ser uma experi\u00eancia segura e agrad\u00e1vel. Por isso, temos produtos de alta qualidade que se conectam com as novas gera\u00e7\u00f5es: pessoas que procuram bem-estar sem complica\u00e7\u00f5es, com marcas aut\u00eanticas e fi\u00e1veis. Lembra-te que todos os nossos produtos s\u00e3o haxixe <strong>Sem THC, HHC e THCP,<\/strong> como o <strong>Espa\u00e7o Hash Dry Sift 10-OH<\/strong> que est\u00e1 prestes a experimentar.<\/span><\/p>\n<p>Sabe que a nossa miss\u00e3o \u00e9 clara: trazer-lhe o melhor do mundo dos canabin\u00f3ides a um pre\u00e7o justo, com a tranquilidade de saber que est\u00e1 a escolher um produto certificado, eficaz e 100% legal. Estamos na vanguarda dos produtos CBD, por isso n\u00e3o hesite em <strong>comprar haxixe barato<\/strong> no Iguana Smoke.<\/p>\n<p>Ainda tem d\u00favidas? Escreva-nos e ajud\u00e1-lo-emos a encontrar o produto certo para si.<\/p>\n<p>&nbsp;<\/p>","protected":false},"excerpt":{"rendered":"<p>Descobrir o <b>Espa\u00e7o Hash Dry Sift 10-OH<\/b>, a resina que combina a tradi\u00e7\u00e3o da peneira\u00e7\u00e3o tradicional a seco com a inova\u00e7\u00e3o da 10-OH.<\/p>\n<ul>\n<li><b>Aroma e textura irresist\u00edveis:<\/b> notas terrosas e doces com toques de frutos secos.<\/li>\n<li><b>Enriquecido com 10-OH:<\/b> experi\u00eancia \u00fanica.<\/li>\n<li><b>100% legal:<\/b> &lt;0,3% de THC.<\/li>\n<\/ul>\n<p>An\u00e1lise da qualidade: clique\u00a0<a href=\"https:\/\/iguanasmoke.com\/pt\/analiticas\/\" target=\"_blank\" rel=\"noopener\">aqui<\/a><\/p>","protected":false},"featured_media":81185,"comment_status":"open","ping_status":"closed","template":"","meta":{"_acf_changed":false,"site-sidebar-layout":"default","site-content-layout":"","ast-site-content-layout":"default","site-content-style":"default","site-sidebar-style":"default","ast-global-header-display":"","ast-banner-title-visibility":"","ast-main-header-display":"","ast-hfb-above-header-display":"","ast-hfb-below-header-display":"","ast-hfb-mobile-header-display":"","site-post-title":"","ast-breadcrumbs-content":"","ast-featured-img":"","footer-sml-layout":"","theme-transparent-header-meta":"default","adv-header-id-meta":"","stick-header-meta":"","header-above-stick-meta":"","header-main-stick-meta":"","header-below-stick-meta":"","astra-migrate-meta-layouts":"set","ast-page-background-enabled":"default","ast-page-background-meta":{"desktop":{"background-color":"var(--ast-global-color-4)","background-image":"","background-repeat":"repeat","background-position":"center center","background-size":"auto","background-attachment":"scroll","background-type":"","background-media":"","overlay-type":"","overlay-color":"","overlay-opacity":"","overlay-gradient":""},"tablet":{"background-color":"","background-image":"","background-repeat":"repeat","background-position":"center center","background-size":"auto","background-attachment":"scroll","background-type":"","background-media":"","overlay-type":"","overlay-color":"","overlay-opacity":"","overlay-gradient":""},"mobile":{"background-color":"","background-image":"","background-repeat":"repeat","background-position":"center center","background-size":"auto","background-attachment":"scroll","background-type":"","background-media":"","overlay-type":"","overlay-color":"","overlay-opacity":"","overlay-gradient":""}},"ast-content-background-meta":{"desktop":{"background-color":"var(--ast-global-color-5)","background-image":"","background-repeat":"repeat","background-position":"center center","background-size":"auto","background-attachment":"scroll","background-type":"","background-media":"","overlay-type":"","overlay-color":"","overlay-opacity":"","overlay-gradient":""},"tablet":{"background-color":"var(--ast-global-color-5)","background-image":"","background-repeat":"repeat","background-position":"center center","background-size":"auto","background-attachment":"scroll","background-type":"","background-media":"","overlay-type":"","overlay-color":"","overlay-opacity":"","overlay-gradient":""},"mobile":{"background-color":"var(--ast-global-color-5)","background-image":"","background-repeat":"repeat","background-position":"center center","background-size":"auto","background-attachment":"scroll","background-type":"","background-media":"","overlay-type":"","overlay-color":"","overlay-opacity":"","overlay-gradient":""}}},"product_brand":[],"product_cat":[550,397],"product_tag":[],"class_list":{"0":"post-57901","1":"product","2":"type-product","3":"status-publish","4":"has-post-thumbnail","6":"product_cat-10oh","7":"product_cat-hash-cbd","8":"desktop-align-center","9":"tablet-align-center","10":"mobile-align-center","12":"first","13":"outofstock","14":"taxable","15":"shipping-taxable","16":"purchasable","17":"product-type-variable"},"acf":[],"yoast_head":"<!-- This site is optimized with the Yoast SEO Premium plugin v27.3 (Yoast SEO v27.3) - https:\/\/yoast.com\/product\/yoast-seo-premium-wordpress\/ -->\n<title>Space Hash Dry Sift 10-OH | Iguana Smoke<\/title>\n<meta name=\"description\" content=\"Space Hash Dry Sift 10-OH: disfruta de un hash artesanal sin THC, aroma intenso y una experiencia equilibrada. Cumple con la normativa de la UE (&lt;0,3% THC).\" \/>\n<meta name=\"robots\" content=\"index, follow, max-snippet:-1, max-image-preview:large, max-video-preview:-1\" \/>\n<link rel=\"canonical\" href=\"https:\/\/iguanasmoke.com\/pt\/produto\/espaco-hash-dry-sift-10-oh\/\" \/>\n<meta property=\"og:locale\" content=\"pt_PT\" \/>\n<meta property=\"og:type\" content=\"article\" \/>\n<meta property=\"og:title\" content=\"Space Hash Dry Sift 10-OH\" \/>\n<meta property=\"og:description\" content=\"Descubre el Space Hash Dry Sift 10-OH, la resina que une la tradici\u00f3n artesanal del tamizado en seco con la innovaci\u00f3n del 10-OH.   Aroma y textura irresistible: notas terrosas, dulces con toques de frutos secos.  Enriquecido con 10-OH: experiencia \u00fanica.  100% legal: &lt;0,3% de THC.  An\u00e1lisis de calidad: pincha\u00a0aqu\u00ed\" \/>\n<meta property=\"og:url\" content=\"https:\/\/iguanasmoke.com\/pt\/produto\/espaco-hash-dry-sift-10-oh\/\" \/>\n<meta property=\"og:site_name\" content=\"Iguana Smoke\" \/>\n<meta property=\"article:publisher\" content=\"https:\/\/www.facebook.com\/iguanasmoke\" \/>\n<meta property=\"article:modified_time\" content=\"2026-04-13T06:56:39+00:00\" \/>\n<meta property=\"og:image\" content=\"https:\/\/iguanasmoke.com\/wp-content\/uploads\/2025\/09\/Dry-10-OH-2g.webp\" \/>\n\t<meta property=\"og:image:width\" content=\"1000\" \/>\n\t<meta property=\"og:image:height\" content=\"1000\" \/>\n\t<meta property=\"og:image:type\" content=\"image\/webp\" \/>\n<meta name=\"twitter:card\" content=\"summary_large_image\" \/>\n<meta name=\"twitter:label1\" content=\"Disponibilidade\" \/>\n\t<meta name=\"twitter:data1\" content=\"Esgotado\" \/>\n<meta property=\"product:brand\" content=\"variable\" \/>\n<meta property=\"og:availability\" content=\"out of stock\" \/>\n<meta property=\"product:availability\" content=\"out of stock\" \/>\n<meta property=\"product:condition\" content=\"new\" \/>\n<!-- \/ Yoast SEO Premium plugin. -->","yoast_head_json":{"title":"Hash Seco Space Hash Dry Sift 10-OH | Iguana Smoke","description":"Space Hash Dry Sift 10-OH: disfruta de un hash artesanal sin THC, aroma intenso y una experiencia equilibrada. Cumple con la normativa de la UE (&lt;0,3% THC).","robots":{"index":"index","follow":"follow","max-snippet":"max-snippet:-1","max-image-preview":"max-image-preview:large","max-video-preview":"max-video-preview:-1"},"canonical":"https:\/\/iguanasmoke.com\/pt\/produto\/espaco-hash-dry-sift-10-oh\/","og_locale":"pt_PT","og_type":"article","og_title":"Space Hash Dry Sift 10-OH","og_description":"Descubre el Space Hash Dry Sift 10-OH, la resina que une la tradici\u00f3n artesanal del tamizado en seco con la innovaci\u00f3n del 10-OH.   Aroma y textura irresistible: notas terrosas, dulces con toques de frutos secos.  Enriquecido con 10-OH: experiencia \u00fanica.  100% legal: &lt;0,3% de THC.  An\u00e1lisis de calidad: pincha\u00a0aqu\u00ed","og_url":"https:\/\/iguanasmoke.com\/pt\/produto\/espaco-hash-dry-sift-10-oh\/","og_site_name":"Iguana Smoke","article_publisher":"https:\/\/www.facebook.com\/iguanasmoke","article_modified_time":"2026-04-13T06:56:39+00:00","og_image":[{"width":1000,"height":1000,"url":"https:\/\/iguanasmoke.com\/wp-content\/uploads\/2025\/09\/Dry-10-OH-2g.webp","type":"image\/webp"}],"twitter_card":"summary_large_image","twitter_misc":{"Disponibilidade":"Esgotado"},"schema":{"@context":"https:\/\/schema.org","@graph":[{"@type":"WebPage","@id":"https:\/\/iguanasmoke.com\/producto\/space-hash-dry-sift-10-oh\/","url":"https:\/\/iguanasmoke.com\/producto\/space-hash-dry-sift-10-oh\/","name":"Hash Seco Space Hash Dry Sift 10-OH | Iguana Smoke","isPartOf":{"@id":"https:\/\/iguanasmoke.com\/#website"},"primaryImageOfPage":{"@id":"https:\/\/iguanasmoke.com\/producto\/space-hash-dry-sift-10-oh\/#primaryimage"},"image":{"@id":"https:\/\/iguanasmoke.com\/producto\/space-hash-dry-sift-10-oh\/#primaryimage"},"thumbnailUrl":"https:\/\/iguanasmoke.com\/wp-content\/uploads\/2025\/09\/Dry-10-OH-2g.webp","datePublished":"2025-09-30T10:43:46+00:00","dateModified":"2026-04-13T06:56:39+00:00","description":"Space Hash Dry Sift 10-OH: disfruta de un hash artesanal sin THC, aroma intenso y una experiencia equilibrada. Cumple con la normativa de la UE (&lt;0,3% THC).","breadcrumb":{"@id":"https:\/\/iguanasmoke.com\/producto\/space-hash-dry-sift-10-oh\/#breadcrumb"},"inLanguage":"pt-PT","potentialAction":[{"@type":"ReadAction","target":["https:\/\/iguanasmoke.com\/producto\/space-hash-dry-sift-10-oh\/"]}]},{"@type":"ImageObject","inLanguage":"pt-PT","@id":"https:\/\/iguanasmoke.com\/producto\/space-hash-dry-sift-10-oh\/#primaryimage","url":"https:\/\/iguanasmoke.com\/wp-content\/uploads\/2025\/09\/Dry-10-OH-2g.webp","contentUrl":"https:\/\/iguanasmoke.com\/wp-content\/uploads\/2025\/09\/Dry-10-OH-2g.webp","width":1000,"height":1000},{"@type":"BreadcrumbList","@id":"https:\/\/iguanasmoke.com\/producto\/space-hash-dry-sift-10-oh\/#breadcrumb","itemListElement":[{"@type":"ListItem","position":1,"name":"home","item":"https:\/\/iguanasmoke.com\/"},{"@type":"ListItem","position":2,"name":"Tienda","item":"https:\/\/iguanasmoke.com\/tienda\/"},{"@type":"ListItem","position":3,"name":"Hash CBD","item":"https:\/\/iguanasmoke.com\/categoria\/hash-cbd\/"},{"@type":"ListItem","position":4,"name":"Space Hash Dry Sift 10-OH"}]},{"@type":"WebSite","@id":"https:\/\/iguanasmoke.com\/#website","url":"https:\/\/iguanasmoke.com\/","name":"Fumo de Iguana","description":"Comprar CBD online ao melhor pre\u00e7o","publisher":{"@id":"https:\/\/iguanasmoke.com\/#organization"},"potentialAction":[{"@type":"SearchAction","target":{"@type":"EntryPoint","urlTemplate":"https:\/\/iguanasmoke.com\/?s={search_term_string}"},"query-input":{"@type":"PropertyValueSpecification","valueRequired":true,"valueName":"search_term_string"}}],"inLanguage":"pt-PT"},{"@type":"Organization","@id":"https:\/\/iguanasmoke.com\/#organization","name":"Fumo de Iguana","url":"https:\/\/iguanasmoke.com\/","logo":{"@type":"ImageObject","inLanguage":"pt-PT","@id":"https:\/\/iguanasmoke.com\/#\/schema\/logo\/image\/","url":"https:\/\/iguanasmoke.com\/wp-content\/uploads\/2025\/01\/logoiguana-favi-1.png","contentUrl":"https:\/\/iguanasmoke.com\/wp-content\/uploads\/2025\/01\/logoiguana-favi-1.png","width":512,"height":512,"caption":"Iguana Smoke"},"image":{"@id":"https:\/\/iguanasmoke.com\/#\/schema\/logo\/image\/"},"sameAs":["https:\/\/www.facebook.com\/iguanasmoke","https:\/\/www.instagram.com\/iguanasmoke\/"]}]},"product_brand":"variable","og_availability":"out of stock","product_availability":"out of stock","product_condition":"new"},"_links":{"self":[{"href":"https:\/\/iguanasmoke.com\/pt\/wp-json\/wp\/v2\/product\/57901","targetHints":{"allow":["GET"]}}],"collection":[{"href":"https:\/\/iguanasmoke.com\/pt\/wp-json\/wp\/v2\/product"}],"about":[{"href":"https:\/\/iguanasmoke.com\/pt\/wp-json\/wp\/v2\/types\/product"}],"replies":[{"embeddable":true,"href":"https:\/\/iguanasmoke.com\/pt\/wp-json\/wp\/v2\/comments?post=57901"}],"wp:featuredmedia":[{"embeddable":true,"href":"https:\/\/iguanasmoke.com\/pt\/wp-json\/wp\/v2\/media\/81185"}],"wp:attachment":[{"href":"https:\/\/iguanasmoke.com\/pt\/wp-json\/wp\/v2\/media?parent=57901"}],"wp:term":[{"taxonomy":"product_brand","embeddable":true,"href":"https:\/\/iguanasmoke.com\/pt\/wp-json\/wp\/v2\/product_brand?post=57901"},{"taxonomy":"product_cat","embeddable":true,"href":"https:\/\/iguanasmoke.com\/pt\/wp-json\/wp\/v2\/product_cat?post=57901"},{"taxonomy":"product_tag","embeddable":true,"href":"https:\/\/iguanasmoke.com\/pt\/wp-json\/wp\/v2\/product_tag?post=57901"}],"curies":[{"name":"wp","href":"https:\/\/api.w.org\/{rel}","templated":true}]}}