{"id":59025,"date":"2025-06-18T15:42:37","date_gmt":"2025-06-18T13:42:37","guid":{"rendered":"https:\/\/iguanasmoke.com\/?post_type=product&#038;p=59025"},"modified":"2026-03-15T18:44:11","modified_gmt":"2026-03-15T17:44:11","slug":"flor-cbd-white-widow-indoor","status":"publish","type":"product","link":"https:\/\/iguanasmoke.com\/pt\/producto\/flor-cbd-white-widow-indoor\/","title":{"rendered":"Flor CBD Vi\u00fava Branca Interior"},"content":{"rendered":"<h1 data-start=\"1609\" data-end=\"1642\"><span style=\"font-weight: 400;\">White Widow Indoor CBD Flower - Pot\u00eancia, sabor e aroma superiores\u00a0<\/span><\/h1>\n<h2 data-start=\"549\" data-end=\"976\"><strong>Uma variedade lend\u00e1ria dispon\u00edvel na sua vers\u00e3o mais premium Indoor<\/strong><\/h2>\n<p data-start=\"549\" data-end=\"976\"><span style=\"font-weight: 400;\">Se procura flores CBD Indoor da mais alta qualidade, a <strong>Flor CBD Vi\u00fava Branca Interior<\/strong> \u00e9, sem d\u00favida, uma das op\u00e7\u00f5es mais valorizadas do mercado. Esta gen\u00e9tica lend\u00e1ria \u00e9 reconhecida internacionalmente pela sua <strong>perfil arom\u00e1tico intenso<\/strong>, seus <strong>bot\u00f5es compactos e resinosos<\/strong> e a sua <strong>efeito profundamente relaxante<\/strong>. <\/span><\/p>\n<p data-start=\"549\" data-end=\"976\"><span style=\"font-weight: 400;\">Gra\u00e7as \u00e0 sua <strong>cultivo em interior (Indoor)<\/strong>, Esta flor de CBD oferece um n\u00edvel superior de pureza, estabilidade e preserva\u00e7\u00e3o de terpenos. Como resultado, cada bot\u00e3o destaca-se tanto na apar\u00eancia como na fragr\u00e2ncia, ideal para aqueles que apreciam o CBD no seu melhor.<\/span><\/p>\n<p data-start=\"549\" data-end=\"976\"><span style=\"font-weight: 400;\"> Em <strong>Fumo de Iguana<\/strong>, seleccionamos cuidadosamente cada lote para lhe oferecer uma <strong>White Widow Indoor da CBD premium<\/strong>, O Cannabidiol foi concebido para os verdadeiros conhecedores de canabidiol que sabem apreciar a diferen\u00e7a desde o primeiro momento.\u00a0<\/span><\/p>\n<h2 data-start=\"549\" data-end=\"976\"><strong>O que significa que uma flor de CBD \u00e9 <em>Interior<\/em>? <\/strong><\/h2>\n<p data-start=\"549\" data-end=\"976\"><span style=\"font-weight: 400;\">O termo <strong>Interior<\/strong> refere-se ao <strong>cultivo em interior<\/strong>, num ambiente totalmente controlado. Isto implica uma gest\u00e3o precisa da <strong>ilumina\u00e7\u00e3o<\/strong>, a <strong>temperatura<\/strong>, a <strong>humidade<\/strong> e o <strong>ventila\u00e7\u00e3o<\/strong>, Estes s\u00e3o factores-chave para obter flores de CBD da mais alta qualidade. <\/span><\/p>\n<p data-start=\"549\" data-end=\"976\"><span style=\"font-weight: 400;\">Gra\u00e7as a este m\u00e9todo de cultivo: <\/span><\/p>\n<ul>\n<li data-start=\"549\" data-end=\"976\"><span style=\"font-weight: 400;\">As flores t\u00eam uma <strong>maior concentra\u00e7\u00e3o de CBD<\/strong> e outros canabin\u00f3ides. <\/span><\/li>\n<li data-start=\"549\" data-end=\"976\"><span style=\"font-weight: 400;\">O <strong>tricomas e resinas<\/strong> desenvolver-se de forma mais densa e uniforme. <\/span><\/li>\n<li data-start=\"549\" data-end=\"976\"><span style=\"font-weight: 400;\">O <strong>o aroma \u00e9 mais intenso, limpo e definido<\/strong>, Os terpenos s\u00e3o preservados em condi\u00e7\u00f5es \u00f3ptimas. <\/span><\/li>\n<li data-start=\"549\" data-end=\"976\"><span style=\"font-weight: 400;\">A apar\u00eancia do bot\u00e3o \u00e9 mais <strong>compacto, brilhante e homog\u00e9neo<\/strong>. <\/span><\/li>\n<\/ul>\n<p><span style=\"font-weight: 400;\">Por esta raz\u00e3o, ao <strong>comprar flores de interior CBD<\/strong>, como nosso <strong>Flor de CBD<\/strong> <strong>Vi\u00fava branca Interior<\/strong>, tem a garantia de uma experi\u00eancia sensorial mais refinada, est\u00e1vel e de qualidade superior.\u00a0<\/span><\/p>\n<p>&nbsp;<\/p>\n<h2><strong>White Widow CBD Indoor: a escolha dos verdadeiros conhecedores <\/strong><\/h2>\n<p><span style=\"font-weight: 400;\">O <strong>Flor CBD Vi\u00fava Branca Interior<\/strong> \u00e9 ideal para quem procura uma <strong>experi\u00eancia equilibrada entre aroma, est\u00e9tica e efeito<\/strong>. A sua fragr\u00e2ncia combina <strong>notas terrosas<\/strong> com nuances subtis <strong>c\u00edtrico e picante<\/strong>, criando um perfil arom\u00e1tico envolvente e imediatamente reconhec\u00edvel. <\/span><\/p>\n<p><span style=\"font-weight: 400;\">Visualmente, destaca-se pela sua <strong>bot\u00f5es densos<\/strong>, coberto por uma fina camada de tricomas que reflectem a qualidade do seu cultivo. Para al\u00e9m disso, a sua <strong>elevado teor de CBD<\/strong>, O n\u00edvel de THC inferior a 0,3% torna-o uma escolha perfeita para desfrutar de um elevado teor de THC inferior a 0,3%, o que o torna uma escolha perfeita para desfrutar de um elevado teor de THC inferior a 0,3%. <strong>efeito relaxante sem efeito psicoativo<\/strong>.\u00a0 \u00a0<\/span><\/p>\n<p><strong>Vantagens de escolher a White Widow CBD Indoor: <\/strong><\/p>\n<ol>\n<li style=\"list-style-type: none;\">\n<ol>\n<li><span style=\"font-weight: 400;\">Cultivo natural e controlado em interior 100% <\/span><\/li>\n<li><span style=\"font-weight: 400;\">THC &lt;0,3%, de acordo com a legisla\u00e7\u00e3o europeia <\/span><\/li>\n<li><span style=\"font-weight: 400;\">Elevado teor de CBD <\/span><\/li>\n<li><span style=\"font-weight: 400;\">Aroma intenso e efeito relaxante, sem efeito de pedrada<\/span><\/li>\n<\/ol>\n<\/li>\n<\/ol>\n<p>&nbsp;<\/p>\n<h3><b>Onde comprar o seu <\/b><strong>Flores CBD Indoor<\/strong><b>?<\/b><\/h3>\n<p><span style=\"font-weight: 400;\">Se est\u00e1 \u00e0 procura de <strong>comprar CBD Flowers<\/strong><strong>, <\/strong>este \u00e9 o seu lugar seguro para <strong>comprar Flores CBD Indoor vaper Flores CBD Indoor em Espanha.<\/strong>\u00a0<\/span><span style=\"font-weight: 400;\">Todos os nossos produtos s\u00e3o <strong>aprovado pela UE<\/strong>, garantindo a sua legalidade e seguran\u00e7a. Para al\u00e9m disso, se desejar, pode consultar<\/span><strong> <a href=\"https:\/\/iguanasmoke.com\/pt\/analiticas\/\">an\u00e1lises laboratoriais.<\/a><\/strong><\/p>\n<p><span style=\"font-weight: 400;\">N\u00e3o se esque\u00e7a de explorar outros sabores de <strong><a href=\"https:\/\/iguanasmoke.com\/pt\/categoria\/flores-de-cbd-3\/flores-de-cbd-de-interior\/\">Flores de interior CBD<\/a><\/strong> y <\/span><span style=\"font-weight: 400;\">outros <strong><a href=\"https:\/\/iguanasmoke.com\/pt\/categoria\/flores-de-cbd-3\/flores-de-estufa-cbd\/\">Flores em estufa CBD<\/a><\/strong> <strong>TOP<\/strong> como <strong><a href=\"https:\/\/iguanasmoke.com\/pt\/produto\/comprar-flower-gorilla-glue-cbd-cbd-buds-online\/\">Cola de Gorila CBD para flores<\/a><\/strong> ou o <strong><a href=\"https:\/\/iguanasmoke.com\/pt\/produto\/comprar-flower-alien-og-cbd\/\">Flor CBD Alien\u00edgena<\/a><\/strong>.\u00a0<\/span><span style=\"font-weight: 400;\">Em suma, navegue na nossa sele\u00e7\u00e3o de produtos CBD e encontre os seus favoritos.<\/span><span style=\"font-weight: 400;\">\u00a0<\/span><\/p>\n<p><strong data-start=\"303\" data-end=\"345\">Entrega r\u00e1pida e discreta em toda a Espanha<\/strong>, com <strong data-start=\"351\" data-end=\"387\">aten\u00e7\u00e3o pr\u00f3xima e personalizada<\/strong> para responder a quaisquer perguntas antes e depois da sua compra.<\/p>\n<p>&nbsp;<\/p>\n<h3><b>Iguana Smoke \u00e9 a sua loja online de CBD\u00a0<\/b><\/h3>\n<p><span style=\"font-weight: 400;\">Em<strong> Fumo de Iguana<\/strong>, Acreditamos que desfrutar do CBD deve ser uma experi\u00eancia segura. \u00c9 por isso que temos produtos como este <strong>Flor de CBD<\/strong><strong> Vi\u00fava branca Interior<\/strong>, A marca liga-se \u00e0s novas gera\u00e7\u00f5es: pessoas que procuram um bem-estar descomplicado, com marcas aut\u00eanticas e fi\u00e1veis. <\/span><\/p>\n<p><span style=\"font-weight: 400;\">A nossa miss\u00e3o \u00e9 clara:<strong> trazer-lhe o melhor do mundo do CBD a um pre\u00e7o justo<\/strong>. Al\u00e9m disso, damos-lhe a tranquilidade de saber que est\u00e1 a escolher um <strong>produto certificado, eficaz e legal 100%<\/strong>. Mergulhe de cabe\u00e7a; compre o seu CBD vaper hoje e leve a sua experi\u00eancia para outro n\u00edvel.\u00a0<\/span><\/p>\n<p>Ainda tem d\u00favidas? Escreva-nos e teremos todo o gosto em ajud\u00e1-lo a encontrar o produto certo para si.<\/p>\n<p>&nbsp;<\/p>\n<h6>\u2139\ufe0f<strong> Informa\u00e7\u00e3o jur\u00eddica<\/strong><\/h6>\n<p><em><span style=\"font-weight: 400;\">*Produto destinado a cole\u00e7\u00e3o ou aromaterapia, de acordo com a legisla\u00e7\u00e3o espanhola em vigor. <\/span><\/em><\/p>\n<p><em><span style=\"font-weight: 400;\">**Derivado de c\u00e2nhamo industrial certificado. Cont\u00e9m menos de 0,3 THC e n\u00e3o cont\u00e9m canabin\u00f3ides ilegais como HHC, HHC-P, THCP, THCP-O, H4CBD ou subst\u00e2ncias enumeradas no Anexo I do Decreto Real 2829\/1977, nem subst\u00e2ncias controladas por conven\u00e7\u00f5es internacionais.\u00a0\u00a0<\/span><\/em><\/p>","protected":false},"excerpt":{"rendered":"<p><span style=\"font-weight: 400;\">Conhecida pela sua pot\u00eancia e aroma, esta variedade Indoor tem..: <\/span><\/p>\n<ul>\n<li><span style=\"font-weight: 400;\">Cultivo de interior de qualidade superior Interior <\/span><\/li>\n<li><span style=\"font-weight: 400;\">CBD: entre 12-14% <\/span><\/li>\n<li><span style=\"font-weight: 400;\">THC: &lt;0,3% <\/span><\/li>\n<li><span style=\"font-weight: 400;\">100% legal na Europa <\/span><\/li>\n<li><span style=\"font-weight: 400;\">Sem aditivos ou pesticidas; agricultura biol\u00f3gica <\/span><\/li>\n<li><span style=\"font-weight: 400;\">Bot\u00f5es compactos e arredondados<\/span><\/li>\n<li><span style=\"font-weight: 400;\">Aroma terroso com notas de especiarias e suaves tons c\u00edtricos<\/span><\/li>\n<\/ul>\n<p><span style=\"font-weight: 400;\">Consulta<strong> <a href=\"https:\/\/iguanasmoke.com\/pt\/analiticas\/\">an\u00e1lises laboratoriais.<\/a><\/strong><\/span><\/p>","protected":false},"featured_media":59094,"comment_status":"open","ping_status":"closed","template":"","meta":{"_acf_changed":false,"site-sidebar-layout":"default","site-content-layout":"","ast-site-content-layout":"default","site-content-style":"default","site-sidebar-style":"default","ast-global-header-display":"","ast-banner-title-visibility":"","ast-main-header-display":"","ast-hfb-above-header-display":"","ast-hfb-below-header-display":"","ast-hfb-mobile-header-display":"","site-post-title":"","ast-breadcrumbs-content":"","ast-featured-img":"","footer-sml-layout":"","theme-transparent-header-meta":"default","adv-header-id-meta":"","stick-header-meta":"","header-above-stick-meta":"","header-main-stick-meta":"","header-below-stick-meta":"","astra-migrate-meta-layouts":"set","ast-page-background-enabled":"default","ast-page-background-meta":{"desktop":{"background-color":"var(--ast-global-color-4)","background-image":"","background-repeat":"repeat","background-position":"center center","background-size":"auto","background-attachment":"scroll","background-type":"","background-media":"","overlay-type":"","overlay-color":"","overlay-opacity":"","overlay-gradient":""},"tablet":{"background-color":"","background-image":"","background-repeat":"repeat","background-position":"center center","background-size":"auto","background-attachment":"scroll","background-type":"","background-media":"","overlay-type":"","overlay-color":"","overlay-opacity":"","overlay-gradient":""},"mobile":{"background-color":"","background-image":"","background-repeat":"repeat","background-position":"center center","background-size":"auto","background-attachment":"scroll","background-type":"","background-media":"","overlay-type":"","overlay-color":"","overlay-opacity":"","overlay-gradient":""}},"ast-content-background-meta":{"desktop":{"background-color":"var(--ast-global-color-5)","background-image":"","background-repeat":"repeat","background-position":"center center","background-size":"auto","background-attachment":"scroll","background-type":"","background-media":"","overlay-type":"","overlay-color":"","overlay-opacity":"","overlay-gradient":""},"tablet":{"background-color":"var(--ast-global-color-5)","background-image":"","background-repeat":"repeat","background-position":"center center","background-size":"auto","background-attachment":"scroll","background-type":"","background-media":"","overlay-type":"","overlay-color":"","overlay-opacity":"","overlay-gradient":""},"mobile":{"background-color":"var(--ast-global-color-5)","background-image":"","background-repeat":"repeat","background-position":"center center","background-size":"auto","background-attachment":"scroll","background-type":"","background-media":"","overlay-type":"","overlay-color":"","overlay-opacity":"","overlay-gradient":""}}},"product_brand":[],"product_cat":[593,328],"product_tag":[],"class_list":{"0":"post-59025","1":"product","2":"type-product","3":"status-publish","4":"has-post-thumbnail","6":"product_cat-flores-cbd-indoor","7":"product_cat-comprar-flores-de-cbd-y-cogollos-de-cbd","8":"desktop-align-center","9":"tablet-align-center","10":"mobile-align-center","12":"first","13":"instock","14":"taxable","15":"shipping-taxable","16":"purchasable","17":"product-type-variable"},"acf":[],"yoast_head":"<!-- This site is optimized with the Yoast SEO Premium plugin v27.3 (Yoast SEO v27.3) - https:\/\/yoast.com\/product\/yoast-seo-premium-wordpress\/ -->\n<title>Flor CBD White Widow Indoor - Potente y arom\u00e1tica | Iguana Smoke<\/title>\n<meta name=\"description\" content=\"Descubre la Flor CBD White Widow Indoor, una de las m\u00e1s potentes y arom\u00e1ticas. Cultivo indoor premium, con &lt;0,3% THC. \u00a1Compra Flores CBD en Iguana Smoke!\" \/>\n<meta name=\"robots\" content=\"index, follow, max-snippet:-1, max-image-preview:large, max-video-preview:-1\" \/>\n<link rel=\"canonical\" href=\"https:\/\/iguanasmoke.com\/pt\/produto\/flor-cbd-white-widow-indoor\/\" \/>\n<meta property=\"og:locale\" content=\"pt_PT\" \/>\n<meta property=\"og:type\" content=\"article\" \/>\n<meta property=\"og:title\" content=\"Flor CBD White Widow Indoor\" \/>\n<meta property=\"og:description\" content=\"Destacando por su potencia y aroma, esta variedad Indoor tiene:    Cultivo interior premium Indoor   CBD: entre 12-14%   THC: &lt;0,3%   100% legal en Europa   Sin aditivos ni pesticidas; cultivo ecol\u00f3gico   Cogollos compactos y redondeados  Aroma terroso con notas especiadas y fondo c\u00edtrico suave  Consulta el an\u00e1lisis de laboratorio.\" \/>\n<meta property=\"og:url\" content=\"https:\/\/iguanasmoke.com\/pt\/produto\/flor-cbd-white-widow-indoor\/\" \/>\n<meta property=\"og:site_name\" content=\"Iguana Smoke\" \/>\n<meta property=\"article:publisher\" content=\"https:\/\/www.facebook.com\/iguanasmoke\" \/>\n<meta property=\"article:modified_time\" content=\"2026-03-15T17:44:11+00:00\" \/>\n<meta property=\"og:image\" content=\"https:\/\/iguanasmoke.com\/wp-content\/uploads\/2025\/06\/white-widow-indoor.webp\" \/>\n\t<meta property=\"og:image:width\" content=\"1000\" \/>\n\t<meta property=\"og:image:height\" content=\"1000\" \/>\n\t<meta property=\"og:image:type\" content=\"image\/webp\" \/>\n<meta name=\"twitter:card\" content=\"summary_large_image\" \/>\n<meta name=\"twitter:label1\" content=\"Disponibilidade\" \/>\n\t<meta name=\"twitter:data1\" content=\"Em stock\" \/>\n<meta property=\"product:brand\" content=\"variable\" \/>\n<meta property=\"og:availability\" content=\"instock\" \/>\n<meta property=\"product:availability\" content=\"instock\" \/>\n<meta property=\"product:condition\" content=\"new\" \/>\n<!-- \/ Yoast SEO Premium plugin. -->","yoast_head_json":{"title":"White Widow Indoor CBD Flower - Potente e arom\u00e1tica : Iguana Smoke","description":"Descubre la Flor CBD White Widow Indoor, una de las m\u00e1s potentes y arom\u00e1ticas. Cultivo indoor premium, con &lt;0,3% THC. \u00a1Compra Flores CBD en Iguana Smoke!","robots":{"index":"index","follow":"follow","max-snippet":"max-snippet:-1","max-image-preview":"max-image-preview:large","max-video-preview":"max-video-preview:-1"},"canonical":"https:\/\/iguanasmoke.com\/pt\/produto\/flor-cbd-white-widow-indoor\/","og_locale":"pt_PT","og_type":"article","og_title":"Flor CBD White Widow Indoor","og_description":"Destacando por su potencia y aroma, esta variedad Indoor tiene:    Cultivo interior premium Indoor   CBD: entre 12-14%   THC: &lt;0,3%   100% legal en Europa   Sin aditivos ni pesticidas; cultivo ecol\u00f3gico   Cogollos compactos y redondeados  Aroma terroso con notas especiadas y fondo c\u00edtrico suave  Consulta el an\u00e1lisis de laboratorio.","og_url":"https:\/\/iguanasmoke.com\/pt\/produto\/flor-cbd-white-widow-indoor\/","og_site_name":"Iguana Smoke","article_publisher":"https:\/\/www.facebook.com\/iguanasmoke","article_modified_time":"2026-03-15T17:44:11+00:00","og_image":[{"width":1000,"height":1000,"url":"https:\/\/iguanasmoke.com\/wp-content\/uploads\/2025\/06\/white-widow-indoor.webp","type":"image\/webp"}],"twitter_card":"summary_large_image","twitter_misc":{"Disponibilidade":"Em stock"},"schema":{"@context":"https:\/\/schema.org","@graph":[{"@type":"WebPage","@id":"https:\/\/iguanasmoke.com\/producto\/flor-cbd-white-widow-indoor\/","url":"https:\/\/iguanasmoke.com\/producto\/flor-cbd-white-widow-indoor\/","name":"White Widow Indoor CBD Flower - Potente e arom\u00e1tica : Iguana Smoke","isPartOf":{"@id":"https:\/\/iguanasmoke.com\/#website"},"primaryImageOfPage":{"@id":"https:\/\/iguanasmoke.com\/producto\/flor-cbd-white-widow-indoor\/#primaryimage"},"image":{"@id":"https:\/\/iguanasmoke.com\/producto\/flor-cbd-white-widow-indoor\/#primaryimage"},"thumbnailUrl":"https:\/\/iguanasmoke.com\/wp-content\/uploads\/2025\/06\/white-widow-indoor.webp","datePublished":"2025-06-18T13:42:37+00:00","dateModified":"2026-03-15T17:44:11+00:00","description":"Descubre la Flor CBD White Widow Indoor, una de las m\u00e1s potentes y arom\u00e1ticas. Cultivo indoor premium, con &lt;0,3% THC. \u00a1Compra Flores CBD en Iguana Smoke!","breadcrumb":{"@id":"https:\/\/iguanasmoke.com\/producto\/flor-cbd-white-widow-indoor\/#breadcrumb"},"inLanguage":"pt-PT","potentialAction":[{"@type":"ReadAction","target":["https:\/\/iguanasmoke.com\/producto\/flor-cbd-white-widow-indoor\/"]}]},{"@type":"ImageObject","inLanguage":"pt-PT","@id":"https:\/\/iguanasmoke.com\/producto\/flor-cbd-white-widow-indoor\/#primaryimage","url":"https:\/\/iguanasmoke.com\/wp-content\/uploads\/2025\/06\/white-widow-indoor.webp","contentUrl":"https:\/\/iguanasmoke.com\/wp-content\/uploads\/2025\/06\/white-widow-indoor.webp","width":1000,"height":1000,"caption":"bolsa white widow generica"},{"@type":"BreadcrumbList","@id":"https:\/\/iguanasmoke.com\/producto\/flor-cbd-white-widow-indoor\/#breadcrumb","itemListElement":[{"@type":"ListItem","position":1,"name":"home","item":"https:\/\/iguanasmoke.com\/"},{"@type":"ListItem","position":2,"name":"Tienda","item":"https:\/\/iguanasmoke.com\/tienda\/"},{"@type":"ListItem","position":3,"name":"Flores de CBD","item":"https:\/\/iguanasmoke.com\/categoria\/comprar-flores-de-cbd-y-cogollos-de-cbd\/"},{"@type":"ListItem","position":4,"name":"Flor CBD White Widow Indoor"}]},{"@type":"WebSite","@id":"https:\/\/iguanasmoke.com\/#website","url":"https:\/\/iguanasmoke.com\/","name":"Fumo de Iguana","description":"Comprar CBD online ao melhor pre\u00e7o","publisher":{"@id":"https:\/\/iguanasmoke.com\/#organization"},"potentialAction":[{"@type":"SearchAction","target":{"@type":"EntryPoint","urlTemplate":"https:\/\/iguanasmoke.com\/?s={search_term_string}"},"query-input":{"@type":"PropertyValueSpecification","valueRequired":true,"valueName":"search_term_string"}}],"inLanguage":"pt-PT"},{"@type":"Organization","@id":"https:\/\/iguanasmoke.com\/#organization","name":"Fumo de Iguana","url":"https:\/\/iguanasmoke.com\/","logo":{"@type":"ImageObject","inLanguage":"pt-PT","@id":"https:\/\/iguanasmoke.com\/#\/schema\/logo\/image\/","url":"https:\/\/iguanasmoke.com\/wp-content\/uploads\/2025\/01\/logoiguana-favi-1.png","contentUrl":"https:\/\/iguanasmoke.com\/wp-content\/uploads\/2025\/01\/logoiguana-favi-1.png","width":512,"height":512,"caption":"Iguana Smoke"},"image":{"@id":"https:\/\/iguanasmoke.com\/#\/schema\/logo\/image\/"},"sameAs":["https:\/\/www.facebook.com\/iguanasmoke","https:\/\/www.instagram.com\/iguanasmoke\/"]}]},"product_brand":"variable","og_availability":"instock","product_availability":"instock","product_condition":"new"},"_links":{"self":[{"href":"https:\/\/iguanasmoke.com\/pt\/wp-json\/wp\/v2\/product\/59025","targetHints":{"allow":["GET"]}}],"collection":[{"href":"https:\/\/iguanasmoke.com\/pt\/wp-json\/wp\/v2\/product"}],"about":[{"href":"https:\/\/iguanasmoke.com\/pt\/wp-json\/wp\/v2\/types\/product"}],"replies":[{"embeddable":true,"href":"https:\/\/iguanasmoke.com\/pt\/wp-json\/wp\/v2\/comments?post=59025"}],"wp:featuredmedia":[{"embeddable":true,"href":"https:\/\/iguanasmoke.com\/pt\/wp-json\/wp\/v2\/media\/59094"}],"wp:attachment":[{"href":"https:\/\/iguanasmoke.com\/pt\/wp-json\/wp\/v2\/media?parent=59025"}],"wp:term":[{"taxonomy":"product_brand","embeddable":true,"href":"https:\/\/iguanasmoke.com\/pt\/wp-json\/wp\/v2\/product_brand?post=59025"},{"taxonomy":"product_cat","embeddable":true,"href":"https:\/\/iguanasmoke.com\/pt\/wp-json\/wp\/v2\/product_cat?post=59025"},{"taxonomy":"product_tag","embeddable":true,"href":"https:\/\/iguanasmoke.com\/pt\/wp-json\/wp\/v2\/product_tag?post=59025"}],"curies":[{"name":"wp","href":"https:\/\/api.w.org\/{rel}","templated":true}]}}