{"id":59103,"date":"2025-06-18T20:52:00","date_gmt":"2025-06-18T18:52:00","guid":{"rendered":"https:\/\/iguanasmoke.com\/?post_type=product&#038;p=59103"},"modified":"2026-03-31T15:04:19","modified_gmt":"2026-03-31T13:04:19","slug":"trufas-magicas-passaros","status":"publish","type":"product","link":"https:\/\/iguanasmoke.com\/pt\/producto\/trufas-magicas-pajaritos\/","title":{"rendered":"Trufas M\u00e1gicas Pajaritos 15g"},"content":{"rendered":"<h1><span style=\"font-weight: 400\">Trufas m\u00e1gicas Pajaritos - Psilocybe Pajaritos<\/span><\/h1>\n<p data-start=\"402\" data-end=\"752\"><span style=\"font-weight: 400\">O <strong>Trufas m\u00e1gicas Pajaritos,<\/strong> tamb\u00e9m conhecido como <em>Magia Maia<\/em>, prov\u00eam do fungo <strong>Psilocybe Pajaritos. <\/strong>O seu nome prov\u00e9m dos antigos Maias da Guatemala, que diziam que quando comiam estas trufas ouviam o suave esvoa\u00e7ar dos p\u00e1ssaros, simbolizando a sensa\u00e7\u00e3o de estar leve, calmo e em harmonia.<\/span><\/p>\n<p data-start=\"402\" data-end=\"752\">Al\u00e9m disso, esta esp\u00e9cie \u00e9 uma escolha ideal para coleccionadores interessados em esp\u00e9cies relacionadas com a cultura ancestral e a harmonia interior.<\/p>\n<p style=\"padding-left: 40px;text-align: center\" data-start=\"402\" data-end=\"752\"><em><span style=\"font-weight: 400\">\u26a0\ufe0fRecuerda: A utiliza\u00e7\u00e3o \u00e9 limitada a fins micol\u00f3gicos, educativos, decorativos ou de cole\u00e7\u00e3o. Este produto n\u00e3o se destina ao consumo humano.<\/span><\/em><\/p>\n<p data-start=\"3252\" data-end=\"3563\">\n<h2 data-start=\"1384\" data-end=\"1436\">Carater\u00edsticas das Trufas M\u00e1gicas Pajaritos<\/h2>\n<ul>\n<li data-start=\"1335\" data-end=\"1359\"><strong>Estrutura compacta<\/strong><\/li>\n<\/ul>\n<p><span style=\"font-weight: 400\">A tens\u00e3o <strong>Psilocybe<\/strong> <strong>Passarinhos<\/strong> tem um <strong>escler\u00f3cios compactos de mic\u00e9lio<\/strong> que se formam no subsolo quando o clima ainda n\u00e3o permite o crescimento de corpos frut\u00edferos (cogumelos). S\u00e3o tamb\u00e9m um <strong>reservat\u00f3rio natural de nutrientes e psilocibina<\/strong>, usado pelo fungo como um mecanismo de sobreviv\u00eancia. <\/span><\/p>\n<ul>\n<li data-start=\"1335\" data-end=\"1359\"><strong>Pot\u00eancia psicad\u00e9lica\u00a0<\/strong><\/li>\n<\/ul>\n<p><span style=\"font-weight: 400\">Est\u00e1 em<strong> Trufas micol\u00f3gicas de Pajaritos,<\/strong> cont\u00eam compostos activos como <strong>psilocibina<\/strong> e o <strong>psilocina<\/strong>, Estas subst\u00e2ncias, que em contextos controlados e onde o seu uso \u00e9 legal (em Espanha o seu consumo n\u00e3o \u00e9 legal), produzem experi\u00eancias psicad\u00e9licas que alteram a perce\u00e7\u00e3o, permitindo assim uma introspe\u00e7\u00e3o profunda.\u00a0<\/span><\/p>\n<ul>\n<li data-start=\"1555\" data-end=\"1590\"><strong>Frescura e apresenta\u00e7\u00e3o de primeira qualidade<\/strong><\/li>\n<\/ul>\n<p data-start=\"1592\" data-end=\"1779\"><span style=\"font-weight: 400\">Cada unidade \u00e9 <strong>embalado em v\u00e1cuo<\/strong> num formato de <strong>15 gramas<\/strong>, A embalagem tamb\u00e9m ajuda a preservar a integridade e o aspeto natural do produto. Este tipo de embalagem contribui igualmente para a <strong>manter a sua qualidade durante um per\u00edodo de tempo mais longo<\/strong>o. Para muitos, esta embalagem tornou-se mesmo um s\u00edmbolo da aten\u00e7\u00e3o ao pormenor das Trufas M\u00e1gicas Pajaritos.\u00a0<\/span><\/p>\n<p data-start=\"3252\" data-end=\"3563\">\n<h2 data-start=\"805\" data-end=\"862\">Porqu\u00ea comprar Trufas M\u00e1gicas Pajaritos para fins micol\u00f3gicos?<\/h2>\n<p data-start=\"864\" data-end=\"953\"><span style=\"font-weight: 400\">O <strong>Trufas m\u00e1gicas Pajaritos <\/strong>s\u00e3o muito apreciados pelos investigadores e coleccionadores pelas suas carater\u00edsticas \u00fanicas:\u00a0<\/span><\/p>\n<ul>\n<li data-start=\"864\" data-end=\"953\"><span style=\"font-weight: 400\"><strong>Origem natural<\/strong>escler\u00f3cios: escler\u00f3cios selecionados de culturas micol\u00f3gicas especializadas.<\/span><\/li>\n<li data-start=\"864\" data-end=\"953\"><span style=\"font-weight: 400\"><strong>Morfologia densa:<\/strong> s\u00e3o tamb\u00e9m excelentes para exames microsc\u00f3picos.<\/span><\/li>\n<li data-start=\"864\" data-end=\"953\"><span style=\"font-weight: 400\"><strong>Frescura e rastreabilidade:<\/strong> Cada lote \u00e9 submetido a rigorosos controlos de qualidade para garantir a sua adequa\u00e7\u00e3o a fins acad\u00e9micos e decorativos.\u00a0<\/span><\/li>\n<\/ul>\n<h2 data-start=\"1786\" data-end=\"1833\">Conserva\u00e7\u00e3o e manuseamento para estudo<\/h2>\n<ul>\n<li><span style=\"font-weight: 400\"><strong>Armazenamento<\/strong>Conservar a 2\u00baC-4\u00baC para manter a sua integridade.<\/span><\/li>\n<li><span style=\"font-weight: 400\"><strong>Manipula\u00e7\u00e3o<\/strong>Recomenda-se a utiliza\u00e7\u00e3o de luvas e utens\u00edlios esterilizados nos laborat\u00f3rios.<\/span><\/li>\n<li><span style=\"font-weight: 400\"><strong>Decora\u00e7\u00e3o\/cole\u00e7\u00e3o<\/strong>ideal para exposi\u00e7\u00f5es bot\u00e2nicas e apresenta\u00e7\u00f5es pedag\u00f3gicas.<\/span><\/li>\n<\/ul>\n<h2 data-start=\"2130\" data-end=\"2181\">Compras seguras e em conformidade com a lei<\/h2>\n<p data-start=\"2183\" data-end=\"2374\"><span style=\"font-weight: 400\">Na nossa loja online pode comprar<strong> Trufas micol\u00f3gicas Pajaritos <\/strong>com total tranquilidade:<\/span><\/p>\n<ul>\n<li data-start=\"2183\" data-end=\"2374\"><span style=\"font-weight: 400\">Respeitam as normas legais em vigor em Espanha para os produtos fabricados a partir de<strong> utiliza\u00e7\u00e3o n\u00e3o consum\u00edvel<\/strong>. <\/span><\/li>\n<li data-start=\"2183\" data-end=\"2374\"><span style=\"font-weight: 400\">Incluem avisos claros sobre o seu objetivo.<\/span><\/li>\n<li data-start=\"2183\" data-end=\"2374\"><span style=\"font-weight: 400\">Expedi\u00e7\u00e3o discreta e embalagem segura. <\/span><\/li>\n<\/ul>\n<p>&nbsp;<\/p>\n<p style=\"text-align: center;padding-left: 40px\"><span style=\"font-weight: 400\"><em>\u00a0\u26a0\ufe0fNo n\u00e3o encorajamos nem recomendamos o seu consumo. Destinam-se exclusivamente ao estudo micol\u00f3gico, \u00e0 exposi\u00e7\u00e3o decorativa ou \u00e0 cole\u00e7\u00e3o.<\/em>. Se tiver alguma d\u00favida sobre o regulamento, contacte-nos antes de efetuar a sua encomenda.\u00a0<\/span><\/p>","protected":false},"excerpt":{"rendered":"<p><span style=\"font-weight: 400\">O <strong>Trufas micol\u00f3gicas<\/strong> <strong>Passarinhos<\/strong>, tamb\u00e9m conhecido como <em>Magia Maia<\/em>, s\u00e3o <strong>escler\u00f3cios frescos de esp\u00e9cies micol\u00f3gicas selecionadas<\/strong>, excelente para estudos micol\u00f3gicos.<\/span><\/p>\n<p><span style=\"font-weight: 400\"><strong>N\u00e3o se destina ao consumo humano<\/strong>. <strong>Se tiver d\u00favidas, contacte-nos ou consulte o regulamento.<\/strong>.<\/span><\/p>","protected":false},"featured_media":59105,"comment_status":"open","ping_status":"closed","template":"","meta":{"_acf_changed":false,"site-sidebar-layout":"default","site-content-layout":"","ast-site-content-layout":"default","site-content-style":"default","site-sidebar-style":"default","ast-global-header-display":"","ast-banner-title-visibility":"","ast-main-header-display":"","ast-hfb-above-header-display":"","ast-hfb-below-header-display":"","ast-hfb-mobile-header-display":"","site-post-title":"","ast-breadcrumbs-content":"","ast-featured-img":"","footer-sml-layout":"","theme-transparent-header-meta":"default","adv-header-id-meta":"","stick-header-meta":"","header-above-stick-meta":"","header-main-stick-meta":"","header-below-stick-meta":"","astra-migrate-meta-layouts":"set","ast-page-background-enabled":"default","ast-page-background-meta":{"desktop":{"background-color":"var(--ast-global-color-4)","background-image":"","background-repeat":"repeat","background-position":"center center","background-size":"auto","background-attachment":"scroll","background-type":"","background-media":"","overlay-type":"","overlay-color":"","overlay-opacity":"","overlay-gradient":""},"tablet":{"background-color":"","background-image":"","background-repeat":"repeat","background-position":"center center","background-size":"auto","background-attachment":"scroll","background-type":"","background-media":"","overlay-type":"","overlay-color":"","overlay-opacity":"","overlay-gradient":""},"mobile":{"background-color":"","background-image":"","background-repeat":"repeat","background-position":"center center","background-size":"auto","background-attachment":"scroll","background-type":"","background-media":"","overlay-type":"","overlay-color":"","overlay-opacity":"","overlay-gradient":""}},"ast-content-background-meta":{"desktop":{"background-color":"var(--ast-global-color-5)","background-image":"","background-repeat":"repeat","background-position":"center center","background-size":"auto","background-attachment":"scroll","background-type":"","background-media":"","overlay-type":"","overlay-color":"","overlay-opacity":"","overlay-gradient":""},"tablet":{"background-color":"var(--ast-global-color-5)","background-image":"","background-repeat":"repeat","background-position":"center center","background-size":"auto","background-attachment":"scroll","background-type":"","background-media":"","overlay-type":"","overlay-color":"","overlay-opacity":"","overlay-gradient":""},"mobile":{"background-color":"var(--ast-global-color-5)","background-image":"","background-repeat":"repeat","background-position":"center center","background-size":"auto","background-attachment":"scroll","background-type":"","background-media":"","overlay-type":"","overlay-color":"","overlay-opacity":"","overlay-gradient":""}}},"product_brand":[],"product_cat":[594,595],"product_tag":[],"class_list":{"0":"post-59103","1":"product","2":"type-product","3":"status-publish","4":"has-post-thumbnail","6":"product_cat-smartshop","7":"product_cat-trufas-magicas","8":"desktop-align-center","9":"tablet-align-center","10":"mobile-align-center","12":"first","13":"instock","14":"taxable","15":"shipping-taxable","16":"purchasable","17":"product-type-simple"},"acf":[],"yoast_head":"<!-- This site is optimized with the Yoast SEO Premium plugin v27.3 (Yoast SEO v27.3) - https:\/\/yoast.com\/product\/yoast-seo-premium-wordpress\/ -->\n<title>Trufas M\u00e1gicas Pajaritos 15g para colecci\u00f3n | Iguana Smoke<\/title>\n<meta name=\"description\" content=\"Descubre las Trufas M\u00e1gicas Pajaritos. Compra trufas legales solo para colecci\u00f3n o estudio micol\u00f3gico. No apta para menores de 18.\" \/>\n<meta name=\"robots\" content=\"index, follow, max-snippet:-1, max-image-preview:large, max-video-preview:-1\" \/>\n<link rel=\"canonical\" href=\"https:\/\/iguanasmoke.com\/pt\/produto\/trufas-magicas-passaros\/\" \/>\n<meta property=\"og:locale\" content=\"pt_PT\" \/>\n<meta property=\"og:type\" content=\"article\" \/>\n<meta property=\"og:title\" content=\"Trufas M\u00e1gicas Pajaritos 15g\" \/>\n<meta property=\"og:description\" content=\"Las Trufas micol\u00f3gicas Pajaritos, conocidas tambi\u00e9n como magia Maya, son esclerocios frescos de especies micol\u00f3gicas seleccionadas, excelentes para estudio micol\u00f3gico.  No est\u00e1 destinado al consumo humano. Si tienes dudas cons\u00faltanos o revisa la normativa.\" \/>\n<meta property=\"og:url\" content=\"https:\/\/iguanasmoke.com\/pt\/produto\/trufas-magicas-passaros\/\" \/>\n<meta property=\"og:site_name\" content=\"Iguana Smoke\" \/>\n<meta property=\"article:publisher\" content=\"https:\/\/www.facebook.com\/iguanasmoke\" \/>\n<meta property=\"article:modified_time\" content=\"2026-03-31T13:04:19+00:00\" \/>\n<meta property=\"og:image\" content=\"https:\/\/iguanasmoke.com\/wp-content\/uploads\/2025\/06\/Pajaritos.webp\" \/>\n\t<meta property=\"og:image:width\" content=\"1000\" \/>\n\t<meta property=\"og:image:height\" content=\"1000\" \/>\n\t<meta property=\"og:image:type\" content=\"image\/webp\" \/>\n<meta name=\"twitter:card\" content=\"summary_large_image\" \/>\n<meta name=\"twitter:label1\" content=\"pre\u00e7o\" \/>\n\t<meta name=\"twitter:data1\" content=\"17,55&nbsp;&euro;\" \/>\n\t<meta name=\"twitter:label2\" content=\"Disponibilidade\" \/>\n\t<meta name=\"twitter:data2\" content=\"Em stock\" \/>\n<meta property=\"product:brand\" content=\"simple\" \/>\n<meta property=\"product:price:amount\" content=\"17.55\" \/>\n<meta property=\"product:price:currency\" content=\"EUR\" \/>\n<meta property=\"og:availability\" content=\"instock\" \/>\n<meta property=\"product:availability\" content=\"instock\" \/>\n<meta property=\"product:retailer_item_id\" content=\"SJ-TRUFA-PAJ\" \/>\n<meta property=\"product:condition\" content=\"new\" \/>\n<!-- \/ Yoast SEO Premium plugin. -->","yoast_head_json":{"title":"Magic Truffle Birds 15g para cole\u00e7\u00e3o | Iguana Smoke","description":"Descubra as Trufas M\u00e1gicas Pajaritos. Comprar trufas legais apenas para cole\u00e7\u00e3o ou estudo micol\u00f3gico. N\u00e3o \u00e9 adequado para menores de 18 anos.","robots":{"index":"index","follow":"follow","max-snippet":"max-snippet:-1","max-image-preview":"max-image-preview:large","max-video-preview":"max-video-preview:-1"},"canonical":"https:\/\/iguanasmoke.com\/pt\/produto\/trufas-magicas-passaros\/","og_locale":"pt_PT","og_type":"article","og_title":"Trufas M\u00e1gicas Pajaritos 15g","og_description":"Las Trufas micol\u00f3gicas Pajaritos, conocidas tambi\u00e9n como magia Maya, son esclerocios frescos de especies micol\u00f3gicas seleccionadas, excelentes para estudio micol\u00f3gico.  No est\u00e1 destinado al consumo humano. Si tienes dudas cons\u00faltanos o revisa la normativa.","og_url":"https:\/\/iguanasmoke.com\/pt\/produto\/trufas-magicas-passaros\/","og_site_name":"Iguana Smoke","article_publisher":"https:\/\/www.facebook.com\/iguanasmoke","article_modified_time":"2026-03-31T13:04:19+00:00","og_image":[{"width":1000,"height":1000,"url":"https:\/\/iguanasmoke.com\/wp-content\/uploads\/2025\/06\/Pajaritos.webp","type":"image\/webp"}],"twitter_card":"summary_large_image","twitter_misc":{"pre\u00e7o":"17,55&nbsp;&euro;","Disponibilidade":"Em stock"},"schema":{"@context":"https:\/\/schema.org","@graph":[{"@type":"WebPage","@id":"https:\/\/iguanasmoke.com\/producto\/trufas-magicas-pajaritos\/","url":"https:\/\/iguanasmoke.com\/producto\/trufas-magicas-pajaritos\/","name":"Magic Truffle Birds 15g para cole\u00e7\u00e3o | Iguana Smoke","isPartOf":{"@id":"https:\/\/iguanasmoke.com\/#website"},"primaryImageOfPage":{"@id":"https:\/\/iguanasmoke.com\/producto\/trufas-magicas-pajaritos\/#primaryimage"},"image":{"@id":"https:\/\/iguanasmoke.com\/producto\/trufas-magicas-pajaritos\/#primaryimage"},"thumbnailUrl":"https:\/\/iguanasmoke.com\/wp-content\/uploads\/2025\/06\/Pajaritos.webp","datePublished":"2025-06-18T18:52:00+00:00","dateModified":"2026-03-31T13:04:19+00:00","description":"Descubra as Trufas M\u00e1gicas Pajaritos. Comprar trufas legais apenas para cole\u00e7\u00e3o ou estudo micol\u00f3gico. N\u00e3o \u00e9 adequado para menores de 18 anos.","breadcrumb":{"@id":"https:\/\/iguanasmoke.com\/producto\/trufas-magicas-pajaritos\/#breadcrumb"},"inLanguage":"pt-PT","potentialAction":[{"@type":"ReadAction","target":["https:\/\/iguanasmoke.com\/producto\/trufas-magicas-pajaritos\/"]}]},{"@type":"ImageObject","inLanguage":"pt-PT","@id":"https:\/\/iguanasmoke.com\/producto\/trufas-magicas-pajaritos\/#primaryimage","url":"https:\/\/iguanasmoke.com\/wp-content\/uploads\/2025\/06\/Pajaritos.webp","contentUrl":"https:\/\/iguanasmoke.com\/wp-content\/uploads\/2025\/06\/Pajaritos.webp","width":1000,"height":1000,"caption":"Trufas micol\u00f3gicas Pajaritos"},{"@type":"BreadcrumbList","@id":"https:\/\/iguanasmoke.com\/producto\/trufas-magicas-pajaritos\/#breadcrumb","itemListElement":[{"@type":"ListItem","position":1,"name":"home","item":"https:\/\/iguanasmoke.com\/"},{"@type":"ListItem","position":2,"name":"Tienda","item":"https:\/\/iguanasmoke.com\/tienda\/"},{"@type":"ListItem","position":3,"name":"SmartShop","item":"https:\/\/iguanasmoke.com\/categoria\/smartshop\/"},{"@type":"ListItem","position":4,"name":"Trufas M\u00e1gicas Pajaritos 15g"}]},{"@type":"WebSite","@id":"https:\/\/iguanasmoke.com\/#website","url":"https:\/\/iguanasmoke.com\/","name":"Fumo de Iguana","description":"Comprar CBD online ao melhor pre\u00e7o","publisher":{"@id":"https:\/\/iguanasmoke.com\/#organization"},"potentialAction":[{"@type":"SearchAction","target":{"@type":"EntryPoint","urlTemplate":"https:\/\/iguanasmoke.com\/?s={search_term_string}"},"query-input":{"@type":"PropertyValueSpecification","valueRequired":true,"valueName":"search_term_string"}}],"inLanguage":"pt-PT"},{"@type":"Organization","@id":"https:\/\/iguanasmoke.com\/#organization","name":"Fumo de Iguana","url":"https:\/\/iguanasmoke.com\/","logo":{"@type":"ImageObject","inLanguage":"pt-PT","@id":"https:\/\/iguanasmoke.com\/#\/schema\/logo\/image\/","url":"https:\/\/iguanasmoke.com\/wp-content\/uploads\/2025\/01\/logoiguana-favi-1.png","contentUrl":"https:\/\/iguanasmoke.com\/wp-content\/uploads\/2025\/01\/logoiguana-favi-1.png","width":512,"height":512,"caption":"Iguana Smoke"},"image":{"@id":"https:\/\/iguanasmoke.com\/#\/schema\/logo\/image\/"},"sameAs":["https:\/\/www.facebook.com\/iguanasmoke","https:\/\/www.instagram.com\/iguanasmoke\/"]}]},"product_brand":"simple","product_price_amount":"17.55","product_price_currency":"EUR","og_availability":"instock","product_availability":"instock","product_retailer_item_id":"SJ-TRUFA-PAJ","product_condition":"new"},"_links":{"self":[{"href":"https:\/\/iguanasmoke.com\/pt\/wp-json\/wp\/v2\/product\/59103","targetHints":{"allow":["GET"]}}],"collection":[{"href":"https:\/\/iguanasmoke.com\/pt\/wp-json\/wp\/v2\/product"}],"about":[{"href":"https:\/\/iguanasmoke.com\/pt\/wp-json\/wp\/v2\/types\/product"}],"replies":[{"embeddable":true,"href":"https:\/\/iguanasmoke.com\/pt\/wp-json\/wp\/v2\/comments?post=59103"}],"wp:featuredmedia":[{"embeddable":true,"href":"https:\/\/iguanasmoke.com\/pt\/wp-json\/wp\/v2\/media\/59105"}],"wp:attachment":[{"href":"https:\/\/iguanasmoke.com\/pt\/wp-json\/wp\/v2\/media?parent=59103"}],"wp:term":[{"taxonomy":"product_brand","embeddable":true,"href":"https:\/\/iguanasmoke.com\/pt\/wp-json\/wp\/v2\/product_brand?post=59103"},{"taxonomy":"product_cat","embeddable":true,"href":"https:\/\/iguanasmoke.com\/pt\/wp-json\/wp\/v2\/product_cat?post=59103"},{"taxonomy":"product_tag","embeddable":true,"href":"https:\/\/iguanasmoke.com\/pt\/wp-json\/wp\/v2\/product_tag?post=59103"}],"curies":[{"name":"wp","href":"https:\/\/api.w.org\/{rel}","templated":true}]}}