{"id":59114,"date":"2025-06-18T21:10:03","date_gmt":"2025-06-18T19:10:03","guid":{"rendered":"https:\/\/iguanasmoke.com\/?post_type=product&#038;p=59114"},"modified":"2026-03-31T15:05:27","modified_gmt":"2026-03-31T13:05:27","slug":"trufas-tampanensis","status":"publish","type":"product","link":"https:\/\/iguanasmoke.com\/pt\/producto\/trufas-tampanensis\/","title":{"rendered":"Trufas m\u00e1gicas Tampanensis 15g"},"content":{"rendered":"<h1><span style=\"font-weight: 400\">Trufas m\u00e1gicas Tampanensis - Trufas micol\u00f3gicas para cole\u00e7\u00e3o e estudo\u00a0<\/span><\/h1>\n<p data-start=\"554\" data-end=\"985\"><span style=\"font-weight: 400\">O <strong>Trufas m\u00e1gicas Tampanensis,<\/strong> conhecido como <em>pedras filosofais<\/em>, prov\u00eam de um fungo raro <strong>Psilocibo tampanensis<\/strong>, uma esp\u00e9cie psicad\u00e9lica pertencente \u00e0 fam\u00edlia <em>Hymenogastraceae<\/em>. <\/span><\/p>\n<p data-start=\"554\" data-end=\"985\"><span style=\"font-weight: 400\">Este fungo foi descoberto pela primeira vez em 1977 num prado arenoso perto de Tampa, na Florida. Desde ent\u00e3o, a sua descoberta na natureza tem sido excecional, de modo que a maioria dos esp\u00e9cimes actuais prov\u00e9m de <strong>culturas micol\u00f3gicas baseadas em clones do esp\u00e9cime original<\/strong>. <\/span><\/p>\n<p data-start=\"554\" data-end=\"985\"><span style=\"font-weight: 400\">Ao contr\u00e1rio de outras esp\u00e9cies, o <strong>Psilocibo tampanensis <\/strong>forma escler\u00f3cios micol\u00f3gicos subterr\u00e2neos psicoactivos que funcionam como estruturas de reserva. Estes escler\u00f3cios, conhecidos como trufas m\u00e1gicas, atra\u00edram o interesse devido ao seu desenvolvimento biol\u00f3gico peculiar. <\/span><\/p>\n<p data-start=\"554\" data-end=\"985\"><span style=\"font-weight: 400\">Historicamente, o seu uso tem sido associado a contextos espirituais, recreativos e cient\u00edficos em v\u00e1rias culturas. No entanto, em Espanha, o seu consumo \u00e9 totalmente proibido.\u00a0<\/span><\/p>\n<p style=\"padding-left: 40px;text-align: center\" data-start=\"554\" data-end=\"985\"><em><span style=\"font-weight: 400\">\u26a0\ufe0fRecuerda: A utiliza\u00e7\u00e3o \u00e9 limitada a fins micol\u00f3gicos, educativos, decorativos ou de cole\u00e7\u00e3o. Este produto n\u00e3o se destina ao consumo humano.<\/span><\/em><\/p>\n<p>&nbsp;<\/p>\n<h2 data-start=\"1384\" data-end=\"1436\">Carater\u00edsticas das trufas m\u00e1gicas Tampanensis<\/h2>\n<ul>\n<li data-start=\"1335\" data-end=\"1359\"><strong>Estrutura densa<\/strong><\/li>\n<\/ul>\n<p>A tens\u00e3o <span style=\"font-weight: 400\"><strong>Psilocibo tampanensis <\/strong><\/span>tem escler\u00f3cios compactos e densos. Al\u00e9m disso, com a sua colora\u00e7\u00e3o castanho-terrosa, o <span style=\"font-size: 16px;font-weight: 400\">\u00e9 uma das variedades mais apreciadas para a an\u00e1lise visual.<\/span><\/p>\n<ul>\n<li data-start=\"1555\" data-end=\"1590\"><strong>Frescura e apresenta\u00e7\u00e3o de primeira qualidade<\/strong><\/li>\n<\/ul>\n<p data-start=\"1592\" data-end=\"1779\"><span style=\"font-weight: 400\">Cada unidade \u00e9 <strong>embalado em v\u00e1cuo<\/strong> num formato de <strong>15 gramas<\/strong>, preservando assim a sua integridade e o seu aspeto natural.<\/span> Este tipo de embalagem contribui igualmente para manter a qualidade das trufas durante mais tempo. Para muitos, esta embalagem tornou-se mesmo um s\u00edmbolo da aten\u00e7\u00e3o ao pormenor das Trufas M\u00e1gicas Tampanensis.<\/p>\n<ul>\n<li data-start=\"1335\" data-end=\"1359\"><strong>Prote\u00e7\u00e3o contra cat\u00e1strofes naturais\u00a0<\/strong><\/li>\n<\/ul>\n<p><span style=\"font-weight: 400\">Est\u00e1 em<strong> Trufas micol\u00f3gicas de Tampanensis,<\/strong> s\u00e3o desenvolvidos como um <strong>estrat\u00e9gia de sobreviv\u00eancia em caso de inc\u00eandio ou de cat\u00e1strofes ambientais<\/strong>. Por esta raz\u00e3o, s\u00e3o considerados um <strong>fen\u00f3meno biol\u00f3gico<\/strong> particularmente \u00fanico no \u00e2mbito do<strong> reino Fungi.<\/strong> Por isso, s\u00e3o muito apreciados por coleccionadores e micologistas que procuram esp\u00e9cimes com uma <strong>antecedentes hist\u00f3ricos e cient\u00edficos relevantes<\/strong>.\u00a0<\/span><\/p>\n<h2 data-start=\"805\" data-end=\"862\">Porqu\u00ea comprar Trufas M\u00e1gicas Tampanensis para fins micol\u00f3gicos?<\/h2>\n<p data-start=\"864\" data-end=\"953\"><span style=\"font-weight: 400\">O <strong>Trufas m\u00e1gicas Tampanensis <\/strong>s\u00e3o muito apreciados pelos investigadores e coleccionadores pelas suas carater\u00edsticas \u00fanicas:\u00a0<\/span><\/p>\n<ul>\n<li data-start=\"864\" data-end=\"953\"><span style=\"font-weight: 400\"><strong>Origem natural curiosa<\/strong>escler\u00f3cios selecionados e cultivados a partir de cultura micol\u00f3gica do esp\u00e9cime recolhido na Florida.\u00a0<\/span><\/li>\n<li data-start=\"864\" data-end=\"953\"><span style=\"font-weight: 400\"><strong>Morfologia \u00fanica:<\/strong> devido \u00e0 sua raridade, com o aparecimento de <em>pedra filosofal,<\/em> s\u00e3o tamb\u00e9m excelentes para exames microsc\u00f3picos.<\/span><\/li>\n<li data-start=\"864\" data-end=\"953\"><span style=\"font-weight: 400\"><strong>Frescura e rastreabilidade:<\/strong> Cada lote \u00e9 submetido a rigorosos controlos de qualidade para garantir a sua adequa\u00e7\u00e3o a fins acad\u00e9micos e decorativos.\u00a0<\/span><\/li>\n<\/ul>\n<h2 data-start=\"1786\" data-end=\"1833\">Conserva\u00e7\u00e3o e manuseamento para estudo<\/h2>\n<ul>\n<li><span style=\"font-weight: 400\"><strong>Armazenamento<\/strong>Conservar a 2\u00baC-4\u00baC para manter a sua integridade.<\/span><\/li>\n<li><span style=\"font-weight: 400\"><strong>Manipula\u00e7\u00e3o<\/strong>Recomenda-se a utiliza\u00e7\u00e3o de luvas e utens\u00edlios esterilizados nos laborat\u00f3rios.<\/span><\/li>\n<li><span style=\"font-weight: 400\"><strong>Decora\u00e7\u00e3o\/cole\u00e7\u00e3o<\/strong>ideal para exposi\u00e7\u00f5es bot\u00e2nicas e apresenta\u00e7\u00f5es pedag\u00f3gicas.<\/span><\/li>\n<\/ul>\n<h2 data-start=\"2130\" data-end=\"2181\">Compras seguras e em conformidade com a lei<\/h2>\n<p data-start=\"2183\" data-end=\"2374\"><span style=\"font-weight: 400\">Na nossa loja online pode comprar<strong> Trufas micol\u00f3gicas Tampanensis <\/strong>com total tranquilidade:<\/span><\/p>\n<ul>\n<li data-start=\"2183\" data-end=\"2374\"><span style=\"font-weight: 400\">Respeitam as normas legais em vigor em Espanha para os produtos fabricados a partir de<strong> utiliza\u00e7\u00e3o n\u00e3o consum\u00edvel<\/strong>. <\/span><\/li>\n<li data-start=\"2183\" data-end=\"2374\"><span style=\"font-weight: 400\">Incluem avisos claros sobre o seu objetivo.<\/span><\/li>\n<li data-start=\"2183\" data-end=\"2374\"><span style=\"font-weight: 400\">Expedi\u00e7\u00e3o discreta e embalagem segura. <\/span><\/li>\n<\/ul>\n<p>&nbsp;<\/p>\n<p style=\"text-align: center;padding-left: 40px\"><span style=\"font-weight: 400\"><em>\u00a0\u26a0\ufe0fNo n\u00e3o encorajamos nem recomendamos o seu consumo. Destinam-se exclusivamente ao estudo micol\u00f3gico, \u00e0 exposi\u00e7\u00e3o decorativa ou \u00e0 cole\u00e7\u00e3o.<\/em>. Se tiver alguma d\u00favida sobre o regulamento, contacte-nos antes de efetuar a sua encomenda.\u00a0<\/span><\/p>","protected":false},"excerpt":{"rendered":"<p><span style=\"font-weight: 400\">O <strong>Trufas micol\u00f3gicas Tampanensis <\/strong>s\u00e3o <strong>escler\u00f3cios compactos de cor castanha terrosa<\/strong>, excelentes para o estudo micol\u00f3gico e para a cole\u00e7\u00e3o. O seu valor reside na sua singularidade biol\u00f3gica, o que os torna um produto muito procurado pelos especialistas.\u00a0<\/span><\/p>\n<p><span style=\"font-weight: 400\"><strong>N\u00e3o se destina ao consumo humano<\/strong>. <strong>Se tiver d\u00favidas, contacte-nos ou consulte o regulamento.<\/strong>.<\/span><\/p>","protected":false},"featured_media":59116,"comment_status":"open","ping_status":"closed","template":"","meta":{"_acf_changed":false,"site-sidebar-layout":"default","site-content-layout":"","ast-site-content-layout":"default","site-content-style":"default","site-sidebar-style":"default","ast-global-header-display":"","ast-banner-title-visibility":"","ast-main-header-display":"","ast-hfb-above-header-display":"","ast-hfb-below-header-display":"","ast-hfb-mobile-header-display":"","site-post-title":"","ast-breadcrumbs-content":"","ast-featured-img":"","footer-sml-layout":"","theme-transparent-header-meta":"default","adv-header-id-meta":"","stick-header-meta":"","header-above-stick-meta":"","header-main-stick-meta":"","header-below-stick-meta":"","astra-migrate-meta-layouts":"set","ast-page-background-enabled":"default","ast-page-background-meta":{"desktop":{"background-color":"var(--ast-global-color-4)","background-image":"","background-repeat":"repeat","background-position":"center center","background-size":"auto","background-attachment":"scroll","background-type":"","background-media":"","overlay-type":"","overlay-color":"","overlay-opacity":"","overlay-gradient":""},"tablet":{"background-color":"","background-image":"","background-repeat":"repeat","background-position":"center center","background-size":"auto","background-attachment":"scroll","background-type":"","background-media":"","overlay-type":"","overlay-color":"","overlay-opacity":"","overlay-gradient":""},"mobile":{"background-color":"","background-image":"","background-repeat":"repeat","background-position":"center center","background-size":"auto","background-attachment":"scroll","background-type":"","background-media":"","overlay-type":"","overlay-color":"","overlay-opacity":"","overlay-gradient":""}},"ast-content-background-meta":{"desktop":{"background-color":"var(--ast-global-color-5)","background-image":"","background-repeat":"repeat","background-position":"center center","background-size":"auto","background-attachment":"scroll","background-type":"","background-media":"","overlay-type":"","overlay-color":"","overlay-opacity":"","overlay-gradient":""},"tablet":{"background-color":"var(--ast-global-color-5)","background-image":"","background-repeat":"repeat","background-position":"center center","background-size":"auto","background-attachment":"scroll","background-type":"","background-media":"","overlay-type":"","overlay-color":"","overlay-opacity":"","overlay-gradient":""},"mobile":{"background-color":"var(--ast-global-color-5)","background-image":"","background-repeat":"repeat","background-position":"center center","background-size":"auto","background-attachment":"scroll","background-type":"","background-media":"","overlay-type":"","overlay-color":"","overlay-opacity":"","overlay-gradient":""}}},"product_brand":[],"product_cat":[594,595],"product_tag":[],"class_list":{"0":"post-59114","1":"product","2":"type-product","3":"status-publish","4":"has-post-thumbnail","6":"product_cat-smartshop","7":"product_cat-trufas-magicas","8":"desktop-align-center","9":"tablet-align-center","10":"mobile-align-center","12":"first","13":"instock","14":"taxable","15":"shipping-taxable","16":"purchasable","17":"product-type-simple"},"acf":[],"yoast_head":"<!-- This site is optimized with the Yoast SEO Premium plugin v27.3 (Yoast SEO v27.3) - https:\/\/yoast.com\/product\/yoast-seo-premium-wordpress\/ -->\n<title>Trufas M\u00e1gicas Tampanensis para coleccionismo<\/title>\n<meta name=\"description\" content=\"Descubre las Trufas M\u00e1gicas Tampanensis. Trufas alucin\u00f3genas raras, ideales para colecci\u00f3n o estudio micol\u00f3gico. Compra legal en Espa\u00f1a.\" \/>\n<meta name=\"robots\" content=\"index, follow, max-snippet:-1, max-image-preview:large, max-video-preview:-1\" \/>\n<link rel=\"canonical\" href=\"https:\/\/iguanasmoke.com\/pt\/produto\/trufas-tampanensis\/\" \/>\n<meta property=\"og:locale\" content=\"pt_PT\" \/>\n<meta property=\"og:type\" content=\"article\" \/>\n<meta property=\"og:title\" content=\"Trufas M\u00e1gicas Tampanensis 15g\" \/>\n<meta property=\"og:description\" content=\"Las Trufas micol\u00f3gicas Tampanensis son esclerocios compactos marrones terrosos, excelentes para estudio micol\u00f3gico y coleccionismo. Su valor reside en su singularidad biol\u00f3gica, convirti\u00e9ndolas en un producto muy buscado entre expertos.\u00a0  No est\u00e1 destinado al consumo humano. Si tienes dudas cons\u00faltanos o revisa la normativa.\" \/>\n<meta property=\"og:url\" content=\"https:\/\/iguanasmoke.com\/pt\/produto\/trufas-tampanensis\/\" \/>\n<meta property=\"og:site_name\" content=\"Iguana Smoke\" \/>\n<meta property=\"article:publisher\" content=\"https:\/\/www.facebook.com\/iguanasmoke\" \/>\n<meta property=\"article:modified_time\" content=\"2026-03-31T13:05:27+00:00\" \/>\n<meta property=\"og:image\" content=\"https:\/\/iguanasmoke.com\/wp-content\/uploads\/2025\/06\/Trufas-tampanensis.webp\" \/>\n\t<meta property=\"og:image:width\" content=\"1000\" \/>\n\t<meta property=\"og:image:height\" content=\"1000\" \/>\n\t<meta property=\"og:image:type\" content=\"image\/webp\" \/>\n<meta name=\"twitter:card\" content=\"summary_large_image\" \/>\n<meta name=\"twitter:label1\" content=\"pre\u00e7o\" \/>\n\t<meta name=\"twitter:data1\" content=\"17,55&nbsp;&euro;\" \/>\n\t<meta name=\"twitter:label2\" content=\"Disponibilidade\" \/>\n\t<meta name=\"twitter:data2\" content=\"Em stock\" \/>\n<meta property=\"product:brand\" content=\"simple\" \/>\n<meta property=\"product:price:amount\" content=\"17.55\" \/>\n<meta property=\"product:price:currency\" content=\"EUR\" \/>\n<meta property=\"og:availability\" content=\"instock\" \/>\n<meta property=\"product:availability\" content=\"instock\" \/>\n<meta property=\"product:retailer_item_id\" content=\"SJ-TRUFA-TAM\" \/>\n<meta property=\"product:condition\" content=\"new\" \/>\n<!-- \/ Yoast SEO Premium plugin. -->","yoast_head_json":{"title":"Trufas m\u00e1gicas Tampanensis para cole\u00e7\u00e3o","description":"Descubra as trufas m\u00e1gicas Tampanensis. Raras trufas alucinog\u00e9nias, ideais para cole\u00e7\u00e3o ou estudo micol\u00f3gico. Compra legal em Espanha.","robots":{"index":"index","follow":"follow","max-snippet":"max-snippet:-1","max-image-preview":"max-image-preview:large","max-video-preview":"max-video-preview:-1"},"canonical":"https:\/\/iguanasmoke.com\/pt\/produto\/trufas-tampanensis\/","og_locale":"pt_PT","og_type":"article","og_title":"Trufas M\u00e1gicas Tampanensis 15g","og_description":"Las Trufas micol\u00f3gicas Tampanensis son esclerocios compactos marrones terrosos, excelentes para estudio micol\u00f3gico y coleccionismo. Su valor reside en su singularidad biol\u00f3gica, convirti\u00e9ndolas en un producto muy buscado entre expertos.\u00a0  No est\u00e1 destinado al consumo humano. Si tienes dudas cons\u00faltanos o revisa la normativa.","og_url":"https:\/\/iguanasmoke.com\/pt\/produto\/trufas-tampanensis\/","og_site_name":"Iguana Smoke","article_publisher":"https:\/\/www.facebook.com\/iguanasmoke","article_modified_time":"2026-03-31T13:05:27+00:00","og_image":[{"width":1000,"height":1000,"url":"https:\/\/iguanasmoke.com\/wp-content\/uploads\/2025\/06\/Trufas-tampanensis.webp","type":"image\/webp"}],"twitter_card":"summary_large_image","twitter_misc":{"pre\u00e7o":"17,55&nbsp;&euro;","Disponibilidade":"Em stock"},"schema":{"@context":"https:\/\/schema.org","@graph":[{"@type":"WebPage","@id":"https:\/\/iguanasmoke.com\/producto\/trufas-tampanensis\/","url":"https:\/\/iguanasmoke.com\/producto\/trufas-tampanensis\/","name":"Trufas m\u00e1gicas Tampanensis para cole\u00e7\u00e3o","isPartOf":{"@id":"https:\/\/iguanasmoke.com\/#website"},"primaryImageOfPage":{"@id":"https:\/\/iguanasmoke.com\/producto\/trufas-tampanensis\/#primaryimage"},"image":{"@id":"https:\/\/iguanasmoke.com\/producto\/trufas-tampanensis\/#primaryimage"},"thumbnailUrl":"https:\/\/iguanasmoke.com\/wp-content\/uploads\/2025\/06\/Trufas-tampanensis.webp","datePublished":"2025-06-18T19:10:03+00:00","dateModified":"2026-03-31T13:05:27+00:00","description":"Descubra as trufas m\u00e1gicas Tampanensis. Raras trufas alucinog\u00e9nias, ideais para cole\u00e7\u00e3o ou estudo micol\u00f3gico. Compra legal em Espanha.","breadcrumb":{"@id":"https:\/\/iguanasmoke.com\/producto\/trufas-tampanensis\/#breadcrumb"},"inLanguage":"pt-PT","potentialAction":[{"@type":"ReadAction","target":["https:\/\/iguanasmoke.com\/producto\/trufas-tampanensis\/"]}]},{"@type":"ImageObject","inLanguage":"pt-PT","@id":"https:\/\/iguanasmoke.com\/producto\/trufas-tampanensis\/#primaryimage","url":"https:\/\/iguanasmoke.com\/wp-content\/uploads\/2025\/06\/Trufas-tampanensis.webp","contentUrl":"https:\/\/iguanasmoke.com\/wp-content\/uploads\/2025\/06\/Trufas-tampanensis.webp","width":1000,"height":1000,"caption":"Trufas m\u00e1gicas Tampanensis de cultivo micol\u00f3gico"},{"@type":"BreadcrumbList","@id":"https:\/\/iguanasmoke.com\/producto\/trufas-tampanensis\/#breadcrumb","itemListElement":[{"@type":"ListItem","position":1,"name":"home","item":"https:\/\/iguanasmoke.com\/"},{"@type":"ListItem","position":2,"name":"Tienda","item":"https:\/\/iguanasmoke.com\/tienda\/"},{"@type":"ListItem","position":3,"name":"SmartShop","item":"https:\/\/iguanasmoke.com\/categoria\/smartshop\/"},{"@type":"ListItem","position":4,"name":"Trufas M\u00e1gicas Tampanensis 15g"}]},{"@type":"WebSite","@id":"https:\/\/iguanasmoke.com\/#website","url":"https:\/\/iguanasmoke.com\/","name":"Fumo de Iguana","description":"Comprar CBD online ao melhor pre\u00e7o","publisher":{"@id":"https:\/\/iguanasmoke.com\/#organization"},"potentialAction":[{"@type":"SearchAction","target":{"@type":"EntryPoint","urlTemplate":"https:\/\/iguanasmoke.com\/?s={search_term_string}"},"query-input":{"@type":"PropertyValueSpecification","valueRequired":true,"valueName":"search_term_string"}}],"inLanguage":"pt-PT"},{"@type":"Organization","@id":"https:\/\/iguanasmoke.com\/#organization","name":"Fumo de Iguana","url":"https:\/\/iguanasmoke.com\/","logo":{"@type":"ImageObject","inLanguage":"pt-PT","@id":"https:\/\/iguanasmoke.com\/#\/schema\/logo\/image\/","url":"https:\/\/iguanasmoke.com\/wp-content\/uploads\/2025\/01\/logoiguana-favi-1.png","contentUrl":"https:\/\/iguanasmoke.com\/wp-content\/uploads\/2025\/01\/logoiguana-favi-1.png","width":512,"height":512,"caption":"Iguana Smoke"},"image":{"@id":"https:\/\/iguanasmoke.com\/#\/schema\/logo\/image\/"},"sameAs":["https:\/\/www.facebook.com\/iguanasmoke","https:\/\/www.instagram.com\/iguanasmoke\/"]}]},"product_brand":"simple","product_price_amount":"17.55","product_price_currency":"EUR","og_availability":"instock","product_availability":"instock","product_retailer_item_id":"SJ-TRUFA-TAM","product_condition":"new"},"_links":{"self":[{"href":"https:\/\/iguanasmoke.com\/pt\/wp-json\/wp\/v2\/product\/59114","targetHints":{"allow":["GET"]}}],"collection":[{"href":"https:\/\/iguanasmoke.com\/pt\/wp-json\/wp\/v2\/product"}],"about":[{"href":"https:\/\/iguanasmoke.com\/pt\/wp-json\/wp\/v2\/types\/product"}],"replies":[{"embeddable":true,"href":"https:\/\/iguanasmoke.com\/pt\/wp-json\/wp\/v2\/comments?post=59114"}],"wp:featuredmedia":[{"embeddable":true,"href":"https:\/\/iguanasmoke.com\/pt\/wp-json\/wp\/v2\/media\/59116"}],"wp:attachment":[{"href":"https:\/\/iguanasmoke.com\/pt\/wp-json\/wp\/v2\/media?parent=59114"}],"wp:term":[{"taxonomy":"product_brand","embeddable":true,"href":"https:\/\/iguanasmoke.com\/pt\/wp-json\/wp\/v2\/product_brand?post=59114"},{"taxonomy":"product_cat","embeddable":true,"href":"https:\/\/iguanasmoke.com\/pt\/wp-json\/wp\/v2\/product_cat?post=59114"},{"taxonomy":"product_tag","embeddable":true,"href":"https:\/\/iguanasmoke.com\/pt\/wp-json\/wp\/v2\/product_tag?post=59114"}],"curies":[{"name":"wp","href":"https:\/\/api.w.org\/{rel}","templated":true}]}}