{"id":59394,"date":"2025-06-23T21:29:47","date_gmt":"2025-06-23T19:29:47","guid":{"rendered":"https:\/\/iguanasmoke.com\/?post_type=product&#038;p=59394"},"modified":"2025-12-16T11:22:47","modified_gmt":"2025-12-16T10:22:47","slug":"kit-de-cultivo-de-cogumelos-mexicanos","status":"publish","type":"product","link":"https:\/\/iguanasmoke.com\/pt\/producto\/kit-de-cultivo-setas-mexicanas\/","title":{"rendered":"Kit de cultivo de cogumelos mexicanos"},"content":{"rendered":"<div>\n<h1><span style=\"font-weight: 400;\">P\u00e3o de Cogumelos Mexicano - Kit de cultivo<\/span><\/h1>\n<\/div>\n<p><span style=\"font-weight: 400;\">Este <strong>P\u00e3o de cogumelos mexicano<\/strong> apresenta-se num formato de kit micol\u00f3gico concebido para <strong>observar<\/strong>, <strong>estudo<\/strong> y <strong>analisar<\/strong> sobre <strong>crescimento de fungos<\/strong>, \u00c9 particularmente apreciada pela sua c<\/span><span style=\"font-size: 16px; font-style: normal; font-weight: 400;\">apacidade<\/span><span style=\"font-size: 16px; font-style: normal; font-weight: 400;\">\u00a0<\/span><span style=\"font-size: 16px; font-style: normal; font-weight: 400;\">produtivo<\/span><span style=\"font-size: 16px; font-style: normal; font-weight: 400;\">,\u00a0<\/span><span style=\"font-size: 16px; font-style: normal; font-weight: 400;\">estabilidade<\/span><span style=\"font-size: 16px; font-weight: 400;\">\u00a0gen\u00e9tica<\/span><span style=\"font-size: 16px; font-weight: 400;\"> e resist\u00eancia nas culturas<\/span> <span style=\"font-size: 16px; font-weight: 400;\">controlado<\/span><span style=\"font-size: 16px; font-weight: 400;\">.<\/span><\/p>\n<p><span style=\"font-weight: 400;\">Al\u00e9m disso, esta variedade pertence \u00e0 esp\u00e9cie <strong><em>Psilocibo Cubensis Mexicano<\/em><\/strong>, A literatura micol\u00f3gica documentou-a extensivamente. Gra\u00e7as \u00e0 sua <strong>estrutura<\/strong> <strong>equilibrado<\/strong>, seu <strong>r\u00e1pido<\/strong> <strong>coloniza\u00e7\u00e3o<\/strong> de <strong>substrato<\/strong> e os seus <strong>frutifica\u00e7\u00f5es<\/strong> <strong>regular<\/strong>, A nova cole\u00e7\u00e3o \u00e9, portanto, uma escolha ideal para estudantes de micologia, coleccionadores e projectos educativos.<\/span><\/p>\n<p><span style=\"font-weight: 400;\">Al\u00e9m disso, tradicionalmente, estes cogumelos eram utilizados em certos contextos culturais e eram conhecidos como \u201ccogumelos do mar\".\u201c<em>O cogumelo de Deus<\/em>\u201d o \u201c<em>Carne dos Deuses<\/em>\u201c. No entanto, esta refer\u00eancia \u00e9 inclu\u00edda apenas para fins hist\u00f3ricos e descritivos.<\/span><\/p>\n<p style=\"padding-left: 40px; text-align: center;\"><em><span style=\"font-weight: 400;\">\u26a0\ufe0fRecuerda: A sua utiliza\u00e7\u00e3o limita-se exclusivamente a fins micol\u00f3gicos, educativos, decorativos ou de cole\u00e7\u00e3o. Por conseguinte, este produto n\u00e3o se destina ao consumo humano.<\/span><\/em><\/p>\n<p>&nbsp;<\/p>\n<h2 class=\"soy_acordeon_mobile\"><strong>Carater\u00edsticas morfol\u00f3gicas dos cogumelos mexicanos<\/strong><\/h2>\n<p><span style=\"font-weight: 400;\">Durante o seu desenvolvimento, os cogumelos mexicanos apresentam um certo n\u00famero de carater\u00edsticas facilmente identific\u00e1veis. Em primeiro lugar, distinguem-se pela sua..:<\/span><\/p>\n<ul>\n<li>Caules longos e delgados<\/li>\n<li>Chap\u00e9us m\u00e9dios-grandes<\/li>\n<li>Evolu\u00e7\u00e3o da colora\u00e7\u00e3o de amarelo para tons laranja-avermelhados<\/li>\n<li>Estrutura adequada para observa\u00e7\u00e3o macrosc\u00f3pica e observa\u00e7\u00e3o microsc\u00f3pica<\/li>\n<\/ul>\n<p><span style=\"font-weight: 400;\">Estas carater\u00edsticas tornam o p\u00e3o de cogumelos particularmente interessante para a an\u00e1lise do crescimento, o estudo dos ciclos de frutifica\u00e7\u00e3o e a observa\u00e7\u00e3o da morfologia dos fungos.<\/span><\/p>\n<p>&nbsp;<\/p>\n<h2><strong>Condi\u00e7\u00f5es de produ\u00e7\u00e3o e de cultivo (utiliza\u00e7\u00e3o t\u00e9cnica) <\/strong><\/h2>\n<p><span style=\"font-weight: 400;\">O p\u00e3o de cogumelos mexicano \u00e9 entregue na \u00edntegra. <strong>colonizada, higienizada e pronta a frutificar<\/strong>. No entanto, para um desenvolvimento correto, \u00e9 essencial manter condi\u00e7\u00f5es ambientais controladas e uma higiene correta do ambiente. <\/span><\/p>\n<p><span style=\"font-weight: 400;\">A este respeito, o controlo adequado da temperatura e da humidade \u00e9 fundamental para reduzir o risco de contamina\u00e7\u00e3o cruzada.\u00a0<\/span><\/p>\n<p>Os par\u00e2metros recomendados para a realiza\u00e7\u00e3o do estudo micol\u00f3gico s\u00e3o os seguintes<\/p>\n<ul>\n<li>Temperatura \u00f3ptima: entre 22-25\u00baC (idealmente 24\u00baC)<\/li>\n<li>Humidade relativa: entre 60-80%<\/li>\n<li>Tempo de frutifica\u00e7\u00e3o inicial: 20-25 dias<\/li>\n<li>Capacidade total de produ\u00e7\u00e3o: cerca de 200-400g.<\/li>\n<li>N\u00famero de ciclos: at\u00e9 3 ou 4, mantendo as condi\u00e7\u00f5es est\u00e1veis<\/li>\n<\/ul>\n<p><span style=\"font-weight: 400;\">Por \u00faltimo, conv\u00e9m recordar que estes dados s\u00e3o indicativos e s\u00e3o fornecidos apenas para fins informativos e t\u00e9cnicos.<\/span><\/p>\n<div class=\"soy_descripcion_contenido show_more\">\n<h2><strong>Procedimento de recolha <\/strong><\/h2>\n<p><span style=\"font-weight: 400;\">Para o estudo do ciclo completo do fungo, o corpo de frutifica\u00e7\u00e3o \u00e9 recolhido virando-o ligeiramente, deixando a base do caule intacta. Desta forma, a continuidade da frutifica\u00e7\u00e3o \u00e9 favorecida para a an\u00e1lise posterior.\u00a0<\/span><\/p>\n<p>&nbsp;<\/p>\n<h2><strong>O que est\u00e1 inclu\u00eddo no kit de cultivo do P\u00e3o de Cogumelos Mexicano? <\/strong><\/h2>\n<ul>\n<li><span style=\"font-weight: 400;\"><strong>1 x P\u00e3o de Cogumelos Mexicano 1200ml<\/strong> com mic\u00e9lio 100% fresco e ativo <\/span><\/li>\n<li><span style=\"font-weight: 400;\"><strong>1 x recipiente herm\u00e9tico sem perfura\u00e7\u00f5es<\/strong>, concebido para reduzir a polui\u00e7\u00e3o <\/span>\n<ul>\n<li style=\"list-style-type: none;\">\n<ul>\n<li><span style=\"font-weight: 400;\">(<em>Recomenda-se a sua desinfe\u00e7\u00e3o antes de iniciar o processo de cultivo.<\/em>)<\/span><\/li>\n<\/ul>\n<\/li>\n<\/ul>\n<\/li>\n<li><span style=\"font-weight: 400;\"><strong>1 x Manual do utilizador<\/strong> acess\u00edvel atrav\u00e9s de <strong>C\u00f3digo QR<\/strong> com instru\u00e7\u00f5es pormenorizadas sobre os passos a seguir <\/span><\/li>\n<\/ul>\n<p><span style=\"font-weight: 400;\">Tamb\u00e9m pode encontrar no nosso s\u00edtio Web diferentes <a href=\"https:\/\/iguanasmoke.com\/pt\/categoria\/loja-inteligente-2\/pao-de-cogumelos\/\"><strong>kits completos de cultura micol\u00f3gica<\/strong><\/a>, concebidos para o estudo e para os coleccionadores, bem como o nosso<a href=\"https:\/\/iguanasmoke.com\/pt\/guia-de-cultivo-com-kits-de-cogumelos-frescos\/\"><strong> guia de cultivo micol\u00f3gico<\/strong><\/a>.<\/span><\/p>\n<\/div>\n<div class=\"soy_descripcion_contenido show_more\">\n<p>&nbsp;<\/p>\n<h3>Dimens\u00f5es do p\u00e3o de cogumelos mexicano (incluindo a embalagem)<\/h3>\n<ul>\n<li>19 x 12 x 7,5 cm (C x L x A)<\/li>\n<\/ul>\n<h2><strong>Porqu\u00ea escolher a Iguana Smoke? <\/strong><\/h2>\n<ol>\n<li><span style=\"font-weight: 400;\">Mic\u00e9lio desenvolvido e ativo 100% <\/span><\/li>\n<li><span style=\"font-weight: 400;\">Elevada estabilidade em culturas de observa\u00e7\u00e3o <\/span><\/li>\n<li><span style=\"font-weight: 400;\">Entrega discreta 24\/48h <\/span><\/li>\n<li><span style=\"font-weight: 400;\">Embalagem confidencial e segura\u00a0<\/span><\/li>\n<\/ol>\n<h3><strong>Aviso legal importante:<\/strong><\/h3>\n<p><span style=\"font-weight: 400;\">Este produto \u00e9 comercializado exclusivamente para fins de estudo micol\u00f3gico, investiga\u00e7\u00e3o, cole\u00e7\u00e3o ou ensino.\u00a0<\/span><\/p>\n<p><span style=\"font-weight: 400;\">Por conseguinte, o consumo humano \u00e9 proibido em Espanha ao abrigo da legisla\u00e7\u00e3o em vigor. A Iguana Smoke n\u00e3o promove nem incentiva o consumo e n\u00e3o se responsabiliza pela utiliza\u00e7\u00e3o incorrecta. O comprador \u00e9 respons\u00e1vel por se informar e cumprir os regulamentos aplic\u00e1veis no seu pa\u00eds.<\/span><\/p>\n<p>&nbsp;<\/p>\n<h4><strong>Perguntas frequentes (FAQ)<\/strong><\/h4>\n<p><strong>O que \u00e9 que este p\u00e3o de cogumelos mexicano cont\u00e9m? <\/strong><\/p>\n<p><span style=\"font-weight: 400;\">Mic\u00e9lio fresco e ativo 100% de Psilocybe Cubensis Mexican, destinado exclusivamente a estudos micol\u00f3gicos. <\/span><\/p>\n<p><span style=\"font-weight: 400;\"><strong>Para que tipo de utilizadores \u00e9 adequado?<\/strong> <\/span><\/p>\n<p><span style=\"font-weight: 400;\">Estudantes de micologia, investigadores, institui\u00e7\u00f5es de ensino e coleccionadores especializados. <\/span><\/p>\n<p><strong>Inclui instru\u00e7\u00f5es? <\/strong><\/p>\n<p><span style=\"font-weight: 400;\">Sim, atrav\u00e9s de um c\u00f3digo QR inclu\u00eddo no produto.<\/span><\/p>\n<p><strong>Trata-se de um produto legal? <\/strong><\/p>\n<p><span style=\"font-weight: 400;\">Vendido apenas para fins micol\u00f3gicos. O consumo humano \u00e9 proibido em Espanha.\u00a0\u00a0<\/span><\/p>\n<\/div>\n<div class=\"soy_descripcion_contenido show_more\">\n<div>\n<div>\n<p style=\"padding-left: 40px; text-align: center;\"><span style=\"font-weight: 400;\"><em>\u26a0\ufe0fNo n\u00e3o encorajamos nem recomendamos o seu consumo. Destinam-se exclusivamente ao estudo micol\u00f3gico, \u00e0 exposi\u00e7\u00e3o decorativa ou \u00e0 cole\u00e7\u00e3o.<\/em>. Se tiver alguma d\u00favida sobre o regulamento, contacte-nos antes de efetuar a sua encomenda.\u00a0<\/span><\/p>\n<\/div>\n<\/div>\n<\/div>","protected":false},"excerpt":{"rendered":"<p><span style=\"font-weight: 400;\">As esp\u00e9cies <strong><em>Psilocibo Cubensis Mexicana<\/em><\/strong>\u00a0produz cogumelos de caule longo, com cerca de 10-20 cm de comprimento, com um grande chap\u00e9u amarelo-alaranjado ou avermelhado.\u00a0<\/span><\/p>\n<p><strong>IMPORTANTE<\/strong>: Ler o c\u00f3digo QR na embalagem para ver o <strong>instru\u00e7\u00f5es de cultivo<\/strong> de p\u00e3o de cogumelos; <strong>seguir o passo a passo<\/strong>\u00a0y\u00a0<strong>maximizar as suas colheitas<\/strong>.<\/p>","protected":false},"featured_media":59398,"comment_status":"open","ping_status":"closed","template":"","meta":{"_acf_changed":false,"site-sidebar-layout":"default","site-content-layout":"","ast-site-content-layout":"default","site-content-style":"default","site-sidebar-style":"default","ast-global-header-display":"","ast-banner-title-visibility":"","ast-main-header-display":"","ast-hfb-above-header-display":"","ast-hfb-below-header-display":"","ast-hfb-mobile-header-display":"","site-post-title":"","ast-breadcrumbs-content":"","ast-featured-img":"","footer-sml-layout":"","theme-transparent-header-meta":"default","adv-header-id-meta":"","stick-header-meta":"","header-above-stick-meta":"","header-main-stick-meta":"","header-below-stick-meta":"","astra-migrate-meta-layouts":"set","ast-page-background-enabled":"default","ast-page-background-meta":{"desktop":{"background-color":"var(--ast-global-color-4)","background-image":"","background-repeat":"repeat","background-position":"center center","background-size":"auto","background-attachment":"scroll","background-type":"","background-media":"","overlay-type":"","overlay-color":"","overlay-opacity":"","overlay-gradient":""},"tablet":{"background-color":"","background-image":"","background-repeat":"repeat","background-position":"center center","background-size":"auto","background-attachment":"scroll","background-type":"","background-media":"","overlay-type":"","overlay-color":"","overlay-opacity":"","overlay-gradient":""},"mobile":{"background-color":"","background-image":"","background-repeat":"repeat","background-position":"center center","background-size":"auto","background-attachment":"scroll","background-type":"","background-media":"","overlay-type":"","overlay-color":"","overlay-opacity":"","overlay-gradient":""}},"ast-content-background-meta":{"desktop":{"background-color":"var(--ast-global-color-5)","background-image":"","background-repeat":"repeat","background-position":"center center","background-size":"auto","background-attachment":"scroll","background-type":"","background-media":"","overlay-type":"","overlay-color":"","overlay-opacity":"","overlay-gradient":""},"tablet":{"background-color":"var(--ast-global-color-5)","background-image":"","background-repeat":"repeat","background-position":"center center","background-size":"auto","background-attachment":"scroll","background-type":"","background-media":"","overlay-type":"","overlay-color":"","overlay-opacity":"","overlay-gradient":""},"mobile":{"background-color":"var(--ast-global-color-5)","background-image":"","background-repeat":"repeat","background-position":"center center","background-size":"auto","background-attachment":"scroll","background-type":"","background-media":"","overlay-type":"","overlay-color":"","overlay-opacity":"","overlay-gradient":""}}},"product_brand":[],"product_cat":[596,594],"product_tag":[],"class_list":{"0":"post-59394","1":"product","2":"type-product","3":"status-publish","4":"has-post-thumbnail","6":"product_cat-pan-de-setas","7":"product_cat-smartshop","8":"desktop-align-center","9":"tablet-align-center","10":"mobile-align-center","12":"first","13":"outofstock","14":"taxable","15":"shipping-taxable","16":"purchasable","17":"product-type-simple"},"acf":[],"yoast_head":"<!-- This site is optimized with the Yoast SEO Premium plugin v27.3 (Yoast SEO v27.3) - https:\/\/yoast.com\/product\/yoast-seo-premium-wordpress\/ -->\n<title>Pan de setas Mexicanas: Kit de cultivo micol\u00f3gico | Iguana Smoke<\/title>\n<meta name=\"description\" content=\"Explora el mundo del cultivo con el Pan de Setas Mexicanas, un kit micol\u00f3gico ideal para estudiar y observar f\u00fangicamente. \u00a1Consigue el tuyo ahora!\" \/>\n<meta name=\"robots\" content=\"index, follow, max-snippet:-1, max-image-preview:large, max-video-preview:-1\" \/>\n<link rel=\"canonical\" href=\"https:\/\/iguanasmoke.com\/pt\/produto\/kit-de-cultivo-de-cogumelos-mexicanos\/\" \/>\n<meta property=\"og:locale\" content=\"pt_PT\" \/>\n<meta property=\"og:type\" content=\"article\" \/>\n<meta property=\"og:title\" content=\"Kit de Cultivo Setas Mexicanas\" \/>\n<meta property=\"og:description\" content=\"La especie Psilocybe Cubensis Mexicana\u00a0produce hongos de tallo largo, de unos 10-20cm, y con sombrero amarillo-anaranjado o rojizo de gran tama\u00f1o.\u00a0  IMPORTANTE: Escanea el QR del packaging para ver las instrucciones de cultivo del pan de setas; sigue el paso a paso\u00a0y\u00a0maximiza tus cosechas.\" \/>\n<meta property=\"og:url\" content=\"https:\/\/iguanasmoke.com\/pt\/produto\/kit-de-cultivo-de-cogumelos-mexicanos\/\" \/>\n<meta property=\"og:site_name\" content=\"Iguana Smoke\" \/>\n<meta property=\"article:publisher\" content=\"https:\/\/www.facebook.com\/iguanasmoke\" \/>\n<meta property=\"article:modified_time\" content=\"2025-12-16T10:22:47+00:00\" \/>\n<meta property=\"og:image\" content=\"https:\/\/iguanasmoke.com\/wp-content\/uploads\/2025\/06\/setas-mex.webp\" \/>\n\t<meta property=\"og:image:width\" content=\"1000\" \/>\n\t<meta property=\"og:image:height\" content=\"1000\" \/>\n\t<meta property=\"og:image:type\" content=\"image\/webp\" \/>\n<meta name=\"twitter:card\" content=\"summary_large_image\" \/>\n<meta name=\"twitter:label1\" content=\"pre\u00e7o\" \/>\n\t<meta name=\"twitter:data1\" content=\"31,14&nbsp;&euro;\" \/>\n\t<meta name=\"twitter:label2\" content=\"Disponibilidade\" \/>\n\t<meta name=\"twitter:data2\" content=\"Esgotado\" \/>\n<meta property=\"product:brand\" content=\"simple\" \/>\n<meta property=\"product:price:amount\" content=\"31.14\" \/>\n<meta property=\"product:price:currency\" content=\"EUR\" \/>\n<meta property=\"og:availability\" content=\"out of stock\" \/>\n<meta property=\"product:availability\" content=\"out of stock\" \/>\n<meta property=\"product:retailer_item_id\" content=\"SJ-PAN-MEX\" \/>\n<meta property=\"product:condition\" content=\"new\" \/>\n<!-- \/ Yoast SEO Premium plugin. -->","yoast_head_json":{"title":"P\u00e3o Mexicano de Cogumelos: Kit de cultivo micol\u00f3gico | Iguana Smoke","description":"Explore o mundo do cultivo de cogumelos com o P\u00e3o Mexicano de Cogumelos, um kit micol\u00f3gico ideal para estudar e observar fungos - adquira j\u00e1 o seu!","robots":{"index":"index","follow":"follow","max-snippet":"max-snippet:-1","max-image-preview":"max-image-preview:large","max-video-preview":"max-video-preview:-1"},"canonical":"https:\/\/iguanasmoke.com\/pt\/produto\/kit-de-cultivo-de-cogumelos-mexicanos\/","og_locale":"pt_PT","og_type":"article","og_title":"Kit de Cultivo Setas Mexicanas","og_description":"La especie Psilocybe Cubensis Mexicana\u00a0produce hongos de tallo largo, de unos 10-20cm, y con sombrero amarillo-anaranjado o rojizo de gran tama\u00f1o.\u00a0  IMPORTANTE: Escanea el QR del packaging para ver las instrucciones de cultivo del pan de setas; sigue el paso a paso\u00a0y\u00a0maximiza tus cosechas.","og_url":"https:\/\/iguanasmoke.com\/pt\/produto\/kit-de-cultivo-de-cogumelos-mexicanos\/","og_site_name":"Iguana Smoke","article_publisher":"https:\/\/www.facebook.com\/iguanasmoke","article_modified_time":"2025-12-16T10:22:47+00:00","og_image":[{"width":1000,"height":1000,"url":"https:\/\/iguanasmoke.com\/wp-content\/uploads\/2025\/06\/setas-mex.webp","type":"image\/webp"}],"twitter_card":"summary_large_image","twitter_misc":{"pre\u00e7o":"31,14&nbsp;&euro;","Disponibilidade":"Esgotado"},"schema":{"@context":"https:\/\/schema.org","@graph":[{"@type":"WebPage","@id":"https:\/\/iguanasmoke.com\/producto\/kit-de-cultivo-setas-mexicanas\/","url":"https:\/\/iguanasmoke.com\/producto\/kit-de-cultivo-setas-mexicanas\/","name":"P\u00e3o Mexicano de Cogumelos: Kit de cultivo micol\u00f3gico | Iguana Smoke","isPartOf":{"@id":"https:\/\/iguanasmoke.com\/#website"},"primaryImageOfPage":{"@id":"https:\/\/iguanasmoke.com\/producto\/kit-de-cultivo-setas-mexicanas\/#primaryimage"},"image":{"@id":"https:\/\/iguanasmoke.com\/producto\/kit-de-cultivo-setas-mexicanas\/#primaryimage"},"thumbnailUrl":"https:\/\/iguanasmoke.com\/wp-content\/uploads\/2025\/06\/setas-mex.webp","datePublished":"2025-06-23T19:29:47+00:00","dateModified":"2025-12-16T10:22:47+00:00","description":"Explore o mundo do cultivo de cogumelos com o P\u00e3o Mexicano de Cogumelos, um kit micol\u00f3gico ideal para estudar e observar fungos - adquira j\u00e1 o seu!","breadcrumb":{"@id":"https:\/\/iguanasmoke.com\/producto\/kit-de-cultivo-setas-mexicanas\/#breadcrumb"},"inLanguage":"pt-PT","potentialAction":[{"@type":"ReadAction","target":["https:\/\/iguanasmoke.com\/producto\/kit-de-cultivo-setas-mexicanas\/"]}]},{"@type":"ImageObject","inLanguage":"pt-PT","@id":"https:\/\/iguanasmoke.com\/producto\/kit-de-cultivo-setas-mexicanas\/#primaryimage","url":"https:\/\/iguanasmoke.com\/wp-content\/uploads\/2025\/06\/setas-mex.webp","contentUrl":"https:\/\/iguanasmoke.com\/wp-content\/uploads\/2025\/06\/setas-mex.webp","width":1000,"height":1000,"caption":"Pan de setas Mexicanas kit de cultivo micol\u00f3gico"},{"@type":"BreadcrumbList","@id":"https:\/\/iguanasmoke.com\/producto\/kit-de-cultivo-setas-mexicanas\/#breadcrumb","itemListElement":[{"@type":"ListItem","position":1,"name":"home","item":"https:\/\/iguanasmoke.com\/"},{"@type":"ListItem","position":2,"name":"Tienda","item":"https:\/\/iguanasmoke.com\/tienda\/"},{"@type":"ListItem","position":3,"name":"SmartShop","item":"https:\/\/iguanasmoke.com\/categoria\/smartshop\/"},{"@type":"ListItem","position":4,"name":"Pan de setas","item":"https:\/\/iguanasmoke.com\/categoria\/smartshop\/pan-de-setas\/"},{"@type":"ListItem","position":5,"name":"Kit de Cultivo Setas Mexicanas"}]},{"@type":"WebSite","@id":"https:\/\/iguanasmoke.com\/#website","url":"https:\/\/iguanasmoke.com\/","name":"Fumo de Iguana","description":"Comprar CBD online ao melhor pre\u00e7o","publisher":{"@id":"https:\/\/iguanasmoke.com\/#organization"},"potentialAction":[{"@type":"SearchAction","target":{"@type":"EntryPoint","urlTemplate":"https:\/\/iguanasmoke.com\/?s={search_term_string}"},"query-input":{"@type":"PropertyValueSpecification","valueRequired":true,"valueName":"search_term_string"}}],"inLanguage":"pt-PT"},{"@type":"Organization","@id":"https:\/\/iguanasmoke.com\/#organization","name":"Fumo de Iguana","url":"https:\/\/iguanasmoke.com\/","logo":{"@type":"ImageObject","inLanguage":"pt-PT","@id":"https:\/\/iguanasmoke.com\/#\/schema\/logo\/image\/","url":"https:\/\/iguanasmoke.com\/wp-content\/uploads\/2025\/01\/logoiguana-favi-1.png","contentUrl":"https:\/\/iguanasmoke.com\/wp-content\/uploads\/2025\/01\/logoiguana-favi-1.png","width":512,"height":512,"caption":"Iguana Smoke"},"image":{"@id":"https:\/\/iguanasmoke.com\/#\/schema\/logo\/image\/"},"sameAs":["https:\/\/www.facebook.com\/iguanasmoke","https:\/\/www.instagram.com\/iguanasmoke\/"]}]},"product_brand":"simple","product_price_amount":"31.14","product_price_currency":"EUR","og_availability":"out of stock","product_availability":"out of stock","product_retailer_item_id":"SJ-PAN-MEX","product_condition":"new"},"_links":{"self":[{"href":"https:\/\/iguanasmoke.com\/pt\/wp-json\/wp\/v2\/product\/59394","targetHints":{"allow":["GET"]}}],"collection":[{"href":"https:\/\/iguanasmoke.com\/pt\/wp-json\/wp\/v2\/product"}],"about":[{"href":"https:\/\/iguanasmoke.com\/pt\/wp-json\/wp\/v2\/types\/product"}],"replies":[{"embeddable":true,"href":"https:\/\/iguanasmoke.com\/pt\/wp-json\/wp\/v2\/comments?post=59394"}],"wp:featuredmedia":[{"embeddable":true,"href":"https:\/\/iguanasmoke.com\/pt\/wp-json\/wp\/v2\/media\/59398"}],"wp:attachment":[{"href":"https:\/\/iguanasmoke.com\/pt\/wp-json\/wp\/v2\/media?parent=59394"}],"wp:term":[{"taxonomy":"product_brand","embeddable":true,"href":"https:\/\/iguanasmoke.com\/pt\/wp-json\/wp\/v2\/product_brand?post=59394"},{"taxonomy":"product_cat","embeddable":true,"href":"https:\/\/iguanasmoke.com\/pt\/wp-json\/wp\/v2\/product_cat?post=59394"},{"taxonomy":"product_tag","embeddable":true,"href":"https:\/\/iguanasmoke.com\/pt\/wp-json\/wp\/v2\/product_tag?post=59394"}],"curies":[{"name":"wp","href":"https:\/\/api.w.org\/{rel}","templated":true}]}}