{"id":59404,"date":"2025-06-23T21:41:20","date_gmt":"2025-06-23T19:41:20","guid":{"rendered":"https:\/\/iguanasmoke.com\/?post_type=product&#038;p=59404"},"modified":"2025-12-16T16:10:36","modified_gmt":"2025-12-16T15:10:36","slug":"kit-de-cultivo-de-cogumelos-alucinogenios-de-exterior-azurescens-2","status":"publish","type":"product","link":"https:\/\/iguanasmoke.com\/pt\/producto\/kit-de-cultivo-de-setas-alucinogenas-en-exterior-azurescens\/","title":{"rendered":"Kit de cultivo de cogumelos Azurescens (Exterior)"},"content":{"rendered":"<div class=\"soy_acordeon_mobile\">\n<h1><span style=\"font-weight: 400;\">Kit de cultivo de cogumelos Azurescens para cultivo de cogumelos no exterior<\/span><\/h1>\n<\/div>\n<div class=\"soy_descripcion_contenido show_more\">\n<p><span style=\"font-weight: 400;\">Este <strong>Kit de cultivo de cogumelos Azurescens no exterior<\/strong> \u00e9 a solu\u00e7\u00e3o perfeita para os entusiastas e especialistas em micologia. De facto, foi concebido para <strong>observar<\/strong>, <strong>estudo<\/strong> y <strong>analisar<\/strong> sobre <strong>desenvolvimento f\u00fangico no estrangeiro<\/strong>, permitindo aos utilizadores criar o seu pr\u00f3prio jardim de cogumelos m\u00e1gicos e obter colheitas anuais. <\/span><\/p>\n<p><span style=\"font-weight: 400;\">O nosso<strong> Kit de cultivo de cogumelos Azurescens no exterior<\/strong> s\u00e3o inoculados com o <strong>Variedade Azurescens de cogumelos m\u00e1gicos.<\/strong> Estes cogumelos, como \u00e9 sabido, s\u00e3o muito potentes, mais ainda do que as variedades cultivadas em interior. <\/span><\/p>\n<p><span style=\"font-weight: 400;\">\u00c9 importante notar, no entanto, que um jardim de cogumelos ao ar livre pode <strong>demoram at\u00e9 um ano a crescer<\/strong>, Por conseguinte, \u00e9 necess\u00e1rio ter paci\u00eancia para ver os primeiros resultados. Em geral, estes tendem a dar frutos durante o <strong>outono<\/strong>.\u00a0 \u00a0<\/span><\/p>\n<p style=\"padding-left: 40px; text-align: center;\"><em><span style=\"font-weight: 400;\">\u26a0\ufe0fRecuerda: A sua utiliza\u00e7\u00e3o limita-se exclusivamente a fins micol\u00f3gicos, educativos, decorativos ou de cole\u00e7\u00e3o. Por conseguinte, este produto n\u00e3o se destina ao consumo humano.<\/span><\/em><\/p>\n<p>&nbsp;<\/p>\n<h2><strong>Condi\u00e7\u00f5es de produ\u00e7\u00e3o e de cultivo (utiliza\u00e7\u00e3o t\u00e9cnica)<\/strong><\/h2>\n<p>Eis os par\u00e2metros recomendados para efetuar o estudo micol\u00f3gico. \u00c9 importante seguir estas orienta\u00e7\u00f5es para otimizar as condi\u00e7\u00f5es de cultivo:<\/p>\n<ul>\n<li>Temperatura ideal: entre 16-24\u00baC (7\u00baC durante a frutifica\u00e7\u00e3o)<\/li>\n<li>Ambiente: Solo h\u00famido<\/li>\n<li>Longe da luz solar direta<\/li>\n<li>Tempo de frutifica\u00e7\u00e3o inicial: 6-12 meses<\/li>\n<li>N\u00famero de ciclos: at\u00e9 2-3 lotes por ano, dependendo do clima<\/li>\n<\/ul>\n<p><span style=\"font-weight: 400;\">Por \u00faltimo, conv\u00e9m recordar que estes dados s\u00e3o indicativos e s\u00e3o fornecidos apenas para fins informativos e t\u00e9cnicos.<\/span><\/p>\n<\/div>\n<h2><strong>O que \u00e9 que o kit de cultivo exterior de cogumelos Azurescens inclui?<\/strong><\/h2>\n<ul>\n<li><span style=\"font-weight: 400;\"><strong>1 x P\u00e3o de Cogumelos Inoculado <\/strong>com mic\u00e9lio fresco de<em> Psilocibo azurescens.<\/em><\/span><\/li>\n<li><span style=\"font-weight: 400;\"><strong>1 x recipiente herm\u00e9tico sem perfura\u00e7\u00f5es<\/strong>, concebidos para evitar a prolifera\u00e7\u00e3o de microrganismos e reduzir a contamina\u00e7\u00e3o.<\/span>\n<ul>\n<li style=\"list-style-type: none;\">\n<ul>\n<li><span style=\"font-weight: 400;\">(<em>Recomenda-se a sua desinfe\u00e7\u00e3o antes de iniciar o processo de cultivo.<\/em>)<\/span><\/li>\n<\/ul>\n<\/li>\n<\/ul>\n<\/li>\n<li><span style=\"font-weight: 400;\"><strong>1 x Manual do utilizador<\/strong> acess\u00edvel atrav\u00e9s de <strong>C\u00f3digo QR<\/strong> com instru\u00e7\u00f5es pormenorizadas sobre os passos a seguir.<\/span><\/li>\n<\/ul>\n<p><span style=\"font-weight: 400;\">Al\u00e9m disso, pode encontrar no nosso s\u00edtio Web diferentes <a href=\"https:\/\/iguanasmoke.com\/pt\/categoria\/loja-inteligente-2\/pao-de-cogumelos\/\"><strong>kits completos de cultura micol\u00f3gica<\/strong><\/a>, concebidos para o estudo e para os coleccionadores, bem como o nosso<\/span><span style=\"font-weight: 400;\"><a href=\"https:\/\/iguanasmoke.com\/pt\/guia-de-cultivo-com-kits-de-cogumelos-frescos\/\"><strong> guia de cultivo micol\u00f3gico<\/strong><\/a>.<\/span><\/p>\n<h2><strong>Porqu\u00ea escolher a Iguana Smoke para comprar p\u00e3o de cogumelos? <\/strong><\/h2>\n<ol>\n<li><span style=\"font-weight: 400;\">Mic\u00e9lio desenvolvido e ativo 100% - Aumento da taxa de crescimento<\/span><\/li>\n<li><span style=\"font-weight: 400;\">Elevada estabilidade em culturas de observa\u00e7\u00e3o <\/span><\/li>\n<li><span style=\"font-weight: 400;\">Entrega discreta 24\/48h <\/span><\/li>\n<li><span style=\"font-weight: 400;\">Embalagem confidencial e segura\u00a0<\/span><\/li>\n<\/ol>\n<h3><strong>Aviso legal importante:<\/strong><\/h3>\n<p><span style=\"font-weight: 400;\">Este produto \u00e9 comercializado exclusivamente para fins de estudo micol\u00f3gico, investiga\u00e7\u00e3o, cole\u00e7\u00e3o ou ensino.\u00a0<\/span><\/p>\n<p><span style=\"font-weight: 400;\">Por conseguinte, o consumo humano \u00e9 proibido em Espanha ao abrigo da legisla\u00e7\u00e3o em vigor. A Iguana Smoke n\u00e3o promove nem incentiva o consumo e n\u00e3o se responsabiliza pela utiliza\u00e7\u00e3o incorrecta. O comprador \u00e9 respons\u00e1vel por se informar e cumprir os regulamentos aplic\u00e1veis no seu pa\u00eds.<\/span><\/p>\n<p>&nbsp;<\/p>\n<div class=\"soy_descripcion_contenido show_more\">\n<h4><strong>Perguntas frequentes (FAQ) sobre o kit de cultivo de cogumelos Azurescens<\/strong><\/h4>\n<p><strong>O que cont\u00e9m o kit de cultura para p\u00e3o de cogumelos Azurescens?<\/strong><\/p>\n<p><span style=\"font-weight: 400;\">Mic\u00e9lio fresco e ativo 100% de <em>Psilocibo azurescens<\/em> para utiliza\u00e7\u00e3o no exterior, destinado exclusivamente a estudos micol\u00f3gicos. <\/span><\/p>\n<p><span style=\"font-weight: 400;\"><strong>Para que tipo de utilizadores \u00e9 adequado este p\u00e3o de cogumelos?<\/strong> <\/span><\/p>\n<p><span style=\"font-weight: 400;\">Estudantes de micologia, investigadores, institui\u00e7\u00f5es de ensino e coleccionadores especializados. <\/span><\/p>\n<p><strong>Inclui instru\u00e7\u00f5es? <\/strong><\/p>\n<p><span style=\"font-weight: 400;\">Sim, atrav\u00e9s de um c\u00f3digo QR inclu\u00eddo no produto.<\/span><\/p>\n<p><strong>O p\u00e3o de cogumelos \u00e9 um produto legal? <\/strong><\/p>\n<p><span style=\"font-weight: 400;\">Vendido apenas para fins micol\u00f3gicos. O consumo humano \u00e9 proibido em Espanha.\u00a0\u00a0<\/span><\/p>\n<\/div>\n<div class=\"soy_descripcion_contenido show_more\">\n<div>\n<div>\n<p style=\"padding-left: 40px; text-align: center;\"><span style=\"font-weight: 400;\"><em>\u26a0\ufe0fNo n\u00e3o encorajamos nem recomendamos o seu consumo. Destinam-se exclusivamente ao estudo micol\u00f3gico, \u00e0 exposi\u00e7\u00e3o decorativa ou \u00e0 cole\u00e7\u00e3o.<\/em>. Se tiver alguma d\u00favida sobre o regulamento, contacte-nos antes de efetuar a sua encomenda.\u00a0<\/span><\/p>\n<\/div>\n<\/div>\n<\/div>","protected":false},"excerpt":{"rendered":"<p><span style=\"font-weight: 400;\">As esp\u00e9cies<strong><em> Psilocibo azurescens <\/em><\/strong>foi concebido para crescer perfeitamente ao ar livre. Esta esp\u00e9cie produz cogumelos a longo prazo, pelo que pode criar o seu pr\u00f3prio jardim micol\u00f3gico.<\/span><\/p>\n<p><strong>IMPORTANTE<\/strong>: Digitalize o QR para ver o <strong>instru\u00e7\u00f5es de cultivo<\/strong>; <strong>seguir o passo a passo<\/strong>\u00a0y\u00a0<strong>maximizar as suas colheitas<\/strong>.<\/p>","protected":false},"featured_media":59407,"comment_status":"open","ping_status":"closed","template":"","meta":{"_acf_changed":false,"site-sidebar-layout":"default","site-content-layout":"","ast-site-content-layout":"default","site-content-style":"default","site-sidebar-style":"default","ast-global-header-display":"","ast-banner-title-visibility":"","ast-main-header-display":"","ast-hfb-above-header-display":"","ast-hfb-below-header-display":"","ast-hfb-mobile-header-display":"","site-post-title":"","ast-breadcrumbs-content":"","ast-featured-img":"","footer-sml-layout":"","theme-transparent-header-meta":"default","adv-header-id-meta":"","stick-header-meta":"","header-above-stick-meta":"","header-main-stick-meta":"","header-below-stick-meta":"","astra-migrate-meta-layouts":"set","ast-page-background-enabled":"default","ast-page-background-meta":{"desktop":{"background-color":"var(--ast-global-color-4)","background-image":"","background-repeat":"repeat","background-position":"center center","background-size":"auto","background-attachment":"scroll","background-type":"","background-media":"","overlay-type":"","overlay-color":"","overlay-opacity":"","overlay-gradient":""},"tablet":{"background-color":"","background-image":"","background-repeat":"repeat","background-position":"center center","background-size":"auto","background-attachment":"scroll","background-type":"","background-media":"","overlay-type":"","overlay-color":"","overlay-opacity":"","overlay-gradient":""},"mobile":{"background-color":"","background-image":"","background-repeat":"repeat","background-position":"center center","background-size":"auto","background-attachment":"scroll","background-type":"","background-media":"","overlay-type":"","overlay-color":"","overlay-opacity":"","overlay-gradient":""}},"ast-content-background-meta":{"desktop":{"background-color":"var(--ast-global-color-5)","background-image":"","background-repeat":"repeat","background-position":"center center","background-size":"auto","background-attachment":"scroll","background-type":"","background-media":"","overlay-type":"","overlay-color":"","overlay-opacity":"","overlay-gradient":""},"tablet":{"background-color":"var(--ast-global-color-5)","background-image":"","background-repeat":"repeat","background-position":"center center","background-size":"auto","background-attachment":"scroll","background-type":"","background-media":"","overlay-type":"","overlay-color":"","overlay-opacity":"","overlay-gradient":""},"mobile":{"background-color":"var(--ast-global-color-5)","background-image":"","background-repeat":"repeat","background-position":"center center","background-size":"auto","background-attachment":"scroll","background-type":"","background-media":"","overlay-type":"","overlay-color":"","overlay-opacity":"","overlay-gradient":""}}},"product_brand":[],"product_cat":[596,594],"product_tag":[],"class_list":{"0":"post-59404","1":"product","2":"type-product","3":"status-publish","4":"has-post-thumbnail","6":"product_cat-pan-de-setas","7":"product_cat-smartshop","8":"desktop-align-center","9":"tablet-align-center","10":"mobile-align-center","12":"first","13":"outofstock","14":"taxable","15":"shipping-taxable","16":"purchasable","17":"product-type-simple"},"acf":[],"yoast_head":"<!-- This site is optimized with the Yoast SEO Premium plugin v27.3 (Yoast SEO v27.3) - https:\/\/yoast.com\/product\/yoast-seo-premium-wordpress\/ -->\n<title>Kit de cultivo de setas Azurescens (Exterior) | Iguana Smoke<\/title>\n<meta name=\"description\" content=\"Con el Kit de cultivo de Setas Azurescens, puedes observar el crecimiento de setas m\u00e1gicas en el exterior. \u00a1Cultiva tus propias setas ahora!\" \/>\n<meta name=\"robots\" content=\"index, follow, max-snippet:-1, max-image-preview:large, max-video-preview:-1\" \/>\n<link rel=\"canonical\" href=\"https:\/\/iguanasmoke.com\/pt\/produto\/kit-de-cultivo-de-cogumelos-alucinogenios-de-exterior-azurescens-2\/\" \/>\n<meta property=\"og:locale\" content=\"pt_PT\" \/>\n<meta property=\"og:type\" content=\"article\" \/>\n<meta property=\"og:title\" content=\"Kit de cultivo de setas Azurescens (Exterior)\" \/>\n<meta property=\"og:description\" content=\"La especie Psilocybe Azurescens est\u00e1 pensada para crecer en el exterior perfectamente. Esta especie produce hongos a largo plazo, para que montes tu propio huerto micol\u00f3gico.  IMPORTANTE: Escanea el QR para ver las instrucciones de cultivo; sigue el paso a paso\u00a0y\u00a0maximiza tus cosechas.\" \/>\n<meta property=\"og:url\" content=\"https:\/\/iguanasmoke.com\/pt\/produto\/kit-de-cultivo-de-cogumelos-alucinogenios-de-exterior-azurescens-2\/\" \/>\n<meta property=\"og:site_name\" content=\"Iguana Smoke\" \/>\n<meta property=\"article:publisher\" content=\"https:\/\/www.facebook.com\/iguanasmoke\" \/>\n<meta property=\"article:modified_time\" content=\"2025-12-16T15:10:36+00:00\" \/>\n<meta property=\"og:image\" content=\"https:\/\/iguanasmoke.com\/wp-content\/uploads\/2025\/06\/Azurescens.webp\" \/>\n\t<meta property=\"og:image:width\" content=\"1000\" \/>\n\t<meta property=\"og:image:height\" content=\"1000\" \/>\n\t<meta property=\"og:image:type\" content=\"image\/webp\" \/>\n<meta name=\"twitter:card\" content=\"summary_large_image\" \/>\n<meta name=\"twitter:label1\" content=\"pre\u00e7o\" \/>\n\t<meta name=\"twitter:data1\" content=\"31,14&nbsp;&euro;\" \/>\n\t<meta name=\"twitter:label2\" content=\"Disponibilidade\" \/>\n\t<meta name=\"twitter:data2\" content=\"Esgotado\" \/>\n<meta property=\"product:brand\" content=\"simple\" \/>\n<meta property=\"product:price:amount\" content=\"31.14\" \/>\n<meta property=\"product:price:currency\" content=\"EUR\" \/>\n<meta property=\"og:availability\" content=\"out of stock\" \/>\n<meta property=\"product:availability\" content=\"out of stock\" \/>\n<meta property=\"product:retailer_item_id\" content=\"SJ-PAN-AZUR\" \/>\n<meta property=\"product:condition\" content=\"new\" \/>\n<!-- \/ Yoast SEO Premium plugin. -->","yoast_head_json":{"title":"Kit de cultivo de cogumelos Azurescens (Exterior) : Iguana Smoke","description":"Com o kit de cultivo de cogumelos Azurescens, pode observar o crescimento de cogumelos m\u00e1gicos ao ar livre - cultive os seus pr\u00f3prios cogumelos agora!","robots":{"index":"index","follow":"follow","max-snippet":"max-snippet:-1","max-image-preview":"max-image-preview:large","max-video-preview":"max-video-preview:-1"},"canonical":"https:\/\/iguanasmoke.com\/pt\/produto\/kit-de-cultivo-de-cogumelos-alucinogenios-de-exterior-azurescens-2\/","og_locale":"pt_PT","og_type":"article","og_title":"Kit de cultivo de setas Azurescens (Exterior)","og_description":"La especie Psilocybe Azurescens est\u00e1 pensada para crecer en el exterior perfectamente. Esta especie produce hongos a largo plazo, para que montes tu propio huerto micol\u00f3gico.  IMPORTANTE: Escanea el QR para ver las instrucciones de cultivo; sigue el paso a paso\u00a0y\u00a0maximiza tus cosechas.","og_url":"https:\/\/iguanasmoke.com\/pt\/produto\/kit-de-cultivo-de-cogumelos-alucinogenios-de-exterior-azurescens-2\/","og_site_name":"Iguana Smoke","article_publisher":"https:\/\/www.facebook.com\/iguanasmoke","article_modified_time":"2025-12-16T15:10:36+00:00","og_image":[{"width":1000,"height":1000,"url":"https:\/\/iguanasmoke.com\/wp-content\/uploads\/2025\/06\/Azurescens.webp","type":"image\/webp"}],"twitter_card":"summary_large_image","twitter_misc":{"pre\u00e7o":"31,14&nbsp;&euro;","Disponibilidade":"Esgotado"},"schema":{"@context":"https:\/\/schema.org","@graph":[{"@type":"WebPage","@id":"https:\/\/iguanasmoke.com\/producto\/kit-de-cultivo-de-setas-alucinogenas-en-exterior-azurescens\/","url":"https:\/\/iguanasmoke.com\/producto\/kit-de-cultivo-de-setas-alucinogenas-en-exterior-azurescens\/","name":"Kit de cultivo de cogumelos Azurescens (Exterior) : Iguana Smoke","isPartOf":{"@id":"https:\/\/iguanasmoke.com\/#website"},"primaryImageOfPage":{"@id":"https:\/\/iguanasmoke.com\/producto\/kit-de-cultivo-de-setas-alucinogenas-en-exterior-azurescens\/#primaryimage"},"image":{"@id":"https:\/\/iguanasmoke.com\/producto\/kit-de-cultivo-de-setas-alucinogenas-en-exterior-azurescens\/#primaryimage"},"thumbnailUrl":"https:\/\/iguanasmoke.com\/wp-content\/uploads\/2025\/06\/Azurescens.webp","datePublished":"2025-06-23T19:41:20+00:00","dateModified":"2025-12-16T15:10:36+00:00","description":"Com o kit de cultivo de cogumelos Azurescens, pode observar o crescimento de cogumelos m\u00e1gicos ao ar livre - cultive os seus pr\u00f3prios cogumelos agora!","breadcrumb":{"@id":"https:\/\/iguanasmoke.com\/producto\/kit-de-cultivo-de-setas-alucinogenas-en-exterior-azurescens\/#breadcrumb"},"inLanguage":"pt-PT","potentialAction":[{"@type":"ReadAction","target":["https:\/\/iguanasmoke.com\/producto\/kit-de-cultivo-de-setas-alucinogenas-en-exterior-azurescens\/"]}]},{"@type":"ImageObject","inLanguage":"pt-PT","@id":"https:\/\/iguanasmoke.com\/producto\/kit-de-cultivo-de-setas-alucinogenas-en-exterior-azurescens\/#primaryimage","url":"https:\/\/iguanasmoke.com\/wp-content\/uploads\/2025\/06\/Azurescens.webp","contentUrl":"https:\/\/iguanasmoke.com\/wp-content\/uploads\/2025\/06\/Azurescens.webp","width":1000,"height":1000,"caption":"Kit de cultivo de Setas Azurescens"},{"@type":"BreadcrumbList","@id":"https:\/\/iguanasmoke.com\/producto\/kit-de-cultivo-de-setas-alucinogenas-en-exterior-azurescens\/#breadcrumb","itemListElement":[{"@type":"ListItem","position":1,"name":"home","item":"https:\/\/iguanasmoke.com\/"},{"@type":"ListItem","position":2,"name":"Tienda","item":"https:\/\/iguanasmoke.com\/tienda\/"},{"@type":"ListItem","position":3,"name":"SmartShop","item":"https:\/\/iguanasmoke.com\/categoria\/smartshop\/"},{"@type":"ListItem","position":4,"name":"Pan de setas","item":"https:\/\/iguanasmoke.com\/categoria\/smartshop\/pan-de-setas\/"},{"@type":"ListItem","position":5,"name":"Kit de cultivo de setas Azurescens (Exterior)"}]},{"@type":"WebSite","@id":"https:\/\/iguanasmoke.com\/#website","url":"https:\/\/iguanasmoke.com\/","name":"Fumo de Iguana","description":"Comprar CBD online ao melhor pre\u00e7o","publisher":{"@id":"https:\/\/iguanasmoke.com\/#organization"},"potentialAction":[{"@type":"SearchAction","target":{"@type":"EntryPoint","urlTemplate":"https:\/\/iguanasmoke.com\/?s={search_term_string}"},"query-input":{"@type":"PropertyValueSpecification","valueRequired":true,"valueName":"search_term_string"}}],"inLanguage":"pt-PT"},{"@type":"Organization","@id":"https:\/\/iguanasmoke.com\/#organization","name":"Fumo de Iguana","url":"https:\/\/iguanasmoke.com\/","logo":{"@type":"ImageObject","inLanguage":"pt-PT","@id":"https:\/\/iguanasmoke.com\/#\/schema\/logo\/image\/","url":"https:\/\/iguanasmoke.com\/wp-content\/uploads\/2025\/01\/logoiguana-favi-1.png","contentUrl":"https:\/\/iguanasmoke.com\/wp-content\/uploads\/2025\/01\/logoiguana-favi-1.png","width":512,"height":512,"caption":"Iguana Smoke"},"image":{"@id":"https:\/\/iguanasmoke.com\/#\/schema\/logo\/image\/"},"sameAs":["https:\/\/www.facebook.com\/iguanasmoke","https:\/\/www.instagram.com\/iguanasmoke\/"]}]},"product_brand":"simple","product_price_amount":"31.14","product_price_currency":"EUR","og_availability":"out of stock","product_availability":"out of stock","product_retailer_item_id":"SJ-PAN-AZUR","product_condition":"new"},"_links":{"self":[{"href":"https:\/\/iguanasmoke.com\/pt\/wp-json\/wp\/v2\/product\/59404","targetHints":{"allow":["GET"]}}],"collection":[{"href":"https:\/\/iguanasmoke.com\/pt\/wp-json\/wp\/v2\/product"}],"about":[{"href":"https:\/\/iguanasmoke.com\/pt\/wp-json\/wp\/v2\/types\/product"}],"replies":[{"embeddable":true,"href":"https:\/\/iguanasmoke.com\/pt\/wp-json\/wp\/v2\/comments?post=59404"}],"wp:featuredmedia":[{"embeddable":true,"href":"https:\/\/iguanasmoke.com\/pt\/wp-json\/wp\/v2\/media\/59407"}],"wp:attachment":[{"href":"https:\/\/iguanasmoke.com\/pt\/wp-json\/wp\/v2\/media?parent=59404"}],"wp:term":[{"taxonomy":"product_brand","embeddable":true,"href":"https:\/\/iguanasmoke.com\/pt\/wp-json\/wp\/v2\/product_brand?post=59404"},{"taxonomy":"product_cat","embeddable":true,"href":"https:\/\/iguanasmoke.com\/pt\/wp-json\/wp\/v2\/product_cat?post=59404"},{"taxonomy":"product_tag","embeddable":true,"href":"https:\/\/iguanasmoke.com\/pt\/wp-json\/wp\/v2\/product_tag?post=59404"}],"curies":[{"name":"wp","href":"https:\/\/api.w.org\/{rel}","templated":true}]}}