{"id":59545,"date":"2025-06-25T15:18:11","date_gmt":"2025-06-25T13:18:11","guid":{"rendered":"https:\/\/iguanasmoke.com\/?post_type=product&#038;p=59545"},"modified":"2026-02-06T20:12:57","modified_gmt":"2026-02-06T19:12:57","slug":"comprar-cbd-pop-corn-sour-tsunami-flower-100gr-cbd-small-buds","status":"publish","type":"product","link":"https:\/\/iguanasmoke.com\/pt\/producto\/comprar-flor-cbd-pop-corn-sour-tsunami-100gr-cogollos-pequenos-cbd\/","title":{"rendered":"Pop Corn - Bot\u00f5es pequenos de CBD 100g"},"content":{"rendered":"<h1><b>Pop Corn CBD - Pequenos bot\u00f5es de CBD 100g (Mini bot\u00f5es de CBD)<\/b><\/h1>\n<p><span style=\"font-weight: 400;\">O nosso novo <strong>vers\u00e3o maxi<\/strong> para os interessados em comprar flores de CBD na <strong>formato econ\u00f3mico e em grandes quantidades<\/strong>. O nosso<strong> Os pequenos bot\u00f5es CBD 100g t\u00eam 15% de CBD<\/strong> e s\u00e3o uma das melhores op\u00e7\u00f5es no mercado. Este formato <strong>Pop Corn CBD<\/strong>, tamb\u00e9m conhecido como <strong>Mini bot\u00f5es CBD<\/strong>, oferece um equil\u00edbrio perfeito entre pre\u00e7o, qualidade e conveni\u00eancia. Especialmente para utilizadores frequentes de CBD. <\/span><\/p>\n<p><span style=\"font-weight: 400;\">Este saco de <strong>100g de flores CBD<\/strong> pode desfrutar dele por <strong>apenas 90 euros.<\/strong>. Apresenta-se num formato de poupan\u00e7a concebido para aqueles que procuram<strong> qualidade, quantidade e rela\u00e7\u00e3o qualidade\/pre\u00e7o<\/strong>. Inclui tamb\u00e9m um<strong> saco reutiliz\u00e1vel<\/strong> com um design exclusivo, com o nosso <em><strong>Dino, o hooligan<\/strong><\/em>. Isto mant\u00e9m a frescura do produto e permite-lhe tamb\u00e9m utiliz\u00e1-lo para outros fins. <\/span><\/p>\n<p><span style=\"font-weight: 400;\">Uma op\u00e7\u00e3o perfeita, pr\u00e1tica e econ\u00f3mica para <strong>comprar flores CBD online<\/strong> com a melhor rela\u00e7\u00e3o qualidade\/pre\u00e7o.\u00a0\u00a0<\/span><\/p>\n<p>&nbsp;<\/p>\n<h2>O que s\u00e3o os pequenos bot\u00f5es CBD 100g?<\/h2>\n<p><span style=\"font-weight: 400;\">O<strong> Os pequenos bot\u00f5es CBD 100g s\u00e3o flores de tamanho pequeno<\/strong>. Em <strong>Fumo de Iguana<\/strong> chamamos-lhes <strong>Pop Corn CBD ou Mini Buds CBD<\/strong>. T\u00eam a mesma pot\u00eancia arom\u00e1tica e qualidade que os bot\u00f5es premium. No entanto, v\u00eam numa <strong>tamanho compacto<\/strong> o que permite oferecer <strong>mais quantidade a um pre\u00e7o melhor<\/strong>. Assim, o sabor e o perfil canabin\u00f3ide n\u00e3o s\u00e3o comprometidos.<\/span><\/p>\n<p>&nbsp;<\/p>\n<h2><b>Carater\u00edsticas dos pequenos bot\u00f5es CBD 100g:\u00a0<\/b><\/h2>\n<p><span style=\"font-weight: 400;\">O nosso<strong> Milho para pipocas<\/strong> <strong>CBD<\/strong> Caracterizam-se pela sua estrutura densa e bem compactada. S\u00e3o <strong>bot\u00f5es densos e compactos<\/strong>, com tonalidades que v\u00e3o do verde profundo aos subtis tons de roxo. Al\u00e9m disso, em cada saco, encontrar\u00e1 <strong>pequenos bot\u00f5es CBD 100g<\/strong>. Estes s\u00e3o escolhidos a partir de uma sele\u00e7\u00e3o homog\u00e9nea de pequenas flores. Todas elas s\u00e3o cuidadosamente curadas para garantir um aroma intenso e uma <strong>experi\u00eancia incr\u00edvel<\/strong>.<\/span><\/p>\n<p>&nbsp;<\/p>\n<h2><b>Aroma e perfil de terpenos<\/b><\/h2>\n<p><span style=\"font-weight: 400;\">O <strong>Mini bot\u00f5es CBD de Iguana Smoke<\/strong> oferecem um perfil olfativo complexo e profundamente apelativo. Encontrar\u00e1 uma mistura equilibrada de:<\/span><\/p>\n<ul>\n<li><em><span style=\"font-weight: 400;\">notas doces\u00a0<\/span><\/em><\/li>\n<li><em><span style=\"font-weight: 400;\">um toque distinto de gas\u00f3leo<\/span><\/em><\/li>\n<li><em><span style=\"font-weight: 400;\">nuances c\u00edtricas<\/span><\/em><\/li>\n<li><em><span style=\"font-weight: 400;\">um fundo suave em tons de terra<\/span><\/em><\/li>\n<\/ul>\n<p>Um aroma profundo e envolvente, ideal para quem procura flores com personalidade.<\/p>\n<p>&nbsp;<\/p>\n<h2><b>Avalia\u00e7\u00e3o global do Pop Corn CBD<\/b><\/h2>\n<p><span style=\"font-weight: 400;\">O<strong> pequenos bot\u00f5es CBD 100g <\/strong>de <strong>Fumo de Iguana<\/strong>, Representam o melhor do mundo do CBD. S\u00e3o uma alternativa perfeita para aqueles que querem <strong>comprar flores CBD online<\/strong> com uma excelente rela\u00e7\u00e3o qualidade\/pre\u00e7o. S\u00e3o flores<strong> legal, seguro e carregado de terpenos<\/strong>, Os novos produtos s\u00e3o ideais para uma utiliza\u00e7\u00e3o ocasional, bem como para consumidores regulares.\u00a0<\/span><\/p>\n<p>&nbsp;<\/p>\n<h2><b>Comprar flores CBD e pequenos bot\u00f5es CBD 100g na Iguana Smoke<\/b><\/h2>\n<p><span style=\"font-weight: 400;\">Trabalhamos com agricultores que cultivam can\u00e1bis industrial de forma biol\u00f3gica. Eles n\u00e3o utilizam <strong>sem pesticidas ou produtos qu\u00edmicos geneticamente modificados<\/strong>. Todas as nossas flores prov\u00eam de variedades de <strong><em>Cannabis Sativa<\/em><\/strong> aprovados pela UE. Estes cont\u00eam <strong>menos de 0,3% de THC<\/strong>. Por conseguinte, s\u00e3o plenamente <strong>legal<\/strong> e n\u00e3o produzem efeitos psicoactivos. <\/span><\/p>\n<p><span style=\"font-weight: 400;\"> A utiliza\u00e7\u00e3o de <strong>m\u00e9todos de agricultura biol\u00f3gica<\/strong> promove a sustentabilidade e a responsabilidade ambiental. Isto torna o produto atrativo para os consumidores preocupados com o ambiente. Al\u00e9m disso, se desejar, pode consultar<strong> <a href=\"https:\/\/iguanasmoke.com\/pt\/analiticas\/\">an\u00e1lises laboratoriais.<\/a>\u00a0<\/strong><\/span><\/p>\n<p><span style=\"font-weight: 400;\">Se gosta desta flor, encorajamo-lo a descobrir outras flores CBD. Por exemplo, a <span style=\"text-decoration: underline;\"><strong><a href=\"https:\/\/iguanasmoke.com\/pt\/produto\/comprar-flores-super-skunk-cbd\/\">Flor Super Skunk CBD<\/a><\/strong>,<\/span> a<span style=\"text-decoration: underline;\"> <a href=\"https:\/\/iguanasmoke.com\/pt\/produto\/flor-cbd-white-widow-indoor\/\"><strong>White Widow CBD Flor de interior<\/strong><\/a><\/span> ou o <a href=\"https:\/\/iguanasmoke.com\/pt\/produto\/comprar-flor-sour-diesel-cbd-flor-online-marijuana-legal\/\"><strong><span style=\"text-decoration: underline;\">Flor Sour Diesel CBD<\/span><\/strong><\/a>. E s<\/span><span style=\"font-weight: 400;\">Se quiser explorar outros produtos, consulte a nossa <a href=\"https:\/\/iguanasmoke.com\/pt\/categoria\/haxixe-cbd\/\"><span style=\"text-decoration: underline;\"><strong>Haxixe de CBD<\/strong><\/span><\/a> o<a href=\"https:\/\/iguanasmoke.com\/pt\/categoria\/cbd\/pronto-para-rolar\/\"><span style=\"text-decoration: underline;\"><strong> Picada de flor - Pronto para rolar<\/strong>.<\/span><\/a> <\/span><span style=\"font-weight: 400;\">Explore a nossa gama e encontre j\u00e1 os seus favoritos.<\/span><span style=\"font-weight: 400;\">\u00a0<\/span><\/p>\n<p>Rapidez na entrega, aten\u00e7\u00e3o e uma loja com embalagens discretas e seguras que vai \u00e0 frente, s\u00f3 para si!<\/p>\n<h2><span style=\"color: #ffffff;\">comprar flore<\/span><\/h2>\n<h3><b>Iguana Smoke \u00e9 a sua loja online de confian\u00e7a de CBD<\/b><\/h3>\n<p><span style=\"font-weight: 400;\">Em<strong> Fumo de Iguana<\/strong>, Acreditamos que desfrutar do CBD deve ser uma experi\u00eancia segura e agrad\u00e1vel. \u00c9 por isso que temos produtos como <strong>pequenos bot\u00f5es CBD 100g<\/strong>, Oferecemos produtos de alta qualidade, que se ligam \u00e0s novas gera\u00e7\u00f5es: pessoas que procuram o bem-estar sem complica\u00e7\u00f5es. Oferecemos marcas aut\u00eanticas e fi\u00e1veis.\u00a0<\/span><\/p>\n<p>A nossa miss\u00e3o \u00e9 clara: trazer-lhe o melhor do mundo dos canabin\u00f3ides a um pre\u00e7o justo. Al\u00e9m disso, damos-lhe a tranquilidade de saber que est\u00e1 a escolher um produto certificado, eficaz e 100% legal. O seu tempo de relaxamento come\u00e7a aqui connosco.<\/p>\n<p>Ainda tem d\u00favidas? Escreva-nos e teremos todo o gosto em ajud\u00e1-lo a encontrar o produto certo para si.<\/p>\n<p>&nbsp;<\/p>\n<p><em><span style=\"font-weight: 400;\">*Nota: a sua utiliza\u00e7\u00e3o destina-se a cole\u00e7\u00e3o ou aromaterapia, de acordo com a legisla\u00e7\u00e3o espanhola. <\/span><\/em><\/p>\n<p><em><span style=\"font-weight: 400;\">**Todos os nossos produtos s\u00e3o derivados de c\u00e2nhamo industrial certificado. Cont\u00eam menos de 0,3 THC e n\u00e3o cont\u00eam canabin\u00f3ides ilegais como HHC, HHC-P, THCP, THCP-O, H4CBD e os inclu\u00eddos no Anexo I do Decreto Real 2829\/1977, nem subst\u00e2ncias controladas por conven\u00e7\u00f5es internacionais.\u00a0\u00a0<\/span><\/em><\/p>","protected":false},"excerpt":{"rendered":"<p><span style=\"font-weight: 400;\">Cuidadosamente selecionado para satisfazer as necessidades arom\u00e1ticas dos consumidores de Flores CBD.<\/span><\/p>\n<ul>\n<li>CBD: 15% \/ THC: &lt; 0,3%<\/li>\n<li>Pequenos bot\u00f5es (Mini Buds)<\/li>\n<li>Dominante Sativa<\/li>\n<li>100g em saco reutiliz\u00e1vel exclusivo<\/li>\n<li>Aroma forte a gas\u00f3leo, com tons doces<\/li>\n<li>100% legal na Europa<\/li>\n<li>An\u00e1lise da qualidade <a style=\"font-size: 16px; background-color: #ffffff;\" href=\"https:\/\/iguanasmoke.com\/wp-content\/uploads\/2018\/02\/Flor-Sour-Tsunami.pdf\" target=\"_blank\" rel=\"noopener\">aqui<\/a><\/li>\n<\/ul>","protected":false},"featured_media":59494,"comment_status":"open","ping_status":"closed","template":"","meta":{"_acf_changed":false,"site-sidebar-layout":"default","site-content-layout":"","ast-site-content-layout":"default","site-content-style":"default","site-sidebar-style":"default","ast-global-header-display":"","ast-banner-title-visibility":"","ast-main-header-display":"","ast-hfb-above-header-display":"","ast-hfb-below-header-display":"","ast-hfb-mobile-header-display":"","site-post-title":"","ast-breadcrumbs-content":"","ast-featured-img":"","footer-sml-layout":"","theme-transparent-header-meta":"default","adv-header-id-meta":"","stick-header-meta":"","header-above-stick-meta":"","header-main-stick-meta":"","header-below-stick-meta":"","astra-migrate-meta-layouts":"set","ast-page-background-enabled":"default","ast-page-background-meta":{"desktop":{"background-color":"var(--ast-global-color-4)","background-image":"","background-repeat":"repeat","background-position":"center center","background-size":"auto","background-attachment":"scroll","background-type":"","background-media":"","overlay-type":"","overlay-color":"","overlay-opacity":"","overlay-gradient":""},"tablet":{"background-color":"","background-image":"","background-repeat":"repeat","background-position":"center center","background-size":"auto","background-attachment":"scroll","background-type":"","background-media":"","overlay-type":"","overlay-color":"","overlay-opacity":"","overlay-gradient":""},"mobile":{"background-color":"","background-image":"","background-repeat":"repeat","background-position":"center center","background-size":"auto","background-attachment":"scroll","background-type":"","background-media":"","overlay-type":"","overlay-color":"","overlay-opacity":"","overlay-gradient":""}},"ast-content-background-meta":{"desktop":{"background-color":"var(--ast-global-color-5)","background-image":"","background-repeat":"repeat","background-position":"center center","background-size":"auto","background-attachment":"scroll","background-type":"","background-media":"","overlay-type":"","overlay-color":"","overlay-opacity":"","overlay-gradient":""},"tablet":{"background-color":"var(--ast-global-color-5)","background-image":"","background-repeat":"repeat","background-position":"center center","background-size":"auto","background-attachment":"scroll","background-type":"","background-media":"","overlay-type":"","overlay-color":"","overlay-opacity":"","overlay-gradient":""},"mobile":{"background-color":"var(--ast-global-color-5)","background-image":"","background-repeat":"repeat","background-position":"center center","background-size":"auto","background-attachment":"scroll","background-type":"","background-media":"","overlay-type":"","overlay-color":"","overlay-opacity":"","overlay-gradient":""}}},"product_brand":[],"product_cat":[328,447],"product_tag":[],"class_list":{"0":"post-59545","1":"product","2":"type-product","3":"status-publish","4":"has-post-thumbnail","6":"product_cat-comprar-flores-de-cbd-y-cogollos-de-cbd","7":"product_cat-pop-corn-cbd-cogollos-pequenos-cbd-mini-buds-cbd","8":"desktop-align-center","9":"tablet-align-center","10":"mobile-align-center","12":"first","13":"instock","14":"sold-individually","15":"taxable","16":"shipping-taxable","17":"purchasable","18":"product-type-simple"},"acf":[],"yoast_head":"<!-- This site is optimized with the Yoast SEO Premium plugin v27.3 (Yoast SEO v27.3) - https:\/\/yoast.com\/product\/yoast-seo-premium-wordpress\/ -->\n<title>Cogollos peque\u00f1os CBD 100g - Pop Corn CBD (Mini buds CBD) | Iguana Smoke<\/title>\n<meta name=\"description\" content=\"Aprovecha el formato econ\u00f3mico de nuestros Cogollos peque\u00f1os CBD 100g, con un 15% de CBD. Perfectos para quienes buscan el mejor precio en su Pop Corn CBD.\" \/>\n<meta name=\"robots\" content=\"index, follow, max-snippet:-1, max-image-preview:large, max-video-preview:-1\" \/>\n<link rel=\"canonical\" href=\"https:\/\/iguanasmoke.com\/pt\/produto\/comprar-cbd-pop-corn-sour-tsunami-flower-100gr-cbd-small-buds\/\" \/>\n<meta property=\"og:locale\" content=\"pt_PT\" \/>\n<meta property=\"og:type\" content=\"article\" \/>\n<meta property=\"og:title\" content=\"Pop Corn - Cogollos peque\u00f1os CBD 100g\" \/>\n<meta property=\"og:description\" content=\"Seleccionados cuidadosamente para satisfacer las necesidades arom\u00e1ticas de los consumidores de Flores CBD.   CBD: 15% \/ THC: &lt; 0,3%  Cogollos peque\u00f1os (Mini Buds)  Dominante Sativa  100g en bolsa exclusiva reutilizable  Aroma fuerte a combustible diesel, con tonos dulces  100% legal en Europa  An\u00e1lisis de calidad aqu\u00ed\" \/>\n<meta property=\"og:url\" content=\"https:\/\/iguanasmoke.com\/pt\/produto\/comprar-cbd-pop-corn-sour-tsunami-flower-100gr-cbd-small-buds\/\" \/>\n<meta property=\"og:site_name\" content=\"Iguana Smoke\" \/>\n<meta property=\"article:publisher\" content=\"https:\/\/www.facebook.com\/iguanasmoke\" \/>\n<meta property=\"article:modified_time\" content=\"2026-02-06T19:12:57+00:00\" \/>\n<meta property=\"og:image\" content=\"https:\/\/iguanasmoke.com\/wp-content\/uploads\/2025\/06\/pop-100g.webp\" \/>\n\t<meta property=\"og:image:width\" content=\"1000\" \/>\n\t<meta property=\"og:image:height\" content=\"1000\" \/>\n\t<meta property=\"og:image:type\" content=\"image\/webp\" \/>\n<meta name=\"twitter:card\" content=\"summary_large_image\" \/>\n<meta name=\"twitter:label1\" content=\"pre\u00e7o\" \/>\n\t<meta name=\"twitter:data1\" content=\"90,00&nbsp;&euro;\" \/>\n\t<meta name=\"twitter:label2\" content=\"Disponibilidade\" \/>\n\t<meta name=\"twitter:data2\" content=\"Em stock\" \/>\n<meta property=\"product:brand\" content=\"simple\" \/>\n<meta property=\"product:price:amount\" content=\"90.00\" \/>\n<meta property=\"product:price:currency\" content=\"EUR\" \/>\n<meta property=\"og:availability\" content=\"instock\" \/>\n<meta property=\"product:availability\" content=\"instock\" \/>\n<meta property=\"product:retailer_item_id\" content=\"IS-POP-SOURT-100G\" \/>\n<meta property=\"product:condition\" content=\"new\" \/>\n<!-- \/ Yoast SEO Premium plugin. -->","yoast_head_json":{"title":"Pequenos bot\u00f5es de CBD 100g - Pop Corn CBD (Mini bot\u00f5es de CBD) | Iguana Smoke","description":"Aproveite o formato econ\u00f3mico do nosso CBD Small Buds 100g, com 15% de CBD. Perfeito para quem procura o melhor pre\u00e7o para o seu CBD Pop Corn.","robots":{"index":"index","follow":"follow","max-snippet":"max-snippet:-1","max-image-preview":"max-image-preview:large","max-video-preview":"max-video-preview:-1"},"canonical":"https:\/\/iguanasmoke.com\/pt\/produto\/comprar-cbd-pop-corn-sour-tsunami-flower-100gr-cbd-small-buds\/","og_locale":"pt_PT","og_type":"article","og_title":"Pop Corn - Cogollos peque\u00f1os CBD 100g","og_description":"Seleccionados cuidadosamente para satisfacer las necesidades arom\u00e1ticas de los consumidores de Flores CBD.   CBD: 15% \/ THC: &lt; 0,3%  Cogollos peque\u00f1os (Mini Buds)  Dominante Sativa  100g en bolsa exclusiva reutilizable  Aroma fuerte a combustible diesel, con tonos dulces  100% legal en Europa  An\u00e1lisis de calidad aqu\u00ed","og_url":"https:\/\/iguanasmoke.com\/pt\/produto\/comprar-cbd-pop-corn-sour-tsunami-flower-100gr-cbd-small-buds\/","og_site_name":"Iguana Smoke","article_publisher":"https:\/\/www.facebook.com\/iguanasmoke","article_modified_time":"2026-02-06T19:12:57+00:00","og_image":[{"width":1000,"height":1000,"url":"https:\/\/iguanasmoke.com\/wp-content\/uploads\/2025\/06\/pop-100g.webp","type":"image\/webp"}],"twitter_card":"summary_large_image","twitter_misc":{"pre\u00e7o":"90,00&nbsp;&euro;","Disponibilidade":"Em stock"},"schema":{"@context":"https:\/\/schema.org","@graph":[{"@type":"WebPage","@id":"https:\/\/iguanasmoke.com\/producto\/comprar-flor-cbd-pop-corn-sour-tsunami-100gr-cogollos-pequenos-cbd\/","url":"https:\/\/iguanasmoke.com\/producto\/comprar-flor-cbd-pop-corn-sour-tsunami-100gr-cogollos-pequenos-cbd\/","name":"Pequenos bot\u00f5es de CBD 100g - Pop Corn CBD (Mini bot\u00f5es de CBD) | Iguana Smoke","isPartOf":{"@id":"https:\/\/iguanasmoke.com\/#website"},"primaryImageOfPage":{"@id":"https:\/\/iguanasmoke.com\/producto\/comprar-flor-cbd-pop-corn-sour-tsunami-100gr-cogollos-pequenos-cbd\/#primaryimage"},"image":{"@id":"https:\/\/iguanasmoke.com\/producto\/comprar-flor-cbd-pop-corn-sour-tsunami-100gr-cogollos-pequenos-cbd\/#primaryimage"},"thumbnailUrl":"https:\/\/iguanasmoke.com\/wp-content\/uploads\/2025\/06\/pop-100g.webp","datePublished":"2025-06-25T13:18:11+00:00","dateModified":"2026-02-06T19:12:57+00:00","description":"Aproveite o formato econ\u00f3mico do nosso CBD Small Buds 100g, com 15% de CBD. Perfeito para quem procura o melhor pre\u00e7o para o seu CBD Pop Corn.","breadcrumb":{"@id":"https:\/\/iguanasmoke.com\/producto\/comprar-flor-cbd-pop-corn-sour-tsunami-100gr-cogollos-pequenos-cbd\/#breadcrumb"},"inLanguage":"pt-PT","potentialAction":[{"@type":"ReadAction","target":["https:\/\/iguanasmoke.com\/producto\/comprar-flor-cbd-pop-corn-sour-tsunami-100gr-cogollos-pequenos-cbd\/"]}]},{"@type":"ImageObject","inLanguage":"pt-PT","@id":"https:\/\/iguanasmoke.com\/producto\/comprar-flor-cbd-pop-corn-sour-tsunami-100gr-cogollos-pequenos-cbd\/#primaryimage","url":"https:\/\/iguanasmoke.com\/wp-content\/uploads\/2025\/06\/pop-100g.webp","contentUrl":"https:\/\/iguanasmoke.com\/wp-content\/uploads\/2025\/06\/pop-100g.webp","width":1000,"height":1000,"caption":"Bolsa pop Corn CBD 100g para cogollos peque\u00f1os CBD o mini buds cbd. Maria legal"},{"@type":"BreadcrumbList","@id":"https:\/\/iguanasmoke.com\/producto\/comprar-flor-cbd-pop-corn-sour-tsunami-100gr-cogollos-pequenos-cbd\/#breadcrumb","itemListElement":[{"@type":"ListItem","position":1,"name":"home","item":"https:\/\/iguanasmoke.com\/"},{"@type":"ListItem","position":2,"name":"Tienda","item":"https:\/\/iguanasmoke.com\/tienda\/"},{"@type":"ListItem","position":3,"name":"Pop Corn - Cogollos peque\u00f1os CBD","item":"https:\/\/iguanasmoke.com\/categoria\/pop-corn-cbd-cogollos-pequenos-cbd-mini-buds-cbd\/"},{"@type":"ListItem","position":4,"name":"Pop Corn &#8211; Cogollos peque\u00f1os CBD 100g"}]},{"@type":"WebSite","@id":"https:\/\/iguanasmoke.com\/#website","url":"https:\/\/iguanasmoke.com\/","name":"Fumo de Iguana","description":"Comprar CBD online ao melhor pre\u00e7o","publisher":{"@id":"https:\/\/iguanasmoke.com\/#organization"},"potentialAction":[{"@type":"SearchAction","target":{"@type":"EntryPoint","urlTemplate":"https:\/\/iguanasmoke.com\/?s={search_term_string}"},"query-input":{"@type":"PropertyValueSpecification","valueRequired":true,"valueName":"search_term_string"}}],"inLanguage":"pt-PT"},{"@type":"Organization","@id":"https:\/\/iguanasmoke.com\/#organization","name":"Fumo de Iguana","url":"https:\/\/iguanasmoke.com\/","logo":{"@type":"ImageObject","inLanguage":"pt-PT","@id":"https:\/\/iguanasmoke.com\/#\/schema\/logo\/image\/","url":"https:\/\/iguanasmoke.com\/wp-content\/uploads\/2025\/01\/logoiguana-favi-1.png","contentUrl":"https:\/\/iguanasmoke.com\/wp-content\/uploads\/2025\/01\/logoiguana-favi-1.png","width":512,"height":512,"caption":"Iguana Smoke"},"image":{"@id":"https:\/\/iguanasmoke.com\/#\/schema\/logo\/image\/"},"sameAs":["https:\/\/www.facebook.com\/iguanasmoke","https:\/\/www.instagram.com\/iguanasmoke\/"]}]},"product_brand":"simple","product_price_amount":"90.00","product_price_currency":"EUR","og_availability":"instock","product_availability":"instock","product_retailer_item_id":"IS-POP-SOURT-100G","product_condition":"new"},"_links":{"self":[{"href":"https:\/\/iguanasmoke.com\/pt\/wp-json\/wp\/v2\/product\/59545","targetHints":{"allow":["GET"]}}],"collection":[{"href":"https:\/\/iguanasmoke.com\/pt\/wp-json\/wp\/v2\/product"}],"about":[{"href":"https:\/\/iguanasmoke.com\/pt\/wp-json\/wp\/v2\/types\/product"}],"replies":[{"embeddable":true,"href":"https:\/\/iguanasmoke.com\/pt\/wp-json\/wp\/v2\/comments?post=59545"}],"wp:featuredmedia":[{"embeddable":true,"href":"https:\/\/iguanasmoke.com\/pt\/wp-json\/wp\/v2\/media\/59494"}],"wp:attachment":[{"href":"https:\/\/iguanasmoke.com\/pt\/wp-json\/wp\/v2\/media?parent=59545"}],"wp:term":[{"taxonomy":"product_brand","embeddable":true,"href":"https:\/\/iguanasmoke.com\/pt\/wp-json\/wp\/v2\/product_brand?post=59545"},{"taxonomy":"product_cat","embeddable":true,"href":"https:\/\/iguanasmoke.com\/pt\/wp-json\/wp\/v2\/product_cat?post=59545"},{"taxonomy":"product_tag","embeddable":true,"href":"https:\/\/iguanasmoke.com\/pt\/wp-json\/wp\/v2\/product_tag?post=59545"}],"curies":[{"name":"wp","href":"https:\/\/api.w.org\/{rel}","templated":true}]}}