{"id":59900,"date":"2025-06-30T23:57:30","date_gmt":"2025-06-30T21:57:30","guid":{"rendered":"https:\/\/iguanasmoke.com\/?post_type=product&#038;p=59900"},"modified":"2026-03-09T17:06:49","modified_gmt":"2026-03-09T16:06:49","slug":"sativanol-embalagem-vaper-de-degustacao-e-10-oh","status":"publish","type":"product","link":"https:\/\/iguanasmoke.com\/pt\/producto\/pack-vaper-degustacion-sativanol-y-10-oh\/","title":{"rendered":"Pack 2 Vaper Degusta\u00e7\u00e3o Sativanol e 10OH"},"content":{"rendered":"<h1 data-start=\"1609\" data-end=\"1642\"><span style=\"font-weight: 400;\">Pack 2 Vaper Degusta\u00e7\u00e3o<i>Sativanol e 10-OH<\/i><\/span><\/h1>\n<h3>Pacote Vaping com uma oferta ideal para quem procura variedade, poupan\u00e7a e a possibilidade de personalizar a sua encomenda.<\/h3>\n<p><span style=\"font-weight: 400;\">Se gosta de experimentar coisas diferentes, o <strong>Pack 2 vaper com Sativanol e 10-OH<\/strong> \u00e9 perfeito para si. Cri\u00e1mos este pack exclusivo para que possa experimentar duas das nossas mol\u00e9culas de topo, combinando Sativanol e a mol\u00e9cula 10-OH.<\/span><\/p>\n<p>&nbsp;<\/p>\n<h2 data-start=\"273\" data-end=\"578\"><strong>O que est\u00e1 inclu\u00eddo na prova de vaper Pack 2 <span style=\"font-weight: 400;\"><strong>Sativanol<\/strong> <\/span>e 10-OH? <\/strong><\/h2>\n<p data-start=\"273\" data-end=\"578\"><span style=\"font-weight: 400;\">Neste pacote podes escolher 1 vaper dos 7 sabores com terpenos Sativanol \u00fanicos e outro vaper do sabor 10-OH da tua escolha. \u00c9 t\u00e3o simples como isto, para provares e experimentares.<\/span><\/p>\n<p data-start=\"273\" data-end=\"578\">Ambos em <span style=\"font-weight: 400;\"><strong>Sativanol <\/strong><\/span>como em <strong>10-OH<\/strong>, Os sabores dispon\u00edveis s\u00e3o 7 e s\u00e3o os seguintes:<\/p>\n<ul>\n<li style=\"list-style-type: none;\">\n<ul>\n<li style=\"list-style-type: none;\">\n<ul>\n<li data-start=\"273\" data-end=\"578\"><em>Pega<\/em><\/li>\n<li data-start=\"273\" data-end=\"578\"><em>Cola de Gorila<\/em><\/li>\n<li data-start=\"273\" data-end=\"578\"><em>Morango<\/em><\/li>\n<li data-start=\"273\" data-end=\"578\"><em>Bagas vermelhas<\/em><\/li>\n<li data-start=\"273\" data-end=\"578\"><em>Amn\u00e9sia<\/em><\/li>\n<li data-start=\"273\" data-end=\"578\"><em>Gelado<\/em><\/li>\n<li data-start=\"273\" data-end=\"578\"><em>Haze de lim\u00e3o<\/em><\/li>\n<\/ul>\n<\/li>\n<\/ul>\n<\/li>\n<\/ul>\n<p><span style=\"font-weight: 400;\">Pode consultar a categoria de <strong><a href=\"https:\/\/iguanasmoke.com\/pt\/categoria\/novas-moleculas\/sativanol\/\">Vaper Sativanol<\/a><\/strong> y <a href=\"https:\/\/iguanasmoke.com\/pt\/categoria\/novas-moleculas\/10oh\/\"><strong>Vaper 10-OH<\/strong><\/a> para completar o seu <strong>Pack 2 vaper com Sativanol e 10-OH<\/strong>.<\/span><\/p>\n<p>&nbsp;<\/p>\n<h2><strong>O que \u00e9 o STV ou Sativanol?<\/strong><\/h2>\n<p><span style=\"font-weight: 400;\">O <strong>Sativanol<\/strong>, <strong>STV<\/strong> o <strong>Super Sativa<\/strong> \u00e9 uma mol\u00e9cula de \u00faltima gera\u00e7\u00e3o derivada do c\u00e2nhamo que n\u00e3o cont\u00e9m THC ou os seus derivados (HHC, THCP...), mas o seu efeito \u00e9 compar\u00e1vel ao de um <strong>Sativa potente<\/strong>proporciona clareza mental, euforia suave e bem-estar, sem nebulosidade ou baixos.\u00a0\u00a0<\/span><\/p>\n<p>A f\u00f3rmula <span style=\"font-weight: 400;\"><strong>Sativanol <\/strong><\/span>\u00e9 ideal para quem precisa de ser ativo, criativo ou simplesmente quer desfrutar de um momento de clareza mental sem se desligar.<\/p>\n<p>&nbsp;<\/p>\n<h2><strong>O que \u00e9 10-OH?<\/strong><\/h2>\n<p><span style=\"font-weight: 400;\">O <\/span><span style=\"font-weight: 400;\"><b>10-OH<\/b> \u00e9 um <strong>Metabolito HHC<\/strong>, ou seja, uma subst\u00e2ncia que \u00e9 gerada quando <strong>o organismo decomp\u00f5e o HHC<\/strong>. A n\u00edvel laboratorial, \u00e9 obtido atrav\u00e9s da transforma\u00e7\u00e3o do HHC na sua forma hidroxilada, o que resulta numa <strong>canabin\u00f3ide mais est\u00e1vel<\/strong> e com uma afinidade espec\u00edfica para certos receptores do sistema endocanabin\u00f3ide.<\/span><\/p>\n<p><span style=\"font-weight: 400;\">Embora os efeitos possam variar de pessoa para pessoa, as experi\u00eancias incluem frequentemente:<\/span><\/p>\n<ul>\n<li>Euforia moderada, sem o efeito mais intenso que o THC pode proporcionar.<\/li>\n<li>Relaxamento f\u00edsico, sem produzir uma sensa\u00e7\u00e3o de seda\u00e7\u00e3o excessiva.<\/li>\n<li>Clareza mental, que favorece a concentra\u00e7\u00e3o ou a intera\u00e7\u00e3o social.<\/li>\n<li>Menos ansiedade, o que a torna uma op\u00e7\u00e3o interessante para quem n\u00e3o tolera bem o THC.<\/li>\n<\/ul>\n<p><span style=\"font-weight: 400;\">Estes efeitos colocam o <strong>10-OH num ponto interm\u00e9dio entre HHC e THC<\/strong>mais intensa do que a primeira, mas mais f\u00e1cil de gerir do que a segunda. Se est\u00e1 \u00e0 procura de <strong>comprar vaper 10-OH online<\/strong>, Com efeitos estimulantes mas sem paranoia ou ressaca mental, este \u00e9 o vaper ideal para si.<\/span><\/p>\n<p>&nbsp;<\/p>\n<h2><strong>O que \u00e9 um vaper descart\u00e1vel na embalagem do vaper? <span style=\"font-weight: 400;\"><strong>Sativanol<\/strong> <\/span>e 10-oh?<\/strong><\/h2>\n<p><span style=\"font-weight: 400;\">A <strong>vaper descart\u00e1vel<\/strong> \u00e9 um dispositivo do tipo caneta\u201c <strong>de 2ml<\/strong> que vem carregado com Sativanol ou l\u00edquido 10-OH. A grande diferen\u00e7a em rela\u00e7\u00e3o a outros tipos de vapers \u00e9 que n\u00e3o precisa de ser recarregado ou atestado: <strong>quando se esgota, \u00e9 simplesmente descartado<\/strong>.\u00a0<\/span><\/p>\n<p>&nbsp;<\/p>\n<h2 data-start=\"273\" data-end=\"578\"><strong>Porqu\u00ea escolher o <\/strong><strong>Pack 2 degusta\u00e7\u00e3o vaper <span style=\"font-weight: 400;\"><strong>Sativanol<\/strong> <\/span><\/strong><strong>e 10-OH<\/strong><strong>? <\/strong><\/h2>\n<ul>\n<li data-start=\"273\" data-end=\"578\"><span style=\"font-weight: 400;\">Pre\u00e7o especial por embalagem<\/span><\/li>\n<li data-start=\"273\" data-end=\"578\"><span style=\"font-weight: 400;\">Ideal para provar diferentes sabores e mol\u00e9culas<\/span><\/li>\n<li data-start=\"273\" data-end=\"578\"><span style=\"font-weight: 400;\">Tudo numa s\u00f3 encomenda, c\u00f3modo e r\u00e1pido<\/span><\/li>\n<li data-start=\"273\" data-end=\"578\"><span style=\"font-weight: 400;\">Produto legal, seguro e testado <\/span><\/li>\n<li data-start=\"273\" data-end=\"578\"><span style=\"font-weight: 400;\">Perfeito como presente... ou como presente para si pr\u00f3prio. <\/span><\/li>\n<\/ul>\n<p><span style=\"font-weight: 400;\">O <strong>Pack 2 vaper com Sativanol e 10-OH<\/strong>\u00a0n\u00e3o \u00e9 apenas um pacote, \u00e9 uma experi\u00eancia completa. Descubra, compare e encontre o seu favorito.<\/span><\/p>\n<p>&nbsp;<\/p>\n<h3><b>Iguana Smoke \u00e9 a sua loja online de CBD\u00a0<\/b><\/h3>\n<p><span style=\"font-weight: 400;\">Em<strong> Fumo de Iguana<\/strong>, Acreditamos que desfrutar do CBD deve ser uma experi\u00eancia segura. \u00c9 por isso que temos produtos como este <strong>Pack 2 vaper com Sativanol e 10-OH<\/strong>, A marca liga-se \u00e0s novas gera\u00e7\u00f5es: pessoas que procuram um bem-estar descomplicado, com marcas aut\u00eanticas e fi\u00e1veis.\u00a0<\/span><\/p>\n<p>A nossa miss\u00e3o \u00e9 clara: trazer-lhe o melhor do mundo dos canabin\u00f3ides a um pre\u00e7o justo. Al\u00e9m disso, damos-lhe a tranquilidade de saber que est\u00e1 a escolher um produto certificado, eficaz e 100% legal. O seu tempo de relaxamento come\u00e7a aqui connosco.<\/p>\n<p>Ainda tem d\u00favidas? Escreva-nos e teremos todo o gosto em ajud\u00e1-lo a encontrar o produto certo para si.<\/p>\n<p>&nbsp;<\/p>\n<h6>\u2139\ufe0f<strong> Informa\u00e7\u00e3o jur\u00eddica<\/strong><\/h6>\n<p><em><span style=\"font-weight: 400;\">*Produto destinado a cole\u00e7\u00e3o ou aromaterapia, de acordo com a legisla\u00e7\u00e3o espanhola em vigor. <\/span><\/em><\/p>\n<p><em><span style=\"font-weight: 400;\">**Derivado de c\u00e2nhamo industrial certificado. Cont\u00e9m menos de 0,3 THC e n\u00e3o cont\u00e9m canabin\u00f3ides ilegais como HHC, HHC-P, THCP, THCP-O, H4CBD ou subst\u00e2ncias enumeradas no Anexo I do Decreto Real 2829\/1977, nem subst\u00e2ncias controladas por conven\u00e7\u00f5es internacionais.<\/span><\/em><\/p>","protected":false},"excerpt":{"rendered":"<p><span style=\"font-weight: 400;\">Prepara-te porque este Vape Tasting Pack inclui:<\/span><\/p>\n<ul>\n<li>1 x Vaper <span style=\"font-weight: 400;\">Sativanol <\/span>2 ml do aroma da sua escolha<\/li>\n<li>1 x Vaper 10-OH 2 ml do sabor \u00e0 sua escolha<\/li>\n<\/ul>\n<h6>Carater\u00edsticas<\/h6>\n<ul>\n<li>Capacidade: 2ml - 600 puffs<\/li>\n<li><span style=\"font-weight: 400;\">Sativanol <\/span>\/ 10-OH<\/li>\n<li>Terpenos naturais de alta qualidade<\/li>\n<li>THC: 0%, HHC: 0%, THC-P: 0%, Nicotina: 0%<\/li>\n<li>N\u00e3o cont\u00e9m VG, PG, PEG, MCT ou qualquer outro agente de corte.<\/li>\n<\/ul>\n<p><em><span style=\"font-weight: 400;\">Pre\u00e7o sem desconto: 69,80 \u20ac | pre\u00e7o do pacote com desconto: 60 \u20ac =&gt; <strong>poupan\u00e7a de 9,80\u20ac com um desconto de 14%<\/strong><\/span>\u00a0<\/em><\/p>\n<p><span style=\"font-weight: 400;\">Consulta<strong>\u00a0<a href=\"https:\/\/iguanasmoke.com\/pt\/analiticas\/\">an\u00e1lises laboratoriais.<\/a><\/strong><\/span><\/p>","protected":false},"featured_media":76827,"comment_status":"open","ping_status":"closed","template":"","meta":{"_acf_changed":false,"site-sidebar-layout":"default","site-content-layout":"","ast-site-content-layout":"default","site-content-style":"default","site-sidebar-style":"default","ast-global-header-display":"","ast-banner-title-visibility":"","ast-main-header-display":"","ast-hfb-above-header-display":"","ast-hfb-below-header-display":"","ast-hfb-mobile-header-display":"","site-post-title":"","ast-breadcrumbs-content":"","ast-featured-img":"","footer-sml-layout":"","theme-transparent-header-meta":"default","adv-header-id-meta":"","stick-header-meta":"","header-above-stick-meta":"","header-main-stick-meta":"","header-below-stick-meta":"","astra-migrate-meta-layouts":"set","ast-page-background-enabled":"default","ast-page-background-meta":{"desktop":{"background-color":"var(--ast-global-color-4)","background-image":"","background-repeat":"repeat","background-position":"center center","background-size":"auto","background-attachment":"scroll","background-type":"","background-media":"","overlay-type":"","overlay-color":"","overlay-opacity":"","overlay-gradient":""},"tablet":{"background-color":"","background-image":"","background-repeat":"repeat","background-position":"center center","background-size":"auto","background-attachment":"scroll","background-type":"","background-media":"","overlay-type":"","overlay-color":"","overlay-opacity":"","overlay-gradient":""},"mobile":{"background-color":"","background-image":"","background-repeat":"repeat","background-position":"center center","background-size":"auto","background-attachment":"scroll","background-type":"","background-media":"","overlay-type":"","overlay-color":"","overlay-opacity":"","overlay-gradient":""}},"ast-content-background-meta":{"desktop":{"background-color":"var(--ast-global-color-5)","background-image":"","background-repeat":"repeat","background-position":"center center","background-size":"auto","background-attachment":"scroll","background-type":"","background-media":"","overlay-type":"","overlay-color":"","overlay-opacity":"","overlay-gradient":""},"tablet":{"background-color":"var(--ast-global-color-5)","background-image":"","background-repeat":"repeat","background-position":"center center","background-size":"auto","background-attachment":"scroll","background-type":"","background-media":"","overlay-type":"","overlay-color":"","overlay-opacity":"","overlay-gradient":""},"mobile":{"background-color":"var(--ast-global-color-5)","background-image":"","background-repeat":"repeat","background-position":"center center","background-size":"auto","background-attachment":"scroll","background-type":"","background-media":"","overlay-type":"","overlay-color":"","overlay-opacity":"","overlay-gradient":""}}},"product_brand":[],"product_cat":[550,349,549,418],"product_tag":[],"class_list":{"0":"post-59900","1":"product","2":"type-product","3":"status-publish","4":"has-post-thumbnail","6":"product_cat-10oh","7":"product_cat-packs-y-ofertas-cbd","8":"product_cat-sativanol","9":"product_cat-vaper-cbd","10":"desktop-align-center","11":"tablet-align-center","12":"mobile-align-center","14":"first","15":"instock","16":"sale","17":"taxable","18":"shipping-taxable","19":"purchasable","20":"product-type-composite"},"acf":[],"yoast_head":"<!-- This site is optimized with the Yoast SEO Premium plugin v27.3 (Yoast SEO v27.3) - https:\/\/yoast.com\/product\/yoast-seo-premium-wordpress\/ -->\n<title>Pack 2 vaper degustaci\u00f3n Sativanol y 10-OH | Iguana Smoke<\/title>\n<meta name=\"description\" content=\"Descubre nuevos sabores con el Pack 2 vaper degustaci\u00f3n Sativanol y 10-OH. \u00a1No te pierdas esta oportunidad \u00fanica, pru\u00e9balo ahora!\" \/>\n<meta name=\"robots\" content=\"index, follow, max-snippet:-1, max-image-preview:large, max-video-preview:-1\" \/>\n<link rel=\"canonical\" href=\"https:\/\/iguanasmoke.com\/pt\/produto\/sativanol-embalagem-vaper-de-degustacao-e-10-oh\/\" \/>\n<meta property=\"og:locale\" content=\"pt_PT\" \/>\n<meta property=\"og:type\" content=\"article\" \/>\n<meta property=\"og:title\" content=\"Pack 2 Vaper Degustaci\u00f3n Sativanol y 10OH\" \/>\n<meta property=\"og:description\" content=\"Prep\u00e1rate porque este Pack de Vapeo Degustaci\u00f3n incluye:   1 x Vaper Sativanol 2 ml del sabor que elijas  1 x\u00a0 Vaper 10-OH 2 ml del sabor que elijas  Caracter\u00edsticas   Capacidad: 2ml - 600 caladas  Sativanol \/ 10-OH  Terpenos naturales de alta calidad  THC: 0%,\u00a0HHC: 0%, THC-P: 0%, Nicotina: 0%  No contiene VG, PG, PEG, MCT o cualquier otro agente de corte  Precio sin descuento: 69,80\u20ac | precio pack descuento: 60\u20ac =&gt; ahorro de 9,80\u20ac con un descuento del 14%\u00a0  Consulta\u00a0el an\u00e1lisis de laboratorio.\" \/>\n<meta property=\"og:url\" content=\"https:\/\/iguanasmoke.com\/pt\/produto\/sativanol-embalagem-vaper-de-degustacao-e-10-oh\/\" \/>\n<meta property=\"og:site_name\" content=\"Iguana Smoke\" \/>\n<meta property=\"article:publisher\" content=\"https:\/\/www.facebook.com\/iguanasmoke\" \/>\n<meta property=\"article:modified_time\" content=\"2026-03-09T16:06:49+00:00\" \/>\n<meta property=\"og:image\" content=\"https:\/\/iguanasmoke.com\/wp-content\/uploads\/2025\/06\/PACK-SPACE-VAPE-2-VAPER.webp\" \/>\n\t<meta property=\"og:image:width\" content=\"600\" \/>\n\t<meta property=\"og:image:height\" content=\"600\" \/>\n\t<meta property=\"og:image:type\" content=\"image\/webp\" \/>\n<meta name=\"twitter:card\" content=\"summary_large_image\" \/>\n<meta name=\"twitter:label1\" content=\"pre\u00e7o\" \/>\n\t<meta name=\"twitter:data1\" content=\"60,00&nbsp;&euro;\" \/>\n\t<meta name=\"twitter:label2\" content=\"Disponibilidade\" \/>\n\t<meta name=\"twitter:data2\" content=\"Em stock\" \/>\n<meta property=\"product:brand\" content=\"composite\" \/>\n<meta property=\"product:price:amount\" content=\"60.00\" \/>\n<meta property=\"product:price:currency\" content=\"EUR\" \/>\n<meta property=\"og:availability\" content=\"instock\" \/>\n<meta property=\"product:availability\" content=\"instock\" \/>\n<meta property=\"product:retailer_item_id\" content=\"IS-PACKSPACEVAPE2\" \/>\n<meta property=\"product:condition\" content=\"new\" \/>\n<!-- \/ Yoast SEO Premium plugin. -->","yoast_head_json":{"title":"Pack 2 vaper com Sativanol e 10-OH | Iguana Smoke","description":"Descobre novos sabores com o Vaper 2-Pack de Sativanol e 10-OH. N\u00e3o percas esta oportunidade \u00fanica, experimenta j\u00e1!","robots":{"index":"index","follow":"follow","max-snippet":"max-snippet:-1","max-image-preview":"max-image-preview:large","max-video-preview":"max-video-preview:-1"},"canonical":"https:\/\/iguanasmoke.com\/pt\/produto\/sativanol-embalagem-vaper-de-degustacao-e-10-oh\/","og_locale":"pt_PT","og_type":"article","og_title":"Pack 2 Vaper Degustaci\u00f3n Sativanol y 10OH","og_description":"Prep\u00e1rate porque este Pack de Vapeo Degustaci\u00f3n incluye:   1 x Vaper Sativanol 2 ml del sabor que elijas  1 x\u00a0 Vaper 10-OH 2 ml del sabor que elijas  Caracter\u00edsticas   Capacidad: 2ml - 600 caladas  Sativanol \/ 10-OH  Terpenos naturales de alta calidad  THC: 0%,\u00a0HHC: 0%, THC-P: 0%, Nicotina: 0%  No contiene VG, PG, PEG, MCT o cualquier otro agente de corte  Precio sin descuento: 69,80\u20ac | precio pack descuento: 60\u20ac =&gt; ahorro de 9,80\u20ac con un descuento del 14%\u00a0  Consulta\u00a0el an\u00e1lisis de laboratorio.","og_url":"https:\/\/iguanasmoke.com\/pt\/produto\/sativanol-embalagem-vaper-de-degustacao-e-10-oh\/","og_site_name":"Iguana Smoke","article_publisher":"https:\/\/www.facebook.com\/iguanasmoke","article_modified_time":"2026-03-09T16:06:49+00:00","og_image":[{"width":600,"height":600,"url":"https:\/\/iguanasmoke.com\/wp-content\/uploads\/2025\/06\/PACK-SPACE-VAPE-2-VAPER.webp","type":"image\/webp"}],"twitter_card":"summary_large_image","twitter_misc":{"pre\u00e7o":"60,00&nbsp;&euro;","Disponibilidade":"Em stock"},"schema":{"@context":"https:\/\/schema.org","@graph":[{"@type":"WebPage","@id":"https:\/\/iguanasmoke.com\/producto\/pack-vaper-degustacion-sativanol-y-10-oh\/","url":"https:\/\/iguanasmoke.com\/producto\/pack-vaper-degustacion-sativanol-y-10-oh\/","name":"Pack 2 vaper com Sativanol e 10-OH | Iguana Smoke","isPartOf":{"@id":"https:\/\/iguanasmoke.com\/#website"},"primaryImageOfPage":{"@id":"https:\/\/iguanasmoke.com\/producto\/pack-vaper-degustacion-sativanol-y-10-oh\/#primaryimage"},"image":{"@id":"https:\/\/iguanasmoke.com\/producto\/pack-vaper-degustacion-sativanol-y-10-oh\/#primaryimage"},"thumbnailUrl":"https:\/\/iguanasmoke.com\/wp-content\/uploads\/2025\/06\/PACK-SPACE-VAPE-2-VAPER.webp","datePublished":"2025-06-30T21:57:30+00:00","dateModified":"2026-03-09T16:06:49+00:00","description":"Descobre novos sabores com o Vaper 2-Pack de Sativanol e 10-OH. N\u00e3o percas esta oportunidade \u00fanica, experimenta j\u00e1!","breadcrumb":{"@id":"https:\/\/iguanasmoke.com\/producto\/pack-vaper-degustacion-sativanol-y-10-oh\/#breadcrumb"},"inLanguage":"pt-PT","potentialAction":[{"@type":"ReadAction","target":["https:\/\/iguanasmoke.com\/producto\/pack-vaper-degustacion-sativanol-y-10-oh\/"]}]},{"@type":"ImageObject","inLanguage":"pt-PT","@id":"https:\/\/iguanasmoke.com\/producto\/pack-vaper-degustacion-sativanol-y-10-oh\/#primaryimage","url":"https:\/\/iguanasmoke.com\/wp-content\/uploads\/2025\/06\/PACK-SPACE-VAPE-2-VAPER.webp","contentUrl":"https:\/\/iguanasmoke.com\/wp-content\/uploads\/2025\/06\/PACK-SPACE-VAPE-2-VAPER.webp","width":600,"height":600,"caption":"PACK 2 VAPER DEGUSTACION DE stv Y 10-oh"},{"@type":"BreadcrumbList","@id":"https:\/\/iguanasmoke.com\/producto\/pack-vaper-degustacion-sativanol-y-10-oh\/#breadcrumb","itemListElement":[{"@type":"ListItem","position":1,"name":"home","item":"https:\/\/iguanasmoke.com\/"},{"@type":"ListItem","position":2,"name":"Tienda","item":"https:\/\/iguanasmoke.com\/tienda\/"},{"@type":"ListItem","position":3,"name":"Packs y Ofertas","item":"https:\/\/iguanasmoke.com\/categoria\/packs-y-ofertas-cbd\/"},{"@type":"ListItem","position":4,"name":"Pack 2 Vaper Degustaci\u00f3n Sativanol y 10OH"}]},{"@type":"WebSite","@id":"https:\/\/iguanasmoke.com\/#website","url":"https:\/\/iguanasmoke.com\/","name":"Fumo de Iguana","description":"Comprar CBD online ao melhor pre\u00e7o","publisher":{"@id":"https:\/\/iguanasmoke.com\/#organization"},"potentialAction":[{"@type":"SearchAction","target":{"@type":"EntryPoint","urlTemplate":"https:\/\/iguanasmoke.com\/?s={search_term_string}"},"query-input":{"@type":"PropertyValueSpecification","valueRequired":true,"valueName":"search_term_string"}}],"inLanguage":"pt-PT"},{"@type":"Organization","@id":"https:\/\/iguanasmoke.com\/#organization","name":"Fumo de Iguana","url":"https:\/\/iguanasmoke.com\/","logo":{"@type":"ImageObject","inLanguage":"pt-PT","@id":"https:\/\/iguanasmoke.com\/#\/schema\/logo\/image\/","url":"https:\/\/iguanasmoke.com\/wp-content\/uploads\/2025\/01\/logoiguana-favi-1.png","contentUrl":"https:\/\/iguanasmoke.com\/wp-content\/uploads\/2025\/01\/logoiguana-favi-1.png","width":512,"height":512,"caption":"Iguana Smoke"},"image":{"@id":"https:\/\/iguanasmoke.com\/#\/schema\/logo\/image\/"},"sameAs":["https:\/\/www.facebook.com\/iguanasmoke","https:\/\/www.instagram.com\/iguanasmoke\/"]}]},"product_brand":"composite","product_price_amount":"60.00","product_price_currency":"EUR","og_availability":"instock","product_availability":"instock","product_retailer_item_id":"IS-PACKSPACEVAPE2","product_condition":"new"},"_links":{"self":[{"href":"https:\/\/iguanasmoke.com\/pt\/wp-json\/wp\/v2\/product\/59900","targetHints":{"allow":["GET"]}}],"collection":[{"href":"https:\/\/iguanasmoke.com\/pt\/wp-json\/wp\/v2\/product"}],"about":[{"href":"https:\/\/iguanasmoke.com\/pt\/wp-json\/wp\/v2\/types\/product"}],"replies":[{"embeddable":true,"href":"https:\/\/iguanasmoke.com\/pt\/wp-json\/wp\/v2\/comments?post=59900"}],"wp:featuredmedia":[{"embeddable":true,"href":"https:\/\/iguanasmoke.com\/pt\/wp-json\/wp\/v2\/media\/76827"}],"wp:attachment":[{"href":"https:\/\/iguanasmoke.com\/pt\/wp-json\/wp\/v2\/media?parent=59900"}],"wp:term":[{"taxonomy":"product_brand","embeddable":true,"href":"https:\/\/iguanasmoke.com\/pt\/wp-json\/wp\/v2\/product_brand?post=59900"},{"taxonomy":"product_cat","embeddable":true,"href":"https:\/\/iguanasmoke.com\/pt\/wp-json\/wp\/v2\/product_cat?post=59900"},{"taxonomy":"product_tag","embeddable":true,"href":"https:\/\/iguanasmoke.com\/pt\/wp-json\/wp\/v2\/product_tag?post=59900"}],"curies":[{"name":"wp","href":"https:\/\/api.w.org\/{rel}","templated":true}]}}